{"id":469,"date":"2024-12-10T08:34:34","date_gmt":"2024-12-10T08:34:34","guid":{"rendered":"https:\/\/fmp-components.com\/?page_id=8"},"modified":"2024-12-10T08:53:20","modified_gmt":"2024-12-10T08:53:20","slug":"small-excavator-cylinder","status":"publish","type":"product","link":"https:\/\/fmp-components.com\/pl\/product\/small-excavator-cylinder\/","title":{"rendered":"Ma\u0142y cylinder koparki"},"content":{"rendered":"<p style=\"text-align: center;\"><span style=\"font-size: 18pt;\">Ma\u0142y cylinder koparki<\/span><\/p>\n<p>Ma\u0142y si\u0142ownik koparki to kluczowy element hydrauliczny zaprojektowany w celu optymalizacji wydajno\u015bci ma\u0142ych koparek w r\u00f3\u017cnych pracach budowlanych i wykopaliskowych. Zaprojektowany z my\u015bl\u0105 o trwa\u0142o\u015bci i wydajno\u015bci, si\u0142ownik ten u\u0142atwia wykonywanie niezb\u0119dnych ruch\u00f3w, takich jak podnoszenie, kopanie i manewrowanie, zapewniaj\u0105c precyzj\u0119 dzia\u0142ania.<\/p>\n<p><img loading=\"lazy\" decoding=\"async\" class=\"size-full wp-image-483 aligncenter\" src=\"https:\/\/fmp-components.com\/wp-content\/uploads\/2024\/12\/Small-Excavator-Cylinder.webp\" alt=\"Ma\u0142y cylinder koparki\" width=\"760\" height=\"533\" title=\"\" srcset=\"https:\/\/fmp-components.com\/wp-content\/uploads\/2024\/12\/Small-Excavator-Cylinder.webp 760w, https:\/\/fmp-components.com\/wp-content\/uploads\/2024\/12\/Small-Excavator-Cylinder-480x337.webp 480w\" sizes=\"(min-width: 0px) and (max-width: 480px) 480px, (min-width: 481px) 760px, 100vw\" \/><\/p>\n<h4>G\u0142\u00f3wne cechy:<\/h4>\n<ul>\n<li>Solidna konstrukcja: Wykonany z materia\u0142\u00f3w o wysokiej wytrzyma\u0142o\u015bci, ma\u0142y cylinder koparki jest w stanie wytrzyma\u0107 trudne warunki panuj\u0105ce na placach budowy, zapewniaj\u0105c d\u0142ugotrwa\u0142\u0105 niezawodno\u015b\u0107 i wydajno\u015b\u0107.<\/li>\n<li>Wszechstronna funkcjonalno\u015b\u0107: Ten si\u0142ownik obs\u0142uguje r\u00f3\u017cne funkcje, w tym obs\u0142ug\u0119 wysi\u0119gnika, ramienia, \u0142y\u017cki i osprz\u0119tu, co sprawia, \u017ce \u200b\u200bjest integraln\u0105 cz\u0119\u015bci\u0105 og\u00f3lnej obs\u0142ugi koparki.<\/li>\n<li>Wydajne dzia\u0142anie uk\u0142adu hydraulicznego: Zaprojektowany z my\u015bl\u0105 o p\u0142ynnej i responsywnej pracy, uk\u0142ad hydrauliczny pozwala operatorom wykonywa\u0107 zadania z precyzj\u0105, zwi\u0119kszaj\u0105c wydajno\u015b\u0107 kopania, wyr\u00f3wnywania terenu i transportu materia\u0142\u00f3w.<\/li>\n<li>Kompaktowa konstrukcja: Kompaktowa konstrukcja cylindra pozwala na \u0142atw\u0105 integracj\u0119 z ma\u0142ymi koparkami, zwi\u0119kszaj\u0105c ich zwrotno\u015b\u0107 w ciasnych przestrzeniach, przy jednoczesnym zachowaniu solidnej wydajno\u015bci.<\/li>\n<li>Niskie wymagania konserwacyjne: Ma\u0142y cylinder koparki, zbudowany z my\u015bl\u0105 o trwa\u0142o\u015bci, wymaga minimalnej konserwacji, co ogranicza przestoje i przyczynia si\u0119 do og\u00f3lnej wydajno\u015bci operacji.<\/li>\n<\/ul>\n<p>Ma\u0142y cylinder koparki to niezb\u0119dny element zwi\u0119kszaj\u0105cy funkcjonalno\u015b\u0107 i wszechstronno\u015b\u0107 ma\u0142ych koparek, dzi\u0119ki czemu staj\u0105 si\u0119 one skutecznymi narz\u0119dziami do szerokiej gamy zastosowa\u0144 w budownictwie, kszta\u0142towaniu krajobrazu i wykopaliskach.<\/p>\n<h2>Specyfikacja ma\u0142ego cylindra ramienia koparki:<\/h2>\n<p>Si\u0142ownik ramienia, znany r\u00f3wnie\u017c jako si\u0142ownik ramienia, odpowiada za wysuwanie i wsuwanie ramienia koparki. Si\u0142ownik ten zapewnia si\u0142\u0119 niezb\u0119dn\u0105 do podnoszenia i opuszczania ramienia, umo\u017cliwiaj\u0105c precyzyjne ruchy podczas kopania i przenoszenia materia\u0142\u00f3w.<\/p>\n<h2><img loading=\"lazy\" decoding=\"async\" class=\"size-full wp-image-471 aligncenter\" src=\"https:\/\/fmp-components.com\/wp-content\/uploads\/2024\/12\/Small-Excavator-Cylinder1.webp\" alt=\"Ma\u0142y cylinder koparki\" width=\"500\" height=\"200\" title=\"\" srcset=\"https:\/\/fmp-components.com\/wp-content\/uploads\/2024\/12\/Small-Excavator-Cylinder1.webp 500w, https:\/\/fmp-components.com\/wp-content\/uploads\/2024\/12\/Small-Excavator-Cylinder1-480x192.webp 480w\" sizes=\"(min-width: 0px) and (max-width: 480px) 480px, (min-width: 481px) 500px, 100vw\" \/><\/h2>\n<table style=\"width: 100%;\" border=\"1\" width=\"100%\" cellspacing=\"0\" cellpadding=\"0\">\n<tbody>\n<tr>\n<td>Nazwa produktu<\/td>\n<td>Ma\u0142y cylinder koparki<\/td>\n<\/tr>\n<tr>\n<td>Cechy:<\/td>\n<td>Kontroluj ruch przedramienia<\/td>\n<\/tr>\n<tr>\n<td>\u015arednica otworu:<\/td>\n<td>50 mm\uff5e115 mm<\/td>\n<\/tr>\n<tr>\n<td>\u015arednica pr\u0119ta:<\/td>\n<td>25 mm\uff5e70 mm<br \/>\nSkok \u22641000 mm<\/td>\n<\/tr>\n<tr>\n<td>Si\u0142a ci\u0105gu:<\/td>\n<td>Maksymalnie 305 kN<\/td>\n<\/tr>\n<tr>\n<td>\u015arednica otworu:<\/td>\n<td>115 mm\/ci\u015bnienie 29,4 MPa)<\/td>\n<\/tr>\n<\/tbody>\n<\/table>\n<h2><\/h2>\n<h2><img loading=\"lazy\" decoding=\"async\" class=\"alignnone size-full wp-image-472\" src=\"https:\/\/fmp-components.com\/wp-content\/uploads\/2024\/12\/Small-Excavator-Cylinder1-1.webp\" alt=\"Ma\u0142y cylinder koparki\" width=\"828\" height=\"416\" title=\"\" srcset=\"https:\/\/fmp-components.com\/wp-content\/uploads\/2024\/12\/Small-Excavator-Cylinder1-1.webp 828w, https:\/\/fmp-components.com\/wp-content\/uploads\/2024\/12\/Small-Excavator-Cylinder1-1-480x241.webp 480w\" sizes=\"(min-width: 0px) and (max-width: 480px) 480px, (min-width: 481px) 828px, 100vw\" \/><\/h2>\n<h2>Specyfikacja cylindra \u0142y\u017cki ma\u0142ej koparki:<\/h2>\n<p>Si\u0142ownik \u0142y\u017cki nap\u0119dza \u0142y\u017ck\u0119 koparki, umo\u017cliwiaj\u0105c jej przechylanie i zrzucanie materia\u0142\u00f3w. Si\u0142ownik ten jest niezb\u0119dny do kopania, nabierania i za\u0142adunku, zapewniaj\u0105c moc niezb\u0119dn\u0105 do efektywnego manipulowania \u0142y\u017ck\u0105.<\/p>\n<h2><img loading=\"lazy\" decoding=\"async\" class=\"size-full wp-image-473 aligncenter\" src=\"https:\/\/fmp-components.com\/wp-content\/uploads\/2024\/12\/Small-Excavator-Cylinder2.webp\" alt=\"Ma\u0142y cylinder koparki\" width=\"500\" height=\"200\" title=\"\" srcset=\"https:\/\/fmp-components.com\/wp-content\/uploads\/2024\/12\/Small-Excavator-Cylinder2.webp 500w, https:\/\/fmp-components.com\/wp-content\/uploads\/2024\/12\/Small-Excavator-Cylinder2-480x192.webp 480w\" sizes=\"(min-width: 0px) and (max-width: 480px) 480px, (min-width: 481px) 500px, 100vw\" \/><\/h2>\n<table style=\"width: 100%;\" border=\"1\" width=\"100%\" cellspacing=\"0\" cellpadding=\"0\">\n<tbody>\n<tr>\n<td>Nazwa produktu<\/td>\n<td>Ma\u0142y cylinder \u0142y\u017cki koparki<\/td>\n<\/tr>\n<tr>\n<td>Cechy:<\/td>\n<td>Kontroluj dzia\u0142anie wiadra<\/td>\n<\/tr>\n<tr>\n<td>\u015arednica otworu:<\/td>\n<td>50 mm\uff5e105 mm<\/td>\n<\/tr>\n<tr>\n<td>\u015arednica pr\u0119ta:<\/td>\n<td>25 mm\uff5e70 mm<br \/>\nSkok \u22641000 mm<\/td>\n<\/tr>\n<tr>\n<td>Si\u0142a ci\u0105gu:<\/td>\n<td>Maksymalnie 255 kN<\/td>\n<\/tr>\n<tr>\n<td>\u015arednica otworu:<\/td>\n<td>105 mm\/ci\u015bnienie 29,4 MPa<\/td>\n<\/tr>\n<\/tbody>\n<\/table>\n<h2><\/h2>\n<h2><img loading=\"lazy\" decoding=\"async\" class=\"alignnone size-full wp-image-474\" src=\"https:\/\/fmp-components.com\/wp-content\/uploads\/2024\/12\/Small-Excavator-Cylinder2-1.webp\" alt=\"Ma\u0142y cylinder koparki\" width=\"847\" height=\"410\" title=\"\" srcset=\"https:\/\/fmp-components.com\/wp-content\/uploads\/2024\/12\/Small-Excavator-Cylinder2-1.webp 847w, https:\/\/fmp-components.com\/wp-content\/uploads\/2024\/12\/Small-Excavator-Cylinder2-1-480x232.webp 480w\" sizes=\"(min-width: 0px) and (max-width: 480px) 480px, (min-width: 481px) 847px, 100vw\" \/><\/h2>\n<h2>Specyfikacja cylindra wysi\u0119gnika ma\u0142ej koparki:<\/h2>\n<p>Si\u0142ownik wysi\u0119gnika steruje ruchem wysi\u0119gnika koparki, umo\u017cliwiaj\u0105c jego podnoszenie i opuszczanie. Si\u0142ownik ten jest niezb\u0119dny do osi\u0105gania r\u00f3\u017cnych wysoko\u015bci i g\u0142\u0119boko\u015bci, umo\u017cliwiaj\u0105c koparce precyzyjne wykonywanie r\u00f3\u017cnorodnych zada\u0144.<\/p>\n<h2><img loading=\"lazy\" decoding=\"async\" class=\"size-full wp-image-475 aligncenter\" src=\"https:\/\/fmp-components.com\/wp-content\/uploads\/2024\/12\/Small-Excavator-Cylinder3.webp\" alt=\"Ma\u0142y cylinder koparki\" width=\"500\" height=\"200\" title=\"\" srcset=\"https:\/\/fmp-components.com\/wp-content\/uploads\/2024\/12\/Small-Excavator-Cylinder3.webp 500w, https:\/\/fmp-components.com\/wp-content\/uploads\/2024\/12\/Small-Excavator-Cylinder3-480x192.webp 480w\" sizes=\"(min-width: 0px) and (max-width: 480px) 480px, (min-width: 481px) 500px, 100vw\" \/><\/h2>\n<table style=\"width: 100%;\" border=\"1\" width=\"100%\" cellspacing=\"0\" cellpadding=\"0\">\n<tbody>\n<tr>\n<td>Nazwa produktu<\/td>\n<td>Ma\u0142y si\u0142ownik wysi\u0119gnika koparki<\/td>\n<\/tr>\n<tr>\n<td>Cechy:<\/td>\n<td>Kontroluj ruch podnoszenia du\u017cego ramienia<\/td>\n<\/tr>\n<tr>\n<td>\u015arednica otworu:<\/td>\n<td>50 mm\uff5e125 mm<\/td>\n<\/tr>\n<tr>\n<td>\u015arednica pr\u0119ta:<\/td>\n<td>25 mm\uff5e75 mm<br \/>\nSkok \u22641000 mm<\/td>\n<\/tr>\n<tr>\n<td>Si\u0142a ci\u0105gu:<\/td>\n<td>Maksymalnie 361 kN<\/td>\n<\/tr>\n<tr>\n<td>\u015arednica otworu:<\/td>\n<td>125 mm\/ci\u015bnienie 29,4 MPa<\/td>\n<\/tr>\n<\/tbody>\n<\/table>\n<h2><\/h2>\n<h2><img loading=\"lazy\" decoding=\"async\" class=\"alignnone size-full wp-image-476\" src=\"https:\/\/fmp-components.com\/wp-content\/uploads\/2024\/12\/Small-Excavator-Cylinder3-1.webp\" alt=\"Ma\u0142y cylinder koparki\" width=\"874\" height=\"394\" title=\"\" srcset=\"https:\/\/fmp-components.com\/wp-content\/uploads\/2024\/12\/Small-Excavator-Cylinder3-1.webp 874w, https:\/\/fmp-components.com\/wp-content\/uploads\/2024\/12\/Small-Excavator-Cylinder3-1-480x216.webp 480w\" sizes=\"(min-width: 0px) and (max-width: 480px) 480px, (min-width: 481px) 874px, 100vw\" \/><\/h2>\n<h2>Specyfikacja cylindra spychacza ma\u0142ej koparki:<\/h2>\n<p>Si\u0142ownik spychaj\u0105cy s\u0142u\u017cy do sterowania lemieszem koparki, umo\u017cliwiaj\u0105c precyzyjne wyr\u00f3wnywanie i profilowanie terenu. Si\u0142ownik ten zwi\u0119ksza wszechstronno\u015b\u0107 koparki, dzi\u0119ki czemu nadaje si\u0119 ona do zada\u0144 takich jak przygotowanie terenu i roboty ziemne.<\/p>\n<h2><img loading=\"lazy\" decoding=\"async\" class=\"size-full wp-image-477 aligncenter\" src=\"https:\/\/fmp-components.com\/wp-content\/uploads\/2024\/12\/Small-Excavator-Cylinder4.webp\" alt=\"Ma\u0142y cylinder koparki\" width=\"500\" height=\"200\" title=\"\" srcset=\"https:\/\/fmp-components.com\/wp-content\/uploads\/2024\/12\/Small-Excavator-Cylinder4.webp 500w, https:\/\/fmp-components.com\/wp-content\/uploads\/2024\/12\/Small-Excavator-Cylinder4-480x192.webp 480w\" sizes=\"(min-width: 0px) and (max-width: 480px) 480px, (min-width: 481px) 500px, 100vw\" \/><\/h2>\n<table style=\"width: 100%;\" border=\"1\" width=\"100%\" cellspacing=\"0\" cellpadding=\"0\">\n<tbody>\n<tr>\n<td>Nazwa produktu<\/td>\n<td>Ma\u0142y cylinder spychaj\u0105cy koparki<\/td>\n<\/tr>\n<tr>\n<td>Cechy:<\/td>\n<td>Kontroluj dzia\u0142anie buldo\u017cera<\/td>\n<\/tr>\n<tr>\n<td>\u015arednica otworu:<\/td>\n<td>50 mm\uff5e140 mm<\/td>\n<\/tr>\n<tr>\n<td>\u015arednica pr\u0119ta:<\/td>\n<td>25 mm\uff5e80 mm<br \/>\nSkok \u2264250 mm<\/td>\n<\/tr>\n<tr>\n<td>Si\u0142a ci\u0105gu:<\/td>\n<td>Maksymalnie 453 kN<\/td>\n<\/tr>\n<tr>\n<td>\u015arednica otworu:<\/td>\n<td>140 mm\/ci\u015bnienie 29,4 MPa<\/td>\n<\/tr>\n<\/tbody>\n<\/table>\n<h2><\/h2>\n<h2><img loading=\"lazy\" decoding=\"async\" class=\"alignnone size-full wp-image-478\" src=\"https:\/\/fmp-components.com\/wp-content\/uploads\/2024\/12\/Small-Excavator-Cylinder4-1.webp\" alt=\"Ma\u0142y cylinder koparki\" width=\"847\" height=\"401\" title=\"\" srcset=\"https:\/\/fmp-components.com\/wp-content\/uploads\/2024\/12\/Small-Excavator-Cylinder4-1.webp 847w, https:\/\/fmp-components.com\/wp-content\/uploads\/2024\/12\/Small-Excavator-Cylinder4-1-480x227.webp 480w\" sizes=\"(min-width: 0px) and (max-width: 480px) 480px, (min-width: 481px) 847px, 100vw\" \/><\/h2>\n<h2>Specyfikacja si\u0142ownika obrotowego ma\u0142ej koparki:<\/h2>\n<p>Si\u0142ownik obrotowy zapewnia ruch obrotowy osprz\u0119tu, takiego jak \u015bwidry czy chwytaki. Ten element umo\u017cliwia koparce wykonywanie zada\u0144 wymagaj\u0105cych ruch\u00f3w obrotowych lub obrotowych, zwi\u0119kszaj\u0105c jej elastyczno\u015b\u0107 operacyjn\u0105.<\/p>\n<h2><img loading=\"lazy\" decoding=\"async\" class=\"size-full wp-image-479 aligncenter\" src=\"https:\/\/fmp-components.com\/wp-content\/uploads\/2024\/12\/Small-Excavator-Cylinder5.webp\" alt=\"Ma\u0142y cylinder koparki\" width=\"500\" height=\"200\" title=\"\" srcset=\"https:\/\/fmp-components.com\/wp-content\/uploads\/2024\/12\/Small-Excavator-Cylinder5.webp 500w, https:\/\/fmp-components.com\/wp-content\/uploads\/2024\/12\/Small-Excavator-Cylinder5-480x192.webp 480w\" sizes=\"(min-width: 0px) and (max-width: 480px) 480px, (min-width: 481px) 500px, 100vw\" \/><\/h2>\n<table style=\"width: 100%;\" border=\"1\" width=\"100%\" cellspacing=\"0\" cellpadding=\"0\">\n<tbody>\n<tr style=\"height: 23px;\">\n<td style=\"height: 23px;\">Nazwa produktu<\/td>\n<td style=\"height: 23px;\">Ma\u0142y si\u0142ownik obrotowy koparki<\/td>\n<\/tr>\n<tr style=\"height: 23px;\">\n<td style=\"height: 23px;\">Cechy:<\/td>\n<td style=\"height: 23px;\">Odchylenie du\u017cego ramienia<\/td>\n<\/tr>\n<tr style=\"height: 23px;\">\n<td style=\"height: 23px;\">\u015arednica otworu:<\/td>\n<td style=\"height: 23px;\">50 mm\uff5e120 mm<\/td>\n<\/tr>\n<tr style=\"height: 47px;\">\n<td style=\"height: 47px;\">\u015arednica pr\u0119ta:<\/td>\n<td style=\"height: 47px;\">25 mm\uff5e75 mm<br \/>\nSkok \u22641000 mm<\/td>\n<\/tr>\n<tr style=\"height: 23px;\">\n<td style=\"height: 23px;\">Si\u0142a ci\u0105gu:<\/td>\n<td style=\"height: 23px;\">Maksymalnie 333 kN<\/td>\n<\/tr>\n<tr style=\"height: 23px;\">\n<td style=\"height: 23px;\">\u015arednica otworu:<\/td>\n<td style=\"height: 23px;\">120 mm\/ci\u015bnienie 29,4 MPa<\/td>\n<\/tr>\n<\/tbody>\n<\/table>\n<h2><\/h2>\n<h2><img loading=\"lazy\" decoding=\"async\" class=\"alignnone size-full wp-image-480\" src=\"https:\/\/fmp-components.com\/wp-content\/uploads\/2024\/12\/Small-Excavator-Cylinder5-1.webp\" alt=\"Ma\u0142y cylinder koparki\" width=\"849\" height=\"392\" title=\"\" srcset=\"https:\/\/fmp-components.com\/wp-content\/uploads\/2024\/12\/Small-Excavator-Cylinder5-1.webp 849w, https:\/\/fmp-components.com\/wp-content\/uploads\/2024\/12\/Small-Excavator-Cylinder5-1-480x222.webp 480w\" sizes=\"(min-width: 0px) and (max-width: 480px) 480px, (min-width: 481px) 849px, 100vw\" \/><\/h2>\n<h2>O FMP<\/h2>\n<p>FMP to wyspecjalizowana firma produkcyjna specjalizuj\u0105ca si\u0119 w produkcji si\u0142ownik\u00f3w hydraulicznych. Od momentu powstania firma koncentruje si\u0119 na badaniach i produkcji w dziedzinie technologii hydraulicznych, z powodzeniem przechodz\u0105c od zr\u00f3\u017cnicowanego asortymentu produkt\u00f3w, obejmuj\u0105cego maszyny do zbior\u00f3w i maszyny budowlane, do specjalizacji w produkcji podzespo\u0142\u00f3w do ci\u0105gnik\u00f3w rolniczych. Dzi\u0119ki ponad dziesi\u0119cioletniemu do\u015bwiadczeniu w produkcji i zarz\u0105dzaniu, FMP gwarantuje wysok\u0105 jako\u015b\u0107 produkt\u00f3w dzi\u0119ki zaawansowanym technikom produkcyjnym.<\/p>\n<p>Wraz z rozwojem firmy, rozwin\u0119li\u015bmy kompleksow\u0105 lini\u0119 produkcyjn\u0105 do obr\u00f3bki mechanicznej, lini\u0119 monta\u017cow\u0105 oraz lini\u0119 do powlekania. Nasz zesp\u00f3\u0142 sk\u0142ada si\u0119 z wykwalifikowanej kadry kierowniczej, do\u015bwiadczonych projektant\u00f3w mechanik\u00f3w oraz wysoko wykwalifikowanych technik\u00f3w, kt\u00f3rzy wsp\u00f3lnie dbaj\u0105 o utrzymanie stabilnej jako\u015bci produkcji, jednocze\u015bnie skutecznie kontroluj\u0105c ci\u0105g\u0142o\u015b\u0107 i wydajno\u015b\u0107 procesu.<\/p>\n<p>FMP wyznaje filozofi\u0119 \u201eInnowacje technologiczne nap\u0119dzaj\u0105 post\u0119p, jako\u015b\u0107 tworzy marki, rzemios\u0142o zapewnia jako\u015b\u0107 i buduje d\u0142ugoterminowe relacje korzystne dla obu stron\u201d. Nasze zaanga\u017cowanie w dostarczanie wysokiej jako\u015bci produkt\u00f3w i \u015bwiadczenie najwy\u017cszej jako\u015bci obs\u0142ugi klienta pozostaje naszym kluczowym celem, poniewa\u017c wci\u0105\u017c staramy si\u0119 sprosta\u0107 zmieniaj\u0105cym si\u0119 potrzebom rynku.<\/p>\n<p><img loading=\"lazy\" decoding=\"async\" class=\"alignnone size-full wp-image-426\" src=\"https:\/\/fmp-components.com\/wp-content\/uploads\/2024\/12\/Sanitation-Machinery-Locking-Hydraulic-Cylinder-factory.webp\" sizes=\"(min-width: 0px) and (max-width: 480px) 480px, (min-width: 481px) and (max-width: 980px) 980px, (min-width: 981px) and (max-width: 1280px) 1280px, (min-width: 1281px) 1414px, 100vw\" srcset=\"https:\/\/fmp-components.com\/wp-content\/uploads\/2024\/12\/Sanitation-Machinery-Locking-Hydraulic-Cylinder-factory.webp 1414w, https:\/\/fmp-components.com\/wp-content\/uploads\/2024\/12\/Sanitation-Machinery-Locking-Hydraulic-Cylinder-factory-1280x529.webp 1280w, https:\/\/fmp-components.com\/wp-content\/uploads\/2024\/12\/Sanitation-Machinery-Locking-Hydraulic-Cylinder-factory-980x405.webp 980w, https:\/\/fmp-components.com\/wp-content\/uploads\/2024\/12\/Sanitation-Machinery-Locking-Hydraulic-Cylinder-factory-480x198.webp 480w\" alt=\"Sanitacja-Maszyny-Blokady-Hydrauliczne-Fabryka-Cylinder\u00f3w\" width=\"1414\" height=\"584\" title=\"\"><\/p>\n<p>Autor: CX<\/p>","protected":false},"excerpt":{"rendered":"<p>Ma\u0142y si\u0142ownik koparki to kluczowy element hydrauliczny, zaprojektowany w celu zapewnienia du\u017cej mocy i precyzji ruchu ma\u0142ych koparek. Si\u0142ownik ten zosta\u0142 zaprojektowany z my\u015bl\u0105 o u\u0142atwieniu wykonywania r\u00f3\u017cnych funkcji, takich jak podnoszenie, kopanie i przechylanie, zapewniaj\u0105c wydajn\u0105 prac\u0119 maszyny. Wykonany z materia\u0142\u00f3w o wysokiej wytrzyma\u0142o\u015bci, jest odporny na trudne warunki panuj\u0105ce na placach budowy i wykop\u00f3w, oferuj\u0105c trwa\u0142o\u015b\u0107 i niezawodno\u015b\u0107. Kompaktowa konstrukcja umo\u017cliwia \u0142atw\u0105 integracj\u0119 z ma\u0142ymi koparkami, co przek\u0142ada si\u0119 na lepsz\u0105 manewrowo\u015b\u0107 w ciasnych przestrzeniach. Dzi\u0119ki wydajnej pracy uk\u0142adu hydraulicznego, ma\u0142y si\u0142ownik koparki odgrywa kluczow\u0105 rol\u0119 w optymalizacji mo\u017cliwo\u015bci maszyny w szerokim zakresie zastosowa\u0144.<\/p>","protected":false},"featured_media":470,"comment_status":"open","ping_status":"closed","template":"","meta":{"_et_pb_use_builder":"","_et_pb_old_content":"","_et_gb_content_width":""},"product_brand":[],"product_cat":[25],"product_tag":[],"class_list":{"0":"post-469","1":"product","2":"type-product","3":"status-publish","4":"has-post-thumbnail","6":"product_cat-mobile-machinery-hydraulic-cylinder","8":"first","9":"instock","10":"shipping-taxable","11":"product-type-simple"},"_links":{"self":[{"href":"https:\/\/fmp-components.com\/pl\/wp-json\/wp\/v2\/product\/469","targetHints":{"allow":["GET"]}}],"collection":[{"href":"https:\/\/fmp-components.com\/pl\/wp-json\/wp\/v2\/product"}],"about":[{"href":"https:\/\/fmp-components.com\/pl\/wp-json\/wp\/v2\/types\/product"}],"replies":[{"embeddable":true,"href":"https:\/\/fmp-components.com\/pl\/wp-json\/wp\/v2\/comments?post=469"}],"wp:featuredmedia":[{"embeddable":true,"href":"https:\/\/fmp-components.com\/pl\/wp-json\/wp\/v2\/media\/470"}],"wp:attachment":[{"href":"https:\/\/fmp-components.com\/pl\/wp-json\/wp\/v2\/media?parent=469"}],"wp:term":[{"taxonomy":"product_brand","embeddable":true,"href":"https:\/\/fmp-components.com\/pl\/wp-json\/wp\/v2\/product_brand?post=469"},{"taxonomy":"product_cat","embeddable":true,"href":"https:\/\/fmp-components.com\/pl\/wp-json\/wp\/v2\/product_cat?post=469"},{"taxonomy":"product_tag","embeddable":true,"href":"https:\/\/fmp-components.com\/pl\/wp-json\/wp\/v2\/product_tag?post=469"}],"curies":[{"name":"wp","href":"https:\/\/api.w.org\/{rel}","templated":true}]}}