{"id":452,"date":"2024-12-10T07:23:50","date_gmt":"2024-12-10T07:23:50","guid":{"rendered":"https:\/\/fmp-components.com\/?page_id=8"},"modified":"2024-12-10T07:26:39","modified_gmt":"2024-12-10T07:26:39","slug":"crane-pin-hydraulic-cylinder","status":"publish","type":"product","link":"https:\/\/fmp-components.com\/pl\/product\/crane-pin-hydraulic-cylinder\/","title":{"rendered":"Si\u0142ownik hydrauliczny sworznia d\u017awigu"},"content":{"rendered":"<p style=\"text-align: center;\"><span style=\"font-size: 18pt;\">Si\u0142ownik hydrauliczny sworznia d\u017awigu<\/span><\/p>\n<p>Si\u0142ownik hydrauliczny sworzni d\u017awigowych to niezb\u0119dny element zaprojektowany w celu u\u0142atwienia precyzyjnego ruchu i bezpiecznego blokowania sworzni w r\u00f3\u017cnych zastosowaniach d\u017awigowych. Ten si\u0142ownik hydrauliczny zapewnia niezawodn\u0105 si\u0142\u0119 do zaz\u0119biania i roz\u0142\u0105czania sworzni \u0142\u0105cz\u0105cych r\u00f3\u017cne elementy d\u017awigu, gwarantuj\u0105c stabilno\u015b\u0107 i bezpiecze\u0144stwo podczas operacji podnoszenia.<\/p>\n<p><img loading=\"lazy\" decoding=\"async\" class=\"size-full wp-image-453 aligncenter\" src=\"https:\/\/fmp-components.com\/wp-content\/uploads\/2024\/12\/Crane-Pin-Hydraulic-Cylinder.jpg\" alt=\"Si\u0142ownik hydrauliczny sworznia d\u017awigu\" width=\"500\" height=\"500\" title=\"\" srcset=\"https:\/\/fmp-components.com\/wp-content\/uploads\/2024\/12\/Crane-Pin-Hydraulic-Cylinder.jpg 500w, https:\/\/fmp-components.com\/wp-content\/uploads\/2024\/12\/Crane-Pin-Hydraulic-Cylinder-480x480.jpg 480w\" sizes=\"(min-width: 0px) and (max-width: 480px) 480px, (min-width: 481px) 500px, 100vw\" \/><\/p>\n<h4>G\u0142\u00f3wne cechy:<\/h4>\n<ul>\n<li>Trwa\u0142a konstrukcja: Wykonany z materia\u0142\u00f3w o wysokiej wytrzyma\u0142o\u015bci si\u0142ownik hydrauliczny sworznia d\u017awigu jest tak skonstruowany, aby wytrzymywa\u0107 trudne warunki panuj\u0105ce w budownictwie i \u015brodowiskach podnoszenia ci\u0119\u017car\u00f3w, zapewniaj\u0105c d\u0142ugotrwa\u0142\u0105 wytrzyma\u0142o\u015b\u0107 i niezawodno\u015b\u0107.<\/li>\n<li>P\u0142ynna praca: Zaawansowany uk\u0142ad hydrauliczny pozwala na p\u0142ynne i kontrolowane ruchy, umo\u017cliwiaj\u0105c szybkie i wydajne zaczepianie i rozczepianie sworzni, co zwi\u0119ksza og\u00f3ln\u0105 funkcjonalno\u015b\u0107 d\u017awigu.<\/li>\n<li>Zwi\u0119kszone bezpiecze\u0144stwo: Zapewniaj\u0105c bezpieczne zaz\u0119bianie si\u0119 sworzni, ten si\u0142ownik hydrauliczny pomaga zachowa\u0107 stabilno\u015b\u0107 podzespo\u0142\u00f3w d\u017awigu w trakcie pracy, zmniejszaj\u0105c ryzyko wypadk\u00f3w i zwi\u0119kszaj\u0105c bezpiecze\u0144stwo operator\u00f3w i personelu na placu budowy.<\/li>\n<li>Wszechstronne zastosowanie: odpowiedni do szerokiej gamy d\u017awig\u00f3w i urz\u0105dze\u0144 d\u017awigowych, si\u0142ownik hydrauliczny sworzniowy mo\u017cna \u0142atwo zintegrowa\u0107 z istniej\u0105cymi systemami, co czyni go wszechstronnym rozwi\u0105zaniem do r\u00f3\u017cnych zada\u0144 zwi\u0105zanych z podnoszeniem i budownictwem.<\/li>\n<li>Niskie wymagania konserwacyjne: Ten si\u0142ownik hydrauliczny zosta\u0142 zaprojektowany z my\u015bl\u0105 o wydajno\u015bci i trwa\u0142o\u015bci. Wymaga minimalnej konserwacji, co przyczynia si\u0119 do skr\u00f3cenia przestoj\u00f3w i zwi\u0119kszenia wydajno\u015bci.<\/li>\n<\/ul>\n<p>Si\u0142ownik hydrauliczny sworznia d\u017awigowego to kluczowy element zwi\u0119kszaj\u0105cy wydajno\u015b\u0107, bezpiecze\u0144stwo i niezawodno\u015b\u0107 d\u017awig\u00f3w. Dzi\u0119ki niemu s\u0105 one niezb\u0119dne do efektywnego podnoszenia w r\u00f3\u017cnych zastosowaniach.<\/p>\n<h2>Wymiary cylindra hydraulicznego sworznia d\u017awigu:<\/h2>\n<table style=\"width: 100%;\">\n<tbody>\n<tr>\n<td style=\"width: 45.9228%;\"><img loading=\"lazy\" decoding=\"async\" class=\"size-full wp-image-453 aligncenter\" src=\"https:\/\/fmp-components.com\/wp-content\/uploads\/2024\/12\/Crane-Pin-Hydraulic-Cylinder.jpg\" alt=\"Si\u0142ownik hydrauliczny sworznia d\u017awigu\" width=\"500\" height=\"500\" title=\"\" srcset=\"https:\/\/fmp-components.com\/wp-content\/uploads\/2024\/12\/Crane-Pin-Hydraulic-Cylinder.jpg 500w, https:\/\/fmp-components.com\/wp-content\/uploads\/2024\/12\/Crane-Pin-Hydraulic-Cylinder-480x480.jpg 480w\" sizes=\"(min-width: 0px) and (max-width: 480px) 480px, (min-width: 481px) 500px, 100vw\" \/><\/td>\n<td style=\"width: 53.4335%;\"><img loading=\"lazy\" decoding=\"async\" class=\"alignnone size-full wp-image-454\" src=\"https:\/\/fmp-components.com\/wp-content\/uploads\/2024\/12\/Crane-Pin-Hydraulic-Cylinder-Dimensions-2.webp\" alt=\"Si\u0142ownik hydrauliczny sworznia d\u017awigu\" width=\"1024\" height=\"690\" title=\"\" srcset=\"https:\/\/fmp-components.com\/wp-content\/uploads\/2024\/12\/Crane-Pin-Hydraulic-Cylinder-Dimensions-2.webp 1024w, https:\/\/fmp-components.com\/wp-content\/uploads\/2024\/12\/Crane-Pin-Hydraulic-Cylinder-Dimensions-2-980x660.webp 980w, https:\/\/fmp-components.com\/wp-content\/uploads\/2024\/12\/Crane-Pin-Hydraulic-Cylinder-Dimensions-2-480x323.webp 480w\" sizes=\"(min-width: 0px) and (max-width: 480px) 480px, (min-width: 481px) and (max-width: 980px) 980px, (min-width: 981px) 1024px, 100vw\" \/><\/td>\n<\/tr>\n<\/tbody>\n<\/table>\n<table style=\"width: 100%; height: 133px;\" border=\"1\" cellspacing=\"0\" cellpadding=\"0\">\n<tbody>\n<tr style=\"height: 71px;\">\n<td style=\"height: 71px;\" width=\"246\">Nazwa cylindra<\/td>\n<td style=\"height: 71px;\" width=\"336\">Numer rysunku<\/td>\n<td style=\"height: 71px;\" width=\"126\">\u015arednica otworu (D)<\/td>\n<td style=\"height: 71px;\" width=\"123\">\u015arednica pr\u0119ta (d)<\/td>\n<td style=\"height: 71px;\" width=\"114\">Udar (S)<\/td>\n<td style=\"height: 71px;\" width=\"170\">Odleg\u0142o\u015b\u0107 instalacji (L)<\/td>\n<td style=\"height: 71px;\" width=\"172\">Ci\u015bnienie robocze<\/td>\n<td style=\"height: 71px;\" width=\"366\">Wymiary interfejsu (M)<\/td>\n<td style=\"height: 71px;\" width=\"96\">Waga<\/td>\n<\/tr>\n<tr style=\"height: 62px;\">\n<td class=\"et3\" style=\"height: 62px;\" width=\"246\" height=\"370\">Si\u0142ownik hydrauliczny sworzniowy<\/td>\n<td class=\"et4\" style=\"height: 62px;\" width=\"336\">ZXYG14.01-00<\/td>\n<td class=\"et4\" style=\"height: 62px;\" width=\"126\">\u03a680<\/td>\n<td class=\"et4\" style=\"height: 62px;\" width=\"123\">\u03a640<\/td>\n<td class=\"et4\" style=\"height: 62px;\" width=\"114\">225<\/td>\n<td class=\"et4\" style=\"height: 62px;\" width=\"170\">440<\/td>\n<td class=\"et4\" style=\"height: 62px;\" width=\"172\">25 MPa<\/td>\n<td class=\"et4\" style=\"height: 62px;\" width=\"366\">G1\/4<\/td>\n<td class=\"et4\" style=\"height: 62px;\" width=\"96\">97,8 kg<\/td>\n<\/tr>\n<\/tbody>\n<\/table>\n<h2>Parametry si\u0142ownika hydraulicznego sworznia d\u017awigu:<\/h2>\n<table border=\"1\" width=\"100%\" cellspacing=\"0\" cellpadding=\"0\">\n<tbody>\n<tr>\n<td width=\"70\">Przedmiot<\/td>\n<td width=\"70\">Opis<\/td>\n<\/tr>\n<tr>\n<td width=\"70\">Nazwa produktu<\/td>\n<td width=\"70\">Si\u0142ownik hydrauliczny na zam\u00f3wienie<\/td>\n<\/tr>\n<tr>\n<td width=\"70\">Certyfikat:<\/td>\n<td width=\"70\">ISO9001, ISO4001, ISO 45003<\/td>\n<\/tr>\n<tr>\n<td width=\"70\">Zdolno\u015b\u0107 produkcyjna:<\/td>\n<td width=\"70\">1200 000 sztuk rocznie<\/td>\n<\/tr>\n<tr>\n<td width=\"70\">Czas pr\u00f3bki<\/td>\n<td width=\"70\">Na podstawie rzeczywistego typu<\/td>\n<\/tr>\n<tr>\n<td width=\"70\">Marka<\/td>\n<td width=\"70\">FMP lub logo klienta<\/td>\n<\/tr>\n<tr>\n<td width=\"70\">Praca<\/td>\n<td width=\"70\">OEM i ODM<\/td>\n<\/tr>\n<tr>\n<td width=\"70\">Marka piecz\u0119ci<\/td>\n<td width=\"70\">Parker,NOK, BUSAK SHAMBAN<\/td>\n<\/tr>\n<tr>\n<td width=\"70\">Czas dostawy<\/td>\n<td width=\"70\">Na podstawie wielko\u015bci zam\u00f3wienia.<\/td>\n<\/tr>\n<tr>\n<td width=\"70\">Rodzaj dzia\u0142alno\u015bci<\/td>\n<td width=\"70\">Producent i eksporter<\/td>\n<\/tr>\n<\/tbody>\n<\/table>\n<h2>Dost\u0119pne marki i modele cylindr\u00f3w hydraulicznych:<\/h2>\n<table border=\"1\" cellspacing=\"0\" cellpadding=\"0\">\n<tbody>\n<tr>\n<td><span data-spm-anchor-id=\"a2700.details.0.i43.45d84a73e99C9z\">KOMATSU (PC)<\/span><\/td>\n<td>PC30, PC40, PC50, PC56, PC60, PC78, PC100, PC110, PC120, PC130, PC160, PC200-3\/5\/6\/7\/8\/8MO, PC210, PC220-5\/6\/7\/8\/8MO, PC240, PC300\/350\/360-5\/6\/7\/8\/8MO, PC400\/450-5\/6\/7\/8\/8MO, PC800, PC850<\/td>\n<\/tr>\n<tr>\n<td>G\u0104SIENICA (E)<\/td>\n<td>E301.5, E302, E305.5, E306, E307V1\/V2\/B\/C\/D\/E\/F, E308B\/C, E120B, E312V1\/V2\/B\/C\/D, E313D2, E312D2, E315D,<br \/>\nE200B,E320V1\/V2\/A\/B\/C\/D,E324D,E325C\/D,E329D,E330\/336C\/D,E345C,E349D,E365C,E374,E390<\/td>\n<\/tr>\n<tr>\n<td>KOBELCO (SK)<\/td>\n<td>SK60-3\/5\/8, SK75-8\/SR, SK100, SK120-3\/5, SK135-8\/SR, SK140-8, SK200-3\/5\/6\/6E, SK210-3\/5\/6\/6E,<br \/>\nSK230\/250-6E, SK250-8, SK260-8, SK350-8\/S8, SK460\/480-8<\/td>\n<\/tr>\n<tr>\n<td>HYUNDAI (z prawej)<\/td>\n<td>R55-5\/7, R60-5\/7, R80, R110, R130, R200-5, R210-5, R215-5\/7, R220-5\/7\/9, R225-5\/7\/9, R250, R260, R265, R290, R305, R445, R485, R505<\/td>\n<\/tr>\n<tr>\n<td><span data-spm-anchor-id=\"a2700.details.0.i53.45d84a73e99C9z\">HITACHI (EX.ZX)<\/span><\/td>\n<td>EX60, EX100-1\/2\/3, EX120-1\/3\/5\/6, EX200-1\/3\/5, EX230-5, EX300-1, EX400<br \/>\nZAX60, ZAX70, ZA120-6, ZAX200\/210-1\/3\/5\/5K, ZAX240, ZAX250, ZAX260, ZAX330-3\/5\/6, ZAX450\/470, ZAX650\/670, ZAX850\/870<\/td>\n<\/tr>\n<tr>\n<td>\n<div class=\"magic-32\"><span data-spm-anchor-id=\"a2700.details.0.i55.45d84a73e99C9z\">DOOSAN (DH\/DX)<\/span><\/div>\n<\/td>\n<td>\n<div class=\"magic-33\"><span class=\"magic-34\">DH55, DH60, DH80, DH150, DH215-5\/7, DH220-5, DH225-5\/7, DH258, DH300-5\/7, DH370, DH420, DH500<br \/>\nDX55, DX60, DX75, DX130, DX225-9, DX300, DX380, DX420, DX500<\/span><\/div>\n<\/td>\n<\/tr>\n<tr>\n<td>\n<div class=\"magic-32\">VOLVO (WE)<\/div>\n<\/td>\n<td>\n<div class=\"magic-33\"><span class=\"magic-34\">EC55, EC60, EC75, EC80, EC140, EC210B\/D, EC220D, EC240, EC250, EC290, EC300, EC360 EC380, EC460, EC480, EC700, EC750, EC950<\/span><\/div>\n<\/td>\n<\/tr>\n<tr>\n<td>\n<div class=\"magic-32\">KATO (HD)<\/div>\n<\/td>\n<td>\n<div class=\"magic-33\"><span class=\"magic-34\">HD307\/308,HD450,HD512,HD700-5\/7,HD820-1\/2\/3\/5\/R,HD1023-1\/3,HD1430-1\/3<\/span><\/div>\n<\/td>\n<\/tr>\n<tr>\n<td>\n<div class=\"magic-32\">INNE MARKI<\/div>\n<\/td>\n<td>\n<div class=\"magic-33\"><span class=\"magic-34\">XCMG, LIUGONG, KUBOTA, CASE, YANMAR, SUNWARD, ZOOMLION, LISHIDE, LIEHERR<\/span><\/div>\n<\/td>\n<\/tr>\n<\/tbody>\n<\/table>\n<h3>Zalety cylindra hydraulicznego sworznia d\u017awigowego<\/h3>\n<h4>1. Precyzyjne zaanga\u017cowanie i wycofanie<\/h4>\n<p>Si\u0142ownik hydrauliczny sworznia \u017curawia umo\u017cliwia precyzyjn\u0105 kontrol\u0119 nad zaz\u0119bianiem i rozprz\u0119ganiem sworzni, zapewniaj\u0105c bezpieczne zablokowanie podzespo\u0142\u00f3w \u017curawia podczas pracy. Ta precyzja zwi\u0119ksza bezpiecze\u0144stwo i wydajno\u015b\u0107 operacyjn\u0105.<\/p>\n<h4>2. Zwi\u0119kszona stabilno\u015b\u0107<\/h4>\n<p>Dzi\u0119ki niezawodnym mechanizmom blokuj\u0105cym ten si\u0142ownik hydrauliczny zapewnia stabilno\u015b\u0107 podzespo\u0142\u00f3w \u017curawia podczas operacji podnoszenia. Taka stabilno\u015b\u0107 zmniejsza ryzyko wypadk\u00f3w i poprawia og\u00f3lne bezpiecze\u0144stwo operator\u00f3w i personelu w pobli\u017cu.<\/p>\n<h4>3. Trwa\u0142a konstrukcja<\/h4>\n<p>Wykonany z materia\u0142\u00f3w o wysokiej wytrzyma\u0142o\u015bci, si\u0142ownik hydrauliczny sworznia d\u017awigu zosta\u0142 zaprojektowany tak, aby sprosta\u0107 wymagaj\u0105cym warunkom panuj\u0105cym w budownictwie i przy podnoszeniu ci\u0119\u017car\u00f3w. Jego solidna konstrukcja gwarantuje d\u0142ugotrwa\u0142\u0105 trwa\u0142o\u015b\u0107 i niezawodno\u015b\u0107 w trudnych warunkach.<\/p>\n<h4>4. P\u0142ynna praca<\/h4>\n<p>Zaawansowany uk\u0142ad hydrauliczny zapewnia p\u0142ynne i kontrolowane ruchy, umo\u017cliwiaj\u0105c szybk\u0105 regulacj\u0119. Taka wydajno\u015b\u0107 zwi\u0119ksza wydajno\u015b\u0107 \u017curawia i skraca czas cyklu roboczego.<\/p>\n<h4>5. Wszechstronne zastosowanie<\/h4>\n<p>Ten si\u0142ownik hydrauliczny nadaje si\u0119 do szerokiej gamy typ\u00f3w d\u017awig\u00f3w i urz\u0105dze\u0144 podnosz\u0105cych, co czyni go wszechstronnym rozwi\u0105zaniem do r\u00f3\u017cnych zastosowa\u0144 w budownictwie, konserwacji i przemy\u015ble.<\/p>\n<h4>6. Niskie wymagania konserwacyjne<\/h4>\n<p>Konstrukcja minimalizuje zu\u017cycie, co przek\u0142ada si\u0119 na mniejsze wymagania konserwacyjne. To z kolei przek\u0142ada si\u0119 na ni\u017csze koszty operacyjne i mniej przestoj\u00f3w, co przek\u0142ada si\u0119 na og\u00f3ln\u0105 wydajno\u015b\u0107.<\/p>\n<h4>7. Efektywno\u015b\u0107 energetyczna<\/h4>\n<p>Uk\u0142ad hydrauliczny jest zoptymalizowany pod k\u0105tem zu\u017cycia energii, co pozwala na zmniejszenie zu\u017cycia energii podczas pracy. Taka wydajno\u015b\u0107 nie tylko obni\u017ca koszty operacyjne, ale tak\u017ce wspiera przyjazne dla \u015brodowiska praktyki w zakresie podnoszenia.<\/p>\n<p>Si\u0142ownik hydrauliczny sworznia d\u017awigowego oferuje szereg zalet, w tym precyzyjn\u0105 kontrol\u0119, zwi\u0119kszon\u0105 stabilno\u015b\u0107 i trwa\u0142o\u015b\u0107, co czyni go niezb\u0119dnym elementem zapewniaj\u0105cym skuteczn\u0105 i niezawodn\u0105 prac\u0119 d\u017awigu w r\u00f3\u017cnych zastosowaniach.<\/p>\n<p><img loading=\"lazy\" decoding=\"async\" class=\"alignnone size-full wp-image-447\" src=\"https:\/\/fmp-components.com\/wp-content\/uploads\/2024\/12\/Crane.webp\" alt=\"D\u017awig\" width=\"1234\" height=\"822\" title=\"\" srcset=\"https:\/\/fmp-components.com\/wp-content\/uploads\/2024\/12\/Crane.webp 1234w, https:\/\/fmp-components.com\/wp-content\/uploads\/2024\/12\/Crane-980x653.webp 980w, https:\/\/fmp-components.com\/wp-content\/uploads\/2024\/12\/Crane-480x320.webp 480w\" sizes=\"(min-width: 0px) and (max-width: 480px) 480px, (min-width: 481px) and (max-width: 980px) 980px, (min-width: 981px) 1234px, 100vw\" \/><\/p>\n<h2>O FMP<\/h2>\n<p>FMP to wyspecjalizowana firma produkcyjna specjalizuj\u0105ca si\u0119 w produkcji si\u0142ownik\u00f3w hydraulicznych. Od momentu powstania firma koncentruje si\u0119 na badaniach i produkcji w dziedzinie technologii hydraulicznych, z powodzeniem przechodz\u0105c od zr\u00f3\u017cnicowanego asortymentu produkt\u00f3w, obejmuj\u0105cego maszyny do zbior\u00f3w i maszyny budowlane, do specjalizacji w produkcji podzespo\u0142\u00f3w do ci\u0105gnik\u00f3w rolniczych. Dzi\u0119ki ponad dziesi\u0119cioletniemu do\u015bwiadczeniu w produkcji i zarz\u0105dzaniu, FMP gwarantuje wysok\u0105 jako\u015b\u0107 produkt\u00f3w dzi\u0119ki zaawansowanym technikom produkcyjnym.<\/p>\n<p>Wraz z rozwojem firmy, rozwin\u0119li\u015bmy kompleksow\u0105 lini\u0119 produkcyjn\u0105 do obr\u00f3bki mechanicznej, lini\u0119 monta\u017cow\u0105 oraz lini\u0119 do powlekania. Nasz zesp\u00f3\u0142 sk\u0142ada si\u0119 z wykwalifikowanej kadry kierowniczej, do\u015bwiadczonych projektant\u00f3w mechanik\u00f3w oraz wysoko wykwalifikowanych technik\u00f3w, kt\u00f3rzy wsp\u00f3lnie dbaj\u0105 o utrzymanie stabilnej jako\u015bci produkcji, jednocze\u015bnie skutecznie kontroluj\u0105c ci\u0105g\u0142o\u015b\u0107 i wydajno\u015b\u0107 procesu.<\/p>\n<p>FMP wyznaje filozofi\u0119 \u201eInnowacje technologiczne nap\u0119dzaj\u0105 post\u0119p, jako\u015b\u0107 tworzy marki, rzemios\u0142o zapewnia jako\u015b\u0107 i buduje d\u0142ugoterminowe relacje korzystne dla obu stron\u201d. Nasze zaanga\u017cowanie w dostarczanie wysokiej jako\u015bci produkt\u00f3w i \u015bwiadczenie najwy\u017cszej jako\u015bci obs\u0142ugi klienta pozostaje naszym kluczowym celem, poniewa\u017c wci\u0105\u017c staramy si\u0119 sprosta\u0107 zmieniaj\u0105cym si\u0119 potrzebom rynku.<\/p>\n<p><img loading=\"lazy\" decoding=\"async\" class=\"alignnone size-full wp-image-426\" src=\"https:\/\/fmp-components.com\/wp-content\/uploads\/2024\/12\/Sanitation-Machinery-Locking-Hydraulic-Cylinder-factory.webp\" sizes=\"(min-width: 0px) and (max-width: 480px) 480px, (min-width: 481px) and (max-width: 980px) 980px, (min-width: 981px) and (max-width: 1280px) 1280px, (min-width: 1281px) 1414px, 100vw\" srcset=\"https:\/\/fmp-components.com\/wp-content\/uploads\/2024\/12\/Sanitation-Machinery-Locking-Hydraulic-Cylinder-factory.webp 1414w, https:\/\/fmp-components.com\/wp-content\/uploads\/2024\/12\/Sanitation-Machinery-Locking-Hydraulic-Cylinder-factory-1280x529.webp 1280w, https:\/\/fmp-components.com\/wp-content\/uploads\/2024\/12\/Sanitation-Machinery-Locking-Hydraulic-Cylinder-factory-980x405.webp 980w, https:\/\/fmp-components.com\/wp-content\/uploads\/2024\/12\/Sanitation-Machinery-Locking-Hydraulic-Cylinder-factory-480x198.webp 480w\" alt=\"Sanitacja-Maszyny-Blokady-Hydrauliczne-Fabryka-Cylinder\u00f3w\" width=\"1414\" height=\"584\" title=\"\"><\/p>\n<p>Autor: CX<\/p>","protected":false},"excerpt":{"rendered":"<p>Si\u0142ownik hydrauliczny sworznia d\u017awigowego to kluczowy element zaprojektowany w celu u\u0142atwienia precyzyjnego ruchu i blokowania sworzni w zastosowaniach d\u017awigowych. Ten si\u0142ownik hydrauliczny zapewnia niezawodn\u0105 si\u0142\u0119 do zaz\u0119biania i roz\u0142\u0105czania sworzni zabezpieczaj\u0105cych r\u00f3\u017cne elementy d\u017awigu, gwarantuj\u0105c stabilno\u015b\u0107 i bezpiecze\u0144stwo podczas operacji podnoszenia. Zaprojektowany z my\u015bl\u0105 o trwa\u0142o\u015bci, wykonany jest z materia\u0142\u00f3w o wysokiej wytrzyma\u0142o\u015bci, aby sprosta\u0107 surowym wymaganiom panuj\u0105cym na budowie. Wydajny uk\u0142ad hydrauliczny zapewnia p\u0142ynn\u0105 i kontrolowan\u0105 prac\u0119, umo\u017cliwiaj\u0105c szybk\u0105 regulacj\u0119 i zwi\u0119kszaj\u0105c og\u00f3ln\u0105 funkcjonalno\u015b\u0107 d\u017awigu. Ten niezb\u0119dny si\u0142ownik odgrywa kluczow\u0105 rol\u0119 w optymalizacji wydajno\u015bci d\u017awigu i zapewnieniu bezpiecznego przenoszenia ci\u0119\u017ckich \u0142adunk\u00f3w.<\/p>","protected":false},"featured_media":453,"comment_status":"open","ping_status":"closed","template":"","meta":{"_et_pb_use_builder":"","_et_pb_old_content":"","_et_gb_content_width":""},"product_brand":[],"product_cat":[24],"product_tag":[],"class_list":{"0":"post-452","1":"product","2":"type-product","3":"status-publish","4":"has-post-thumbnail","6":"product_cat-construction-machinery-hydraulic-cylinders","8":"first","9":"instock","10":"shipping-taxable","11":"product-type-simple"},"_links":{"self":[{"href":"https:\/\/fmp-components.com\/pl\/wp-json\/wp\/v2\/product\/452","targetHints":{"allow":["GET"]}}],"collection":[{"href":"https:\/\/fmp-components.com\/pl\/wp-json\/wp\/v2\/product"}],"about":[{"href":"https:\/\/fmp-components.com\/pl\/wp-json\/wp\/v2\/types\/product"}],"replies":[{"embeddable":true,"href":"https:\/\/fmp-components.com\/pl\/wp-json\/wp\/v2\/comments?post=452"}],"wp:featuredmedia":[{"embeddable":true,"href":"https:\/\/fmp-components.com\/pl\/wp-json\/wp\/v2\/media\/453"}],"wp:attachment":[{"href":"https:\/\/fmp-components.com\/pl\/wp-json\/wp\/v2\/media?parent=452"}],"wp:term":[{"taxonomy":"product_brand","embeddable":true,"href":"https:\/\/fmp-components.com\/pl\/wp-json\/wp\/v2\/product_brand?post=452"},{"taxonomy":"product_cat","embeddable":true,"href":"https:\/\/fmp-components.com\/pl\/wp-json\/wp\/v2\/product_cat?post=452"},{"taxonomy":"product_tag","embeddable":true,"href":"https:\/\/fmp-components.com\/pl\/wp-json\/wp\/v2\/product_tag?post=452"}],"curies":[{"name":"wp","href":"https:\/\/api.w.org\/{rel}","templated":true}]}}