{"id":444,"date":"2024-12-10T06:46:45","date_gmt":"2024-12-10T06:46:45","guid":{"rendered":"https:\/\/fmp-components.com\/?page_id=8"},"modified":"2024-12-10T07:23:36","modified_gmt":"2024-12-10T07:23:36","slug":"crane-counterweight-hydraulic-cylinder","status":"publish","type":"product","link":"https:\/\/fmp-components.com\/pl\/product\/crane-counterweight-hydraulic-cylinder\/","title":{"rendered":"Si\u0142ownik hydrauliczny przeciwwagi d\u017awigu"},"content":{"rendered":"<p style=\"text-align: center;\"><span style=\"font-size: 18pt;\">Si\u0142ownik hydrauliczny przeciwwagi d\u017awigu<\/span><\/p>\n<p>Si\u0142ownik hydrauliczny przeciwwagi d\u017awigu to niezb\u0119dny element zaprojektowany w celu zapewnienia precyzyjnego r\u00f3wnowa\u017cenia ci\u0119\u017caru d\u017awigu podczas podnoszenia. Ten si\u0142ownik hydrauliczny odgrywa kluczow\u0105 rol\u0119 w regulacji po\u0142o\u017cenia przeciwwagi, zapewniaj\u0105c optymaln\u0105 stabilno\u015b\u0107 i bezpiecze\u0144stwo podczas podnoszenia ci\u0119\u017ckich \u0142adunk\u00f3w.<\/p>\n<h4>G\u0142\u00f3wne cechy:<\/h4>\n<ul>\n<li>Solidna konstrukcja: Wykonany z materia\u0142\u00f3w o wysokiej wytrzyma\u0142o\u015bci hydrauliczny si\u0142ownik przeciwwagi zaprojektowano tak, aby wytrzyma\u0142 trudne warunki panuj\u0105ce w budownictwie i podczas podnoszenia ci\u0119\u017ckich \u0142adunk\u00f3w, gwarantuj\u0105c d\u0142ugotrwa\u0142\u0105 wytrzyma\u0142o\u015b\u0107 i niezawodno\u015b\u0107.<\/li>\n<li>P\u0142ynna praca uk\u0142adu hydraulicznego: Zaawansowany uk\u0142ad hydrauliczny umo\u017cliwia p\u0142ynne i kontrolowane ruchy, umo\u017cliwiaj\u0105c precyzyjn\u0105 regulacj\u0119 przeciwwag i zwi\u0119kszaj\u0105c og\u00f3ln\u0105 wydajno\u015b\u0107 \u017curawia.<\/li>\n<li>Zwi\u0119kszona stabilno\u015b\u0107: Dzi\u0119ki zapewnieniu dok\u0142adnego r\u00f3wnowa\u017cenia ten si\u0142ownik hydrauliczny pomaga utrzyma\u0107 stabilno\u015b\u0107 d\u017awigu podczas pracy, zmniejszaj\u0105c ryzyko przewr\u00f3cenia si\u0119 lub wypadk\u00f3w podczas podnoszenia ci\u0119\u017ckich \u0142adunk\u00f3w.<\/li>\n<li>Wszechstronne zastosowanie: Ten si\u0142ownik hydrauliczny nadaje si\u0119 do r\u00f3\u017cnych typ\u00f3w d\u017awig\u00f3w, w tym d\u017awig\u00f3w mobilnych i wie\u017cowych. Mo\u017cna go z \u0142atwo\u015bci\u0105 zintegrowa\u0107 z istniej\u0105cymi systemami d\u017awigowymi, co czyni go wszechstronnym rozwi\u0105zaniem do operacji podnoszenia.<\/li>\n<li>Niskie wymagania konserwacyjne: Zaprojektowany z my\u015bl\u0105 o wydajno\u015bci i trwa\u0142o\u015bci, hydrauliczny si\u0142ownik przeciwwagi wymaga minimalnej konserwacji, co skutkuje kr\u00f3tszymi przestojami i wi\u0119ksz\u0105 produktywno\u015bci\u0105.<\/li>\n<\/ul>\n<p>Podsumowuj\u0105c, hydrauliczny si\u0142ownik przeciwwagi d\u017awigu jest kluczowym elementem zwi\u0119kszaj\u0105cym funkcjonalno\u015b\u0107 i bezpiecze\u0144stwo d\u017awigu, gwarantuj\u0105cym efektywne podnoszenie przy jednoczesnym zachowaniu stabilno\u015bci i kontroli.<\/p>\n<h2>Wymiary si\u0142ownika hydraulicznego przeciwwagi d\u017awigu:<\/h2>\n<table style=\"width: 100%;\">\n<tbody>\n<tr>\n<td style=\"width: 46.1373%;\"><img loading=\"lazy\" decoding=\"async\" class=\"alignnone size-full wp-image-445\" src=\"https:\/\/fmp-components.com\/wp-content\/uploads\/2024\/12\/Crane-Counterweight-Hydraulic-Cylinder.webp\" alt=\"Si\u0142ownik hydrauliczny przeciwwagi d\u017awigu\" width=\"500\" height=\"500\" title=\"\" srcset=\"https:\/\/fmp-components.com\/wp-content\/uploads\/2024\/12\/Crane-Counterweight-Hydraulic-Cylinder.webp 500w, https:\/\/fmp-components.com\/wp-content\/uploads\/2024\/12\/Crane-Counterweight-Hydraulic-Cylinder-480x480.webp 480w\" sizes=\"(min-width: 0px) and (max-width: 480px) 480px, (min-width: 481px) 500px, 100vw\" \/><\/td>\n<td style=\"width: 53.2189%;\"><img loading=\"lazy\" decoding=\"async\" class=\"alignnone size-full wp-image-446\" src=\"https:\/\/fmp-components.com\/wp-content\/uploads\/2024\/12\/YWMPMnZi-Crane-Counterweight-Hydraulic-Cylinder-Dimensions-2.webp\" alt=\"Si\u0142ownik hydrauliczny przeciwwagi d\u017awigu\" width=\"1024\" height=\"698\" title=\"\" srcset=\"https:\/\/fmp-components.com\/wp-content\/uploads\/2024\/12\/YWMPMnZi-Crane-Counterweight-Hydraulic-Cylinder-Dimensions-2.webp 1024w, https:\/\/fmp-components.com\/wp-content\/uploads\/2024\/12\/YWMPMnZi-Crane-Counterweight-Hydraulic-Cylinder-Dimensions-2-980x668.webp 980w, https:\/\/fmp-components.com\/wp-content\/uploads\/2024\/12\/YWMPMnZi-Crane-Counterweight-Hydraulic-Cylinder-Dimensions-2-480x327.webp 480w\" sizes=\"(min-width: 0px) and (max-width: 480px) 480px, (min-width: 481px) and (max-width: 980px) 980px, (min-width: 981px) 1024px, 100vw\" \/><\/td>\n<\/tr>\n<\/tbody>\n<\/table>\n<table style=\"width: 100%; height: 134px;\" border=\"1\" cellspacing=\"0\" cellpadding=\"0\">\n<tbody>\n<tr style=\"height: 71px;\">\n<td style=\"height: 71px;\" width=\"246\">Nazwa cylindra<\/td>\n<td style=\"height: 71px;\" width=\"336\">Numer rysunku<\/td>\n<td style=\"height: 71px;\" width=\"126\">\u015arednica otworu (D)<\/td>\n<td style=\"height: 71px;\" width=\"123\">\u015arednica pr\u0119ta (d)<\/td>\n<td style=\"height: 71px;\" width=\"114\">Udar (S)<\/td>\n<td style=\"height: 71px;\" width=\"170\">Odleg\u0142o\u015b\u0107 instalacji (L)<\/td>\n<td style=\"height: 71px;\" width=\"172\">Ci\u015bnienie robocze<\/td>\n<td style=\"height: 71px;\" width=\"366\">Wymiary interfejsu (M)<\/td>\n<td style=\"height: 71px;\" width=\"96\">Waga<\/td>\n<\/tr>\n<tr style=\"height: 63px;\">\n<td class=\"et3\" style=\"height: 63px;\" width=\"246\" height=\"356\">Si\u0142ownik hydrauliczny przeciwwagi<\/td>\n<td class=\"et4\" style=\"height: 63px;\" width=\"336\">QAY220.12\/13A-00<\/td>\n<td class=\"et4\" style=\"height: 63px;\" width=\"126\">\u03a6200<\/td>\n<td class=\"et4\" style=\"height: 63px;\" width=\"123\">\u03a6100<\/td>\n<td class=\"et4\" style=\"height: 63px;\" width=\"114\">180<\/td>\n<td class=\"et4\" style=\"height: 63px;\" width=\"170\">530<\/td>\n<td class=\"et4\" style=\"height: 63px;\" width=\"172\">25MPa;40MPa<\/td>\n<td class=\"et4\" style=\"height: 63px;\" width=\"366\">3-G1\/4;M20*1,5;2-M14*1,5<\/td>\n<td class=\"et4\" style=\"height: 63px;\" width=\"96\">124 kg<\/td>\n<\/tr>\n<\/tbody>\n<\/table>\n<h2>Parametry si\u0142ownika hydraulicznego przeciwwagi d\u017awigu:<\/h2>\n<table border=\"1\" width=\"100%\" cellspacing=\"0\" cellpadding=\"0\">\n<tbody>\n<tr>\n<td width=\"70\">Przedmiot<\/td>\n<td width=\"70\">Opis<\/td>\n<\/tr>\n<tr>\n<td width=\"70\">Nazwa produktu<\/td>\n<td width=\"70\">Si\u0142ownik hydrauliczny na zam\u00f3wienie<\/td>\n<\/tr>\n<tr>\n<td width=\"70\">Certyfikat:<\/td>\n<td width=\"70\">ISO9001, ISO4001, ISO 45003<\/td>\n<\/tr>\n<tr>\n<td width=\"70\">Zdolno\u015b\u0107 produkcyjna:<\/td>\n<td width=\"70\">1200 000 sztuk rocznie<\/td>\n<\/tr>\n<tr>\n<td width=\"70\">Czas pr\u00f3bki<\/td>\n<td width=\"70\">Na podstawie rzeczywistego typu<\/td>\n<\/tr>\n<tr>\n<td width=\"70\">Marka<\/td>\n<td width=\"70\">FMP lub logo klienta<\/td>\n<\/tr>\n<tr>\n<td width=\"70\">Praca<\/td>\n<td width=\"70\">OEM i ODM<\/td>\n<\/tr>\n<tr>\n<td width=\"70\">Marka piecz\u0119ci<\/td>\n<td width=\"70\">Parker,NOK, BUSAK SHAMBAN<\/td>\n<\/tr>\n<tr>\n<td width=\"70\">Czas dostawy<\/td>\n<td width=\"70\">Na podstawie wielko\u015bci zam\u00f3wienia.<\/td>\n<\/tr>\n<tr>\n<td width=\"70\">Rodzaj dzia\u0142alno\u015bci<\/td>\n<td width=\"70\">Producent i eksporter<\/td>\n<\/tr>\n<\/tbody>\n<\/table>\n<h2>Dost\u0119pne marki i modele cylindr\u00f3w hydraulicznych:<\/h2>\n<table border=\"1\" cellspacing=\"0\" cellpadding=\"0\">\n<tbody>\n<tr>\n<td><span data-spm-anchor-id=\"a2700.details.0.i43.45d84a73e99C9z\">KOMATSU (PC)<\/span><\/td>\n<td>PC30, PC40, PC50, PC56, PC60, PC78, PC100, PC110, PC120, PC130, PC160, PC200-3\/5\/6\/7\/8\/8MO, PC210, PC220-5\/6\/7\/8\/8MO, PC240, PC300\/350\/360-5\/6\/7\/8\/8MO, PC400\/450-5\/6\/7\/8\/8MO, PC800, PC850<\/td>\n<\/tr>\n<tr>\n<td>G\u0104SIENICA (E)<\/td>\n<td>E301.5, E302, E305.5, E306, E307V1\/V2\/B\/C\/D\/E\/F, E308B\/C, E120B, E312V1\/V2\/B\/C\/D, E313D2, E312D2, E315D,<br \/>\nE200B,E320V1\/V2\/A\/B\/C\/D,E324D,E325C\/D,E329D,E330\/336C\/D,E345C,E349D,E365C,E374,E390<\/td>\n<\/tr>\n<tr>\n<td>KOBELCO (SK)<\/td>\n<td>SK60-3\/5\/8, SK75-8\/SR, SK100, SK120-3\/5, SK135-8\/SR, SK140-8, SK200-3\/5\/6\/6E, SK210-3\/5\/6\/6E,<br \/>\nSK230\/250-6E, SK250-8, SK260-8, SK350-8\/S8, SK460\/480-8<\/td>\n<\/tr>\n<tr>\n<td>HYUNDAI (z prawej)<\/td>\n<td>R55-5\/7, R60-5\/7, R80, R110, R130, R200-5, R210-5, R215-5\/7, R220-5\/7\/9, R225-5\/7\/9, R250, R260, R265, R290, R305, R445, R485, R505<\/td>\n<\/tr>\n<tr>\n<td><span data-spm-anchor-id=\"a2700.details.0.i53.45d84a73e99C9z\">HITACHI (EX.ZX)<\/span><\/td>\n<td>EX60, EX100-1\/2\/3, EX120-1\/3\/5\/6, EX200-1\/3\/5, EX230-5, EX300-1, EX400<br \/>\nZAX60, ZAX70, ZA120-6, ZAX200\/210-1\/3\/5\/5K, ZAX240, ZAX250, ZAX260, ZAX330-3\/5\/6, ZAX450\/470, ZAX650\/670, ZAX850\/870<\/td>\n<\/tr>\n<tr>\n<td>\n<div class=\"magic-32\"><span data-spm-anchor-id=\"a2700.details.0.i55.45d84a73e99C9z\">DOOSAN (DH\/DX)<\/span><\/div>\n<\/td>\n<td>\n<div class=\"magic-33\"><span class=\"magic-34\">DH55, DH60, DH80, DH150, DH215-5\/7, DH220-5, DH225-5\/7, DH258, DH300-5\/7, DH370, DH420, DH500<br \/>\nDX55, DX60, DX75, DX130, DX225-9, DX300, DX380, DX420, DX500<\/span><\/div>\n<\/td>\n<\/tr>\n<tr>\n<td>\n<div class=\"magic-32\">VOLVO (WE)<\/div>\n<\/td>\n<td>\n<div class=\"magic-33\"><span class=\"magic-34\">EC55, EC60, EC75, EC80, EC140, EC210B\/D, EC220D, EC240, EC250, EC290, EC300, EC360 EC380, EC460, EC480, EC700, EC750, EC950<\/span><\/div>\n<\/td>\n<\/tr>\n<tr>\n<td>\n<div class=\"magic-32\">KATO (HD)<\/div>\n<\/td>\n<td>\n<div class=\"magic-33\"><span class=\"magic-34\">HD307\/308,HD450,HD512,HD700-5\/7,HD820-1\/2\/3\/5\/R,HD1023-1\/3,HD1430-1\/3<\/span><\/div>\n<\/td>\n<\/tr>\n<tr>\n<td>\n<div class=\"magic-32\">INNE MARKI<\/div>\n<\/td>\n<td>\n<div class=\"magic-33\"><span class=\"magic-34\">XCMG, LIUGONG, KUBOTA, CASE, YANMAR, SUNWARD, ZOOMLION, LISHIDE, LIEHERR<\/span><\/div>\n<\/td>\n<\/tr>\n<\/tbody>\n<\/table>\n<h2>Jak dzia\u0142a hydrauliczny si\u0142ownik przeciwwagi d\u017awigu<\/h2>\n<p>Si\u0142ownik hydrauliczny przeciwwagi \u017curawia dzia\u0142a w oparciu o zasady hydrauliki, wykorzystuj\u0105c ci\u015bnienie p\u0142ynu do regulacji i sterowania po\u0142o\u017ceniem przeciwwagi w \u017curawiach. Oto opis jego dzia\u0142ania:<\/p>\n<h3>1. Dynamika p\u0142yn\u00f3w hydraulicznych<\/h3>\n<p>Cylinder zawiera p\u0142yn hydrauliczny, zazwyczaj olej, kt\u00f3ry jest pompowany do cylindra w celu wytworzenia ci\u015bnienia. P\u0142yn ten s\u0142u\u017cy jako medium przenosz\u0105ce moc w uk\u0142adzie hydraulicznym.<\/p>\n<h3>2. Ruch t\u0142oka<\/h3>\n<p>Wewn\u0105trz cylindra hydraulicznego t\u0142ok porusza si\u0119 pod wp\u0142ywem ci\u015bnienia p\u0142ynu hydraulicznego. Gdy operator uruchamia uk\u0142ad hydrauliczny, p\u0142yn jest kierowany do jednej strony cylindra, popychaj\u0105c t\u0142ok i powoduj\u0105c jego wysuwanie lub wsuwanie.<\/p>\n<h3>3. Regulacja przeciwwagi<\/h3>\n<p>Ruch t\u0142oka reguluje po\u0142o\u017cenie przeciwwag przymocowanych do d\u017awigu. Wysuni\u0119cie t\u0142oka powoduje przesuni\u0119cie przeciwwag na zewn\u0105trz, zwi\u0119kszaj\u0105c stabilno\u015b\u0107 d\u017awigu podczas podnoszenia ci\u0119\u017ckich \u0142adunk\u00f3w. Natomiast cofni\u0119cie t\u0142oka powoduje zbli\u017cenie przeciwwag do d\u017awigu, co jest niezb\u0119dne do manewrowania lub transportu d\u017awigu.<\/p>\n<h3>4. Regulacja ci\u015bnienia<\/h3>\n<p>Uk\u0142ad hydrauliczny jest wyposa\u017cony w zawory regulacji ci\u015bnienia, kt\u00f3re kontroluj\u0105 przep\u0142yw i ci\u015bnienie p\u0142ynu hydraulicznego. Zapewnia to p\u0142ynn\u0105 i kontrolowan\u0105 regulacj\u0119 przeciwwag, zapobiegaj\u0105c nag\u0142ym ruchom, kt\u00f3re mog\u0142yby zdestabilizowa\u0107 \u017curaw.<\/p>\n<h3>5. Mechanizmy bezpiecze\u0144stwa<\/h3>\n<p>Wiele hydraulicznych si\u0142ownik\u00f3w przeciwwagi jest wyposa\u017conych w zabezpieczenia, takie jak zabezpieczenie przed przeci\u0105\u017ceniem i zawory bezpiecze\u0144stwa. Mechanizmy te zapobiegaj\u0105 nadmiernemu wzrostowi ci\u015bnienia i zapewniaj\u0105 bezpieczn\u0105 prac\u0119, dodatkowo zwi\u0119kszaj\u0105c stabilno\u015b\u0107 i bezpiecze\u0144stwo \u017curawia podczas podnoszenia.<\/p>\n<p>Si\u0142ownik hydrauliczny przeciwwagi \u017curawia jest niezb\u0119dny do utrzymania r\u00f3wnowagi i stabilno\u015bci \u017curawia podczas podnoszenia ci\u0119\u017ckich \u0142adunk\u00f3w. Wykorzystuj\u0105c dynamik\u0119 p\u0142yn\u00f3w hydraulicznych i precyzyjne ruchy t\u0142oka, umo\u017cliwia on skuteczn\u0105 regulacj\u0119 przeciwwagi, zapewniaj\u0105c bezpieczn\u0105 i wydajn\u0105 prac\u0119 \u017curawia w r\u00f3\u017cnych zastosowaniach.<\/p>\n<p><img loading=\"lazy\" decoding=\"async\" class=\"alignnone size-full wp-image-447\" src=\"https:\/\/fmp-components.com\/wp-content\/uploads\/2024\/12\/Crane.webp\" alt=\"D\u017awig\" width=\"1234\" height=\"822\" title=\"\" srcset=\"https:\/\/fmp-components.com\/wp-content\/uploads\/2024\/12\/Crane.webp 1234w, https:\/\/fmp-components.com\/wp-content\/uploads\/2024\/12\/Crane-980x653.webp 980w, https:\/\/fmp-components.com\/wp-content\/uploads\/2024\/12\/Crane-480x320.webp 480w\" sizes=\"(min-width: 0px) and (max-width: 480px) 480px, (min-width: 481px) and (max-width: 980px) 980px, (min-width: 981px) 1234px, 100vw\" \/><\/p>\n<h2>O FMP<\/h2>\n<p>FMP to wyspecjalizowana firma produkcyjna specjalizuj\u0105ca si\u0119 w produkcji si\u0142ownik\u00f3w hydraulicznych. Od momentu powstania firma koncentruje si\u0119 na badaniach i produkcji w dziedzinie technologii hydraulicznych, z powodzeniem przechodz\u0105c od zr\u00f3\u017cnicowanego asortymentu produkt\u00f3w, obejmuj\u0105cego maszyny do zbior\u00f3w i maszyny budowlane, do specjalizacji w produkcji podzespo\u0142\u00f3w do ci\u0105gnik\u00f3w rolniczych. Dzi\u0119ki ponad dziesi\u0119cioletniemu do\u015bwiadczeniu w produkcji i zarz\u0105dzaniu, FMP gwarantuje wysok\u0105 jako\u015b\u0107 produkt\u00f3w dzi\u0119ki zaawansowanym technikom produkcyjnym.<\/p>\n<p>Wraz z rozwojem firmy, rozwin\u0119li\u015bmy kompleksow\u0105 lini\u0119 produkcyjn\u0105 do obr\u00f3bki mechanicznej, lini\u0119 monta\u017cow\u0105 oraz lini\u0119 do powlekania. Nasz zesp\u00f3\u0142 sk\u0142ada si\u0119 z wykwalifikowanej kadry kierowniczej, do\u015bwiadczonych projektant\u00f3w mechanik\u00f3w oraz wysoko wykwalifikowanych technik\u00f3w, kt\u00f3rzy wsp\u00f3lnie dbaj\u0105 o utrzymanie stabilnej jako\u015bci produkcji, jednocze\u015bnie skutecznie kontroluj\u0105c ci\u0105g\u0142o\u015b\u0107 i wydajno\u015b\u0107 procesu.<\/p>\n<p>FMP wyznaje filozofi\u0119 \u201eInnowacje technologiczne nap\u0119dzaj\u0105 post\u0119p, jako\u015b\u0107 tworzy marki, rzemios\u0142o zapewnia jako\u015b\u0107 i buduje d\u0142ugoterminowe relacje korzystne dla obu stron\u201d. Nasze zaanga\u017cowanie w dostarczanie wysokiej jako\u015bci produkt\u00f3w i \u015bwiadczenie najwy\u017cszej jako\u015bci obs\u0142ugi klienta pozostaje naszym kluczowym celem, poniewa\u017c wci\u0105\u017c staramy si\u0119 sprosta\u0107 zmieniaj\u0105cym si\u0119 potrzebom rynku.<\/p>\n<p><img loading=\"lazy\" decoding=\"async\" class=\"alignnone size-full wp-image-426\" src=\"https:\/\/fmp-components.com\/wp-content\/uploads\/2024\/12\/Sanitation-Machinery-Locking-Hydraulic-Cylinder-factory.webp\" sizes=\"(min-width: 0px) and (max-width: 480px) 480px, (min-width: 481px) and (max-width: 980px) 980px, (min-width: 981px) and (max-width: 1280px) 1280px, (min-width: 1281px) 1414px, 100vw\" srcset=\"https:\/\/fmp-components.com\/wp-content\/uploads\/2024\/12\/Sanitation-Machinery-Locking-Hydraulic-Cylinder-factory.webp 1414w, https:\/\/fmp-components.com\/wp-content\/uploads\/2024\/12\/Sanitation-Machinery-Locking-Hydraulic-Cylinder-factory-1280x529.webp 1280w, https:\/\/fmp-components.com\/wp-content\/uploads\/2024\/12\/Sanitation-Machinery-Locking-Hydraulic-Cylinder-factory-980x405.webp 980w, https:\/\/fmp-components.com\/wp-content\/uploads\/2024\/12\/Sanitation-Machinery-Locking-Hydraulic-Cylinder-factory-480x198.webp 480w\" alt=\"Sanitacja-Maszyny-Blokady-Hydrauliczne-Fabryka-Cylinder\u00f3w\" width=\"1414\" height=\"584\" title=\"\"><\/p>\n<p>Autor: CX<\/p>","protected":false},"excerpt":{"rendered":"<p data-id=\"a11392d4-7524-4709-8e84-2ea1d23339d0\" data-pm-slice=\"1 1 []\">Rol\u0105 hydraulicznego si\u0142ownika przeciwwagi \u017curawia jest zapewnienie niezb\u0119dnej przeciwwagi dla \u017curawi podczas podnoszenia. Wykorzystaj ten si\u0142ownik hydrauliczny do precyzyjnego, a jednocze\u015bnie zdalnego pozycjonowania przeciwwagi, zapewniaj\u0105c stabilno\u015b\u0107 i bezpiecze\u0144stwo podczas pracy z du\u017cymi obci\u0105\u017ceniami. Ten wytrzyma\u0142y, solidny mechanizm zosta\u0142 wykonany z materia\u0142\u00f3w najwy\u017cszej jako\u015bci, aby sprosta\u0107 trudnym warunkom panuj\u0105cym w budownictwie i transporcie ci\u0119\u017ckim. Uk\u0142ad hydrauliczny zapewnia wydajne i precyzyjne sterowanie, gwarantuj\u0105c p\u0142ynno\u015b\u0107 i r\u00f3wnowag\u0119 ruch\u00f3w, co pozwala operatorom zoptymalizowa\u0107 wydajno\u015b\u0107 \u017curawia przy jednoczesnym zachowaniu stabilno\u015bci. B\u0119d\u0105c integraln\u0105 cz\u0119\u015bci\u0105 og\u00f3lnej funkcjonalno\u015bci \u017curawi, ma on kluczowe znaczenie dla ich bezpiecznej pracy, przyczyniaj\u0105c si\u0119 do efektywnych rozwi\u0105za\u0144 w zakresie podnoszenia.<\/p>","protected":false},"featured_media":445,"comment_status":"open","ping_status":"closed","template":"","meta":{"_et_pb_use_builder":"","_et_pb_old_content":"","_et_gb_content_width":""},"product_brand":[],"product_cat":[24],"product_tag":[],"class_list":{"0":"post-444","1":"product","2":"type-product","3":"status-publish","4":"has-post-thumbnail","6":"product_cat-construction-machinery-hydraulic-cylinders","8":"first","9":"instock","10":"shipping-taxable","11":"product-type-simple"},"_links":{"self":[{"href":"https:\/\/fmp-components.com\/pl\/wp-json\/wp\/v2\/product\/444","targetHints":{"allow":["GET"]}}],"collection":[{"href":"https:\/\/fmp-components.com\/pl\/wp-json\/wp\/v2\/product"}],"about":[{"href":"https:\/\/fmp-components.com\/pl\/wp-json\/wp\/v2\/types\/product"}],"replies":[{"embeddable":true,"href":"https:\/\/fmp-components.com\/pl\/wp-json\/wp\/v2\/comments?post=444"}],"wp:featuredmedia":[{"embeddable":true,"href":"https:\/\/fmp-components.com\/pl\/wp-json\/wp\/v2\/media\/445"}],"wp:attachment":[{"href":"https:\/\/fmp-components.com\/pl\/wp-json\/wp\/v2\/media?parent=444"}],"wp:term":[{"taxonomy":"product_brand","embeddable":true,"href":"https:\/\/fmp-components.com\/pl\/wp-json\/wp\/v2\/product_brand?post=444"},{"taxonomy":"product_cat","embeddable":true,"href":"https:\/\/fmp-components.com\/pl\/wp-json\/wp\/v2\/product_cat?post=444"},{"taxonomy":"product_tag","embeddable":true,"href":"https:\/\/fmp-components.com\/pl\/wp-json\/wp\/v2\/product_tag?post=444"}],"curies":[{"name":"wp","href":"https:\/\/api.w.org\/{rel}","templated":true}]}}