{"id":397,"date":"2024-12-10T02:38:22","date_gmt":"2024-12-10T02:38:22","guid":{"rendered":"https:\/\/fmp-components.com\/?page_id=8"},"modified":"2024-12-10T02:54:39","modified_gmt":"2024-12-10T02:54:39","slug":"scissor-fork-aerial-work-vehicle-lifting-hydraulic-cylinder","status":"publish","type":"product","link":"https:\/\/fmp-components.com\/pl\/product\/scissor-fork-aerial-work-vehicle-lifting-hydraulic-cylinder\/","title":{"rendered":"Wid\u0142y no\u017cycowe Podno\u015bnik hydrauliczny do pojazd\u00f3w do prac na wysoko\u015bci"},"content":{"rendered":"<p style=\"text-align: center;\"><span style=\"font-size: 18pt;\">Wid\u0142y no\u017cycowe Podno\u015bnik hydrauliczny do pojazd\u00f3w do prac na wysoko\u015bci<\/span><\/p>\n<p>Si\u0142ownik hydrauliczny podno\u015bnika no\u017cycowego do podno\u015bnik\u00f3w koszowych to niezb\u0119dny element zaprojektowany z my\u015bl\u0105 o zapewnieniu niezawodnej si\u0142y podnoszenia platform podno\u015bnikowych no\u017cycowych. Ten si\u0142ownik hydrauliczny zosta\u0142 zaprojektowany z my\u015bl\u0105 o optymalnej wydajno\u015bci, umo\u017cliwiaj\u0105c p\u0142ynne i kontrolowane podnoszenie podno\u015bnika, co jest kluczowe dla bezpiecznego i wydajnego dost\u0119pu do podniesionych obszar\u00f3w roboczych.<\/p>\n<p><img loading=\"lazy\" decoding=\"async\" class=\"size-full wp-image-407 aligncenter\" src=\"https:\/\/fmp-components.com\/wp-content\/uploads\/2024\/12\/Scissor-Fork-Aerial-Work-Vehicle-Lifting-Hydraulic-Cylinder.webp\" alt=\"Wid\u0142y no\u017cycowe Podno\u015bnik hydrauliczny do pojazd\u00f3w do prac na wysoko\u015bci\" width=\"500\" height=\"500\" title=\"\" srcset=\"https:\/\/fmp-components.com\/wp-content\/uploads\/2024\/12\/Scissor-Fork-Aerial-Work-Vehicle-Lifting-Hydraulic-Cylinder.webp 500w, https:\/\/fmp-components.com\/wp-content\/uploads\/2024\/12\/Scissor-Fork-Aerial-Work-Vehicle-Lifting-Hydraulic-Cylinder-480x480.webp 480w\" sizes=\"(min-width: 0px) and (max-width: 480px) 480px, (min-width: 481px) 500px, 100vw\" \/><\/p>\n<h4>G\u0142\u00f3wne cechy:<\/h4>\n<ul>\n<li>Solidna konstrukcja: Wykonany z materia\u0142\u00f3w o wysokiej wytrzyma\u0142o\u015bci, ten hydrauliczny si\u0142ownik podnosz\u0105cy jest stworzony do wytrzymywania du\u017cych obci\u0105\u017ce\u0144 i trudnych warunk\u00f3w pracy, co zapewnia trwa\u0142o\u015b\u0107 i d\u0142ugotrwa\u0142\u0105 wydajno\u015b\u0107.<\/li>\n<li>P\u0142ynna praca uk\u0142adu hydraulicznego: Zaawansowany uk\u0142ad hydrauliczny pozwala na p\u0142ynne podnoszenie i opuszczanie, zapewniaj\u0105c operatorom precyzyjn\u0105 kontrol\u0119 nad wysoko\u015bci\u0105 platformy podczas wykonywania r\u00f3\u017cnych zada\u0144.<\/li>\n<li>Zwi\u0119kszone bezpiecze\u0144stwo: Zaprojektowany z my\u015bl\u0105 o bezpiecze\u0144stwie cylinder posiada funkcje zapobiegaj\u0105ce nag\u0142ym ruchom i zapewniaj\u0105ce stabiln\u0105 prac\u0119, zmniejszaj\u0105c ryzyko wypadk\u00f3w podczas pracy na wysoko\u015bci.<\/li>\n<li>Wszechstronne zastosowanie: Ten hydrauliczny si\u0142ownik podnosz\u0105cy idealnie nadaje si\u0119 do szerokiej gamy zastosowa\u0144, w tym w budownictwie, pracach konserwacyjnych i przemy\u015ble. Zwi\u0119ksza on funkcjonalno\u015b\u0107 podno\u015bnik\u00f3w koszowych z wid\u0142ami no\u017cycowymi.<\/li>\n<li>\u0141atwa integracja: Cylinder zaprojektowano tak, aby mo\u017cna go by\u0142o \u0142atwo zamontowa\u0107 w istniej\u0105cych systemach podnosz\u0105cych, co minimalizuje przestoje i umo\u017cliwia szybkie wdro\u017cenie w terenie.<\/li>\n<\/ul>\n<p>Podsumowuj\u0105c, hydrauliczny si\u0142ownik podnosz\u0105cy podno\u015bniki no\u017cycowe do podno\u015bnik\u00f3w koszowych to kluczowy element zwi\u0119kszaj\u0105cy bezpiecze\u0144stwo, wydajno\u015b\u0107 i produktywno\u015b\u0107 podno\u015bnik\u00f3w koszowych, co czyni je niezb\u0119dnym narz\u0119dziem dla operator\u00f3w w r\u00f3\u017cnych bran\u017cach wymagaj\u0105cych rozwi\u0105za\u0144 zapewniaj\u0105cych dost\u0119p na wysoko\u015bci.<\/p>\n<h2>Cz\u0119\u015bci cylindra hydraulicznego do podno\u015bnik\u00f3w wid\u0142owych do pojazd\u00f3w podnoszonych:<\/h2>\n<p><img loading=\"lazy\" decoding=\"async\" class=\"alignnone size-full wp-image-404\" src=\"https:\/\/fmp-components.com\/wp-content\/uploads\/2024\/12\/Scissor-Fork-Aerial-Work-Vehicle-Lifting-Hydraulic-Cylinder-Parts.webp\" alt=\"\" width=\"1024\" height=\"634\" title=\"\" srcset=\"https:\/\/fmp-components.com\/wp-content\/uploads\/2024\/12\/Scissor-Fork-Aerial-Work-Vehicle-Lifting-Hydraulic-Cylinder-Parts.webp 1024w, https:\/\/fmp-components.com\/wp-content\/uploads\/2024\/12\/Scissor-Fork-Aerial-Work-Vehicle-Lifting-Hydraulic-Cylinder-Parts-980x607.webp 980w, https:\/\/fmp-components.com\/wp-content\/uploads\/2024\/12\/Scissor-Fork-Aerial-Work-Vehicle-Lifting-Hydraulic-Cylinder-Parts-480x297.webp 480w\" sizes=\"(min-width: 0px) and (max-width: 480px) 480px, (min-width: 481px) and (max-width: 980px) 980px, (min-width: 981px) 1024px, 100vw\" \/><\/p>\n<table class=\"has-title all magic-26\" style=\"width: 97.5988%; height: 214px;\" border=\"1\" cellspacing=\"0\" cellpadding=\"0\">\n<tbody>\n<tr>\n<td style=\"width: 6.0665%;\" colspan=\"1\" rowspan=\"1\">\n<div class=\"magic-27\" data-spm-anchor-id=\"a2700.details.0.i26.201d6d46acEaSr\">1<\/div>\n<\/td>\n<td style=\"width: 52.9018%;\" colspan=\"1\" rowspan=\"1\">\n<div class=\"magic-28\">Zesp\u00f3\u0142 obudowy cylindra<\/div>\n<\/td>\n<td style=\"width: 6.16271%;\" colspan=\"1\" rowspan=\"1\">\n<div class=\"magic-27\">9<\/div>\n<\/td>\n<td style=\"width: 34.6345%;\" colspan=\"1\" rowspan=\"1\">\n<div class=\"magic-29\">Du Bush<\/div>\n<\/td>\n<\/tr>\n<tr>\n<td style=\"width: 6.0665%;\" colspan=\"1\" rowspan=\"1\">\n<div class=\"magic-27\">2<\/div>\n<\/td>\n<td style=\"width: 52.9018%;\" colspan=\"1\" rowspan=\"1\">\n<div class=\"magic-28\">Tuleja prowadz\u0105ca<\/div>\n<\/td>\n<td style=\"width: 6.16271%;\" colspan=\"1\" rowspan=\"1\">\n<div class=\"magic-27\">10<\/div>\n<\/td>\n<td style=\"width: 34.6345%;\" colspan=\"1\" rowspan=\"1\">\n<div class=\"magic-29\">Pier\u015bcie\u0144 uszczelniaj\u0105cy<\/div>\n<\/td>\n<\/tr>\n<tr>\n<td style=\"width: 6.0665%;\" colspan=\"1\" rowspan=\"1\">\n<div class=\"magic-27\">3<\/div>\n<\/td>\n<td style=\"width: 52.9018%;\" colspan=\"1\" rowspan=\"1\">\n<div class=\"magic-28\">T\u0142ok<\/div>\n<\/td>\n<td style=\"width: 6.16271%;\" colspan=\"1\" rowspan=\"1\">\n<div class=\"magic-27\">11<\/div>\n<\/td>\n<td style=\"width: 34.6345%;\" colspan=\"1\" rowspan=\"1\">\n<div class=\"magic-29\">Pier\u015bcie\u0144 uszczelniaj\u0105cy<\/div>\n<\/td>\n<\/tr>\n<tr>\n<td style=\"width: 6.0665%;\" colspan=\"1\" rowspan=\"1\">\n<div class=\"magic-27\">4<\/div>\n<\/td>\n<td style=\"width: 52.9018%;\" colspan=\"1\" rowspan=\"1\">\n<div class=\"magic-28\">T\u0142oczysko<\/div>\n<\/td>\n<td style=\"width: 6.16271%;\" colspan=\"1\" rowspan=\"1\">\n<div class=\"magic-27\">12<\/div>\n<\/td>\n<td style=\"width: 34.6345%;\" colspan=\"1\" rowspan=\"1\">\n<div class=\"magic-29\">Uszczelka otworu<\/div>\n<\/td>\n<\/tr>\n<tr>\n<td style=\"width: 6.0665%;\" colspan=\"1\" rowspan=\"1\">\n<div class=\"magic-27\">5<\/div>\n<\/td>\n<td style=\"width: 52.9018%;\" colspan=\"1\" rowspan=\"1\">\n<div class=\"magic-28\">\u0141o\u017cysko kompozytowe<\/div>\n<\/td>\n<td style=\"width: 6.16271%;\" colspan=\"1\" rowspan=\"1\">\n<div class=\"magic-27\">13<\/div>\n<\/td>\n<td style=\"width: 34.6345%;\" colspan=\"1\" rowspan=\"1\">\n<div class=\"magic-29\">Pier\u015bcie\u0144 \u015blizgowy<\/div>\n<\/td>\n<\/tr>\n<tr>\n<td style=\"width: 6.0665%;\" colspan=\"1\" rowspan=\"1\">\n<div class=\"magic-27\">6<\/div>\n<\/td>\n<td style=\"width: 52.9018%;\" colspan=\"1\" rowspan=\"1\">\n<div class=\"magic-28\">Wycieraczka do kurzu<\/div>\n<\/td>\n<td style=\"width: 6.16271%;\" colspan=\"1\" rowspan=\"1\">\n<div class=\"magic-27\">14<\/div>\n<\/td>\n<td style=\"width: 34.6345%;\" colspan=\"1\" rowspan=\"1\">\n<div class=\"magic-29\">\u015aruby ustalaj\u0105ce<\/div>\n<\/td>\n<\/tr>\n<tr>\n<td style=\"width: 6.0665%;\" colspan=\"1\" rowspan=\"1\">\n<div class=\"magic-27\">7<\/div>\n<\/td>\n<td style=\"width: 52.9018%;\" colspan=\"1\" rowspan=\"1\">\n<div class=\"magic-28\">Pier\u015bcie\u0144 U<\/div>\n<\/td>\n<td style=\"width: 6.16271%;\" colspan=\"1\" rowspan=\"1\">\n<div class=\"magic-27\">15<\/div>\n<\/td>\n<td style=\"width: 34.6345%;\" colspan=\"1\" rowspan=\"1\">\n<div class=\"magic-29\">Os\u0142ona przeciwkurzowa<\/div>\n<\/td>\n<\/tr>\n<tr>\n<td style=\"width: 6.0665%;\" colspan=\"1\" rowspan=\"1\">\n<div class=\"magic-27\">8<\/div>\n<\/td>\n<td style=\"width: 52.9018%;\" colspan=\"1\" rowspan=\"1\">\n<div class=\"magic-28\">Pier\u015bcie\u0144 uszczelniaj\u0105cy<\/div>\n<\/td>\n<td style=\"width: 6.16271%;\" colspan=\"1\" rowspan=\"1\">\n<div class=\"magic-27\"><\/div>\n<\/td>\n<td style=\"width: 34.6345%;\" colspan=\"1\" rowspan=\"1\"><\/td>\n<\/tr>\n<\/tbody>\n<\/table>\n<h2>Wymiary cylindra hydraulicznego do podnoszenia pojazd\u00f3w z wid\u0142ami no\u017cycowymi:<\/h2>\n<table>\n<tbody>\n<tr>\n<td><img loading=\"lazy\" decoding=\"async\" class=\"alignnone size-full wp-image-400\" src=\"https:\/\/fmp-components.com\/wp-content\/uploads\/2024\/12\/Scissor-Fork-Aerial-Work-Vehicle-Lifting-Hydraulic-Cylinder-Dimensions-1.webp\" alt=\"\" width=\"680\" height=\"210\" title=\"\" srcset=\"https:\/\/fmp-components.com\/wp-content\/uploads\/2024\/12\/Scissor-Fork-Aerial-Work-Vehicle-Lifting-Hydraulic-Cylinder-Dimensions-1.webp 680w, https:\/\/fmp-components.com\/wp-content\/uploads\/2024\/12\/Scissor-Fork-Aerial-Work-Vehicle-Lifting-Hydraulic-Cylinder-Dimensions-1-480x148.webp 480w\" sizes=\"(min-width: 0px) and (max-width: 480px) 480px, (min-width: 481px) 680px, 100vw\" \/><\/td>\n<td><img loading=\"lazy\" decoding=\"async\" class=\"alignnone size-full wp-image-401\" src=\"https:\/\/fmp-components.com\/wp-content\/uploads\/2024\/12\/Scissor-Fork-Aerial-Work-Vehicle-Lifting-Hydraulic-Cylinder-Dimensions-2.webp\" alt=\"\" width=\"680\" height=\"210\" title=\"\" srcset=\"https:\/\/fmp-components.com\/wp-content\/uploads\/2024\/12\/Scissor-Fork-Aerial-Work-Vehicle-Lifting-Hydraulic-Cylinder-Dimensions-2.webp 680w, https:\/\/fmp-components.com\/wp-content\/uploads\/2024\/12\/Scissor-Fork-Aerial-Work-Vehicle-Lifting-Hydraulic-Cylinder-Dimensions-2-480x148.webp 480w\" sizes=\"(min-width: 0px) and (max-width: 480px) 480px, (min-width: 481px) 680px, 100vw\" \/><\/td>\n<\/tr>\n<\/tbody>\n<\/table>\n<table border=\"1\" cellspacing=\"0\" cellpadding=\"0\">\n<tbody>\n<tr>\n<td width=\"246\">Nazwa cylindra<\/td>\n<td width=\"336\">Numer rysunku<\/td>\n<td width=\"126\">\u015arednica otworu (D)<\/td>\n<td width=\"123\">\u015arednica pr\u0119ta (d)<\/td>\n<td width=\"114\">Udar (S)<\/td>\n<td width=\"170\">Odleg\u0142o\u015b\u0107 instalacji (L)<\/td>\n<td width=\"172\">Ci\u015bnienie robocze<\/td>\n<td width=\"366\">Wymiary interfejsu (M)<\/td>\n<td width=\"96\">Waga<\/td>\n<\/tr>\n<tr>\n<td class=\"et3\" width=\"246\" height=\"173\">Cylinder podnosz\u0105cy<\/td>\n<td class=\"et4\" width=\"336\">78XEN-620100-001<\/td>\n<td class=\"et4\" width=\"126\">\u03a665<\/td>\n<td class=\"et4\" width=\"123\">\u03a645<\/td>\n<td class=\"et4\" width=\"114\">840<\/td>\n<td class=\"et4\" width=\"170\">1075<\/td>\n<td class=\"et4\" width=\"172\">18 MPa<\/td>\n<td class=\"et4\" width=\"366\">G1\/4\uff1b\u03a66\uff1bM14*1,5<\/td>\n<td class=\"et4\" width=\"96\">27 kg<\/td>\n<\/tr>\n<\/tbody>\n<\/table>\n<table>\n<tbody>\n<tr>\n<td><img loading=\"lazy\" decoding=\"async\" class=\"alignnone size-full wp-image-402\" src=\"https:\/\/fmp-components.com\/wp-content\/uploads\/2024\/12\/Scissor-Fork-Aerial-Work-Vehicle-Lifting-Hydraulic-Cylinder-Dimensions-3.webp\" alt=\"\" width=\"680\" height=\"300\" title=\"\" srcset=\"https:\/\/fmp-components.com\/wp-content\/uploads\/2024\/12\/Scissor-Fork-Aerial-Work-Vehicle-Lifting-Hydraulic-Cylinder-Dimensions-3.webp 680w, https:\/\/fmp-components.com\/wp-content\/uploads\/2024\/12\/Scissor-Fork-Aerial-Work-Vehicle-Lifting-Hydraulic-Cylinder-Dimensions-3-480x212.webp 480w\" sizes=\"(min-width: 0px) and (max-width: 480px) 480px, (min-width: 481px) 680px, 100vw\" \/><\/td>\n<td><img loading=\"lazy\" decoding=\"async\" class=\"alignnone size-full wp-image-403\" src=\"https:\/\/fmp-components.com\/wp-content\/uploads\/2024\/12\/Scissor-Fork-Aerial-Work-Vehicle-Lifting-Hydraulic-Cylinder-Dimensions-4.webp\" alt=\"\" width=\"680\" height=\"300\" title=\"\" srcset=\"https:\/\/fmp-components.com\/wp-content\/uploads\/2024\/12\/Scissor-Fork-Aerial-Work-Vehicle-Lifting-Hydraulic-Cylinder-Dimensions-4.webp 680w, https:\/\/fmp-components.com\/wp-content\/uploads\/2024\/12\/Scissor-Fork-Aerial-Work-Vehicle-Lifting-Hydraulic-Cylinder-Dimensions-4-480x212.webp 480w\" sizes=\"(min-width: 0px) and (max-width: 480px) 480px, (min-width: 481px) 680px, 100vw\" \/><\/td>\n<\/tr>\n<\/tbody>\n<\/table>\n<table style=\"width: 100%; height: 168px;\" border=\"1\" cellspacing=\"0\" cellpadding=\"0\">\n<tbody>\n<tr style=\"height: 71px;\">\n<td style=\"height: 71px;\" width=\"246\">Nazwa cylindra<\/td>\n<td style=\"height: 71px;\" width=\"336\">Numer rysunku<\/td>\n<td style=\"height: 71px;\" width=\"126\">\u015arednica otworu (D)<\/td>\n<td style=\"height: 71px;\" width=\"123\">\u015arednica pr\u0119ta (d)<\/td>\n<td style=\"height: 71px;\" width=\"114\">Udar (S)<\/td>\n<td style=\"height: 71px;\" width=\"170\">Odleg\u0142o\u015b\u0107 instalacji (L)<\/td>\n<td style=\"height: 71px;\" width=\"172\">Ci\u015bnienie robocze<\/td>\n<td style=\"height: 71px;\" width=\"366\">Wymiary interfejsu (M)<\/td>\n<td style=\"height: 71px;\" width=\"96\">Waga<\/td>\n<\/tr>\n<tr style=\"height: 53px;\">\n<td class=\"et3\" style=\"height: 53px;\" width=\"246\" height=\"222\">Cylinder podnosz\u0105cy<\/td>\n<td class=\"et4\" style=\"height: 53px;\" width=\"336\">JCPT1212HD-531000-00A<\/td>\n<td class=\"et4\" style=\"height: 53px;\" width=\"126\">\u03a675<\/td>\n<td class=\"et4\" style=\"height: 53px;\" width=\"123\">\u03a663<\/td>\n<td class=\"et4\" style=\"height: 53px;\" width=\"114\">1269<\/td>\n<td class=\"et4\" style=\"height: 53px;\" width=\"170\">1530<\/td>\n<td class=\"et4\" style=\"height: 53px;\" width=\"172\">25 MPa<\/td>\n<td class=\"et4\" style=\"height: 53px;\" width=\"366\">G1\/4;M18*1,5<\/td>\n<td class=\"et4\" style=\"height: 53px;\" width=\"96\">60 kg<\/td>\n<\/tr>\n<tr style=\"height: 44px;\">\n<td class=\"et3\" style=\"height: 44px;\" width=\"246\" height=\"222\">Cylinder podnosz\u0105cy<\/td>\n<td class=\"et4\" style=\"height: 44px;\">JCPT0607DCS-531000-00A<\/td>\n<td class=\"et4\" style=\"height: 44px;\">\u03a663<\/td>\n<td class=\"et4\" style=\"height: 44px;\">\u03a640<\/td>\n<td class=\"et4\" style=\"height: 44px;\">563<\/td>\n<td class=\"et4\" style=\"height: 44px;\">812<\/td>\n<td class=\"et4\" style=\"height: 44px;\">20 MPa<\/td>\n<td class=\"et4\" style=\"height: 44px;\">G1\/4;M18*1,5<\/td>\n<td class=\"et4\" style=\"height: 44px;\">17 kg<\/td>\n<\/tr>\n<\/tbody>\n<\/table>\n<h2>Dost\u0119pne marki i modele cylindr\u00f3w hydraulicznych:<\/h2>\n<table border=\"1\" cellspacing=\"0\" cellpadding=\"0\">\n<tbody>\n<tr>\n<td><b data-spm-anchor-id=\"a2700.details.0.i43.45d84a73e99C9z\">KOMATSU (PC)<\/b><\/td>\n<td>PC30, PC40, PC50, PC56, PC60, PC78, PC100, PC110, PC120, PC130, PC160, PC200-3\/5\/6\/7\/8\/8MO, PC210, PC220-5\/6\/7\/8\/8MO, PC240, PC300\/350\/360-5\/6\/7\/8\/8MO, PC400\/450-5\/6\/7\/8\/8MO, PC800, PC850<\/td>\n<\/tr>\n<tr>\n<td><b>G\u0104SIENICA (E)<\/b><\/td>\n<td>E301.5, E302, E305.5, E306, E307V1\/V2\/B\/C\/D\/E\/F, E308B\/C, E120B, E312V1\/V2\/B\/C\/D, E313D2, E312D2, E315D,<br \/>\nE200B,E320V1\/V2\/A\/B\/C\/D,E324D,E325C\/D,E329D,E330\/336C\/D,E345C,E349D,E365C,E374,E390<\/td>\n<\/tr>\n<tr>\n<td><b>KOBELCO (SK)<\/b><\/td>\n<td>SK60-3\/5\/8, SK75-8\/SR, SK100, SK120-3\/5, SK135-8\/SR, SK140-8, SK200-3\/5\/6\/6E, SK210-3\/5\/6\/6E,<br \/>\nSK230\/250-6E, SK250-8, SK260-8, SK350-8\/S8, SK460\/480-8<\/td>\n<\/tr>\n<tr>\n<td><b>HYUNDAI (z prawej)<\/b><\/td>\n<td>R55-5\/7, R60-5\/7, R80, R110, R130, R200-5, R210-5, R215-5\/7, R220-5\/7\/9, R225-5\/7\/9, R250, R260, R265, R290, R305, R445, R485, R505<\/td>\n<\/tr>\n<tr>\n<td><b data-spm-anchor-id=\"a2700.details.0.i53.45d84a73e99C9z\">HITACHI (EX.ZX)<\/b><\/td>\n<td>EX60, EX100-1\/2\/3, EX120-1\/3\/5\/6, EX200-1\/3\/5, EX230-5, EX300-1, EX400<br \/>\nZAX60, ZAX70, ZA120-6, ZAX200\/210-1\/3\/5\/5K, ZAX240, ZAX250, ZAX260, ZAX330-3\/5\/6, ZAX450\/470, ZAX650\/670, ZAX850\/870<\/td>\n<\/tr>\n<tr>\n<td>\n<div class=\"magic-32\"><b data-spm-anchor-id=\"a2700.details.0.i55.45d84a73e99C9z\">DOOSAN (DH\/DX)<\/b><\/div>\n<\/td>\n<td>\n<div class=\"magic-33\"><span class=\"magic-34\">DH55, DH60, DH80, DH150, DH215-5\/7, DH220-5, DH225-5\/7, DH258, DH300-5\/7, DH370, DH420, DH500<br \/>\nDX55, DX60, DX75, DX130, DX225-9, DX300, DX380, DX420, DX500<\/span><\/div>\n<\/td>\n<\/tr>\n<tr>\n<td>\n<div class=\"magic-32\"><b>VOLVO (WE)<\/b><\/div>\n<\/td>\n<td>\n<div class=\"magic-33\"><span class=\"magic-34\">EC55, EC60, EC75, EC80, EC140, EC210B\/D, EC220D, EC240, EC250, EC290, EC300, EC360 EC380, EC460, EC480, EC700, EC750, EC950<\/span><\/div>\n<\/td>\n<\/tr>\n<tr>\n<td>\n<div class=\"magic-32\"><b>KATO (HD)<\/b><\/div>\n<\/td>\n<td>\n<div class=\"magic-33\"><span class=\"magic-34\">HD307\/308,HD450,HD512,HD700-5\/7,HD820-1\/2\/3\/5\/R,HD1023-1\/3,HD1430-1\/3<\/span><\/div>\n<\/td>\n<\/tr>\n<tr>\n<td>\n<div class=\"magic-32\"><b>INNE MARKI<\/b><\/div>\n<\/td>\n<td>\n<div class=\"magic-33\"><span class=\"magic-34\">XCMG, LIUGONG, KUBOTA, CASE, YANMAR, SUNWARD, ZOOMLION, LISHIDE, LIEHERR<\/span><\/div>\n<\/td>\n<\/tr>\n<\/tbody>\n<\/table>\n<h3>Zalety podno\u015bnika no\u017cycowego do podnoszenia pojazd\u00f3w w ruchu podno\u015bnym, cylindra hydraulicznego<\/h3>\n<h4>1. Zwi\u0119kszony ud\u017awig<\/h4>\n<p>Si\u0142ownik hydrauliczny podno\u015bnika wid\u0142owego do podno\u015bnik\u00f3w koszowych zosta\u0142 zaprojektowany z my\u015bl\u0105 o zapewnieniu znacznej si\u0142y ud\u017awigu, umo\u017cliwiaj\u0105c bezpieczne podnoszenie ci\u0119\u017ckich \u0142adunk\u00f3w. Dzi\u0119ki temu operatorzy mog\u0105 sprawnie wykonywa\u0107 r\u00f3\u017cnorodne zadania, od prac budowlanych po konserwacyjne, bez uszczerbku dla bezpiecze\u0144stwa i wydajno\u015bci.<\/p>\n<h4>2. P\u0142ynna i precyzyjna obs\u0142uga<\/h4>\n<p>Wyposa\u017cony w zaawansowany uk\u0142ad hydrauliczny, ten si\u0142ownik podnosz\u0105cy zapewnia p\u0142ynne i kontrolowane ruchy. Operatorzy mog\u0105 \u0142atwo i precyzyjnie regulowa\u0107 wysoko\u015b\u0107 platformy, co u\u0142atwia precyzyjne pozycjonowanie w r\u00f3\u017cnych zastosowaniach i poprawia og\u00f3ln\u0105 wydajno\u015b\u0107 pracy.<\/p>\n<h4>3. Wytrzyma\u0142o\u015b\u0107 i wytrzyma\u0142o\u015b\u0107<\/h4>\n<p>Wykonany z materia\u0142\u00f3w o wysokiej wytrzyma\u0142o\u015bci, hydrauliczny si\u0142ownik podnosz\u0105cy jest odporny na trudne warunki i intensywne u\u017cytkowanie. Ta trwa\u0142o\u015b\u0107 przek\u0142ada si\u0119 na d\u0142u\u017csz\u0105 \u017cywotno\u015b\u0107 i mniejsze wymagania konserwacyjne, co ostatecznie obni\u017ca koszty operacyjne firm.<\/p>\n<h4>4. Funkcje bezpiecze\u0144stwa<\/h4>\n<p>Bezpiecze\u0144stwo jest najwa\u017cniejsze podczas pracy na wysoko\u015bci, a ten si\u0142ownik hydrauliczny posiada funkcje zapobiegaj\u0105ce nag\u0142ym ruchom i zwi\u0119kszaj\u0105ce stabilno\u015b\u0107. Te mechanizmy bezpiecze\u0144stwa zapewniaj\u0105 operatorom spok\u00f3j ducha, pozwalaj\u0105c im skupi\u0107 si\u0119 na swoich zadaniach, jednocze\u015bnie zmniejszaj\u0105c ryzyko wypadk\u00f3w.<\/p>\n<h4>5. Wszechstronno\u015b\u0107 w r\u00f3\u017cnych zastosowaniach<\/h4>\n<p>Si\u0142ownik hydrauliczny do podnoszenia podno\u015bnik\u00f3w koszowych z wid\u0142ami no\u017cycowymi jest wszechstronny i odpowiedni do wielu bran\u017c, w tym budownictwa, konserwacji i zastosowa\u0144 przemys\u0142owych. Jego wszechstronno\u015b\u0107 sprawia, \u017ce \u200b\u200bjest to niezb\u0119dne narz\u0119dzie dla ka\u017cdej organizacji korzystaj\u0105cej z podno\u015bnik\u00f3w koszowych, zapewniaj\u0105c efektywne wykonywanie r\u00f3\u017cnorodnych zada\u0144 na wysoko\u015bci.<\/p>\n<table style=\"width: 100.251%; height: 397px;\" width=\"290\">\n<tbody>\n<tr style=\"height: 397px;\">\n<td style=\"width: 52.0342%; height: 397px;\" width=\"226\"><img loading=\"lazy\" decoding=\"async\" class=\"wp-image-399 aligncenter\" src=\"https:\/\/fmp-components.com\/wp-content\/uploads\/2024\/12\/Scissor-Fork-Aerial-Work-Vehicle-Lifting-Hydraulic-Cylinder-Applications-2.webp\" alt=\"\" width=\"399\" height=\"399\" title=\"\"><\/td>\n<td style=\"width: 47.3234%; height: 397px;\" width=\"64\"><img loading=\"lazy\" decoding=\"async\" class=\"alignnone wp-image-398\" src=\"https:\/\/fmp-components.com\/wp-content\/uploads\/2024\/12\/Scissor-Fork-Aerial-Work-Vehicle-Lifting-Hydraulic-Cylinder-Applications-1.webp\" alt=\"\" width=\"401\" height=\"401\" title=\"\"><\/td>\n<\/tr>\n<\/tbody>\n<\/table>\n<h2>O FMP<\/h2>\n<p>FMP to wyspecjalizowany producent si\u0142ownik\u00f3w hydraulicznych, znany z silnego nacisku na badania i doskona\u0142o\u015b\u0107 produkcji. Od pocz\u0105tku swojej dzia\u0142alno\u015bci firma koncentruje si\u0119 na ci\u0105g\u0142ym rozwoju technologii si\u0142ownik\u00f3w hydraulicznych. Pocz\u0105tkowo FMP produkowa\u0142a r\u00f3\u017cnorodn\u0105 gam\u0119 produkt\u00f3w do maszyn \u017cniwnych i budowlanych, jednak od tego czasu skoncentrowa\u0142a si\u0119 na komponentach do ci\u0105gnik\u00f3w rolniczych.<\/p>\n<p>Dzi\u0119ki ponad dziesi\u0119cioletniemu do\u015bwiadczeniu w produkcji, FMP \u0142\u0105czy bogate do\u015bwiadczenie w zarz\u0105dzaniu z zaawansowanymi technologiami produkcyjnymi, aby zapewni\u0107 najwy\u017csze standardy jako\u015bci swoich produkt\u00f3w. Firma stworzy\u0142a kompleksow\u0105 lini\u0119 produkcyjn\u0105 do obr\u00f3bki mechanicznej, lini\u0119 monta\u017cow\u0105 oraz lini\u0119 do powlekania, co pozwala jej na dostarczanie niezawodnych i wydajnych proces\u00f3w produkcyjnych.<\/p>\n<p>Rozw\u00f3j FMP jest wspierany przez dedykowany zesp\u00f3\u0142 sk\u0142adaj\u0105cy si\u0119 z do\u015bwiadczonej kadry zarz\u0105dzaj\u0105cej, wykwalifikowanych projektant\u00f3w mechaniki i wysoko wykwalifikowanych technik\u00f3w. To podej\u015bcie oparte na wsp\u00f3\u0142pracy zapewnia sta\u0142\u0105 jako\u015b\u0107 produkt\u00f3w i skutecznie zarz\u0105dza ci\u0105g\u0142o\u015bci\u0105 proces\u00f3w, zwi\u0119kszaj\u0105c og\u00f3ln\u0105 wydajno\u015b\u0107 produkcji.<\/p>\n<p>Podstaw\u0105 filozofii FMP s\u0105 warto\u015bci: \u201eInnowacje technologiczne nap\u0119dzaj\u0105 post\u0119p\u201d, \u201eJako\u015b\u0107 tworzy marki\u201d, \u201eRzemios\u0142o zapewniaj\u0105ce jako\u015b\u0107\u201d oraz \u201eBudowanie d\u0142ugoterminowych relacji korzystnych dla obu stron\u201d. Firma d\u0105\u017cy do dostarczania wysokiej jako\u015bci produkt\u00f3w i zapewniania wyj\u0105tkowej obs\u0142ugi klienta. FMP nieustannie d\u0105\u017cy do dostosowywania si\u0119 do zmieniaj\u0105cych si\u0119 potrzeb rynku, pozycjonuj\u0105c si\u0119 jako zaufany partner w bran\u017cy maszyn rolniczych. Dzi\u0119ki swojemu zaanga\u017cowaniu w innowacje i jako\u015b\u0107, FMP d\u0105\u017cy do znacz\u0105cego wk\u0142adu w rozw\u00f3j technologii hydraulicznej w sektorze rolniczym.<\/p>\n<p><img loading=\"lazy\" decoding=\"async\" class=\"alignnone wp-image-359\" src=\"https:\/\/fmp-components.com\/wp-content\/uploads\/2024\/12\/fmp-factory-3.webp\" sizes=\"(min-width: 0px) and (max-width: 480px) 480px, (min-width: 481px) 914px, 100vw\" srcset=\"https:\/\/fmp-components.com\/wp-content\/uploads\/2024\/12\/fmp-factory-3.webp 914w, https:\/\/fmp-components.com\/wp-content\/uploads\/2024\/12\/fmp-factory-3-480x321.webp 480w\" alt=\"fabryka fmp\" width=\"914\" height=\"612\" title=\"\"><\/p>\n<p>Autor: CX<\/p>","protected":false},"excerpt":{"rendered":"<p>Si\u0142ownik hydrauliczny podno\u015bnika no\u017cycowego do podno\u015bnik\u00f3w koszowych to kluczowy element zaprojektowany w celu zapewnienia niezb\u0119dnej si\u0142y ud\u017awigu dla platform podno\u015bnikowych no\u017cycowych. Zaprojektowany z my\u015bl\u0105 o wydajno\u015bci i niezawodno\u015bci, ten si\u0142ownik hydrauliczny umo\u017cliwia p\u0142ynne i kontrolowane podnoszenie platformy, umo\u017cliwiaj\u0105c operatorom bezpieczny dost\u0119p do podniesionych obszar\u00f3w roboczych. Wykonany z materia\u0142\u00f3w o wysokiej wytrzyma\u0142o\u015bci, wytrzymuje du\u017ce obci\u0105\u017cenia i trudne warunki, zapewniaj\u0105c d\u0142ugotrwa\u0142\u0105 wydajno\u015b\u0107. Zaawansowany uk\u0142ad hydrauliczny u\u0142atwia precyzyjne podnoszenie i opuszczanie, dzi\u0119ki czemu idealnie nadaje si\u0119 do r\u00f3\u017cnorodnych zastosowa\u0144 w budownictwie, konserwacji i przemy\u015ble. Dzi\u0119ki temu si\u0142ownikowi hydraulicznemu operatorzy mog\u0105 zwi\u0119kszy\u0107 wydajno\u015b\u0107, zapewniaj\u0105c jednocze\u015bnie bezpiecze\u0144stwo na wysoko\u015bci.<\/p>","protected":false},"featured_media":407,"comment_status":"open","ping_status":"closed","template":"","meta":{"_et_pb_use_builder":"","_et_pb_old_content":"","_et_gb_content_width":""},"product_brand":[],"product_cat":[22],"product_tag":[],"class_list":{"0":"post-397","1":"product","2":"type-product","3":"status-publish","4":"has-post-thumbnail","6":"product_cat-aerial-work-vehicle-hydraulic-cylinders","8":"first","9":"instock","10":"shipping-taxable","11":"product-type-simple"},"_links":{"self":[{"href":"https:\/\/fmp-components.com\/pl\/wp-json\/wp\/v2\/product\/397","targetHints":{"allow":["GET"]}}],"collection":[{"href":"https:\/\/fmp-components.com\/pl\/wp-json\/wp\/v2\/product"}],"about":[{"href":"https:\/\/fmp-components.com\/pl\/wp-json\/wp\/v2\/types\/product"}],"replies":[{"embeddable":true,"href":"https:\/\/fmp-components.com\/pl\/wp-json\/wp\/v2\/comments?post=397"}],"wp:featuredmedia":[{"embeddable":true,"href":"https:\/\/fmp-components.com\/pl\/wp-json\/wp\/v2\/media\/407"}],"wp:attachment":[{"href":"https:\/\/fmp-components.com\/pl\/wp-json\/wp\/v2\/media?parent=397"}],"wp:term":[{"taxonomy":"product_brand","embeddable":true,"href":"https:\/\/fmp-components.com\/pl\/wp-json\/wp\/v2\/product_brand?post=397"},{"taxonomy":"product_cat","embeddable":true,"href":"https:\/\/fmp-components.com\/pl\/wp-json\/wp\/v2\/product_cat?post=397"},{"taxonomy":"product_tag","embeddable":true,"href":"https:\/\/fmp-components.com\/pl\/wp-json\/wp\/v2\/product_tag?post=397"}],"curies":[{"name":"wp","href":"https:\/\/api.w.org\/{rel}","templated":true}]}}