{"id":3697,"date":"2025-01-09T07:44:24","date_gmt":"2025-01-09T07:44:24","guid":{"rendered":"https:\/\/fmp-components.com\/?page_id=8"},"modified":"2025-01-09T07:44:24","modified_gmt":"2025-01-09T07:44:24","slug":"wheel-drive-planetary-gearbox-reducer-for-cranes","status":"publish","type":"product","link":"https:\/\/fmp-components.com\/pl\/product\/wheel-drive-planetary-gearbox-reducer-for-cranes\/","title":{"rendered":"Przek\u0142adnia planetarna z nap\u0119dem na ko\u0142a do d\u017awig\u00f3w"},"content":{"rendered":"<p style=\"text-align: center;\"><span style=\"font-size: 18pt;\">Przek\u0142adnia planetarna z nap\u0119dem na ko\u0142a do d\u017awig\u00f3w<\/span><\/p>\n<p>Przek\u0142adnia planetarna z nap\u0119dem na ko\u0142a w d\u017awigach jest kluczowym elementem zapewniaj\u0105cym mobilno\u015b\u0107 i stabilno\u015b\u0107 \u017curawi. Odpowiada za przekazywanie mocy z silnika \u017curawia na ko\u0142a, zapewniaj\u0105c p\u0142ynny i kontrolowany ruch. W zale\u017cno\u015bci od konfiguracji k\u00f3\u0142 \u017curawia, do nap\u0119dzania ka\u017cdego ko\u0142a mo\u017cna zastosowa\u0107 wiele przek\u0142adni planetarnych, co umo\u017cliwia efektywne manewrowanie \u017curawiem w zr\u00f3\u017cnicowanych warunkach pracy.<\/p>\n<p><img loading=\"lazy\" decoding=\"async\" class=\"wp-image-3698 aligncenter\" src=\"https:\/\/fmp-components.com\/wp-content\/uploads\/2025\/01\/0_wheel-drive-application-2-11.webp\" alt=\"aplikacja z nap\u0119dem na ko\u0142a\" width=\"537\" height=\"453\" title=\"\" srcset=\"https:\/\/fmp-components.com\/wp-content\/uploads\/2025\/01\/0_wheel-drive-application-2-11.webp 344w, https:\/\/fmp-components.com\/wp-content\/uploads\/2025\/01\/0_wheel-drive-application-2-11-300x253.webp 300w, https:\/\/fmp-components.com\/wp-content\/uploads\/2025\/01\/0_wheel-drive-application-2-11-14x12.webp 14w\" sizes=\"(max-width: 537px) 100vw, 537px\" \/><\/p>\n<p><strong>Wymagania dotycz\u0105ce wydajno\u015bci nap\u0119du ko\u0142owego w d\u017awigach<\/strong><\/p>\n<ul>\n<li><strong>Wysoka no\u015bno\u015b\u0107 momentu obrotowego:<\/strong> Przek\u0142adnia musi by\u0107 w stanie ud\u017awign\u0105\u0107 du\u017ce obci\u0105\u017cenia d\u017awigu, gwarantuj\u0105c niezawodne przeniesienie mocy na ko\u0142a w trudnych warunkach.<\/li>\n<li><strong>Praca o niskim poziomie ha\u0142asu:<\/strong> Aby zminimalizowa\u0107 ha\u0142as w miejscu pracy, przek\u0142adnia zosta\u0142a zaprojektowana tak, aby pracowa\u0107 cicho, zapewniaj\u0105c spokojne \u015brodowisko pracy.<\/li>\n<li><strong>Wysoka wydajno\u015b\u0107:<\/strong> Przek\u0142adnia powinna umo\u017cliwia\u0107 wydajne przenoszenie mocy, redukuj\u0105c straty energii i optymalizuj\u0105c prac\u0119 d\u017awigu w celu uzyskania maksymalnej wydajno\u015bci.<\/li>\n<li><strong>Trwa\u0142o\u015b\u0107:<\/strong> Przek\u0142adnia zosta\u0142a zaprojektowana tak, aby wytrzyma\u0107 trudne warunki pracy, w tym ekstremalne warunki pogodowe i intensywne u\u017cytkowanie, co zapewnia d\u0142ug\u0105 \u017cywotno\u015b\u0107.<\/li>\n<li><strong>Stabilno\u015b\u0107:<\/strong> Przek\u0142adnia odgrywa kluczow\u0105 rol\u0119 w zapewnieniu stabilnej pracy d\u017awigu na platformie, zachowaniu r\u00f3wnowagi i kontroli podczas podnoszenia i przenoszenia ci\u0119\u017ckich \u0142adunk\u00f3w.<\/li>\n<\/ul>\n<h2>Jak dzia\u0142a nap\u0119d ko\u0142owy w d\u017awigach<\/h2>\n<p>Nap\u0119d ko\u0142owy w d\u017awigach odnosi si\u0119 do mechanizmu, kt\u00f3ry nap\u0119dza ko\u0142a d\u017awigu, umo\u017cliwiaj\u0105c mu poruszanie si\u0119 po torze lub po powierzchni. System ten zazwyczaj wykorzystuje silniki elektryczne lub hydrauliczne pod\u0142\u0105czone do k\u00f3\u0142, kt\u00f3re generuj\u0105 moment obrotowy niezb\u0119dny do poruszania d\u017awigiem. Rodzaj zastosowanego nap\u0119du (hydrauliczny lub elektryczny) zale\u017cy od konstrukcji d\u017awigu i wymaga\u0144 dotycz\u0105cych zastosowania.<\/p>\n<p>W elektrycznych uk\u0142adach nap\u0119dowych, silniki elektryczne dostarczaj\u0105 energi\u0119 do k\u00f3\u0142 za po\u015brednictwem szeregu przek\u0142adni redukcyjnych lub nap\u0119d\u00f3w bezpo\u015brednich. Silniki s\u0105 cz\u0119sto zasilane z g\u0142\u00f3wnego \u017ar\u00f3d\u0142a zasilania d\u017awigu lub ze \u017ar\u00f3d\u0142a zewn\u0119trznego. Silniki te mog\u0105 by\u0107 sterowane za pomoc\u0105 zaawansowanych system\u00f3w, reguluj\u0105cych pr\u0119dko\u015b\u0107, kierunek i przyspieszenie d\u017awigu, co zapewnia precyzj\u0119 i wydajno\u015b\u0107.<\/p>\n<p>Z kolei hydrauliczne uk\u0142ady nap\u0119dowe k\u00f3\u0142 wykorzystuj\u0105 silniki hydrauliczne do nap\u0119dzania k\u00f3\u0142. Silniki te s\u0105 zasilane przez pompy hydrauliczne, kt\u00f3re zazwyczaj nap\u0119dzane s\u0105 silnikiem wysokopr\u0119\u017cnym lub elektrycznym. Nap\u0119d hydrauliczny zapewnia wysoki moment obrotowy i jest cz\u0119sto preferowany w d\u017awigach, kt\u00f3re musz\u0105 przenosi\u0107 du\u017ce \u0142adunki lub pracowa\u0107 w trudnych warunkach, gdzie wymagana jest du\u017ca moc wyj\u015bciowa i solidna wydajno\u015b\u0107.<\/p>\n<p><img loading=\"lazy\" decoding=\"async\" class=\"wp-image-3699 aligncenter\" src=\"https:\/\/fmp-components.com\/wp-content\/uploads\/2025\/01\/0_Reggiana-Riduttori-71.webp\" alt=\"Reggiana-Riduttori\" width=\"726\" height=\"620\" title=\"\" srcset=\"https:\/\/fmp-components.com\/wp-content\/uploads\/2025\/01\/0_Reggiana-Riduttori-71.webp 726w, https:\/\/fmp-components.com\/wp-content\/uploads\/2025\/01\/0_Reggiana-Riduttori-71-480x410.webp 480w\" sizes=\"(min-width: 0px) and (max-width: 480px) 480px, (min-width: 481px) 726px, 100vw\" \/><\/p>\n<h2>Popularne marki i kompatybilno\u015b\u0107<\/h2>\n<p><span style=\"color: #ff0000;\"><em><strong>Uwaga: nazwy marek wymienione w artykule s\u0142u\u017c\u0105 jedynie wygodzie klient\u00f3w, umo\u017cliwiaj\u0105c im wyb\u00f3r i wymian\u0119 akcesori\u00f3w odpowiedniej marki maszyn rolniczych. Nie oznaczaj\u0105 one sprzeda\u017cy produkt\u00f3w tej marki.<\/strong><\/em><\/span><\/p>\n<table style=\"width: 96.3288%; height: 140px;\">\n<tbody>\n<tr>\n<th>Marka<\/th>\n<th>Model<\/th>\n<th>Zgodno\u015b\u0107<\/th>\n<\/tr>\n<tr>\n<td>Zoomlion<\/td>\n<td>QUY260<\/td>\n<td>Zgodny<\/td>\n<\/tr>\n<tr>\n<td>XCMG<\/td>\n<td>QY50K<\/td>\n<td>Zgodny<\/td>\n<\/tr>\n<tr>\n<td>Sany<\/td>\n<td>STC250<\/td>\n<td>Zgodny<\/td>\n<\/tr>\n<tr>\n<td>Terex<\/td>\n<td>RT555-1<\/td>\n<td>Zgodny<\/td>\n<\/tr>\n<\/tbody>\n<\/table>\n<h2>O FMP<\/h2>\n<p>FMP to wiod\u0105cy producent specjalizuj\u0105cy si\u0119 w produkcji szerokiej gamy mechanicznych i hydraulicznych przek\u0142adni. Nasza oferta obejmuje przek\u0142adnie planetarne, reduktory \u015blimakowe, reduktory walcowe, reduktory walcowe z wa\u0142ami p\u0142askimi, reduktory walcowo-sto\u017ckowe, reduktory walcowo-\u015blimakowe, przek\u0142adnie rolnicze, przek\u0142adnie do ci\u0105gnik\u00f3w, przek\u0142adnie samochodowe, wa\u0142y odbioru mocy oraz reduktory specjalistyczne. Ponadto oferujemy szeroki wyb\u00f3r komponent\u00f3w uzupe\u0142niaj\u0105cych, takich jak ko\u0142a z\u0119bate, uk\u0142ady hydrauliczne, pompy pr\u00f3\u017cniowe, sprz\u0119g\u0142a hydrauliczne, z\u0119batki, \u0142a\u0144cuchy, ko\u0142a pasowe rozrz\u0105du, przek\u0142adnie UDL, ko\u0142a pasowe klinowe, cylindry hydrauliczne, pompy z\u0119bate, spr\u0119\u017carki \u015brubowe oraz reduktory \u015blimakowe o niskim luzie.<\/p>\n<p><strong>Rozwi\u0105zania dostosowane do ka\u017cdej potrzeby<\/strong><\/p>\n<p>W FMP rozumiemy, \u017ce ka\u017cda aplikacja jest wyj\u0105tkowa. Dlatego oferujemy w pe\u0142ni konfigurowalne rozwi\u0105zania, w tym przek\u0142adnie na zam\u00f3wienie, motoreduktory, uk\u0142ady hydrauliczne i silniki zaprojektowane tak, aby spe\u0142ni\u0107 specyficzne wymagania naszych klient\u00f3w. Nasze elastyczne mo\u017cliwo\u015bci produkcyjne pozwalaj\u0105 nam tworzy\u0107 precyzyjnie zaprojektowane produkty, dostosowane do indywidualnych potrzeb, zapewniaj\u0105ce maksymaln\u0105 wydajno\u015b\u0107 i optymaln\u0105 wydajno\u015b\u0107 w ka\u017cdym zastosowaniu.<\/p>\n<p><strong>Zaanga\u017cowanie w jako\u015b\u0107 i innowacj\u0119<\/strong><\/p>\n<p>Dok\u0142adamy wszelkich stara\u0144, aby utrzyma\u0107 najwy\u017csze standardy jako\u015bci i niezawodno\u015bci ka\u017cdego produktu, kt\u00f3ry wytwarzamy. Nasz zaawansowany sprz\u0119t do testowania i kontroli, a tak\u017ce wysoko wykwalifikowany zesp\u00f3\u0142 techniczny, gwarantuj\u0105, \u017ce ka\u017cdy produkt spe\u0142nia rygorystyczne standardy bran\u017cowe. Niezale\u017cnie od tego, czy dostarczamy standardowe rozwi\u0105zania, czy tworzymy produkty na zam\u00f3wienie, FMP dok\u0142ada wszelkich stara\u0144, aby zapewni\u0107 najwy\u017csz\u0105 jako\u015b\u0107 i wyj\u0105tkow\u0105 wydajno\u015b\u0107 nawet w najbardziej wymagaj\u0105cych warunkach.<\/p>\n<p>W ostatnich latach FMP odnotowa\u0142o dynamiczny rozw\u00f3j, nap\u0119dzany bogatym do\u015bwiadczeniem produkcyjnym, solidnymi systemami zarz\u0105dzania i solidn\u0105 wiedz\u0105 techniczn\u0105. Nasza filozofia \u201ejako\u015b\u0107 dla przetrwania i innowacja dla rozwoju\u201d stanowi fundament naszego sukcesu, nap\u0119dzaj\u0105c ci\u0105g\u0142e doskonalenie i rozw\u00f3j.<\/p>\n<p><strong>Partnerstwo dla sukcesu<\/strong><\/p>\n<p>W FMP priorytetowo traktujemy wsp\u00f3\u0142prac\u0119 i d\u0142ugoterminowe partnerstwa z naszymi klientami. \u015aci\u015ble wsp\u00f3\u0142pracujemy z naszymi klientami, aby dostarcza\u0107 innowacyjne i niezawodne rozwi\u0105zania, kt\u00f3re przewy\u017cszaj\u0105 ich oczekiwania. Naszym celem jest nie tylko zaspokajanie potrzeb klient\u00f3w, ale tak\u017ce budowanie trwa\u0142ych relacji opartych na zaufaniu, jako\u015bci i wsp\u00f3lnym sukcesie.<\/p>\n<p>Koncentruj\u0105c si\u0119 na precyzyjnej in\u017cynierii, niezawodno\u015bci i spersonalizowanych us\u0142ugach, FMP jest zaufanym partnerem w zakresie wszystkich Pa\u0144stwa potrzeb w zakresie przek\u0142adni mechanicznych i hydraulicznych. Z niecierpliwo\u015bci\u0105 czekamy na wsp\u00f3\u0142prac\u0119 z Pa\u0144stwem, aby wsp\u00f3lnie osi\u0105gn\u0105\u0107 sukces i doskona\u0142o\u015b\u0107.<\/p>\n<p><img loading=\"lazy\" decoding=\"async\" class=\"alignnone size-full wp-image-3678\" src=\"https:\/\/fmp-components.com\/wp-content\/uploads\/2025\/01\/worm-gearbox-factory1.webp\" alt=\"fabryka przek\u0142adni \u015blimakowych\" width=\"1024\" height=\"888\" title=\"\" srcset=\"https:\/\/fmp-components.com\/wp-content\/uploads\/2025\/01\/worm-gearbox-factory1.webp 1024w, https:\/\/fmp-components.com\/wp-content\/uploads\/2025\/01\/worm-gearbox-factory1-980x850.webp 980w, https:\/\/fmp-components.com\/wp-content\/uploads\/2025\/01\/worm-gearbox-factory1-480x416.webp 480w\" sizes=\"(min-width: 0px) and (max-width: 480px) 480px, (min-width: 481px) and (max-width: 980px) 980px, (min-width: 981px) 1024px, 100vw\" \/><\/p>\n<p>Autor: CX<\/p>","protected":false},"excerpt":{"rendered":"<p>Wheel Drive Planetary Gearbox Reducer for Cranes The wheel drive planetary gearbox reducer for cranes is a key component in providing mobility and stability to cranes. It is responsible for transmitting power from the crane\u2019s engine to the wheels, ensuring smooth and controlled movement. Depending on the crane&#8217;s wheel configuration, multiple planetary gearboxes may be [&hellip;]<\/p>","protected":false},"featured_media":3700,"comment_status":"open","ping_status":"closed","template":"","meta":{"_et_pb_use_builder":"","_et_pb_old_content":"","_et_gb_content_width":""},"product_brand":[],"product_cat":[90],"product_tag":[],"class_list":{"0":"post-3697","1":"product","2":"type-product","3":"status-publish","4":"has-post-thumbnail","6":"product_cat-planetary-gearbox","8":"first","9":"instock","10":"shipping-taxable","11":"product-type-simple"},"_links":{"self":[{"href":"https:\/\/fmp-components.com\/pl\/wp-json\/wp\/v2\/product\/3697","targetHints":{"allow":["GET"]}}],"collection":[{"href":"https:\/\/fmp-components.com\/pl\/wp-json\/wp\/v2\/product"}],"about":[{"href":"https:\/\/fmp-components.com\/pl\/wp-json\/wp\/v2\/types\/product"}],"replies":[{"embeddable":true,"href":"https:\/\/fmp-components.com\/pl\/wp-json\/wp\/v2\/comments?post=3697"}],"wp:featuredmedia":[{"embeddable":true,"href":"https:\/\/fmp-components.com\/pl\/wp-json\/wp\/v2\/media\/3700"}],"wp:attachment":[{"href":"https:\/\/fmp-components.com\/pl\/wp-json\/wp\/v2\/media?parent=3697"}],"wp:term":[{"taxonomy":"product_brand","embeddable":true,"href":"https:\/\/fmp-components.com\/pl\/wp-json\/wp\/v2\/product_brand?post=3697"},{"taxonomy":"product_cat","embeddable":true,"href":"https:\/\/fmp-components.com\/pl\/wp-json\/wp\/v2\/product_cat?post=3697"},{"taxonomy":"product_tag","embeddable":true,"href":"https:\/\/fmp-components.com\/pl\/wp-json\/wp\/v2\/product_tag?post=3697"}],"curies":[{"name":"wp","href":"https:\/\/api.w.org\/{rel}","templated":true}]}}