{"id":3691,"date":"2025-01-09T06:50:44","date_gmt":"2025-01-09T06:50:44","guid":{"rendered":"https:\/\/fmp-components.com\/?page_id=8"},"modified":"2025-01-09T06:59:56","modified_gmt":"2025-01-09T06:59:56","slug":"wheel-drive-planetary-gearbox-reducer-for-land-clearing-stone-crusher","status":"publish","type":"product","link":"https:\/\/fmp-components.com\/pl\/product\/wheel-drive-planetary-gearbox-reducer-for-land-clearing-stone-crusher\/","title":{"rendered":"Reduktor przek\u0142adni planetarnej z nap\u0119dem na ko\u0142a do kruszarki kamieni karczuj\u0105cych"},"content":{"rendered":"<div class=\"flex max-w-full flex-col flex-grow\">\n<div class=\"min-h-8 text-message flex w-full flex-col items-end gap-2 whitespace-normal break-words text-start [.text-message+&amp;]:mt-5\" dir=\"auto\" data-message-author-role=\"assistant\" data-message-id=\"cb00f25b-f818-4caf-841a-79c479bfaa7e\" data-message-model-slug=\"gpt-4o\">\n<div class=\"flex w-full flex-col gap-1 empty:hidden first:pt-[3px]\">\n<div class=\"markdown prose w-full break-words dark:prose-invert light\">\n<h2>Lokalizacja skrzyni bieg\u00f3w w kruszarce kamieni do karczowania terenu<\/h2>\n<p>Przek\u0142adnia w kruszarce do karczowania grunt\u00f3w znajduje si\u0119 zazwyczaj pomi\u0119dzy silnikiem a mechanizmem kruszarki, zazwyczaj zamontowanym bezpo\u015brednio do ramy g\u0142\u00f3wnej maszyny. Jest ona kluczowym elementem przekazuj\u0105cym moc z silnika do wirnika lub komory kruszenia kruszarki, co odpowiada za rozdrabnianie du\u017cych kamieni i gruzu na mniejsze, \u0142atwiejsze do opanowania fragmenty.<\/p>\n<p>Przek\u0142adnia jest cz\u0119sto umieszczona z ty\u0142u lub z boku kruszarki, po\u0142\u0105czona z g\u0142\u00f3wn\u0105 jednostk\u0105 krusz\u0105c\u0105 za pomoc\u0105 szeregu wa\u0142\u00f3w i sprz\u0119gie\u0142. Takie umiejscowienie zapewnia, \u017ce \u200b\u200bprzek\u0142adnia sprawnie obs\u0142uguje wysoki moment obrotowy wymagany do kruszenia, zachowuj\u0105c jednocze\u015bnie prawid\u0142owe ustawienie wzgl\u0119dem silnika. Mo\u017ce by\u0107 umieszczona w obudowie ochronnej, chroni\u0105cej j\u0105 przed zanieczyszczeniami, py\u0142em i czynnikami \u015brodowiskowymi, typowymi dla prac karczowniczych.<\/p>\n<p>W wielu kruszarkach kamieni s\u0142u\u017c\u0105cych do karczowania grunt\u00f3w przek\u0142adnia jest projektowana tak, aby wytrzymywa\u0142a znaczne obci\u0105\u017cenia mechaniczne, gdy\u017c zamienia energi\u0119 obrotow\u0105 silnika na wymagany moment obrotowy do obs\u0142ugi mechanizmu krusz\u0105cego, zapewniaj\u0105c wydajn\u0105 i niezawodn\u0105 obr\u00f3bk\u0119 kamienia.<\/p>\n<p><img loading=\"lazy\" decoding=\"async\" class=\"alignnone wp-image-3694\" src=\"https:\/\/fmp-components.com\/wp-content\/uploads\/2025\/01\/0_wheel-drive-Land-Clearing-Stone-Crusher-11.webp\" alt=\"kruszarka do kamieni z nap\u0119dem na ko\u0142a\" width=\"933\" height=\"525\" title=\"\" srcset=\"https:\/\/fmp-components.com\/wp-content\/uploads\/2025\/01\/0_wheel-drive-Land-Clearing-Stone-Crusher-11.webp 933w, https:\/\/fmp-components.com\/wp-content\/uploads\/2025\/01\/0_wheel-drive-Land-Clearing-Stone-Crusher-11-480x270.webp 480w\" sizes=\"(min-width: 0px) and (max-width: 480px) 480px, (min-width: 481px) 933px, 100vw\" \/><\/p>\n<h2>Funkcja przek\u0142adni planetarnej z nap\u0119dem na ko\u0142a w kruszarce kamieni do karczowania terenu<\/h2>\n<p>Przek\u0142adnia planetarna z nap\u0119dem na ko\u0142a w kruszarce do karczowania grunt\u00f3w odgrywa kluczow\u0105 rol\u0119 w efektywnym przenoszeniu mocy z silnika spalinowego na ko\u0142a lub g\u0105sienice maszyny. Jej g\u0142\u00f3wnym zadaniem jest redukcja pr\u0119dko\u015bci obrotowej silnika przy jednoczesnym zwi\u0119kszeniu momentu obrotowego, umo\u017cliwiaj\u0105c kruszarce poruszanie si\u0119 po nier\u00f3wnym terenie, typowym dla prac karczowniczych.<\/p>\n<p><strong>1. Przenoszenie mocy i mno\u017cenie momentu obrotowego:<\/strong> Przek\u0142adnia planetarna efektywnie przekazuje moc generowan\u0105 przez silnik na ko\u0142a lub g\u0105sienice. Dzi\u0119ki zestawowi k\u00f3\u0142 z\u0119batych u\u0142o\u017conych w uk\u0142adzie planetarnym, przek\u0142adnia zmniejsza pr\u0119dko\u015b\u0107 wej\u015bciow\u0105 i zwi\u0119ksza moment obrotowy, zapewniaj\u0105c kruszarce si\u0142\u0119 niezb\u0119dn\u0105 do poruszania si\u0119 po trudnych nawierzchniach, takich jak ska\u0142y, ziemia i nier\u00f3wny teren. Zapewnia to lepsz\u0105 przyczepno\u015b\u0107 i zwrotno\u015b\u0107, gwarantuj\u0105c maszynie mo\u017cliwo\u015b\u0107 poruszania si\u0119 w trudnych warunkach bez ryzyka zaklinowania.<\/p>\n<p><strong>2. P\u0142ynna i wydajna praca:<\/strong> Planetarna konstrukcja przek\u0142adni zapewnia r\u00f3wnomierny rozk\u0142ad obci\u0105\u017cenia na ko\u0142a z\u0119bate, zmniejszaj\u0105c zu\u017cycie i jednocze\u015bnie zwi\u0119kszaj\u0105c efektywno\u015b\u0107 przenoszenia mocy. Przyczynia si\u0119 to do p\u0142ynniejszej pracy i d\u0142u\u017cszej \u017cywotno\u015bci podzespo\u0142\u00f3w uk\u0142adu nap\u0119dowego maszyny. Pomaga r\u00f3wnie\u017c zapewni\u0107 sta\u0142\u0105 pr\u0119dko\u015b\u0107 maszyny, co jest niezb\u0119dne do optymalizacji wydajno\u015bci kruszenia i oszcz\u0119dno\u015bci paliwa podczas prac karczowniczych.<\/p>\n<p><strong>3. Zwi\u0119kszona trwa\u0142o\u015b\u0107 i niezawodno\u015b\u0107:<\/strong> W przypadku kruszarek do karczowania grunt\u00f3w, warunki pracy s\u0105 cz\u0119sto trudne, obejmuj\u0105c ci\u0119\u017ckie zadania, takie jak kruszenie du\u017cych ska\u0142 i poruszanie si\u0119 po nier\u00f3wnym terenie. Przek\u0142adnia planetarna zosta\u0142a zaprojektowana tak, aby wytrzyma\u0107 wysoki moment obrotowy i obci\u0105\u017cenia, zapewniaj\u0105c trwa\u0142o\u015b\u0107 i niezawodno\u015b\u0107 w tak wymagaj\u0105cych warunkach. Zapewnia ona ci\u0105g\u0142\u0105 prac\u0119 kruszarki z optymaln\u0105 wydajno\u015bci\u0105 bez uszczerbku dla integralno\u015bci mechanicznej maszyny, co czyni j\u0105 kluczowym elementem maksymalizuj\u0105cym czas sprawno\u015bci i wydajno\u015b\u0107.<\/p>\n<p>Podsumowuj\u0105c, przek\u0142adnia planetarna z nap\u0119dem na ko\u0142a w kruszarce kamieniarskiej do karczowania terenu jest niezb\u0119dna, aby zapewni\u0107 odpowiedni moment obrotowy, p\u0142ynn\u0105 prac\u0119 i trwa\u0142o\u015b\u0107 przy wykonywaniu zar\u00f3wno ci\u0119\u017ckich zada\u0144 kruszenia, jak i poruszaniu si\u0119 po trudnym terenie.<\/p>\n<p><img loading=\"lazy\" decoding=\"async\" class=\"alignnone wp-image-3696\" src=\"https:\/\/fmp-components.com\/wp-content\/uploads\/2025\/01\/0_wheel-drive-Apple-harvester-machine-61.webp\" alt=\"maszyna do zbioru jab\u0142ek z nap\u0119dem na ko\u0142a\" width=\"914\" height=\"513\" title=\"\" srcset=\"https:\/\/fmp-components.com\/wp-content\/uploads\/2025\/01\/0_wheel-drive-Apple-harvester-machine-61.webp 914w, https:\/\/fmp-components.com\/wp-content\/uploads\/2025\/01\/0_wheel-drive-Apple-harvester-machine-61-480x269.webp 480w\" sizes=\"(min-width: 0px) and (max-width: 480px) 480px, (min-width: 481px) 914px, 100vw\" \/><\/p>\n<h2>Dane techniczne<\/h2>\n<table border=\"2\">\n<tbody>\n<tr>\n<td>No\u015bno\u015b\u0107<\/td>\n<td>Dynamiczna no\u015bno\u015b\u0107 momentu obrotowego do 60000 Nm gwarantuje odpowiednie przenoszenie mocy i trwa\u0142o\u015b\u0107 podczas pracy z twardymi ska\u0142ami i gleb\u0105.<\/td>\n<\/tr>\n<tr>\n<td>Zakres wsp\u00f3\u0142czynnika pr\u0119dko\u015bci<\/td>\n<td>Zapewnia r\u00f3\u017cnorodne konfiguracje wsp\u00f3\u0142czynnika pr\u0119dko\u015bci, regulowanego od 5,3 do 200:1, w celu dostosowania do r\u00f3\u017cnych wymaga\u0144 operacji kruszenia i kontroli pr\u0119dko\u015bci jazdy.<\/td>\n<\/tr>\n<tr>\n<td>Tworzywo<\/td>\n<td>Ko\u0142a z\u0119bate wykonane s\u0105 z wysokiej jako\u015bci stali stopowej i poddane procesom hartowania i obr\u00f3bki cieplnej, co zapewnia du\u017c\u0105 twardo\u015b\u0107, odporno\u015b\u0107 na zu\u017cycie i uderzenia; korpus skrzyniowy odlany jest z wytrzyma\u0142ego \u017celiwa lub stopu aluminium, co zapewnia dobr\u0105 wytrzyma\u0142o\u015b\u0107 konstrukcyjn\u0105 i odporno\u015b\u0107 na korozj\u0119.<\/td>\n<\/tr>\n<tr>\n<td>Wymiary<\/td>\n<td>Mo\u017cliwo\u015b\u0107 dostosowania<\/td>\n<\/tr>\n<tr>\n<td>Wsparcie<\/td>\n<td>skrzynia bieg\u00f3w ma obrotowe ko\u0142nierze obudowy, kt\u00f3re pasuj\u0105 do k\u00f3\u0142<\/td>\n<\/tr>\n<tr>\n<td>Silniki, kt\u00f3rych to dotyczy<\/td>\n<td>silniki hydrauliczne t\u0142okowe osiowe, silniki hydrauliczne orbitalne lub inne<\/td>\n<\/tr>\n<tr>\n<td>Opcje silnika hydraulicznego<\/td>\n<td>zaw\u00f3r bezpiecze\u0144stwa, zaw\u00f3r nadmiarowy<\/td>\n<\/tr>\n<tr>\n<td>\u0141o\u017cysko:<\/td>\n<td>solidny system \u0142o\u017cysk absorbuj\u0105cy si\u0142y wywierane przez ko\u0142o z\u0119bate pier\u015bcieniowe<\/td>\n<\/tr>\n<tr>\n<td>Hamulec:<\/td>\n<td>hydraulicznie zwalniany hamulec postojowy<\/td>\n<\/tr>\n<\/tbody>\n<\/table>\n<h2>Zgodno\u015b\u0107 z kruszark\u0105 do kamieni Land Clearing<\/h2>\n<p>Nasze przek\u0142adnie planetarne z nap\u0119dem na ko\u0142a s\u0105 zoptymalizowane do u\u017cytku ze wszystkimi wiod\u0105cymi markami i modelami kruszarek do kamieni do karczowania terenu dost\u0119pnymi na rynku.<\/p>\n<p>Poni\u017cej wymieniono kilku popularnych lub dobrze znanych producent\u00f3w sprz\u0119tu krusz\u0105cego, dla kt\u00f3rych odpowiednie s\u0105 nasze przek\u0142adnie planetarne nap\u0119dzane ko\u0142ami:<\/p>\n<ul>\n<li>Komatsu \u2013 Produkuje szerok\u0105 gam\u0119 koparek g\u0105sienicowych i ko\u0142owych oraz osprz\u0119tu do kruszarek, przeznaczonych do prac karczowniczych.<\/li>\n<li>Caterpillar \u2013 oferuje szerok\u0105 gam\u0119 ci\u0119\u017ckiego sprz\u0119tu, w tym sprz\u0119t ko\u0142owy i g\u0105sienicowy, z kt\u00f3rego cz\u0119\u015b\u0107 mo\u017cna wykorzysta\u0107 do prac karczowniczych po wyposa\u017ceniu jej w specjalistyczne m\u0142oty.<\/li>\n<li>Bobcat \u2013 produkuje kompaktowe \u0142adowarki wielozadaniowe i osprz\u0119t dodatkowy, z kt\u00f3rych cz\u0119\u015b\u0107 jest wykorzystywana do lekkich i \u015brednioci\u0119\u017ckich prac karczowniczych i \u017cwirowych.<\/li>\n<li>MB Crusher \u2013 specjalizuje si\u0119 w produkcji r\u00f3\u017cnorodnych mobilnych kruszarek i przesiewaczy, kt\u00f3re mo\u017cna zamontowa\u0107 na koparkach, \u0142adowarkach itp.<\/li>\n<li>John Deere \u2013 Cho\u0107 firma znana jest przede wszystkim z maszyn rolniczych, oferuje r\u00f3wnie\u017c ci\u0119\u017cki sprz\u0119t do rob\u00f3t ziemnych i budownictwa, kt\u00f3ry mo\u017cna stosowa\u0107 z odpowiednimi narz\u0119dziami do rozbijania, aby wykonywa\u0107 prace zwi\u0105zane z karczowaniem terenu<\/li>\n<\/ul>\n<p><span style=\"color: #ff0000;\"><em><strong>Uwaga: nazwy marek wymienione w artykule s\u0142u\u017c\u0105 jedynie wygodzie klient\u00f3w, umo\u017cliwiaj\u0105c im wyb\u00f3r i wymian\u0119 akcesori\u00f3w odpowiedniej marki maszyn rolniczych. Nie oznaczaj\u0105 one sprzeda\u017cy produkt\u00f3w tej marki.<\/strong><\/em><\/span><\/p>\n<h2>O FMP<\/h2>\n<p>FMP to wiod\u0105cy producent specjalizuj\u0105cy si\u0119 w produkcji szerokiej gamy mechanicznych i hydraulicznych przek\u0142adni. Nasza oferta obejmuje przek\u0142adnie planetarne, reduktory \u015blimakowe, reduktory walcowe, reduktory walcowe z wa\u0142ami p\u0142askimi, reduktory walcowo-sto\u017ckowe, reduktory walcowo-\u015blimakowe, przek\u0142adnie rolnicze, przek\u0142adnie do ci\u0105gnik\u00f3w, przek\u0142adnie samochodowe, wa\u0142y odbioru mocy oraz reduktory specjalistyczne. Ponadto oferujemy szeroki wyb\u00f3r komponent\u00f3w uzupe\u0142niaj\u0105cych, takich jak ko\u0142a z\u0119bate, uk\u0142ady hydrauliczne, pompy pr\u00f3\u017cniowe, sprz\u0119g\u0142a hydrauliczne, z\u0119batki, \u0142a\u0144cuchy, ko\u0142a pasowe rozrz\u0105du, przek\u0142adnie UDL, ko\u0142a pasowe klinowe, cylindry hydrauliczne, pompy z\u0119bate, spr\u0119\u017carki \u015brubowe oraz reduktory \u015blimakowe o niskim luzie.<\/p>\n<p><strong>Rozwi\u0105zania dostosowane do ka\u017cdej potrzeby<\/strong><\/p>\n<p>W FMP rozumiemy, \u017ce ka\u017cda aplikacja jest wyj\u0105tkowa. Dlatego oferujemy w pe\u0142ni konfigurowalne rozwi\u0105zania, w tym przek\u0142adnie na zam\u00f3wienie, motoreduktory, uk\u0142ady hydrauliczne i silniki zaprojektowane tak, aby spe\u0142ni\u0107 specyficzne wymagania naszych klient\u00f3w. Nasze elastyczne mo\u017cliwo\u015bci produkcyjne pozwalaj\u0105 nam tworzy\u0107 precyzyjnie zaprojektowane produkty, dostosowane do indywidualnych potrzeb, zapewniaj\u0105ce maksymaln\u0105 wydajno\u015b\u0107 i optymaln\u0105 wydajno\u015b\u0107 w ka\u017cdym zastosowaniu.<\/p>\n<p><strong>Zaanga\u017cowanie w jako\u015b\u0107 i innowacj\u0119<\/strong><\/p>\n<p>Dok\u0142adamy wszelkich stara\u0144, aby utrzyma\u0107 najwy\u017csze standardy jako\u015bci i niezawodno\u015bci ka\u017cdego produktu, kt\u00f3ry wytwarzamy. Nasz zaawansowany sprz\u0119t do testowania i kontroli, a tak\u017ce wysoko wykwalifikowany zesp\u00f3\u0142 techniczny, gwarantuj\u0105, \u017ce ka\u017cdy produkt spe\u0142nia rygorystyczne standardy bran\u017cowe. Niezale\u017cnie od tego, czy dostarczamy standardowe rozwi\u0105zania, czy tworzymy produkty na zam\u00f3wienie, FMP dok\u0142ada wszelkich stara\u0144, aby zapewni\u0107 najwy\u017csz\u0105 jako\u015b\u0107 i wyj\u0105tkow\u0105 wydajno\u015b\u0107 nawet w najbardziej wymagaj\u0105cych warunkach.<\/p>\n<p>W ostatnich latach FMP odnotowa\u0142o dynamiczny rozw\u00f3j, nap\u0119dzany bogatym do\u015bwiadczeniem produkcyjnym, solidnymi systemami zarz\u0105dzania i solidn\u0105 wiedz\u0105 techniczn\u0105. Nasza filozofia \u201ejako\u015b\u0107 dla przetrwania i innowacja dla rozwoju\u201d stanowi fundament naszego sukcesu, nap\u0119dzaj\u0105c ci\u0105g\u0142e doskonalenie i rozw\u00f3j.<\/p>\n<p><strong>Partnerstwo dla sukcesu<\/strong><\/p>\n<p>W FMP priorytetowo traktujemy wsp\u00f3\u0142prac\u0119 i d\u0142ugoterminowe partnerstwa z naszymi klientami. \u015aci\u015ble wsp\u00f3\u0142pracujemy z naszymi klientami, aby dostarcza\u0107 innowacyjne i niezawodne rozwi\u0105zania, kt\u00f3re przewy\u017cszaj\u0105 ich oczekiwania. Naszym celem jest nie tylko zaspokajanie potrzeb klient\u00f3w, ale tak\u017ce budowanie trwa\u0142ych relacji opartych na zaufaniu, jako\u015bci i wsp\u00f3lnym sukcesie.<\/p>\n<p>Koncentruj\u0105c si\u0119 na precyzyjnej in\u017cynierii, niezawodno\u015bci i spersonalizowanych us\u0142ugach, FMP jest zaufanym partnerem w zakresie wszystkich Pa\u0144stwa potrzeb w zakresie przek\u0142adni mechanicznych i hydraulicznych. Z niecierpliwo\u015bci\u0105 czekamy na wsp\u00f3\u0142prac\u0119 z Pa\u0144stwem, aby wsp\u00f3lnie osi\u0105gn\u0105\u0107 sukces i doskona\u0142o\u015b\u0107.<\/p>\n<p><img loading=\"lazy\" decoding=\"async\" class=\"alignnone size-full wp-image-3678\" src=\"https:\/\/fmp-components.com\/wp-content\/uploads\/2025\/01\/worm-gearbox-factory1.webp\" alt=\"fabryka przek\u0142adni \u015blimakowych\" width=\"1024\" height=\"888\" title=\"\" srcset=\"https:\/\/fmp-components.com\/wp-content\/uploads\/2025\/01\/worm-gearbox-factory1.webp 1024w, https:\/\/fmp-components.com\/wp-content\/uploads\/2025\/01\/worm-gearbox-factory1-980x850.webp 980w, https:\/\/fmp-components.com\/wp-content\/uploads\/2025\/01\/worm-gearbox-factory1-480x416.webp 480w\" sizes=\"(min-width: 0px) and (max-width: 480px) 480px, (min-width: 481px) and (max-width: 980px) 980px, (min-width: 981px) 1024px, 100vw\" \/><\/p>\n<p>Autor: CX<\/p>\n<\/div>\n<\/div>\n<\/div>\n<\/div>","protected":false},"excerpt":{"rendered":"<p>Location of the Gearbox in a Land Clearing Stone Crusher The gearbox in a land clearing stone crusher is typically located between the engine or motor and the crusher mechanism, usually mounted directly to the machine\u2019s main frame. It serves as a crucial component to transmit power from the engine to the crusher\u2019s rotor or [&hellip;]<\/p>","protected":false},"featured_media":3693,"comment_status":"open","ping_status":"closed","template":"","meta":{"_et_pb_use_builder":"","_et_pb_old_content":"","_et_gb_content_width":""},"product_brand":[],"product_cat":[90],"product_tag":[],"class_list":{"0":"post-3691","1":"product","2":"type-product","3":"status-publish","4":"has-post-thumbnail","6":"product_cat-planetary-gearbox","8":"first","9":"instock","10":"shipping-taxable","11":"product-type-simple"},"_links":{"self":[{"href":"https:\/\/fmp-components.com\/pl\/wp-json\/wp\/v2\/product\/3691","targetHints":{"allow":["GET"]}}],"collection":[{"href":"https:\/\/fmp-components.com\/pl\/wp-json\/wp\/v2\/product"}],"about":[{"href":"https:\/\/fmp-components.com\/pl\/wp-json\/wp\/v2\/types\/product"}],"replies":[{"embeddable":true,"href":"https:\/\/fmp-components.com\/pl\/wp-json\/wp\/v2\/comments?post=3691"}],"wp:featuredmedia":[{"embeddable":true,"href":"https:\/\/fmp-components.com\/pl\/wp-json\/wp\/v2\/media\/3693"}],"wp:attachment":[{"href":"https:\/\/fmp-components.com\/pl\/wp-json\/wp\/v2\/media?parent=3691"}],"wp:term":[{"taxonomy":"product_brand","embeddable":true,"href":"https:\/\/fmp-components.com\/pl\/wp-json\/wp\/v2\/product_brand?post=3691"},{"taxonomy":"product_cat","embeddable":true,"href":"https:\/\/fmp-components.com\/pl\/wp-json\/wp\/v2\/product_cat?post=3691"},{"taxonomy":"product_tag","embeddable":true,"href":"https:\/\/fmp-components.com\/pl\/wp-json\/wp\/v2\/product_tag?post=3691"}],"curies":[{"name":"wp","href":"https:\/\/api.w.org\/{rel}","templated":true}]}}