{"id":3686,"date":"2025-01-09T06:39:01","date_gmt":"2025-01-09T06:39:01","guid":{"rendered":"https:\/\/fmp-components.com\/?page_id=8"},"modified":"2025-01-09T06:39:01","modified_gmt":"2025-01-09T06:39:01","slug":"wheel-drive-planetary-gearbox-reducer-for-road-reclaimers-and-grades","status":"publish","type":"product","link":"https:\/\/fmp-components.com\/pl\/product\/wheel-drive-planetary-gearbox-reducer-for-road-reclaimers-and-grades\/","title":{"rendered":"Reduktor przek\u0142adni planetarnej z nap\u0119dem na ko\u0142a do maszyn do odzyskiwania i wyr\u00f3wnywania dr\u00f3g"},"content":{"rendered":"<p><img loading=\"lazy\" decoding=\"async\" class=\"alignnone wp-image-3687\" src=\"https:\/\/fmp-components.com\/wp-content\/uploads\/2025\/01\/0_wheel-drive-for-Road-Reclaimers-and-Grades-0.webp\" alt=\"nap\u0119d na ko\u0142a dla odzyskiwaczy dr\u00f3g i nasyp\u00f3w\" width=\"863\" height=\"647\" title=\"\" srcset=\"https:\/\/fmp-components.com\/wp-content\/uploads\/2025\/01\/0_wheel-drive-for-Road-Reclaimers-and-Grades-0.webp 400w, https:\/\/fmp-components.com\/wp-content\/uploads\/2025\/01\/0_wheel-drive-for-Road-Reclaimers-and-Grades-0-300x225.webp 300w, https:\/\/fmp-components.com\/wp-content\/uploads\/2025\/01\/0_wheel-drive-for-Road-Reclaimers-and-Grades-0-16x12.webp 16w\" sizes=\"(max-width: 863px) 100vw, 863px\" \/><\/p>\n<h2>Nap\u0119d na ko\u0142a dla firm zajmuj\u0105cych si\u0119 odzyskiwaniem dr\u00f3g<\/h2>\n<p>Nap\u0119d k\u00f3\u0142 w maszynach do regeneracji nawierzchni to kluczowy element zapewniaj\u0105cy niezb\u0119dn\u0105 mobilno\u015b\u0107 i przyczepno\u015b\u0107 maszyn do regeneracji nawierzchni. Maszyny do regeneracji nawierzchni to du\u017ce, wytrzyma\u0142e maszyny wykorzystywane w budowie i utrzymaniu dr\u00f3g do frezowania i renowacji nawierzchni. Uk\u0142ad nap\u0119du k\u00f3\u0142 umo\u017cliwia tym maszynom poruszanie si\u0119 po r\u00f3\u017cnych nawierzchniach, w tym po \u017cwirze, asfalcie i ziemi, zachowuj\u0105c jednocze\u015bnie stabilno\u015b\u0107 i moc.<\/p>\n<p><img loading=\"lazy\" decoding=\"async\" class=\"size-full wp-image-3688 aligncenter\" src=\"https:\/\/fmp-components.com\/wp-content\/uploads\/2025\/01\/ep_wheel-drive-2-1.webp\" alt=\"nap\u0119d na ko\u0142a\" width=\"608\" height=\"677\" title=\"\" srcset=\"https:\/\/fmp-components.com\/wp-content\/uploads\/2025\/01\/ep_wheel-drive-2-1.webp 608w, https:\/\/fmp-components.com\/wp-content\/uploads\/2025\/01\/ep_wheel-drive-2-1-480x534.webp 480w\" sizes=\"(min-width: 0px) and (max-width: 480px) 480px, (min-width: 481px) 608px, 100vw\" \/><\/p>\n<p><strong>Kluczowa rola i funkcja:<\/strong><\/p>\n<p>Nap\u0119d k\u00f3\u0142 w regeneratorach drogowych s\u0142u\u017cy do przenoszenia mocy z silnika lub uk\u0142adu hydraulicznego na ko\u0142a. Zapewnia to sprawne poruszanie si\u0119 nawet na nier\u00f3wnym, nier\u00f3wnym lub pochy\u0142ym terenie. System jest zazwyczaj wyposa\u017cony w nap\u0119dy o wysokim momencie obrotowym, kt\u00f3re umo\u017cliwiaj\u0105 regeneratorowi poruszanie si\u0119 po trudnych nawierzchniach bez utraty przyczepno\u015bci, nawet przy du\u017cym obci\u0105\u017ceniu. Umo\u017cliwia on r\u00f3wnie\u017c kontrolowanie pr\u0119dko\u015bci, zapewniaj\u0105c odpowiednie tempo pracy regeneratora podczas frezowania i przygotowywania nawierzchni.<\/p>\n<p><strong>Wydajno\u015b\u0107 i trwa\u0142o\u015b\u0107:<\/strong><\/p>\n<p>Bior\u0105c pod uwag\u0119 trudne warunki pracy maszyn do odzyskiwania dr\u00f3g, uk\u0142ad nap\u0119dowy k\u00f3\u0142 zosta\u0142 zaprojektowany z my\u015bl\u0105 o trwa\u0142o\u015bci i niezawodno\u015bci. Zosta\u0142 zaprojektowany tak, aby wytrzyma\u0107 wysokie obci\u0105\u017cenia, w tym cz\u0119ste uruchamianie i zatrzymywanie, a tak\u017ce prac\u0119 w trudnych warunkach. Solidna konstrukcja uk\u0142adu zapewnia d\u0142ug\u0105 \u017cywotno\u015b\u0107 i minimaln\u0105 konserwacj\u0119, co jest niezb\u0119dne do skr\u00f3cenia przestoj\u00f3w i utrzymania wydajnej pracy sprz\u0119tu podczas d\u0142ugich, intensywnych cykli roboczych.<\/p>\n<h2>Idealnie dostosowane do \u015brodowiska pracy firm zajmuj\u0105cych si\u0119 odzyskiwaniem dr\u00f3g<\/h2>\n<p>Uk\u0142ad nap\u0119dowy k\u00f3\u0142 w rekultywatorach drogowych jest idealnie dostosowany do wymagaj\u0105cych warunk\u00f3w pracy w budownictwie i utrzymaniu dr\u00f3g. Maszyny te cz\u0119sto poruszaj\u0105 si\u0119 po nier\u00f3wnym, trudnym i nieprzewidywalnym terenie, w tym po drogach asfaltowych, \u017cwirowych i gruntowych, a jednocze\u015bnie radz\u0105 sobie z du\u017cym obci\u0105\u017ceniem. Uk\u0142ad nap\u0119dowy k\u00f3\u0142 zosta\u0142 zaprojektowany tak, aby zapewni\u0107 optymaln\u0105 przyczepno\u015b\u0107, stabilno\u015b\u0107 i mobilno\u015b\u0107, umo\u017cliwiaj\u0105c rekultywatorowi efektywne wykonywanie zada\u0144, takich jak frezowanie, regeneracja i recykling nawierzchni dr\u00f3g, niezale\u017cnie od warunk\u00f3w terenowych.<\/p>\n<p><strong>Wysoki moment obrotowy i przyczepno\u015b\u0107 w trudnych warunkach<\/strong><\/p>\n<p>Regeneratory drogowe wymagaj\u0105 znacznego momentu obrotowego i przyczepno\u015bci, aby porusza\u0107 si\u0119 po trudnych nawierzchniach, zachowuj\u0105c jednocze\u015bnie sta\u0142\u0105 wydajno\u015b\u0107. Uk\u0142ad nap\u0119dowy zosta\u0142 zaprojektowany z my\u015bl\u0105 o wysokim momencie obrotowym, co zapewnia maszynie mo\u017cliwo\u015b\u0107 radzenia sobie nawet w najtrudniejszych warunkach, takich jak strome wzniesienia, lu\u017any \u017cwir i ubite nawierzchnie dr\u00f3g. Zapewnia to p\u0142ynniejsz\u0105 prac\u0119, lepsz\u0105 kontrol\u0119 i mo\u017cliwo\u015b\u0107 poruszania si\u0119 w trudnym terenie bez po\u015blizg\u00f3w i ga\u015bni\u0119cia silnika.<\/p>\n<p><strong>Trwa\u0142o\u015b\u0107 i niezawodno\u015b\u0107 w trudnych warunkach<\/strong><\/p>\n<p>Trudne warunki pracy urz\u0105dze\u0144 do odzyskiwania dr\u00f3g, w tym nara\u017cenie na py\u0142, wibracje i cz\u0119sta praca na nier\u00f3wnych, niestabilnych nawierzchniach, wymagaj\u0105 uk\u0142adu nap\u0119dowego o du\u017cej trwa\u0142o\u015bci i niezawodno\u015bci. System jest wykonany z wysokiej jako\u015bci materia\u0142\u00f3w i zaawansowanych rozwi\u0105za\u0144 technicznych, aby wytrzyma\u0107 te obci\u0105\u017cenia przez d\u0142ugi czas. Dzi\u0119ki minimalnej konserwacji i doskona\u0142ej wydajno\u015bci pod obci\u0105\u017ceniem, uk\u0142ad nap\u0119dowy zapewnia sprawne i wydajne dzia\u0142anie urz\u0105dzenia podczas d\u0142ugich, wymagaj\u0105cych zmian roboczych, co ostatecznie skraca przestoje i poprawia og\u00f3ln\u0105 wydajno\u015b\u0107.<\/p>\n<p><img loading=\"lazy\" decoding=\"async\" class=\"alignnone wp-image-3689\" src=\"https:\/\/fmp-components.com\/wp-content\/uploads\/2025\/01\/0_Reggiana-Riduttori-8.webp\" alt=\"Reggiana-Riduttori\" width=\"859\" height=\"734\" title=\"\" srcset=\"https:\/\/fmp-components.com\/wp-content\/uploads\/2025\/01\/0_Reggiana-Riduttori-8.webp 859w, https:\/\/fmp-components.com\/wp-content\/uploads\/2025\/01\/0_Reggiana-Riduttori-8-480x410.webp 480w\" sizes=\"(min-width: 0px) and (max-width: 480px) 480px, (min-width: 481px) 859px, 100vw\" \/><\/p>\n<h3>Zgodno\u015b\u0107 z popularnymi modelami<\/h3>\n<p data-spm-anchor-id=\"5176.28103460.0.i154.22d63f99WoHmOF\">Wymie\u0144 kilka popularnych marek i modeli pojazd\u00f3w Road Reclaimer, kt\u00f3re teoretycznie mog\u0105 by\u0107 kompatybilne z nap\u0119dami na wiele k\u00f3\u0142, ale konkretna kompatybilno\u015b\u0107 musi zosta\u0107 okre\u015blona zgodnie ze specyfikacjami technicznymi i wymaganiami dotycz\u0105cymi personalizacji podanymi przez producenta:<\/p>\n<ul>\n<li data-spm-anchor-id=\"5176.28103460.0.i154.22d63f99WoHmOF\">Wirtgen: Maszyny do regeneracji dr\u00f3g, takie jak seria Wirtgen WR 200 i WR 250.<\/li>\n<li data-spm-anchor-id=\"5176.28103460.0.i154.22d63f99WoHmOF\">Caterpillar: Na przyk\u0142ad maszyny do regeneracji na zimno Caterpillar PM620 i PM820.<\/li>\n<li data-spm-anchor-id=\"5176.28103460.0.i154.22d63f99WoHmOF\">Grupa Fayat (Bomag): takie jak maszyny regeneracyjne serii Bomag BF 600 C, BF 800 P.<\/li>\n<li data-spm-anchor-id=\"5176.28103460.0.i154.22d63f99WoHmOF\">Volvo Construction Equipment: Na przyk\u0142ad maszyny do regeneracji dr\u00f3g Volvo R900S, R1100S.<\/li>\n<li data-spm-anchor-id=\"5176.28103460.0.i154.22d63f99WoHmOF\">Dynapac: maszyna regeneracyjna Dynapac serii CR 250\/CR 280\/CR 350.<\/li>\n<\/ul>\n<p>Nale\u017cy pami\u0119ta\u0107, \u017ce maszyny do regeneracji dr\u00f3g r\u00f3\u017cnych marek mog\u0105 r\u00f3\u017cni\u0107 si\u0119 konstrukcyjnie, dlatego konieczne jest dobranie lub dostosowanie przek\u0142adni planetarnej z nap\u0119dem na ko\u0142a, kt\u00f3ra b\u0119dzie do nich odpowiednia, w oparciu o ich specyficzne parametry techniczne. W zastosowaniach praktycznych nale\u017cy upewni\u0107 si\u0119, \u017ce nap\u0119d na ko\u0142a zapewnia odpowiedni moment obrotowy i kontrol\u0119 pr\u0119dko\u015bci, a tak\u017ce jest w pe\u0142ni dopasowany do korpusu maszyny do regeneracji pod wzgl\u0119dem wymiar\u00f3w konstrukcyjnych, standard\u00f3w interfejs\u00f3w i no\u015bno\u015bci.<\/p>\n<p><span style=\"color: #ff0000;\"><em><strong>Uwaga: nazwy marek wymienione w artykule s\u0142u\u017c\u0105 jedynie wygodzie klient\u00f3w, umo\u017cliwiaj\u0105c im wyb\u00f3r i wymian\u0119 akcesori\u00f3w odpowiedniej marki maszyn rolniczych. Nie oznaczaj\u0105 one sprzeda\u017cy produkt\u00f3w tej marki.<\/strong><\/em><\/span><\/p>\n<h2>O FMP<\/h2>\n<p>FMP to wiod\u0105cy producent specjalizuj\u0105cy si\u0119 w produkcji szerokiej gamy mechanicznych i hydraulicznych przek\u0142adni. Nasza oferta obejmuje przek\u0142adnie planetarne, reduktory \u015blimakowe, reduktory walcowe, reduktory walcowe z wa\u0142ami p\u0142askimi, reduktory walcowo-sto\u017ckowe, reduktory walcowo-\u015blimakowe, przek\u0142adnie rolnicze, przek\u0142adnie do ci\u0105gnik\u00f3w, przek\u0142adnie samochodowe, wa\u0142y odbioru mocy oraz reduktory specjalistyczne. Ponadto oferujemy szeroki wyb\u00f3r komponent\u00f3w uzupe\u0142niaj\u0105cych, takich jak ko\u0142a z\u0119bate, uk\u0142ady hydrauliczne, pompy pr\u00f3\u017cniowe, sprz\u0119g\u0142a hydrauliczne, z\u0119batki, \u0142a\u0144cuchy, ko\u0142a pasowe rozrz\u0105du, przek\u0142adnie UDL, ko\u0142a pasowe klinowe, cylindry hydrauliczne, pompy z\u0119bate, spr\u0119\u017carki \u015brubowe oraz reduktory \u015blimakowe o niskim luzie.<\/p>\n<p><strong>Rozwi\u0105zania dostosowane do ka\u017cdej potrzeby<\/strong><\/p>\n<p>W FMP rozumiemy, \u017ce ka\u017cda aplikacja jest wyj\u0105tkowa. Dlatego oferujemy w pe\u0142ni konfigurowalne rozwi\u0105zania, w tym przek\u0142adnie na zam\u00f3wienie, motoreduktory, uk\u0142ady hydrauliczne i silniki zaprojektowane tak, aby spe\u0142ni\u0107 specyficzne wymagania naszych klient\u00f3w. Nasze elastyczne mo\u017cliwo\u015bci produkcyjne pozwalaj\u0105 nam tworzy\u0107 precyzyjnie zaprojektowane produkty, dostosowane do indywidualnych potrzeb, zapewniaj\u0105ce maksymaln\u0105 wydajno\u015b\u0107 i optymaln\u0105 wydajno\u015b\u0107 w ka\u017cdym zastosowaniu.<\/p>\n<p><strong>Zaanga\u017cowanie w jako\u015b\u0107 i innowacj\u0119<\/strong><\/p>\n<p>Dok\u0142adamy wszelkich stara\u0144, aby utrzyma\u0107 najwy\u017csze standardy jako\u015bci i niezawodno\u015bci ka\u017cdego produktu, kt\u00f3ry wytwarzamy. Nasz zaawansowany sprz\u0119t do testowania i kontroli, a tak\u017ce wysoko wykwalifikowany zesp\u00f3\u0142 techniczny, gwarantuj\u0105, \u017ce ka\u017cdy produkt spe\u0142nia rygorystyczne standardy bran\u017cowe. Niezale\u017cnie od tego, czy dostarczamy standardowe rozwi\u0105zania, czy tworzymy produkty na zam\u00f3wienie, FMP dok\u0142ada wszelkich stara\u0144, aby zapewni\u0107 najwy\u017csz\u0105 jako\u015b\u0107 i wyj\u0105tkow\u0105 wydajno\u015b\u0107 nawet w najbardziej wymagaj\u0105cych warunkach.<\/p>\n<p>W ostatnich latach FMP odnotowa\u0142o dynamiczny rozw\u00f3j, nap\u0119dzany bogatym do\u015bwiadczeniem produkcyjnym, solidnymi systemami zarz\u0105dzania i solidn\u0105 wiedz\u0105 techniczn\u0105. Nasza filozofia \u201ejako\u015b\u0107 dla przetrwania i innowacja dla rozwoju\u201d stanowi fundament naszego sukcesu, nap\u0119dzaj\u0105c ci\u0105g\u0142e doskonalenie i rozw\u00f3j.<\/p>\n<p><strong>Partnerstwo dla sukcesu<\/strong><\/p>\n<p>W FMP priorytetowo traktujemy wsp\u00f3\u0142prac\u0119 i d\u0142ugoterminowe partnerstwa z naszymi klientami. \u015aci\u015ble wsp\u00f3\u0142pracujemy z naszymi klientami, aby dostarcza\u0107 innowacyjne i niezawodne rozwi\u0105zania, kt\u00f3re przewy\u017cszaj\u0105 ich oczekiwania. Naszym celem jest nie tylko zaspokajanie potrzeb klient\u00f3w, ale tak\u017ce budowanie trwa\u0142ych relacji opartych na zaufaniu, jako\u015bci i wsp\u00f3lnym sukcesie.<\/p>\n<p>Koncentruj\u0105c si\u0119 na precyzyjnej in\u017cynierii, niezawodno\u015bci i spersonalizowanych us\u0142ugach, FMP jest zaufanym partnerem w zakresie wszystkich Pa\u0144stwa potrzeb w zakresie przek\u0142adni mechanicznych i hydraulicznych. Z niecierpliwo\u015bci\u0105 czekamy na wsp\u00f3\u0142prac\u0119 z Pa\u0144stwem, aby wsp\u00f3lnie osi\u0105gn\u0105\u0107 sukces i doskona\u0142o\u015b\u0107.<\/p>\n<p><img loading=\"lazy\" decoding=\"async\" class=\"alignnone size-full wp-image-3678\" src=\"https:\/\/fmp-components.com\/wp-content\/uploads\/2025\/01\/worm-gearbox-factory1.webp\" alt=\"fabryka przek\u0142adni \u015blimakowych\" width=\"1024\" height=\"888\" title=\"\" srcset=\"https:\/\/fmp-components.com\/wp-content\/uploads\/2025\/01\/worm-gearbox-factory1.webp 1024w, https:\/\/fmp-components.com\/wp-content\/uploads\/2025\/01\/worm-gearbox-factory1-980x850.webp 980w, https:\/\/fmp-components.com\/wp-content\/uploads\/2025\/01\/worm-gearbox-factory1-480x416.webp 480w\" sizes=\"(min-width: 0px) and (max-width: 480px) 480px, (min-width: 481px) and (max-width: 980px) 980px, (min-width: 981px) 1024px, 100vw\" \/><\/p>\n<p>Autor: CX<\/p>\n<p>&nbsp;<\/p>","protected":false},"excerpt":{"rendered":"<p>Wheel Drive for Road Reclaimers The wheel drive for road reclaimers is a critical component that provides the necessary mobility and traction for road reclaiming machines. Road reclaimers are large, heavy-duty machines used in road construction and maintenance to mill and recondition road surfaces. The wheel drive system enables these machines to move across various [&hellip;]<\/p>","protected":false},"featured_media":3690,"comment_status":"open","ping_status":"closed","template":"","meta":{"_et_pb_use_builder":"","_et_pb_old_content":"","_et_gb_content_width":""},"product_brand":[],"product_cat":[90],"product_tag":[],"class_list":{"0":"post-3686","1":"product","2":"type-product","3":"status-publish","4":"has-post-thumbnail","6":"product_cat-planetary-gearbox","8":"first","9":"instock","10":"shipping-taxable","11":"product-type-simple"},"_links":{"self":[{"href":"https:\/\/fmp-components.com\/pl\/wp-json\/wp\/v2\/product\/3686","targetHints":{"allow":["GET"]}}],"collection":[{"href":"https:\/\/fmp-components.com\/pl\/wp-json\/wp\/v2\/product"}],"about":[{"href":"https:\/\/fmp-components.com\/pl\/wp-json\/wp\/v2\/types\/product"}],"replies":[{"embeddable":true,"href":"https:\/\/fmp-components.com\/pl\/wp-json\/wp\/v2\/comments?post=3686"}],"wp:featuredmedia":[{"embeddable":true,"href":"https:\/\/fmp-components.com\/pl\/wp-json\/wp\/v2\/media\/3690"}],"wp:attachment":[{"href":"https:\/\/fmp-components.com\/pl\/wp-json\/wp\/v2\/media?parent=3686"}],"wp:term":[{"taxonomy":"product_brand","embeddable":true,"href":"https:\/\/fmp-components.com\/pl\/wp-json\/wp\/v2\/product_brand?post=3686"},{"taxonomy":"product_cat","embeddable":true,"href":"https:\/\/fmp-components.com\/pl\/wp-json\/wp\/v2\/product_cat?post=3686"},{"taxonomy":"product_tag","embeddable":true,"href":"https:\/\/fmp-components.com\/pl\/wp-json\/wp\/v2\/product_tag?post=3686"}],"curies":[{"name":"wp","href":"https:\/\/api.w.org\/{rel}","templated":true}]}}