{"id":3679,"date":"2025-01-09T06:12:10","date_gmt":"2025-01-09T06:12:10","guid":{"rendered":"https:\/\/fmp-components.com\/?page_id=8"},"modified":"2025-01-09T06:22:24","modified_gmt":"2025-01-09T06:22:24","slug":"wheel-drive-planetary-gearbox-reducer-for-rough-terrain-scissor-lift3679","status":"publish","type":"product","link":"https:\/\/fmp-components.com\/pl\/product\/wheel-drive-planetary-gearbox-reducer-for-rough-terrain-scissor-lift3679\/","title":{"rendered":"Przek\u0142adnia planetarna z nap\u0119dem na ko\u0142a do podno\u015bnika no\u017cycowego terenowego"},"content":{"rendered":"<h2>Lokalizacja nap\u0119du k\u00f3\u0142 w podno\u015bniku no\u017cycowym terenowym<\/h2>\n<p>Nap\u0119d k\u00f3\u0142 w podno\u015bniku no\u017cycowym do jazdy po nier\u00f3wnym terenie znajduje si\u0119 zazwyczaj w dolnej cz\u0119\u015bci podwozia podno\u015bnika, zintegrowany z ko\u0142ami nap\u0119dowymi. Nap\u0119dy te s\u0105 niezb\u0119dne do nap\u0119dzania k\u00f3\u0142, kt\u00f3re umo\u017cliwiaj\u0105 podno\u015bnikowi poruszanie si\u0119 po nier\u00f3wnych, nier\u00f3wnych nawierzchniach, cz\u0119sto spotykanych na placach budowy lub w terenie otwartym. Uk\u0142ad nap\u0119du k\u00f3\u0142 jest umiejscowiony tak, aby zapewni\u0107 optymalne roz\u0142o\u017cenie mocy na ko\u0142a, zapewniaj\u0105c niezb\u0119dny moment obrotowy dla niezawodnego ruchu i przyczepno\u015bci.<\/p>\n<p>W wi\u0119kszo\u015bci konstrukcji nap\u0119d k\u00f3\u0142 jest po\u0142\u0105czony z ko\u0142ami za po\u015brednictwem zestawu osi, przek\u0142adni i uk\u0142ad\u00f3w hydraulicznych. Zazwyczaj jest on montowany bezpo\u015brednio do piasty ko\u0142a lub w zespole ko\u0142a, gdzie wsp\u00f3\u0142pracuje z innymi elementami mechanicznymi i hydraulicznymi. To strategiczne umiejscowienie zapewnia wydajn\u0105 prac\u0119 uk\u0142adu nap\u0119dowego, nawet gdy podno\u015bnik jest ca\u0142kowicie wysuni\u0119ty lub ustawiony na pochy\u0142o\u015bci.<\/p>\n<p>W przypadku podno\u015bnik\u00f3w no\u017cycowych do jazdy po nier\u00f3wnym terenie, nap\u0119d na ko\u0142a odgrywa kluczow\u0105 rol\u0119, umo\u017cliwiaj\u0105c mobilno\u015b\u0107 na trudnych nawierzchniach, takich jak \u017cwir, grunt i zbocza. Jego konstrukcja zosta\u0142a zoptymalizowana pod k\u0105tem zapewnienia wysokiego momentu obrotowego i stabilno\u015bci, co gwarantuje bezpieczne i efektywne manewrowanie podno\u015bnikiem, a jednocze\u015bnie utrzymanie r\u00f3wnowagi i mocy w trudnych warunkach.<\/p>\n<p><img loading=\"lazy\" decoding=\"async\" class=\"alignnone wp-image-3684\" src=\"https:\/\/fmp-components.com\/wp-content\/uploads\/2025\/01\/0_wheel-drive-for-Scissor-Lift-21.webp\" alt=\"nap\u0119d na ko\u0142a do podno\u015bnika no\u017cycowego\" width=\"921\" height=\"532\" title=\"\" srcset=\"https:\/\/fmp-components.com\/wp-content\/uploads\/2025\/01\/0_wheel-drive-for-Scissor-Lift-21.webp 921w, https:\/\/fmp-components.com\/wp-content\/uploads\/2025\/01\/0_wheel-drive-for-Scissor-Lift-21-480x277.webp 480w\" sizes=\"(min-width: 0px) and (max-width: 480px) 480px, (min-width: 481px) 921px, 100vw\" \/><\/p>\n<h2>Rola nap\u0119du k\u00f3\u0142 w podno\u015bniku no\u017cycowym terenowym<\/h2>\n<p>Nap\u0119d k\u00f3\u0142 odgrywa kluczow\u0105 rol\u0119 w sprawnym i bezpiecznym poruszaniu si\u0119 podno\u015bnika no\u017cycowego po nier\u00f3wnych, nier\u00f3wnych nawierzchniach. Odpowiada on za przenoszenie mocy z silnika lub uk\u0142adu hydraulicznego na ko\u0142a, zapewniaj\u0105c moment obrotowy niezb\u0119dny do ruchu. Dzi\u0119ki temu podno\u015bnik no\u017cycowy mo\u017ce pokonywa\u0107 przeszkody, pochy\u0142o\u015bci i nier\u00f3wny teren, powszechnie spotykany na placach budowy lub w miejscach pracy na zewn\u0105trz.<\/p>\n<p>Nap\u0119dzaj\u0105c ko\u0142a, nap\u0119d na ko\u0142a umo\u017cliwia precyzyjn\u0105 kontrol\u0119 ruchu podno\u015bnika, w tym jazdy do przodu i do ty\u0142u oraz funkcji kierowania. Dzi\u0119ki temu operatorzy mog\u0105 precyzyjnie manewrowa\u0107 podno\u015bnikiem, nawet gdy jest on ca\u0142kowicie wysuni\u0119ty lub ustawiony na nier\u00f3wnej powierzchni. Przyczynia si\u0119 to do og\u00f3lnej stabilno\u015bci maszyny, pomagaj\u0105c r\u00f3wnomiernie roz\u0142o\u017cy\u0107 ci\u0119\u017car i utrzyma\u0107 przyczepno\u015b\u0107, zapobiegaj\u0105c po\u015blizgom i niestabilno\u015bci.<\/p>\n<p>Opr\u00f3cz mobilno\u015bci, uk\u0142ad nap\u0119dowy k\u00f3\u0142 odgrywa r\u00f3wnie\u017c rol\u0119 w zwi\u0119kszaniu osi\u0105g\u00f3w podno\u015bnika pod wzgl\u0119dem pr\u0119dko\u015bci i mocy. Gwarantuje on, \u017ce podno\u015bnik mo\u017ce obs\u0142ugiwa\u0107 du\u017ce \u0142adunki, zachowuj\u0105c jednocze\u015bnie wydajno\u015b\u0107, co czyni go kluczowym elementem w zastosowaniach wymagaj\u0105cych zar\u00f3wno podnoszenia w pionie, jak i mobilno\u015bci w poziomie w trudnym terenie.<\/p>\n<p><img loading=\"lazy\" decoding=\"async\" class=\"wp-image-3685 aligncenter\" src=\"https:\/\/fmp-components.com\/wp-content\/uploads\/2025\/01\/0_Snorkel-S9070RT-HC_2.webp\" alt=\"\" width=\"579\" height=\"603\" title=\"\" srcset=\"https:\/\/fmp-components.com\/wp-content\/uploads\/2025\/01\/0_Snorkel-S9070RT-HC_2.webp 579w, https:\/\/fmp-components.com\/wp-content\/uploads\/2025\/01\/0_Snorkel-S9070RT-HC_2-480x500.webp 480w\" sizes=\"(min-width: 0px) and (max-width: 480px) 480px, (min-width: 481px) 579px, 100vw\" \/><\/p>\n<h2>Zgodno\u015b\u0107 z popularnymi modelami wind platformowych<\/h2>\n<p>Nasz reduktor nap\u0119du k\u00f3\u0142 jest kompatybilny z szerok\u0105 gam\u0105 modeli podno\u015bnik\u00f3w platformowych, w tym:<\/p>\n<ol data-spm-anchor-id=\"5176.28103460.0.i129.297c3f99PFUZxp\">\n<li>JLG Industries: Seria JLG RT (RT340, RT40, RT60, RT90, RT100, RT110)<\/li>\n<li>Genie: seria GS-RT (Genie GS-4069 RT, GS-5390 RT)<\/li>\n<li>Skyjack: seria SJ-R (SJ63 AJ terenowy, SJ8841 RTE)<\/li>\n<li>Haulotte: HAULOTTE rough terrain scissor lifts ( HA20PX, HT23 RTJ PRO, HT40 RTJ PRO)<\/li>\n<li>Snorkel: seria SR (SR5719, SR626E, SR9244)<\/li>\n<li>Aichi: Seria SC (SC50, SC60, SC80)<\/li>\n<li>Podno\u015bniki koszowe MEC: seria R (RS26J, RS40, RS52)<\/li>\n<\/ol>\n<p>Je\u015bli u\u017cywasz kt\u00f3rego\u015b z tych modeli, nasz reduktor nap\u0119du k\u00f3\u0142 b\u0119dzie idealnie pasowa\u0142 do Twojej maszyny.<br \/>\n<span style=\"color: #ff0000;\"><em><strong>Uwaga: nazwy marek wymienione w artykule s\u0142u\u017c\u0105 jedynie wygodzie klient\u00f3w, umo\u017cliwiaj\u0105c im wyb\u00f3r i wymian\u0119 akcesori\u00f3w odpowiedniej marki maszyn rolniczych. Nie oznaczaj\u0105 one sprzeda\u017cy produkt\u00f3w tej marki.<\/strong><\/em><\/span><\/p>\n<h2>O FMP<\/h2>\n<p>FMP to wiod\u0105cy producent specjalizuj\u0105cy si\u0119 w produkcji szerokiej gamy mechanicznych i hydraulicznych przek\u0142adni. Nasza oferta obejmuje przek\u0142adnie planetarne, reduktory \u015blimakowe, reduktory walcowe, reduktory walcowe z wa\u0142ami p\u0142askimi, reduktory walcowo-sto\u017ckowe, reduktory walcowo-\u015blimakowe, przek\u0142adnie rolnicze, przek\u0142adnie do ci\u0105gnik\u00f3w, przek\u0142adnie samochodowe, wa\u0142y odbioru mocy oraz reduktory specjalistyczne. Ponadto oferujemy szeroki wyb\u00f3r komponent\u00f3w uzupe\u0142niaj\u0105cych, takich jak ko\u0142a z\u0119bate, uk\u0142ady hydrauliczne, pompy pr\u00f3\u017cniowe, sprz\u0119g\u0142a hydrauliczne, z\u0119batki, \u0142a\u0144cuchy, ko\u0142a pasowe rozrz\u0105du, przek\u0142adnie UDL, ko\u0142a pasowe klinowe, cylindry hydrauliczne, pompy z\u0119bate, spr\u0119\u017carki \u015brubowe oraz reduktory \u015blimakowe o niskim luzie.<\/p>\n<p><strong>Rozwi\u0105zania dostosowane do ka\u017cdej potrzeby<\/strong><\/p>\n<p>W FMP rozumiemy, \u017ce ka\u017cda aplikacja jest wyj\u0105tkowa. Dlatego oferujemy w pe\u0142ni konfigurowalne rozwi\u0105zania, w tym przek\u0142adnie na zam\u00f3wienie, motoreduktory, uk\u0142ady hydrauliczne i silniki zaprojektowane tak, aby spe\u0142ni\u0107 specyficzne wymagania naszych klient\u00f3w. Nasze elastyczne mo\u017cliwo\u015bci produkcyjne pozwalaj\u0105 nam tworzy\u0107 precyzyjnie zaprojektowane produkty, dostosowane do indywidualnych potrzeb, zapewniaj\u0105ce maksymaln\u0105 wydajno\u015b\u0107 i optymaln\u0105 wydajno\u015b\u0107 w ka\u017cdym zastosowaniu.<\/p>\n<p><strong>Zaanga\u017cowanie w jako\u015b\u0107 i innowacj\u0119<\/strong><\/p>\n<p>Dok\u0142adamy wszelkich stara\u0144, aby utrzyma\u0107 najwy\u017csze standardy jako\u015bci i niezawodno\u015bci ka\u017cdego produktu, kt\u00f3ry wytwarzamy. Nasz zaawansowany sprz\u0119t do testowania i kontroli, a tak\u017ce wysoko wykwalifikowany zesp\u00f3\u0142 techniczny, gwarantuj\u0105, \u017ce ka\u017cdy produkt spe\u0142nia rygorystyczne standardy bran\u017cowe. Niezale\u017cnie od tego, czy dostarczamy standardowe rozwi\u0105zania, czy tworzymy produkty na zam\u00f3wienie, FMP dok\u0142ada wszelkich stara\u0144, aby zapewni\u0107 najwy\u017csz\u0105 jako\u015b\u0107 i wyj\u0105tkow\u0105 wydajno\u015b\u0107 nawet w najbardziej wymagaj\u0105cych warunkach.<\/p>\n<p>W ostatnich latach FMP odnotowa\u0142o dynamiczny rozw\u00f3j, nap\u0119dzany bogatym do\u015bwiadczeniem produkcyjnym, solidnymi systemami zarz\u0105dzania i solidn\u0105 wiedz\u0105 techniczn\u0105. Nasza filozofia \u201ejako\u015b\u0107 dla przetrwania i innowacja dla rozwoju\u201d stanowi fundament naszego sukcesu, nap\u0119dzaj\u0105c ci\u0105g\u0142e doskonalenie i rozw\u00f3j.<\/p>\n<p><strong>Partnerstwo dla sukcesu<\/strong><\/p>\n<p>W FMP priorytetowo traktujemy wsp\u00f3\u0142prac\u0119 i d\u0142ugoterminowe partnerstwa z naszymi klientami. \u015aci\u015ble wsp\u00f3\u0142pracujemy z naszymi klientami, aby dostarcza\u0107 innowacyjne i niezawodne rozwi\u0105zania, kt\u00f3re przewy\u017cszaj\u0105 ich oczekiwania. Naszym celem jest nie tylko zaspokajanie potrzeb klient\u00f3w, ale tak\u017ce budowanie trwa\u0142ych relacji opartych na zaufaniu, jako\u015bci i wsp\u00f3lnym sukcesie.<\/p>\n<p>Koncentruj\u0105c si\u0119 na precyzyjnej in\u017cynierii, niezawodno\u015bci i spersonalizowanych us\u0142ugach, FMP jest zaufanym partnerem w zakresie wszystkich Pa\u0144stwa potrzeb w zakresie przek\u0142adni mechanicznych i hydraulicznych. Z niecierpliwo\u015bci\u0105 czekamy na wsp\u00f3\u0142prac\u0119 z Pa\u0144stwem, aby wsp\u00f3lnie osi\u0105gn\u0105\u0107 sukces i doskona\u0142o\u015b\u0107.<\/p>\n<p><img loading=\"lazy\" decoding=\"async\" class=\"alignnone size-full wp-image-3678\" src=\"https:\/\/fmp-components.com\/wp-content\/uploads\/2025\/01\/worm-gearbox-factory1.webp\" alt=\"fabryka przek\u0142adni \u015blimakowych\" width=\"1024\" height=\"888\" title=\"\" srcset=\"https:\/\/fmp-components.com\/wp-content\/uploads\/2025\/01\/worm-gearbox-factory1.webp 1024w, https:\/\/fmp-components.com\/wp-content\/uploads\/2025\/01\/worm-gearbox-factory1-980x850.webp 980w, https:\/\/fmp-components.com\/wp-content\/uploads\/2025\/01\/worm-gearbox-factory1-480x416.webp 480w\" sizes=\"(min-width: 0px) and (max-width: 480px) 480px, (min-width: 481px) and (max-width: 980px) 980px, (min-width: 981px) 1024px, 100vw\" \/><\/p>\n<p>Autor: CX<\/p>","protected":false},"excerpt":{"rendered":"<p>Location of the Wheel Drive on a Rough Terrain Scissor Lift The wheel drive on a rough terrain scissor lift is typically located at the lower portion of the lift&#8217;s chassis, integrated into the drive wheels. These drives are essential for powering the wheels that allow the lift to move across uneven, rugged surfaces often [&hellip;]<\/p>","protected":false},"featured_media":3682,"comment_status":"open","ping_status":"closed","template":"","meta":{"_et_pb_use_builder":"","_et_pb_old_content":"","_et_gb_content_width":""},"product_brand":[],"product_cat":[90],"product_tag":[],"class_list":{"0":"post-3679","1":"product","2":"type-product","3":"status-publish","4":"has-post-thumbnail","6":"product_cat-planetary-gearbox","8":"first","9":"instock","10":"shipping-taxable","11":"product-type-simple"},"_links":{"self":[{"href":"https:\/\/fmp-components.com\/pl\/wp-json\/wp\/v2\/product\/3679","targetHints":{"allow":["GET"]}}],"collection":[{"href":"https:\/\/fmp-components.com\/pl\/wp-json\/wp\/v2\/product"}],"about":[{"href":"https:\/\/fmp-components.com\/pl\/wp-json\/wp\/v2\/types\/product"}],"replies":[{"embeddable":true,"href":"https:\/\/fmp-components.com\/pl\/wp-json\/wp\/v2\/comments?post=3679"}],"wp:featuredmedia":[{"embeddable":true,"href":"https:\/\/fmp-components.com\/pl\/wp-json\/wp\/v2\/media\/3682"}],"wp:attachment":[{"href":"https:\/\/fmp-components.com\/pl\/wp-json\/wp\/v2\/media?parent=3679"}],"wp:term":[{"taxonomy":"product_brand","embeddable":true,"href":"https:\/\/fmp-components.com\/pl\/wp-json\/wp\/v2\/product_brand?post=3679"},{"taxonomy":"product_cat","embeddable":true,"href":"https:\/\/fmp-components.com\/pl\/wp-json\/wp\/v2\/product_cat?post=3679"},{"taxonomy":"product_tag","embeddable":true,"href":"https:\/\/fmp-components.com\/pl\/wp-json\/wp\/v2\/product_tag?post=3679"}],"curies":[{"name":"wp","href":"https:\/\/api.w.org\/{rel}","templated":true}]}}