{"id":3674,"date":"2025-01-09T05:49:40","date_gmt":"2025-01-09T05:49:40","guid":{"rendered":"https:\/\/fmp-components.com\/?page_id=8"},"modified":"2025-01-09T06:11:10","modified_gmt":"2025-01-09T06:11:10","slug":"wheel-drive-planetary-gearbox-reducer-for-access-plateform","status":"publish","type":"product","link":"https:\/\/fmp-components.com\/pl\/product\/wheel-drive-planetary-gearbox-reducer-for-access-plateform\/","title":{"rendered":"Reduktor przek\u0142adni planetarnej z nap\u0119dem na ko\u0142a do platformy dost\u0119powej"},"content":{"rendered":"<p style=\"text-align: center;\"><span style=\"font-size: 18pt;\">Przek\u0142adnia planetarna z nap\u0119dem na ko\u0142a do platformy dost\u0119powej<\/span><\/p>\n<p>Przek\u0142adnia planetarna z nap\u0119dem na ko\u0142a do platform dost\u0119powych to wysokowydajny uk\u0142ad redukcyjny zaprojektowany specjalnie do stosowania w podno\u015bnikach koszowych (AWP), podno\u015bnikach no\u017cycowych, podno\u015bnikach wysi\u0119gnikowych i innych platformach dost\u0119powych. Zaprojektowana z my\u015bl\u0105 o niezawodno\u015bci, wydajno\u015bci i trwa\u0142o\u015bci, przek\u0142adnia ta jest niezb\u0119dnym elementem zapewniaj\u0105cym p\u0142ynny i kontrolowany ruch platformy.<\/p>\n<p><strong>G\u0142\u00f3wne cechy:<\/strong><\/p>\n<ol>\n<li><strong>Wysoki moment obrotowy<\/strong><br \/>\nPrzek\u0142adnia planetarna zosta\u0142a zaprojektowana tak, aby zapewnia\u0107 wysoki moment obrotowy i umo\u017cliwia\u0107 wydajne przenoszenie mocy na ko\u0142a platformy dost\u0119powej, umo\u017cliwiaj\u0105c p\u0142ynny i niezawodny ruch nawet przy du\u017cych obci\u0105\u017ceniach.<\/li>\n<li><strong>Kompaktowa i solidna konstrukcja<\/strong><br \/>\nDzi\u0119ki kompaktowej i zajmuj\u0105cej niewiele miejsca konstrukcji, przek\u0142adnia zosta\u0142a zaprojektowana tak, aby zmie\u015bci\u0107 si\u0119 w ograniczonej przestrzeni platform dost\u0119powych, zachowuj\u0105c jednocze\u015bnie wytrzyma\u0142o\u015b\u0107 i trwa\u0142o\u015b\u0107. Jej solidna konstrukcja gwarantuje d\u0142ugotrwa\u0142\u0105 wydajno\u015b\u0107 w wymagaj\u0105cych warunkach.<\/li>\n<li><strong>Mechanizm przek\u0142adni planetarnej<\/strong><br \/>\nZastosowanie przek\u0142adni planetarnej zapewnia doskona\u0142y rozk\u0142ad obci\u0105\u017cenia, mniejsze zu\u017cycie i zwi\u0119kszon\u0105 wydajno\u015b\u0107. Taka konstrukcja poprawia r\u00f3wnie\u017c stosunek momentu obrotowego do masy, przyczyniaj\u0105c si\u0119 do og\u00f3lnej wydajno\u015bci platformy.<\/li>\n<li><strong>Zwi\u0119kszona trwa\u0142o\u015b\u0107<\/strong><br \/>\nWykonana z wysokiej jako\u015bci materia\u0142\u00f3w, przek\u0142adnia jest zaprojektowana tak, aby wytrzyma\u0107 trudne warunki, w tym cz\u0119st\u0105 prac\u0119, wysokie cykle pracy i trudne warunki \u015brodowiskowe. Zapewnia d\u0142ugotrwa\u0142\u0105 trwa\u0142o\u015b\u0107 i ograniczone wymagania konserwacyjne.<\/li>\n<li><strong>P\u0142ynna i cicha praca<\/strong><br \/>\nPrecyzyjna konstrukcja przek\u0142adni planetarnych zapewnia p\u0142ynn\u0105 i cich\u0105 prac\u0119, zmniejszaj\u0105c poziom ha\u0142asu podczas pracy i zapewniaj\u0105c u\u017cytkownikom wi\u0119kszy komfort.<\/li>\n<\/ol>\n<p><img loading=\"lazy\" decoding=\"async\" class=\"alignnone size-full wp-image-3676\" src=\"https:\/\/fmp-components.com\/wp-content\/uploads\/2025\/01\/0_wheel-drive-for-Access-Plateform-21.webp\" alt=\"0_nap\u0119d-ko\u0142owy-dla-platformy-dost\u0119powej-2(1)\" width=\"980\" height=\"354\" title=\"\" srcset=\"https:\/\/fmp-components.com\/wp-content\/uploads\/2025\/01\/0_wheel-drive-for-Access-Plateform-21.webp 980w, https:\/\/fmp-components.com\/wp-content\/uploads\/2025\/01\/0_wheel-drive-for-Access-Plateform-21-480x173.webp 480w\" sizes=\"(min-width: 0px) and (max-width: 480px) 480px, (min-width: 481px) 980px, 100vw\" \/><\/p>\n<p>Przek\u0142adnia planetarna z nap\u0119dem na ko\u0142a do platform dost\u0119powych to niezb\u0119dny, wysokowydajny komponent, kt\u00f3ry zapewnia doskona\u0142\u0105 wydajno\u015b\u0107, trwa\u0142o\u015b\u0107 i p\u0142ynn\u0105 prac\u0119 w r\u00f3\u017cnorodnych zastosowaniach platform dost\u0119powych. Dzi\u0119ki solidnej konstrukcji, opcjom personalizacji i d\u0142ugiej \u017cywotno\u015bci, przek\u0142adnia ta gwarantuje niezawodn\u0105 i wydajn\u0105 prac\u0119 platformy dost\u0119powej w wymagaj\u0105cych warunkach.<\/p>\n<div class=\"group\/conversation-turn relative flex w-full min-w-0 flex-col agent-turn\">\n<div class=\"flex-col gap-1 md:gap-3\">\n<div class=\"flex max-w-full flex-col flex-grow\">\n<div class=\"min-h-8 text-message flex w-full flex-col items-end gap-2 whitespace-normal break-words text-start [.text-message+&amp;]:mt-5\" dir=\"auto\" data-message-author-role=\"assistant\" data-message-id=\"2334fcc5-ad49-42a5-89f5-7a90448f8b99\" data-message-model-slug=\"gpt-4o\">\n<div class=\"flex w-full flex-col gap-1 empty:hidden first:pt-[3px]\">\n<div class=\"markdown prose w-full break-words dark:prose-invert light\">\n<h2>Reduktor nap\u0119du k\u00f3\u0142 do maszyn z platform\u0105 dost\u0119pow\u0105<\/h2>\n<p>Reduktor nap\u0119du k\u00f3\u0142 do maszyn z platformami dost\u0119powymi to precyzyjnie zaprojektowany uk\u0142ad redukcyjny, zaprojektowany w celu optymalizacji wydajno\u015bci podno\u015bnik\u00f3w koszowych, podno\u015bnik\u00f3w no\u017cycowych i innych maszyn z platformami dost\u0119powymi. Dzi\u0119ki naciskowi na wydajno\u015b\u0107 przenoszenia mocy i trwa\u0142o\u015b\u0107, reduktor ten zapewnia p\u0142ynny, niezawodny i kontrolowany ruch, nawet w wymagaj\u0105cych warunkach przemys\u0142owych.<\/p>\n<p><strong>G\u0142\u00f3wne cechy:<\/strong> Reduktor charakteryzuje si\u0119 solidn\u0105 i kompaktow\u0105 konstrukcj\u0105, wykorzystuj\u0105c zaawansowan\u0105 technologi\u0119 przek\u0142adni, aby zapewni\u0107 wysoki moment obrotowy przy jednoczesnej minimalizacji strat energii. Mechanizm przek\u0142adni planetarnej zapewnia efektywny rozk\u0142ad obci\u0105\u017cenia, zmniejszaj\u0105c zu\u017cycie i wyd\u0142u\u017caj\u0105c \u017cywotno\u015b\u0107 systemu. Zaprojektowany z my\u015bl\u0105 o \u0142atwej integracji, reduktor jest kompatybilny z r\u00f3\u017cnymi modelami platform dost\u0119powych, oferuj\u0105c elastyczno\u015b\u0107 i bezproblemow\u0105 instalacj\u0119.<\/p>\n<p><strong>Trwa\u0142o\u015b\u0107 i wydajno\u015b\u0107:<\/strong> Zaprojektowany z wysokiej jako\u015bci materia\u0142\u00f3w, reduktor nap\u0119du k\u00f3\u0142 zosta\u0142 zaprojektowany tak, aby sprosta\u0107 trudom intensywnej eksploatacji. Dzia\u0142a p\u0142ynnie i wydajnie przy ci\u0105g\u0142ym u\u017cytkowaniu, oferuj\u0105c doskona\u0142\u0105 trwa\u0142o\u015b\u0107 i redukuj\u0105c potrzeb\u0119 cz\u0119stej konserwacji. Konstrukcja przek\u0142adni zapewnia r\u00f3wnie\u017c cich\u0105 prac\u0119, dzi\u0119ki czemu idealnie nadaje si\u0119 do \u015brodowisk wra\u017cliwych na ha\u0142as.<\/p>\n<p><strong>Wszechstronne zastosowania:<\/strong> Ten reduktor idealnie nadaje si\u0119 do szerokiej gamy maszyn z platformami dost\u0119powymi, w tym podno\u015bnik\u00f3w no\u017cycowych, podno\u015bnik\u00f3w wysi\u0119gnikowych i innych mobilnych platform podno\u015bnych. Jego wysoki moment obrotowy i wydajno\u015b\u0107 sprawiaj\u0105, \u017ce nadaje si\u0119 do zastosowa\u0144 przemys\u0142owych, budowlanych i konserwacyjnych, gdzie precyzja, bezpiecze\u0144stwo i wydajno\u015b\u0107 s\u0105 priorytetem.<\/p>\n<p>Reduktor nap\u0119du k\u00f3\u0142 do maszyn z platformami dost\u0119powymi to niezawodne i wydajne rozwi\u0105zanie, kt\u00f3re zwi\u0119ksza funkcjonalno\u015b\u0107 platform dost\u0119powych. Oferuj\u0105c doskona\u0142\u0105 wydajno\u015b\u0107, trwa\u0142o\u015b\u0107 i \u0142atwo\u015b\u0107 integracji, zapewnia optymaln\u0105 prac\u0119 maszyn, przyczyniaj\u0105c si\u0119 do poprawy efektywno\u015bci operacyjnej i obni\u017cenia koszt\u00f3w konserwacji.<\/p>\n<p><img loading=\"lazy\" decoding=\"async\" class=\"wp-image-3677 alignnone\" src=\"https:\/\/fmp-components.com\/wp-content\/uploads\/2025\/01\/0_wheel-drive-for-Access-Plateform-4.webp\" alt=\"0_nap\u0119d-na-ko\u0142a-dla-platformy-dost\u0119powej-4\" width=\"897\" height=\"601\" title=\"\" srcset=\"https:\/\/fmp-components.com\/wp-content\/uploads\/2025\/01\/0_wheel-drive-for-Access-Plateform-4.webp 897w, https:\/\/fmp-components.com\/wp-content\/uploads\/2025\/01\/0_wheel-drive-for-Access-Plateform-4-480x321.webp 480w\" sizes=\"(min-width: 0px) and (max-width: 480px) 480px, (min-width: 481px) 897px, 100vw\" \/><\/p>\n<h2>Zgodno\u015b\u0107 z popularnymi modelami platform dost\u0119powych<\/h2>\n<p>W praktycznych zastosowaniach nasza przek\u0142adnia planetarna z nap\u0119dem na ko\u0142a jest szeroko kompatybilna z wieloma znanymi markami i modelami platform dost\u0119powych. Oto kilka typowych przyk\u0142ad\u00f3w:<\/p>\n<ul>\n<li>JLG Industries: Na przyk\u0142ad seria JLG 600S i seria 800AJ podno\u015bnik\u00f3w koszowych do pracy na du\u017cych wysoko\u015bciach.<\/li>\n<li>Genie: takie jak Genie S-65, SX-180 i inne serie podno\u015bnik\u00f3w no\u017cycowych i pojazd\u00f3w roboczych o prostym ramieniu do pracy na du\u017cych wysoko\u015bciach.<\/li>\n<li>Haulotte: w tym seria HAULOTTE Star, samojezdne podno\u015bniki ramieniowe HA15IP lub HA20PX.<\/li>\n<li>Skyjack: taki jak podno\u015bnik no\u017cycowy elektryczny Skyjack SJIII 3219, SJII 4632 itp.<\/li>\n<li>Podno\u015bniki koszowe Terex Aerial Work Platforms (AWP): obejmuj\u0105 podno\u015bniki koszowe z wysi\u0119gnikiem teleskopowym do pracy na du\u017cych wysoko\u015bciach, takie jak Genie TZ-50 lub nowy model SX-135XC Pro.<\/li>\n<\/ul>\n<p><span style=\"color: #ff0000;\"><em><strong>Uwaga: nazwy marek wymienione w artykule s\u0142u\u017c\u0105 jedynie wygodzie klient\u00f3w, umo\u017cliwiaj\u0105c im wyb\u00f3r i wymian\u0119 akcesori\u00f3w odpowiedniej marki maszyn rolniczych. Nie oznaczaj\u0105 one sprzeda\u017cy produkt\u00f3w tej marki.<\/strong><\/em><\/span><\/p>\n<h2>O FMP<\/h2>\n<p>FMP to wiod\u0105cy producent specjalizuj\u0105cy si\u0119 w produkcji szerokiej gamy mechanicznych i hydraulicznych przek\u0142adni. Nasza wiedza specjalistyczna obejmuje r\u00f3\u017cnorodne kategorie produkt\u00f3w, w tym przek\u0142adnie planetarne, reduktory \u015blimakowe, reduktory walcowe, reduktory walcowe z wa\u0142ami p\u0142askimi, reduktory walcowo-sto\u017ckowe, reduktory walcowo-\u015blimakowe, przek\u0142adnie rolnicze, przek\u0142adnie do ci\u0105gnik\u00f3w, skrzynie bieg\u00f3w samochodowych, wa\u0142y odbioru mocy oraz reduktory specjalistyczne. Ponadto oferujemy szeroki wyb\u00f3r powi\u0105zanych cz\u0119\u015bci przek\u0142adniowych, k\u00f3\u0142 z\u0119batych, uk\u0142ad\u00f3w hydraulicznych, pomp pr\u00f3\u017cniowych, sprz\u0119gie\u0142 hydraulicznych, z\u0119batek, \u0142a\u0144cuch\u00f3w, k\u00f3\u0142 pasowych rozrz\u0105du, przek\u0142adni UDL, k\u00f3\u0142 pasowych klinowych, cylindr\u00f3w hydraulicznych, pomp z\u0119batych, spr\u0119\u017carek \u015brubowych oraz reduktory \u015blimakowe o niskim luzie, mi\u0119dzy innymi.<\/p>\n<p>W FMP rozumiemy, jak wa\u017cna jest personalizacja w zaspokajaniu unikalnych potrzeb naszych klient\u00f3w. Oferujemy rozwi\u0105zania szyte na miar\u0119, w tym przek\u0142adnie, motoreduktory, produkty hydrauliczne i silniki, w oparciu o szczeg\u00f3\u0142owe rysunki i wymagania klienta. Nasze elastyczne mo\u017cliwo\u015bci produkcyjne pozwalaj\u0105 nam dostarcza\u0107 produkty precyzyjnie dopasowane do ka\u017cdego zastosowania, gwarantuj\u0105c optymaln\u0105 wydajno\u015b\u0107 i efektywno\u015b\u0107.<\/p>\n<p><strong>Zaanga\u017cowanie w jako\u015b\u0107 i innowacj\u0119<\/strong><\/p>\n<p>Jako\u015b\u0107 i niezawodno\u015b\u0107 naszych produkt\u00f3w stawiamy na pierwszym miejscu, wspierane przez zaawansowany sprz\u0119t do kontroli i testowania. Nasz profesjonalny zesp\u00f3\u0142 techniczny, w po\u0142\u0105czeniu z najnowocze\u015bniejsz\u0105 technologi\u0105 przetwarzania i rygorystycznym systemem kontroli, gwarantuje, \u017ce ka\u017cdy produkt spe\u0142nia najwy\u017csze standardy bran\u017cowe. Niezale\u017cnie od tego, czy chodzi o sprz\u0119t standardowy, czy rozwi\u0105zania projektowane na zam\u00f3wienie, FMP dok\u0142ada wszelkich stara\u0144, aby dostarcza\u0107 wyj\u0105tkowe produkty, kt\u00f3re zapewniaj\u0105 doskona\u0142\u0105 wydajno\u015b\u0107 w wymagaj\u0105cych zastosowaniach.<\/p>\n<p>W ostatnich latach FMP odnotowa\u0142o dynamiczny rozw\u00f3j, nap\u0119dzany bogatym do\u015bwiadczeniem produkcyjnym, zaawansowanym systemem zarz\u0105dzania oraz silnym potencja\u0142em technicznym. Kierujemy si\u0119 filozofi\u0105 \u201eprzetrwania poprzez jako\u015b\u0107 i rozwoju poprzez innowacje naukowe i technologiczne\u201d, kt\u00f3ra stanowi fundament naszego sukcesu.<\/p>\n<p><strong>Podej\u015bcie oparte na wsp\u00f3\u0142pracy<\/strong><\/p>\n<p>FMP zobowi\u0105zuje si\u0119 do \u015bcis\u0142ej wsp\u00f3\u0142pracy z klientami w celu opracowywania innowacyjnych rozwi\u0105za\u0144 i budowania trwa\u0142ych partnerstw. Naszym celem jest dostarczanie najwy\u017cszej jako\u015bci produkt\u00f3w i us\u0142ug, kt\u00f3re nie tylko spe\u0142niaj\u0105, ale wr\u0119cz przewy\u017cszaj\u0105 oczekiwania klient\u00f3w. Z niecierpliwo\u015bci\u0105 czekamy na wsp\u00f3\u0142prac\u0119 z Pa\u0144stwem, aby wsp\u00f3lnie osi\u0105ga\u0107 sukcesy i tworzy\u0107 doskona\u0142o\u015b\u0107.<\/p>\n<p>K\u0142ad\u0105c nacisk na precyzj\u0119, niezawodno\u015b\u0107 i zindywidualizowan\u0105 obs\u0142ug\u0119, FMP jest zaufanym partnerem, na kt\u00f3rego mo\u017cesz liczy\u0107, je\u015bli chodzi o potrzeby zwi\u0105zane z przek\u0142adniami mechanicznymi i hydraulicznymi.<\/p>\n<p><img loading=\"lazy\" decoding=\"async\" class=\"alignnone size-full wp-image-3678\" src=\"https:\/\/fmp-components.com\/wp-content\/uploads\/2025\/01\/worm-gearbox-factory1.webp\" alt=\"fabryka przek\u0142adni \u015blimakowych\" width=\"1024\" height=\"888\" title=\"\" srcset=\"https:\/\/fmp-components.com\/wp-content\/uploads\/2025\/01\/worm-gearbox-factory1.webp 1024w, https:\/\/fmp-components.com\/wp-content\/uploads\/2025\/01\/worm-gearbox-factory1-980x850.webp 980w, https:\/\/fmp-components.com\/wp-content\/uploads\/2025\/01\/worm-gearbox-factory1-480x416.webp 480w\" sizes=\"(min-width: 0px) and (max-width: 480px) 480px, (min-width: 481px) and (max-width: 980px) 980px, (min-width: 981px) 1024px, 100vw\" \/><\/p>\n<p>Autor: CX<\/p>\n<\/div>\n<\/div>\n<\/div>\n<\/div>\n<\/div>\n<\/div>","protected":false},"excerpt":{"rendered":"<p>Wheel Drive Planetary Gearbox Reducer for Access Platform The Wheel Drive Planetary Gearbox Reducer for Access Platforms is a high-performance gear reduction system specifically designed for use in aerial work platforms (AWP), scissor lifts, boom lifts, and other access platforms. Engineered for reliability, efficiency, and durability, this gearbox is an essential component for ensuring smooth [&hellip;]<\/p>","protected":false},"featured_media":3680,"comment_status":"open","ping_status":"closed","template":"","meta":{"_et_pb_use_builder":"","_et_pb_old_content":"","_et_gb_content_width":""},"product_brand":[],"product_cat":[90],"product_tag":[],"class_list":{"0":"post-3674","1":"product","2":"type-product","3":"status-publish","4":"has-post-thumbnail","6":"product_cat-planetary-gearbox","8":"first","9":"instock","10":"shipping-taxable","11":"product-type-simple"},"_links":{"self":[{"href":"https:\/\/fmp-components.com\/pl\/wp-json\/wp\/v2\/product\/3674","targetHints":{"allow":["GET"]}}],"collection":[{"href":"https:\/\/fmp-components.com\/pl\/wp-json\/wp\/v2\/product"}],"about":[{"href":"https:\/\/fmp-components.com\/pl\/wp-json\/wp\/v2\/types\/product"}],"replies":[{"embeddable":true,"href":"https:\/\/fmp-components.com\/pl\/wp-json\/wp\/v2\/comments?post=3674"}],"wp:featuredmedia":[{"embeddable":true,"href":"https:\/\/fmp-components.com\/pl\/wp-json\/wp\/v2\/media\/3680"}],"wp:attachment":[{"href":"https:\/\/fmp-components.com\/pl\/wp-json\/wp\/v2\/media?parent=3674"}],"wp:term":[{"taxonomy":"product_brand","embeddable":true,"href":"https:\/\/fmp-components.com\/pl\/wp-json\/wp\/v2\/product_brand?post=3674"},{"taxonomy":"product_cat","embeddable":true,"href":"https:\/\/fmp-components.com\/pl\/wp-json\/wp\/v2\/product_cat?post=3674"},{"taxonomy":"product_tag","embeddable":true,"href":"https:\/\/fmp-components.com\/pl\/wp-json\/wp\/v2\/product_tag?post=3674"}],"curies":[{"name":"wp","href":"https:\/\/api.w.org\/{rel}","templated":true}]}}