{"id":3617,"date":"2025-01-09T01:50:47","date_gmt":"2025-01-09T01:50:47","guid":{"rendered":"https:\/\/fmp-components.com\/?page_id=8"},"modified":"2025-01-09T01:50:47","modified_gmt":"2025-01-09T01:50:47","slug":"spindle-motor-used-for-cnc-spindle-jszd202","status":"publish","type":"product","link":"https:\/\/fmp-components.com\/pl\/product\/spindle-motor-used-for-cnc-spindle-jszd202\/","title":{"rendered":"Silnik wrzeciona u\u017cywany do wrzeciona CNC JSZD202"},"content":{"rendered":"<p><img loading=\"lazy\" decoding=\"async\" class=\"alignnone size-full wp-image-3616\" src=\"https:\/\/fmp-components.com\/wp-content\/uploads\/2025\/01\/spindle-motor-for-cnc-spindle-jszd202-2.webp\" alt=\"silnik-wrzeciona-do-wrzeciona-cnc-jszd202-2\" width=\"1104\" height=\"642\" title=\"\" srcset=\"https:\/\/fmp-components.com\/wp-content\/uploads\/2025\/01\/spindle-motor-for-cnc-spindle-jszd202-2.webp 1104w, https:\/\/fmp-components.com\/wp-content\/uploads\/2025\/01\/spindle-motor-for-cnc-spindle-jszd202-2-980x570.webp 980w, https:\/\/fmp-components.com\/wp-content\/uploads\/2025\/01\/spindle-motor-for-cnc-spindle-jszd202-2-480x279.webp 480w\" sizes=\"(min-width: 0px) and (max-width: 480px) 480px, (min-width: 481px) and (max-width: 980px) 980px, (min-width: 981px) 1104px, 100vw\" \/><img loading=\"lazy\" decoding=\"async\" class=\"alignnone size-full wp-image-3614\" src=\"https:\/\/fmp-components.com\/wp-content\/uploads\/2025\/01\/spindle-motor-for-cnc-spindle-jszd202-3.webp\" alt=\"silnik-wrzeciona-do-wrzeciona-cnc-jszd202-3\" width=\"1115\" height=\"450\" title=\"\" srcset=\"https:\/\/fmp-components.com\/wp-content\/uploads\/2025\/01\/spindle-motor-for-cnc-spindle-jszd202-3.webp 1115w, https:\/\/fmp-components.com\/wp-content\/uploads\/2025\/01\/spindle-motor-for-cnc-spindle-jszd202-3-980x396.webp 980w, https:\/\/fmp-components.com\/wp-content\/uploads\/2025\/01\/spindle-motor-for-cnc-spindle-jszd202-3-480x194.webp 480w\" sizes=\"(min-width: 0px) and (max-width: 480px) 480px, (min-width: 481px) and (max-width: 980px) 980px, (min-width: 981px) 1115px, 100vw\" \/><\/p>\n<h2>Istniej\u0105 dwa sposoby na uzyskanie mocy wyj\u015bciowej. Pierwszy to sta\u0142y moment obrotowy, a drugi to sta\u0142a moc, jak poni\u017cej:<\/h2>\n<p><img loading=\"lazy\" decoding=\"async\" class=\"alignnone size-full wp-image-3573\" src=\"https:\/\/fmp-components.com\/wp-content\/uploads\/2025\/01\/spindle-motor-1.webp\" alt=\"silnik wrzeciona-1\" width=\"973\" height=\"551\" title=\"\" srcset=\"https:\/\/fmp-components.com\/wp-content\/uploads\/2025\/01\/spindle-motor-1.webp 973w, https:\/\/fmp-components.com\/wp-content\/uploads\/2025\/01\/spindle-motor-1-480x272.webp 480w\" sizes=\"(min-width: 0px) and (max-width: 480px) 480px, (min-width: 481px) 973px, 100vw\" \/><\/p>\n<h2>Wyja\u015bnienie nomenklatury wrzeciona silnika<\/h2>\n<p><img loading=\"lazy\" decoding=\"async\" class=\"alignnone size-full wp-image-3574\" src=\"https:\/\/fmp-components.com\/wp-content\/uploads\/2025\/01\/spindle-motor-2.webp\" alt=\"silnik wrzeciona-2\" width=\"666\" height=\"351\" title=\"\" srcset=\"https:\/\/fmp-components.com\/wp-content\/uploads\/2025\/01\/spindle-motor-2.webp 666w, https:\/\/fmp-components.com\/wp-content\/uploads\/2025\/01\/spindle-motor-2-480x253.webp 480w\" sizes=\"(min-width: 0px) and (max-width: 480px) 480px, (min-width: 481px) 666px, 100vw\" \/><\/p>\n<h2>Koniec po\u0142\u0105czenia wrzeciona<\/h2>\n<p>Posiada wiele r\u00f3\u017cnych typ\u00f3w po\u0142\u0105cze\u0144, w zale\u017cno\u015bci od modelu wrzeciona, zapoznaj si\u0119 z poni\u017csz\u0105 tabel\u0105.<\/p>\n<p><img loading=\"lazy\" decoding=\"async\" class=\"alignnone wp-image-3575\" src=\"https:\/\/fmp-components.com\/wp-content\/uploads\/2025\/01\/spindle-motor-3.webp\" alt=\"silnik wrzeciona-\" width=\"885\" height=\"231\" title=\"\" srcset=\"https:\/\/fmp-components.com\/wp-content\/uploads\/2025\/01\/spindle-motor-3.webp 885w, https:\/\/fmp-components.com\/wp-content\/uploads\/2025\/01\/spindle-motor-3-480x125.webp 480w\" sizes=\"(min-width: 0px) and (max-width: 480px) 480px, (min-width: 481px) 885px, 100vw\" \/><\/p>\n<h2>Instrukcja wrzeciona<\/h2>\n<div><span id=\"spin1\">1<\/span>Przetwornica cz\u0119stotliwo\u015bci\u00a0<span id=\"spin2\">musi<\/span>\u00a0dopasuj\u00a0<span id=\"spin3\">elektryczny<\/span>\u00a0jednostka wrzeciona.\u00a0<span id=\"spin4\">podstawowy<\/span>\u00a0cz\u0119stotliwo\u015b\u0107\u00a0<span id=\"spin5\">lub nawet<\/span>\u00a0cz\u0119stotliwo\u015b\u0107 nominalna\u00a0<span id=\"spin6\">tak samo jak<\/span>\u00a0wolta\u017c\u00a0<span id=\"spin7\">b\u0119dzie musia\u0142<\/span>\u00a0spe\u0142niaj\u0105 parametry techniczne\u00a0<span id=\"spin8\">z<\/span>\u00a0<span id=\"spin9\">elektryczny<\/span>\u00a0wrzeciono.<br \/>\n<span id=\"spin10\">2<\/span>.\u00a0<span id=\"spin11\">Elektryczny<\/span>\u00a0wrzeciono\u00a0<span id=\"spin12\">jest og\u00f3lnie<\/span>\u00a0ch\u0142odzony przez kr\u0105\u017c\u0105c\u0105 wod\u0119. Woda ch\u0142odz\u0105ca\u00a0<span id=\"spin13\">musi by\u0107<\/span>\u00a0odporne na rdz\u0119 i filtrowane czyste. Kiedy\u00a0<span id=\"spin14\">nabycie<\/span>\u00a0woda, wlot\u00a0<span id=\"spin15\">musi by\u0107<\/span>\u00a0<span id=\"spin16\">pod<\/span>\u00a0ten\u00a0<span id=\"spin17\">elektryczny<\/span>\u00a0wrzeciono.<br \/>\n<span id=\"spin18\">trzy<\/span>. Gdy\u00a0<span id=\"spin19\">praca z<\/span>\u00a0wrzeciono smarowane mg\u0142\u0105 olejow\u0105,\u00a0<span id=\"spin20\">stres<\/span>\u00a0zaw\u00f3r regulacyjny\u00a0<span id=\"spin21\">na<\/span>\u00a0mg\u0142a olejowa\u00a0<span id=\"spin22\">urz\u0105dzenie<\/span>\u00a0<span id=\"spin23\">powinno by\u0107<\/span>\u00a0dostosowano do 0,25~0,3 MPA mg\u0142y\u00a0<span id=\"spin25\">ci\u015bnienie<\/span>\u00a0<span id=\"spin26\">powinno by\u0107<\/span>\u00a00,1~0,2 MPa\u00a0<span id=\"spin28\">i<\/span>\u00a0<span id=\"spin29\">r\u00f3\u017cnorodno\u015b\u0107<\/span>\u00a0krople oleju\u00a0<span id=\"spin30\">musi by\u0107<\/span>\u00a060-70 kropli\/min.\u00a0<span id=\"spin31\">i tak\u017ce<\/span>\u00a0olej smarowy\u00a0<span id=\"spin32\">powinno by\u0107<\/span>\u00a0olej dzwonowy lub olej turbinowy nr\u00a0<span id=\"spin33\">20<\/span>.<br \/>\n<span id=\"spin34\">cztery<\/span>. Ten\u00a0<span id=\"spin35\">pr\u0119dko\u015b\u0107<\/span>\u00a0<span id=\"spin36\">wok\u00f3\u0142<\/span>\u00a0wrzeciono silnikowe\u00a0<span id=\"spin37\">przewodnik<\/span>\u00a0<span id=\"spin38\">zdecydowanie jest<\/span>\u00a0najwy\u017cszy\u00a0<span id=\"spin39\">pr\u0119dko\u015b\u0107<\/span>, I\u00a0<span id=\"spin40\">to mo\u017ce<\/span>\u00a0nie by\u0107\u00a0<span id=\"spin41\">podniesiony<\/span>,\u00a0<span id=\"spin42\">Niemniej jednak, to<\/span>\u00a0<span id=\"spin43\">Mo\u017ce<\/span>\u00a0<span id=\"spin44\">zatrudniony<\/span>\u00a0<span id=\"spin45\">zmniejszy\u0107<\/span><br \/>\nten\u00a0<span id=\"spin46\">tempo,<\/span>\u00a0napi\u0119cie i cz\u0119stotliwo\u015b\u0107 s\u0105\u00a0<span id=\"spin47\">zmniejszony<\/span>\u00a0<span id=\"spin48\">kiedy\u015b<\/span>\u00a0<span id=\"spin49\">pr\u0119dko\u015b\u0107<\/span>\u00a0jest obni\u017cony.<br \/>\n<span id=\"spin50\">5<\/span>. Obr\u00f3t\u00a0<span id=\"spin51\">kurs<\/span>\u00a0<span id=\"spin52\">z<\/span>\u00a0wrzeciono silnikowe\u00a0<span id=\"spin53\">jest zwykle<\/span>\u00a0przeciwnie do ruchu wskaz\u00f3wek zegara (patrz\u0105c\u00a0<span id=\"spin54\">w<\/span>\u00a0wa\u0142u). z wyj\u0105tkiem\u00a0<span id=\"spin55\">ekskluzywny<\/span><br \/>\n<span id=\"spin56\">\u017c\u0105dania<\/span>.<br \/>\n<span id=\"spin57\">6<\/span>. Wrzeciono silnikowe smarowane mg\u0142\u0105 olejow\u0105\u00a0<span id=\"spin58\">musi by\u0107<\/span>\u00a0<span id=\"spin59\">po\u0142\u0105czony<\/span>\u00a0z wod\u0105 i\u00a0<span id=\"spin60\">benzyna<\/span>\u00a0<span id=\"spin61\">przed<\/span>\u00a0<span id=\"spin62\">to mo\u017cliwe<\/span>\u00a0<span id=\"spin63\">rozpocz\u0105\u0107<\/span>\u00a0I\u00a0<span id=\"spin64\">przerwa\u0107<\/span>\u00a0woda i\u00a0<span id=\"spin65\">paliwo\u00a0<\/span><span id=\"spin66\">dostarcza\u0107<\/span>\u00a0<span id=\"spin67\">Po<\/span>\u00a0zamkni\u0119cie.<br \/>\nWyja\u015bnienie:\u00a0<span id=\"spin68\">unikalny<\/span>\u00a0dzia\u0142anie\u00a0<span id=\"spin69\">jest wymagane<\/span>\u00a0<span id=\"spin70\">wed\u0142ug<\/span>\u00a0<span id=\"spin71\">do<\/span>\u00a0<span id=\"spin72\">elektryczny<\/span>\u00a0wrzeciono\u00a0<span id=\"spin73\">wytyczne<\/span>.<\/div>\n<div>\n<div class=\"flex max-w-full flex-col flex-grow\">\n<div class=\"min-h-8 text-message flex w-full flex-col items-end gap-2 whitespace-normal break-words text-start [.text-message+&amp;]:mt-5\" dir=\"auto\" data-message-author-role=\"assistant\" data-message-id=\"fbdee532-4424-41b2-a093-d85f55f880e4\" data-message-model-slug=\"gpt-4o-mini\">\n<div class=\"flex w-full flex-col gap-1 empty:hidden first:pt-[3px]\">\n<div class=\"markdown prose w-full break-words dark:prose-invert light\">\n<h2>O FMP<\/h2>\n<p>FMP to renomowany producent specjalizuj\u0105cy si\u0119 w wysokiej jako\u015bci komponentach mechanicznych, w tym przek\u0142adniach \u015blimakowych \u015blimakowych, ko\u0142ach z\u0119batych, tulejach sto\u017ckowych, z\u0119batkach, sprz\u0119g\u0142ach i innych cz\u0119\u015bciach przek\u0142adni. Dzi\u0119ki silnemu ukierunkowaniu na eksport, ponad 65% naszych produkt\u00f3w jest dostarczanych na rynki europejskie, w tym do Niemiec, Wielkiej Brytanii i Francji, przyczyniaj\u0105c si\u0119 do rocznego wolumenu eksportu wynosz\u0105cego $18 milion\u00f3w. Ca\u0142kowita roczna warto\u015b\u0107 naszej produkcji przekracza 200 milion\u00f3w RMB.<\/p>\n<p>Nasze produkty s\u0105 starannie zaprojektowane i wyprodukowane, aby spe\u0142nia\u0107 mi\u0119dzynarodowe, europejskie i ameryka\u0144skie standardy przemys\u0142owe. Wykorzystujemy najnowocze\u015bniejszy sprz\u0119t do precyzyjnej obr\u00f3bki, przestrzegamy zoptymalizowanych proces\u00f3w produkcyjnych i wdra\u017camy elastyczny, wydajny system zarz\u0105dzania. Nasz kompleksowy system zarz\u0105dzania jako\u015bci\u0105 gwarantuje wyj\u0105tkow\u0105 jako\u015b\u0107 produktu przy jednoczesnym utrzymaniu konkurencyjnych cen.<\/p>\n<p>W FMP kierujemy si\u0119 podstawowymi zasadami: \u201eJako\u015b\u0107: podstawa d\u0142ugoterminowego sukcesu biznesowego; Integralno\u015b\u0107: si\u0142a nap\u0119dowa wzrostu; Obs\u0142uga: kamie\u0144 w\u0119gielny rozwoju; i Przyst\u0119pno\u015b\u0107 cenowa: klucz do trwa\u0142ego sukcesu\u201d. Zapraszamy do wsp\u00f3\u0142pracy partner\u00f3w krajowych i mi\u0119dzynarodowych i pozostajemy oddani wspieraniu wzajemnego wzrostu i osi\u0105ganiu wsp\u00f3lnego sukcesu.<\/p>\n<\/div>\n<\/div>\n<\/div>\n<\/div>\n<p><img loading=\"lazy\" decoding=\"async\" class=\"alignnone wp-image-3563\" src=\"https:\/\/fmp-components.com\/wp-content\/uploads\/2025\/01\/company-2.webp\" alt=\"firma\" width=\"873\" height=\"790\" title=\"\" srcset=\"https:\/\/fmp-components.com\/wp-content\/uploads\/2025\/01\/company-2.webp 873w, https:\/\/fmp-components.com\/wp-content\/uploads\/2025\/01\/company-2-480x435.webp 480w\" sizes=\"(min-width: 0px) and (max-width: 480px) 480px, (min-width: 481px) 873px, 100vw\" \/> <img loading=\"lazy\" decoding=\"async\" class=\"alignnone wp-image-3564\" src=\"https:\/\/fmp-components.com\/wp-content\/uploads\/2025\/01\/company-3.webp\" alt=\"firma\" width=\"873\" height=\"776\" title=\"\" srcset=\"https:\/\/fmp-components.com\/wp-content\/uploads\/2025\/01\/company-3.webp 873w, https:\/\/fmp-components.com\/wp-content\/uploads\/2025\/01\/company-3-480x427.webp 480w\" sizes=\"(min-width: 0px) and (max-width: 480px) 480px, (min-width: 481px) 873px, 100vw\" \/> <img loading=\"lazy\" decoding=\"async\" class=\"alignnone wp-image-3565\" src=\"https:\/\/fmp-components.com\/wp-content\/uploads\/2025\/01\/company-1.webp\" alt=\"firma\" width=\"877\" height=\"225\" title=\"\" srcset=\"https:\/\/fmp-components.com\/wp-content\/uploads\/2025\/01\/company-1.webp 877w, https:\/\/fmp-components.com\/wp-content\/uploads\/2025\/01\/company-1-480x123.webp 480w\" sizes=\"(min-width: 0px) and (max-width: 480px) 480px, (min-width: 481px) 877px, 100vw\" \/><\/p>\n<p>Autor: CX<\/p>\n<\/div>","protected":false},"excerpt":{"rendered":"<p>There are Two Ways for the Output One is Constant Torque, and Another is Constant Power as Below: Nomenclature Explanation of Motor Spindle The End of the Spindle Connection Its have many different types of connection, depending on the different model spindle, please refer to the table below. Spindle Instruction 1. The frequency converter\u00a0has to\u00a0match [&hellip;]<\/p>","protected":false},"featured_media":3618,"comment_status":"open","ping_status":"closed","template":"","meta":{"_et_pb_use_builder":"","_et_pb_old_content":"","_et_gb_content_width":""},"product_brand":[],"product_cat":[89],"product_tag":[],"class_list":{"0":"post-3617","1":"product","2":"type-product","3":"status-publish","4":"has-post-thumbnail","6":"product_cat-spindle-motor","8":"first","9":"instock","10":"shipping-taxable","11":"product-type-simple"},"_links":{"self":[{"href":"https:\/\/fmp-components.com\/pl\/wp-json\/wp\/v2\/product\/3617","targetHints":{"allow":["GET"]}}],"collection":[{"href":"https:\/\/fmp-components.com\/pl\/wp-json\/wp\/v2\/product"}],"about":[{"href":"https:\/\/fmp-components.com\/pl\/wp-json\/wp\/v2\/types\/product"}],"replies":[{"embeddable":true,"href":"https:\/\/fmp-components.com\/pl\/wp-json\/wp\/v2\/comments?post=3617"}],"wp:featuredmedia":[{"embeddable":true,"href":"https:\/\/fmp-components.com\/pl\/wp-json\/wp\/v2\/media\/3618"}],"wp:attachment":[{"href":"https:\/\/fmp-components.com\/pl\/wp-json\/wp\/v2\/media?parent=3617"}],"wp:term":[{"taxonomy":"product_brand","embeddable":true,"href":"https:\/\/fmp-components.com\/pl\/wp-json\/wp\/v2\/product_brand?post=3617"},{"taxonomy":"product_cat","embeddable":true,"href":"https:\/\/fmp-components.com\/pl\/wp-json\/wp\/v2\/product_cat?post=3617"},{"taxonomy":"product_tag","embeddable":true,"href":"https:\/\/fmp-components.com\/pl\/wp-json\/wp\/v2\/product_tag?post=3617"}],"curies":[{"name":"wp","href":"https:\/\/api.w.org\/{rel}","templated":true}]}}