{"id":3604,"date":"2025-01-09T01:34:23","date_gmt":"2025-01-09T01:34:23","guid":{"rendered":"https:\/\/fmp-components.com\/?page_id=8"},"modified":"2025-01-09T01:39:53","modified_gmt":"2025-01-09T01:39:53","slug":"spindle-motor-used-for-cnc-spindle-jszd240","status":"publish","type":"product","link":"https:\/\/fmp-components.com\/pl\/product\/spindle-motor-used-for-cnc-spindle-jszd240\/","title":{"rendered":"Silnik wrzeciona u\u017cywany do wrzeciona CNC JSZD240"},"content":{"rendered":"<p><img loading=\"lazy\" decoding=\"async\" class=\"alignnone size-full wp-image-3605\" src=\"https:\/\/fmp-components.com\/wp-content\/uploads\/2025\/01\/spindle-motor-for-cnc-spindle-jszd220-2.webp\" alt=\"silnik-wrzeciona-do-wrzeciona-cnc-jszd220-2\" width=\"1098\" height=\"635\" title=\"\" srcset=\"https:\/\/fmp-components.com\/wp-content\/uploads\/2025\/01\/spindle-motor-for-cnc-spindle-jszd220-2.webp 1098w, https:\/\/fmp-components.com\/wp-content\/uploads\/2025\/01\/spindle-motor-for-cnc-spindle-jszd220-2-980x567.webp 980w, https:\/\/fmp-components.com\/wp-content\/uploads\/2025\/01\/spindle-motor-for-cnc-spindle-jszd220-2-480x278.webp 480w\" sizes=\"(min-width: 0px) and (max-width: 480px) 480px, (min-width: 481px) and (max-width: 980px) 980px, (min-width: 981px) 1098px, 100vw\" \/><\/p>\n<p><img loading=\"lazy\" decoding=\"async\" class=\"alignnone size-full wp-image-3607\" src=\"https:\/\/fmp-components.com\/wp-content\/uploads\/2025\/01\/spindle-motor-for-cnc-spindle-jszd220-3.webp\" alt=\"silnik-wrzeciona-do-wrzeciona-cnc-jszd220-3\" width=\"1111\" height=\"449\" title=\"\" srcset=\"https:\/\/fmp-components.com\/wp-content\/uploads\/2025\/01\/spindle-motor-for-cnc-spindle-jszd220-3.webp 1111w, https:\/\/fmp-components.com\/wp-content\/uploads\/2025\/01\/spindle-motor-for-cnc-spindle-jszd220-3-980x396.webp 980w, https:\/\/fmp-components.com\/wp-content\/uploads\/2025\/01\/spindle-motor-for-cnc-spindle-jszd220-3-480x194.webp 480w\" sizes=\"(min-width: 0px) and (max-width: 480px) 480px, (min-width: 481px) and (max-width: 980px) 980px, (min-width: 981px) 1111px, 100vw\" \/><\/p>\n<h3>Wyb\u00f3r odpowiedniego typu silnika wrzeciona CNC<\/h3>\n<p>Wyb\u00f3r odpowiedniego silnika wrzeciona CNC jest niezb\u0119dny do optymalizacji wydajno\u015bci, precyzji i efektywno\u015bci operacji obr\u00f3bki. W\u0142a\u015bciwy silnik zapewnia, \u017ce maszyna poradzi sobie z wymaganym obci\u0105\u017ceniem roboczym, jednocze\u015bnie osi\u0105gaj\u0105c po\u017c\u0105dan\u0105 jako\u015b\u0107 wyj\u015bciow\u0105. Oto kluczowe czynniki, kt\u00f3re nale\u017cy wzi\u0105\u0107 pod uwag\u0119 przy wyborze silnika wrzeciona CNC:<\/p>\n<ol>\n<li><strong>Wymagania dotycz\u0105ce mocy i momentu obrotowego<\/strong><br \/>\nMoc silnika (mierzona w koniach mechanicznych lub kilowatach) i moment obrotowy maj\u0105 bezpo\u015bredni wp\u0142yw na jego zdolno\u015b\u0107 do obs\u0142ugi r\u00f3\u017cnych materia\u0142\u00f3w i operacji ci\u0119cia. W przypadku zastosowa\u0144 wymagaj\u0105cych du\u017cej wytrzyma\u0142o\u015bci, takich jak frezowanie lub g\u0142\u0119bokie ci\u0119cie, konieczny jest silnik o wysokim momencie obrotowym. W przypadku prac precyzyjnych, bardziej odpowiednie mog\u0105 by\u0107 silniki o ni\u017cszej mocy i du\u017cej pr\u0119dko\u015bci. Oce\u0144 konkretne zadania obr\u00f3bki, aby okre\u015bli\u0107 wymagan\u0105 moc i moment obrotowy silnika.<\/li>\n<li><strong>Zakres pr\u0119dko\u015bci i kontrola<\/strong><br \/>\nSilniki wrzecion CNC s\u0105 dost\u0119pne w szerokim zakresie pr\u0119dko\u015bci, zazwyczaj mierzonych w obrotach na minut\u0119 (RPM). Niekt\u00f3re zastosowania wymagaj\u0105 wrzecion o du\u017cej pr\u0119dko\u015bci do proces\u00f3w takich jak wiercenie lub grawerowanie, podczas gdy inne, takie jak gwintowanie lub ci\u0119cie zgrubne, mog\u0105 wymaga\u0107 ni\u017cszych pr\u0119dko\u015bci przy wy\u017cszym momencie obrotowym. Silnik powinien mie\u0107 zmienn\u0105 kontrol\u0119 pr\u0119dko\u015bci, aby dostosowa\u0107 RPM wrzeciona do r\u00f3\u017cnych materia\u0142\u00f3w i operacji, zapewniaj\u0105c wszechstronno\u015b\u0107 i optymalizuj\u0105c wydajno\u015b\u0107.<\/li>\n<li><strong>Uk\u0142ad ch\u0142odzenia<\/strong><br \/>\nSilniki wrzecionowe generuj\u0105 ciep\u0142o podczas pracy, szczeg\u00f3lnie w scenariuszach o du\u017cej mocy lub ci\u0105g\u0142ego u\u017cytkowania. Wyb\u00f3r silnika z odpowiednim systemem ch\u0142odzenia, takim jak ch\u0142odzenie powietrzem lub ciecz\u0105, pomaga utrzyma\u0107 optymaln\u0105 wydajno\u015b\u0107 i zapobiega przegrzaniu. Wrzeciona ch\u0142odzone ciecz\u0105 s\u0105 zazwyczaj bardziej wydajne w przypadku zada\u0144 o d\u0142ugim czasie trwania lub du\u017cej mocy, podczas gdy silniki ch\u0142odzone powietrzem s\u0105 cz\u0119sto wystarczaj\u0105ce do zastosowa\u0144 o ma\u0142ym obci\u0105\u017ceniu.<\/li>\n<li><strong>Precyzja i bicie<\/strong><br \/>\nPrecyzja silnika wrzeciona jest krytyczna dla obr\u00f3bki o wysokiej dok\u0142adno\u015bci. Silniki o niskim biciu (odchyleniu od rzeczywistej osi obrotu) zapewniaj\u0105, \u017ce obrabiany przedmiot jest bezpiecznie trzymany i obraca si\u0119 r\u00f3wnomiernie, co prowadzi do lepszej dok\u0142adno\u015bci wymiarowej i wyko\u0144czenia powierzchni. Wrzeciona o wysokiej precyzji s\u0105 niezb\u0119dne dla bran\u017c wymagaj\u0105cych \u015bcis\u0142ych tolerancji, takich jak przemys\u0142 lotniczy lub produkcja urz\u0105dze\u0144 medycznych.<\/li>\n<li><strong>Typ silnika: AC vs. DC<\/strong><br \/>\nSilniki wrzecionowe CNC s\u0105 zazwyczaj albo AC (pr\u0105d przemienny) albo DC (pr\u0105d sta\u0142y). Silniki AC s\u0105 zazwyczaj preferowane do przemys\u0142owych zastosowa\u0144 CNC ze wzgl\u0119du na ich niezawodno\u015b\u0107, lepsz\u0105 wydajno\u015b\u0107 energetyczn\u0105 i d\u0142u\u017csz\u0105 \u017cywotno\u015b\u0107. S\u0105 idealne do operacji o du\u017cej pr\u0119dko\u015bci i wysokim momencie obrotowym. Silniki DC, oferuj\u0105c doskona\u0142y moment obrotowy przy niskich pr\u0119dko\u015bciach, s\u0105 cz\u0119sto bardziej odpowiednie do mniejszych lub bardziej wyspecjalizowanych maszyn CNC o ni\u017cszym zapotrzebowaniu na energi\u0119.<\/li>\n<\/ol>\n<p>Wyb\u00f3r odpowiedniego silnika wrzeciona CNC wymaga r\u00f3wnowagi czynnik\u00f3w, w tym mocy, pr\u0119dko\u015bci, ch\u0142odzenia, precyzji i kompatybilno\u015bci z systemem sterowania maszyny. Starannie rozwa\u017caj\u0105c te czynniki, producenci mog\u0105 wybra\u0107 silnik wrzeciona, kt\u00f3ry zwi\u0119ksza wydajno\u015b\u0107 maszyny CNC, poprawia wydajno\u015b\u0107 obr\u00f3bki i zapewnia po\u017c\u0105dan\u0105 jako\u015b\u0107 dla konkretnych zastosowa\u0144.<\/p>\n<h2>Istniej\u0105 dwa sposoby na uzyskanie mocy wyj\u015bciowej. Pierwszy to sta\u0142y moment obrotowy, a drugi to sta\u0142a moc, jak poni\u017cej:<\/h2>\n<p><img loading=\"lazy\" decoding=\"async\" class=\"alignnone size-full wp-image-3573\" src=\"https:\/\/fmp-components.com\/wp-content\/uploads\/2025\/01\/spindle-motor-1.webp\" alt=\"silnik wrzeciona-1\" width=\"973\" height=\"551\" title=\"\" srcset=\"https:\/\/fmp-components.com\/wp-content\/uploads\/2025\/01\/spindle-motor-1.webp 973w, https:\/\/fmp-components.com\/wp-content\/uploads\/2025\/01\/spindle-motor-1-480x272.webp 480w\" sizes=\"(min-width: 0px) and (max-width: 480px) 480px, (min-width: 481px) 973px, 100vw\" \/><\/p>\n<h2>Wyja\u015bnienie nomenklatury wrzeciona silnika<\/h2>\n<p><img loading=\"lazy\" decoding=\"async\" class=\"alignnone size-full wp-image-3574\" src=\"https:\/\/fmp-components.com\/wp-content\/uploads\/2025\/01\/spindle-motor-2.webp\" alt=\"silnik wrzeciona-2\" width=\"666\" height=\"351\" title=\"\" srcset=\"https:\/\/fmp-components.com\/wp-content\/uploads\/2025\/01\/spindle-motor-2.webp 666w, https:\/\/fmp-components.com\/wp-content\/uploads\/2025\/01\/spindle-motor-2-480x253.webp 480w\" sizes=\"(min-width: 0px) and (max-width: 480px) 480px, (min-width: 481px) 666px, 100vw\" \/><\/p>\n<h2>Koniec po\u0142\u0105czenia wrzeciona<\/h2>\n<p>Posiada wiele r\u00f3\u017cnych typ\u00f3w po\u0142\u0105cze\u0144, w zale\u017cno\u015bci od modelu wrzeciona, zapoznaj si\u0119 z poni\u017csz\u0105 tabel\u0105.<\/p>\n<p><img loading=\"lazy\" decoding=\"async\" class=\"alignnone wp-image-3575\" src=\"https:\/\/fmp-components.com\/wp-content\/uploads\/2025\/01\/spindle-motor-3.webp\" alt=\"silnik wrzeciona-\" width=\"885\" height=\"231\" title=\"\" srcset=\"https:\/\/fmp-components.com\/wp-content\/uploads\/2025\/01\/spindle-motor-3.webp 885w, https:\/\/fmp-components.com\/wp-content\/uploads\/2025\/01\/spindle-motor-3-480x125.webp 480w\" sizes=\"(min-width: 0px) and (max-width: 480px) 480px, (min-width: 481px) 885px, 100vw\" \/><\/p>\n<h2>Instrukcja wrzeciona<\/h2>\n<div><span id=\"spin1\">1<\/span>Przetwornica cz\u0119stotliwo\u015bci\u00a0<span id=\"spin2\">musi<\/span>\u00a0dopasuj\u00a0<span id=\"spin3\">elektryczny<\/span>\u00a0jednostka wrzeciona.\u00a0<span id=\"spin4\">podstawowy<\/span>\u00a0cz\u0119stotliwo\u015b\u0107\u00a0<span id=\"spin5\">lub nawet<\/span>\u00a0cz\u0119stotliwo\u015b\u0107 nominalna\u00a0<span id=\"spin6\">tak samo jak<\/span>\u00a0wolta\u017c\u00a0<span id=\"spin7\">b\u0119dzie musia\u0142<\/span>\u00a0spe\u0142niaj\u0105 parametry techniczne\u00a0<span id=\"spin8\">z<\/span>\u00a0<span id=\"spin9\">elektryczny<\/span>\u00a0wrzeciono.<br \/>\n<span id=\"spin10\">2<\/span>.\u00a0<span id=\"spin11\">Elektryczny<\/span>\u00a0wrzeciono\u00a0<span id=\"spin12\">jest og\u00f3lnie<\/span>\u00a0ch\u0142odzony przez kr\u0105\u017c\u0105c\u0105 wod\u0119. Woda ch\u0142odz\u0105ca\u00a0<span id=\"spin13\">musi by\u0107<\/span>\u00a0odporne na rdz\u0119 i filtrowane czyste. Kiedy\u00a0<span id=\"spin14\">nabycie<\/span>\u00a0woda, wlot\u00a0<span id=\"spin15\">musi by\u0107<\/span>\u00a0<span id=\"spin16\">pod<\/span>\u00a0ten\u00a0<span id=\"spin17\">elektryczny<\/span>\u00a0wrzeciono.<br \/>\n<span id=\"spin18\">trzy<\/span>. Gdy\u00a0<span id=\"spin19\">praca z<\/span>\u00a0wrzeciono smarowane mg\u0142\u0105 olejow\u0105,\u00a0<span id=\"spin20\">stres<\/span>\u00a0zaw\u00f3r regulacyjny\u00a0<span id=\"spin21\">na<\/span>\u00a0mg\u0142a olejowa\u00a0<span id=\"spin22\">urz\u0105dzenie<\/span>\u00a0<span id=\"spin23\">powinno by\u0107<\/span>\u00a0dostosowano do 0,25~0,3 MPA mg\u0142y\u00a0<span id=\"spin25\">ci\u015bnienie<\/span>\u00a0<span id=\"spin26\">powinno by\u0107<\/span>\u00a00,1~0,2 MPa\u00a0<span id=\"spin28\">i<\/span>\u00a0<span id=\"spin29\">r\u00f3\u017cnorodno\u015b\u0107<\/span>\u00a0krople oleju\u00a0<span id=\"spin30\">musi by\u0107<\/span>\u00a060-70 kropli\/min.\u00a0<span id=\"spin31\">i tak\u017ce<\/span>\u00a0olej smarowy\u00a0<span id=\"spin32\">powinno by\u0107<\/span>\u00a0olej dzwonowy lub olej turbinowy nr\u00a0<span id=\"spin33\">20<\/span>.<br \/>\n<span id=\"spin34\">cztery<\/span>. Ten\u00a0<span id=\"spin35\">pr\u0119dko\u015b\u0107<\/span>\u00a0<span id=\"spin36\">wok\u00f3\u0142<\/span>\u00a0wrzeciono silnikowe\u00a0<span id=\"spin37\">przewodnik<\/span>\u00a0<span id=\"spin38\">zdecydowanie jest<\/span>\u00a0najwy\u017cszy\u00a0<span id=\"spin39\">pr\u0119dko\u015b\u0107<\/span>, I\u00a0<span id=\"spin40\">to mo\u017ce<\/span>\u00a0nie by\u0107\u00a0<span id=\"spin41\">podniesiony<\/span>,\u00a0<span id=\"spin42\">Niemniej jednak, to<\/span>\u00a0<span id=\"spin43\">Mo\u017ce<\/span>\u00a0<span id=\"spin44\">zatrudniony<\/span>\u00a0<span id=\"spin45\">zmniejszy\u0107<\/span><br \/>\nten\u00a0<span id=\"spin46\">tempo,<\/span>\u00a0napi\u0119cie i cz\u0119stotliwo\u015b\u0107 s\u0105\u00a0<span id=\"spin47\">zmniejszony<\/span>\u00a0<span id=\"spin48\">kiedy\u015b<\/span>\u00a0<span id=\"spin49\">pr\u0119dko\u015b\u0107<\/span>\u00a0jest obni\u017cony.<br \/>\n<span id=\"spin50\">5<\/span>. Obr\u00f3t\u00a0<span id=\"spin51\">kurs<\/span>\u00a0<span id=\"spin52\">z<\/span>\u00a0wrzeciono silnikowe\u00a0<span id=\"spin53\">jest zwykle<\/span>\u00a0przeciwnie do ruchu wskaz\u00f3wek zegara (patrz\u0105c\u00a0<span id=\"spin54\">w<\/span>\u00a0wa\u0142u). z wyj\u0105tkiem\u00a0<span id=\"spin55\">ekskluzywny<\/span><br \/>\n<span id=\"spin56\">\u017c\u0105dania<\/span>.<br \/>\n<span id=\"spin57\">6<\/span>. Wrzeciono silnikowe smarowane mg\u0142\u0105 olejow\u0105\u00a0<span id=\"spin58\">musi by\u0107<\/span>\u00a0<span id=\"spin59\">po\u0142\u0105czony<\/span>\u00a0z wod\u0105 i\u00a0<span id=\"spin60\">benzyna<\/span>\u00a0<span id=\"spin61\">przed<\/span>\u00a0<span id=\"spin62\">to mo\u017cliwe<\/span>\u00a0<span id=\"spin63\">rozpocz\u0105\u0107<\/span>\u00a0I\u00a0<span id=\"spin64\">przerwa\u0107<\/span>\u00a0woda i\u00a0<span id=\"spin65\">paliwo\u00a0<\/span><span id=\"spin66\">dostarcza\u0107<\/span>\u00a0<span id=\"spin67\">Po<\/span>\u00a0zamkni\u0119cie.<br \/>\nWyja\u015bnienie:\u00a0<span id=\"spin68\">unikalny<\/span>\u00a0dzia\u0142anie\u00a0<span id=\"spin69\">jest wymagane<\/span>\u00a0<span id=\"spin70\">wed\u0142ug<\/span>\u00a0<span id=\"spin71\">do<\/span>\u00a0<span id=\"spin72\">elektryczny<\/span>\u00a0wrzeciono\u00a0<span id=\"spin73\">wytyczne<\/span>.<\/div>\n<div>\n<div class=\"flex max-w-full flex-col flex-grow\">\n<div class=\"min-h-8 text-message flex w-full flex-col items-end gap-2 whitespace-normal break-words text-start [.text-message+&amp;]:mt-5\" dir=\"auto\" data-message-author-role=\"assistant\" data-message-id=\"fbdee532-4424-41b2-a093-d85f55f880e4\" data-message-model-slug=\"gpt-4o-mini\">\n<div class=\"flex w-full flex-col gap-1 empty:hidden first:pt-[3px]\">\n<div class=\"markdown prose w-full break-words dark:prose-invert light\">\n<h2>O FMP<\/h2>\n<p>FMP to renomowany producent specjalizuj\u0105cy si\u0119 w wysokiej jako\u015bci komponentach mechanicznych, w tym przek\u0142adniach \u015blimakowych \u015blimakowych, ko\u0142ach z\u0119batych, tulejach sto\u017ckowych, z\u0119batkach, sprz\u0119g\u0142ach i innych cz\u0119\u015bciach przek\u0142adni. Dzi\u0119ki silnemu ukierunkowaniu na eksport, ponad 65% naszych produkt\u00f3w jest dostarczanych na rynki europejskie, w tym do Niemiec, Wielkiej Brytanii i Francji, przyczyniaj\u0105c si\u0119 do rocznego wolumenu eksportu wynosz\u0105cego $18 milion\u00f3w. Ca\u0142kowita roczna warto\u015b\u0107 naszej produkcji przekracza 200 milion\u00f3w RMB.<\/p>\n<p>Nasze produkty s\u0105 starannie zaprojektowane i wyprodukowane, aby spe\u0142nia\u0107 mi\u0119dzynarodowe, europejskie i ameryka\u0144skie standardy przemys\u0142owe. Wykorzystujemy najnowocze\u015bniejszy sprz\u0119t do precyzyjnej obr\u00f3bki, przestrzegamy zoptymalizowanych proces\u00f3w produkcyjnych i wdra\u017camy elastyczny, wydajny system zarz\u0105dzania. Nasz kompleksowy system zarz\u0105dzania jako\u015bci\u0105 gwarantuje wyj\u0105tkow\u0105 jako\u015b\u0107 produktu przy jednoczesnym utrzymaniu konkurencyjnych cen.<\/p>\n<p>W FMP kierujemy si\u0119 podstawowymi zasadami: \u201eJako\u015b\u0107: podstawa d\u0142ugoterminowego sukcesu biznesowego; Integralno\u015b\u0107: si\u0142a nap\u0119dowa wzrostu; Obs\u0142uga: kamie\u0144 w\u0119gielny rozwoju; i Przyst\u0119pno\u015b\u0107 cenowa: klucz do trwa\u0142ego sukcesu\u201d. Zapraszamy do wsp\u00f3\u0142pracy partner\u00f3w krajowych i mi\u0119dzynarodowych i pozostajemy oddani wspieraniu wzajemnego wzrostu i osi\u0105ganiu wsp\u00f3lnego sukcesu.<\/p>\n<\/div>\n<\/div>\n<\/div>\n<\/div>\n<p><img loading=\"lazy\" decoding=\"async\" class=\"alignnone wp-image-3563\" src=\"https:\/\/fmp-components.com\/wp-content\/uploads\/2025\/01\/company-2.webp\" alt=\"firma\" width=\"873\" height=\"790\" title=\"\" srcset=\"https:\/\/fmp-components.com\/wp-content\/uploads\/2025\/01\/company-2.webp 873w, https:\/\/fmp-components.com\/wp-content\/uploads\/2025\/01\/company-2-480x435.webp 480w\" sizes=\"(min-width: 0px) and (max-width: 480px) 480px, (min-width: 481px) 873px, 100vw\" \/> <img loading=\"lazy\" decoding=\"async\" class=\"alignnone wp-image-3564\" src=\"https:\/\/fmp-components.com\/wp-content\/uploads\/2025\/01\/company-3.webp\" alt=\"firma\" width=\"873\" height=\"776\" title=\"\" srcset=\"https:\/\/fmp-components.com\/wp-content\/uploads\/2025\/01\/company-3.webp 873w, https:\/\/fmp-components.com\/wp-content\/uploads\/2025\/01\/company-3-480x427.webp 480w\" sizes=\"(min-width: 0px) and (max-width: 480px) 480px, (min-width: 481px) 873px, 100vw\" \/> <img loading=\"lazy\" decoding=\"async\" class=\"alignnone wp-image-3565\" src=\"https:\/\/fmp-components.com\/wp-content\/uploads\/2025\/01\/company-1.webp\" alt=\"firma\" width=\"877\" height=\"225\" title=\"\" srcset=\"https:\/\/fmp-components.com\/wp-content\/uploads\/2025\/01\/company-1.webp 877w, https:\/\/fmp-components.com\/wp-content\/uploads\/2025\/01\/company-1-480x123.webp 480w\" sizes=\"(min-width: 0px) and (max-width: 480px) 480px, (min-width: 481px) 877px, 100vw\" \/><\/p>\n<p>Autor: CX<\/p>\n<\/div>","protected":false},"excerpt":{"rendered":"<p>Choosing the Right CNC Spindle Motor Type Selecting the appropriate CNC spindle motor is essential for optimizing performance, precision, and efficiency in machining operations. The right motor ensures the machine can handle the required workload while achieving the desired output quality. Here are key factors to consider when choosing a CNC spindle motor: Power and [&hellip;]<\/p>","protected":false},"featured_media":3606,"comment_status":"open","ping_status":"closed","template":"","meta":{"_et_pb_use_builder":"","_et_pb_old_content":"","_et_gb_content_width":""},"product_brand":[],"product_cat":[89],"product_tag":[],"class_list":{"0":"post-3604","1":"product","2":"type-product","3":"status-publish","4":"has-post-thumbnail","6":"product_cat-spindle-motor","8":"first","9":"instock","10":"shipping-taxable","11":"product-type-simple"},"_links":{"self":[{"href":"https:\/\/fmp-components.com\/pl\/wp-json\/wp\/v2\/product\/3604","targetHints":{"allow":["GET"]}}],"collection":[{"href":"https:\/\/fmp-components.com\/pl\/wp-json\/wp\/v2\/product"}],"about":[{"href":"https:\/\/fmp-components.com\/pl\/wp-json\/wp\/v2\/types\/product"}],"replies":[{"embeddable":true,"href":"https:\/\/fmp-components.com\/pl\/wp-json\/wp\/v2\/comments?post=3604"}],"wp:featuredmedia":[{"embeddable":true,"href":"https:\/\/fmp-components.com\/pl\/wp-json\/wp\/v2\/media\/3606"}],"wp:attachment":[{"href":"https:\/\/fmp-components.com\/pl\/wp-json\/wp\/v2\/media?parent=3604"}],"wp:term":[{"taxonomy":"product_brand","embeddable":true,"href":"https:\/\/fmp-components.com\/pl\/wp-json\/wp\/v2\/product_brand?post=3604"},{"taxonomy":"product_cat","embeddable":true,"href":"https:\/\/fmp-components.com\/pl\/wp-json\/wp\/v2\/product_cat?post=3604"},{"taxonomy":"product_tag","embeddable":true,"href":"https:\/\/fmp-components.com\/pl\/wp-json\/wp\/v2\/product_tag?post=3604"}],"curies":[{"name":"wp","href":"https:\/\/api.w.org\/{rel}","templated":true}]}}