{"id":3584,"date":"2025-01-08T08:08:35","date_gmt":"2025-01-08T08:08:35","guid":{"rendered":"https:\/\/fmp-components.com\/?page_id=8"},"modified":"2025-01-08T08:08:35","modified_gmt":"2025-01-08T08:08:35","slug":"spindle-motor-used-for-lathe-jszd150h","status":"publish","type":"product","link":"https:\/\/fmp-components.com\/pl\/product\/spindle-motor-used-for-lathe-jszd150h\/","title":{"rendered":"Silnik wrzeciona u\u017cywany do tokarki JSZD150H"},"content":{"rendered":"<p style=\"text-align: center;\"><span style=\"font-size: 18pt;\">Silnik wrzeciona u\u017cywany do tokarki JSZD150H<\/span><\/p>\n<p>Silniki wrzecionowe maj\u0105 wiele zalet w por\u00f3wnaniu z innymi typami silnik\u00f3w, w tym niewielkie rozmiary, wysok\u0105 niezawodno\u015b\u0107 i niskie zu\u017cycie energii. Mog\u0105 r\u00f3wnie\u017c pracowa\u0107 bezawaryjnie przez tysi\u0105ce godzin i s\u0105 bardzo ciche. Pozwala to na ich monta\u017c w mniejszych przestrzeniach, a same tory zajmuj\u0105 mniej miejsca. Tory to koncentryczne okr\u0119gi z materia\u0142u magnetycznego wok\u00f3\u0142 wa\u0142u silnika wrzecionowego.<\/p>\n<p><img loading=\"lazy\" decoding=\"async\" class=\"alignnone size-full wp-image-3590\" src=\"https:\/\/fmp-components.com\/wp-content\/uploads\/2025\/01\/spindle-motor-used-for-lathe-jszd220-2.webp\" alt=\"silnik wrzeciona u\u017cywany do tokarki jszd220-2\" width=\"847\" height=\"518\" title=\"\" srcset=\"https:\/\/fmp-components.com\/wp-content\/uploads\/2025\/01\/spindle-motor-used-for-lathe-jszd220-2.webp 847w, https:\/\/fmp-components.com\/wp-content\/uploads\/2025\/01\/spindle-motor-used-for-lathe-jszd220-2-480x294.webp 480w\" sizes=\"(min-width: 0px) and (max-width: 480px) 480px, (min-width: 481px) 847px, 100vw\" \/> <img loading=\"lazy\" decoding=\"async\" class=\"alignnone size-full wp-image-3589\" src=\"https:\/\/fmp-components.com\/wp-content\/uploads\/2025\/01\/spindle-motor-used-for-lathe-jszd220-3.webp\" alt=\"silnik wrzeciona u\u017cywany do tokarki jszd220-3\" width=\"856\" height=\"192\" title=\"\" srcset=\"https:\/\/fmp-components.com\/wp-content\/uploads\/2025\/01\/spindle-motor-used-for-lathe-jszd220-3.webp 856w, https:\/\/fmp-components.com\/wp-content\/uploads\/2025\/01\/spindle-motor-used-for-lathe-jszd220-3-480x108.webp 480w\" sizes=\"(min-width: 0px) and (max-width: 480px) 480px, (min-width: 481px) 856px, 100vw\" \/><\/p>\n<h3>Cechy wrzecion stosowanych w tokarkach<\/h3>\n<ol>\n<li><strong>Wysoki moment obrotowy i przenoszenie mocy<\/strong><br \/>\nWrzeciona stosowane w tokarkach s\u0105 zaprojektowane tak, aby zapewnia\u0107 sta\u0142y, wysoki moment obrotowy, umo\u017cliwiaj\u0105c wydajne usuwanie materia\u0142u nawet przy du\u017cych obci\u0105\u017ceniach skrawania. Gwarantuje to p\u0142ynn\u0105 prac\u0119 i mo\u017cliwo\u015b\u0107 obr\u00f3bki twardych materia\u0142\u00f3w bez utraty wydajno\u015bci.<\/li>\n<li><strong>Regulacja pr\u0119dko\u015bci zmiennej<\/strong><br \/>\nWrzeciona tokarek cz\u0119sto posiadaj\u0105 funkcj\u0119 regulacji pr\u0119dko\u015bci obrotowej, co pozwala operatorom dostosowa\u0107 pr\u0119dko\u015b\u0107 obrotow\u0105 wrzeciona do r\u00f3\u017cnych zada\u0144 obr\u00f3bkowych. Ta elastyczno\u015b\u0107 jest kluczowa w obr\u00f3bce r\u00f3\u017cnych materia\u0142\u00f3w, od metali po tworzywa sztuczne, i zapewnia optymalne warunki skrawania dla precyzyjnej obr\u00f3bki.<\/li>\n<li><strong>Precyzja i stabilno\u015b\u0107<\/strong><br \/>\nWrzeciona tokarek s\u0105 zaprojektowane z my\u015bl\u0105 o wysokiej precyzji i minimalnym biciu, co zapewnia dok\u0142adny obr\u00f3t przedmiotu obrabianego wzd\u0142u\u017c jego osi. Ta precyzja jest kluczowa w produkcji cz\u0119\u015bci o w\u0105skich tolerancjach i uzyskiwaniu wysokiej jako\u015bci wyko\u0144czenia powierzchni, szczeg\u00f3lnie w zastosowaniach high-end, takich jak przemys\u0142 lotniczy i motoryzacyjny.<\/li>\n<li><strong>Trwa\u0142o\u015b\u0107 i odporno\u015b\u0107 na ciep\u0142o<\/strong><br \/>\nZe wzgl\u0119du na wymagaj\u0105cy charakter operacji tokarskich, wrzeciona s\u0105 konstruowane tak, aby wytrzymywa\u0142y d\u0142ugotrwa\u0142e u\u017cytkowanie z wysokimi pr\u0119dko\u015bciami i zmiennymi obci\u0105\u017ceniami. Wiele wrzecion tokarskich jest wyposa\u017conych w zaawansowane systemy ch\u0142odzenia, takie jak ch\u0142odzenie powietrzem lub ciecz\u0105, kt\u00f3re odprowadzaj\u0105 ciep\u0142o i zapewniaj\u0105 stabiln\u0105 prac\u0119 przez d\u0142ugi czas.<\/li>\n<li><strong>Niski poziom wibracji i ha\u0142asu<\/strong><br \/>\nWysokiej jako\u015bci wrzeciona tokarskie zosta\u0142y zaprojektowane tak, aby minimalizowa\u0107 wibracje i ha\u0142as, kt\u00f3re s\u0105 kluczowe dla utrzymania dok\u0142adno\u015bci obr\u00f3bki i zapewnienia cichszego \u015brodowiska pracy. Niski poziom wibracji przyczynia si\u0119 r\u00f3wnie\u017c do d\u0142u\u017cszej \u017cywotno\u015bci narz\u0119dzi i lepszej jako\u015bci obrabianego przedmiotu.<\/li>\n<\/ol>\n<p>Og\u00f3lnie rzecz bior\u0105c, wrzeciona tokarek s\u0105 projektowane z my\u015bl\u0105 o niezawodno\u015bci, precyzji i wszechstronno\u015bci, co sprawia, \u017ce \u200b\u200bs\u0105 kluczowym elementem zapewniaj\u0105cym wysok\u0105 wydajno\u015b\u0107 i efektywno\u015b\u0107 tokarek w szerokim zakresie zastosowa\u0144.<\/p>\n<h2>Istniej\u0105 dwa sposoby na uzyskanie mocy wyj\u015bciowej. Pierwszy to sta\u0142y moment obrotowy, a drugi to sta\u0142a moc, jak poni\u017cej:<\/h2>\n<p><img loading=\"lazy\" decoding=\"async\" class=\"alignnone size-full wp-image-3573\" src=\"https:\/\/fmp-components.com\/wp-content\/uploads\/2025\/01\/spindle-motor-1.webp\" alt=\"silnik wrzeciona-1\" width=\"973\" height=\"551\" title=\"\" srcset=\"https:\/\/fmp-components.com\/wp-content\/uploads\/2025\/01\/spindle-motor-1.webp 973w, https:\/\/fmp-components.com\/wp-content\/uploads\/2025\/01\/spindle-motor-1-480x272.webp 480w\" sizes=\"(min-width: 0px) and (max-width: 480px) 480px, (min-width: 481px) 973px, 100vw\" \/><\/p>\n<h2>Wyja\u015bnienie nomenklatury wrzeciona silnika<\/h2>\n<p><img loading=\"lazy\" decoding=\"async\" class=\"alignnone size-full wp-image-3574\" src=\"https:\/\/fmp-components.com\/wp-content\/uploads\/2025\/01\/spindle-motor-2.webp\" alt=\"silnik wrzeciona-2\" width=\"666\" height=\"351\" title=\"\" srcset=\"https:\/\/fmp-components.com\/wp-content\/uploads\/2025\/01\/spindle-motor-2.webp 666w, https:\/\/fmp-components.com\/wp-content\/uploads\/2025\/01\/spindle-motor-2-480x253.webp 480w\" sizes=\"(min-width: 0px) and (max-width: 480px) 480px, (min-width: 481px) 666px, 100vw\" \/><\/p>\n<h2>Koniec po\u0142\u0105czenia wrzeciona<\/h2>\n<p>Posiada wiele r\u00f3\u017cnych typ\u00f3w po\u0142\u0105cze\u0144, w zale\u017cno\u015bci od modelu wrzeciona, zapoznaj si\u0119 z poni\u017csz\u0105 tabel\u0105.<\/p>\n<p><img loading=\"lazy\" decoding=\"async\" class=\"alignnone wp-image-3575\" src=\"https:\/\/fmp-components.com\/wp-content\/uploads\/2025\/01\/spindle-motor-3.webp\" alt=\"silnik wrzeciona-\" width=\"885\" height=\"231\" title=\"\" srcset=\"https:\/\/fmp-components.com\/wp-content\/uploads\/2025\/01\/spindle-motor-3.webp 885w, https:\/\/fmp-components.com\/wp-content\/uploads\/2025\/01\/spindle-motor-3-480x125.webp 480w\" sizes=\"(min-width: 0px) and (max-width: 480px) 480px, (min-width: 481px) 885px, 100vw\" \/><\/p>\n<h2>Instrukcja wrzeciona<\/h2>\n<div><span id=\"spin1\">1<\/span>Przetwornica cz\u0119stotliwo\u015bci\u00a0<span id=\"spin2\">musi<\/span>\u00a0dopasuj\u00a0<span id=\"spin3\">elektryczny<\/span>\u00a0jednostka wrzeciona.\u00a0<span id=\"spin4\">podstawowy<\/span>\u00a0cz\u0119stotliwo\u015b\u0107\u00a0<span id=\"spin5\">lub nawet<\/span>\u00a0cz\u0119stotliwo\u015b\u0107 nominalna\u00a0<span id=\"spin6\">tak samo jak<\/span>\u00a0wolta\u017c\u00a0<span id=\"spin7\">b\u0119dzie musia\u0142<\/span>\u00a0spe\u0142niaj\u0105 parametry techniczne\u00a0<span id=\"spin8\">z<\/span>\u00a0<span id=\"spin9\">elektryczny<\/span>\u00a0wrzeciono.<br \/>\n<span id=\"spin10\">2<\/span>.\u00a0<span id=\"spin11\">Elektryczny<\/span>\u00a0wrzeciono\u00a0<span id=\"spin12\">jest og\u00f3lnie<\/span>\u00a0ch\u0142odzony przez kr\u0105\u017c\u0105c\u0105 wod\u0119. Woda ch\u0142odz\u0105ca\u00a0<span id=\"spin13\">musi by\u0107<\/span>\u00a0odporne na rdz\u0119 i filtrowane czyste. Kiedy\u00a0<span id=\"spin14\">nabycie<\/span>\u00a0woda, wlot\u00a0<span id=\"spin15\">musi by\u0107<\/span>\u00a0<span id=\"spin16\">pod<\/span>\u00a0ten\u00a0<span id=\"spin17\">elektryczny<\/span>\u00a0wrzeciono.<br \/>\n<span id=\"spin18\">trzy<\/span>. Gdy\u00a0<span id=\"spin19\">praca z<\/span>\u00a0wrzeciono smarowane mg\u0142\u0105 olejow\u0105,\u00a0<span id=\"spin20\">stres<\/span>\u00a0zaw\u00f3r regulacyjny\u00a0<span id=\"spin21\">na<\/span>\u00a0mg\u0142a olejowa\u00a0<span id=\"spin22\">urz\u0105dzenie<\/span>\u00a0<span id=\"spin23\">powinno by\u0107<\/span>\u00a0dostosowano do 0,25~0,3 MPA mg\u0142y\u00a0<span id=\"spin25\">ci\u015bnienie<\/span>\u00a0<span id=\"spin26\">powinno by\u0107<\/span>\u00a00,1~0,2 MPa\u00a0<span id=\"spin28\">i<\/span>\u00a0<span id=\"spin29\">r\u00f3\u017cnorodno\u015b\u0107<\/span>\u00a0krople oleju\u00a0<span id=\"spin30\">musi by\u0107<\/span>\u00a060-70 kropli\/min.\u00a0<span id=\"spin31\">i tak\u017ce<\/span>\u00a0olej smarowy\u00a0<span id=\"spin32\">powinno by\u0107<\/span>\u00a0olej dzwonowy lub olej turbinowy nr\u00a0<span id=\"spin33\">20<\/span>.<br \/>\n<span id=\"spin34\">cztery<\/span>. Ten\u00a0<span id=\"spin35\">pr\u0119dko\u015b\u0107<\/span>\u00a0<span id=\"spin36\">wok\u00f3\u0142<\/span>\u00a0wrzeciono silnikowe\u00a0<span id=\"spin37\">przewodnik<\/span>\u00a0<span id=\"spin38\">zdecydowanie jest<\/span>\u00a0najwy\u017cszy\u00a0<span id=\"spin39\">pr\u0119dko\u015b\u0107<\/span>, I\u00a0<span id=\"spin40\">to mo\u017ce<\/span>\u00a0nie by\u0107\u00a0<span id=\"spin41\">podniesiony<\/span>,\u00a0<span id=\"spin42\">Niemniej jednak, to<\/span>\u00a0<span id=\"spin43\">Mo\u017ce<\/span>\u00a0<span id=\"spin44\">zatrudniony<\/span>\u00a0<span id=\"spin45\">zmniejszy\u0107<\/span><br \/>\nten\u00a0<span id=\"spin46\">tempo,<\/span>\u00a0napi\u0119cie i cz\u0119stotliwo\u015b\u0107 s\u0105\u00a0<span id=\"spin47\">zmniejszony<\/span>\u00a0<span id=\"spin48\">kiedy\u015b<\/span>\u00a0<span id=\"spin49\">pr\u0119dko\u015b\u0107<\/span>\u00a0jest obni\u017cony.<br \/>\n<span id=\"spin50\">5<\/span>. Obr\u00f3t\u00a0<span id=\"spin51\">kurs<\/span>\u00a0<span id=\"spin52\">z<\/span>\u00a0wrzeciono silnikowe\u00a0<span id=\"spin53\">jest zwykle<\/span>\u00a0przeciwnie do ruchu wskaz\u00f3wek zegara (patrz\u0105c\u00a0<span id=\"spin54\">w<\/span>\u00a0wa\u0142u). z wyj\u0105tkiem\u00a0<span id=\"spin55\">ekskluzywny<\/span><br \/>\n<span id=\"spin56\">\u017c\u0105dania<\/span>.<br \/>\n<span id=\"spin57\">6<\/span>. Wrzeciono silnikowe smarowane mg\u0142\u0105 olejow\u0105\u00a0<span id=\"spin58\">musi by\u0107<\/span>\u00a0<span id=\"spin59\">po\u0142\u0105czony<\/span>\u00a0z wod\u0105 i\u00a0<span id=\"spin60\">benzyna<\/span>\u00a0<span id=\"spin61\">przed<\/span>\u00a0<span id=\"spin62\">to mo\u017cliwe<\/span>\u00a0<span id=\"spin63\">rozpocz\u0105\u0107<\/span>\u00a0I\u00a0<span id=\"spin64\">przerwa\u0107<\/span>\u00a0woda i\u00a0<span id=\"spin65\">paliwo\u00a0<\/span><span id=\"spin66\">dostarcza\u0107<\/span>\u00a0<span id=\"spin67\">Po<\/span>\u00a0zamkni\u0119cie.<br \/>\nWyja\u015bnienie:\u00a0<span id=\"spin68\">unikalny<\/span>\u00a0dzia\u0142anie\u00a0<span id=\"spin69\">jest wymagane<\/span>\u00a0<span id=\"spin70\">wed\u0142ug<\/span>\u00a0<span id=\"spin71\">do<\/span>\u00a0<span id=\"spin72\">elektryczny<\/span>\u00a0wrzeciono\u00a0<span id=\"spin73\">wytyczne<\/span>.<\/div>\n<div>\n<div class=\"flex max-w-full flex-col flex-grow\">\n<div class=\"min-h-8 text-message flex w-full flex-col items-end gap-2 whitespace-normal break-words text-start [.text-message+&amp;]:mt-5\" dir=\"auto\" data-message-author-role=\"assistant\" data-message-id=\"fbdee532-4424-41b2-a093-d85f55f880e4\" data-message-model-slug=\"gpt-4o-mini\">\n<div class=\"flex w-full flex-col gap-1 empty:hidden first:pt-[3px]\">\n<div class=\"markdown prose w-full break-words dark:prose-invert light\">\n<h2>O FMP<\/h2>\n<p>FMP to wiod\u0105cy producent specjalizuj\u0105cy si\u0119 w komponentach mechanicznych, w tym reduktory \u015blimakowo-sto\u017ckowe, ko\u0142a \u0142a\u0144cuchowe, tuleje sto\u017ckowe, listwy z\u0119bate, sprz\u0119g\u0142a i inne cz\u0119\u015bci przek\u0142adni. Dzi\u0119ki silnemu ukierunkowaniu na eksport, ponad 651 ton TP4T naszych produkt\u00f3w trafia na rynki europejskie, takie jak Niemcy, Wielka Brytania i Francja, generuj\u0105c roczn\u0105 warto\u015b\u0107 eksportu na poziomie 1,5 tony TP5T18 milion\u00f3w RMB. Ca\u0142kowita roczna warto\u015b\u0107 naszej produkcji si\u0119ga 200 milion\u00f3w RMB.<\/p>\n<p>Wszystkie produkty FMP s\u0105 projektowane i produkowane zgodnie z mi\u0119dzynarodowymi, europejskimi i ameryka\u0144skimi normami przemys\u0142owymi. Wykorzystujemy zaawansowany, precyzyjny sprz\u0119t do obr\u00f3bki, stosujemy zoptymalizowane procesy produkcyjne i utrzymujemy elastyczny, wydajny system zarz\u0105dzania. Nasz solidny system zarz\u0105dzania jako\u015bci\u0105 gwarantuje wysokie standardy produkt\u00f3w, jednocze\u015bnie utrzymuj\u0105c konkurencyjne ceny.<\/p>\n<p>W FMP wyznajemy podstawowe warto\u015bci: \u201eJako\u015b\u0107: fundament zr\u00f3wnowa\u017conego rozwoju biznesu; Integralno\u015b\u0107: si\u0142a nap\u0119dowa wzrostu biznesu; Obs\u0142uga: fundament rozwoju; Przyst\u0119pno\u015b\u0107 cenowa: klucz do sukcesu\u201d. Ch\u0119tnie wsp\u00f3\u0142pracujemy zar\u00f3wno z klientami krajowymi, jak i zagranicznymi i jeste\u015bmy zaanga\u017cowani w wspieranie wzajemnego rozwoju i sukcesu.<\/p>\n<\/div>\n<\/div>\n<\/div>\n<\/div>\n<p><img loading=\"lazy\" decoding=\"async\" class=\"alignnone wp-image-3563\" src=\"https:\/\/fmp-components.com\/wp-content\/uploads\/2025\/01\/company-2.webp\" alt=\"firma\" width=\"873\" height=\"790\" title=\"\" srcset=\"https:\/\/fmp-components.com\/wp-content\/uploads\/2025\/01\/company-2.webp 873w, https:\/\/fmp-components.com\/wp-content\/uploads\/2025\/01\/company-2-480x435.webp 480w\" sizes=\"(min-width: 0px) and (max-width: 480px) 480px, (min-width: 481px) 873px, 100vw\" \/> <img loading=\"lazy\" decoding=\"async\" class=\"alignnone wp-image-3564\" src=\"https:\/\/fmp-components.com\/wp-content\/uploads\/2025\/01\/company-3.webp\" alt=\"firma\" width=\"873\" height=\"776\" title=\"\" srcset=\"https:\/\/fmp-components.com\/wp-content\/uploads\/2025\/01\/company-3.webp 873w, https:\/\/fmp-components.com\/wp-content\/uploads\/2025\/01\/company-3-480x427.webp 480w\" sizes=\"(min-width: 0px) and (max-width: 480px) 480px, (min-width: 481px) 873px, 100vw\" \/> <img loading=\"lazy\" decoding=\"async\" class=\"alignnone wp-image-3565\" src=\"https:\/\/fmp-components.com\/wp-content\/uploads\/2025\/01\/company-1.webp\" alt=\"firma\" width=\"877\" height=\"225\" title=\"\" srcset=\"https:\/\/fmp-components.com\/wp-content\/uploads\/2025\/01\/company-1.webp 877w, https:\/\/fmp-components.com\/wp-content\/uploads\/2025\/01\/company-1-480x123.webp 480w\" sizes=\"(min-width: 0px) and (max-width: 480px) 480px, (min-width: 481px) 877px, 100vw\" \/><\/p>\n<p>Autor: CX<\/p>\n<\/div>","protected":false},"excerpt":{"rendered":"<p>Spindle Motor Used for Lathe JSZD150H Spindle motors have many advantages over other types of motors, including small size, high reliability, and low power consumption. They can also run for thousands of hours without trouble and are very quiet. This allows them to be installed in smaller spaces, and the tracks take up less space. [&hellip;]<\/p>","protected":false},"featured_media":3588,"comment_status":"open","ping_status":"closed","template":"","meta":{"_et_pb_use_builder":"","_et_pb_old_content":"","_et_gb_content_width":""},"product_brand":[],"product_cat":[89],"product_tag":[],"class_list":{"0":"post-3584","1":"product","2":"type-product","3":"status-publish","4":"has-post-thumbnail","6":"product_cat-spindle-motor","8":"first","9":"instock","10":"shipping-taxable","11":"product-type-simple"},"_links":{"self":[{"href":"https:\/\/fmp-components.com\/pl\/wp-json\/wp\/v2\/product\/3584","targetHints":{"allow":["GET"]}}],"collection":[{"href":"https:\/\/fmp-components.com\/pl\/wp-json\/wp\/v2\/product"}],"about":[{"href":"https:\/\/fmp-components.com\/pl\/wp-json\/wp\/v2\/types\/product"}],"replies":[{"embeddable":true,"href":"https:\/\/fmp-components.com\/pl\/wp-json\/wp\/v2\/comments?post=3584"}],"wp:featuredmedia":[{"embeddable":true,"href":"https:\/\/fmp-components.com\/pl\/wp-json\/wp\/v2\/media\/3588"}],"wp:attachment":[{"href":"https:\/\/fmp-components.com\/pl\/wp-json\/wp\/v2\/media?parent=3584"}],"wp:term":[{"taxonomy":"product_brand","embeddable":true,"href":"https:\/\/fmp-components.com\/pl\/wp-json\/wp\/v2\/product_brand?post=3584"},{"taxonomy":"product_cat","embeddable":true,"href":"https:\/\/fmp-components.com\/pl\/wp-json\/wp\/v2\/product_cat?post=3584"},{"taxonomy":"product_tag","embeddable":true,"href":"https:\/\/fmp-components.com\/pl\/wp-json\/wp\/v2\/product_tag?post=3584"}],"curies":[{"name":"wp","href":"https:\/\/api.w.org\/{rel}","templated":true}]}}