{"id":3578,"date":"2025-01-08T06:53:08","date_gmt":"2025-01-08T06:53:08","guid":{"rendered":"https:\/\/fmp-components.com\/?page_id=8"},"modified":"2025-01-08T08:48:39","modified_gmt":"2025-01-08T08:48:39","slug":"spindle-motor-used-for-lathe-jszd150t-jszd110j","status":"publish","type":"product","link":"https:\/\/fmp-components.com\/pl\/product\/spindle-motor-used-for-lathe-jszd150t-jszd110j\/","title":{"rendered":"Silnik wrzeciona u\u017cywany do tokarki JSZD150T JSZD110J"},"content":{"rendered":"<p><img loading=\"lazy\" decoding=\"async\" class=\"alignnone size-full wp-image-3580\" src=\"https:\/\/fmp-components.com\/wp-content\/uploads\/2025\/01\/spindle-motor-used-for-lathe-jszd150t-3.webp\" alt=\"silnik-wrzeciona-u\u017cywany-do-tokarki-jszd150t-3\" width=\"851\" height=\"105\" title=\"\" srcset=\"https:\/\/fmp-components.com\/wp-content\/uploads\/2025\/01\/spindle-motor-used-for-lathe-jszd150t-3.webp 851w, https:\/\/fmp-components.com\/wp-content\/uploads\/2025\/01\/spindle-motor-used-for-lathe-jszd150t-3-480x59.webp 480w\" sizes=\"(min-width: 0px) and (max-width: 480px) 480px, (min-width: 481px) 851px, 100vw\" \/> <img loading=\"lazy\" decoding=\"async\" class=\"alignnone size-full wp-image-3581\" src=\"https:\/\/fmp-components.com\/wp-content\/uploads\/2025\/01\/spindle-motor-used-for-lathe-jszd110j-2.webp\" alt=\"silnik-wrzeciona-u\u017cywany-do-tokarki-jszd110j-2\" width=\"849\" height=\"102\" title=\"\" srcset=\"https:\/\/fmp-components.com\/wp-content\/uploads\/2025\/01\/spindle-motor-used-for-lathe-jszd110j-2.webp 849w, https:\/\/fmp-components.com\/wp-content\/uploads\/2025\/01\/spindle-motor-used-for-lathe-jszd110j-2-480x58.webp 480w\" sizes=\"(min-width: 0px) and (max-width: 480px) 480px, (min-width: 481px) 849px, 100vw\" \/> <img loading=\"lazy\" decoding=\"async\" class=\"alignnone size-full wp-image-3582\" src=\"https:\/\/fmp-components.com\/wp-content\/uploads\/2025\/01\/spindle-motor-used-for-lathe-jszd150t-2.webp\" alt=\"silnik-wrzeciona-u\u017cywany-do-tokarki-jszd150t-2\" width=\"850\" height=\"327\" title=\"\" srcset=\"https:\/\/fmp-components.com\/wp-content\/uploads\/2025\/01\/spindle-motor-used-for-lathe-jszd150t-2.webp 850w, https:\/\/fmp-components.com\/wp-content\/uploads\/2025\/01\/spindle-motor-used-for-lathe-jszd150t-2-480x185.webp 480w\" sizes=\"(min-width: 0px) and (max-width: 480px) 480px, (min-width: 481px) 850px, 100vw\" \/> <img loading=\"lazy\" decoding=\"async\" class=\"alignnone size-full wp-image-3583\" src=\"https:\/\/fmp-components.com\/wp-content\/uploads\/2025\/01\/spindle-motor-used-for-lathe-jszd110j-1.webp\" alt=\"silnik-wrzeciona-u\u017cywany-do-tokarki-jszd110j-1\" width=\"831\" height=\"278\" title=\"\" srcset=\"https:\/\/fmp-components.com\/wp-content\/uploads\/2025\/01\/spindle-motor-used-for-lathe-jszd110j-1.webp 831w, https:\/\/fmp-components.com\/wp-content\/uploads\/2025\/01\/spindle-motor-used-for-lathe-jszd110j-1-480x161.webp 480w\" sizes=\"(min-width: 0px) and (max-width: 480px) 480px, (min-width: 481px) 831px, 100vw\" \/><\/p>\n<h3>Zastosowania silnik\u00f3w wrzecionowych<\/h3>\n<p>Silniki wrzecionowe s\u0105 niezb\u0119dne w r\u00f3\u017cnych procesach precyzyjnej obr\u00f3bki i produkcji, nap\u0119dzaj\u0105c obroty narz\u0119dzi i umo\u017cliwiaj\u0105c wysokowydajne ci\u0119cie, szlifowanie i frezowanie. Powszechnie stosowane w maszynach CNC, oferuj\u0105 wysoki moment obrotowy i kontrol\u0119 pr\u0119dko\u015bci, dzi\u0119ki czemu idealnie nadaj\u0105 si\u0119 do zastosowa\u0144 wymagaj\u0105cych \u015bcis\u0142ych tolerancji i z\u0142o\u017conych geometrii. Ich zdolno\u015b\u0107 do zapewniania sta\u0142ej mocy wyj\u015bciowej gwarantuje optymaln\u0105 wydajno\u015b\u0107 ci\u0119cia i jako\u015b\u0107 wyko\u0144czenia powierzchni.<\/p>\n<p>W przemy\u015ble motoryzacyjnym i lotniczym silniki wrzecionowe s\u0105 wykorzystywane w produkcji precyzyjnej, takiej jak cz\u0119\u015bci silnik\u00f3w, \u0142opatki turbin i inne kluczowe komponenty. Ich wszechstronno\u015b\u0107 pozwala im obs\u0142ugiwa\u0107 szerok\u0105 gam\u0119 materia\u0142\u00f3w, od metali po kompozyty, przy jednoczesnym zachowaniu wysokich standard\u00f3w jako\u015bci wymaganych w tych sektorach.<\/p>\n<p>Ponadto silniki wrzecionowe s\u0105 szeroko stosowane w przemy\u015ble drzewnym, medycznym i elektronicznym. Na przyk\u0142ad, s\u0105 one integraln\u0105 cz\u0119\u015bci\u0105 wiercenia p\u0142ytek PCB, grawerowania laserowego i produkcji urz\u0105dze\u0144 medycznych, gdzie niezawodno\u015b\u0107, precyzja i stabilna wydajno\u015b\u0107 s\u0105 kluczowe. Wszechstronno\u015b\u0107 silnik\u00f3w wrzecionowych sprawia, \u017ce \u200b\u200bs\u0105 one niezast\u0105pione w licznych specjalistycznych zastosowaniach w r\u00f3\u017cnych sektorach.<\/p>\n<h3>Silnik wrzeciona u\u017cywany w tokarce<\/h3>\n<p>Silniki wrzecionowe s\u0105 kluczowymi elementami tokarek, gdzie zapewniaj\u0105 moc obrotow\u0105 niezb\u0119dn\u0105 do operacji toczenia. W tokarce silnik wrzeciona nap\u0119dza obr\u00f3t przedmiotu obrabianego, podczas gdy narz\u0119dzia wykonuj\u0105 r\u00f3\u017cne operacje, takie jak ci\u0119cie, wiercenie i gwintowanie. Silniki te zosta\u0142y zaprojektowane tak, aby zapewnia\u0107 sta\u0142y moment obrotowy i pr\u0119dko\u015b\u0107, gwarantuj\u0105c p\u0142ynn\u0105 prac\u0119 tokarki przy jednoczesnym zachowaniu precyzji, szczeg\u00f3lnie w przypadku zada\u0144 wymagaj\u0105cych du\u017cej pr\u0119dko\u015bci, takich jak obr\u00f3bka z du\u017c\u0105 pr\u0119dko\u015bci\u0105 lub skrawanie.<\/p>\n<p>Silniki wrzecionowe tokarek to zazwyczaj silniki o wysokim momencie obrotowym i niskiej pr\u0119dko\u015bci obrotowej, kt\u00f3re mog\u0105 r\u00f3wnie\u017c obs\u0142ugiwa\u0107 p\u0142ynn\u0105 regulacj\u0119 pr\u0119dko\u015bci, umo\u017cliwiaj\u0105c operatorowi precyzyjne dostrojenie osi\u0105g\u00f3w silnika do konkretnego materia\u0142u i operacji ci\u0119cia. Ta elastyczno\u015b\u0107 jest niezb\u0119dna do obr\u00f3bki r\u00f3\u017cnorodnych metali, tworzyw sztucznych i kompozyt\u00f3w o r\u00f3\u017cnych w\u0142a\u015bciwo\u015bciach skrawania. Zapewniaj\u0105c p\u0142ynne przyspieszanie i zwalnianie, silniki wrzecionowe pomagaj\u0105 minimalizowa\u0107 wibracje i zachowa\u0107 dok\u0142adno\u015b\u0107 wymiarow\u0105 obrabianego przedmiotu.<\/p>\n<p>Dzi\u0119ki zaawansowanym mechanizmom ch\u0142odzenia, takim jak ch\u0142odzenie ciecz\u0105 lub powietrzem, silniki wrzecion tokarek mog\u0105 pracowa\u0107 z wy\u017csz\u0105 moc\u0105 bez przegrzewania, co zapewnia trwa\u0142o\u015b\u0107 i d\u0142ug\u0105 \u017cywotno\u015b\u0107. Ich precyzja i niezawodno\u015b\u0107 sprawiaj\u0105, \u017ce s\u0105 one niezb\u0119dne w bran\u017cach takich jak motoryzacja, lotnictwo i produkcja, gdzie wysokiej jako\u015bci, precyzyjne cz\u0119\u015bci s\u0105 produkowane w spos\u00f3b sp\u00f3jny.<\/p>\n<h2>Istniej\u0105 dwa sposoby na uzyskanie mocy wyj\u015bciowej. Pierwszy to sta\u0142y moment obrotowy, a drugi to sta\u0142a moc, jak poni\u017cej:<\/h2>\n<p><img loading=\"lazy\" decoding=\"async\" class=\"alignnone size-full wp-image-3573\" src=\"https:\/\/fmp-components.com\/wp-content\/uploads\/2025\/01\/spindle-motor-1.webp\" alt=\"silnik wrzeciona-1\" width=\"973\" height=\"551\" title=\"\" srcset=\"https:\/\/fmp-components.com\/wp-content\/uploads\/2025\/01\/spindle-motor-1.webp 973w, https:\/\/fmp-components.com\/wp-content\/uploads\/2025\/01\/spindle-motor-1-480x272.webp 480w\" sizes=\"(min-width: 0px) and (max-width: 480px) 480px, (min-width: 481px) 973px, 100vw\" \/><\/p>\n<h2>Wyja\u015bnienie nomenklatury wrzeciona silnika<\/h2>\n<p><img loading=\"lazy\" decoding=\"async\" class=\"alignnone size-full wp-image-3574\" src=\"https:\/\/fmp-components.com\/wp-content\/uploads\/2025\/01\/spindle-motor-2.webp\" alt=\"silnik wrzeciona-2\" width=\"666\" height=\"351\" title=\"\" srcset=\"https:\/\/fmp-components.com\/wp-content\/uploads\/2025\/01\/spindle-motor-2.webp 666w, https:\/\/fmp-components.com\/wp-content\/uploads\/2025\/01\/spindle-motor-2-480x253.webp 480w\" sizes=\"(min-width: 0px) and (max-width: 480px) 480px, (min-width: 481px) 666px, 100vw\" \/><\/p>\n<h2>Koniec po\u0142\u0105czenia wrzeciona<\/h2>\n<p>Posiada wiele r\u00f3\u017cnych typ\u00f3w po\u0142\u0105cze\u0144, w zale\u017cno\u015bci od modelu wrzeciona, zapoznaj si\u0119 z poni\u017csz\u0105 tabel\u0105.<\/p>\n<p><img loading=\"lazy\" decoding=\"async\" class=\"alignnone wp-image-3575\" src=\"https:\/\/fmp-components.com\/wp-content\/uploads\/2025\/01\/spindle-motor-3.webp\" alt=\"silnik wrzeciona-\" width=\"885\" height=\"231\" title=\"\" srcset=\"https:\/\/fmp-components.com\/wp-content\/uploads\/2025\/01\/spindle-motor-3.webp 885w, https:\/\/fmp-components.com\/wp-content\/uploads\/2025\/01\/spindle-motor-3-480x125.webp 480w\" sizes=\"(min-width: 0px) and (max-width: 480px) 480px, (min-width: 481px) 885px, 100vw\" \/><\/p>\n<h2>Instrukcja wrzeciona<\/h2>\n<div><span id=\"spin1\">1<\/span>Przetwornica cz\u0119stotliwo\u015bci\u00a0<span id=\"spin2\">musi<\/span>\u00a0dopasuj\u00a0<span id=\"spin3\">elektryczny<\/span>\u00a0jednostka wrzeciona.\u00a0<span id=\"spin4\">podstawowy<\/span>\u00a0cz\u0119stotliwo\u015b\u0107\u00a0<span id=\"spin5\">lub nawet<\/span>\u00a0cz\u0119stotliwo\u015b\u0107 nominalna\u00a0<span id=\"spin6\">tak samo jak<\/span>\u00a0wolta\u017c\u00a0<span id=\"spin7\">b\u0119dzie musia\u0142<\/span>\u00a0spe\u0142niaj\u0105 parametry techniczne\u00a0<span id=\"spin8\">z<\/span>\u00a0<span id=\"spin9\">elektryczny<\/span>\u00a0wrzeciono.<br \/>\n<span id=\"spin10\">2<\/span>.\u00a0<span id=\"spin11\">Elektryczny<\/span>\u00a0wrzeciono\u00a0<span id=\"spin12\">jest og\u00f3lnie<\/span>\u00a0ch\u0142odzony przez kr\u0105\u017c\u0105c\u0105 wod\u0119. Woda ch\u0142odz\u0105ca\u00a0<span id=\"spin13\">musi by\u0107<\/span>\u00a0odporne na rdz\u0119 i filtrowane czyste. Kiedy\u00a0<span id=\"spin14\">nabycie<\/span>\u00a0woda, wlot\u00a0<span id=\"spin15\">musi by\u0107<\/span>\u00a0<span id=\"spin16\">pod<\/span>\u00a0ten\u00a0<span id=\"spin17\">elektryczny<\/span>\u00a0wrzeciono.<br \/>\n<span id=\"spin18\">trzy<\/span>. Gdy\u00a0<span id=\"spin19\">praca z<\/span>\u00a0wrzeciono smarowane mg\u0142\u0105 olejow\u0105,\u00a0<span id=\"spin20\">stres<\/span>\u00a0zaw\u00f3r regulacyjny\u00a0<span id=\"spin21\">na<\/span>\u00a0mg\u0142a olejowa\u00a0<span id=\"spin22\">urz\u0105dzenie<\/span>\u00a0<span id=\"spin23\">powinno by\u0107<\/span>\u00a0dostosowano do 0,25~0,3 MPA mg\u0142y\u00a0<span id=\"spin25\">ci\u015bnienie<\/span>\u00a0<span id=\"spin26\">powinno by\u0107<\/span>\u00a00,1~0,2 MPa\u00a0<span id=\"spin28\">i<\/span>\u00a0<span id=\"spin29\">r\u00f3\u017cnorodno\u015b\u0107<\/span>\u00a0krople oleju\u00a0<span id=\"spin30\">musi by\u0107<\/span>\u00a060-70 kropli\/min.\u00a0<span id=\"spin31\">i tak\u017ce<\/span>\u00a0olej smarowy\u00a0<span id=\"spin32\">powinno by\u0107<\/span>\u00a0olej dzwonowy lub olej turbinowy nr\u00a0<span id=\"spin33\">20<\/span>.<br \/>\n<span id=\"spin34\">cztery<\/span>. Ten\u00a0<span id=\"spin35\">pr\u0119dko\u015b\u0107<\/span>\u00a0<span id=\"spin36\">wok\u00f3\u0142<\/span>\u00a0wrzeciono silnikowe\u00a0<span id=\"spin37\">przewodnik<\/span>\u00a0<span id=\"spin38\">zdecydowanie jest<\/span>\u00a0najwy\u017cszy\u00a0<span id=\"spin39\">pr\u0119dko\u015b\u0107<\/span>, I\u00a0<span id=\"spin40\">to mo\u017ce<\/span>\u00a0nie by\u0107\u00a0<span id=\"spin41\">podniesiony<\/span>,\u00a0<span id=\"spin42\">Niemniej jednak, to<\/span>\u00a0<span id=\"spin43\">Mo\u017ce<\/span>\u00a0<span id=\"spin44\">zatrudniony<\/span>\u00a0<span id=\"spin45\">zmniejszy\u0107<\/span><br \/>\nten\u00a0<span id=\"spin46\">tempo,<\/span>\u00a0napi\u0119cie i cz\u0119stotliwo\u015b\u0107 s\u0105\u00a0<span id=\"spin47\">zmniejszony<\/span>\u00a0<span id=\"spin48\">kiedy\u015b<\/span>\u00a0<span id=\"spin49\">pr\u0119dko\u015b\u0107<\/span>\u00a0jest obni\u017cony.<br \/>\n<span id=\"spin50\">5<\/span>. Obr\u00f3t\u00a0<span id=\"spin51\">kurs<\/span>\u00a0<span id=\"spin52\">z<\/span>\u00a0wrzeciono silnikowe\u00a0<span id=\"spin53\">jest zwykle<\/span>\u00a0przeciwnie do ruchu wskaz\u00f3wek zegara (patrz\u0105c\u00a0<span id=\"spin54\">w<\/span>\u00a0wa\u0142u). z wyj\u0105tkiem\u00a0<span id=\"spin55\">ekskluzywny<\/span><br \/>\n<span id=\"spin56\">\u017c\u0105dania<\/span>.<br \/>\n<span id=\"spin57\">6<\/span>. Wrzeciono silnikowe smarowane mg\u0142\u0105 olejow\u0105\u00a0<span id=\"spin58\">musi by\u0107<\/span>\u00a0<span id=\"spin59\">po\u0142\u0105czony<\/span>\u00a0z wod\u0105 i\u00a0<span id=\"spin60\">benzyna<\/span>\u00a0<span id=\"spin61\">przed<\/span>\u00a0<span id=\"spin62\">to mo\u017cliwe<\/span>\u00a0<span id=\"spin63\">rozpocz\u0105\u0107<\/span>\u00a0I\u00a0<span id=\"spin64\">przerwa\u0107<\/span>\u00a0woda i\u00a0<span id=\"spin65\">paliwo\u00a0<\/span><span id=\"spin66\">dostarcza\u0107<\/span>\u00a0<span id=\"spin67\">Po<\/span>\u00a0zamkni\u0119cie.<br \/>\nWyja\u015bnienie:\u00a0<span id=\"spin68\">unikalny<\/span>\u00a0dzia\u0142anie\u00a0<span id=\"spin69\">jest wymagane<\/span>\u00a0<span id=\"spin70\">wed\u0142ug<\/span>\u00a0<span id=\"spin71\">do<\/span>\u00a0<span id=\"spin72\">elektryczny<\/span>\u00a0wrzeciono\u00a0<span id=\"spin73\">wytyczne<\/span>.<\/div>\n<div>\n<div class=\"flex max-w-full flex-col flex-grow\">\n<div class=\"min-h-8 text-message flex w-full flex-col items-end gap-2 whitespace-normal break-words text-start [.text-message+&amp;]:mt-5\" dir=\"auto\" data-message-author-role=\"assistant\" data-message-id=\"fbdee532-4424-41b2-a093-d85f55f880e4\" data-message-model-slug=\"gpt-4o-mini\">\n<div class=\"flex w-full flex-col gap-1 empty:hidden first:pt-[3px]\">\n<div class=\"markdown prose w-full break-words dark:prose-invert light\">\n<h2>O FMP<\/h2>\n<p>FMP to wiod\u0105cy producent specjalizuj\u0105cy si\u0119 w komponentach mechanicznych, w tym reduktory \u015blimakowo-sto\u017ckowe, ko\u0142a \u0142a\u0144cuchowe, tuleje sto\u017ckowe, listwy z\u0119bate, sprz\u0119g\u0142a i inne cz\u0119\u015bci przek\u0142adni. Dzi\u0119ki silnemu ukierunkowaniu na eksport, ponad 651 ton TP4T naszych produkt\u00f3w trafia na rynki europejskie, takie jak Niemcy, Wielka Brytania i Francja, generuj\u0105c roczn\u0105 warto\u015b\u0107 eksportu na poziomie 1,5 tony TP5T18 milion\u00f3w RMB. Ca\u0142kowita roczna warto\u015b\u0107 naszej produkcji si\u0119ga 200 milion\u00f3w RMB.<\/p>\n<p>Wszystkie produkty FMP s\u0105 projektowane i produkowane zgodnie z mi\u0119dzynarodowymi, europejskimi i ameryka\u0144skimi normami przemys\u0142owymi. Wykorzystujemy zaawansowany, precyzyjny sprz\u0119t do obr\u00f3bki, stosujemy zoptymalizowane procesy produkcyjne i utrzymujemy elastyczny, wydajny system zarz\u0105dzania. Nasz solidny system zarz\u0105dzania jako\u015bci\u0105 gwarantuje wysokie standardy produkt\u00f3w, jednocze\u015bnie utrzymuj\u0105c konkurencyjne ceny.<\/p>\n<p>W FMP wyznajemy podstawowe warto\u015bci: \u201eJako\u015b\u0107: fundament zr\u00f3wnowa\u017conego rozwoju biznesu; Integralno\u015b\u0107: si\u0142a nap\u0119dowa wzrostu biznesu; Obs\u0142uga: fundament rozwoju; Przyst\u0119pno\u015b\u0107 cenowa: klucz do sukcesu\u201d. Ch\u0119tnie wsp\u00f3\u0142pracujemy zar\u00f3wno z klientami krajowymi, jak i zagranicznymi i jeste\u015bmy zaanga\u017cowani w wspieranie wzajemnego rozwoju i sukcesu.<\/p>\n<\/div>\n<\/div>\n<\/div>\n<\/div>\n<p><img loading=\"lazy\" decoding=\"async\" class=\"alignnone wp-image-3563\" src=\"https:\/\/fmp-components.com\/wp-content\/uploads\/2025\/01\/company-2.webp\" alt=\"firma\" width=\"873\" height=\"790\" title=\"\" srcset=\"https:\/\/fmp-components.com\/wp-content\/uploads\/2025\/01\/company-2.webp 873w, https:\/\/fmp-components.com\/wp-content\/uploads\/2025\/01\/company-2-480x435.webp 480w\" sizes=\"(min-width: 0px) and (max-width: 480px) 480px, (min-width: 481px) 873px, 100vw\" \/> <img loading=\"lazy\" decoding=\"async\" class=\"alignnone wp-image-3564\" src=\"https:\/\/fmp-components.com\/wp-content\/uploads\/2025\/01\/company-3.webp\" alt=\"firma\" width=\"873\" height=\"776\" title=\"\" srcset=\"https:\/\/fmp-components.com\/wp-content\/uploads\/2025\/01\/company-3.webp 873w, https:\/\/fmp-components.com\/wp-content\/uploads\/2025\/01\/company-3-480x427.webp 480w\" sizes=\"(min-width: 0px) and (max-width: 480px) 480px, (min-width: 481px) 873px, 100vw\" \/> <img loading=\"lazy\" decoding=\"async\" class=\"alignnone wp-image-3565\" src=\"https:\/\/fmp-components.com\/wp-content\/uploads\/2025\/01\/company-1.webp\" alt=\"firma\" width=\"877\" height=\"225\" title=\"\" srcset=\"https:\/\/fmp-components.com\/wp-content\/uploads\/2025\/01\/company-1.webp 877w, https:\/\/fmp-components.com\/wp-content\/uploads\/2025\/01\/company-1-480x123.webp 480w\" sizes=\"(min-width: 0px) and (max-width: 480px) 480px, (min-width: 481px) 877px, 100vw\" \/><\/p>\n<p>Autor: CX<\/p>\n<\/div>","protected":false},"excerpt":{"rendered":"<p>Spindle Motor Applications Spindle motors are essential in various precision machining and manufacturing processes, driving the rotation of tools and enabling high-performance cutting, grinding, and milling operations. Commonly used in CNC machines, they offer high torque and speed control, making them ideal for applications that require tight tolerances and complex geometries. Their ability to provide [&hellip;]<\/p>","protected":false},"featured_media":3579,"comment_status":"open","ping_status":"closed","template":"","meta":{"_et_pb_use_builder":"","_et_pb_old_content":"","_et_gb_content_width":""},"product_brand":[],"product_cat":[89],"product_tag":[],"class_list":{"0":"post-3578","1":"product","2":"type-product","3":"status-publish","4":"has-post-thumbnail","6":"product_cat-spindle-motor","8":"first","9":"instock","10":"shipping-taxable","11":"product-type-simple"},"_links":{"self":[{"href":"https:\/\/fmp-components.com\/pl\/wp-json\/wp\/v2\/product\/3578","targetHints":{"allow":["GET"]}}],"collection":[{"href":"https:\/\/fmp-components.com\/pl\/wp-json\/wp\/v2\/product"}],"about":[{"href":"https:\/\/fmp-components.com\/pl\/wp-json\/wp\/v2\/types\/product"}],"replies":[{"embeddable":true,"href":"https:\/\/fmp-components.com\/pl\/wp-json\/wp\/v2\/comments?post=3578"}],"wp:featuredmedia":[{"embeddable":true,"href":"https:\/\/fmp-components.com\/pl\/wp-json\/wp\/v2\/media\/3579"}],"wp:attachment":[{"href":"https:\/\/fmp-components.com\/pl\/wp-json\/wp\/v2\/media?parent=3578"}],"wp:term":[{"taxonomy":"product_brand","embeddable":true,"href":"https:\/\/fmp-components.com\/pl\/wp-json\/wp\/v2\/product_brand?post=3578"},{"taxonomy":"product_cat","embeddable":true,"href":"https:\/\/fmp-components.com\/pl\/wp-json\/wp\/v2\/product_cat?post=3578"},{"taxonomy":"product_tag","embeddable":true,"href":"https:\/\/fmp-components.com\/pl\/wp-json\/wp\/v2\/product_tag?post=3578"}],"curies":[{"name":"wp","href":"https:\/\/api.w.org\/{rel}","templated":true}]}}