{"id":3554,"date":"2025-01-08T05:47:39","date_gmt":"2025-01-08T05:47:39","guid":{"rendered":"https:\/\/fmp-components.com\/?page_id=8"},"modified":"2025-01-08T05:47:39","modified_gmt":"2025-01-08T05:47:39","slug":"iec-b14-face-mounted-stainless-steel-motor-tenv","status":"publish","type":"product","link":"https:\/\/fmp-components.com\/pl\/product\/iec-b14-face-mounted-stainless-steel-motor-tenv\/","title":{"rendered":"Silnik ze stali nierdzewnej montowany czo\u0142owo IEC B14 - TENV"},"content":{"rendered":"<p><img loading=\"lazy\" decoding=\"async\" class=\"size-full wp-image-3556 aligncenter\" src=\"https:\/\/fmp-components.com\/wp-content\/uploads\/2025\/01\/fmp_1.stainless-steel-motor-2.webp\" alt=\"fmp_1.silnik-ze-stali-nierdzewnej-2\" width=\"798\" height=\"373\" title=\"\" srcset=\"https:\/\/fmp-components.com\/wp-content\/uploads\/2025\/01\/fmp_1.stainless-steel-motor-2.webp 798w, https:\/\/fmp-components.com\/wp-content\/uploads\/2025\/01\/fmp_1.stainless-steel-motor-2-480x224.webp 480w\" sizes=\"(min-width: 0px) and (max-width: 480px) 480px, (min-width: 481px) 798px, 100vw\" \/><\/p>\n<table style=\"width: 99.7231%;\" border=\"1\">\n<tbody>\n<tr>\n<td style=\"width: 12.2066%;\">Typ ramki<\/td>\n<td style=\"width: 12.0501%;\">Typ ko\u0142nierza<\/td>\n<td style=\"width: 6.10329%;\">Polacy<\/td>\n<td style=\"width: 2.9734%;\">D<\/td>\n<td style=\"width: 2.9734%;\">mi<\/td>\n<td style=\"width: 1.87793%;\">F<\/td>\n<td style=\"width: 4.22535%;\">G<\/td>\n<td style=\"width: 4.22535%;\">M<\/td>\n<td style=\"width: 2.9734%;\">N<\/td>\n<td style=\"width: 4.22535%;\">P<\/td>\n<td style=\"width: 2.19092%;\">R<\/td>\n<td style=\"width: 3.59937%;\">S<\/td>\n<td style=\"width: 3.59937%;\">T<\/td>\n<td style=\"width: 12.3631%;\">Otw\u00f3r ko\u0142nierza<\/td>\n<td style=\"width: 10.7981%;\">Otw\u00f3r wa\u0142u<\/td>\n<td style=\"width: 4.22535%;\">AC<\/td>\n<td style=\"width: 48.2003%;\">OG\u0141OSZENIE<\/td>\n<\/tr>\n<tr>\n<td style=\"width: 12.2066%;\">63<\/td>\n<td style=\"width: 12.0501%;\">FT75<\/td>\n<td style=\"width: 6.10329%;\">2,4<\/td>\n<td style=\"width: 2.9734%;\">11<\/td>\n<td style=\"width: 2.9734%;\">23<\/td>\n<td style=\"width: 1.87793%;\">4<\/td>\n<td style=\"width: 4.22535%;\">8.5<\/td>\n<td style=\"width: 4.22535%;\">75<\/td>\n<td style=\"width: 2.9734%;\">60<\/td>\n<td style=\"width: 4.22535%;\">90<\/td>\n<td style=\"width: 2.19092%;\">0<\/td>\n<td style=\"width: 3.59937%;\">M5<\/td>\n<td style=\"width: 3.59937%;\">2.5<\/td>\n<td style=\"width: 12.3631%;\">4<\/td>\n<td style=\"width: 10.7981%;\">M4<\/td>\n<td style=\"width: 4.22535%;\">114<\/td>\n<td style=\"width: 48.2003%;\">117<\/td>\n<\/tr>\n<tr>\n<td style=\"width: 12.2066%;\">71<\/td>\n<td style=\"width: 12.0501%;\">FT85<\/td>\n<td style=\"width: 6.10329%;\">2.4.6<\/td>\n<td style=\"width: 2.9734%;\">14<\/td>\n<td style=\"width: 2.9734%;\">30<\/td>\n<td style=\"width: 1.87793%;\">5<\/td>\n<td style=\"width: 4.22535%;\">11<\/td>\n<td style=\"width: 4.22535%;\">85<\/td>\n<td style=\"width: 2.9734%;\">70<\/td>\n<td style=\"width: 4.22535%;\">105<\/td>\n<td style=\"width: 2.19092%;\">0<\/td>\n<td style=\"width: 3.59937%;\">M6<\/td>\n<td style=\"width: 3.59937%;\">2.5<\/td>\n<td style=\"width: 12.3631%;\">4<\/td>\n<td style=\"width: 10.7981%;\">M5<\/td>\n<td style=\"width: 4.22535%;\">134<\/td>\n<td style=\"width: 48.2003%;\">129<\/td>\n<\/tr>\n<tr>\n<td style=\"width: 12.2066%;\">80<\/td>\n<td style=\"width: 12.0501%;\">FT100<\/td>\n<td style=\"width: 6.10329%;\">2.4.6<\/td>\n<td style=\"width: 2.9734%;\">19<\/td>\n<td style=\"width: 2.9734%;\">40<\/td>\n<td style=\"width: 1.87793%;\">6<\/td>\n<td style=\"width: 4.22535%;\">155<\/td>\n<td style=\"width: 4.22535%;\">100<\/td>\n<td style=\"width: 2.9734%;\">80<\/td>\n<td style=\"width: 4.22535%;\">120<\/td>\n<td style=\"width: 2.19092%;\">0<\/td>\n<td style=\"width: 3.59937%;\">M6<\/td>\n<td style=\"width: 3.59937%;\">3<\/td>\n<td style=\"width: 12.3631%;\">4<\/td>\n<td style=\"width: 10.7981%;\">M6<\/td>\n<td style=\"width: 4.22535%;\">144<\/td>\n<td style=\"width: 48.2003%;\">135<\/td>\n<\/tr>\n<tr>\n<td style=\"width: 12.2066%;\">Lata 90.<\/td>\n<td style=\"width: 12.0501%;\">FT115<\/td>\n<td style=\"width: 6.10329%;\">2.4.6<\/td>\n<td style=\"width: 2.9734%;\">24<\/td>\n<td style=\"width: 2.9734%;\">50<\/td>\n<td style=\"width: 1.87793%;\">8<\/td>\n<td style=\"width: 4.22535%;\">20<\/td>\n<td style=\"width: 4.22535%;\">115<\/td>\n<td style=\"width: 2.9734%;\">95<\/td>\n<td style=\"width: 4.22535%;\">140<\/td>\n<td style=\"width: 2.19092%;\">0<\/td>\n<td style=\"width: 3.59937%;\">M8<\/td>\n<td style=\"width: 3.59937%;\">3<\/td>\n<td style=\"width: 12.3631%;\">4<\/td>\n<td style=\"width: 10.7981%;\">M8<\/td>\n<td style=\"width: 4.22535%;\">164<\/td>\n<td style=\"width: 48.2003%;\">147<\/td>\n<\/tr>\n<\/tbody>\n<\/table>\n<h2>Specyfikacje silnika ze stali nierdzewnej IEC<\/h2>\n<table style=\"width: 99.8783%;\" border=\"1\">\n<tbody>\n<tr>\n<td style=\"width: 14.4262%;\">Rama<\/td>\n<td style=\"width: 24.918%;\">KW<\/td>\n<td style=\"width: 46.8852%;\">Montowanie<\/td>\n<td style=\"width: 213.443%;\">IP<\/td>\n<\/tr>\n<tr>\n<td style=\"width: 14.4262%;\">63<\/td>\n<td style=\"width: 24.918%;\">0.18<\/td>\n<td style=\"width: 46.8852%;\" rowspan=\"7\">B3, B5, B14, B34, B35<\/td>\n<td style=\"width: 213.443%;\" rowspan=\"7\">IP55<\/td>\n<\/tr>\n<tr>\n<td style=\"width: 14.4262%;\">71<\/td>\n<td style=\"width: 24.918%;\">0,25, 0,37<\/td>\n<\/tr>\n<tr>\n<td style=\"width: 14.4262%;\">80<\/td>\n<td style=\"width: 24.918%;\">0,55, 0,75<\/td>\n<\/tr>\n<tr>\n<td style=\"width: 14.4262%;\">90<\/td>\n<td style=\"width: 24.918%;\">1.1, 1.5<\/td>\n<\/tr>\n<tr>\n<td style=\"width: 14.4262%;\">100<\/td>\n<td style=\"width: 24.918%;\">2.2, 3.0<\/td>\n<\/tr>\n<tr>\n<td style=\"width: 14.4262%;\">112<\/td>\n<td style=\"width: 24.918%;\">4.0<\/td>\n<\/tr>\n<tr>\n<td style=\"width: 14.4262%;\">1332<\/td>\n<td style=\"width: 24.918%;\">5,5, 7,5<\/td>\n<\/tr>\n<\/tbody>\n<\/table>\n<p>Jest ona r\u00f3wnie\u017c dost\u0119pna, je\u015bli masz jakie\u015b specjalne wymagania co do silnika.<\/p>\n<h2>Cechy silnik\u00f3w ze stali nierdzewnej montowanych czo\u0142owo<\/h2>\n<ol>\n<li><strong>Konstrukcja odporna na korozj\u0119<\/strong><br \/>\nSilniki ze stali nierdzewnej montowane na powierzchni czo\u0142owej s\u0105 wykonane z wysokiej jako\u015bci stali nierdzewnej, oferuj\u0105c doskona\u0142\u0105 odporno\u015b\u0107 na korozj\u0119, rdz\u0119 i inne czynniki \u015brodowiskowe. Dzi\u0119ki temu idealnie nadaj\u0105 si\u0119 do stosowania w trudnych warunkach, w kt\u00f3rych cz\u0119sto wyst\u0119puje nara\u017cenie na wilgo\u0107, chemikalia lub warunki przetwarzania \u017cywno\u015bci.<\/li>\n<li><strong>G\u0142adka, higieniczna powierzchnia<\/strong><br \/>\nSilniki zaprojektowano z g\u0142adkimi, bezszwowymi powierzchniami, kt\u00f3re minimalizuj\u0105 ryzyko gromadzenia si\u0119 zanieczyszcze\u0144. Taka konstrukcja zapewnia \u0142atwe czyszczenie i zgodno\u015b\u0107 z surowymi normami higienicznymi, dzi\u0119ki czemu idealnie nadaj\u0105 si\u0119 do zastosowa\u0144 w takich bran\u017cach jak przetw\u00f3rstwo spo\u017cywcze, farmaceutyka i opieka zdrowotna, gdzie czysto\u015b\u0107 ma kluczowe znaczenie.<\/li>\n<li><strong>Konstrukcja monta\u017cu na twarzy<\/strong><br \/>\nKonstrukcja montowana na \u015bcianie umo\u017cliwia kompaktow\u0105 instalacj\u0119 z bezpo\u015brednim mocowaniem do urz\u0105dze\u0144 lub maszyn. Ten spos\u00f3b monta\u017cu zapewnia stabilne i bezpieczne po\u0142\u0105czenie, pomagaj\u0105c zredukowa\u0107 wibracje i poprawi\u0107 wydajno\u015b\u0107 operacyjn\u0105. Jest on szczeg\u00f3lnie odpowiedni do zastosowa\u0144 w ograniczonej przestrzeni lub tam, gdzie nie mo\u017cna zastosowa\u0107 tradycyjnych silnik\u00f3w montowanych na \u0142apach.<\/li>\n<li><strong>Wysoki stopie\u0144 ochrony (IP69K)<\/strong><br \/>\nSilniki te cz\u0119sto posiadaj\u0105 stopie\u0144 ochrony IP69K, co zapewnia doskona\u0142\u0105 odporno\u015b\u0107 na wnikanie wody i py\u0142u. Solidna konstrukcja pozwala silnikom wytrzyma\u0107 strumienie wody pod wysokim ci\u015bnieniem i intensywne mycie, dzi\u0119ki czemu idealnie nadaj\u0105 si\u0119 do bran\u017c wymagaj\u0105cych cz\u0119stego czyszczenia, takich jak przetw\u00f3rstwo \u017cywno\u015bci i napoj\u00f3w.<\/li>\n<li><strong>Wysoka wydajno\u015b\u0107 i efektywno\u015b\u0107<\/strong><br \/>\nSilniki ze stali nierdzewnej montowane na powierzchni czo\u0142owej zazwyczaj spe\u0142niaj\u0105 lub przewy\u017cszaj\u0105 standardy wysokiej sprawno\u015bci (takie jak IE4), zapewniaj\u0105c ni\u017csze zu\u017cycie energii przy jednoczesnym zachowaniu optymalnej wydajno\u015bci. Ich wydajna praca pomaga obni\u017cy\u0107 koszty operacyjne i ograniczy\u0107 wp\u0142yw na \u015brodowisko, szczeg\u00f3lnie w zastosowaniach wymagaj\u0105cych pracy ci\u0105g\u0142ej.<\/li>\n<\/ol>\n<p><img loading=\"lazy\" decoding=\"async\" class=\"alignnone  wp-image-3555\" src=\"https:\/\/fmp-components.com\/wp-content\/uploads\/2025\/01\/fmp_0.stainless-steel-motor-4.webp\" alt=\"fmp_0.silnik-ze-stali-nierdzewnej-4\" width=\"916\" height=\"552\" title=\"\" srcset=\"https:\/\/fmp-components.com\/wp-content\/uploads\/2025\/01\/fmp_0.stainless-steel-motor-4.webp 916w, https:\/\/fmp-components.com\/wp-content\/uploads\/2025\/01\/fmp_0.stainless-steel-motor-4-480x289.webp 480w\" sizes=\"(min-width: 0px) and (max-width: 480px) 480px, (min-width: 481px) 916px, 100vw\" \/><\/p>\n<h2>Powi\u0105zany silnik ze stali nierdzewnej<\/h2>\n<table style=\"width: 100%;\" border=\"1\" width=\"100%\" cellspacing=\"0\" cellpadding=\"0\">\n<tbody>\n<tr>\n<td style=\"width: 25.8099%;\" align=\"right\" width=\"64\" height=\"18\"><img loading=\"lazy\" decoding=\"async\" class=\"alignnone size-full wp-image-3507\" src=\"https:\/\/fmp-components.com\/wp-content\/uploads\/2025\/01\/ep_stainless-steel-motor-1.webp\" sizes=\"(max-width: 379px) 100vw, 379px\" srcset=\"https:\/\/fmp-components.com\/wp-content\/uploads\/2025\/01\/ep_stainless-steel-motor-1.webp 379w, https:\/\/fmp-components.com\/wp-content\/uploads\/2025\/01\/ep_stainless-steel-motor-1-300x200.webp 300w, https:\/\/fmp-components.com\/wp-content\/uploads\/2025\/01\/ep_stainless-steel-motor-1-18x12.webp 18w\" alt=\"silnik ze stali nierdzewnej\" width=\"379\" height=\"253\" title=\"\"><\/td>\n<td style=\"width: 26.134%;\" align=\"right\" width=\"64\"><img loading=\"lazy\" decoding=\"async\" class=\"alignnone size-full wp-image-3508\" src=\"https:\/\/fmp-components.com\/wp-content\/uploads\/2025\/01\/ep_stainless-steel-motor-2-2.webp\" sizes=\"(max-width: 379px) 100vw, 379px\" srcset=\"https:\/\/fmp-components.com\/wp-content\/uploads\/2025\/01\/ep_stainless-steel-motor-2-2.webp 379w, https:\/\/fmp-components.com\/wp-content\/uploads\/2025\/01\/ep_stainless-steel-motor-2-2-300x200.webp 300w, https:\/\/fmp-components.com\/wp-content\/uploads\/2025\/01\/ep_stainless-steel-motor-2-2-18x12.webp 18w\" alt=\"silnik ze stali nierdzewnej\" width=\"379\" height=\"253\" title=\"\"><\/td>\n<td style=\"width: 25.162%;\" align=\"right\" width=\"64\"><img loading=\"lazy\" decoding=\"async\" class=\"alignnone size-full wp-image-3509\" src=\"https:\/\/fmp-components.com\/wp-content\/uploads\/2025\/01\/ep_stainless-steel-motor-6.webp\" sizes=\"(max-width: 379px) 100vw, 379px\" srcset=\"https:\/\/fmp-components.com\/wp-content\/uploads\/2025\/01\/ep_stainless-steel-motor-6.webp 379w, https:\/\/fmp-components.com\/wp-content\/uploads\/2025\/01\/ep_stainless-steel-motor-6-300x200.webp 300w, https:\/\/fmp-components.com\/wp-content\/uploads\/2025\/01\/ep_stainless-steel-motor-6-18x12.webp 18w\" alt=\"silnik ze stali nierdzewnej\" width=\"379\" height=\"253\" title=\"\"><\/td>\n<td style=\"width: 22.6782%;\" align=\"right\" width=\"64\"><img loading=\"lazy\" decoding=\"async\" class=\"alignnone size-full wp-image-3510\" src=\"https:\/\/fmp-components.com\/wp-content\/uploads\/2025\/01\/ep_stainless-steel-motor-300x200-1.webp\" sizes=\"(max-width: 300px) 100vw, 300px\" srcset=\"https:\/\/fmp-components.com\/wp-content\/uploads\/2025\/01\/ep_stainless-steel-motor-300x200-1.webp 300w, https:\/\/fmp-components.com\/wp-content\/uploads\/2025\/01\/ep_stainless-steel-motor-300x200-1-18x12.webp 18w\" alt=\"silnik ze stali nierdzewnej\" width=\"300\" height=\"200\" title=\"\"><\/td>\n<\/tr>\n<tr>\n<td style=\"width: 25.8099%;\" align=\"right\" height=\"18\">Silnik z magnesami trwa\u0142ymi ze stali nierdzewnej<\/td>\n<td style=\"width: 26.134%;\" align=\"right\">Silnik ze stali nierdzewnej ch\u0142odzony wod\u0105<\/td>\n<td style=\"width: 25.162%;\" align=\"right\">Silnik elektryczny do przemys\u0142u spo\u017cywczego<\/td>\n<td style=\"width: 22.6782%;\" align=\"right\">Silnik ze stali nierdzewnej<\/td>\n<\/tr>\n<tr>\n<td style=\"width: 25.8099%;\" align=\"right\" height=\"18\"><img loading=\"lazy\" decoding=\"async\" class=\"alignnone size-full wp-image-3511\" src=\"https:\/\/fmp-components.com\/wp-content\/uploads\/2025\/01\/ep_stainless-steel-motor-4.webp\" sizes=\"(max-width: 379px) 100vw, 379px\" srcset=\"https:\/\/fmp-components.com\/wp-content\/uploads\/2025\/01\/ep_stainless-steel-motor-4.webp 379w, https:\/\/fmp-components.com\/wp-content\/uploads\/2025\/01\/ep_stainless-steel-motor-4-300x200.webp 300w, https:\/\/fmp-components.com\/wp-content\/uploads\/2025\/01\/ep_stainless-steel-motor-4-18x12.webp 18w\" alt=\"silnik ze stali nierdzewnej\" width=\"379\" height=\"253\" title=\"\"><\/td>\n<td style=\"width: 26.134%;\" align=\"right\"><img loading=\"lazy\" decoding=\"async\" class=\"alignnone size-full wp-image-3512\" src=\"https:\/\/fmp-components.com\/wp-content\/uploads\/2025\/01\/ep_stainless-steel-motor-3.webp\" sizes=\"(max-width: 379px) 100vw, 379px\" srcset=\"https:\/\/fmp-components.com\/wp-content\/uploads\/2025\/01\/ep_stainless-steel-motor-3.webp 379w, https:\/\/fmp-components.com\/wp-content\/uploads\/2025\/01\/ep_stainless-steel-motor-3-300x200.webp 300w, https:\/\/fmp-components.com\/wp-content\/uploads\/2025\/01\/ep_stainless-steel-motor-3-18x12.webp 18w\" alt=\"silnik ze stali nierdzewnej\" width=\"379\" height=\"253\" title=\"\"><\/td>\n<td style=\"width: 25.162%;\" align=\"right\"><img loading=\"lazy\" decoding=\"async\" class=\"alignnone size-full wp-image-3513\" src=\"https:\/\/fmp-components.com\/wp-content\/uploads\/2025\/01\/ep_stainless-steel-motor-5.webp\" sizes=\"(max-width: 379px) 100vw, 379px\" srcset=\"https:\/\/fmp-components.com\/wp-content\/uploads\/2025\/01\/ep_stainless-steel-motor-5.webp 379w, https:\/\/fmp-components.com\/wp-content\/uploads\/2025\/01\/ep_stainless-steel-motor-5-300x200.webp 300w, https:\/\/fmp-components.com\/wp-content\/uploads\/2025\/01\/ep_stainless-steel-motor-5-18x12.webp 18w\" alt=\"silnik ze stali nierdzewnej\" width=\"379\" height=\"253\" title=\"\"><\/td>\n<td style=\"width: 22.6782%;\" align=\"right\"><img loading=\"lazy\" decoding=\"async\" class=\"alignnone wp-image-3514\" src=\"https:\/\/fmp-components.com\/wp-content\/uploads\/2025\/01\/ep_stainless-steel-motor-6-1.webp\" sizes=\"(max-width: 379px) 100vw, 379px\" srcset=\"https:\/\/fmp-components.com\/wp-content\/uploads\/2025\/01\/ep_stainless-steel-motor-6-1.webp 379w, https:\/\/fmp-components.com\/wp-content\/uploads\/2025\/01\/ep_stainless-steel-motor-6-1-300x200.webp 300w, https:\/\/fmp-components.com\/wp-content\/uploads\/2025\/01\/ep_stainless-steel-motor-6-1-18x12.webp 18w\" alt=\"silnik ze stali nierdzewnej\" width=\"220\" height=\"147\" title=\"\"><\/td>\n<\/tr>\n<tr>\n<td style=\"width: 25.8099%;\" align=\"right\" height=\"18\">Silnik pr\u0105du przemiennego do maszyn spo\u017cywczych emulgowanych IEC<\/td>\n<td style=\"width: 26.134%;\" align=\"right\">Silnik asynchroniczny NEMA 56C<\/td>\n<td style=\"width: 25.162%;\" align=\"right\">Silnik pr\u0105du przemiennego ze stali nierdzewnej IEC<\/td>\n<td style=\"width: 22.6782%;\">Silnik IEC w ca\u0142o\u015bci wykonany ze stali nierdzewnej o wysokiej wydajno\u015bci<\/td>\n<\/tr>\n<tr>\n<td style=\"width: 25.8099%;\" align=\"right\" width=\"64\" height=\"18\"><img loading=\"lazy\" decoding=\"async\" class=\"alignnone size-full wp-image-3515\" src=\"https:\/\/fmp-components.com\/wp-content\/uploads\/2025\/01\/ep_stainless-steel-motor-2.webp\" sizes=\"(max-width: 379px) 100vw, 379px\" srcset=\"https:\/\/fmp-components.com\/wp-content\/uploads\/2025\/01\/ep_stainless-steel-motor-2.webp 379w, https:\/\/fmp-components.com\/wp-content\/uploads\/2025\/01\/ep_stainless-steel-motor-2-300x200.webp 300w, https:\/\/fmp-components.com\/wp-content\/uploads\/2025\/01\/ep_stainless-steel-motor-2-18x12.webp 18w\" alt=\"silnik ze stali nierdzewnej\" width=\"379\" height=\"253\" title=\"\"><\/td>\n<td style=\"width: 26.134%;\" align=\"right\" width=\"64\"><img loading=\"lazy\" decoding=\"async\" class=\"alignnone size-full wp-image-3516\" src=\"https:\/\/fmp-components.com\/wp-content\/uploads\/2025\/01\/ep_stainless-steel-motor-8.webp\" sizes=\"(max-width: 379px) 100vw, 379px\" srcset=\"https:\/\/fmp-components.com\/wp-content\/uploads\/2025\/01\/ep_stainless-steel-motor-8.webp 379w, https:\/\/fmp-components.com\/wp-content\/uploads\/2025\/01\/ep_stainless-steel-motor-8-300x200.webp 300w, https:\/\/fmp-components.com\/wp-content\/uploads\/2025\/01\/ep_stainless-steel-motor-8-18x12.webp 18w\" alt=\"silnik ze stali nierdzewnej\" width=\"379\" height=\"253\" title=\"\"><\/td>\n<td style=\"width: 25.162%;\" align=\"right\" width=\"64\"><img loading=\"lazy\" decoding=\"async\" class=\"alignnone size-full wp-image-3517\" src=\"https:\/\/fmp-components.com\/wp-content\/uploads\/2025\/01\/ep_stainless-steel-motor-7.webp\" sizes=\"(max-width: 379px) 100vw, 379px\" srcset=\"https:\/\/fmp-components.com\/wp-content\/uploads\/2025\/01\/ep_stainless-steel-motor-7.webp 379w, https:\/\/fmp-components.com\/wp-content\/uploads\/2025\/01\/ep_stainless-steel-motor-7-300x200.webp 300w, https:\/\/fmp-components.com\/wp-content\/uploads\/2025\/01\/ep_stainless-steel-motor-7-18x12.webp 18w\" alt=\"silnik ze stali nierdzewnej\" width=\"379\" height=\"253\" title=\"\"><\/td>\n<td style=\"width: 22.6782%;\" align=\"right\" width=\"64\"><\/td>\n<\/tr>\n<tr>\n<td style=\"width: 25.8099%;\" align=\"right\" height=\"18\">Silnik do urz\u0105dzenia do depilacji kurczak\u00f3w i kaczek<\/td>\n<td style=\"width: 26.134%;\" align=\"right\">Silnik ze stali nierdzewnej NEMA do kontaktu z \u017cywno\u015bci\u0105<\/td>\n<td style=\"width: 25.162%;\" align=\"right\">Silnik ze stali nierdzewnej IEC dopuszczony do kontaktu z \u017cywno\u015bci\u0105<\/td>\n<td style=\"width: 22.6782%;\" align=\"right\"><\/td>\n<\/tr>\n<\/tbody>\n<\/table>\n<h2>O FMP<\/h2>\n<p>FMP to wiod\u0105ce przedsi\u0119biorstwo high-tech specjalizuj\u0105ce si\u0119 w projektowaniu, rozwoju i produkcji zaawansowanych silnik\u00f3w i rozwi\u0105za\u0144 elektromechanicznych. Nasze portfolio produkt\u00f3w obejmuje silniki serii YE2, YE3 i YE4, a tak\u017ce szerok\u0105 gam\u0119 produkt\u00f3w pochodnych. Oferujemy r\u00f3wnie\u017c specjalistyczne silniki do pomp hydraulicznych, w tym silniki tr\u00f3jfazowe i jednofazowe, silniki w obudowie aluminiowej, silniki niestandardowe, reduktory turbinowe z integracj\u0105 elektromechaniczn\u0105 oraz inne niestandardowe rozwi\u0105zania silnikowe.<\/p>\n<p>Nasze produkty s\u0105 szeroko stosowane w r\u00f3\u017cnych bran\u017cach, w tym w automatyce przemys\u0142owej, obr\u00f3bce CNC, obuwnictwie, obr\u00f3bce drewna, obr\u00f3bce metali, tworzywach sztucznych oraz maszynach budowlanych. Zaanga\u017cowanie FMP w innowacyjno\u015b\u0107 i jako\u015b\u0107 gwarantuje, \u017ce wszystkie produkty spe\u0142niaj\u0105 najwy\u017csze standardy wydajno\u015bci i niezawodno\u015bci.<\/p>\n<p>Poza nasz\u0105 standardow\u0105 ofert\u0105, z dum\u0105 oferujemy rozwi\u0105zania projektowane na zam\u00f3wienie, dopasowane do unikalnych potrzeb naszych klient\u00f3w. Niezale\u017cnie od tego, czy potrzebujesz specjalistycznych silnik\u00f3w, produkt\u00f3w niestandardowych, czy w pe\u0142ni zintegrowanych system\u00f3w, FMP \u015bci\u015ble wsp\u00f3\u0142pracuje z klientami, aby dostarcza\u0107 precyzyjne, wysokiej jako\u015bci rozwi\u0105zania. Nacisk na precyzj\u0119 wykonania i zadowolenie klienta nap\u0119dza nasz ci\u0105g\u0142y rozw\u00f3j i sukces na rynkach globalnych.<\/p>\n<p>W FMP koncentrujemy si\u0119 na budowaniu d\u0142ugoterminowych, korzystnych dla obu stron partnerstw. Zale\u017cy nam na wspieraniu sukcesu naszych klient\u00f3w, dbaj\u0105c o to, aby ka\u017cdy projekt przynosi\u0142 znakomite rezultaty i wzmacnia\u0142 nasz\u0105 globaln\u0105 obecno\u015b\u0107.<\/p>\n<table style=\"width: 100.629%;\" border=\"0\" width=\"128\" cellspacing=\"0\" cellpadding=\"0\">\n<tbody>\n<tr>\n<td style=\"width: 49.2308%;\" align=\"right\" width=\"64\" height=\"18\"><img loading=\"lazy\" decoding=\"async\" class=\"alignnone size-full wp-image-3398\" src=\"https:\/\/fmp-components.com\/wp-content\/uploads\/2025\/01\/Three-Phase-Motor-Factory.webp\" sizes=\"(min-width: 0px) and (max-width: 480px) 480px, (min-width: 481px) 900px, 100vw\" srcset=\"https:\/\/fmp-components.com\/wp-content\/uploads\/2025\/01\/Three-Phase-Motor-Factory.webp 900w, https:\/\/fmp-components.com\/wp-content\/uploads\/2025\/01\/Three-Phase-Motor-Factory-480x320.webp 480w\" alt=\"Fabryka silnik\u00f3w tr\u00f3jfazowych\" width=\"900\" height=\"600\" title=\"\"><\/td>\n<td style=\"width: 659.231%;\" align=\"right\" width=\"64\"><img loading=\"lazy\" decoding=\"async\" class=\"alignnone size-full wp-image-3399\" src=\"https:\/\/fmp-components.com\/wp-content\/uploads\/2025\/01\/Three-Phase-Motor-Factory-2.webp\" sizes=\"(min-width: 0px) and (max-width: 480px) 480px, (min-width: 481px) 900px, 100vw\" srcset=\"https:\/\/fmp-components.com\/wp-content\/uploads\/2025\/01\/Three-Phase-Motor-Factory-2.webp 900w, https:\/\/fmp-components.com\/wp-content\/uploads\/2025\/01\/Three-Phase-Motor-Factory-2-480x320.webp 480w\" alt=\"Fabryka silnik\u00f3w tr\u00f3jfazowych 2\" width=\"900\" height=\"600\" title=\"\"><\/td>\n<\/tr>\n<tr>\n<td style=\"width: 49.2308%;\" align=\"right\" height=\"18\"><img loading=\"lazy\" decoding=\"async\" class=\"alignnone size-full wp-image-3400\" src=\"https:\/\/fmp-components.com\/wp-content\/uploads\/2025\/01\/China-Three-Phase-Motor-Factory-1.webp\" sizes=\"(min-width: 0px) and (max-width: 480px) 480px, (min-width: 481px) 900px, 100vw\" srcset=\"https:\/\/fmp-components.com\/wp-content\/uploads\/2025\/01\/China-Three-Phase-Motor-Factory-1.webp 900w, https:\/\/fmp-components.com\/wp-content\/uploads\/2025\/01\/China-Three-Phase-Motor-Factory-1-480x320.webp 480w\" alt=\"Fabryka silnik\u00f3w tr\u00f3jfazowych 1\" width=\"900\" height=\"600\" title=\"\"><\/td>\n<td style=\"width: 659.231%;\" align=\"right\"><img loading=\"lazy\" decoding=\"async\" class=\"alignnone size-full wp-image-3401\" src=\"https:\/\/fmp-components.com\/wp-content\/uploads\/2025\/01\/Three-Phase-Motor-Factory-3.webp\" sizes=\"(min-width: 0px) and (max-width: 480px) 480px, (min-width: 481px) 900px, 100vw\" srcset=\"https:\/\/fmp-components.com\/wp-content\/uploads\/2025\/01\/Three-Phase-Motor-Factory-3.webp 900w, https:\/\/fmp-components.com\/wp-content\/uploads\/2025\/01\/Three-Phase-Motor-Factory-3-480x320.webp 480w\" alt=\"Fabryka silnik\u00f3w tr\u00f3jfazowych 3\" width=\"900\" height=\"600\" title=\"\"><\/td>\n<\/tr>\n<tr>\n<td style=\"width: 49.2308%;\"><img loading=\"lazy\" decoding=\"async\" class=\"alignnone size-full wp-image-3471\" src=\"https:\/\/fmp-components.com\/wp-content\/uploads\/2025\/01\/Single-Phase-Induction-Motor-Suppliers.webp\" sizes=\"(min-width: 0px) and (max-width: 480px) 480px, (min-width: 481px) 900px, 100vw\" srcset=\"https:\/\/fmp-components.com\/wp-content\/uploads\/2025\/01\/Single-Phase-Induction-Motor-Suppliers.webp 900w, https:\/\/fmp-components.com\/wp-content\/uploads\/2025\/01\/Single-Phase-Induction-Motor-Suppliers-480x320.webp 480w\" alt=\"Dostawcy silnik\u00f3w indukcyjnych jednofazowych\" width=\"900\" height=\"600\" title=\"\"><\/td>\n<td style=\"width: 659.231%;\"><img loading=\"lazy\" decoding=\"async\" class=\"alignnone size-full wp-image-3470\" src=\"https:\/\/fmp-components.com\/wp-content\/uploads\/2025\/01\/Single-Phase-Induction-Motor-Manufacturers-1.webp\" sizes=\"(min-width: 0px) and (max-width: 480px) 480px, (min-width: 481px) 900px, 100vw\" srcset=\"https:\/\/fmp-components.com\/wp-content\/uploads\/2025\/01\/Single-Phase-Induction-Motor-Manufacturers-1.webp 900w, https:\/\/fmp-components.com\/wp-content\/uploads\/2025\/01\/Single-Phase-Induction-Motor-Manufacturers-1-480x320.webp 480w\" alt=\"Producenci silnik\u00f3w indukcyjnych jednofazowych 1\" width=\"900\" height=\"600\" title=\"\"><\/td>\n<\/tr>\n<tr>\n<td style=\"width: 49.2308%;\"><img loading=\"lazy\" decoding=\"async\" class=\"alignnone size-full wp-image-3472\" src=\"https:\/\/fmp-components.com\/wp-content\/uploads\/2025\/01\/Single-Phase-Induction-Motor-Manufacturers.webp\" sizes=\"(min-width: 0px) and (max-width: 480px) 480px, (min-width: 481px) 900px, 100vw\" srcset=\"https:\/\/fmp-components.com\/wp-content\/uploads\/2025\/01\/Single-Phase-Induction-Motor-Manufacturers.webp 900w, https:\/\/fmp-components.com\/wp-content\/uploads\/2025\/01\/Single-Phase-Induction-Motor-Manufacturers-480x320.webp 480w\" alt=\"Producenci silnik\u00f3w indukcyjnych jednofazowych\" width=\"900\" height=\"600\" title=\"\"><\/td>\n<td style=\"width: 659.231%;\"><img loading=\"lazy\" decoding=\"async\" class=\"alignnone size-full wp-image-3473\" src=\"https:\/\/fmp-components.com\/wp-content\/uploads\/2025\/01\/Single-Phase-Induction-Motor-for-Sale.webp\" sizes=\"(min-width: 0px) and (max-width: 480px) 480px, (min-width: 481px) 900px, 100vw\" srcset=\"https:\/\/fmp-components.com\/wp-content\/uploads\/2025\/01\/Single-Phase-Induction-Motor-for-Sale.webp 900w, https:\/\/fmp-components.com\/wp-content\/uploads\/2025\/01\/Single-Phase-Induction-Motor-for-Sale-480x320.webp 480w\" alt=\"Silnik indukcyjny jednofazowy na sprzeda\u017c\" width=\"900\" height=\"600\" title=\"\"><\/td>\n<\/tr>\n<\/tbody>\n<\/table>\n<p>Autor: CX<\/p>","protected":false},"excerpt":{"rendered":"<p>Frame Type Flange type Poles D E F G M N P R S T Flange Hole Shaft Hole AC AD 63 FT75 2,4 11 23 4 8.5 75 60 90 0 M5 2.5 4 M4 114 117 71 FT85 2.4.6 14 30 5 11 85 70 105 0 M6 2.5 4 M5 134 129 [&hellip;]<\/p>","protected":false},"featured_media":3557,"comment_status":"open","ping_status":"closed","template":"","meta":{"_et_pb_use_builder":"","_et_pb_old_content":"","_et_gb_content_width":""},"product_brand":[],"product_cat":[88],"product_tag":[],"class_list":{"0":"post-3554","1":"product","2":"type-product","3":"status-publish","4":"has-post-thumbnail","6":"product_cat-stainless-steel-motors","8":"first","9":"instock","10":"shipping-taxable","11":"product-type-simple"},"_links":{"self":[{"href":"https:\/\/fmp-components.com\/pl\/wp-json\/wp\/v2\/product\/3554","targetHints":{"allow":["GET"]}}],"collection":[{"href":"https:\/\/fmp-components.com\/pl\/wp-json\/wp\/v2\/product"}],"about":[{"href":"https:\/\/fmp-components.com\/pl\/wp-json\/wp\/v2\/types\/product"}],"replies":[{"embeddable":true,"href":"https:\/\/fmp-components.com\/pl\/wp-json\/wp\/v2\/comments?post=3554"}],"wp:featuredmedia":[{"embeddable":true,"href":"https:\/\/fmp-components.com\/pl\/wp-json\/wp\/v2\/media\/3557"}],"wp:attachment":[{"href":"https:\/\/fmp-components.com\/pl\/wp-json\/wp\/v2\/media?parent=3554"}],"wp:term":[{"taxonomy":"product_brand","embeddable":true,"href":"https:\/\/fmp-components.com\/pl\/wp-json\/wp\/v2\/product_brand?post=3554"},{"taxonomy":"product_cat","embeddable":true,"href":"https:\/\/fmp-components.com\/pl\/wp-json\/wp\/v2\/product_cat?post=3554"},{"taxonomy":"product_tag","embeddable":true,"href":"https:\/\/fmp-components.com\/pl\/wp-json\/wp\/v2\/product_tag?post=3554"}],"curies":[{"name":"wp","href":"https:\/\/api.w.org\/{rel}","templated":true}]}}