{"id":355,"date":"2024-12-09T08:16:31","date_gmt":"2024-12-09T08:16:31","guid":{"rendered":"https:\/\/fmp-components.com\/?page_id=8"},"modified":"2024-12-09T08:21:04","modified_gmt":"2024-12-09T08:21:04","slug":"boom-aerial-work-vehicle-upper-arm-hydraulic-cylinder","status":"publish","type":"product","link":"https:\/\/fmp-components.com\/pl\/product\/boom-aerial-work-vehicle-upper-arm-hydraulic-cylinder\/","title":{"rendered":"Si\u0142ownik hydrauliczny g\u00f3rnego ramienia podno\u015bnika koszowego"},"content":{"rendered":"<p style=\"text-align: center;\"><span style=\"font-size: 18pt;\">Si\u0142ownik hydrauliczny g\u00f3rnego ramienia podno\u015bnika koszowego<\/span><\/p>\n<p>Si\u0142ownik hydrauliczny g\u00f3rnego ramienia wysi\u0119gnika podno\u015bnika koszowego to niezb\u0119dny element zaprojektowany z my\u015bl\u0105 o optymalnej wydajno\u015bci podno\u015bnik\u00f3w koszowych. Zaprojektowany z my\u015bl\u0105 o zapewnieniu du\u017cej si\u0142y ud\u017awigu, ten si\u0142ownik hydrauliczny podtrzymuje g\u00f3rne rami\u0119 wysi\u0119gnika, umo\u017cliwiaj\u0105c precyzyjne manewrowanie w pionie i poziomie w r\u00f3\u017cnorodnych zastosowaniach, w tym w pracach konserwacyjnych, budowlanych i inspekcyjnych.<\/p>\n<h4>G\u0142\u00f3wne cechy:<\/h4>\n<ul>\n<li>Konstrukcja o wysokiej wytrzyma\u0142o\u015bci: Cylinder wykonany z trwa\u0142ych materia\u0142\u00f3w jest przystosowany do du\u017cych obci\u0105\u017ce\u0144 i trudnych warunk\u00f3w pracy, co zapewnia trwa\u0142o\u015b\u0107 i niezawodno\u015b\u0107.<\/li>\n<li>P\u0142ynna praca uk\u0142adu hydraulicznego: Zaawansowany uk\u0142ad hydrauliczny umo\u017cliwia p\u0142ynny ruch, umo\u017cliwiaj\u0105c operatorom \u0142atw\u0105 i precyzyjn\u0105 kontrol\u0119 po\u0142o\u017cenia wysi\u0119gnika.<\/li>\n<li>Mechanizmy bezpiecze\u0144stwa: Wyposa\u017cone w funkcje bezpiecze\u0144stwa zapobiegaj\u0105ce nadmiernemu rozci\u0105gni\u0119ciu i zapewniaj\u0105ce stabilno\u015b\u0107 podczas pracy, co zwi\u0119ksza og\u00f3lne bezpiecze\u0144stwo operator\u00f3w i personelu naziemnego.<\/li>\n<li>Wszechstronne zastosowania: Idealne dla r\u00f3\u017cnych bran\u017c, takich jak budownictwo, konserwacja i us\u0142ugi komunalne, dzi\u0119ki czemu nadaje si\u0119 do zada\u0144 wymagaj\u0105cych wysoko\u015bci i dost\u0119pno\u015bci.<\/li>\n<li>\u0141atwa instalacja: Zaprojektowane z my\u015bl\u0105 o prostej integracji z istniej\u0105cymi systemami podno\u015bnik\u00f3w wysi\u0119gnikowych, co minimalizuje przestoje i u\u0142atwia szybkie wdro\u017cenie.<\/li>\n<\/ul>\n<h4>Korzy\u015bci:<\/h4>\n<ul>\n<li>Zwi\u0119kszona produktywno\u015b\u0107: Wydajne mo\u017cliwo\u015bci podnoszenia i pozycjonowania pozwalaj\u0105 na szybsz\u0105 realizacj\u0119 zada\u0144 na wysoko\u015bci, co usprawnia og\u00f3lny przep\u0142yw pracy.<\/li>\n<li>Komfort operatora: Dzi\u0119ki intuicyjnemu sterowaniu i niezawodnej wydajno\u015bci operatorzy mog\u0105 pewnie pracowa\u0107 na wysoko\u015bciach, zmniejszaj\u0105c zm\u0119czenie i zwi\u0119kszaj\u0105c satysfakcj\u0119 z pracy.<\/li>\n<li>Rozwi\u0105zanie ekonomiczne: Trwa\u0142o\u015b\u0107 i wydajno\u015b\u0107 si\u0142ownika hydraulicznego redukuj\u0105 koszty konserwacji i przestoje, zapewniaj\u0105c niezawodn\u0105 inwestycj\u0119 w ka\u017cd\u0105 flot\u0119 pojazd\u00f3w do prac podno\u015bnych.<\/li>\n<\/ul>\n<p>Si\u0142ownik hydrauliczny g\u00f3rnego ramienia podno\u015bnika koszowego to istotny element zwi\u0119kszaj\u0105cy funkcjonalno\u015b\u0107, bezpiecze\u0144stwo i wydajno\u015b\u0107 podno\u015bnik\u00f3w koszowych, dzi\u0119ki czemu stanowi\u0105 one niezast\u0105pione narz\u0119dzie w nowoczesnych pracach budowlanych i konserwacyjnych.<\/p>\n<p><img loading=\"lazy\" decoding=\"async\" class=\"size-full wp-image-356 aligncenter\" src=\"https:\/\/fmp-components.com\/wp-content\/uploads\/2024\/12\/Boom-Aerial-Work-Vehicle-Upper-Arm-Hydraulic-Cylinder.webp\" alt=\"Si\u0142ownik hydrauliczny g\u00f3rnego ramienia podno\u015bnika koszowego\" width=\"500\" height=\"500\" title=\"\" srcset=\"https:\/\/fmp-components.com\/wp-content\/uploads\/2024\/12\/Boom-Aerial-Work-Vehicle-Upper-Arm-Hydraulic-Cylinder.webp 500w, https:\/\/fmp-components.com\/wp-content\/uploads\/2024\/12\/Boom-Aerial-Work-Vehicle-Upper-Arm-Hydraulic-Cylinder-480x480.webp 480w\" sizes=\"(min-width: 0px) and (max-width: 480px) 480px, (min-width: 481px) 500px, 100vw\" \/><\/p>\n<h2>Wymiary g\u00f3rnego ramienia cylindra hydraulicznego podno\u015bnika koszowego:<\/h2>\n<table>\n<tbody>\n<tr>\n<td><img loading=\"lazy\" decoding=\"async\" class=\"size-large wp-image-316684 aligncenter\" src=\"https:\/\/hzpt.com\/wp-content\/uploads\/2023\/08\/Boom-Aerial-Work-Vehicle-Upper-Arm-Hydraulic-Cylinder-Dimensions-1-1024x379.webp\" sizes=\"(min-width: 0px) and (max-width: 480px) 480px, (min-width: 481px) and (max-width: 980px) 980px, (min-width: 981px) 1024px, 100vw\" srcset=\"https:\/\/images.hzpt.com\/2023\/08\/4xWURgNT-Boom-Aerial-Work-Vehicle-Upper-Arm-Hydraulic-Cylinder-Dimensions-1-980x363.webp 980w, https:\/\/images.hzpt.com\/2023\/08\/4xWURgNT-Boom-Aerial-Work-Vehicle-Upper-Arm-Hydraulic-Cylinder-Dimensions-1-480x178.webp 480w\" alt=\"Wymiary g\u00f3rnego ramienia cylindra hydraulicznego pojazdu roboczego z wysi\u0119gnikiem\" width=\"1024\" height=\"379\" title=\"\"><\/td>\n<td><img loading=\"lazy\" decoding=\"async\" class=\"size-large wp-image-316685 aligncenter\" src=\"https:\/\/hzpt.com\/wp-content\/uploads\/2023\/08\/Boom-Aerial-Work-Vehicle-Upper-Arm-Hydraulic-Cylinder-Dimensions-2-1024x379.webp\" sizes=\"(min-width: 0px) and (max-width: 480px) 480px, (min-width: 481px) and (max-width: 980px) 980px, (min-width: 981px) 1024px, 100vw\" srcset=\"https:\/\/images.hzpt.com\/2023\/08\/WaGgW14R-Boom-Aerial-Work-Vehicle-Upper-Arm-Hydraulic-Cylinder-Dimensions-2-980x363.webp 980w, https:\/\/images.hzpt.com\/2023\/08\/WaGgW14R-Boom-Aerial-Work-Vehicle-Upper-Arm-Hydraulic-Cylinder-Dimensions-2-480x178.webp 480w\" alt=\"Wymiary g\u00f3rnego ramienia cylindra hydraulicznego pojazdu roboczego z wysi\u0119gnikiem\" width=\"1024\" height=\"379\" title=\"\"><\/td>\n<\/tr>\n<\/tbody>\n<\/table>\n<table border=\"1\" cellspacing=\"0\" cellpadding=\"0\">\n<tbody>\n<tr>\n<td width=\"246\">Nazwa cylindra<\/td>\n<td width=\"336\">Numer rysunku<\/td>\n<td width=\"126\">\u015arednica otworu (D)<\/td>\n<td width=\"123\">\u015arednica pr\u0119ta (d)<\/td>\n<td width=\"114\">Udar (S)<\/td>\n<td width=\"170\">Odleg\u0142o\u015b\u0107 instalacji (L)<\/td>\n<td width=\"172\">Ci\u015bnienie robocze<\/td>\n<td width=\"366\">Wymiary interfejsu (M)<\/td>\n<td width=\"96\">Waga<\/td>\n<\/tr>\n<tr>\n<td class=\"et3\" width=\"246\" height=\"190\">Cylinder g\u00f3rnego ramienia<\/td>\n<td class=\"et4\" width=\"336\">GTHZ210C-620500-000<\/td>\n<td class=\"et4\" width=\"126\">\u03a6110<\/td>\n<td class=\"et4\" width=\"123\">\u03a675<\/td>\n<td class=\"et4\" width=\"114\">815<\/td>\n<td class=\"et4\" width=\"170\">1433<\/td>\n<td class=\"et4\" width=\"172\">23 MPa<\/td>\n<td class=\"et4\" width=\"366\">2-\u03a69<\/td>\n<td class=\"et4\" width=\"96\">100 kg<\/td>\n<\/tr>\n<\/tbody>\n<\/table>\n<h2>Dost\u0119pne marki i modele cylindr\u00f3w hydraulicznych:<\/h2>\n<table border=\"1\" cellspacing=\"0\" cellpadding=\"0\">\n<tbody>\n<tr>\n<td><b data-spm-anchor-id=\"a2700.details.0.i43.45d84a73e99C9z\">KOMATSU (PC)<\/b><\/td>\n<td>PC30, PC40, PC50, PC56, PC60, PC78, PC100, PC110, PC120, PC130, PC160, PC200-3\/5\/6\/7\/8\/8MO, PC210, PC220-5\/6\/7\/8\/8MO, PC240, PC300\/350\/360-5\/6\/7\/8\/8MO, PC400\/450-5\/6\/7\/8\/8MO, PC800, PC850<\/td>\n<\/tr>\n<tr>\n<td><b>G\u0104SIENICA (E)<\/b><\/td>\n<td>E301.5, E302, E305.5, E306, E307V1\/V2\/B\/C\/D\/E\/F, E308B\/C, E120B, E312V1\/V2\/B\/C\/D, E313D2, E312D2, E315D,<br \/>\nE200B,E320V1\/V2\/A\/B\/C\/D,E324D,E325C\/D,E329D,E330\/336C\/D,E345C,E349D,E365C,E374,E390<\/td>\n<\/tr>\n<tr>\n<td><b>KOBELCO (SK)<\/b><\/td>\n<td>SK60-3\/5\/8, SK75-8\/SR, SK100, SK120-3\/5, SK135-8\/SR, SK140-8, SK200-3\/5\/6\/6E, SK210-3\/5\/6\/6E,<br \/>\nSK230\/250-6E, SK250-8, SK260-8, SK350-8\/S8, SK460\/480-8<\/td>\n<\/tr>\n<tr>\n<td><b>HYUNDAI (z prawej)<\/b><\/td>\n<td>R55-5\/7, R60-5\/7, R80, R110, R130, R200-5, R210-5, R215-5\/7, R220-5\/7\/9, R225-5\/7\/9, R250, R260, R265, R290, R305, R445, R485, R505<\/td>\n<\/tr>\n<tr>\n<td><b data-spm-anchor-id=\"a2700.details.0.i53.45d84a73e99C9z\">HITACHI (EX.ZX)<\/b><\/td>\n<td>EX60, EX100-1\/2\/3, EX120-1\/3\/5\/6, EX200-1\/3\/5, EX230-5, EX300-1, EX400<br \/>\nZAX60, ZAX70, ZA120-6, ZAX200\/210-1\/3\/5\/5K, ZAX240, ZAX250, ZAX260, ZAX330-3\/5\/6, ZAX450\/470, ZAX650\/670, ZAX850\/870<\/td>\n<\/tr>\n<tr>\n<td>\n<div class=\"magic-32\"><b data-spm-anchor-id=\"a2700.details.0.i55.45d84a73e99C9z\">DOOSAN (DH\/DX)<\/b><\/div>\n<\/td>\n<td>\n<div class=\"magic-33\"><span class=\"magic-34\">DH55, DH60, DH80, DH150, DH215-5\/7, DH220-5, DH225-5\/7, DH258, DH300-5\/7, DH370, DH420, DH500<br \/>\nDX55, DX60, DX75, DX130, DX225-9, DX300, DX380, DX420, DX500<\/span><\/div>\n<\/td>\n<\/tr>\n<tr>\n<td>\n<div class=\"magic-32\"><b>VOLVO (WE)<\/b><\/div>\n<\/td>\n<td>\n<div class=\"magic-33\"><span class=\"magic-34\">EC55, EC60, EC75, EC80, EC140, EC210B\/D, EC220D, EC240, EC250, EC290, EC300, EC360 EC380, EC460, EC480, EC700, EC750, EC950<\/span><\/div>\n<\/td>\n<\/tr>\n<tr>\n<td>\n<div class=\"magic-32\"><b>KATO (HD)<\/b><\/div>\n<\/td>\n<td>\n<div class=\"magic-33\"><span class=\"magic-34\">HD307\/308,HD450,HD512,HD700-5\/7,HD820-1\/2\/3\/5\/R,HD1023-1\/3,HD1430-1\/3<\/span><\/div>\n<\/td>\n<\/tr>\n<tr>\n<td>\n<div class=\"magic-32\"><b>INNE MARKI<\/b><\/div>\n<\/td>\n<td>\n<div class=\"magic-33\"><span class=\"magic-34\">XCMG, LIUGONG, KUBOTA, CASE, YANMAR, SUNWARD, ZOOMLION, LISHIDE, LIEHERR<\/span><\/div>\n<\/td>\n<\/tr>\n<\/tbody>\n<\/table>\n<h3>Zastosowanie si\u0142ownika hydraulicznego ramienia g\u00f3rnego w podno\u015bniku koszowym<\/h3>\n<p>Si\u0142ownik hydrauliczny g\u00f3rnego ramienia podno\u015bnika koszowego to kluczowy element wykorzystywany w wielu zastosowaniach w wielu bran\u017cach. Jego g\u0142\u00f3wn\u0105 funkcj\u0105 jest zapewnienie niezb\u0119dnej si\u0142y ud\u017awigu i kontroli nad podno\u015bnikami koszowymi. Oto kilka kluczowych zastosowa\u0144:<\/p>\n<h3>1. Budowa<\/h3>\n<p>W projektach budowlanych ten si\u0142ownik hydrauliczny umo\u017cliwia pracownikom bezpieczny dost\u0119p do obszar\u00f3w po\u0142o\u017conych wy\u017cej. Jest powszechnie u\u017cywany do zada\u0144 takich jak:<\/p>\n<ul>\n<li>Monta\u017c element\u00f3w konstrukcyjnych<\/li>\n<li>Wykonywanie napraw dach\u00f3w<\/li>\n<li>Prowadzenie prac budowlanych na wysoko\u015bciach<\/li>\n<\/ul>\n<h3>2. Konserwacja i naprawa<\/h3>\n<p>Si\u0142ownik hydrauliczny ramienia g\u00f3rnego jest niezb\u0119dny do zada\u0144 konserwacyjnych zar\u00f3wno w zastosowaniach komercyjnych, jak i przemys\u0142owych. Umo\u017cliwia technikom:<\/p>\n<ul>\n<li>Przeprowadzanie rutynowych przegl\u0105d\u00f3w i napraw budynk\u00f3w i urz\u0105dze\u0144<\/li>\n<li>Wymie\u0144 \u017car\u00f3wki lub oprawy o\u015bwietleniowe w wysokich sufitach<\/li>\n<li>Serwis system\u00f3w HVAC zlokalizowanych na du\u017cych wysoko\u015bciach<\/li>\n<\/ul>\n<h3>3. Media i prace elektryczne<\/h3>\n<p>Przedsi\u0119biorstwa u\u017cyteczno\u015bci publicznej wykorzystuj\u0105 pojazdy podno\u015bnikowe wyposa\u017cone w te si\u0142owniki hydrauliczne do wykonywania krytycznych zada\u0144, w tym:<\/p>\n<ul>\n<li>Monta\u017c i konserwacja linii energetycznych i o\u015bwietlenia ulicznego<\/li>\n<li>Przycinanie drzew w pobli\u017cu linii energetycznych<\/li>\n<li>Naprawy awaryjne podczas przerw w dostawie pr\u0105du<\/li>\n<\/ul>\n<h3>4. Malowanie i wyka\u0144czanie<\/h3>\n<p>W bran\u017cy malarskiej ten si\u0142ownik hydrauliczny umo\u017cliwia efektywny dost\u0119p do wysokich \u015bcian i sufit\u00f3w, u\u0142atwiaj\u0105c:<\/p>\n<ul>\n<li>Malowanie zewn\u0119trzne i wewn\u0119trzne budynk\u00f3w<\/li>\n<li>Nak\u0142adanie wyko\u0144cze\u0144 na konstrukcje, do kt\u00f3rych w inny spos\u00f3b trudno dotrze\u0107<\/li>\n<\/ul>\n<h3>5. Produkcja filmowa i telewizyjna<\/h3>\n<p>W bran\u017cy rozrywkowej podno\u015bniki koszowe z hydraulicznymi si\u0142ownikami ramieniowymi s\u0105 wykorzystywane do:<\/p>\n<ul>\n<li>Filmowanie z podwy\u017cszonego k\u0105ta<\/li>\n<li>Przygotowanie o\u015bwietlenia i sprz\u0119tu do zdj\u0119\u0107 plenerowych<\/li>\n<\/ul>\n<h3>6. Konfiguracja wydarzenia<\/h3>\n<p>Podczas imprez masowych i koncert\u00f3w te si\u0142owniki hydrauliczne pomagaj\u0105 w:<\/p>\n<ul>\n<li>Monta\u017c scen i o\u015bwietlenia<\/li>\n<li>Monta\u017c baner\u00f3w i oznakowa\u0144 na wysoko\u015bciach<\/li>\n<\/ul>\n<h3>7. Magazynowanie i logistyka<\/h3>\n<p>W magazynach si\u0142ownik hydrauliczny pomaga w:<\/p>\n<ul>\n<li>Dost\u0119p do rega\u0142\u00f3w wysokiego sk\u0142adowania w celu zarz\u0105dzania zapasami<\/li>\n<li>U\u0142atwianie konserwacji system\u00f3w napowietrznych<\/li>\n<\/ul>\n<p>Si\u0142ownik hydrauliczny g\u00f3rnego ramienia podno\u015bnika koszowego jest wszechstronny i niezb\u0119dny w wielu zastosowaniach. Jego zdolno\u015b\u0107 do kontrolowanego i mocnego podnoszenia sprawia, \u017ce \u200b\u200bjest on niezb\u0119dny do zada\u0144 wymagaj\u0105cych wysoko\u015bci i dost\u0119pu, zwi\u0119kszaj\u0105c bezpiecze\u0144stwo i wydajno\u015b\u0107 w r\u00f3\u017cnych bran\u017cach.<\/p>\n<table style=\"width: 99.9612%; height: 437px;\" width=\"290\">\n<tbody>\n<tr style=\"height: 437px;\">\n<td style=\"width: 51.7046%; height: 437px;\" width=\"226\"><img loading=\"lazy\" decoding=\"async\" class=\"alignnone wp-image-357\" src=\"https:\/\/fmp-components.com\/wp-content\/uploads\/2024\/12\/Boom-Aerial-Work-Vehicle-Upper-Arm-Hydraulic-Cylinder-Uses-1.webp\" alt=\"Wysi\u0119gnik-podno\u015bnik-pojazd-roboczy-g\u00f3rne-rami\u0119-si\u0142ownik-hydrauliczny-zastosowania\" width=\"430\" height=\"430\" title=\"\"><\/td>\n<td style=\"width: 98.3102%; height: 437px;\" width=\"64\"><img loading=\"lazy\" decoding=\"async\" class=\"alignnone wp-image-358\" src=\"https:\/\/fmp-components.com\/wp-content\/uploads\/2024\/12\/Boom-Aerial-Work-Vehicle-Upper-Arm-Hydraulic-Cylinder-Uses-2.webp\" alt=\"Wysi\u0119gnik-Podno\u015bnik-Pojazd-Roboczy-G\u00f3rny-Rami\u0119-Si\u0142ownik-Hydrauliczny-Wykorzystanie-2\" width=\"447\" height=\"447\" title=\"\"><\/td>\n<\/tr>\n<\/tbody>\n<\/table>\n<h2>O FMP<\/h2>\n<p>FMP to wyspecjalizowany producent si\u0142ownik\u00f3w hydraulicznych, znany z silnego nacisku na badania i doskona\u0142o\u015b\u0107 produkcji. Od pocz\u0105tku swojej dzia\u0142alno\u015bci firma koncentruje si\u0119 na ci\u0105g\u0142ym rozwoju technologii si\u0142ownik\u00f3w hydraulicznych. Pocz\u0105tkowo FMP produkowa\u0142a r\u00f3\u017cnorodn\u0105 gam\u0119 produkt\u00f3w do maszyn \u017cniwnych i budowlanych, jednak od tego czasu skoncentrowa\u0142a si\u0119 na komponentach do ci\u0105gnik\u00f3w rolniczych.<\/p>\n<p>Dzi\u0119ki ponad dziesi\u0119cioletniemu do\u015bwiadczeniu w produkcji, FMP \u0142\u0105czy bogate do\u015bwiadczenie w zarz\u0105dzaniu z zaawansowanymi technologiami produkcyjnymi, aby zapewni\u0107 najwy\u017csze standardy jako\u015bci swoich produkt\u00f3w. Firma stworzy\u0142a kompleksow\u0105 lini\u0119 produkcyjn\u0105 do obr\u00f3bki mechanicznej, lini\u0119 monta\u017cow\u0105 oraz lini\u0119 do powlekania, co pozwala jej na dostarczanie niezawodnych i wydajnych proces\u00f3w produkcyjnych.<\/p>\n<p>Rozw\u00f3j FMP jest wspierany przez dedykowany zesp\u00f3\u0142 sk\u0142adaj\u0105cy si\u0119 z do\u015bwiadczonej kadry zarz\u0105dzaj\u0105cej, wykwalifikowanych projektant\u00f3w mechaniki i wysoko wykwalifikowanych technik\u00f3w. To podej\u015bcie oparte na wsp\u00f3\u0142pracy zapewnia sta\u0142\u0105 jako\u015b\u0107 produkt\u00f3w i skutecznie zarz\u0105dza ci\u0105g\u0142o\u015bci\u0105 proces\u00f3w, zwi\u0119kszaj\u0105c og\u00f3ln\u0105 wydajno\u015b\u0107 produkcji.<\/p>\n<p>Podstaw\u0105 filozofii FMP s\u0105 warto\u015bci: \u201eInnowacje technologiczne nap\u0119dzaj\u0105 post\u0119p\u201d, \u201eJako\u015b\u0107 tworzy marki\u201d, \u201eRzemios\u0142o zapewniaj\u0105ce jako\u015b\u0107\u201d oraz \u201eBudowanie d\u0142ugoterminowych relacji korzystnych dla obu stron\u201d. Firma d\u0105\u017cy do dostarczania wysokiej jako\u015bci produkt\u00f3w i zapewniania wyj\u0105tkowej obs\u0142ugi klienta. FMP nieustannie d\u0105\u017cy do dostosowywania si\u0119 do zmieniaj\u0105cych si\u0119 potrzeb rynku, pozycjonuj\u0105c si\u0119 jako zaufany partner w bran\u017cy maszyn rolniczych. Dzi\u0119ki swojemu zaanga\u017cowaniu w innowacje i jako\u015b\u0107, FMP d\u0105\u017cy do znacz\u0105cego wk\u0142adu w rozw\u00f3j technologii hydraulicznej w sektorze rolniczym.<\/p>\n<p><img loading=\"lazy\" decoding=\"async\" class=\"alignnone wp-image-359\" src=\"https:\/\/fmp-components.com\/wp-content\/uploads\/2024\/12\/fmp-factory-3.webp\" alt=\"fabryka fmp\" width=\"914\" height=\"612\" title=\"\" srcset=\"https:\/\/fmp-components.com\/wp-content\/uploads\/2024\/12\/fmp-factory-3.webp 914w, https:\/\/fmp-components.com\/wp-content\/uploads\/2024\/12\/fmp-factory-3-480x321.webp 480w\" sizes=\"(min-width: 0px) and (max-width: 480px) 480px, (min-width: 481px) 914px, 100vw\" \/><\/p>\n<p>Autor: CX<\/p>","protected":false},"excerpt":{"rendered":"<p>Si\u0142ownik hydrauliczny g\u00f3rnego ramienia podno\u015bnika koszowego to kluczowy element zapewniaj\u0105cy niezb\u0119dn\u0105 si\u0142\u0119 ud\u017awigu i stabilno\u015b\u0107 podno\u015bnik\u00f3w koszowych. Zaprojektowany do podtrzymywania g\u00f3rnego ramienia wysi\u0119gnika, ten si\u0142ownik hydrauliczny umo\u017cliwia precyzyjne sterowanie i ruch, umo\u017cliwiaj\u0105c operatorom bezpieczny dost\u0119p do podniesionych obszar\u00f3w roboczych. Wykonany z materia\u0142\u00f3w o wysokiej wytrzyma\u0142o\u015bci, gwarantuje trwa\u0142o\u015b\u0107 i niezawodno\u015b\u0107 nawet przy du\u017cych obci\u0105\u017ceniach i w trudnych warunkach pracy. Dzi\u0119ki p\u0142ynnej pracy uk\u0142adu hydraulicznego si\u0142ownik umo\u017cliwia sprawne ruchy pionowe i poziome, zwi\u0119kszaj\u0105c wydajno\u015b\u0107 i bezpiecze\u0144stwo podczas prac wysoko\u015bciowych, takich jak konserwacja, budowa i naprawy. Jego solidna konstrukcja i wysoka wydajno\u015b\u0107 sprawiaj\u0105, \u017ce jest on niezb\u0119dnym elementem ka\u017cdego podno\u015bnika koszowego.<\/p>","protected":false},"featured_media":356,"comment_status":"open","ping_status":"closed","template":"","meta":{"_et_pb_use_builder":"","_et_pb_old_content":"","_et_gb_content_width":""},"product_brand":[],"product_cat":[22],"product_tag":[],"class_list":{"0":"post-355","1":"product","2":"type-product","3":"status-publish","4":"has-post-thumbnail","6":"product_cat-aerial-work-vehicle-hydraulic-cylinders","8":"first","9":"instock","10":"shipping-taxable","11":"product-type-simple"},"_links":{"self":[{"href":"https:\/\/fmp-components.com\/pl\/wp-json\/wp\/v2\/product\/355","targetHints":{"allow":["GET"]}}],"collection":[{"href":"https:\/\/fmp-components.com\/pl\/wp-json\/wp\/v2\/product"}],"about":[{"href":"https:\/\/fmp-components.com\/pl\/wp-json\/wp\/v2\/types\/product"}],"replies":[{"embeddable":true,"href":"https:\/\/fmp-components.com\/pl\/wp-json\/wp\/v2\/comments?post=355"}],"wp:featuredmedia":[{"embeddable":true,"href":"https:\/\/fmp-components.com\/pl\/wp-json\/wp\/v2\/media\/356"}],"wp:attachment":[{"href":"https:\/\/fmp-components.com\/pl\/wp-json\/wp\/v2\/media?parent=355"}],"wp:term":[{"taxonomy":"product_brand","embeddable":true,"href":"https:\/\/fmp-components.com\/pl\/wp-json\/wp\/v2\/product_brand?post=355"},{"taxonomy":"product_cat","embeddable":true,"href":"https:\/\/fmp-components.com\/pl\/wp-json\/wp\/v2\/product_cat?post=355"},{"taxonomy":"product_tag","embeddable":true,"href":"https:\/\/fmp-components.com\/pl\/wp-json\/wp\/v2\/product_tag?post=355"}],"curies":[{"name":"wp","href":"https:\/\/api.w.org\/{rel}","templated":true}]}}