{"id":3548,"date":"2025-01-08T05:13:09","date_gmt":"2025-01-08T05:13:09","guid":{"rendered":"https:\/\/fmp-components.com\/?page_id=8"},"modified":"2025-01-08T05:13:10","modified_gmt":"2025-01-08T05:13:10","slug":"iec-motor-b5t-flange-mounted-stainless-steel-motor-tenv-replacement-of-sew-motor","status":"publish","type":"product","link":"https:\/\/fmp-components.com\/pl\/product\/iec-motor-b5t-flange-mounted-stainless-steel-motor-tenv-replacement-of-sew-motor\/","title":{"rendered":"Silnik IEC B5T ze stali nierdzewnej z ko\u0142nierzem monta\u017cowym, zamiennik silnika SEW TENV"},"content":{"rendered":"<p><img loading=\"lazy\" decoding=\"async\" class=\"alignnone size-full wp-image-3539\" src=\"https:\/\/fmp-components.com\/wp-content\/uploads\/2025\/01\/fmp_0.stainless-steel-motor-2.webp\" alt=\"fmp_0.silnik-ze-stali-nierdzewnej-2\" width=\"1579\" height=\"608\" title=\"\" srcset=\"https:\/\/fmp-components.com\/wp-content\/uploads\/2025\/01\/fmp_0.stainless-steel-motor-2.webp 1579w, https:\/\/fmp-components.com\/wp-content\/uploads\/2025\/01\/fmp_0.stainless-steel-motor-2-1280x493.webp 1280w, https:\/\/fmp-components.com\/wp-content\/uploads\/2025\/01\/fmp_0.stainless-steel-motor-2-980x377.webp 980w, https:\/\/fmp-components.com\/wp-content\/uploads\/2025\/01\/fmp_0.stainless-steel-motor-2-480x185.webp 480w\" sizes=\"(min-width: 0px) and (max-width: 480px) 480px, (min-width: 481px) and (max-width: 980px) 980px, (min-width: 981px) and (max-width: 1280px) 1280px, (min-width: 1281px) 1579px, 100vw\" \/><\/p>\n<p><span style=\"font-size: 18pt;\">Silniki IEC Motors B5T ze stali nierdzewnej z mocowaniem ko\u0142nierzowym \u2013 zamiennik TENV dla silnik\u00f3w SEW<\/span><\/p>\n<p>Standardowe silniki FMP ze stali nierdzewnej do mycia pod ci\u015bnieniem zosta\u0142y zaprojektowane tak, aby spe\u0142nia\u0107 rygorystyczne wymagania higieniczne wsp\u00f3\u0142czesnego przemys\u0142u spo\u017cywczego, farmaceutycznego, opakowaniowego i napojowego. Silniki FMP ze stali nierdzewnej, bezpieczne dla \u017cywno\u015bci, testowane pod wysokim ci\u015bnieniem pary wodnej i wody zgodnie z rygorystycznymi normami IP69K, zapewniaj\u0105 d\u0142ugotrwa\u0142\u0105 ochron\u0119 w najbardziej ekstremalnych, korozyjnych warunkach mycia, zachowuj\u0105c jednocze\u015bnie wysoki poziom higieny, gwarantuj\u0105c bezpiecze\u0144stwo \u017cywno\u015bci.<\/p>\n<p><img loading=\"lazy\" decoding=\"async\" class=\"alignnone  wp-image-3549\" src=\"https:\/\/fmp-components.com\/wp-content\/uploads\/2025\/01\/fmp_4.stainless-steel-motor-2.webp\" alt=\"fmp_4.silnik-ze-stali-nierdzewnej-2\" width=\"917\" height=\"431\" title=\"\" srcset=\"https:\/\/fmp-components.com\/wp-content\/uploads\/2025\/01\/fmp_4.stainless-steel-motor-2.webp 400w, https:\/\/fmp-components.com\/wp-content\/uploads\/2025\/01\/fmp_4.stainless-steel-motor-2-300x141.webp 300w, https:\/\/fmp-components.com\/wp-content\/uploads\/2025\/01\/fmp_4.stainless-steel-motor-2-18x8.webp 18w\" sizes=\"(max-width: 917px) 100vw, 917px\" \/><\/p>\n<table style=\"width: 100.22%; height: 109px;\" border=\"1\">\n<tbody>\n<tr>\n<td>Typ ramki<\/td>\n<td>ko\u0142nierz<br \/>\ntyp<\/td>\n<td>Polacy<\/td>\n<td>D<\/td>\n<td>mi<\/td>\n<td>F<\/td>\n<td>G<\/td>\n<td>M<\/td>\n<td>N<\/td>\n<td>P<\/td>\n<td>R<\/td>\n<td>S<\/td>\n<td>T<\/td>\n<td>ko\u0142nierz<br \/>\nOtw\u00f3r<\/td>\n<td>AC<\/td>\n<td>OG\u0141OSZENIE<\/td>\n<\/tr>\n<tr>\n<td>71<\/td>\n<td>B5T<\/td>\n<td>4<\/td>\n<td>10<\/td>\n<td>35<\/td>\n<td>2<\/td>\n<td>8.6<\/td>\n<td>100<\/td>\n<td>80<\/td>\n<td>120<\/td>\n<td>16.5<\/td>\n<td>7<\/td>\n<td>3<\/td>\n<td>4<\/td>\n<td>134<\/td>\n<td>129<\/td>\n<\/tr>\n<tr>\n<td>80<\/td>\n<td>B5T<\/td>\n<td>4<\/td>\n<td>12<\/td>\n<td>35<\/td>\n<td>3<\/td>\n<td>10<\/td>\n<td>100<\/td>\n<td>80<\/td>\n<td>120<\/td>\n<td>14.5<\/td>\n<td>7<\/td>\n<td>3<\/td>\n<td>4<\/td>\n<td>134<\/td>\n<td>135<\/td>\n<\/tr>\n<\/tbody>\n<\/table>\n<h2>Silnik IEC B5T ze stali nierdzewnej z monta\u017cem ko\u0142nierzowym<\/h2>\n<ol>\n<li><strong>Konstrukcja odporna na korozj\u0119<\/strong><br \/>\nSilnik ze stali nierdzewnej IEC B5T z ko\u0142nierzem monta\u017cowym jest wykonany z wysokiej jako\u015bci stali nierdzewnej, co zapewnia doskona\u0142\u0105 odporno\u015b\u0107 na korozj\u0119, rdz\u0119 i zu\u017cycie. Dzi\u0119ki temu idealnie nadaje si\u0119 do stosowania w trudnych warunkach, takich jak przemys\u0142 spo\u017cywczy, farmaceutyczny i chemiczny, gdzie nara\u017cenie na wilgo\u0107 i substancje agresywne jest powszechne.<\/li>\n<li><strong>Monta\u017c ko\u0142nierzowy dla \u0142atwej instalacji<\/strong><br \/>\nSilnik zosta\u0142 zaprojektowany z mocowaniem ko\u0142nierzowym B5T, co zapewnia \u0142atwy i bezpieczny monta\u017c na maszynach. Ten spos\u00f3b monta\u017cu pozwala na kompaktow\u0105 integracj\u0119 z istniej\u0105cymi systemami, redukuj\u0105c potrzeb\u0119 stosowania dodatkowych konstrukcji wsporczych lub skomplikowanych procedur monta\u017cowych.<\/li>\n<li><strong>Higieniczna i \u0142atwa do czyszczenia powierzchnia<\/strong><br \/>\nDzi\u0119ki g\u0142adkiej, bezszwowej powierzchni silnik jest \u0142atwy w czyszczeniu i konserwacji. Nie ma \u017cadnych widocznych szczelin ani po\u0142\u0105cze\u0144, w kt\u00f3rych m\u00f3g\u0142by gromadzi\u0107 si\u0119 brud, kurz lub resztki jedzenia, dzi\u0119ki czemu nadaje si\u0119 do zastosowa\u0144 sanitarnych, gdzie higiena jest priorytetem. Konstrukcja silnika pomaga zapobiega\u0107 zanieczyszczeniom, zapewniaj\u0105c wysoki poziom czysto\u015bci.<\/li>\n<li><strong>Stopie\u0144 ochrony IP69K<\/strong><br \/>\nSilnik ten charakteryzuje si\u0119 stopniem ochrony IP69K, kt\u00f3ry zapewnia doskona\u0142\u0105 odporno\u015b\u0107 na wnikanie wody i py\u0142u. Silnik jest odporny na strumienie wody pod wysokim ci\u015bnieniem, dzi\u0119ki czemu idealnie nadaje si\u0119 do stosowania w \u015brodowiskach wymagaj\u0105cych cz\u0119stego czyszczenia wod\u0105 i agresywnymi \u015brodkami chemicznymi.<\/li>\n<li><strong>Wydajna wydajno\u015b\u0107<\/strong><br \/>\nSilnik ze stali nierdzewnej spe\u0142nia wysokie standardy sprawno\u015bci, zapewniaj\u0105c optymaln\u0105 wydajno\u015b\u0107 przy jednoczesnym obni\u017ceniu zu\u017cycia energii. Precyzyjnie zaprojektowane komponenty i efektywny system zarz\u0105dzania temperatur\u0105 minimalizuj\u0105 gromadzenie si\u0119 ciep\u0142a, gwarantuj\u0105c d\u0142ugotrwa\u0142\u0105 i niezawodn\u0105 prac\u0119.<\/li>\n<\/ol>\n<p>Dzi\u0119ki tym cechom silnik ze stali nierdzewnej IEC B5T z monta\u017cem ko\u0142nierzowym jest idealnym wyborem do zastosowa\u0144 wymagaj\u0105cych trwa\u0142o\u015bci, higieny i wysokiej wydajno\u015bci w trudnych warunkach przemys\u0142owych.<\/p>\n<h2>Powi\u0105zany silnik ze stali nierdzewnej<\/h2>\n<table style=\"width: 100%;\" border=\"1\" width=\"100%\" cellspacing=\"0\" cellpadding=\"0\">\n<tbody>\n<tr>\n<td style=\"width: 25.8099%;\" align=\"right\" width=\"64\" height=\"18\"><img loading=\"lazy\" decoding=\"async\" class=\"alignnone size-full wp-image-3507\" src=\"https:\/\/fmp-components.com\/wp-content\/uploads\/2025\/01\/ep_stainless-steel-motor-1.webp\" sizes=\"(max-width: 379px) 100vw, 379px\" srcset=\"https:\/\/fmp-components.com\/wp-content\/uploads\/2025\/01\/ep_stainless-steel-motor-1.webp 379w, https:\/\/fmp-components.com\/wp-content\/uploads\/2025\/01\/ep_stainless-steel-motor-1-300x200.webp 300w, https:\/\/fmp-components.com\/wp-content\/uploads\/2025\/01\/ep_stainless-steel-motor-1-18x12.webp 18w\" alt=\"silnik ze stali nierdzewnej\" width=\"379\" height=\"253\" title=\"\"><\/td>\n<td style=\"width: 26.134%;\" align=\"right\" width=\"64\"><img loading=\"lazy\" decoding=\"async\" class=\"alignnone size-full wp-image-3508\" src=\"https:\/\/fmp-components.com\/wp-content\/uploads\/2025\/01\/ep_stainless-steel-motor-2-2.webp\" sizes=\"(max-width: 379px) 100vw, 379px\" srcset=\"https:\/\/fmp-components.com\/wp-content\/uploads\/2025\/01\/ep_stainless-steel-motor-2-2.webp 379w, https:\/\/fmp-components.com\/wp-content\/uploads\/2025\/01\/ep_stainless-steel-motor-2-2-300x200.webp 300w, https:\/\/fmp-components.com\/wp-content\/uploads\/2025\/01\/ep_stainless-steel-motor-2-2-18x12.webp 18w\" alt=\"silnik ze stali nierdzewnej\" width=\"379\" height=\"253\" title=\"\"><\/td>\n<td style=\"width: 25.162%;\" align=\"right\" width=\"64\"><img loading=\"lazy\" decoding=\"async\" class=\"alignnone size-full wp-image-3509\" src=\"https:\/\/fmp-components.com\/wp-content\/uploads\/2025\/01\/ep_stainless-steel-motor-6.webp\" sizes=\"(max-width: 379px) 100vw, 379px\" srcset=\"https:\/\/fmp-components.com\/wp-content\/uploads\/2025\/01\/ep_stainless-steel-motor-6.webp 379w, https:\/\/fmp-components.com\/wp-content\/uploads\/2025\/01\/ep_stainless-steel-motor-6-300x200.webp 300w, https:\/\/fmp-components.com\/wp-content\/uploads\/2025\/01\/ep_stainless-steel-motor-6-18x12.webp 18w\" alt=\"silnik ze stali nierdzewnej\" width=\"379\" height=\"253\" title=\"\"><\/td>\n<td style=\"width: 22.6782%;\" align=\"right\" width=\"64\"><img loading=\"lazy\" decoding=\"async\" class=\"alignnone size-full wp-image-3510\" src=\"https:\/\/fmp-components.com\/wp-content\/uploads\/2025\/01\/ep_stainless-steel-motor-300x200-1.webp\" sizes=\"(max-width: 300px) 100vw, 300px\" srcset=\"https:\/\/fmp-components.com\/wp-content\/uploads\/2025\/01\/ep_stainless-steel-motor-300x200-1.webp 300w, https:\/\/fmp-components.com\/wp-content\/uploads\/2025\/01\/ep_stainless-steel-motor-300x200-1-18x12.webp 18w\" alt=\"silnik ze stali nierdzewnej\" width=\"300\" height=\"200\" title=\"\"><\/td>\n<\/tr>\n<tr>\n<td style=\"width: 25.8099%;\" align=\"right\" height=\"18\">Silnik z magnesami trwa\u0142ymi ze stali nierdzewnej<\/td>\n<td style=\"width: 26.134%;\" align=\"right\">Silnik ze stali nierdzewnej ch\u0142odzony wod\u0105<\/td>\n<td style=\"width: 25.162%;\" align=\"right\">Silnik elektryczny do przemys\u0142u spo\u017cywczego<\/td>\n<td style=\"width: 22.6782%;\" align=\"right\">Silnik ze stali nierdzewnej<\/td>\n<\/tr>\n<tr>\n<td style=\"width: 25.8099%;\" align=\"right\" height=\"18\"><img loading=\"lazy\" decoding=\"async\" class=\"alignnone size-full wp-image-3511\" src=\"https:\/\/fmp-components.com\/wp-content\/uploads\/2025\/01\/ep_stainless-steel-motor-4.webp\" sizes=\"(max-width: 379px) 100vw, 379px\" srcset=\"https:\/\/fmp-components.com\/wp-content\/uploads\/2025\/01\/ep_stainless-steel-motor-4.webp 379w, https:\/\/fmp-components.com\/wp-content\/uploads\/2025\/01\/ep_stainless-steel-motor-4-300x200.webp 300w, https:\/\/fmp-components.com\/wp-content\/uploads\/2025\/01\/ep_stainless-steel-motor-4-18x12.webp 18w\" alt=\"silnik ze stali nierdzewnej\" width=\"379\" height=\"253\" title=\"\"><\/td>\n<td style=\"width: 26.134%;\" align=\"right\"><img loading=\"lazy\" decoding=\"async\" class=\"alignnone size-full wp-image-3512\" src=\"https:\/\/fmp-components.com\/wp-content\/uploads\/2025\/01\/ep_stainless-steel-motor-3.webp\" sizes=\"(max-width: 379px) 100vw, 379px\" srcset=\"https:\/\/fmp-components.com\/wp-content\/uploads\/2025\/01\/ep_stainless-steel-motor-3.webp 379w, https:\/\/fmp-components.com\/wp-content\/uploads\/2025\/01\/ep_stainless-steel-motor-3-300x200.webp 300w, https:\/\/fmp-components.com\/wp-content\/uploads\/2025\/01\/ep_stainless-steel-motor-3-18x12.webp 18w\" alt=\"silnik ze stali nierdzewnej\" width=\"379\" height=\"253\" title=\"\"><\/td>\n<td style=\"width: 25.162%;\" align=\"right\"><img loading=\"lazy\" decoding=\"async\" class=\"alignnone size-full wp-image-3513\" src=\"https:\/\/fmp-components.com\/wp-content\/uploads\/2025\/01\/ep_stainless-steel-motor-5.webp\" sizes=\"(max-width: 379px) 100vw, 379px\" srcset=\"https:\/\/fmp-components.com\/wp-content\/uploads\/2025\/01\/ep_stainless-steel-motor-5.webp 379w, https:\/\/fmp-components.com\/wp-content\/uploads\/2025\/01\/ep_stainless-steel-motor-5-300x200.webp 300w, https:\/\/fmp-components.com\/wp-content\/uploads\/2025\/01\/ep_stainless-steel-motor-5-18x12.webp 18w\" alt=\"silnik ze stali nierdzewnej\" width=\"379\" height=\"253\" title=\"\"><\/td>\n<td style=\"width: 22.6782%;\" align=\"right\"><img loading=\"lazy\" decoding=\"async\" class=\"alignnone wp-image-3514\" src=\"https:\/\/fmp-components.com\/wp-content\/uploads\/2025\/01\/ep_stainless-steel-motor-6-1.webp\" sizes=\"(max-width: 379px) 100vw, 379px\" srcset=\"https:\/\/fmp-components.com\/wp-content\/uploads\/2025\/01\/ep_stainless-steel-motor-6-1.webp 379w, https:\/\/fmp-components.com\/wp-content\/uploads\/2025\/01\/ep_stainless-steel-motor-6-1-300x200.webp 300w, https:\/\/fmp-components.com\/wp-content\/uploads\/2025\/01\/ep_stainless-steel-motor-6-1-18x12.webp 18w\" alt=\"silnik ze stali nierdzewnej\" width=\"220\" height=\"147\" title=\"\"><\/td>\n<\/tr>\n<tr>\n<td style=\"width: 25.8099%;\" align=\"right\" height=\"18\">Silnik pr\u0105du przemiennego do maszyn spo\u017cywczych emulgowanych IEC<\/td>\n<td style=\"width: 26.134%;\" align=\"right\">Silnik asynchroniczny NEMA 56C<\/td>\n<td style=\"width: 25.162%;\" align=\"right\">Silnik pr\u0105du przemiennego ze stali nierdzewnej IEC<\/td>\n<td style=\"width: 22.6782%;\">Silnik IEC w ca\u0142o\u015bci wykonany ze stali nierdzewnej o wysokiej wydajno\u015bci<\/td>\n<\/tr>\n<tr>\n<td style=\"width: 25.8099%;\" align=\"right\" width=\"64\" height=\"18\"><img loading=\"lazy\" decoding=\"async\" class=\"alignnone size-full wp-image-3515\" src=\"https:\/\/fmp-components.com\/wp-content\/uploads\/2025\/01\/ep_stainless-steel-motor-2.webp\" sizes=\"(max-width: 379px) 100vw, 379px\" srcset=\"https:\/\/fmp-components.com\/wp-content\/uploads\/2025\/01\/ep_stainless-steel-motor-2.webp 379w, https:\/\/fmp-components.com\/wp-content\/uploads\/2025\/01\/ep_stainless-steel-motor-2-300x200.webp 300w, https:\/\/fmp-components.com\/wp-content\/uploads\/2025\/01\/ep_stainless-steel-motor-2-18x12.webp 18w\" alt=\"silnik ze stali nierdzewnej\" width=\"379\" height=\"253\" title=\"\"><\/td>\n<td style=\"width: 26.134%;\" align=\"right\" width=\"64\"><img loading=\"lazy\" decoding=\"async\" class=\"alignnone size-full wp-image-3516\" src=\"https:\/\/fmp-components.com\/wp-content\/uploads\/2025\/01\/ep_stainless-steel-motor-8.webp\" sizes=\"(max-width: 379px) 100vw, 379px\" srcset=\"https:\/\/fmp-components.com\/wp-content\/uploads\/2025\/01\/ep_stainless-steel-motor-8.webp 379w, https:\/\/fmp-components.com\/wp-content\/uploads\/2025\/01\/ep_stainless-steel-motor-8-300x200.webp 300w, https:\/\/fmp-components.com\/wp-content\/uploads\/2025\/01\/ep_stainless-steel-motor-8-18x12.webp 18w\" alt=\"silnik ze stali nierdzewnej\" width=\"379\" height=\"253\" title=\"\"><\/td>\n<td style=\"width: 25.162%;\" align=\"right\" width=\"64\"><img loading=\"lazy\" decoding=\"async\" class=\"alignnone size-full wp-image-3517\" src=\"https:\/\/fmp-components.com\/wp-content\/uploads\/2025\/01\/ep_stainless-steel-motor-7.webp\" sizes=\"(max-width: 379px) 100vw, 379px\" srcset=\"https:\/\/fmp-components.com\/wp-content\/uploads\/2025\/01\/ep_stainless-steel-motor-7.webp 379w, https:\/\/fmp-components.com\/wp-content\/uploads\/2025\/01\/ep_stainless-steel-motor-7-300x200.webp 300w, https:\/\/fmp-components.com\/wp-content\/uploads\/2025\/01\/ep_stainless-steel-motor-7-18x12.webp 18w\" alt=\"silnik ze stali nierdzewnej\" width=\"379\" height=\"253\" title=\"\"><\/td>\n<td style=\"width: 22.6782%;\" align=\"right\" width=\"64\"><\/td>\n<\/tr>\n<tr>\n<td style=\"width: 25.8099%;\" align=\"right\" height=\"18\">Silnik do urz\u0105dzenia do depilacji kurczak\u00f3w i kaczek<\/td>\n<td style=\"width: 26.134%;\" align=\"right\">Silnik ze stali nierdzewnej NEMA do kontaktu z \u017cywno\u015bci\u0105<\/td>\n<td style=\"width: 25.162%;\" align=\"right\">Silnik ze stali nierdzewnej IEC dopuszczony do kontaktu z \u017cywno\u015bci\u0105<\/td>\n<td style=\"width: 22.6782%;\" align=\"right\"><\/td>\n<\/tr>\n<\/tbody>\n<\/table>\n<h2>O FMP<\/h2>\n<p>FMP to wiod\u0105ce przedsi\u0119biorstwo high-tech specjalizuj\u0105ce si\u0119 w projektowaniu, rozwoju i produkcji zaawansowanych silnik\u00f3w i rozwi\u0105za\u0144 elektromechanicznych. Nasze portfolio produkt\u00f3w obejmuje silniki serii YE2, YE3 i YE4, a tak\u017ce szerok\u0105 gam\u0119 produkt\u00f3w pochodnych. Oferujemy r\u00f3wnie\u017c specjalistyczne silniki do pomp hydraulicznych, w tym silniki tr\u00f3jfazowe i jednofazowe, silniki w obudowie aluminiowej, silniki niestandardowe, reduktory turbinowe z integracj\u0105 elektromechaniczn\u0105 oraz inne niestandardowe rozwi\u0105zania silnikowe.<\/p>\n<p>Nasze produkty s\u0105 szeroko stosowane w r\u00f3\u017cnych bran\u017cach, w tym w automatyce przemys\u0142owej, obr\u00f3bce CNC, obuwnictwie, obr\u00f3bce drewna, obr\u00f3bce metali, tworzywach sztucznych oraz maszynach budowlanych. Zaanga\u017cowanie FMP w innowacyjno\u015b\u0107 i jako\u015b\u0107 gwarantuje, \u017ce wszystkie produkty spe\u0142niaj\u0105 najwy\u017csze standardy wydajno\u015bci i niezawodno\u015bci.<\/p>\n<p>Poza nasz\u0105 standardow\u0105 ofert\u0105, z dum\u0105 oferujemy rozwi\u0105zania projektowane na zam\u00f3wienie, dopasowane do unikalnych potrzeb naszych klient\u00f3w. Niezale\u017cnie od tego, czy potrzebujesz specjalistycznych silnik\u00f3w, produkt\u00f3w niestandardowych, czy w pe\u0142ni zintegrowanych system\u00f3w, FMP \u015bci\u015ble wsp\u00f3\u0142pracuje z klientami, aby dostarcza\u0107 precyzyjne, wysokiej jako\u015bci rozwi\u0105zania. Nacisk na precyzj\u0119 wykonania i zadowolenie klienta nap\u0119dza nasz ci\u0105g\u0142y rozw\u00f3j i sukces na rynkach globalnych.<\/p>\n<p>W FMP koncentrujemy si\u0119 na budowaniu d\u0142ugoterminowych, korzystnych dla obu stron partnerstw. Zale\u017cy nam na wspieraniu sukcesu naszych klient\u00f3w, dbaj\u0105c o to, aby ka\u017cdy projekt przynosi\u0142 znakomite rezultaty i wzmacnia\u0142 nasz\u0105 globaln\u0105 obecno\u015b\u0107.<\/p>\n<table style=\"width: 100.629%;\" border=\"0\" width=\"128\" cellspacing=\"0\" cellpadding=\"0\">\n<tbody>\n<tr>\n<td style=\"width: 49.2308%;\" align=\"right\" width=\"64\" height=\"18\"><img loading=\"lazy\" decoding=\"async\" class=\"alignnone size-full wp-image-3398\" src=\"https:\/\/fmp-components.com\/wp-content\/uploads\/2025\/01\/Three-Phase-Motor-Factory.webp\" sizes=\"(min-width: 0px) and (max-width: 480px) 480px, (min-width: 481px) 900px, 100vw\" srcset=\"https:\/\/fmp-components.com\/wp-content\/uploads\/2025\/01\/Three-Phase-Motor-Factory.webp 900w, https:\/\/fmp-components.com\/wp-content\/uploads\/2025\/01\/Three-Phase-Motor-Factory-480x320.webp 480w\" alt=\"Fabryka silnik\u00f3w tr\u00f3jfazowych\" width=\"900\" height=\"600\" title=\"\"><\/td>\n<td style=\"width: 659.231%;\" align=\"right\" width=\"64\"><img loading=\"lazy\" decoding=\"async\" class=\"alignnone size-full wp-image-3399\" src=\"https:\/\/fmp-components.com\/wp-content\/uploads\/2025\/01\/Three-Phase-Motor-Factory-2.webp\" sizes=\"(min-width: 0px) and (max-width: 480px) 480px, (min-width: 481px) 900px, 100vw\" srcset=\"https:\/\/fmp-components.com\/wp-content\/uploads\/2025\/01\/Three-Phase-Motor-Factory-2.webp 900w, https:\/\/fmp-components.com\/wp-content\/uploads\/2025\/01\/Three-Phase-Motor-Factory-2-480x320.webp 480w\" alt=\"Fabryka silnik\u00f3w tr\u00f3jfazowych 2\" width=\"900\" height=\"600\" title=\"\"><\/td>\n<\/tr>\n<tr>\n<td style=\"width: 49.2308%;\" align=\"right\" height=\"18\"><img loading=\"lazy\" decoding=\"async\" class=\"alignnone size-full wp-image-3400\" src=\"https:\/\/fmp-components.com\/wp-content\/uploads\/2025\/01\/China-Three-Phase-Motor-Factory-1.webp\" sizes=\"(min-width: 0px) and (max-width: 480px) 480px, (min-width: 481px) 900px, 100vw\" srcset=\"https:\/\/fmp-components.com\/wp-content\/uploads\/2025\/01\/China-Three-Phase-Motor-Factory-1.webp 900w, https:\/\/fmp-components.com\/wp-content\/uploads\/2025\/01\/China-Three-Phase-Motor-Factory-1-480x320.webp 480w\" alt=\"Fabryka silnik\u00f3w tr\u00f3jfazowych 1\" width=\"900\" height=\"600\" title=\"\"><\/td>\n<td style=\"width: 659.231%;\" align=\"right\"><img loading=\"lazy\" decoding=\"async\" class=\"alignnone size-full wp-image-3401\" src=\"https:\/\/fmp-components.com\/wp-content\/uploads\/2025\/01\/Three-Phase-Motor-Factory-3.webp\" sizes=\"(min-width: 0px) and (max-width: 480px) 480px, (min-width: 481px) 900px, 100vw\" srcset=\"https:\/\/fmp-components.com\/wp-content\/uploads\/2025\/01\/Three-Phase-Motor-Factory-3.webp 900w, https:\/\/fmp-components.com\/wp-content\/uploads\/2025\/01\/Three-Phase-Motor-Factory-3-480x320.webp 480w\" alt=\"Fabryka silnik\u00f3w tr\u00f3jfazowych 3\" width=\"900\" height=\"600\" title=\"\"><\/td>\n<\/tr>\n<tr>\n<td style=\"width: 49.2308%;\"><img loading=\"lazy\" decoding=\"async\" class=\"alignnone size-full wp-image-3471\" src=\"https:\/\/fmp-components.com\/wp-content\/uploads\/2025\/01\/Single-Phase-Induction-Motor-Suppliers.webp\" sizes=\"(min-width: 0px) and (max-width: 480px) 480px, (min-width: 481px) 900px, 100vw\" srcset=\"https:\/\/fmp-components.com\/wp-content\/uploads\/2025\/01\/Single-Phase-Induction-Motor-Suppliers.webp 900w, https:\/\/fmp-components.com\/wp-content\/uploads\/2025\/01\/Single-Phase-Induction-Motor-Suppliers-480x320.webp 480w\" alt=\"Dostawcy silnik\u00f3w indukcyjnych jednofazowych\" width=\"900\" height=\"600\" title=\"\"><\/td>\n<td style=\"width: 659.231%;\"><img loading=\"lazy\" decoding=\"async\" class=\"alignnone size-full wp-image-3470\" src=\"https:\/\/fmp-components.com\/wp-content\/uploads\/2025\/01\/Single-Phase-Induction-Motor-Manufacturers-1.webp\" sizes=\"(min-width: 0px) and (max-width: 480px) 480px, (min-width: 481px) 900px, 100vw\" srcset=\"https:\/\/fmp-components.com\/wp-content\/uploads\/2025\/01\/Single-Phase-Induction-Motor-Manufacturers-1.webp 900w, https:\/\/fmp-components.com\/wp-content\/uploads\/2025\/01\/Single-Phase-Induction-Motor-Manufacturers-1-480x320.webp 480w\" alt=\"Producenci silnik\u00f3w indukcyjnych jednofazowych 1\" width=\"900\" height=\"600\" title=\"\"><\/td>\n<\/tr>\n<tr>\n<td style=\"width: 49.2308%;\"><img loading=\"lazy\" decoding=\"async\" class=\"alignnone size-full wp-image-3472\" src=\"https:\/\/fmp-components.com\/wp-content\/uploads\/2025\/01\/Single-Phase-Induction-Motor-Manufacturers.webp\" sizes=\"(min-width: 0px) and (max-width: 480px) 480px, (min-width: 481px) 900px, 100vw\" srcset=\"https:\/\/fmp-components.com\/wp-content\/uploads\/2025\/01\/Single-Phase-Induction-Motor-Manufacturers.webp 900w, https:\/\/fmp-components.com\/wp-content\/uploads\/2025\/01\/Single-Phase-Induction-Motor-Manufacturers-480x320.webp 480w\" alt=\"Producenci silnik\u00f3w indukcyjnych jednofazowych\" width=\"900\" height=\"600\" title=\"\"><\/td>\n<td style=\"width: 659.231%;\"><img loading=\"lazy\" decoding=\"async\" class=\"alignnone size-full wp-image-3473\" src=\"https:\/\/fmp-components.com\/wp-content\/uploads\/2025\/01\/Single-Phase-Induction-Motor-for-Sale.webp\" sizes=\"(min-width: 0px) and (max-width: 480px) 480px, (min-width: 481px) 900px, 100vw\" srcset=\"https:\/\/fmp-components.com\/wp-content\/uploads\/2025\/01\/Single-Phase-Induction-Motor-for-Sale.webp 900w, https:\/\/fmp-components.com\/wp-content\/uploads\/2025\/01\/Single-Phase-Induction-Motor-for-Sale-480x320.webp 480w\" alt=\"Silnik indukcyjny jednofazowy na sprzeda\u017c\" width=\"900\" height=\"600\" title=\"\"><\/td>\n<\/tr>\n<\/tbody>\n<\/table>\n<p>Autor: CX<\/p>","protected":false},"excerpt":{"rendered":"<p>IEC Motors B5T Flange Mount Stainless Steel Motors &#8211; TENV Replacement for SEW Motors FMP standard stainless steel washdown motors are designed to meet the extreme and stringent hygiene requirements of today&#8217;s food processing, pharmaceutical, packaging and beverage industries. High pressure steam and water tested to stringent IP69K specifications, FMP&#8217;s food safe stainless steel motors [&hellip;]<\/p>","protected":false},"featured_media":3550,"comment_status":"open","ping_status":"closed","template":"","meta":{"_et_pb_use_builder":"","_et_pb_old_content":"","_et_gb_content_width":""},"product_brand":[],"product_cat":[88],"product_tag":[],"class_list":{"0":"post-3548","1":"product","2":"type-product","3":"status-publish","4":"has-post-thumbnail","6":"product_cat-stainless-steel-motors","8":"first","9":"instock","10":"shipping-taxable","11":"product-type-simple"},"_links":{"self":[{"href":"https:\/\/fmp-components.com\/pl\/wp-json\/wp\/v2\/product\/3548","targetHints":{"allow":["GET"]}}],"collection":[{"href":"https:\/\/fmp-components.com\/pl\/wp-json\/wp\/v2\/product"}],"about":[{"href":"https:\/\/fmp-components.com\/pl\/wp-json\/wp\/v2\/types\/product"}],"replies":[{"embeddable":true,"href":"https:\/\/fmp-components.com\/pl\/wp-json\/wp\/v2\/comments?post=3548"}],"wp:featuredmedia":[{"embeddable":true,"href":"https:\/\/fmp-components.com\/pl\/wp-json\/wp\/v2\/media\/3550"}],"wp:attachment":[{"href":"https:\/\/fmp-components.com\/pl\/wp-json\/wp\/v2\/media?parent=3548"}],"wp:term":[{"taxonomy":"product_brand","embeddable":true,"href":"https:\/\/fmp-components.com\/pl\/wp-json\/wp\/v2\/product_brand?post=3548"},{"taxonomy":"product_cat","embeddable":true,"href":"https:\/\/fmp-components.com\/pl\/wp-json\/wp\/v2\/product_cat?post=3548"},{"taxonomy":"product_tag","embeddable":true,"href":"https:\/\/fmp-components.com\/pl\/wp-json\/wp\/v2\/product_tag?post=3548"}],"curies":[{"name":"wp","href":"https:\/\/api.w.org\/{rel}","templated":true}]}}