{"id":3535,"date":"2025-01-08T03:23:35","date_gmt":"2025-01-08T03:23:35","guid":{"rendered":"https:\/\/fmp-components.com\/?page_id=8"},"modified":"2025-01-08T03:28:26","modified_gmt":"2025-01-08T03:28:26","slug":"b5-flange-mounted-stainless-steel-motor-tefc-for-food-machinery","status":"publish","type":"product","link":"https:\/\/fmp-components.com\/pl\/product\/b5-flange-mounted-stainless-steel-motor-tefc-for-food-machinery\/","title":{"rendered":"Silnik ze stali nierdzewnej B5 z ko\u0142nierzem monta\u017cowym \u2013 TEFC do maszyn spo\u017cywczych"},"content":{"rendered":"<p><img loading=\"lazy\" decoding=\"async\" class=\"alignnone size-full wp-image-3539\" src=\"https:\/\/fmp-components.com\/wp-content\/uploads\/2025\/01\/fmp_0.stainless-steel-motor-2.webp\" alt=\"fmp_0.silnik-ze-stali-nierdzewnej-2\" width=\"1579\" height=\"608\" title=\"\" srcset=\"https:\/\/fmp-components.com\/wp-content\/uploads\/2025\/01\/fmp_0.stainless-steel-motor-2.webp 1579w, https:\/\/fmp-components.com\/wp-content\/uploads\/2025\/01\/fmp_0.stainless-steel-motor-2-1280x493.webp 1280w, https:\/\/fmp-components.com\/wp-content\/uploads\/2025\/01\/fmp_0.stainless-steel-motor-2-980x377.webp 980w, https:\/\/fmp-components.com\/wp-content\/uploads\/2025\/01\/fmp_0.stainless-steel-motor-2-480x185.webp 480w\" sizes=\"(min-width: 0px) and (max-width: 480px) 480px, (min-width: 481px) and (max-width: 980px) 980px, (min-width: 981px) and (max-width: 1280px) 1280px, (min-width: 1281px) 1579px, 100vw\" \/> <img loading=\"lazy\" decoding=\"async\" class=\"alignnone wp-image-3537\" src=\"https:\/\/fmp-components.com\/wp-content\/uploads\/2025\/01\/fmp_7.stainless-steel-motor-2.webp\" alt=\"fmp_7.silnik-ze-stali-nierdzewnej-2\" width=\"929\" height=\"481\" title=\"\" srcset=\"https:\/\/fmp-components.com\/wp-content\/uploads\/2025\/01\/fmp_7.stainless-steel-motor-2.webp 929w, https:\/\/fmp-components.com\/wp-content\/uploads\/2025\/01\/fmp_7.stainless-steel-motor-2-480x249.webp 480w\" sizes=\"(min-width: 0px) and (max-width: 480px) 480px, (min-width: 481px) 929px, 100vw\" \/><\/p>\n<table style=\"width: 101.327%; height: 208px;\" border=\"1\">\n<tbody>\n<tr>\n<td>Typ ramki<\/td>\n<td>Typ ko\u0142nierza<\/td>\n<td>Polacy<\/td>\n<td>D<\/td>\n<td>mi<\/td>\n<td>F<\/td>\n<td>G<\/td>\n<td>M<\/td>\n<td>N<\/td>\n<td>P<\/td>\n<td>R<\/td>\n<td>S<\/td>\n<td>T<\/td>\n<td>Otw\u00f3r ko\u0142nierzowy<\/td>\n<td>otw\u00f3r wa\u0142u<\/td>\n<td>AC<\/td>\n<td>OG\u0141OSZENIE<\/td>\n<\/tr>\n<tr>\n<td>71<\/td>\n<td>FT130<\/td>\n<td>2, 4, 6<\/td>\n<td>14<\/td>\n<td>30<\/td>\n<td>5<\/td>\n<td>11<\/td>\n<td>130<\/td>\n<td>110<\/td>\n<td>160<\/td>\n<td>0<\/td>\n<td>10<\/td>\n<td>3.5<\/td>\n<td>4<\/td>\n<td>M5<\/td>\n<td>134<\/td>\n<td>129<\/td>\n<\/tr>\n<tr>\n<td>80<\/td>\n<td>FT165<\/td>\n<td>2, 4, 6<\/td>\n<td>19<\/td>\n<td>40<\/td>\n<td>6<\/td>\n<td>15.5<\/td>\n<td>165<\/td>\n<td>130<\/td>\n<td>200<\/td>\n<td>0<\/td>\n<td>12<\/td>\n<td>3.5<\/td>\n<td>4<\/td>\n<td>M6<\/td>\n<td>144<\/td>\n<td>135<\/td>\n<\/tr>\n<tr>\n<td>90<\/td>\n<td>FT165<\/td>\n<td>2, 4, 6<\/td>\n<td>24<\/td>\n<td>50<\/td>\n<td>8<\/td>\n<td>20<\/td>\n<td>165<\/td>\n<td>130<\/td>\n<td>200<\/td>\n<td>0<\/td>\n<td>12<\/td>\n<td>3.5<\/td>\n<td>4<\/td>\n<td>M8<\/td>\n<td>176<\/td>\n<td>147<\/td>\n<\/tr>\n<tr>\n<td>100<\/td>\n<td>FT215<\/td>\n<td>2, 4, 6<\/td>\n<td>28<\/td>\n<td>60<\/td>\n<td>8<\/td>\n<td>24<\/td>\n<td>215<\/td>\n<td>180<\/td>\n<td>250<\/td>\n<td>0<\/td>\n<td>15<\/td>\n<td>4<\/td>\n<td>4<\/td>\n<td>M10<\/td>\n<td>203<\/td>\n<td>169<\/td>\n<\/tr>\n<tr>\n<td>112<\/td>\n<td>FT215<\/td>\n<td>2, 4, 6<\/td>\n<td>28<\/td>\n<td>60<\/td>\n<td>8<\/td>\n<td>24<\/td>\n<td>215<\/td>\n<td>180<\/td>\n<td>250<\/td>\n<td>0<\/td>\n<td>15<\/td>\n<td>4<\/td>\n<td>4<\/td>\n<td>M10<\/td>\n<td>218<\/td>\n<td>174<\/td>\n<\/tr>\n<tr>\n<td>132<\/td>\n<td>FT265<\/td>\n<td>2, 4, 6<\/td>\n<td>38<\/td>\n<td>80<\/td>\n<td>10<\/td>\n<td>33<\/td>\n<td>265<\/td>\n<td>230<\/td>\n<td>300<\/td>\n<td>0<\/td>\n<td>15<\/td>\n<td>4<\/td>\n<td>4<\/td>\n<td>M12<\/td>\n<td>256<\/td>\n<td>192<\/td>\n<\/tr>\n<\/tbody>\n<\/table>\n<h2>Zalety silnik\u00f3w ze stali nierdzewnej<\/h2>\n<ul>\n<li><strong>Wysokie standardy sanitarne<\/strong><br \/>\nOpracowany przez nas silnik ze stali nierdzewnej charakteryzuje si\u0119 g\u0142adk\u0105 powierzchni\u0105, kt\u00f3ra spe\u0142nia rygorystyczne standardy higieniczne obowi\u0105zuj\u0105ce na rynku, gwarantuj\u0105c bezpiecze\u0144stwo i czysto\u015b\u0107 w wymagaj\u0105cych \u015brodowiskach.<\/li>\n<li><strong>Konstrukcja odporna na korozj\u0119<\/strong><br \/>\nSilnik, zbudowany z ramy rurowej i o zamkni\u0119tej konstrukcji, eliminuje otwory wentylacyjne, zapobiegaj\u0105c gromadzeniu si\u0119 kurzu i resztek jedzenia. Ca\u0142a obudowa zewn\u0119trzna wykonana jest ze stali nierdzewnej, bez element\u00f3w plastikowych. Dane znamionowe s\u0105 grawerowane laserowo na pokrywie tylnej lub puszce przy\u0142\u0105czeniowej, co zapewnia ich czysto\u015b\u0107 i trwa\u0142o\u015b\u0107. Taka konstrukcja pozwala na \u0142atwe czyszczenie powierzchni silnika i zapewnia jej odporno\u015b\u0107 na powszechnie wyst\u0119puj\u0105ce czynniki korozyjne.<\/li>\n<li><strong>Zwi\u0119kszona ochrona i wydajno\u015b\u0107<\/strong><br \/>\nSilnik ze stali nierdzewnej o stopniu ochrony IP69K jest wysoce odporny na wnikanie wody i py\u0142u. Spe\u0142nia normy sprawno\u015bci IE4, a precyzyjna konstrukcja uk\u0142adu elektrycznego zapewnia skuteczn\u0105 kontrol\u0119 nagrzewania wewn\u0119trznego i temperatury powierzchni. Silnik jest r\u00f3wnie\u017c wyposa\u017cony w wysokiej jako\u015bci izolacj\u0119, dzi\u0119ki czemu nadaje si\u0119 do stosowania z falownikami.<\/li>\n<li><strong>Rozwi\u0105zania niestandardowe<\/strong><br \/>\nFMP jest w stanie opracowywa\u0107 unikalne rozwi\u0105zania elektryczne i mechaniczne, kt\u00f3re spe\u0142niaj\u0105 specyficzne wymagania klient\u00f3w, dostarczaj\u0105c projekty dostosowane do r\u00f3\u017cnych zastosowa\u0144.<\/li>\n<\/ul>\n<p><img loading=\"lazy\" decoding=\"async\" class=\"alignnone  wp-image-3541\" src=\"https:\/\/fmp-components.com\/wp-content\/uploads\/2025\/01\/fmp_steel-motor-application-1.webp\" alt=\"fmp_steel-motor-application-1\" width=\"922\" height=\"523\" title=\"\" srcset=\"https:\/\/fmp-components.com\/wp-content\/uploads\/2025\/01\/fmp_steel-motor-application-1.webp 476w, https:\/\/fmp-components.com\/wp-content\/uploads\/2025\/01\/fmp_steel-motor-application-1-300x170.webp 300w, https:\/\/fmp-components.com\/wp-content\/uploads\/2025\/01\/fmp_steel-motor-application-1-18x10.webp 18w\" sizes=\"(max-width: 922px) 100vw, 922px\" \/><\/p>\n<h2>Powi\u0105zany silnik ze stali nierdzewnej<\/h2>\n<table style=\"width: 100%;\" border=\"1\" width=\"100%\" cellspacing=\"0\" cellpadding=\"0\">\n<tbody>\n<tr>\n<td style=\"width: 25.9179%;\" align=\"right\" width=\"64\" height=\"18\"><img loading=\"lazy\" decoding=\"async\" class=\"alignnone size-full wp-image-3507\" src=\"https:\/\/fmp-components.com\/wp-content\/uploads\/2025\/01\/ep_stainless-steel-motor-1.webp\" sizes=\"(max-width: 379px) 100vw, 379px\" srcset=\"https:\/\/fmp-components.com\/wp-content\/uploads\/2025\/01\/ep_stainless-steel-motor-1.webp 379w, https:\/\/fmp-components.com\/wp-content\/uploads\/2025\/01\/ep_stainless-steel-motor-1-300x200.webp 300w, https:\/\/fmp-components.com\/wp-content\/uploads\/2025\/01\/ep_stainless-steel-motor-1-18x12.webp 18w\" alt=\"silnik ze stali nierdzewnej\" width=\"379\" height=\"253\" title=\"\"><\/td>\n<td style=\"width: 25.8099%;\" align=\"right\" width=\"64\"><img loading=\"lazy\" decoding=\"async\" class=\"alignnone size-full wp-image-3508\" src=\"https:\/\/fmp-components.com\/wp-content\/uploads\/2025\/01\/ep_stainless-steel-motor-2-2.webp\" sizes=\"(max-width: 379px) 100vw, 379px\" srcset=\"https:\/\/fmp-components.com\/wp-content\/uploads\/2025\/01\/ep_stainless-steel-motor-2-2.webp 379w, https:\/\/fmp-components.com\/wp-content\/uploads\/2025\/01\/ep_stainless-steel-motor-2-2-300x200.webp 300w, https:\/\/fmp-components.com\/wp-content\/uploads\/2025\/01\/ep_stainless-steel-motor-2-2-18x12.webp 18w\" alt=\"silnik ze stali nierdzewnej\" width=\"379\" height=\"253\" title=\"\"><\/td>\n<td style=\"width: 25.378%;\" align=\"right\" width=\"64\"><img loading=\"lazy\" decoding=\"async\" class=\"alignnone size-full wp-image-3509\" src=\"https:\/\/fmp-components.com\/wp-content\/uploads\/2025\/01\/ep_stainless-steel-motor-6.webp\" sizes=\"(max-width: 379px) 100vw, 379px\" srcset=\"https:\/\/fmp-components.com\/wp-content\/uploads\/2025\/01\/ep_stainless-steel-motor-6.webp 379w, https:\/\/fmp-components.com\/wp-content\/uploads\/2025\/01\/ep_stainless-steel-motor-6-300x200.webp 300w, https:\/\/fmp-components.com\/wp-content\/uploads\/2025\/01\/ep_stainless-steel-motor-6-18x12.webp 18w\" alt=\"silnik ze stali nierdzewnej\" width=\"379\" height=\"253\" title=\"\"><\/td>\n<td style=\"width: 22.6782%;\" align=\"right\" width=\"64\"><img loading=\"lazy\" decoding=\"async\" class=\"alignnone size-full wp-image-3510\" src=\"https:\/\/fmp-components.com\/wp-content\/uploads\/2025\/01\/ep_stainless-steel-motor-300x200-1.webp\" sizes=\"(max-width: 300px) 100vw, 300px\" srcset=\"https:\/\/fmp-components.com\/wp-content\/uploads\/2025\/01\/ep_stainless-steel-motor-300x200-1.webp 300w, https:\/\/fmp-components.com\/wp-content\/uploads\/2025\/01\/ep_stainless-steel-motor-300x200-1-18x12.webp 18w\" alt=\"silnik ze stali nierdzewnej\" width=\"300\" height=\"200\" title=\"\"><\/td>\n<\/tr>\n<tr>\n<td style=\"width: 25.9179%;\" align=\"right\" height=\"18\">Silnik z magnesami trwa\u0142ymi ze stali nierdzewnej<\/td>\n<td style=\"width: 25.8099%;\" align=\"right\">Silnik ze stali nierdzewnej ch\u0142odzony wod\u0105<\/td>\n<td style=\"width: 25.378%;\" align=\"right\">Silnik elektryczny do przemys\u0142u spo\u017cywczego<\/td>\n<td style=\"width: 22.6782%;\" align=\"right\">Silnik ze stali nierdzewnej<\/td>\n<\/tr>\n<tr>\n<td style=\"width: 25.9179%;\" align=\"right\" height=\"18\"><img loading=\"lazy\" decoding=\"async\" class=\"alignnone size-full wp-image-3511\" src=\"https:\/\/fmp-components.com\/wp-content\/uploads\/2025\/01\/ep_stainless-steel-motor-4.webp\" sizes=\"(max-width: 379px) 100vw, 379px\" srcset=\"https:\/\/fmp-components.com\/wp-content\/uploads\/2025\/01\/ep_stainless-steel-motor-4.webp 379w, https:\/\/fmp-components.com\/wp-content\/uploads\/2025\/01\/ep_stainless-steel-motor-4-300x200.webp 300w, https:\/\/fmp-components.com\/wp-content\/uploads\/2025\/01\/ep_stainless-steel-motor-4-18x12.webp 18w\" alt=\"silnik ze stali nierdzewnej\" width=\"379\" height=\"253\" title=\"\"><\/td>\n<td style=\"width: 25.8099%;\" align=\"right\"><img loading=\"lazy\" decoding=\"async\" class=\"alignnone size-full wp-image-3512\" src=\"https:\/\/fmp-components.com\/wp-content\/uploads\/2025\/01\/ep_stainless-steel-motor-3.webp\" sizes=\"(max-width: 379px) 100vw, 379px\" srcset=\"https:\/\/fmp-components.com\/wp-content\/uploads\/2025\/01\/ep_stainless-steel-motor-3.webp 379w, https:\/\/fmp-components.com\/wp-content\/uploads\/2025\/01\/ep_stainless-steel-motor-3-300x200.webp 300w, https:\/\/fmp-components.com\/wp-content\/uploads\/2025\/01\/ep_stainless-steel-motor-3-18x12.webp 18w\" alt=\"silnik ze stali nierdzewnej\" width=\"379\" height=\"253\" title=\"\"><\/td>\n<td style=\"width: 25.378%;\" align=\"right\"><img loading=\"lazy\" decoding=\"async\" class=\"alignnone size-full wp-image-3513\" src=\"https:\/\/fmp-components.com\/wp-content\/uploads\/2025\/01\/ep_stainless-steel-motor-5.webp\" sizes=\"(max-width: 379px) 100vw, 379px\" srcset=\"https:\/\/fmp-components.com\/wp-content\/uploads\/2025\/01\/ep_stainless-steel-motor-5.webp 379w, https:\/\/fmp-components.com\/wp-content\/uploads\/2025\/01\/ep_stainless-steel-motor-5-300x200.webp 300w, https:\/\/fmp-components.com\/wp-content\/uploads\/2025\/01\/ep_stainless-steel-motor-5-18x12.webp 18w\" alt=\"silnik ze stali nierdzewnej\" width=\"379\" height=\"253\" title=\"\"><\/td>\n<td style=\"width: 22.6782%;\" align=\"right\"><img loading=\"lazy\" decoding=\"async\" class=\"alignnone size-full wp-image-3514\" src=\"https:\/\/fmp-components.com\/wp-content\/uploads\/2025\/01\/ep_stainless-steel-motor-6-1.webp\" sizes=\"(max-width: 379px) 100vw, 379px\" srcset=\"https:\/\/fmp-components.com\/wp-content\/uploads\/2025\/01\/ep_stainless-steel-motor-6-1.webp 379w, https:\/\/fmp-components.com\/wp-content\/uploads\/2025\/01\/ep_stainless-steel-motor-6-1-300x200.webp 300w, https:\/\/fmp-components.com\/wp-content\/uploads\/2025\/01\/ep_stainless-steel-motor-6-1-18x12.webp 18w\" alt=\"silnik ze stali nierdzewnej\" width=\"379\" height=\"253\" title=\"\"><\/td>\n<\/tr>\n<tr>\n<td style=\"width: 25.9179%;\" align=\"right\" height=\"18\">Silnik pr\u0105du przemiennego do maszyn spo\u017cywczych emulgowanych IEC<\/td>\n<td style=\"width: 25.8099%;\" align=\"right\">Silnik asynchroniczny NEMA 56C<\/td>\n<td style=\"width: 25.378%;\" align=\"right\">Silnik pr\u0105du przemiennego ze stali nierdzewnej IEC<\/td>\n<td style=\"width: 22.6782%;\">Silnik IEC w ca\u0142o\u015bci wykonany ze stali nierdzewnej o wysokiej wydajno\u015bci<\/td>\n<\/tr>\n<tr>\n<td style=\"width: 25.9179%;\" align=\"right\" width=\"64\" height=\"18\"><img loading=\"lazy\" decoding=\"async\" class=\"alignnone size-full wp-image-3515\" src=\"https:\/\/fmp-components.com\/wp-content\/uploads\/2025\/01\/ep_stainless-steel-motor-2.webp\" sizes=\"(max-width: 379px) 100vw, 379px\" srcset=\"https:\/\/fmp-components.com\/wp-content\/uploads\/2025\/01\/ep_stainless-steel-motor-2.webp 379w, https:\/\/fmp-components.com\/wp-content\/uploads\/2025\/01\/ep_stainless-steel-motor-2-300x200.webp 300w, https:\/\/fmp-components.com\/wp-content\/uploads\/2025\/01\/ep_stainless-steel-motor-2-18x12.webp 18w\" alt=\"silnik ze stali nierdzewnej\" width=\"379\" height=\"253\" title=\"\"><\/td>\n<td style=\"width: 25.8099%;\" align=\"right\" width=\"64\"><img loading=\"lazy\" decoding=\"async\" class=\"alignnone size-full wp-image-3516\" src=\"https:\/\/fmp-components.com\/wp-content\/uploads\/2025\/01\/ep_stainless-steel-motor-8.webp\" sizes=\"(max-width: 379px) 100vw, 379px\" srcset=\"https:\/\/fmp-components.com\/wp-content\/uploads\/2025\/01\/ep_stainless-steel-motor-8.webp 379w, https:\/\/fmp-components.com\/wp-content\/uploads\/2025\/01\/ep_stainless-steel-motor-8-300x200.webp 300w, https:\/\/fmp-components.com\/wp-content\/uploads\/2025\/01\/ep_stainless-steel-motor-8-18x12.webp 18w\" alt=\"silnik ze stali nierdzewnej\" width=\"379\" height=\"253\" title=\"\"><\/td>\n<td style=\"width: 25.378%;\" align=\"right\" width=\"64\"><img loading=\"lazy\" decoding=\"async\" class=\"alignnone size-full wp-image-3517\" src=\"https:\/\/fmp-components.com\/wp-content\/uploads\/2025\/01\/ep_stainless-steel-motor-7.webp\" sizes=\"(max-width: 379px) 100vw, 379px\" srcset=\"https:\/\/fmp-components.com\/wp-content\/uploads\/2025\/01\/ep_stainless-steel-motor-7.webp 379w, https:\/\/fmp-components.com\/wp-content\/uploads\/2025\/01\/ep_stainless-steel-motor-7-300x200.webp 300w, https:\/\/fmp-components.com\/wp-content\/uploads\/2025\/01\/ep_stainless-steel-motor-7-18x12.webp 18w\" alt=\"silnik ze stali nierdzewnej\" width=\"379\" height=\"253\" title=\"\"><\/td>\n<td style=\"width: 22.6782%;\" align=\"right\" width=\"64\"><\/td>\n<\/tr>\n<tr>\n<td style=\"width: 25.9179%;\" align=\"right\" height=\"18\">Silnik do urz\u0105dzenia do depilacji kurczak\u00f3w i kaczek<\/td>\n<td style=\"width: 25.8099%;\" align=\"right\">Silnik ze stali nierdzewnej NEMA do kontaktu z \u017cywno\u015bci\u0105<\/td>\n<td style=\"width: 25.378%;\" align=\"right\">Silnik ze stali nierdzewnej IEC dopuszczony do kontaktu z \u017cywno\u015bci\u0105<\/td>\n<td style=\"width: 22.6782%;\" align=\"right\"><\/td>\n<\/tr>\n<\/tbody>\n<\/table>\n<h2>O FMP<\/h2>\n<p>FMP to krajowe przedsi\u0119biorstwo high-tech specjalizuj\u0105ce si\u0119 w projektowaniu, rozwoju i produkcji zaawansowanych silnik\u00f3w oraz rozwi\u0105za\u0144 elektromechanicznych. Koncentrujemy si\u0119 na produkcji silnik\u00f3w serii YE2, YE3 i YE4, a tak\u017ce szeregu produkt\u00f3w pochodnych. Nasza oferta obejmuje r\u00f3wnie\u017c silniki tr\u00f3jfazowe i jednofazowe do pomp hydraulicznych, silniki w obudowie aluminiowej, silniki niestandardowe do pomp hydraulicznych, reduktory turbinowe z integracj\u0105 elektromechaniczn\u0105 oraz inne silniki specjalistyczne.<\/p>\n<p>Produkty FMP s\u0105 szeroko stosowane w automatyce przemys\u0142owej, obs\u0142uguj\u0105c kluczowe sektory, takie jak tokarki CNC, maszyny do produkcji obuwia, maszyny do obr\u00f3bki drewna, maszyny do obr\u00f3bki metalu, maszyny do przetw\u00f3rstwa tworzyw sztucznych oraz maszyny budowlane. Dzi\u0119ki silnemu zaanga\u017cowaniu w innowacyjno\u015b\u0107 i jako\u015b\u0107, FMP gwarantuje, \u017ce wszystkie produkty spe\u0142niaj\u0105 najwy\u017csze standardy wydajno\u015bci.<\/p>\n<p>Opr\u00f3cz naszej szerokiej gamy produkt\u00f3w, z dum\u0105 oferujemy rozwi\u0105zania dostosowane do indywidualnych potrzeb naszych klient\u00f3w. Niezale\u017cnie od tego, czy potrzebujesz specjalistycznych silnik\u00f3w, produkt\u00f3w niestandardowych, czy zintegrowanych system\u00f3w, FMP \u015bci\u015ble wsp\u00f3\u0142pracuje z klientami, aby dostarcza\u0107 wysokiej jako\u015bci, spersonalizowane rozwi\u0105zania. Nasze skupienie na precyzyjnej in\u017cynierii i zadowoleniu klienta jest motorem naszego nieustaj\u0105cego sukcesu na rynkach globalnych.<\/p>\n<p>W FMP koncentrujemy si\u0119 na budowaniu d\u0142ugoterminowych, korzystnych dla obu stron partnerstw, wspieraj\u0105c sukces naszych klient\u00f3w przy ka\u017cdym projekcie.<\/p>\n<table style=\"width: 100.629%;\" border=\"0\" width=\"128\" cellspacing=\"0\" cellpadding=\"0\">\n<tbody>\n<tr>\n<td style=\"width: 49.2308%;\" align=\"right\" width=\"64\" height=\"18\"><img loading=\"lazy\" decoding=\"async\" class=\"alignnone size-full wp-image-3398\" src=\"https:\/\/fmp-components.com\/wp-content\/uploads\/2025\/01\/Three-Phase-Motor-Factory.webp\" sizes=\"(min-width: 0px) and (max-width: 480px) 480px, (min-width: 481px) 900px, 100vw\" srcset=\"https:\/\/fmp-components.com\/wp-content\/uploads\/2025\/01\/Three-Phase-Motor-Factory.webp 900w, https:\/\/fmp-components.com\/wp-content\/uploads\/2025\/01\/Three-Phase-Motor-Factory-480x320.webp 480w\" alt=\"Fabryka silnik\u00f3w tr\u00f3jfazowych\" width=\"900\" height=\"600\" title=\"\"><\/td>\n<td style=\"width: 659.231%;\" align=\"right\" width=\"64\"><img loading=\"lazy\" decoding=\"async\" class=\"alignnone size-full wp-image-3399\" src=\"https:\/\/fmp-components.com\/wp-content\/uploads\/2025\/01\/Three-Phase-Motor-Factory-2.webp\" sizes=\"(min-width: 0px) and (max-width: 480px) 480px, (min-width: 481px) 900px, 100vw\" srcset=\"https:\/\/fmp-components.com\/wp-content\/uploads\/2025\/01\/Three-Phase-Motor-Factory-2.webp 900w, https:\/\/fmp-components.com\/wp-content\/uploads\/2025\/01\/Three-Phase-Motor-Factory-2-480x320.webp 480w\" alt=\"Fabryka silnik\u00f3w tr\u00f3jfazowych 2\" width=\"900\" height=\"600\" title=\"\"><\/td>\n<\/tr>\n<tr>\n<td style=\"width: 49.2308%;\" align=\"right\" height=\"18\"><img loading=\"lazy\" decoding=\"async\" class=\"alignnone size-full wp-image-3400\" src=\"https:\/\/fmp-components.com\/wp-content\/uploads\/2025\/01\/China-Three-Phase-Motor-Factory-1.webp\" sizes=\"(min-width: 0px) and (max-width: 480px) 480px, (min-width: 481px) 900px, 100vw\" srcset=\"https:\/\/fmp-components.com\/wp-content\/uploads\/2025\/01\/China-Three-Phase-Motor-Factory-1.webp 900w, https:\/\/fmp-components.com\/wp-content\/uploads\/2025\/01\/China-Three-Phase-Motor-Factory-1-480x320.webp 480w\" alt=\"Fabryka silnik\u00f3w tr\u00f3jfazowych 1\" width=\"900\" height=\"600\" title=\"\"><\/td>\n<td style=\"width: 659.231%;\" align=\"right\"><img loading=\"lazy\" decoding=\"async\" class=\"alignnone size-full wp-image-3401\" src=\"https:\/\/fmp-components.com\/wp-content\/uploads\/2025\/01\/Three-Phase-Motor-Factory-3.webp\" sizes=\"(min-width: 0px) and (max-width: 480px) 480px, (min-width: 481px) 900px, 100vw\" srcset=\"https:\/\/fmp-components.com\/wp-content\/uploads\/2025\/01\/Three-Phase-Motor-Factory-3.webp 900w, https:\/\/fmp-components.com\/wp-content\/uploads\/2025\/01\/Three-Phase-Motor-Factory-3-480x320.webp 480w\" alt=\"Fabryka silnik\u00f3w tr\u00f3jfazowych 3\" width=\"900\" height=\"600\" title=\"\"><\/td>\n<\/tr>\n<tr>\n<td style=\"width: 49.2308%;\"><img loading=\"lazy\" decoding=\"async\" class=\"alignnone size-full wp-image-3471\" src=\"https:\/\/fmp-components.com\/wp-content\/uploads\/2025\/01\/Single-Phase-Induction-Motor-Suppliers.webp\" sizes=\"(min-width: 0px) and (max-width: 480px) 480px, (min-width: 481px) 900px, 100vw\" srcset=\"https:\/\/fmp-components.com\/wp-content\/uploads\/2025\/01\/Single-Phase-Induction-Motor-Suppliers.webp 900w, https:\/\/fmp-components.com\/wp-content\/uploads\/2025\/01\/Single-Phase-Induction-Motor-Suppliers-480x320.webp 480w\" alt=\"Dostawcy silnik\u00f3w indukcyjnych jednofazowych\" width=\"900\" height=\"600\" title=\"\"><\/td>\n<td style=\"width: 659.231%;\"><img loading=\"lazy\" decoding=\"async\" class=\"alignnone size-full wp-image-3470\" src=\"https:\/\/fmp-components.com\/wp-content\/uploads\/2025\/01\/Single-Phase-Induction-Motor-Manufacturers-1.webp\" sizes=\"(min-width: 0px) and (max-width: 480px) 480px, (min-width: 481px) 900px, 100vw\" srcset=\"https:\/\/fmp-components.com\/wp-content\/uploads\/2025\/01\/Single-Phase-Induction-Motor-Manufacturers-1.webp 900w, https:\/\/fmp-components.com\/wp-content\/uploads\/2025\/01\/Single-Phase-Induction-Motor-Manufacturers-1-480x320.webp 480w\" alt=\"Producenci silnik\u00f3w indukcyjnych jednofazowych 1\" width=\"900\" height=\"600\" title=\"\"><\/td>\n<\/tr>\n<tr>\n<td style=\"width: 49.2308%;\"><img loading=\"lazy\" decoding=\"async\" class=\"alignnone size-full wp-image-3472\" src=\"https:\/\/fmp-components.com\/wp-content\/uploads\/2025\/01\/Single-Phase-Induction-Motor-Manufacturers.webp\" sizes=\"(min-width: 0px) and (max-width: 480px) 480px, (min-width: 481px) 900px, 100vw\" srcset=\"https:\/\/fmp-components.com\/wp-content\/uploads\/2025\/01\/Single-Phase-Induction-Motor-Manufacturers.webp 900w, https:\/\/fmp-components.com\/wp-content\/uploads\/2025\/01\/Single-Phase-Induction-Motor-Manufacturers-480x320.webp 480w\" alt=\"Producenci silnik\u00f3w indukcyjnych jednofazowych\" width=\"900\" height=\"600\" title=\"\"><\/td>\n<td style=\"width: 659.231%;\"><img loading=\"lazy\" decoding=\"async\" class=\"alignnone size-full wp-image-3473\" src=\"https:\/\/fmp-components.com\/wp-content\/uploads\/2025\/01\/Single-Phase-Induction-Motor-for-Sale.webp\" sizes=\"(min-width: 0px) and (max-width: 480px) 480px, (min-width: 481px) 900px, 100vw\" srcset=\"https:\/\/fmp-components.com\/wp-content\/uploads\/2025\/01\/Single-Phase-Induction-Motor-for-Sale.webp 900w, https:\/\/fmp-components.com\/wp-content\/uploads\/2025\/01\/Single-Phase-Induction-Motor-for-Sale-480x320.webp 480w\" alt=\"Silnik indukcyjny jednofazowy na sprzeda\u017c\" width=\"900\" height=\"600\" title=\"\"><\/td>\n<\/tr>\n<\/tbody>\n<\/table>\n<p>Autor: CX<\/p>","protected":false},"excerpt":{"rendered":"<p>Frame Type Flange type Poles D E F G M N P R S T Flange hole shaft hole AC AD 71 FT130 2, 4, 6 14 30 5 11 130 110 160 0 10 3.5 4 M5 134 129 80 FT165 2, 4, 6 19 40 6 15.5 165 130 200 0 12 3.5 [&hellip;]<\/p>","protected":false},"featured_media":3538,"comment_status":"open","ping_status":"closed","template":"","meta":{"_et_pb_use_builder":"","_et_pb_old_content":"","_et_gb_content_width":""},"product_brand":[],"product_cat":[88],"product_tag":[],"class_list":{"0":"post-3535","1":"product","2":"type-product","3":"status-publish","4":"has-post-thumbnail","6":"product_cat-stainless-steel-motors","8":"first","9":"instock","10":"shipping-taxable","11":"product-type-simple"},"_links":{"self":[{"href":"https:\/\/fmp-components.com\/pl\/wp-json\/wp\/v2\/product\/3535","targetHints":{"allow":["GET"]}}],"collection":[{"href":"https:\/\/fmp-components.com\/pl\/wp-json\/wp\/v2\/product"}],"about":[{"href":"https:\/\/fmp-components.com\/pl\/wp-json\/wp\/v2\/types\/product"}],"replies":[{"embeddable":true,"href":"https:\/\/fmp-components.com\/pl\/wp-json\/wp\/v2\/comments?post=3535"}],"wp:featuredmedia":[{"embeddable":true,"href":"https:\/\/fmp-components.com\/pl\/wp-json\/wp\/v2\/media\/3538"}],"wp:attachment":[{"href":"https:\/\/fmp-components.com\/pl\/wp-json\/wp\/v2\/media?parent=3535"}],"wp:term":[{"taxonomy":"product_brand","embeddable":true,"href":"https:\/\/fmp-components.com\/pl\/wp-json\/wp\/v2\/product_brand?post=3535"},{"taxonomy":"product_cat","embeddable":true,"href":"https:\/\/fmp-components.com\/pl\/wp-json\/wp\/v2\/product_cat?post=3535"},{"taxonomy":"product_tag","embeddable":true,"href":"https:\/\/fmp-components.com\/pl\/wp-json\/wp\/v2\/product_tag?post=3535"}],"curies":[{"name":"wp","href":"https:\/\/api.w.org\/{rel}","templated":true}]}}