{"id":344,"date":"2024-12-09T07:30:47","date_gmt":"2024-12-09T07:30:47","guid":{"rendered":"https:\/\/fmp-components.com\/?page_id=8"},"modified":"2024-12-09T07:30:47","modified_gmt":"2024-12-09T07:30:47","slug":"lift-hydraulic-cylinder-for-cart","status":"publish","type":"product","link":"https:\/\/fmp-components.com\/pl\/product\/lift-hydraulic-cylinder-for-cart\/","title":{"rendered":"Podno\u015bnik hydrauliczny do w\u00f3zka"},"content":{"rendered":"<p style=\"text-align: center;\"><span style=\"font-size: 18pt;\">Cz\u0119\u015bci cylindra hydraulicznego podno\u015bnika w\u00f3zka:<\/span><\/p>\n<p><img loading=\"lazy\" decoding=\"async\" class=\"alignnone size-full wp-image-347\" src=\"https:\/\/fmp-components.com\/wp-content\/uploads\/2024\/12\/Cart-Lift-Hydraulic-Cylinder-Parts.webp\" alt=\"Cz\u0119\u015bci do si\u0142ownik\u00f3w hydraulicznych do w\u00f3zk\u00f3w podno\u015bnikowych\" width=\"1024\" height=\"467\" title=\"\" srcset=\"https:\/\/fmp-components.com\/wp-content\/uploads\/2024\/12\/Cart-Lift-Hydraulic-Cylinder-Parts.webp 1024w, https:\/\/fmp-components.com\/wp-content\/uploads\/2024\/12\/Cart-Lift-Hydraulic-Cylinder-Parts-980x447.webp 980w, https:\/\/fmp-components.com\/wp-content\/uploads\/2024\/12\/Cart-Lift-Hydraulic-Cylinder-Parts-480x219.webp 480w\" sizes=\"(min-width: 0px) and (max-width: 480px) 480px, (min-width: 481px) and (max-width: 980px) 980px, (min-width: 981px) 1024px, 100vw\" \/><\/p>\n<h2>Wymiary cylindra hydraulicznego podno\u015bnika w\u00f3zka:<\/h2>\n<table>\n<tbody>\n<tr>\n<td>\n<h2><img loading=\"lazy\" decoding=\"async\" class=\"alignnone size-full wp-image-345\" src=\"https:\/\/fmp-components.com\/wp-content\/uploads\/2024\/12\/Cart-Lift-Hydraulic-Cylinder-Dimensions-1.webp\" alt=\"Wymiary si\u0142ownika hydraulicznego podno\u015bnika w\u00f3zka\" width=\"600\" height=\"710\" title=\"\" srcset=\"https:\/\/fmp-components.com\/wp-content\/uploads\/2024\/12\/Cart-Lift-Hydraulic-Cylinder-Dimensions-1.webp 600w, https:\/\/fmp-components.com\/wp-content\/uploads\/2024\/12\/Cart-Lift-Hydraulic-Cylinder-Dimensions-1-480x568.webp 480w\" sizes=\"(min-width: 0px) and (max-width: 480px) 480px, (min-width: 481px) 600px, 100vw\" \/><\/h2>\n<\/td>\n<td>\n<h2><img loading=\"lazy\" decoding=\"async\" class=\"alignnone size-full wp-image-346\" src=\"https:\/\/fmp-components.com\/wp-content\/uploads\/2024\/12\/Cart-Lift-Hydraulic-Cylinder-Dimensions-2.webp\" alt=\"Wymiary si\u0142ownika hydraulicznego podno\u015bnika w\u00f3zka\" width=\"600\" height=\"710\" title=\"\" srcset=\"https:\/\/fmp-components.com\/wp-content\/uploads\/2024\/12\/Cart-Lift-Hydraulic-Cylinder-Dimensions-2.webp 600w, https:\/\/fmp-components.com\/wp-content\/uploads\/2024\/12\/Cart-Lift-Hydraulic-Cylinder-Dimensions-2-480x568.webp 480w\" sizes=\"(min-width: 0px) and (max-width: 480px) 480px, (min-width: 481px) 600px, 100vw\" \/><\/h2>\n<\/td>\n<\/tr>\n<\/tbody>\n<\/table>\n<table border=\"1\" cellspacing=\"0\" cellpadding=\"0\">\n<tbody>\n<tr>\n<td width=\"246\">Nazwa cylindra<\/td>\n<td width=\"336\">Numer rysunku<\/td>\n<td width=\"126\">\u015arednica otworu (D)<\/td>\n<td width=\"123\">\u015arednica pr\u0119ta (d)<\/td>\n<td width=\"114\">Udar (S)<\/td>\n<td width=\"170\">Odleg\u0142o\u015b\u0107 instalacji (L)<\/td>\n<td width=\"172\">Ci\u015bnienie robocze<\/td>\n<td width=\"366\">Wymiary interfejsu (M)<\/td>\n<td width=\"96\">Waga<\/td>\n<\/tr>\n<tr>\n<td width=\"246\">Cylinder podnosz\u0105cy do w\u00f3zka<\/td>\n<td width=\"336\">AIMBN156-620000-001<\/td>\n<td width=\"126\">\u03a645<\/td>\n<td width=\"123\">\u03a640<\/td>\n<td width=\"114\">125<\/td>\n<td width=\"170\">313<\/td>\n<td width=\"172\">18 MPa<\/td>\n<td width=\"366\">M12*1,5<\/td>\n<td width=\"96\">6,5 kg<\/td>\n<\/tr>\n<tr>\n<td width=\"246\">Cylinder podnosz\u0105cy do w\u00f3zka<\/td>\n<td>AIMBJ150-620000-000<\/td>\n<td>\u03a640<\/td>\n<td>\u03a635<\/td>\n<td>155<\/td>\n<td>354.7<\/td>\n<td>22 MPa<\/td>\n<td>\u03a66<\/td>\n<td>6,5 kg<\/td>\n<\/tr>\n<tr>\n<td width=\"246\">Cylinder podnosz\u0105cy do w\u00f3zka<\/td>\n<td width=\"336\">AIMBA200-620000-000<\/td>\n<td>\u03a645<\/td>\n<td>\u03a640<\/td>\n<td>155<\/td>\n<td>355<\/td>\n<td>20 MPa<\/td>\n<td>\u03a66<\/td>\n<td>6,5 kg<\/td>\n<\/tr>\n<tr>\n<td width=\"246\">Cylinder podnosz\u0105cy do w\u00f3zka<\/td>\n<td>EPT18H-301-00<\/td>\n<td>\u03a640<\/td>\n<td>\u03a635<\/td>\n<td>120<\/td>\n<td>233<\/td>\n<td>25 MPa<\/td>\n<td>M12*1,5<\/td>\n<td>3,6 kg<\/td>\n<\/tr>\n<\/tbody>\n<\/table>\n<h2 style=\"box-sizing: border-box; user-select: initial !important; margin: 0px; padding: 0px 0px 10px; border: 0px; outline: 0px; font-size: 26px; text-size-adjust: 100%; vertical-align: baseline; background: #ffffff; color: #333333; line-height: 1em; font-weight: 500; font-family: Nunito, Helvetica, Arial, Lucida, sans-serif; font-style: normal; font-variant-ligatures: normal; font-variant-caps: normal; letter-spacing: normal; orphans: 2; text-align: start; text-indent: 0px; text-transform: none; widows: 2; word-spacing: 0px; -webkit-text-stroke-width: 0px; white-space: normal; text-decoration-thickness: initial; text-decoration-style: initial; text-decoration-color: initial;\">Dost\u0119pne marki i modele cylindr\u00f3w hydraulicznych:<\/h2>\n<table style=\"box-sizing: border-box; border-collapse: collapse; border-spacing: 0px; word-break: break-all; color: #666666; font-family: Nunito, Helvetica, Arial, Lucida, sans-serif; font-size: 16px; font-style: normal; font-variant-ligatures: normal; font-variant-caps: normal; font-weight: 500; letter-spacing: normal; orphans: 2; text-align: start; text-transform: none; widows: 2; word-spacing: 0px; -webkit-text-stroke-width: 0px; white-space: normal; background-color: #ffffff; text-decoration-thickness: initial; text-decoration-style: initial; text-decoration-color: initial; width: 100.174%; user-select: initial !important; height: 597px;\" border=\"1\" cellspacing=\"0\" cellpadding=\"0\">\n<tbody style=\"box-sizing: border-box; user-select: initial !important;\">\n<tr style=\"box-sizing: border-box; user-select: initial !important;\">\n<td style=\"box-sizing: border-box; user-select: initial !important;\"><b style=\"box-sizing: border-box; user-select: initial !important; margin: 0px; padding: 0px; border: 0px; outline: 0px; font-size: 16px; text-size-adjust: 100%; vertical-align: baseline; background: transparent;\" data-spm-anchor-id=\"a2700.details.0.i43.45d84a73e99C9z\">KOMATSU (PC)<\/b><\/td>\n<td style=\"box-sizing: border-box; user-select: initial !important;\">PC30, PC40, PC50, PC56, PC60, PC78, PC100, PC110, PC120, PC130, PC160, PC200-3\/5\/6\/7\/8\/8MO, PC210, PC220-5\/6\/7\/8\/8MO, PC240, PC300\/350\/360-5\/6\/7\/8\/8MO, PC400\/450-5\/6\/7\/8\/8MO, PC800, PC850<\/td>\n<\/tr>\n<tr style=\"box-sizing: border-box; user-select: initial !important;\">\n<td style=\"box-sizing: border-box; user-select: initial !important;\"><b style=\"box-sizing: border-box; user-select: initial !important; margin: 0px; padding: 0px; border: 0px; outline: 0px; font-size: 16px; text-size-adjust: 100%; vertical-align: baseline; background: transparent;\">G\u0104SIENICA (E)<\/b><\/td>\n<td style=\"box-sizing: border-box; user-select: initial !important;\">E301.5, E302, E305.5, E306, E307V1\/V2\/B\/C\/D\/E\/F, E308B\/C, E120B, E312V1\/V2\/B\/C\/D, E313D2, E312D2, E315D,<br style=\"box-sizing: border-box; user-select: initial !important;\" \/>E200B,E320V1\/V2\/A\/B\/C\/D,E324D,E325C\/D,E329D,E330\/336C\/D,E345C,E349D,E365C,E374,E390<\/td>\n<\/tr>\n<tr style=\"box-sizing: border-box; user-select: initial !important;\">\n<td style=\"box-sizing: border-box; user-select: initial !important;\"><b style=\"box-sizing: border-box; user-select: initial !important; margin: 0px; padding: 0px; border: 0px; outline: 0px; font-size: 16px; text-size-adjust: 100%; vertical-align: baseline; background: transparent;\">KOBELCO (SK)<\/b><\/td>\n<td style=\"box-sizing: border-box; user-select: initial !important;\">SK60-3\/5\/8, SK75-8\/SR, SK100, SK120-3\/5, SK135-8\/SR, SK140-8, SK200-3\/5\/6\/6E, SK210-3\/5\/6\/6E,<br style=\"box-sizing: border-box; user-select: initial !important;\" \/>SK230\/250-6E, SK250-8, SK260-8, SK350-8\/S8, SK460\/480-8<\/td>\n<\/tr>\n<tr style=\"box-sizing: border-box; user-select: initial !important;\">\n<td style=\"box-sizing: border-box; user-select: initial !important;\"><b style=\"box-sizing: border-box; user-select: initial !important; margin: 0px; padding: 0px; border: 0px; outline: 0px; font-size: 16px; text-size-adjust: 100%; vertical-align: baseline; background: transparent;\">HYUNDAI (z prawej)<\/b><\/td>\n<td style=\"box-sizing: border-box; user-select: initial !important;\">R55-5\/7, R60-5\/7, R80, R110, R130, R200-5, R210-5, R215-5\/7, R220-5\/7\/9, R225-5\/7\/9, R250, R260, R265, R290, R305, R445, R485, R505<\/td>\n<\/tr>\n<tr style=\"box-sizing: border-box; user-select: initial !important;\">\n<td style=\"box-sizing: border-box; user-select: initial !important;\"><b style=\"box-sizing: border-box; user-select: initial !important; margin: 0px; padding: 0px; border: 0px; outline: 0px; font-size: 16px; text-size-adjust: 100%; vertical-align: baseline; background: transparent;\" data-spm-anchor-id=\"a2700.details.0.i53.45d84a73e99C9z\">HITACHI (EX.ZX)<\/b><\/td>\n<td style=\"box-sizing: border-box; user-select: initial !important;\">EX60, EX100-1\/2\/3, EX120-1\/3\/5\/6, EX200-1\/3\/5, EX230-5, EX300-1, EX400<br style=\"box-sizing: border-box; user-select: initial !important;\" \/>ZAX60, ZAX70, ZA120-6, ZAX200\/210-1\/3\/5\/5K, ZAX240, ZAX250, ZAX260, ZAX330-3\/5\/6, ZAX450\/470, ZAX650\/670, ZAX850\/870<\/td>\n<\/tr>\n<tr style=\"box-sizing: border-box; user-select: initial !important;\">\n<td style=\"box-sizing: border-box; user-select: initial !important;\">\n<div class=\"magic-32\" style=\"box-sizing: border-box; user-select: initial !important; margin: 0px; padding: 0px; border: 0px; outline: 0px; font-size: 16px; text-size-adjust: 100%; vertical-align: baseline; background: transparent;\"><b style=\"box-sizing: border-box; user-select: initial !important; margin: 0px; padding: 0px; border: 0px; outline: 0px; font-size: 16px; text-size-adjust: 100%; vertical-align: baseline; background: transparent;\" data-spm-anchor-id=\"a2700.details.0.i55.45d84a73e99C9z\">DOOSAN (DH\/DX)<\/b><\/div>\n<\/td>\n<td style=\"box-sizing: border-box; user-select: initial !important;\">\n<div class=\"magic-33\" style=\"box-sizing: border-box; user-select: initial !important; margin: 0px; padding: 0px; border: 0px; outline: 0px; font-size: 16px; text-size-adjust: 100%; vertical-align: baseline; background: transparent;\"><span class=\"magic-34\" style=\"box-sizing: border-box; user-select: initial !important; margin: 0px; padding: 0px; border: 0px; outline: 0px; font-size: 16px; text-size-adjust: 100%; vertical-align: baseline; background: transparent;\">DH55, DH60, DH80, DH150, DH215-5\/7, DH220-5, DH225-5\/7, DH258, DH300-5\/7, DH370, DH420, DH500<br style=\"box-sizing: border-box; user-select: initial !important;\" \/>DX55, DX60, DX75, DX130, DX225-9, DX300, DX380, DX420, DX500<\/span><\/div>\n<\/td>\n<\/tr>\n<tr style=\"box-sizing: border-box; user-select: initial !important;\">\n<td style=\"box-sizing: border-box; user-select: initial !important;\">\n<div class=\"magic-32\" style=\"box-sizing: border-box; user-select: initial !important; margin: 0px; padding: 0px; border: 0px; outline: 0px; font-size: 16px; text-size-adjust: 100%; vertical-align: baseline; background: transparent;\"><b style=\"box-sizing: border-box; user-select: initial !important; margin: 0px; padding: 0px; border: 0px; outline: 0px; font-size: 16px; text-size-adjust: 100%; vertical-align: baseline; background: transparent;\">VOLVO (WE)<\/b><\/div>\n<\/td>\n<td style=\"box-sizing: border-box; user-select: initial !important;\">\n<div class=\"magic-33\" style=\"box-sizing: border-box; user-select: initial !important; margin: 0px; padding: 0px; border: 0px; outline: 0px; font-size: 16px; text-size-adjust: 100%; vertical-align: baseline; background: transparent;\"><span class=\"magic-34\" style=\"box-sizing: border-box; user-select: initial !important; margin: 0px; padding: 0px; border: 0px; outline: 0px; font-size: 16px; text-size-adjust: 100%; vertical-align: baseline; background: transparent;\">EC55, EC60, EC75, EC80, EC140, EC210B\/D, EC220D, EC240, EC250, EC290, EC300, EC360 EC380, EC460, EC480, EC700, EC750, EC950<\/span><\/div>\n<\/td>\n<\/tr>\n<tr style=\"box-sizing: border-box; user-select: initial !important;\">\n<td style=\"box-sizing: border-box; user-select: initial !important;\">\n<div class=\"magic-32\" style=\"box-sizing: border-box; user-select: initial !important; margin: 0px; padding: 0px; border: 0px; outline: 0px; font-size: 16px; text-size-adjust: 100%; vertical-align: baseline; background: transparent;\"><b style=\"box-sizing: border-box; user-select: initial !important; margin: 0px; padding: 0px; border: 0px; outline: 0px; font-size: 16px; text-size-adjust: 100%; vertical-align: baseline; background: transparent;\">KATO (HD)<\/b><\/div>\n<\/td>\n<td style=\"box-sizing: border-box; user-select: initial !important;\">\n<div class=\"magic-33\" style=\"box-sizing: border-box; user-select: initial !important; margin: 0px; padding: 0px; border: 0px; outline: 0px; font-size: 16px; text-size-adjust: 100%; vertical-align: baseline; background: transparent;\"><span class=\"magic-34\" style=\"box-sizing: border-box; user-select: initial !important; margin: 0px; padding: 0px; border: 0px; outline: 0px; font-size: 16px; text-size-adjust: 100%; vertical-align: baseline; background: transparent;\">HD307\/308,HD450,HD512,HD700-5\/7,HD820-1\/2\/3\/5\/R,HD1023-1\/3,HD1430-1\/3<\/span><\/div>\n<\/td>\n<\/tr>\n<tr style=\"box-sizing: border-box; user-select: initial !important;\">\n<td style=\"box-sizing: border-box; user-select: initial !important;\">\n<div class=\"magic-32\" style=\"box-sizing: border-box; user-select: initial !important; margin: 0px; padding: 0px; border: 0px; outline: 0px; font-size: 16px; text-size-adjust: 100%; vertical-align: baseline; background: transparent;\"><b style=\"box-sizing: border-box; user-select: initial !important; margin: 0px; padding: 0px; border: 0px; outline: 0px; font-size: 16px; text-size-adjust: 100%; vertical-align: baseline; background: transparent;\">INNE MARKI<\/b><\/div>\n<\/td>\n<td style=\"box-sizing: border-box; user-select: initial !important;\">\n<div class=\"magic-33\" style=\"box-sizing: border-box; user-select: initial !important; margin: 0px; padding: 0px; border: 0px; outline: 0px; font-size: 16px; text-size-adjust: 100%; vertical-align: baseline; background: transparent;\"><span class=\"magic-34\" style=\"box-sizing: border-box; user-select: initial !important; margin: 0px; padding: 0px; border: 0px; outline: 0px; font-size: 16px; text-size-adjust: 100%; vertical-align: baseline; background: transparent;\">XCMG, LIUGONG, KUBOTA, CASE, YANMAR, SUNWARD, ZOOMLION, LISHIDE, LIEHERR<\/span><\/div>\n<\/td>\n<\/tr>\n<\/tbody>\n<\/table>\n<h3>O FMP<\/h3>\n<p>FMP to wyspecjalizowany producent si\u0142ownik\u00f3w hydraulicznych, k\u0142ad\u0105cy du\u017cy nacisk na badania i produkcj\u0119. Od momentu powstania firma konsekwentnie koncentruje si\u0119 na rozwoju si\u0142ownik\u00f3w hydraulicznych, rozwijaj\u0105c si\u0119 od produkcji r\u00f3\u017cnorodnych produkt\u00f3w, takich jak maszyny do zbioru plon\u00f3w i maszyny budowlane, po specjalizacj\u0119 w produkcji podzespo\u0142\u00f3w do ci\u0105gnik\u00f3w rolniczych. Dzi\u0119ki ponad dziesi\u0119cioletniemu do\u015bwiadczeniu w produkcji, do\u015bwiadczeniu w zarz\u0105dzaniu oraz zaawansowanej technologii produkcji, FMP gwarantuje najwy\u017csz\u0105 jako\u015b\u0107 swoich produkt\u00f3w.<\/p>\n<p>Wraz z rozwojem firmy, firma stworzy\u0142a kompleksow\u0105 lini\u0119 produkcyjn\u0105 do obr\u00f3bki mechanicznej, lini\u0119 monta\u017cow\u0105 oraz lini\u0119 do powlekania. FMP jest wspierana przez dedykowany zesp\u00f3\u0142 do\u015bwiadczonych kadr zarz\u0105dzaj\u0105cych, wykwalifikowanych konstruktor\u00f3w mechanik\u00f3w oraz wysoko wykwalifikowanych pracownik\u00f3w technicznych. Gwarantuje to stabiln\u0105 jako\u015b\u0107 produkt\u00f3w, a jednocze\u015bnie skutecznie kontroluje ci\u0105g\u0142o\u015b\u0107 procesu i og\u00f3ln\u0105 efektywno\u015b\u0107 produkcji.<\/p>\n<p>FMP kieruje si\u0119 podstawowymi warto\u015bciami: \u201eInnowacje technologiczne nap\u0119dzaj\u0105 post\u0119p, jako\u015b\u0107 tworzy marki, rzemios\u0142o gwarantuje jako\u015b\u0107 i buduje d\u0142ugoterminowe relacje korzystne dla obu stron\u201d. Firma niezmiennie d\u0105\u017cy do dostarczania wysokiej jako\u015bci produkt\u00f3w i zapewniania klientom doskona\u0142ej obs\u0142ugi, nieustannie d\u0105\u017c\u0105c do zaspokojenia zmieniaj\u0105cych si\u0119 potrzeb rynku.<\/p>\n<p><img loading=\"lazy\" decoding=\"async\" class=\"alignnone wp-image-303\" src=\"https:\/\/fmp-components.com\/wp-content\/uploads\/2024\/12\/hydraulic-cylinder-factory-11_1.webp\" alt=\"fabryka cylindr\u00f3w hydraulicznych\" width=\"917\" height=\"1003\" title=\"\" srcset=\"https:\/\/fmp-components.com\/wp-content\/uploads\/2024\/12\/hydraulic-cylinder-factory-11_1.webp 917w, https:\/\/fmp-components.com\/wp-content\/uploads\/2024\/12\/hydraulic-cylinder-factory-11_1-480x525.webp 480w\" sizes=\"(min-width: 0px) and (max-width: 480px) 480px, (min-width: 481px) 917px, 100vw\" \/><\/p>\n<table style=\"width: 100%;\" border=\"1\" width=\"100%\" cellspacing=\"0\" cellpadding=\"0\">\n<tbody>\n<tr>\n<td style=\"width: 41.9294%;\" width=\"226\"><img loading=\"lazy\" decoding=\"async\" class=\"alignnone size-full wp-image-309\" src=\"https:\/\/fmp-components.com\/wp-content\/uploads\/2024\/12\/Forklift-Tilt-Hydraulic-Cylinder.webp\" alt=\"Si\u0142ownik hydrauliczny przechy\u0142u w\u00f3zka wid\u0142owego\" width=\"1000\" height=\"750\" title=\"\" srcset=\"https:\/\/fmp-components.com\/wp-content\/uploads\/2024\/12\/Forklift-Tilt-Hydraulic-Cylinder.webp 1000w, https:\/\/fmp-components.com\/wp-content\/uploads\/2024\/12\/Forklift-Tilt-Hydraulic-Cylinder-980x735.webp 980w, https:\/\/fmp-components.com\/wp-content\/uploads\/2024\/12\/Forklift-Tilt-Hydraulic-Cylinder-480x360.webp 480w\" sizes=\"(min-width: 0px) and (max-width: 480px) 480px, (min-width: 481px) and (max-width: 980px) 980px, (min-width: 981px) 1000px, 100vw\" \/><\/td>\n<td style=\"width: 55.6484%;\" width=\"64\"><img loading=\"lazy\" decoding=\"async\" class=\"alignnone wp-image-283\" src=\"https:\/\/fmp-components.com\/wp-content\/uploads\/2024\/12\/hydraulic-cylinder-factory-5.webp\" alt=\"fabryka cylindr\u00f3w hydraulicznych\" width=\"542\" height=\"312\" title=\"\"><\/td>\n<\/tr>\n<\/tbody>\n<\/table>\n<p>Autor: CX<\/p>","protected":false},"excerpt":{"rendered":"<p>Si\u0142ownik hydrauliczny podno\u015bnika do w\u00f3zk\u00f3w to kluczowy element zaprojektowany z my\u015bl\u0105 o u\u0142atwieniu podnoszenia i opuszczania w\u00f3zk\u00f3w z \u0142atwo\u015bci\u0105 i wydajno\u015bci\u0105. Wykonany z materia\u0142\u00f3w o wysokiej wytrzyma\u0142o\u015bci, ten si\u0142ownik hydrauliczny zapewnia niezawodn\u0105 prac\u0119 przy du\u017cych obci\u0105\u017ceniach, dzi\u0119ki czemu idealnie nadaje si\u0119 do zastosowa\u0144 przemys\u0142owych, komercyjnych i rolniczych. Jego p\u0142ynnie dzia\u0142aj\u0105cy mechanizm zapewnia r\u00f3wnomierne podnoszenie i opuszczanie, umo\u017cliwiaj\u0105c precyzyjn\u0105 kontrol\u0119 podczas transportu r\u00f3\u017cnych materia\u0142\u00f3w. Si\u0142ownik zosta\u0142 zaprojektowany jako kompaktowy i lekki, co u\u0142atwia integracj\u0119 z systemami w\u00f3zk\u00f3w bez zb\u0119dnego zwi\u0119kszania ich masy. Dzi\u0119ki solidnej konstrukcji i niezawodnej funkcjonalno\u015bci, si\u0142ownik hydrauliczny podno\u015bnika zwi\u0119ksza wydajno\u015b\u0107 i bezpiecze\u0144stwo w ka\u017cdym \u015brodowisku transportu materia\u0142\u00f3w.<\/p>","protected":false},"featured_media":349,"comment_status":"open","ping_status":"closed","template":"","meta":{"_et_pb_use_builder":"","_et_pb_old_content":"","_et_gb_content_width":""},"product_brand":[],"product_cat":[20],"product_tag":[],"class_list":{"0":"post-344","1":"product","2":"type-product","3":"status-publish","4":"has-post-thumbnail","6":"product_cat-forklift-hydraulic-cylinders","8":"first","9":"instock","10":"shipping-taxable","11":"product-type-simple"},"_links":{"self":[{"href":"https:\/\/fmp-components.com\/pl\/wp-json\/wp\/v2\/product\/344","targetHints":{"allow":["GET"]}}],"collection":[{"href":"https:\/\/fmp-components.com\/pl\/wp-json\/wp\/v2\/product"}],"about":[{"href":"https:\/\/fmp-components.com\/pl\/wp-json\/wp\/v2\/types\/product"}],"replies":[{"embeddable":true,"href":"https:\/\/fmp-components.com\/pl\/wp-json\/wp\/v2\/comments?post=344"}],"wp:featuredmedia":[{"embeddable":true,"href":"https:\/\/fmp-components.com\/pl\/wp-json\/wp\/v2\/media\/349"}],"wp:attachment":[{"href":"https:\/\/fmp-components.com\/pl\/wp-json\/wp\/v2\/media?parent=344"}],"wp:term":[{"taxonomy":"product_brand","embeddable":true,"href":"https:\/\/fmp-components.com\/pl\/wp-json\/wp\/v2\/product_brand?post=344"},{"taxonomy":"product_cat","embeddable":true,"href":"https:\/\/fmp-components.com\/pl\/wp-json\/wp\/v2\/product_cat?post=344"},{"taxonomy":"product_tag","embeddable":true,"href":"https:\/\/fmp-components.com\/pl\/wp-json\/wp\/v2\/product_tag?post=344"}],"curies":[{"name":"wp","href":"https:\/\/api.w.org\/{rel}","templated":true}]}}