{"id":3364,"date":"2025-01-07T02:27:08","date_gmt":"2025-01-07T02:27:08","guid":{"rendered":"https:\/\/fmp-components.com\/?page_id=8"},"modified":"2025-01-07T03:32:13","modified_gmt":"2025-01-07T03:32:13","slug":"yyyn-jb-gear-reducer-single-three-phase-motor-series","status":"publish","type":"product","link":"https:\/\/fmp-components.com\/pl\/product\/yyyn-jb-gear-reducer-single-three-phase-motor-series\/","title":{"rendered":"Seria silnik\u00f3w jednofazowych\/tr\u00f3jfazowych z przek\u0142adni\u0105 redukcyjn\u0105 YY(YN)\/JB"},"content":{"rendered":"<h2>60YN6-2CZ\/JB150G8<\/h2>\n<p><img loading=\"lazy\" decoding=\"async\" class=\"size-full wp-image-3372 aligncenter\" src=\"https:\/\/fmp-components.com\/wp-content\/uploads\/2025\/01\/60YN6-2CZ-JB150G8-1.webp\" alt=\"60YN6-2CZ-JB150G8-1\" width=\"516\" height=\"330\" title=\"\" srcset=\"https:\/\/fmp-components.com\/wp-content\/uploads\/2025\/01\/60YN6-2CZ-JB150G8-1.webp 516w, https:\/\/fmp-components.com\/wp-content\/uploads\/2025\/01\/60YN6-2CZ-JB150G8-1-480x307.webp 480w\" sizes=\"(min-width: 0px) and (max-width: 480px) 480px, (min-width: 481px) 516px, 100vw\" \/><\/p>\n<table style=\"width: 100%;\" border=\"1\" width=\"100%\" cellspacing=\"0\" cellpadding=\"0\">\n<tbody>\n<tr>\n<th>Nazwa produktu<\/th>\n<td>60YN6-2CZ\/JB150G8<\/td>\n<\/tr>\n<tr>\n<th>Typ silnika<\/th>\n<td>Silnik asynchroniczny jednofazowy, 4-biegunowy, 6W<\/td>\n<\/tr>\n<tr>\n<th>Zasilacz<\/th>\n<td>220 V, 50 Hz (mo\u017cna r\u00f3wnie\u017c u\u017cywa\u0107 z napi\u0119ciem 230 V, 110 V lub 100 V)<\/td>\n<\/tr>\n<tr>\n<th>Cechy silnika<\/th>\n<td><strong>Moc:<\/strong> 6W<br \/>\n<strong>Obudowa silnika:<\/strong> Rozmiar ramy 60<br \/>\n<strong>Dodatkowe funkcje:<\/strong> Funkcja t\u0142umienia mechanicznego (Z)<br \/>\n<strong>Ochrona termiczna:<\/strong> Wyposa\u017cony w zabezpieczenie termiczne (P)<\/td>\n<\/tr>\n<tr>\n<th>Skrzynia bieg\u00f3w<\/th>\n<td><strong>Model:<\/strong> Przek\u0142adnia redukcyjna 60JB z wa\u0142em niecentralnym<br \/>\n<strong>Projekt:<\/strong> Zintegrowana struktura<br \/>\n<strong>Wsp\u00f3\u0142czynnik redukcji:<\/strong> 1:150<br \/>\n<strong>Namiar:<\/strong> \u0141o\u017cyska toczne<br \/>\n<strong>\u015arednica wa\u0142u:<\/strong> 8 mm<\/td>\n<\/tr>\n<\/tbody>\n<\/table>\n<p><img loading=\"lazy\" decoding=\"async\" class=\"alignnone size-full wp-image-3373\" src=\"https:\/\/fmp-components.com\/wp-content\/uploads\/2025\/01\/60YN6-2CZ-JB150G8.webp\" alt=\"60YN6-2CZ-JB150G8\" width=\"919\" height=\"628\" title=\"\" srcset=\"https:\/\/fmp-components.com\/wp-content\/uploads\/2025\/01\/60YN6-2CZ-JB150G8.webp 919w, https:\/\/fmp-components.com\/wp-content\/uploads\/2025\/01\/60YN6-2CZ-JB150G8-480x328.webp 480w\" sizes=\"(min-width: 0px) and (max-width: 480px) 480px, (min-width: 481px) 919px, 100vw\" \/><\/p>\n<h2>70YN15-2CZ\/JB150G10<\/h2>\n<p><img loading=\"lazy\" decoding=\"async\" class=\"size-full wp-image-3376 aligncenter\" src=\"https:\/\/fmp-components.com\/wp-content\/uploads\/2025\/01\/70YN15-2CZ-JB150G10.webp\" alt=\"70YN15-2CZ-JB150G10\" width=\"325\" height=\"214\" title=\"\" srcset=\"https:\/\/fmp-components.com\/wp-content\/uploads\/2025\/01\/70YN15-2CZ-JB150G10.webp 325w, https:\/\/fmp-components.com\/wp-content\/uploads\/2025\/01\/70YN15-2CZ-JB150G10-300x198.webp 300w, https:\/\/fmp-components.com\/wp-content\/uploads\/2025\/01\/70YN15-2CZ-JB150G10-18x12.webp 18w\" sizes=\"(max-width: 325px) 100vw, 325px\" \/><\/p>\n<table style=\"width: 100%;\" border=\"1\" width=\"100%\" cellspacing=\"0\" cellpadding=\"0\">\n<tbody>\n<tr>\n<th>Nazwa produktu<\/th>\n<td>70YN15-2CZ\/JB150G10<\/td>\n<\/tr>\n<tr>\n<th>Typ silnika<\/th>\n<td>Silnik indukcyjny jednofazowy, 4-biegunowy, 15 W<\/td>\n<\/tr>\n<tr>\n<th>Zasilacz<\/th>\n<td>220 V, 50 Hz (kompatybilny r\u00f3wnie\u017c z 230 V, 110 V lub 100 V)<\/td>\n<\/tr>\n<tr>\n<th>Cechy silnika<\/th>\n<td><strong>Moc:<\/strong> 15 W<br \/>\n<strong>Rozmiar ramki:<\/strong> 70<br \/>\n<strong>Dodatkowe funkcje:<\/strong> Funkcja t\u0142umienia mechanicznego (Z)<br \/>\n<strong>Ochrona termiczna:<\/strong> Wyposa\u017cony w zabezpieczenie termiczne (P)<\/td>\n<\/tr>\n<tr>\n<th>Skrzynia bieg\u00f3w<\/th>\n<td><strong>Model:<\/strong> Przek\u0142adnia redukcyjna wa\u0142u niecentralnego 70JB<br \/>\n<strong>Projekt:<\/strong> Struktura integralna<br \/>\n<strong>Wsp\u00f3\u0142czynnik redukcji:<\/strong> 1:150<br \/>\n<strong>Namiar:<\/strong> \u0141o\u017cyska toczne<br \/>\n<strong>\u015arednica wa\u0142u:<\/strong> 10 mm<\/td>\n<\/tr>\n<\/tbody>\n<\/table>\n<p><img loading=\"lazy\" decoding=\"async\" class=\"alignnone size-full wp-image-3375\" src=\"https:\/\/fmp-components.com\/wp-content\/uploads\/2025\/01\/70YN15-2CZ-JB150G10-1.webp\" alt=\"70YN15-2CZ-JB150G10-1\" width=\"913\" height=\"731\" title=\"\" srcset=\"https:\/\/fmp-components.com\/wp-content\/uploads\/2025\/01\/70YN15-2CZ-JB150G10-1.webp 913w, https:\/\/fmp-components.com\/wp-content\/uploads\/2025\/01\/70YN15-2CZ-JB150G10-1-480x384.webp 480w\" sizes=\"(min-width: 0px) and (max-width: 480px) 480px, (min-width: 481px) 913px, 100vw\" \/><\/p>\n<h2>80YN25-2CZ\/JBE150G10<\/h2>\n<p><img loading=\"lazy\" decoding=\"async\" class=\"size-full wp-image-3377 aligncenter\" src=\"https:\/\/fmp-components.com\/wp-content\/uploads\/2025\/01\/80YN25-2CZ-JBE150G10-1.webp\" alt=\"80YN25-2CZ-JBE150G10-1\" width=\"305\" height=\"196\" title=\"\" srcset=\"https:\/\/fmp-components.com\/wp-content\/uploads\/2025\/01\/80YN25-2CZ-JBE150G10-1.webp 305w, https:\/\/fmp-components.com\/wp-content\/uploads\/2025\/01\/80YN25-2CZ-JBE150G10-1-300x193.webp 300w, https:\/\/fmp-components.com\/wp-content\/uploads\/2025\/01\/80YN25-2CZ-JBE150G10-1-18x12.webp 18w\" sizes=\"(max-width: 305px) 100vw, 305px\" \/><\/p>\n<table style=\"width: 100%;\" border=\"1\" width=\"100%\" cellspacing=\"0\" cellpadding=\"0\">\n<tbody>\n<tr>\n<th>Nazwa produktu<\/th>\n<td>80YN25-2CZ\/JBE150G10<\/td>\n<\/tr>\n<tr>\n<th>Typ silnika<\/th>\n<td>Silnik indukcyjny jednofazowy, 4-biegunowy, 25 W<\/td>\n<\/tr>\n<tr>\n<th>Zasilacz<\/th>\n<td>220 V, 50 Hz (kompatybilny r\u00f3wnie\u017c z 230 V, 110 V lub 100 V)<\/td>\n<\/tr>\n<tr>\n<th>Cechy silnika<\/th>\n<td><strong>Moc:<\/strong> 25 W<br \/>\n<strong>Rozmiar ramki:<\/strong> 80<br \/>\n<strong>Dodatkowe funkcje:<\/strong> Funkcja t\u0142umienia mechanicznego (Z)<br \/>\n<strong>Ochrona termiczna:<\/strong> Wyposa\u017cony w zabezpieczenie termiczne (P)<\/td>\n<\/tr>\n<tr>\n<th>Skrzynia bieg\u00f3w<\/th>\n<td><strong>Model:<\/strong> Przek\u0142adnia redukcyjna wa\u0142u niecentralnego 80JB<br \/>\n<strong>Projekt:<\/strong> Struktura integralna<br \/>\n<strong>Wsp\u00f3\u0142czynnik redukcji:<\/strong> 1:150<br \/>\n<strong>Namiar:<\/strong> \u0141o\u017cyska toczne<br \/>\n<strong>\u015arednica wa\u0142u:<\/strong> 10 mm<\/td>\n<\/tr>\n<\/tbody>\n<\/table>\n<p><img loading=\"lazy\" decoding=\"async\" class=\"alignnone size-full wp-image-3378\" src=\"https:\/\/fmp-components.com\/wp-content\/uploads\/2025\/01\/80YN25-2CZ-JBE150G10-2.webp\" alt=\"80YN25-2CZ-JBE150G10-2\" width=\"919\" height=\"721\" title=\"\" srcset=\"https:\/\/fmp-components.com\/wp-content\/uploads\/2025\/01\/80YN25-2CZ-JBE150G10-2.webp 919w, https:\/\/fmp-components.com\/wp-content\/uploads\/2025\/01\/80YN25-2CZ-JBE150G10-2-480x377.webp 480w\" sizes=\"(min-width: 0px) and (max-width: 480px) 480px, (min-width: 481px) 919px, 100vw\" \/><\/p>\n<h2>90YY40-2CZ\/JB150G12<\/h2>\n<p><img loading=\"lazy\" decoding=\"async\" class=\"size-full wp-image-3380 aligncenter\" src=\"https:\/\/fmp-components.com\/wp-content\/uploads\/2025\/01\/90YY40-2CZ-JB150G12-1.webp\" alt=\"90YY40-2CZ-JB150G12-1\" width=\"333\" height=\"204\" title=\"\" srcset=\"https:\/\/fmp-components.com\/wp-content\/uploads\/2025\/01\/90YY40-2CZ-JB150G12-1.webp 333w, https:\/\/fmp-components.com\/wp-content\/uploads\/2025\/01\/90YY40-2CZ-JB150G12-1-300x184.webp 300w, https:\/\/fmp-components.com\/wp-content\/uploads\/2025\/01\/90YY40-2CZ-JB150G12-1-18x12.webp 18w\" sizes=\"(max-width: 333px) 100vw, 333px\" \/><\/p>\n<table style=\"width: 100%;\" border=\"1\" width=\"100%\" cellspacing=\"0\" cellpadding=\"0\">\n<tbody>\n<tr>\n<th>Nazwa produktu<\/th>\n<td>90YY40-2CZ\/JB150G12<\/td>\n<\/tr>\n<tr>\n<th>Typ silnika<\/th>\n<td>Silnik indukcyjny jednofazowy, 4-biegunowy, 40 W<\/td>\n<\/tr>\n<tr>\n<th>Zasilacz<\/th>\n<td>220 V, 50 Hz (kompatybilny r\u00f3wnie\u017c z 230 V, 110 V lub 100 V)<\/td>\n<\/tr>\n<tr>\n<th>Cechy silnika<\/th>\n<td><strong>Moc:<\/strong> 40 W<br \/>\n<strong>Rozmiar ramki:<\/strong> 90<br \/>\n<strong>Dodatkowe funkcje:<\/strong> Funkcja t\u0142umienia mechanicznego (Z)<br \/>\n<strong>Ochrona termiczna:<\/strong> Wyposa\u017cony w zabezpieczenie termiczne (P)<\/td>\n<\/tr>\n<tr>\n<th>Skrzynia bieg\u00f3w<\/th>\n<td><strong>Model:<\/strong> Przek\u0142adnia redukcyjna wa\u0142u niecentralnego 90JB<br \/>\n<strong>Projekt:<\/strong> Struktura integralna<br \/>\n<strong>Wsp\u00f3\u0142czynnik redukcji:<\/strong> 1:150<br \/>\n<strong>Namiar:<\/strong> \u0141o\u017cyska toczne<br \/>\n<strong>\u015arednica wa\u0142u:<\/strong> 12 mm<\/td>\n<\/tr>\n<\/tbody>\n<\/table>\n<p><img loading=\"lazy\" decoding=\"async\" class=\"alignnone size-full wp-image-3379\" src=\"https:\/\/fmp-components.com\/wp-content\/uploads\/2025\/01\/90YY40-2CZ-JB150G12-2.webp\" alt=\"90YY40-2CZ-JB150G12-2\" width=\"925\" height=\"774\" title=\"\" srcset=\"https:\/\/fmp-components.com\/wp-content\/uploads\/2025\/01\/90YY40-2CZ-JB150G12-2.webp 925w, https:\/\/fmp-components.com\/wp-content\/uploads\/2025\/01\/90YY40-2CZ-JB150G12-2-480x402.webp 480w\" sizes=\"(min-width: 0px) and (max-width: 480px) 480px, (min-width: 481px) 925px, 100vw\" \/><\/p>\n<h2>90YY60-2CF\/JB150G12<\/h2>\n<p><img loading=\"lazy\" decoding=\"async\" class=\"size-full wp-image-3384 aligncenter\" src=\"https:\/\/fmp-components.com\/wp-content\/uploads\/2025\/01\/90YY60-2CF-JB150G12.webp\" alt=\"90YY60-2CF-JB150G12\" width=\"331\" height=\"204\" title=\"\" srcset=\"https:\/\/fmp-components.com\/wp-content\/uploads\/2025\/01\/90YY60-2CF-JB150G12.webp 331w, https:\/\/fmp-components.com\/wp-content\/uploads\/2025\/01\/90YY60-2CF-JB150G12-300x185.webp 300w, https:\/\/fmp-components.com\/wp-content\/uploads\/2025\/01\/90YY60-2CF-JB150G12-18x12.webp 18w\" sizes=\"(max-width: 331px) 100vw, 331px\" \/><\/p>\n<table style=\"width: 100%;\" border=\"1\" width=\"100%\" cellspacing=\"0\" cellpadding=\"0\">\n<tbody>\n<tr>\n<th>Nazwa produktu<\/th>\n<td>90YY60-2CF\/JB150G12<\/td>\n<\/tr>\n<tr>\n<th>Typ silnika<\/th>\n<td>Silnik indukcyjny jednofazowy, 4-biegunowy, 60 W<\/td>\n<\/tr>\n<tr>\n<th>Zasilacz<\/th>\n<td><strong>Jednofazowy:<\/strong> 230 V, 220 V, 110 V, 100 V<br \/>\n<strong>Tr\u00f3jfazowy:<\/strong> 440 V, 380 V, 220 V, 200 V<\/td>\n<\/tr>\n<tr>\n<th>Cechy silnika<\/th>\n<td><strong>Moc:<\/strong> 60 W<br \/>\n<strong>Rozmiar ramki:<\/strong> 90<br \/>\n<strong>Dodatkowe funkcje:<\/strong> Wentylator ch\u0142odz\u0105cy<br \/>\n<strong>Ochrona termiczna:<\/strong> Wyposa\u017cony w zabezpieczenie termiczne (P)<\/td>\n<\/tr>\n<tr>\n<th>Skrzynia bieg\u00f3w<\/th>\n<td><strong>Model:<\/strong> Przek\u0142adnia redukcyjna wa\u0142u niecentralnego 90JB<br \/>\n<strong>Projekt:<\/strong> Struktura integralna<br \/>\n<strong>Wsp\u00f3\u0142czynnik redukcji:<\/strong> 1:150<br \/>\n<strong>Namiar:<\/strong> \u0141o\u017cyska toczne<br \/>\n<strong>\u015arednica wa\u0142u:<\/strong> 12 mm<\/td>\n<\/tr>\n<tr>\n<th>Dodatkowa funkcja<\/th>\n<td>Funkcja t\u0142umienia mechanicznego (Z)<\/td>\n<\/tr>\n<\/tbody>\n<\/table>\n<p><img loading=\"lazy\" decoding=\"async\" class=\"alignnone wp-image-3383\" src=\"https:\/\/fmp-components.com\/wp-content\/uploads\/2025\/01\/90YY60-2CF-JB150G12-1.webp\" alt=\"90YY60-2CF-JB150G12-1\" width=\"863\" height=\"748\" title=\"\" srcset=\"https:\/\/fmp-components.com\/wp-content\/uploads\/2025\/01\/90YY60-2CF-JB150G12-1.webp 863w, https:\/\/fmp-components.com\/wp-content\/uploads\/2025\/01\/90YY60-2CF-JB150G12-1-480x416.webp 480w\" sizes=\"(min-width: 0px) and (max-width: 480px) 480px, (min-width: 481px) 863px, 100vw\" \/><\/p>\n<h2>90YY90-2CF\/JB150G15<\/h2>\n<p><img loading=\"lazy\" decoding=\"async\" class=\"size-full wp-image-3385 aligncenter\" src=\"https:\/\/fmp-components.com\/wp-content\/uploads\/2025\/01\/90YY90-2CF-JB150G15.webp\" alt=\"90YY90-2CF-JB150G15\" width=\"306\" height=\"197\" title=\"\" srcset=\"https:\/\/fmp-components.com\/wp-content\/uploads\/2025\/01\/90YY90-2CF-JB150G15.webp 306w, https:\/\/fmp-components.com\/wp-content\/uploads\/2025\/01\/90YY90-2CF-JB150G15-300x193.webp 300w, https:\/\/fmp-components.com\/wp-content\/uploads\/2025\/01\/90YY90-2CF-JB150G15-18x12.webp 18w\" sizes=\"(max-width: 306px) 100vw, 306px\" \/><\/p>\n<table style=\"width: 100%;\" border=\"1\" width=\"100%\" cellspacing=\"0\" cellpadding=\"0\">\n<tbody>\n<tr>\n<th>Nazwa produktu<\/th>\n<td>90YY90-2CF\/JB150G15<\/td>\n<\/tr>\n<tr>\n<th>Typ silnika<\/th>\n<td>Silnik indukcyjny jednofazowy, 4-biegunowy, 90 W<\/td>\n<\/tr>\n<tr>\n<th>Zasilacz<\/th>\n<td><strong>Jednofazowy:<\/strong> 230 V, 220 V, 110 V, 100 V<br \/>\n<strong>Tr\u00f3jfazowy:<\/strong> 440 V, 380 V, 220 V, 200 V<\/td>\n<\/tr>\n<tr>\n<th>Cechy silnika<\/th>\n<td><strong>Moc:<\/strong> 90 W<br \/>\n<strong>Rozmiar ramki:<\/strong> 90<br \/>\n<strong>Dodatkowe funkcje:<\/strong> Wentylator ch\u0142odz\u0105cy<br \/>\n<strong>Ochrona termiczna:<\/strong> Wyposa\u017cony w zabezpieczenie termiczne (P)<\/td>\n<\/tr>\n<tr>\n<th>Skrzynia bieg\u00f3w<\/th>\n<td><strong>Model:<\/strong> Przek\u0142adnia redukcyjna wa\u0142u niecentralnego 90JB<br \/>\n<strong>Projekt:<\/strong> Struktura integralna<br \/>\n<strong>Wsp\u00f3\u0142czynnik redukcji:<\/strong> 1:150<br \/>\n<strong>Namiar:<\/strong> \u0141o\u017cyska toczne<br \/>\n<strong>\u015arednica wa\u0142u:<\/strong> 15 mm<\/td>\n<\/tr>\n<tr>\n<th>Dodatkowe funkcje<\/th>\n<td>Funkcja t\u0142umienia mechanicznego (Z)<\/td>\n<\/tr>\n<\/tbody>\n<\/table>\n<p><img loading=\"lazy\" decoding=\"async\" class=\"alignnone size-full wp-image-3386\" src=\"https:\/\/fmp-components.com\/wp-content\/uploads\/2025\/01\/90YY90-2CF-JB150G15-1.webp\" alt=\"90YY90-2CF-JB150G15-1\" width=\"919\" height=\"736\" title=\"\" srcset=\"https:\/\/fmp-components.com\/wp-content\/uploads\/2025\/01\/90YY90-2CF-JB150G15-1.webp 919w, https:\/\/fmp-components.com\/wp-content\/uploads\/2025\/01\/90YY90-2CF-JB150G15-1-480x384.webp 480w\" sizes=\"(min-width: 0px) and (max-width: 480px) 480px, (min-width: 481px) 919px, 100vw\" \/><\/p>\n<h2>60YN4-2CZ\/JB150G8<\/h2>\n<p><img loading=\"lazy\" decoding=\"async\" class=\"size-full wp-image-3381 aligncenter\" src=\"https:\/\/fmp-components.com\/wp-content\/uploads\/2025\/01\/60YN4-2CZ-JB150G8-1.webp\" alt=\"60YN4-2CZ-JB150G8-1\" width=\"344\" height=\"208\" title=\"\" srcset=\"https:\/\/fmp-components.com\/wp-content\/uploads\/2025\/01\/60YN4-2CZ-JB150G8-1.webp 344w, https:\/\/fmp-components.com\/wp-content\/uploads\/2025\/01\/60YN4-2CZ-JB150G8-1-300x181.webp 300w, https:\/\/fmp-components.com\/wp-content\/uploads\/2025\/01\/60YN4-2CZ-JB150G8-1-18x12.webp 18w\" sizes=\"(max-width: 344px) 100vw, 344px\" \/><\/p>\n<table style=\"width: 100%;\" border=\"1\" width=\"100%\" cellspacing=\"0\" cellpadding=\"0\">\n<tbody>\n<tr>\n<th>Nazwa produktu<\/th>\n<td>60YN4-2CZ\/JB150G8<\/td>\n<\/tr>\n<tr>\n<th>Typ silnika<\/th>\n<td>Silnik indukcyjny jednofazowy, 4-biegunowy, 4W<\/td>\n<\/tr>\n<tr>\n<th>Zasilacz<\/th>\n<td>220 V, 50 Hz (kompatybilny r\u00f3wnie\u017c z 230 V, 110 V lub 100 V)<\/td>\n<\/tr>\n<tr>\n<th>Cechy silnika<\/th>\n<td><strong>Moc:<\/strong> 4W<br \/>\n<strong>Rozmiar ramki:<\/strong> 60<br \/>\n<strong>Dodatkowe funkcje:<\/strong> Funkcja t\u0142umienia mechanicznego (Z)<br \/>\n<strong>Ochrona termiczna:<\/strong> Wyposa\u017cony w zabezpieczenie termiczne (P)<\/td>\n<\/tr>\n<tr>\n<th>Skrzynia bieg\u00f3w<\/th>\n<td><strong>Model:<\/strong> Przek\u0142adnia redukcyjna wa\u0142u niecentralnego 60JB<br \/>\n<strong>Projekt:<\/strong> Struktura integralna<br \/>\n<strong>Wsp\u00f3\u0142czynnik redukcji:<\/strong> 1:150<br \/>\n<strong>Namiar:<\/strong> \u0141o\u017cyska toczne<br \/>\n<strong>\u015arednica wa\u0142u:<\/strong> 8 mm<\/td>\n<\/tr>\n<\/tbody>\n<\/table>\n<p><img loading=\"lazy\" decoding=\"async\" class=\"alignnone size-full wp-image-3382\" src=\"https:\/\/fmp-components.com\/wp-content\/uploads\/2025\/01\/60YN4-2CZ-JB150G8-2.webp\" alt=\"60YN4-2CZ-JB150G8-2\" width=\"935\" height=\"676\" title=\"\" srcset=\"https:\/\/fmp-components.com\/wp-content\/uploads\/2025\/01\/60YN4-2CZ-JB150G8-2.webp 935w, https:\/\/fmp-components.com\/wp-content\/uploads\/2025\/01\/60YN4-2CZ-JB150G8-2-480x347.webp 480w\" sizes=\"(min-width: 0px) and (max-width: 480px) 480px, (min-width: 481px) 935px, 100vw\" \/><\/p>\n<h2>60YN10-2CZ\/JB150G8<\/h2>\n<p><img loading=\"lazy\" decoding=\"async\" class=\"size-full wp-image-3388 aligncenter\" src=\"https:\/\/fmp-components.com\/wp-content\/uploads\/2025\/01\/60YN10-2CZ-JB150G8.webp\" alt=\"60YN10-2CZ-JB150G8\" width=\"335\" height=\"211\" title=\"\" srcset=\"https:\/\/fmp-components.com\/wp-content\/uploads\/2025\/01\/60YN10-2CZ-JB150G8.webp 335w, https:\/\/fmp-components.com\/wp-content\/uploads\/2025\/01\/60YN10-2CZ-JB150G8-300x189.webp 300w, https:\/\/fmp-components.com\/wp-content\/uploads\/2025\/01\/60YN10-2CZ-JB150G8-18x12.webp 18w\" sizes=\"(max-width: 335px) 100vw, 335px\" \/><\/p>\n<table style=\"width: 100%;\" border=\"1\" width=\"100%\" cellspacing=\"0\" cellpadding=\"0\">\n<tbody>\n<tr>\n<th>Nazwa produktu<\/th>\n<td>60YN10-2CZ\/JB150G8<\/td>\n<\/tr>\n<tr>\n<th>Typ silnika<\/th>\n<td>Silnik indukcyjny jednofazowy, 4-biegunowy, 10 W<\/td>\n<\/tr>\n<tr>\n<th>Zasilacz<\/th>\n<td><strong>Jednofazowy:<\/strong> 230 V, 220 V, 110 V, 100 V<\/td>\n<\/tr>\n<tr>\n<th>Cechy silnika<\/th>\n<td><strong>Moc:<\/strong> 10 W<br \/>\n<strong>Rozmiar ramki:<\/strong> 60<br \/>\n<strong>Dodatkowe funkcje:<\/strong> T\u0142umienie mechaniczne<br \/>\n<strong>Ochrona termiczna:<\/strong> Wyposa\u017cony w zabezpieczenie termiczne (P)<\/td>\n<\/tr>\n<tr>\n<th>Skrzynia bieg\u00f3w<\/th>\n<td><strong>Model:<\/strong> Przek\u0142adnia redukcyjna wa\u0142u niecentralnego 60JB<br \/>\n<strong>Projekt:<\/strong> Struktura integralna<br \/>\n<strong>Wsp\u00f3\u0142czynnik redukcji:<\/strong> 1:150<br \/>\n<strong>Namiar:<\/strong> \u0141o\u017cyska toczne<br \/>\n<strong>\u015arednica wa\u0142u:<\/strong> 8 mm<\/td>\n<\/tr>\n<tr>\n<th>Dodatkowe funkcje<\/th>\n<td>Funkcja t\u0142umienia mechanicznego (Z)<\/td>\n<\/tr>\n<\/tbody>\n<\/table>\n<p><img loading=\"lazy\" decoding=\"async\" class=\"alignnone size-full wp-image-3387\" src=\"https:\/\/fmp-components.com\/wp-content\/uploads\/2025\/01\/60YN10-2CZ-JB150G8-1.webp\" alt=\"60YN10-2CZ-JB150G8-1\" width=\"920\" height=\"589\" title=\"\" srcset=\"https:\/\/fmp-components.com\/wp-content\/uploads\/2025\/01\/60YN10-2CZ-JB150G8-1.webp 920w, https:\/\/fmp-components.com\/wp-content\/uploads\/2025\/01\/60YN10-2CZ-JB150G8-1-480x307.webp 480w\" sizes=\"(min-width: 0px) and (max-width: 480px) 480px, (min-width: 481px) 920px, 100vw\" \/><\/p>","protected":false},"excerpt":{"rendered":"<p>60YN6-2CZ\/JB150G8 Product Name 60YN6-2CZ\/JB150G8 Motor Type Single-phase, 4-pole, 6W asynchronous motor Power Supply 220V, 50Hz (can also be used with 230V, 110V, or 100V) Motor Features Power: 6W Motor Housing: 60 frame size Additional Features: Mechanical damping function (Z) Thermal Protection: Equipped with a thermal protector (P) Gearbox Model: 60JB non-center shaft gear reduction gearbox [&hellip;]<\/p>","protected":false},"featured_media":3389,"comment_status":"open","ping_status":"closed","template":"","meta":{"_et_pb_use_builder":"","_et_pb_old_content":"","_et_gb_content_width":""},"product_brand":[],"product_cat":[85],"product_tag":[],"class_list":{"0":"post-3364","1":"product","2":"type-product","3":"status-publish","4":"has-post-thumbnail","6":"product_cat-dc-motors","8":"first","9":"instock","10":"shipping-taxable","11":"product-type-simple"},"_links":{"self":[{"href":"https:\/\/fmp-components.com\/pl\/wp-json\/wp\/v2\/product\/3364","targetHints":{"allow":["GET"]}}],"collection":[{"href":"https:\/\/fmp-components.com\/pl\/wp-json\/wp\/v2\/product"}],"about":[{"href":"https:\/\/fmp-components.com\/pl\/wp-json\/wp\/v2\/types\/product"}],"replies":[{"embeddable":true,"href":"https:\/\/fmp-components.com\/pl\/wp-json\/wp\/v2\/comments?post=3364"}],"wp:featuredmedia":[{"embeddable":true,"href":"https:\/\/fmp-components.com\/pl\/wp-json\/wp\/v2\/media\/3389"}],"wp:attachment":[{"href":"https:\/\/fmp-components.com\/pl\/wp-json\/wp\/v2\/media?parent=3364"}],"wp:term":[{"taxonomy":"product_brand","embeddable":true,"href":"https:\/\/fmp-components.com\/pl\/wp-json\/wp\/v2\/product_brand?post=3364"},{"taxonomy":"product_cat","embeddable":true,"href":"https:\/\/fmp-components.com\/pl\/wp-json\/wp\/v2\/product_cat?post=3364"},{"taxonomy":"product_tag","embeddable":true,"href":"https:\/\/fmp-components.com\/pl\/wp-json\/wp\/v2\/product_tag?post=3364"}],"curies":[{"name":"wp","href":"https:\/\/api.w.org\/{rel}","templated":true}]}}