{"id":3341,"date":"2025-01-07T01:06:38","date_gmt":"2025-01-07T01:06:38","guid":{"rendered":"https:\/\/fmp-components.com\/?page_id=8"},"modified":"2025-01-07T01:16:32","modified_gmt":"2025-01-07T01:16:32","slug":"plastic-gearbox-motor-tgp02d-a130-for-toy-robot-remote-control-toy-cars","status":"publish","type":"product","link":"https:\/\/fmp-components.com\/pl\/product\/plastic-gearbox-motor-tgp02d-a130-for-toy-robot-remote-control-toy-cars\/","title":{"rendered":"Plastikowy silnik przek\u0142adniowy TGP02D-A130 do zdalnie sterowanych samochod\u00f3w zabawkowych"},"content":{"rendered":"<h2>Pismo:<\/h2>\n<p>1. Podw\u00f3jny wa\u0142. Ma\u0142y rozmiar 42,2 mm * 45,5 mm * 23 mm<br \/>\n2. Silnik przek\u0142adniowy z tworzywa sztucznego DC o niskiej pr\u0119dko\u015bci i du\u017cym momencie obrotowym<br \/>\n3. Nadaje si\u0119 do zastosowa\u0144 o ma\u0142ej \u015brednicy, niskim poziomie ha\u0142asu i du\u017cym momencie obrotowym<br \/>\n4. Wsp\u00f3\u0142czynnik redukcji: 48, 120, 180, 220, 288<\/p>\n<p><img loading=\"lazy\" decoding=\"async\" class=\"alignnone wp-image-3349\" src=\"https:\/\/fmp-components.com\/wp-content\/uploads\/2025\/01\/fmp_3.TGP010-A130-2.webp\" alt=\"fmp_3.TGP010-A130-2\" width=\"909\" height=\"423\" title=\"\" srcset=\"https:\/\/fmp-components.com\/wp-content\/uploads\/2025\/01\/fmp_3.TGP010-A130-2.webp 909w, https:\/\/fmp-components.com\/wp-content\/uploads\/2025\/01\/fmp_3.TGP010-A130-2-480x223.webp 480w\" sizes=\"(min-width: 0px) and (max-width: 480px) 480px, (min-width: 481px) 909px, 100vw\" \/><\/p>\n<h2>Dane techniczne miniaturowego silnika pr\u0105du sta\u0142ego<\/h2>\n<table style=\"width: 98.042%; height: 144px;\" border=\"1\">\n<tbody>\n<tr>\n<td style=\"width: 21.3647%;\">Numer modelu silnika<\/td>\n<td style=\"width: 15.8837%;\">Napi\u0119cie znamionowe<br \/>\nVDC<\/td>\n<td style=\"width: 16.6667%;\">Pr\u0119dko\u015b\u0107 bez obci\u0105\u017cenia<br \/>\nobr.\/min<\/td>\n<td style=\"width: 17.6734%;\">Pr\u0105d ja\u0142owy<br \/>\nmama<\/td>\n<td style=\"width: 13.0872%;\">Moment obrotowy zatrzymania<br \/>\ng.cm<\/td>\n<td style=\"width: 15.3244%;\">Pr\u0105d przeci\u0105gni\u0119cia<br \/>\nA<\/td>\n<\/tr>\n<tr>\n<td style=\"width: 21.3647%;\">TFE-130RA-12215<\/td>\n<td style=\"width: 15.8837%;\">6.0<\/td>\n<td style=\"width: 16.6667%;\">11500<\/td>\n<td style=\"width: 17.6734%;\">120<\/td>\n<td style=\"width: 13.0872%;\">20<\/td>\n<td style=\"width: 15.3244%;\">0.85<\/td>\n<\/tr>\n<tr>\n<td style=\"width: 21.3647%;\">TFE-130RA-14175<\/td>\n<td style=\"width: 15.8837%;\">3.0<\/td>\n<td style=\"width: 16.6667%;\">8000<\/td>\n<td style=\"width: 17.6734%;\">120<\/td>\n<td style=\"width: 13.0872%;\">13<\/td>\n<td style=\"width: 15.3244%;\">0.70<\/td>\n<\/tr>\n<tr>\n<td style=\"width: 21.3647%;\">TFE-130RA-18100<\/td>\n<td style=\"width: 15.8837%;\">3.0<\/td>\n<td style=\"width: 16.6667%;\">11500<\/td>\n<td style=\"width: 17.6734%;\">250<\/td>\n<td style=\"width: 13.0872%;\">20<\/td>\n<td style=\"width: 15.3244%;\">1.80<\/td>\n<\/tr>\n<\/tbody>\n<\/table>\n<h2>Dane techniczne silnika przek\u0142adniowego<\/h2>\n<table style=\"width: 98.042%; height: 120px;\" border=\"1\">\n<tbody>\n<tr style=\"height: 30px;\">\n<th style=\"height: 30px; width: 32.774%; text-align: left;\">Model skrzyni bieg\u00f3w<\/th>\n<td style=\"height: 30px; width: 68.0089%;\">TGP01D-A130-12215-XXX<\/td>\n<\/tr>\n<tr style=\"height: 30px;\">\n<th style=\"height: 30px; width: 32.774%; text-align: left;\">Wsp\u00f3\u0142czynniki redukcji<\/th>\n<td style=\"height: 30px; width: 68.0089%;\">48, 120, 180, 220, 288<\/td>\n<\/tr>\n<tr style=\"height: 30px;\">\n<th style=\"height: 30px; width: 32.774%; text-align: left;\">Pr\u0119dko\u015b\u0107 bez obci\u0105\u017cenia (obr.\/min)<\/th>\n<td style=\"height: 30px; width: 68.0089%;\">230, 90, 60, 50, 38<\/td>\n<\/tr>\n<tr style=\"height: 30px;\">\n<th style=\"height: 30px; width: 32.774%; text-align: left;\">Maksymalny moment tolerancji chwilowej (kg.cm)<\/th>\n<td style=\"height: 30px; width: 68.0089%;\">0.7, 1.4, 2.0, 2.2, 2.8<\/td>\n<\/tr>\n<\/tbody>\n<\/table>\n<h2>Skrzynia bieg\u00f3w z silnikiem<\/h2>\n<table style=\"width: 98.7983%; height: 96px;\" border=\"1\">\n<tbody>\n<tr style=\"height: 24px;\">\n<th style=\"height: 24px; text-align: left; width: 38.4787%;\">Model skrzyni bieg\u00f3w<\/th>\n<td style=\"height: 24px; width: 63.0872%;\">TGP01D-A130-14175-XXX<\/td>\n<\/tr>\n<tr style=\"height: 24px;\">\n<th style=\"height: 24px; text-align: left; width: 38.4787%;\">Wsp\u00f3\u0142czynniki redukcji<\/th>\n<td style=\"height: 24px; width: 63.0872%;\">48, 120, 180, 220, 288<\/td>\n<\/tr>\n<tr style=\"height: 24px;\">\n<th style=\"height: 24px; text-align: left; width: 38.4787%;\">Pr\u0119dko\u015b\u0107 bez obci\u0105\u017cenia (obr.\/min)<\/th>\n<td style=\"height: 24px; width: 63.0872%;\">150, 60, 40, 33, 25<\/td>\n<\/tr>\n<tr style=\"height: 24px;\">\n<th style=\"height: 24px; text-align: left; width: 38.4787%;\">Maksymalny moment tolerancji chwilowej (kg.cm)<\/th>\n<td style=\"height: 24px; width: 63.0872%;\">0.5, 0.9, 1.2, 1.4, 1.8<\/td>\n<\/tr>\n<\/tbody>\n<\/table>\n<table style=\"color: #666666; font-size: 14px; width: 98.9666%; height: 142px;\" border=\"1\">\n<tbody>\n<tr style=\"height: 24px;\">\n<th style=\"text-align: left; width: 38.5906%; height: 24px;\">Model skrzyni bieg\u00f3w<\/th>\n<td style=\"width: 61.8421%; height: 24px;\">TGP01D-A130-18100-XXX<\/td>\n<\/tr>\n<tr style=\"height: 24px;\">\n<th style=\"text-align: left; width: 38.5906%; height: 24px;\">Wsp\u00f3\u0142czynniki redukcji<\/th>\n<td style=\"width: 61.8421%; height: 24px;\">48, 120, 180, 220, 288<\/td>\n<\/tr>\n<tr style=\"height: 24px;\">\n<th style=\"text-align: left; width: 38.5906%; height: 24px;\">Pr\u0119dko\u015b\u0107 bez obci\u0105\u017cenia (obr.\/min)<\/th>\n<td style=\"width: 61.8421%; height: 24px;\">230, 90, 60, 50, 38<\/td>\n<\/tr>\n<tr style=\"height: 24px;\">\n<th style=\"text-align: left; width: 38.5906%; height: 24px;\">Maksymalny moment tolerancji chwilowej (kg.cm)<\/th>\n<td style=\"width: 61.8421%; height: 24px;\">0.7, 1.4, 2.0, 2.2, 2.8<\/td>\n<\/tr>\n<\/tbody>\n<\/table>\n<p>&nbsp;<\/p>\n<table border=\"1\" width=\"100%\" cellspacing=\"0\" cellpadding=\"0\">\n<tbody>\n<tr>\n<td colspan=\"2\" rowspan=\"3\" width=\"131\" height=\"65\" data-spm-anchor-id=\"a2700.details.0.i21.659d3e61kGVPBR\">MODEL<\/td>\n<td rowspan=\"3\" width=\"75\">WSP\u00d3\u0141CZYNNIK REDUKCJI<\/td>\n<td colspan=\"2\" width=\"133\">WOLTA\u017b<\/td>\n<td colspan=\"2\" width=\"117\">BEZ OBCI\u0104\u017bENIA<\/td>\n<td colspan=\"4\" width=\"228\">PRZY MAKSYMALNEJ WYDAJNO\u015aCI<\/td>\n<td colspan=\"2\" width=\"118\">STOISKO<\/td>\n<\/tr>\n<tr>\n<td rowspan=\"2\" width=\"75\">ZASI\u0118G DZIA\u0141ANIA<\/td>\n<td width=\"58\">NOMINALNY<\/td>\n<td width=\"55\">PR\u0118DKO\u015a\u0106<\/td>\n<td width=\"62\">AKTUALNY<\/td>\n<td width=\"55\">PR\u0118DKO\u015a\u0106<\/td>\n<td width=\"62\">AKTUALNY<\/td>\n<td width=\"56\">MOMENT OBROTOWY<\/td>\n<td width=\"55\">WYJ\u015aCIE<\/td>\n<td width=\"56\">MOMENT OBROTOWY<\/td>\n<td width=\"62\">AKTUALNY<\/td>\n<\/tr>\n<tr>\n<td width=\"58\">V<\/td>\n<td width=\"55\">obr.\/min<\/td>\n<td width=\"62\">A<\/td>\n<td width=\"55\">obr.\/min<\/td>\n<td width=\"62\">A<\/td>\n<td width=\"56\">kg.cm<\/td>\n<td width=\"55\">W<\/td>\n<td width=\"56\">kg.cm<\/td>\n<td width=\"62\">A<\/td>\n<\/tr>\n<tr>\n<td colspan=\"2\" width=\"131\" height=\"24\">T130-02-06500<\/td>\n<td width=\"75\">48\/1<\/td>\n<td width=\"75\">3.0~7.0<\/td>\n<td width=\"58\">6.0<\/td>\n<td width=\"55\">500<\/td>\n<td width=\"62\">0.21<\/td>\n<td width=\"55\">416<\/td>\n<td width=\"62\">1.04<\/td>\n<td width=\"56\">0.4<\/td>\n<td width=\"55\">1.71<\/td>\n<td width=\"56\">2.4<\/td>\n<td width=\"62\">5.2<\/td>\n<\/tr>\n<tr>\n<td colspan=\"2\" width=\"131\" height=\"24\">T130-02-06200<\/td>\n<td width=\"75\">120\/1<\/td>\n<td width=\"75\">3.0~7.0<\/td>\n<td width=\"58\">6.0<\/td>\n<td width=\"55\">200<\/td>\n<td width=\"62\">0.21<\/td>\n<td width=\"55\">415<\/td>\n<td width=\"62\">1.06<\/td>\n<td width=\"56\">1.0<\/td>\n<td width=\"55\">4.26<\/td>\n<td width=\"56\">5.9<\/td>\n<td width=\"62\">5.2<\/td>\n<\/tr>\n<tr>\n<td colspan=\"2\" width=\"131\" height=\"24\">T130-02-09175<\/td>\n<td width=\"75\">48\/1<\/td>\n<td width=\"75\">3.0~10.0<\/td>\n<td width=\"58\">9.0<\/td>\n<td width=\"55\">175<\/td>\n<td width=\"62\">0.09<\/td>\n<td width=\"55\">133<\/td>\n<td width=\"62\">0.17<\/td>\n<td width=\"56\">0.3<\/td>\n<td width=\"55\">0.41<\/td>\n<td width=\"56\">1.3<\/td>\n<td width=\"62\">0.55<\/td>\n<\/tr>\n<tr>\n<td colspan=\"2\" width=\"131\" height=\"24\">T130-02-0938<\/td>\n<td width=\"75\">220\/1<\/td>\n<td width=\"75\">3.0~10.0<\/td>\n<td width=\"58\">9.0<\/td>\n<td width=\"55\">38<\/td>\n<td width=\"62\">0.09<\/td>\n<td width=\"55\">31<\/td>\n<td width=\"62\">0.14<\/td>\n<td width=\"56\">1.0<\/td>\n<td width=\"55\">0.32<\/td>\n<td width=\"56\">5.8<\/td>\n<td width=\"62\">0.55<\/td>\n<\/tr>\n<tr>\n<td colspan=\"2\" width=\"131\" height=\"24\">T130-02-1260<\/td>\n<td width=\"75\">220\/1<\/td>\n<td width=\"75\">3.0~13.0<\/td>\n<td width=\"58\">12.0<\/td>\n<td width=\"55\">60<\/td>\n<td width=\"62\">0.05<\/td>\n<td width=\"55\">48<\/td>\n<td width=\"62\">0.2<\/td>\n<td width=\"56\">1.5<\/td>\n<td width=\"55\">0.74<\/td>\n<td width=\"56\">5.8<\/td>\n<td width=\"62\">0.85<\/td>\n<\/tr>\n<\/tbody>\n<\/table>\n<h2>Inne Plastikowa skrzynia bieg\u00f3w plus silnik pr\u0105du sta\u0142ego A130<\/h2>\n<table style=\"width: 100%; height: 71px;\" border=\"1\" width=\"100%\" cellspacing=\"0\" cellpadding=\"0\">\n<tbody>\n<tr style=\"height: 13.8pt;\">\n<td style=\"height: 13px; width: 49.892%;\" align=\"right\" width=\"64\" height=\"18\"><img loading=\"lazy\" decoding=\"async\" class=\"alignnone size-full wp-image-3344\" src=\"https:\/\/fmp-components.com\/wp-content\/uploads\/2025\/01\/fmp_1.TGP010-A130-1-1.webp\" alt=\"fmp_1.TGP010-A130-1-1\" width=\"600\" height=\"600\" title=\"\" srcset=\"https:\/\/fmp-components.com\/wp-content\/uploads\/2025\/01\/fmp_1.TGP010-A130-1-1.webp 600w, https:\/\/fmp-components.com\/wp-content\/uploads\/2025\/01\/fmp_1.TGP010-A130-1-1-480x480.webp 480w\" sizes=\"(min-width: 0px) and (max-width: 480px) 480px, (min-width: 481px) 600px, 100vw\" \/><\/td>\n<td style=\"width: 49.892%; height: 13px;\" align=\"right\" width=\"64\"><img loading=\"lazy\" decoding=\"async\" class=\"alignnone size-full wp-image-3345\" src=\"https:\/\/fmp-components.com\/wp-content\/uploads\/2025\/01\/fmp_2.TGP010-A130-1-1.webp\" alt=\"fmp_2.TGP010-A130-1-1\" width=\"600\" height=\"600\" title=\"\" srcset=\"https:\/\/fmp-components.com\/wp-content\/uploads\/2025\/01\/fmp_2.TGP010-A130-1-1.webp 600w, https:\/\/fmp-components.com\/wp-content\/uploads\/2025\/01\/fmp_2.TGP010-A130-1-1-480x480.webp 480w\" sizes=\"(min-width: 0px) and (max-width: 480px) 480px, (min-width: 481px) 600px, 100vw\" \/><\/td>\n<\/tr>\n<tr style=\"height: 22px;\">\n<td style=\"height: 22px; text-align: center;\"><strong>TGP01D-A130<\/strong><\/td>\n<td style=\"height: 22px; text-align: center;\"><strong>TGP01S-A130<\/strong><\/td>\n<\/tr>\n<tr style=\"height: 13.8pt;\">\n<td style=\"height: 13px; width: 49.892%;\" align=\"right\" height=\"18\"><img loading=\"lazy\" decoding=\"async\" class=\"alignnone size-full wp-image-3346\" src=\"https:\/\/fmp-components.com\/wp-content\/uploads\/2025\/01\/fmp_3.TGP010-A130-1.webp\" alt=\"fmp_3.TGP010-A130-1\" width=\"600\" height=\"600\" title=\"\" srcset=\"https:\/\/fmp-components.com\/wp-content\/uploads\/2025\/01\/fmp_3.TGP010-A130-1.webp 600w, https:\/\/fmp-components.com\/wp-content\/uploads\/2025\/01\/fmp_3.TGP010-A130-1-480x480.webp 480w\" sizes=\"(min-width: 0px) and (max-width: 480px) 480px, (min-width: 481px) 600px, 100vw\" \/><\/td>\n<td style=\"width: 49.892%; height: 13px;\" align=\"right\"><img loading=\"lazy\" decoding=\"async\" class=\"alignnone size-full wp-image-3347\" src=\"https:\/\/fmp-components.com\/wp-content\/uploads\/2025\/01\/fmp_4.TGP010-A130-1.webp\" alt=\"fmp_4.TGP010-A130-1\" width=\"600\" height=\"600\" title=\"\" srcset=\"https:\/\/fmp-components.com\/wp-content\/uploads\/2025\/01\/fmp_4.TGP010-A130-1.webp 600w, https:\/\/fmp-components.com\/wp-content\/uploads\/2025\/01\/fmp_4.TGP010-A130-1-480x480.webp 480w\" sizes=\"(min-width: 0px) and (max-width: 480px) 480px, (min-width: 481px) 600px, 100vw\" \/><\/td>\n<\/tr>\n<tr style=\"height: 23px;\">\n<td style=\"height: 23px; text-align: center;\"><strong>TGP02D-A130<\/strong><\/td>\n<td style=\"height: 23px; text-align: center;\"><strong>TGP02S-A130<\/strong><\/td>\n<\/tr>\n<\/tbody>\n<\/table>\n<h2>Aplikacja:<\/h2>\n<table style=\"width: 100%;\" border=\"1\" width=\"100%\" cellspacing=\"0\" cellpadding=\"0\">\n<tbody>\n<tr>\n<th>Obszary zastosowa\u0144<\/th>\n<td><strong>Maszyny biznesowe:<\/strong> Bankomaty, kopiarki i skanery, obs\u0142uga walut, punkty sprzeda\u017cy, drukarki, automaty vendingowe.<br \/>\n<strong>Jedzenie i napoje:<\/strong> Dozowniki napoj\u00f3w, blendery r\u0119czne, blendery, miksery, ekspresy do kawy, roboty kuchenne, sokowir\u00f3wki, frytkownice, kostkarki do lodu, urz\u0105dzenia do produkcji mleka sojowego.<br \/>\n<strong>Aparat i optyka:<\/strong> Wideo, kamery, projektory.<br \/>\n<strong>Narz\u0119dzia elektryczne:<\/strong> Wiertarki i wkr\u0119tarki, szlifierki, polerki, pi\u0142y.<br \/>\n<strong>Trawnik i ogr\u00f3d:<\/strong> Kosiarki do trawy, od\u015bnie\u017carki, podkaszarki, dmuchawy do li\u015bci.<\/td>\n<\/tr>\n<\/tbody>\n<\/table>\n<h2 data-pm-slice=\"0 0 []\">Cechy silnika przek\u0142adniowego z tworzywa sztucznego TGP02D-A130<\/h2>\n<p>TGP02D-A130 to wysokowydajny silnik z przek\u0142adni\u0105 z tworzywa sztucznego, oferuj\u0105cy wszechstronne i niezawodne rozwi\u0105zanie do szerokiego zakresu zastosowa\u0144. Silnik ten \u0142\u0105czy wytrzyma\u0142\u0105 przek\u0142adni\u0119 z tworzywa sztucznego z wydajnym silnikiem pr\u0105du sta\u0142ego, dzi\u0119ki czemu idealnie nadaje si\u0119 do zastosowa\u0144 o niskim i \u015brednim momencie obrotowym. Poni\u017cej przedstawiono kluczowe cechy silnika TGP02D-A130:<\/p>\n<ol>\n<li><strong>Kompaktowa konstrukcja<\/strong>:Silnik z przek\u0142adni\u0105 plastikow\u0105 ma kompaktowe rozmiary, co pozwala na \u0142atw\u0105 integracj\u0119 z aplikacjami o ograniczonej przestrzeni, bez kompromis\u00f3w w zakresie mocy wyj\u015bciowej.<\/li>\n<li><strong>Wydajna wydajno\u015b\u0107<\/strong>Wyposa\u017cony w mocny silnik pr\u0105du sta\u0142ego model TGP02D-A130 zapewnia p\u0142ynn\u0105 i wydajn\u0105 prac\u0119, dostarczaj\u0105c sta\u0142y moment obrotowy i pr\u0119dko\u015b\u0107 odpowiedni\u0105 do r\u00f3\u017cnych zastosowa\u0144.<\/li>\n<li><strong>Trwa\u0142a plastikowa skrzynia bieg\u00f3w<\/strong>Silnik jest sprz\u0119\u017cony z trwa\u0142\u0105 plastikow\u0105 przek\u0142adni\u0105, co gwarantuje d\u0142ugotrwa\u0142\u0105 wydajno\u015b\u0107 i zmniejsza ca\u0142kowit\u0105 wag\u0119 zespo\u0142u, co jest szczeg\u00f3lnie korzystne w przypadku lekkich zastosowa\u0144.<\/li>\n<li><strong>Praca o niskim poziomie ha\u0142asu<\/strong>Zaprojektowany do cichej pracy, TGP02D-A130 idealnie nadaje si\u0119 do zastosowa\u0144, w kt\u00f3rych redukcja ha\u0142asu ma kluczowe znaczenie, np. w sprz\u0119cie gospodarstwa domowego i zabawkach.<\/li>\n<li><strong>Wszechstronno\u015b\u0107<\/strong>:Silnik ten jest niezwykle wszechstronny i mo\u017cna go stosowa\u0107 w szerokiej gamie urz\u0105dze\u0144, w tym systemach robotycznych, modelach, ma\u0142ych maszynach i innym sprz\u0119cie wymagaj\u0105cym precyzyjnej kontroli ruchu.<\/li>\n<\/ol>\n<p>Podsumowuj\u0105c, silnik przek\u0142adniowy z tworzywa sztucznego TGP02D-A130 to niezawodne, ekonomiczne i wydajne rozwi\u0105zanie do r\u00f3\u017cnorodnych zastosowa\u0144 o niskiej i \u015bredniej mocy. \u0141\u0105czy wytrzyma\u0142o\u015b\u0107 przek\u0142adni z tworzywa sztucznego z precyzj\u0105 silnika pr\u0105du sta\u0142ego, oferuj\u0105c wysok\u0105 wydajno\u015b\u0107 w kompaktowej i wszechstronnej konstrukcji.<\/p>\n<h2>O FMP<\/h2>\n<p>FMP to wiod\u0105cy producent, znany ze swojego do\u015bwiadczenia w projektowaniu, rozwoju i produkcji precyzyjnych przek\u0142adni, cylindr\u00f3w hydraulicznych, silnik\u00f3w, wa\u0142k\u00f3w odbioru mocy, mikrosilnik\u00f3w i szerokiej gamy innych niezb\u0119dnych komponent\u00f3w. Dzi\u0119ki zaanga\u017cowaniu i do\u015bwiadczeniu naszego wykwalifikowanego zespo\u0142u, stali\u015bmy si\u0119 czo\u0142owym graczem w bran\u017cy. Nasze produkty s\u0105 dystrybuowane w Europie, Ameryce P\u00f3\u0142nocnej, Azji Po\u0142udniowo-Wschodniej i na innych kluczowych rynkach globalnych, gdzie zyska\u0142y doskona\u0142\u0105 reputacj\u0119 pod wzgl\u0119dem jako\u015bci, niezawodno\u015bci i wydajno\u015bci.<\/p>\n<p>W FMP dysponujemy zaawansowanymi zak\u0142adami produkcyjnymi, w tym przestronnymi halami produkcyjnymi, nowoczesnymi powierzchniami biurowymi oraz pomieszczeniami dla pracownik\u00f3w. Nasz najnowocze\u015bniejszy sprz\u0119t badawczo-rozwojowy, produkcyjny i testowy pozwala nam dostarcza\u0107 naszym klientom wysoce wyspecjalizowane, zindywidualizowane rozwi\u0105zania. Dzi\u0119ki rozbudowanemu potencja\u0142owi technicznemu, wydajnym procesom produkcyjnym i solidnemu systemowi zarz\u0105dzania, gwarantujemy, \u017ce ka\u017cdy produkt spe\u0142nia lub przewy\u017csza najwy\u017csze standardy bran\u017cowe.<\/p>\n<p>Jako\u015b\u0107 jest kluczowa dla wszystkiego, co robimy. Od doboru materia\u0142\u00f3w i projektowania, przez produkcj\u0119 i dostaw\u0119, po opinie klient\u00f3w, dbamy o ka\u017cdy szczeg\u00f3\u0142. Satysfakcja klienta jest naszym priorytetem i dok\u0142adamy wszelkich stara\u0144, aby oferowa\u0107 wyj\u0105tkow\u0105 obs\u0142ug\u0119 na ka\u017cdym etapie. FMP stawia na d\u0142ugoterminowe, obustronnie korzystne relacje z klientami, wspieraj\u0105c rozw\u00f3j i sukces ponad kr\u00f3tkoterminowe zyski.<\/p>\n<p>Jeste\u015bmy zawsze otwarci na wsp\u00f3\u0142prac\u0119 i z niecierpliwo\u015bci\u0105 czekamy na budowanie lepszej przysz\u0142o\u015bci z naszymi partnerami. Nasze rozwi\u0105zania szyte na miar\u0119 s\u0105 projektowane tak, aby dostosowywa\u0107 si\u0119 do zmieniaj\u0105cych si\u0119 potrzeb naszych klient\u00f3w, zapewniaj\u0105c ka\u017cdemu projektowi pe\u0142n\u0105 uwag\u0119 i fachow\u0105 wiedz\u0119, na jak\u0105 zas\u0142uguje. Niezale\u017cnie od tego, czy potrzebujesz standardowych produkt\u00f3w, czy rozwi\u0105za\u0144 na zam\u00f3wienie, FMP dok\u0142ada wszelkich stara\u0144, aby wspiera\u0107 Tw\u00f3j sukces na ka\u017cdym etapie.<\/p>\n<p><img loading=\"lazy\" decoding=\"async\" class=\"alignnone size-full wp-image-3335\" src=\"https:\/\/fmp-components.com\/wp-content\/uploads\/2025\/01\/DC-motor-tgp01d-a130-product-1.webp\" alt=\"Silnik pr\u0105du sta\u0142ego tgp01d-a130\" width=\"883\" height=\"574\" title=\"\" srcset=\"https:\/\/fmp-components.com\/wp-content\/uploads\/2025\/01\/DC-motor-tgp01d-a130-product-1.webp 883w, https:\/\/fmp-components.com\/wp-content\/uploads\/2025\/01\/DC-motor-tgp01d-a130-product-1-480x312.webp 480w\" sizes=\"(min-width: 0px) and (max-width: 480px) 480px, (min-width: 481px) 883px, 100vw\" \/><\/p>\n<p>Autor: CX<\/p>","protected":false},"excerpt":{"rendered":"<p>Characters: 1. Double shaft.Small size 42.2mm*45.5mm*23mm 2. DC plastic gear motor with low speed and big torque 3. Suitable for small diameter, low noise, and big toque application 4. Reduction Ratio: 48\u3001120\u3001180\u3001220\u3001288 Mini DC Motor Technical Data Motor model No Rated voltage VDC No-load speed r\/min No-load current mA Stall torque g.cm Stall current A [&hellip;]<\/p>","protected":false},"featured_media":3351,"comment_status":"open","ping_status":"closed","template":"","meta":{"_et_pb_use_builder":"","_et_pb_old_content":"","_et_gb_content_width":""},"product_brand":[],"product_cat":[85],"product_tag":[],"class_list":{"0":"post-3341","1":"product","2":"type-product","3":"status-publish","4":"has-post-thumbnail","6":"product_cat-dc-motors","8":"first","9":"instock","10":"shipping-taxable","11":"product-type-simple"},"_links":{"self":[{"href":"https:\/\/fmp-components.com\/pl\/wp-json\/wp\/v2\/product\/3341","targetHints":{"allow":["GET"]}}],"collection":[{"href":"https:\/\/fmp-components.com\/pl\/wp-json\/wp\/v2\/product"}],"about":[{"href":"https:\/\/fmp-components.com\/pl\/wp-json\/wp\/v2\/types\/product"}],"replies":[{"embeddable":true,"href":"https:\/\/fmp-components.com\/pl\/wp-json\/wp\/v2\/comments?post=3341"}],"wp:featuredmedia":[{"embeddable":true,"href":"https:\/\/fmp-components.com\/pl\/wp-json\/wp\/v2\/media\/3351"}],"wp:attachment":[{"href":"https:\/\/fmp-components.com\/pl\/wp-json\/wp\/v2\/media?parent=3341"}],"wp:term":[{"taxonomy":"product_brand","embeddable":true,"href":"https:\/\/fmp-components.com\/pl\/wp-json\/wp\/v2\/product_brand?post=3341"},{"taxonomy":"product_cat","embeddable":true,"href":"https:\/\/fmp-components.com\/pl\/wp-json\/wp\/v2\/product_cat?post=3341"},{"taxonomy":"product_tag","embeddable":true,"href":"https:\/\/fmp-components.com\/pl\/wp-json\/wp\/v2\/product_tag?post=3341"}],"curies":[{"name":"wp","href":"https:\/\/api.w.org\/{rel}","templated":true}]}}