{"id":3339,"date":"2025-01-06T08:44:00","date_gmt":"2025-01-06T08:44:00","guid":{"rendered":"https:\/\/fmp-components.com\/?page_id=8"},"modified":"2025-01-07T01:03:57","modified_gmt":"2025-01-07T01:03:57","slug":"plastic-gearbox-mini-geared-motor-tgp01s-a130","status":"publish","type":"product","link":"https:\/\/fmp-components.com\/pl\/product\/plastic-gearbox-mini-geared-motor-tgp01s-a130\/","title":{"rendered":"Miniaturowy silnik przek\u0142adniowy z plastikow\u0105 skrzyni\u0105 bieg\u00f3w TGP01S-A130"},"content":{"rendered":"<h2>Miniaturowy silnik przek\u0142adniowy z plastikow\u0105 skrzyni\u0105 bieg\u00f3w TGP01S-A130<\/h2>\n<ul class=\"a-unordered-list a-vertical a-spacing-mini\">\n<li><span class=\"a-list-item\">Przek\u0142adnia z tworzywa sztucznego TGP i silnik pr\u0105du sta\u0142ego z magnesami trwa\u0142ymi A130<\/span><\/li>\n<li><span class=\"a-list-item\">ma\u0142y silnik przek\u0142adniowy pr\u0105du sta\u0142ego o niskiej pr\u0119dko\u015bci i du\u017cym momencie obrotowym<\/span><\/li>\n<li><span class=\"a-list-item\">nadaje si\u0119 do zastosowa\u0144 o ma\u0142ej \u015brednicy, niskim poziomie ha\u0142asu i du\u017cym momencie obrotowym<\/span><\/li>\n<li><span class=\"a-list-item\">wsp\u00f3\u0142czynnik redukcji: 48,120,180,220,288<\/span><\/li>\n<\/ul>\n<h2 align=\"left\" data-spm-anchor-id=\"a2700.details.0.i21.36dd6237ZBajCj\">Postacie z miniaturowego silnika przek\u0142adniowego<\/h2>\n<ul>\n<li>Ma\u0142y silnik przek\u0142adniowy pr\u0105du sta\u0142ego o niskiej pr\u0119dko\u015bci i du\u017cym momencie obrotowym<\/li>\n<li>Nadaje si\u0119 do ma\u0142ych \u015brednic. Niski poziom ha\u0142asu i du\u017cy moment obrotowy.<\/li>\n<li>Wsp\u00f3\u0142czynnik redukcji: 48, 120, 180, 220, 288<\/li>\n<li>Pojedynczy wa\u0142. Ma\u0142y rozmiar 18,7 mm * 22,3 mm * 64,5 mm<\/li>\n<li>Silnik przek\u0142adniowy z tworzywa sztucznego DC o niskiej pr\u0119dko\u015bci i du\u017cym momencie obrotowym<\/li>\n<\/ul>\n<p><img loading=\"lazy\" decoding=\"async\" class=\"alignnone size-full wp-image-3342\" src=\"https:\/\/fmp-components.com\/wp-content\/uploads\/2025\/01\/fmp_2.TGP010-A130-2.webp\" alt=\"fmp_2.TGP010-A130-2\" width=\"837\" height=\"522\" title=\"\" srcset=\"https:\/\/fmp-components.com\/wp-content\/uploads\/2025\/01\/fmp_2.TGP010-A130-2.webp 837w, https:\/\/fmp-components.com\/wp-content\/uploads\/2025\/01\/fmp_2.TGP010-A130-2-480x299.webp 480w\" sizes=\"(min-width: 0px) and (max-width: 480px) 480px, (min-width: 481px) 837px, 100vw\" \/><\/p>\n<h2>Dane techniczne miniaturowego silnika pr\u0105du sta\u0142ego<\/h2>\n<table style=\"width: 96.6375%; height: 144px;\" border=\"1\">\n<tbody>\n<tr>\n<td>Numer modelu silnika<\/td>\n<td>Napi\u0119cie znamionowe<br \/>\nVDC<\/td>\n<td>Pr\u0119dko\u015b\u0107 bez obci\u0105\u017cenia<br \/>\nobr.\/min<\/td>\n<td>Pr\u0105d ja\u0142owy<br \/>\nmama<\/td>\n<td>Moment obrotowy zatrzymania<br \/>\ng.cm<\/td>\n<td>Pr\u0105d przeci\u0105gni\u0119cia<br \/>\nA<\/td>\n<\/tr>\n<tr>\n<td>TFE-130RA-12215<\/td>\n<td>6.0<\/td>\n<td>11500<\/td>\n<td>120<\/td>\n<td>20<\/td>\n<td>0.85<\/td>\n<\/tr>\n<tr>\n<td>TFE-130RA-14175<\/td>\n<td>3.0<\/td>\n<td>8000<\/td>\n<td>120<\/td>\n<td>13<\/td>\n<td>0.70<\/td>\n<\/tr>\n<tr>\n<td>TFE-130RA-18100<\/td>\n<td>3.0<\/td>\n<td>11500<\/td>\n<td>250<\/td>\n<td>20<\/td>\n<td>1.80<\/td>\n<\/tr>\n<\/tbody>\n<\/table>\n<h2>Dane techniczne silnika przek\u0142adniowego<\/h2>\n<table style=\"width: 96.6375%; height: 120px;\" border=\"1\">\n<tbody>\n<tr style=\"height: 30px;\">\n<th style=\"height: 30px; width: 32.774%; text-align: left;\">Model skrzyni bieg\u00f3w<\/th>\n<td style=\"height: 30px; width: 66.5548%;\">TGP01D-A130-12215-XXX<\/td>\n<\/tr>\n<tr style=\"height: 30px;\">\n<th style=\"height: 30px; width: 32.774%; text-align: left;\">Wsp\u00f3\u0142czynniki redukcji<\/th>\n<td style=\"height: 30px; width: 66.5548%;\">48, 120, 180, 220, 288<\/td>\n<\/tr>\n<tr style=\"height: 30px;\">\n<th style=\"height: 30px; width: 32.774%; text-align: left;\">Pr\u0119dko\u015b\u0107 bez obci\u0105\u017cenia (obr.\/min)<\/th>\n<td style=\"height: 30px; width: 66.5548%;\">230, 90, 60, 50, 38<\/td>\n<\/tr>\n<tr style=\"height: 30px;\">\n<th style=\"height: 30px; width: 32.774%; text-align: left;\">Maksymalny moment tolerancji chwilowej (kg.cm)<\/th>\n<td style=\"height: 30px; width: 66.5548%;\">0.7, 1.4, 2.0, 2.2, 2.8<\/td>\n<\/tr>\n<\/tbody>\n<\/table>\n<h2>Skrzynia bieg\u00f3w z silnikiem<\/h2>\n<table style=\"width: 96.6375%; height: 96px;\" border=\"1\">\n<tbody>\n<tr style=\"height: 24px;\">\n<th style=\"height: 24px; text-align: left; width: 38.4787%;\">Model skrzyni bieg\u00f3w<\/th>\n<td style=\"height: 24px; width: 60.8501%;\">TGP01D-A130-14175-XXX<\/td>\n<\/tr>\n<tr style=\"height: 24px;\">\n<th style=\"height: 24px; text-align: left; width: 38.4787%;\">Wsp\u00f3\u0142czynniki redukcji<\/th>\n<td style=\"height: 24px; width: 60.8501%;\">48, 120, 180, 220, 288<\/td>\n<\/tr>\n<tr style=\"height: 24px;\">\n<th style=\"height: 24px; text-align: left; width: 38.4787%;\">Pr\u0119dko\u015b\u0107 bez obci\u0105\u017cenia (obr.\/min)<\/th>\n<td style=\"height: 24px; width: 60.8501%;\">150, 60, 40, 33, 25<\/td>\n<\/tr>\n<tr style=\"height: 24px;\">\n<th style=\"height: 24px; text-align: left; width: 38.4787%;\">Maksymalny moment tolerancji chwilowej (kg.cm)<\/th>\n<td style=\"height: 24px; width: 60.8501%;\">0.5, 0.9, 1.2, 1.4, 1.8<\/td>\n<\/tr>\n<\/tbody>\n<\/table>\n<table style=\"width: 96.6375%; height: 120px;\" border=\"1\">\n<tbody>\n<tr>\n<th style=\"text-align: left; width: 38.5906%;\">Model skrzyni bieg\u00f3w<\/th>\n<td style=\"width: 60.7383%;\">TGP01D-A130-18100-XXX<\/td>\n<\/tr>\n<tr>\n<th style=\"text-align: left; width: 38.5906%;\">Wsp\u00f3\u0142czynniki redukcji<\/th>\n<td style=\"width: 60.7383%;\">48, 120, 180, 220, 288<\/td>\n<\/tr>\n<tr>\n<th style=\"text-align: left; width: 38.5906%;\">Pr\u0119dko\u015b\u0107 bez obci\u0105\u017cenia (obr.\/min)<\/th>\n<td style=\"width: 60.7383%;\">230, 90, 60, 50, 38<\/td>\n<\/tr>\n<tr>\n<th style=\"text-align: left; width: 38.5906%;\">Maksymalny moment tolerancji chwilowej (kg.cm)<\/th>\n<td style=\"width: 60.7383%;\">0.7, 1.4, 2.0, 2.2, 2.8<\/td>\n<\/tr>\n<\/tbody>\n<\/table>\n<h2>Inne Plastikowa skrzynia bieg\u00f3w plus silnik pr\u0105du sta\u0142ego A130<\/h2>\n<table style=\"width: 100%; height: 71px;\" border=\"1\" width=\"100%\" cellspacing=\"0\" cellpadding=\"0\">\n<tbody>\n<tr style=\"height: 13.8pt;\">\n<td style=\"height: 13px; width: 49.892%;\" align=\"right\" width=\"64\" height=\"18\"><img loading=\"lazy\" decoding=\"async\" class=\"alignnone size-full wp-image-3344\" src=\"https:\/\/fmp-components.com\/wp-content\/uploads\/2025\/01\/fmp_1.TGP010-A130-1-1.webp\" alt=\"fmp_1.TGP010-A130-1-1\" width=\"600\" height=\"600\" title=\"\" srcset=\"https:\/\/fmp-components.com\/wp-content\/uploads\/2025\/01\/fmp_1.TGP010-A130-1-1.webp 600w, https:\/\/fmp-components.com\/wp-content\/uploads\/2025\/01\/fmp_1.TGP010-A130-1-1-480x480.webp 480w\" sizes=\"(min-width: 0px) and (max-width: 480px) 480px, (min-width: 481px) 600px, 100vw\" \/><\/td>\n<td style=\"width: 49.892%; height: 13px;\" align=\"right\" width=\"64\"><img loading=\"lazy\" decoding=\"async\" class=\"alignnone size-full wp-image-3345\" src=\"https:\/\/fmp-components.com\/wp-content\/uploads\/2025\/01\/fmp_2.TGP010-A130-1-1.webp\" alt=\"fmp_2.TGP010-A130-1-1\" width=\"600\" height=\"600\" title=\"\" srcset=\"https:\/\/fmp-components.com\/wp-content\/uploads\/2025\/01\/fmp_2.TGP010-A130-1-1.webp 600w, https:\/\/fmp-components.com\/wp-content\/uploads\/2025\/01\/fmp_2.TGP010-A130-1-1-480x480.webp 480w\" sizes=\"(min-width: 0px) and (max-width: 480px) 480px, (min-width: 481px) 600px, 100vw\" \/><\/td>\n<\/tr>\n<tr style=\"height: 22px;\">\n<td style=\"height: 22px; text-align: center;\"><strong>TGP01D-A130<\/strong><\/td>\n<td style=\"height: 22px; text-align: center;\"><strong>TGP01S-A130<\/strong><\/td>\n<\/tr>\n<tr style=\"height: 13.8pt;\">\n<td style=\"height: 13px; width: 49.892%;\" align=\"right\" height=\"18\"><img loading=\"lazy\" decoding=\"async\" class=\"alignnone size-full wp-image-3346\" src=\"https:\/\/fmp-components.com\/wp-content\/uploads\/2025\/01\/fmp_3.TGP010-A130-1.webp\" alt=\"fmp_3.TGP010-A130-1\" width=\"600\" height=\"600\" title=\"\" srcset=\"https:\/\/fmp-components.com\/wp-content\/uploads\/2025\/01\/fmp_3.TGP010-A130-1.webp 600w, https:\/\/fmp-components.com\/wp-content\/uploads\/2025\/01\/fmp_3.TGP010-A130-1-480x480.webp 480w\" sizes=\"(min-width: 0px) and (max-width: 480px) 480px, (min-width: 481px) 600px, 100vw\" \/><\/td>\n<td style=\"width: 49.892%; height: 13px;\" align=\"right\"><img loading=\"lazy\" decoding=\"async\" class=\"alignnone size-full wp-image-3347\" src=\"https:\/\/fmp-components.com\/wp-content\/uploads\/2025\/01\/fmp_4.TGP010-A130-1.webp\" alt=\"fmp_4.TGP010-A130-1\" width=\"600\" height=\"600\" title=\"\" srcset=\"https:\/\/fmp-components.com\/wp-content\/uploads\/2025\/01\/fmp_4.TGP010-A130-1.webp 600w, https:\/\/fmp-components.com\/wp-content\/uploads\/2025\/01\/fmp_4.TGP010-A130-1-480x480.webp 480w\" sizes=\"(min-width: 0px) and (max-width: 480px) 480px, (min-width: 481px) 600px, 100vw\" \/><\/td>\n<\/tr>\n<tr style=\"height: 23px;\">\n<td style=\"height: 23px; text-align: center;\"><strong>TGP02D-A130<\/strong><\/td>\n<td style=\"height: 23px; text-align: center;\"><strong>TGP02S-A130<\/strong><\/td>\n<\/tr>\n<\/tbody>\n<\/table>\n<h2 data-pm-slice=\"0 0 []\">Cechy miniaturowego silnika przek\u0142adniowego z plastikow\u0105 skrzyni\u0105 bieg\u00f3w TGP01S-A130<\/h2>\n<p>Miniaturowy silnik przek\u0142adniowy z plastikow\u0105 przek\u0142adni\u0105 TGP01S-A130 to kompaktowy, lekki i wydajny silnik przeznaczony do zastosowa\u0144 na ma\u0142\u0105 skal\u0119, gdzie przestrze\u0144 i masa maj\u0105 kluczowe znaczenie. Silnik ten \u0142\u0105czy plastikow\u0105 przek\u0142adni\u0119 z miniaturowym silnikiem pr\u0105du sta\u0142ego, oferuj\u0105c wszechstronno\u015b\u0107 i niezawodno\u015b\u0107 w r\u00f3\u017cnych zastosowaniach. Oto kluczowe cechy modelu TGP01S-A130:<\/p>\n<ol>\n<li><strong>Kompaktowa i lekka konstrukcja<\/strong>:\n<ul>\n<li>Silnik TGP01S-A130 charakteryzuje si\u0119 kompaktow\u0105 konstrukcj\u0105, dzi\u0119ki czemu idealnie nadaje si\u0119 do zastosowa\u0144 w ograniczonej przestrzeni. Lekka plastikowa przek\u0142adnia zmniejsza ca\u0142kowit\u0105 mas\u0119 silnika, umo\u017cliwiaj\u0105c \u0142atw\u0105 integracj\u0119 z ma\u0142ymi urz\u0105dzeniami i systemami.<\/li>\n<\/ul>\n<\/li>\n<li><strong>Konstrukcja skrzyni bieg\u00f3w z tworzywa sztucznego<\/strong>:\n<ul>\n<li>Zastosowanie wytrzyma\u0142ego tworzywa sztucznego w przek\u0142adni zapewnia lekk\u0105, a jednocze\u015bnie wytrzyma\u0142\u0105 konstrukcj\u0119, zapewniaj\u0105c p\u0142ynn\u0105 prac\u0119 i jednocze\u015bnie ekonomiczn\u0105 eksploatacj\u0119 silnika. Tworzywo sztuczne pomaga r\u00f3wnie\u017c zredukowa\u0107 ha\u0142as podczas pracy.<\/li>\n<\/ul>\n<\/li>\n<li><strong>Wysoki moment obrotowy<\/strong>:\n<ul>\n<li>Mimo niewielkich rozmiar\u00f3w, TGP01S-A130 oferuje dobry balans momentu obrotowego i pr\u0119dko\u015bci, dzi\u0119ki czemu nadaje si\u0119 do zada\u0144 wymagaj\u0105cych umiarkowanego momentu obrotowego, takich jak nap\u0119dzanie ma\u0142ych k\u00f3\u0142, si\u0142ownik\u00f3w lub innych lekkich maszyn.<\/li>\n<\/ul>\n<\/li>\n<li><strong>Wydajne przenoszenie mocy<\/strong>:\n<ul>\n<li>Silnik przek\u0142adniowy zosta\u0142 zaprojektowany z my\u015bl\u0105 o efektywnym przenoszeniu mocy, optymalizuj\u0105c zu\u017cycie energii elektrycznej przy jednoczesnej minimalizacji strat. Dzi\u0119ki temu silnik idealnie nadaje si\u0119 do urz\u0105dze\u0144 zasilanych bateryjnie i zastosowa\u0144 wymagaj\u0105cych wysokiej sprawno\u015bci.<\/li>\n<\/ul>\n<\/li>\n<li><strong>P\u0142ynna i cicha praca<\/strong>:\n<ul>\n<li>Dzi\u0119ki precyzyjnie zaprojektowanej plastikowej przek\u0142adni silnik pracuje cicho i p\u0142ynnie, co czyni go doskona\u0142ym wyborem do zastosowa\u0144, w kt\u00f3rych wa\u017cna jest redukcja ha\u0142asu, na przyk\u0142ad w zabawkach, urz\u0105dzeniach medycznych lub sprz\u0119cie gospodarstwa domowego.<\/li>\n<\/ul>\n<\/li>\n<\/ol>\n<p>Miniaturowy silnik przek\u0142adniowy z plastikow\u0105 skrzyni\u0105 bieg\u00f3w TGP01S-A130 \u0142\u0105czy kompaktowe rozmiary, niskie zu\u017cycie energii, wysoki moment obrotowy i cich\u0105 prac\u0119 w ekonomicznej i wszechstronnej obudowie. Jego trwa\u0142o\u015b\u0107, wydajno\u015b\u0107 i szeroki zakres napi\u0119\u0107 sprawiaj\u0105, \u017ce idealnie nadaje si\u0119 do szerokiego zakresu zastosowa\u0144, od robotyki po produkty konsumenckie.<\/p>\n<h2>O FMP<\/h2>\n<p>FMP to wiod\u0105cy producent specjalizuj\u0105cy si\u0119 w projektowaniu, rozwoju i produkcji precyzyjnych przek\u0142adni, cylindr\u00f3w hydraulicznych, silnik\u00f3w, wa\u0142k\u00f3w odbioru mocy, mikrosilnik\u00f3w i szerokiej gamy innych kluczowych komponent\u00f3w. Dzi\u0119ki zaanga\u017cowaniu i ci\u0119\u017ckiej pracy naszego wykwalifikowanego zespo\u0142u stali\u015bmy si\u0119 liderem w bran\u017cy. Nasze produkty s\u0105 szeroko dystrybuowane w Europie, Ameryce P\u00f3\u0142nocnej, Azji Po\u0142udniowo-Wschodniej i na innych kluczowych rynkach, zyskuj\u0105c siln\u0105 reputacj\u0119 w zakresie jako\u015bci i doskona\u0142o\u015bci. Nasi klienci stale chwal\u0105 wydajno\u015b\u0107 i niezawodno\u015b\u0107 naszych produkt\u00f3w.<\/p>\n<p>W FMP dysponujemy najnowocze\u015bniejszymi zak\u0142adami produkcyjnymi, w tym przestronnymi halami produkcyjnymi, powierzchniami biurowymi i pomieszczeniami dla pracownik\u00f3w. Posiadamy r\u00f3wnie\u017c najnowocze\u015bniejszy sprz\u0119t badawczo-rozwojowy, produkcyjny i testowy. Nasze wyspecjalizowane dzia\u0142y in\u017cynierii, produkcji form i monta\u017cu s\u0105 doskonale wyposa\u017cone, aby dostarcza\u0107 w pe\u0142ni spersonalizowane rozwi\u0105zania, dostosowane do unikalnych potrzeb ka\u017cdego klienta. Dzi\u0119ki solidnym fundamentom technicznym, usprawnionym procesom produkcyjnym i wydajnemu systemowi zarz\u0105dzania, FMP gwarantuje, \u017ce wszystkie produkty spe\u0142niaj\u0105 najwy\u017csze standardy bran\u017cowe.<\/p>\n<p>Jako\u015b\u0107 jest podstaw\u0105 naszych dzia\u0142a\u0144. Przywi\u0105zujemy szczeg\u00f3ln\u0105 wag\u0119 do ka\u017cdego szczeg\u00f3\u0142u, od doboru materia\u0142\u00f3w i projektu, przez produkcj\u0119 i dostaw\u0119, po opinie klient\u00f3w. Satysfakcja klienta jest naszym priorytetem i dok\u0142adamy wszelkich stara\u0144, aby oferowa\u0107 wyj\u0105tkow\u0105 obs\u0142ug\u0119 na ka\u017cdym etapie procesu. FMP koncentruje si\u0119 nie na nadmiernym zysku, ale na budowaniu d\u0142ugoterminowych, korzystnych dla obu stron relacji z naszymi klientami, zapewniaj\u0105c im sta\u0142y wzrost i sukces.<\/p>\n<p>Z przyjemno\u015bci\u0105 nawi\u0105zujemy wsp\u00f3\u0142prac\u0119 i z niecierpliwo\u015bci\u0105 czekamy na stworzenie lepszej przysz\u0142o\u015bci z naszymi partnerami. Nasze rozwi\u0105zania szyte na miar\u0119 s\u0105 projektowane tak, aby sprosta\u0107 zmieniaj\u0105cym si\u0119 potrzebom naszych klient\u00f3w, gwarantuj\u0105c ka\u017cdemu projektowi pe\u0142n\u0105 uwag\u0119 i fachow\u0105 wiedz\u0119, na jak\u0105 zas\u0142uguje. Niezale\u017cnie od tego, czy szukasz standardowych produkt\u00f3w, czy rozwi\u0105za\u0144 na zam\u00f3wienie, FMP dok\u0142ada wszelkich stara\u0144, aby wspiera\u0107 Tw\u00f3j sukces na ka\u017cdym etapie.<\/p>\n<p><img loading=\"lazy\" decoding=\"async\" class=\"alignnone size-full wp-image-3335\" src=\"https:\/\/fmp-components.com\/wp-content\/uploads\/2025\/01\/DC-motor-tgp01d-a130-product-1.webp\" alt=\"Silnik pr\u0105du sta\u0142ego tgp01d-a130\" width=\"883\" height=\"574\" title=\"\" srcset=\"https:\/\/fmp-components.com\/wp-content\/uploads\/2025\/01\/DC-motor-tgp01d-a130-product-1.webp 883w, https:\/\/fmp-components.com\/wp-content\/uploads\/2025\/01\/DC-motor-tgp01d-a130-product-1-480x312.webp 480w\" sizes=\"(min-width: 0px) and (max-width: 480px) 480px, (min-width: 481px) 883px, 100vw\" \/><\/p>\n<p>Autor: CX<\/p>","protected":false},"excerpt":{"rendered":"<p>Plastic Gearbox Mini Geared Motor TGP01S-A130 TGP plastic gears gearbox plus A130 permanent magnet DC motor small size dc gear motor with low speed and big torque suitable to small diameter, low noise, and big torque application reduction ratio: 48,120,180,220,288 Characters of Mini Geared Motor Small size dc gear motor with low speed and big [&hellip;]<\/p>","protected":false},"featured_media":3340,"comment_status":"open","ping_status":"closed","template":"","meta":{"_et_pb_use_builder":"","_et_pb_old_content":"","_et_gb_content_width":""},"product_brand":[],"product_cat":[85],"product_tag":[],"class_list":{"0":"post-3339","1":"product","2":"type-product","3":"status-publish","4":"has-post-thumbnail","6":"product_cat-dc-motors","8":"first","9":"instock","10":"shipping-taxable","11":"product-type-simple"},"_links":{"self":[{"href":"https:\/\/fmp-components.com\/pl\/wp-json\/wp\/v2\/product\/3339","targetHints":{"allow":["GET"]}}],"collection":[{"href":"https:\/\/fmp-components.com\/pl\/wp-json\/wp\/v2\/product"}],"about":[{"href":"https:\/\/fmp-components.com\/pl\/wp-json\/wp\/v2\/types\/product"}],"replies":[{"embeddable":true,"href":"https:\/\/fmp-components.com\/pl\/wp-json\/wp\/v2\/comments?post=3339"}],"wp:featuredmedia":[{"embeddable":true,"href":"https:\/\/fmp-components.com\/pl\/wp-json\/wp\/v2\/media\/3340"}],"wp:attachment":[{"href":"https:\/\/fmp-components.com\/pl\/wp-json\/wp\/v2\/media?parent=3339"}],"wp:term":[{"taxonomy":"product_brand","embeddable":true,"href":"https:\/\/fmp-components.com\/pl\/wp-json\/wp\/v2\/product_brand?post=3339"},{"taxonomy":"product_cat","embeddable":true,"href":"https:\/\/fmp-components.com\/pl\/wp-json\/wp\/v2\/product_cat?post=3339"},{"taxonomy":"product_tag","embeddable":true,"href":"https:\/\/fmp-components.com\/pl\/wp-json\/wp\/v2\/product_tag?post=3339"}],"curies":[{"name":"wp","href":"https:\/\/api.w.org\/{rel}","templated":true}]}}