{"id":3331,"date":"2025-01-06T08:18:18","date_gmt":"2025-01-06T08:18:18","guid":{"rendered":"https:\/\/fmp-components.com\/?page_id=8"},"modified":"2025-01-06T08:34:45","modified_gmt":"2025-01-06T08:34:45","slug":"italy-supplier-mini-dc-motor-tgp01d-a130-plastic-gearbox-plus-a130","status":"publish","type":"product","link":"https:\/\/fmp-components.com\/pl\/product\/italy-supplier-mini-dc-motor-tgp01d-a130-plastic-gearbox-plus-a130\/","title":{"rendered":"W\u0142ochy Dostawca Mini DC Motor TGP01D-A130 Plastikowa skrzynia bieg\u00f3w Plus A130"},"content":{"rendered":"<p><img loading=\"lazy\" decoding=\"async\" class=\"wp-image-3334 aligncenter\" src=\"https:\/\/fmp-components.com\/wp-content\/uploads\/2025\/01\/DC-motor-tgp01d-a130-1.webp\" alt=\"Silnik pr\u0105du sta\u0142ego tgp01d-a130\" width=\"524\" height=\"539\" title=\"\" srcset=\"https:\/\/fmp-components.com\/wp-content\/uploads\/2025\/01\/DC-motor-tgp01d-a130-1.webp 524w, https:\/\/fmp-components.com\/wp-content\/uploads\/2025\/01\/DC-motor-tgp01d-a130-1-480x494.webp 480w\" sizes=\"(min-width: 0px) and (max-width: 480px) 480px, (min-width: 481px) 524px, 100vw\" \/><\/p>\n<h2>Specyfikacja<\/h2>\n<table style=\"width: 100%;\" border=\"1\" width=\"100%\" cellspacing=\"0\" cellpadding=\"0\">\n<tbody>\n<tr>\n<th>Typ silnika<\/th>\n<td>Ma\u0142y silnik przek\u0142adniowy pr\u0105du sta\u0142ego<\/td>\n<\/tr>\n<tr>\n<th>Charakterystyka<\/th>\n<td>Niska pr\u0119dko\u015b\u0107, du\u017cy moment obrotowy, niski poziom ha\u0142asu<\/td>\n<\/tr>\n<tr>\n<th>Wsp\u00f3\u0142czynniki redukcji<\/th>\n<td>48, 120, 180, 220, 288<\/td>\n<\/tr>\n<tr>\n<th>Aplikacje<\/th>\n<td>Zabawka z nap\u0119dem, zabawka do je\u017cd\u017cenia, robot<\/td>\n<\/tr>\n<\/tbody>\n<\/table>\n<h2>Wymiary silnika przek\u0142adniowego (mm)<\/h2>\n<p><img loading=\"lazy\" decoding=\"async\" class=\"alignnone size-full wp-image-3332\" src=\"https:\/\/fmp-components.com\/wp-content\/uploads\/2025\/01\/fmp_1.TGP010-A130-2.webp\" alt=\"fmp_1.TGP010-A130-2\" width=\"922\" height=\"512\" title=\"\" srcset=\"https:\/\/fmp-components.com\/wp-content\/uploads\/2025\/01\/fmp_1.TGP010-A130-2.webp 922w, https:\/\/fmp-components.com\/wp-content\/uploads\/2025\/01\/fmp_1.TGP010-A130-2-480x267.webp 480w\" sizes=\"(min-width: 0px) and (max-width: 480px) 480px, (min-width: 481px) 922px, 100vw\" \/><\/p>\n<h2>Dane techniczne miniaturowego silnika pr\u0105du sta\u0142ego<\/h2>\n<table style=\"width: 96.6375%; height: 144px;\" border=\"1\">\n<tbody>\n<tr>\n<td>Numer modelu silnika<\/td>\n<td>Napi\u0119cie znamionowe<br \/>\nVDC<\/td>\n<td>Pr\u0119dko\u015b\u0107 bez obci\u0105\u017cenia<br \/>\nobr.\/min<\/td>\n<td>Pr\u0105d ja\u0142owy<br \/>\nmama<\/td>\n<td>Moment obrotowy zatrzymania<br \/>\ng.cm<\/td>\n<td>Pr\u0105d przeci\u0105gni\u0119cia<br \/>\nA<\/td>\n<\/tr>\n<tr>\n<td>TFE-130RA-12215<\/td>\n<td>6.0<\/td>\n<td>11500<\/td>\n<td>120<\/td>\n<td>20<\/td>\n<td>0.85<\/td>\n<\/tr>\n<tr>\n<td>TFE-130RA-14175<\/td>\n<td>3.0<\/td>\n<td>8000<\/td>\n<td>120<\/td>\n<td>13<\/td>\n<td>0.70<\/td>\n<\/tr>\n<tr>\n<td>TFE-130RA-18100<\/td>\n<td>3.0<\/td>\n<td>11500<\/td>\n<td>250<\/td>\n<td>20<\/td>\n<td>1.80<\/td>\n<\/tr>\n<\/tbody>\n<\/table>\n<h2>Dane techniczne silnika przek\u0142adniowego<\/h2>\n<table style=\"width: 96.6375%; height: 120px;\" border=\"1\">\n<tbody>\n<tr style=\"height: 30px;\">\n<th style=\"height: 30px; width: 32.774%; text-align: left;\">Model skrzyni bieg\u00f3w<\/th>\n<td style=\"height: 30px; width: 66.5548%;\">TGP01D-A130-12215-XXX<\/td>\n<\/tr>\n<tr style=\"height: 30px;\">\n<th style=\"height: 30px; width: 32.774%; text-align: left;\">Wsp\u00f3\u0142czynniki redukcji<\/th>\n<td style=\"height: 30px; width: 66.5548%;\">48, 120, 180, 220, 288<\/td>\n<\/tr>\n<tr style=\"height: 30px;\">\n<th style=\"height: 30px; width: 32.774%; text-align: left;\">Pr\u0119dko\u015b\u0107 bez obci\u0105\u017cenia (obr.\/min)<\/th>\n<td style=\"height: 30px; width: 66.5548%;\">230, 90, 60, 50, 38<\/td>\n<\/tr>\n<tr style=\"height: 30px;\">\n<th style=\"height: 30px; width: 32.774%; text-align: left;\">Maksymalny moment tolerancji chwilowej (kg.cm)<\/th>\n<td style=\"height: 30px; width: 66.5548%;\">0.7, 1.4, 2.0, 2.2, 2.8<\/td>\n<\/tr>\n<\/tbody>\n<\/table>\n<h2>Skrzynia bieg\u00f3w z silnikiem<\/h2>\n<table style=\"width: 96.6375%; height: 96px;\" border=\"1\">\n<tbody>\n<tr style=\"height: 24px;\">\n<th style=\"height: 24px; text-align: left; width: 38.4787%;\">Model skrzyni bieg\u00f3w<\/th>\n<td style=\"height: 24px; width: 60.8501%;\">TGP01D-A130-14175-XXX<\/td>\n<\/tr>\n<tr style=\"height: 24px;\">\n<th style=\"height: 24px; text-align: left; width: 38.4787%;\">Wsp\u00f3\u0142czynniki redukcji<\/th>\n<td style=\"height: 24px; width: 60.8501%;\">48, 120, 180, 220, 288<\/td>\n<\/tr>\n<tr style=\"height: 24px;\">\n<th style=\"height: 24px; text-align: left; width: 38.4787%;\">Pr\u0119dko\u015b\u0107 bez obci\u0105\u017cenia (obr.\/min)<\/th>\n<td style=\"height: 24px; width: 60.8501%;\">150, 60, 40, 33, 25<\/td>\n<\/tr>\n<tr style=\"height: 24px;\">\n<th style=\"height: 24px; text-align: left; width: 38.4787%;\">Maksymalny moment tolerancji chwilowej (kg.cm)<\/th>\n<td style=\"height: 24px; width: 60.8501%;\">0.5, 0.9, 1.2, 1.4, 1.8<\/td>\n<\/tr>\n<\/tbody>\n<\/table>\n<table style=\"width: 96.6375%; height: 120px;\" border=\"1\">\n<tbody>\n<tr>\n<th style=\"text-align: left; width: 38.5906%;\">Model skrzyni bieg\u00f3w<\/th>\n<td style=\"width: 60.7383%;\">TGP01D-A130-18100-XXX<\/td>\n<\/tr>\n<tr>\n<th style=\"text-align: left; width: 38.5906%;\">Wsp\u00f3\u0142czynniki redukcji<\/th>\n<td style=\"width: 60.7383%;\">48, 120, 180, 220, 288<\/td>\n<\/tr>\n<tr>\n<th style=\"text-align: left; width: 38.5906%;\">Pr\u0119dko\u015b\u0107 bez obci\u0105\u017cenia (obr.\/min)<\/th>\n<td style=\"width: 60.7383%;\">230, 90, 60, 50, 38<\/td>\n<\/tr>\n<tr>\n<th style=\"text-align: left; width: 38.5906%;\">Maksymalny moment tolerancji chwilowej (kg.cm)<\/th>\n<td style=\"width: 60.7383%;\">0.7, 1.4, 2.0, 2.2, 2.8<\/td>\n<\/tr>\n<\/tbody>\n<\/table>\n<h2 data-pm-slice=\"0 0 []\">Cechy miniaturowego silnika pr\u0105du sta\u0142ego TGP01D-A130<\/h2>\n<p>Miniaturowy silnik pr\u0105du sta\u0142ego TGP01D-A130 to kompaktowy i wydajny silnik przeznaczony do r\u00f3\u017cnych zastosowa\u0144, w kt\u00f3rych kluczowe znaczenie maj\u0105 ograniczenia przestrzenne i wydajno\u015b\u0107. Poni\u017cej przedstawiono najwa\u017cniejsze cechy tego silnika:<\/p>\n<ol>\n<li><strong>Kompaktowy rozmiar<\/strong>:\n<ul>\n<li>Zaprojektowane tak, aby pasowa\u0107 do ma\u0142ych przestrzeni, dzi\u0119ki czemu idealnie nadaj\u0105 si\u0119 do zastosowa\u0144, w kt\u00f3rych rozmiar ma kluczowe znaczenie, np. w urz\u0105dzeniach przeno\u015bnych lub maszynach miniaturowych.<\/li>\n<\/ul>\n<\/li>\n<li><strong>Wysoka wydajno\u015b\u0107<\/strong>:\n<ul>\n<li>Zaprojektowane z my\u015bl\u0105 o wydajnej pracy, zapewniaj\u0105ce optymalne zu\u017cycie energii i minimalizuj\u0105ce wytwarzanie ciep\u0142a podczas pracy.<\/li>\n<\/ul>\n<\/li>\n<li><strong>Trwa\u0142o\u015b\u0107<\/strong>:\n<ul>\n<li>Zbudowany z wysokiej jako\u015bci materia\u0142\u00f3w, TGP01D-A130 charakteryzuje si\u0119 d\u0142ugotrwa\u0142\u0105 wytrzyma\u0142o\u015bci\u0105 i niezawodno\u015bci\u0105, gwarantuj\u0105c d\u0142u\u017csz\u0105 \u017cywotno\u015b\u0107 nawet przy umiarkowanym i intensywnym u\u017cytkowaniu.<\/li>\n<\/ul>\n<\/li>\n<li><strong>Niskie zu\u017cycie energii<\/strong>:\n<ul>\n<li>Silnik pracuje przy minimalnym zapotrzebowaniu na energi\u0119, dzi\u0119ki czemu jest niezwykle energooszcz\u0119dny i nadaje si\u0119 do zasilania urz\u0105dze\u0144 zasilanych bateryjnie.<\/li>\n<\/ul>\n<\/li>\n<li><strong>P\u0142ynna i cicha praca<\/strong>:\n<ul>\n<li>Zaprojektowany z my\u015bl\u0105 o p\u0142ynnej i cichej pracy, dzi\u0119ki czemu idealnie nadaje si\u0119 do zastosowa\u0144 wymagaj\u0105cych niskiego poziomu ha\u0142asu, np. w urz\u0105dzeniach medycznych, zabawkach i ma\u0142ych urz\u0105dzeniach elektronicznych.<\/li>\n<\/ul>\n<\/li>\n<\/ol>\n<p>Podsumowuj\u0105c, miniaturowy silnik pr\u0105du sta\u0142ego TGP01D-A130 to wszechstronne, trwa\u0142e i wydajne rozwi\u0105zanie do zastosowa\u0144, w kt\u00f3rych rozmiar, energooszcz\u0119dno\u015b\u0107 i niezawodno\u015b\u0107 maj\u0105 kluczowe znaczenie.<\/p>\n<p><img loading=\"lazy\" decoding=\"async\" class=\"alignnone size-full wp-image-3336\" src=\"https:\/\/fmp-components.com\/wp-content\/uploads\/2025\/01\/DC-motor-tgp01d-a130-product.webp\" alt=\"Silnik pr\u0105du sta\u0142ego tgp01d-a130\" width=\"1071\" height=\"742\" title=\"\" srcset=\"https:\/\/fmp-components.com\/wp-content\/uploads\/2025\/01\/DC-motor-tgp01d-a130-product.webp 1071w, https:\/\/fmp-components.com\/wp-content\/uploads\/2025\/01\/DC-motor-tgp01d-a130-product-980x679.webp 980w, https:\/\/fmp-components.com\/wp-content\/uploads\/2025\/01\/DC-motor-tgp01d-a130-product-480x333.webp 480w\" sizes=\"(min-width: 0px) and (max-width: 480px) 480px, (min-width: 481px) and (max-width: 980px) 980px, (min-width: 981px) 1071px, 100vw\" \/><\/p>\n<h2>O FMP<\/h2>\n<p>FMP to wiod\u0105cy producent specjalizuj\u0105cy si\u0119 w projektowaniu, rozwoju i produkcji precyzyjnych przek\u0142adni, cylindr\u00f3w hydraulicznych, silnik\u00f3w, wa\u0142k\u00f3w odbioru mocy, mikrosilnik\u00f3w i szerokiej gamy innych niezb\u0119dnych komponent\u00f3w. Dzi\u0119ki ci\u0105g\u0142emu zaanga\u017cowaniu i ci\u0119\u017ckiej pracy ca\u0142ego naszego zespo\u0142u stali\u015bmy si\u0119 jednym z lider\u00f3w bran\u017cy. Nasze produkty s\u0105 eksportowane na ca\u0142y \u015bwiat, z siln\u0105 pozycj\u0105 w Europie, Ameryce P\u00f3\u0142nocnej, Azji Po\u0142udniowo-Wschodniej i innych regionach. Zdobyli\u015bmy reputacj\u0119 dzi\u0119ki wyj\u0105tkowej jako\u015bci, a nasze produkty ciesz\u0105 si\u0119 uznaniem klient\u00f3w na ca\u0142ym \u015bwiecie.<\/p>\n<p>W FMP dysponujemy du\u017cymi halami produkcyjnymi, budynkami biurowymi i akademikami pracowniczymi. Posiadamy r\u00f3wnie\u017c zaawansowany sprz\u0119t badawczo-rozwojowy, produkcyjny i testowy. Nasz profesjonalny dzia\u0142 in\u017cynierii produktu, produkcja form oraz centrum monta\u017cowe pozwalaj\u0105 nam oferowa\u0107 w pe\u0142ni spersonalizowane rozwi\u0105zania, dopasowane do specyficznych potrzeb naszych klient\u00f3w. Dzi\u0119ki solidnym fundamentom technicznym, wydajnym procesom produkcyjnym i solidnemu systemowi zarz\u0105dzania, FMP specjalizuje si\u0119 w dostarczaniu produkt\u00f3w spe\u0142niaj\u0105cych najwy\u017csze standardy.<\/p>\n<p>Nasze zaanga\u017cowanie w jako\u015b\u0107 znajduje odzwierciedlenie w ka\u017cdym aspekcie naszych dzia\u0142a\u0144 \u2013 od doboru materia\u0142\u00f3w, przez projektowanie i produkcj\u0119, a\u017c po dostaw\u0119 i opinie klient\u00f3w. Priorytetem jest dla nas zadowolenie klienta i dok\u0142adamy wszelkich stara\u0144, aby zapewni\u0107 doskona\u0142\u0105 obs\u0142ug\u0119 na ka\u017cdym etapie procesu. FMP nie d\u0105\u017cy do nadmiernych zysk\u00f3w, lecz koncentruje si\u0119 na budowaniu i utrzymywaniu d\u0142ugoterminowych, korzystnych dla obu stron relacji z naszymi klientami.<\/p>\n<p>Jeste\u015bmy zawsze otwarci na wsp\u00f3\u0142prac\u0119 i z niecierpliwo\u015bci\u0105 czekamy na wsp\u00f3lne tworzenie \u015bwietlanej przysz\u0142o\u015bci z naszymi partnerami. Nasze rozwi\u0105zania szyte na miar\u0119 s\u0105 projektowane z my\u015bl\u0105 o zmieniaj\u0105cych si\u0119 potrzebach naszych klient\u00f3w, gwarantuj\u0105c ka\u017cdemu projektowi najwy\u017cszy poziom uwagi i wiedzy fachowej. Niezale\u017cnie od tego, czy potrzebujesz standardowych produkt\u00f3w, czy rozwi\u0105za\u0144 szytych na miar\u0119, FMP z zaanga\u017cowaniem wspiera Tw\u00f3j sukces.<\/p>\n<p><img loading=\"lazy\" decoding=\"async\" class=\"alignnone size-full wp-image-3335\" src=\"https:\/\/fmp-components.com\/wp-content\/uploads\/2025\/01\/DC-motor-tgp01d-a130-product-1.webp\" alt=\"Silnik pr\u0105du sta\u0142ego tgp01d-a130\" width=\"883\" height=\"574\" title=\"\" srcset=\"https:\/\/fmp-components.com\/wp-content\/uploads\/2025\/01\/DC-motor-tgp01d-a130-product-1.webp 883w, https:\/\/fmp-components.com\/wp-content\/uploads\/2025\/01\/DC-motor-tgp01d-a130-product-1-480x312.webp 480w\" sizes=\"(min-width: 0px) and (max-width: 480px) 480px, (min-width: 481px) 883px, 100vw\" \/><\/p>\n<p>Autor: CX<\/p>","protected":false},"excerpt":{"rendered":"<p>Specification Motor Type Small Size DC Gear Motor Characteristics Low Speed, Big Torque, Low Noise Reduction Ratios 48, 120, 180, 220, 288 Applications Motorized Toy, Ride-on Toy, Robot Gear motor dimension (mm) Mini DC Motor Technical Data Motor model No Rated voltage VDC No-load speed r\/min No-load current mA Stall torque g.cm Stall current A [&hellip;]<\/p>","protected":false},"featured_media":3337,"comment_status":"open","ping_status":"closed","template":"","meta":{"_et_pb_use_builder":"","_et_pb_old_content":"","_et_gb_content_width":""},"product_brand":[],"product_cat":[85],"product_tag":[],"class_list":{"0":"post-3331","1":"product","2":"type-product","3":"status-publish","4":"has-post-thumbnail","6":"product_cat-dc-motors","8":"first","9":"instock","10":"shipping-taxable","11":"product-type-simple"},"_links":{"self":[{"href":"https:\/\/fmp-components.com\/pl\/wp-json\/wp\/v2\/product\/3331","targetHints":{"allow":["GET"]}}],"collection":[{"href":"https:\/\/fmp-components.com\/pl\/wp-json\/wp\/v2\/product"}],"about":[{"href":"https:\/\/fmp-components.com\/pl\/wp-json\/wp\/v2\/types\/product"}],"replies":[{"embeddable":true,"href":"https:\/\/fmp-components.com\/pl\/wp-json\/wp\/v2\/comments?post=3331"}],"wp:featuredmedia":[{"embeddable":true,"href":"https:\/\/fmp-components.com\/pl\/wp-json\/wp\/v2\/media\/3337"}],"wp:attachment":[{"href":"https:\/\/fmp-components.com\/pl\/wp-json\/wp\/v2\/media?parent=3331"}],"wp:term":[{"taxonomy":"product_brand","embeddable":true,"href":"https:\/\/fmp-components.com\/pl\/wp-json\/wp\/v2\/product_brand?post=3331"},{"taxonomy":"product_cat","embeddable":true,"href":"https:\/\/fmp-components.com\/pl\/wp-json\/wp\/v2\/product_cat?post=3331"},{"taxonomy":"product_tag","embeddable":true,"href":"https:\/\/fmp-components.com\/pl\/wp-json\/wp\/v2\/product_tag?post=3331"}],"curies":[{"name":"wp","href":"https:\/\/api.w.org\/{rel}","templated":true}]}}