{"id":3319,"date":"2025-01-06T06:55:29","date_gmt":"2025-01-06T06:55:29","guid":{"rendered":"https:\/\/fmp-components.com\/?page_id=8"},"modified":"2025-01-06T06:55:29","modified_gmt":"2025-01-06T06:55:29","slug":"agriculture-gearbox-for-hay-tedder-fmp04","status":"publish","type":"product","link":"https:\/\/fmp-components.com\/pl\/product\/agriculture-gearbox-for-hay-tedder-fmp04\/","title":{"rendered":"Przek\u0142adnia rolnicza do przetrz\u0105sacza siana FMP04"},"content":{"rendered":"<h2>Przek\u0142adnia rolnicza do przetrz\u0105sacza siana FMP04 Specyfikacja <img loading=\"lazy\" decoding=\"async\" class=\"alignnone  wp-image-3321\" src=\"https:\/\/fmp-components.com\/wp-content\/uploads\/2025\/01\/agricutural-gearbox-ep04.png\" alt=\"skrzynia-bieg\u00f3w-rolniczych-fmp04\" width=\"820\" height=\"859\" title=\"\" srcset=\"https:\/\/fmp-components.com\/wp-content\/uploads\/2025\/01\/agricutural-gearbox-ep04.png 820w, https:\/\/fmp-components.com\/wp-content\/uploads\/2025\/01\/agricutural-gearbox-ep04-480x503.png 480w\" sizes=\"(min-width: 0px) and (max-width: 480px) 480px, (min-width: 481px) 820px, 100vw\" \/><\/h2>\n<table style=\"width: 86.9315%; height: 69px;\" border=\"1\" width=\"100%\" cellspacing=\"0\" cellpadding=\"0\">\n<tbody>\n<tr style=\"height: 23px;\">\n<th style=\"width: 40.3888%; height: 23px;\">Stosunek<\/th>\n<td style=\"width: 46.0249%; height: 23px;\">2:1<\/td>\n<\/tr>\n<tr style=\"height: 23px;\">\n<th style=\"width: 40.3888%; height: 23px;\">Pr\u0119dko\u015b\u0107 wej\u015bciowa<\/th>\n<td style=\"width: 46.0249%; height: 23px;\">305 obr.\/min<\/td>\n<\/tr>\n<tr style=\"height: 23px;\">\n<th style=\"width: 40.3888%; height: 23px;\">Wa\u0142 wej\u015bciowy<\/th>\n<td style=\"width: 46.0249%; height: 23px;\">X<\/td>\n<\/tr>\n<\/tbody>\n<\/table>\n<h2>Cechy przetrz\u0105sacza rolniczego FMP04<\/h2>\n<p>Przek\u0142adnia rolnicza przetrz\u0105sacza siana FMP04 zosta\u0142a zaprojektowana specjalnie do maszyn rolniczych, a w szczeg\u00f3lno\u015bci do przetrz\u0105saczy siana. Przek\u0142adnia ta \u0142\u0105czy w sobie trwa\u0142o\u015b\u0107, precyzj\u0119 i wysok\u0105 wydajno\u015b\u0107, zapewniaj\u0105c optymaln\u0105 prac\u0119 w wymagaj\u0105cych warunkach rolniczych. Oto kilka kluczowych cech przek\u0142adni rolniczej przetrz\u0105sacza siana FMP04:<\/p>\n<p>1. <strong>Wysoka trwa\u0142o\u015b\u0107<\/strong><\/p>\n<ul>\n<li>Wykonana z materia\u0142\u00f3w najwy\u017cszej jako\u015bci przek\u0142adnia FMP04 jest przygotowana na trudne warunki panuj\u0105ce w polach uprawnych, co gwarantuje d\u0142ugotrwa\u0142\u0105 wydajno\u015b\u0107 i niezawodno\u015b\u0107.<\/li>\n<\/ul>\n<p>2. <strong>In\u017cynieria precyzyjna<\/strong><\/p>\n<ul>\n<li>Przek\u0142adnia zosta\u0142a zaprojektowana z dba\u0142o\u015bci\u0105 o szczeg\u00f3\u0142y i gwarantuje p\u0142ynne i wydajne przenoszenie mocy, co przek\u0142ada si\u0119 na wi\u0119ksz\u0105 wydajno\u015b\u0107 pracy przetrz\u0105saczy siana.<\/li>\n<\/ul>\n<p>3. <strong>Kompaktowa i solidna konstrukcja<\/strong><\/p>\n<ul>\n<li>Kompaktowa konstrukcja u\u0142atwia integracj\u0119 z r\u00f3\u017cnymi modelami przetrz\u0105saczy siana, a solidna konstrukcja gwarantuje odporno\u015b\u0107 na zu\u017cycie i uszkodzenia, nawet przy intensywnym u\u017cytkowaniu.<\/li>\n<\/ul>\n<p>4. <strong>Wydajne przenoszenie mocy<\/strong><\/p>\n<ul>\n<li>Zoptymalizowane prze\u0142o\u017cenia zapewniaj\u0105 wydajne przenoszenie mocy z wa\u0142u odbioru mocy do podzespo\u0142\u00f3w przetrz\u0105sacza siana, minimalizuj\u0105c straty energii i maksymalizuj\u0105c efektywno\u015b\u0107 pracy.<\/li>\n<\/ul>\n<p>5. <strong>\u0141atwa konserwacja<\/strong><\/p>\n<ul>\n<li>Przek\u0142adnia FMP04 zosta\u0142a zaprojektowana z my\u015bl\u0105 o \u0142atwej konserwacji i wyposa\u017cona w przyjazne dla u\u017cytkownika funkcje, kt\u00f3re umo\u017cliwiaj\u0105 szybkie kontrole i serwisowanie, minimalizuj\u0105c przestoje w szczycie sezonu rolniczego.<\/li>\n<\/ul>\n<p>Przek\u0142adnia rolnicza przetrz\u0105sacza siana FMP04 to doskona\u0142y wyb\u00f3r dla rolnik\u00f3w poszukuj\u0105cych trwa\u0142ego, wydajnego i wszechstronnego rozwi\u0105zania do przetrz\u0105sania siana, zapewniaj\u0105cego optymalne przenoszenie mocy i d\u0142ugoterminow\u0105 niezawodno\u015b\u0107.<\/p>\n<h2>O FMP<\/h2>\n<p>Firma FMP, z siedzib\u0105 g\u0142\u00f3wn\u0105 we W\u0142oszech, jest uznanym liderem w projektowaniu, rozwoju i produkcji wysokowydajnych przek\u0142adni, ze szczeg\u00f3lnym uwzgl\u0119dnieniem sektora maszyn rolniczych. Znana z precyzyjnej in\u017cynierii, innowacyjnych rozwi\u0105za\u0144 i niezmiennej niezawodno\u015bci, firma FMP ugruntowa\u0142a swoj\u0105 pozycj\u0119 zaufanego partnera zar\u00f3wno na rynku rolniczym, jak i przemys\u0142owym. Nasze bogate portfolio obejmuje przek\u0142adnie projektowane na zam\u00f3wienie do kosiarek, wa\u0142\u00f3w odbioru mocy (WOM) i innych kluczowych komponent\u00f3w, z kt\u00f3rych ka\u017cdy zosta\u0142 zaprojektowany tak, aby sprosta\u0107 unikalnym wymaganiom r\u00f3\u017cnych zastosowa\u0144.<\/p>\n<p>W FMP zdajemy sobie spraw\u0119, \u017ce ka\u017cdy klient ma unikalne wyzwania i wymagania. Ta wiedza nap\u0119dza nasze zaanga\u017cowanie w dostarczanie rozwi\u0105za\u0144 szytych na miar\u0119, zar\u00f3wno dla pojedynczych komponent\u00f3w, jak i w pe\u0142ni zintegrowanych system\u00f3w. Dzi\u0119ki bliskiej wsp\u00f3\u0142pracy z naszymi klientami, zapewniamy, \u017ce ka\u017cde rozwi\u0105zanie jest precyzyjnie dopasowane do ich potrzeb, optymalizuj\u0105c wydajno\u015b\u0107 i maksymalizuj\u0105c warto\u015b\u0107. Nasze zaanga\u017cowanie w szybk\u0105, profesjonaln\u0105 obs\u0142ug\u0119 i fachowe doradztwo gwarantuje, \u017ce ka\u017cdy projekt jest realizowany z precyzj\u0105 i konsekwentnie osi\u0105ga najlepsze mo\u017cliwe rezultaty.<\/p>\n<p>Priorytetem jest dla nas jasna i ci\u0105g\u0142a komunikacja na ka\u017cdym etapie cyklu rozwoju produktu. Nasz zesp\u00f3\u0142 ekspert\u00f3w \u015bci\u015ble wsp\u00f3\u0142pracuje z klientami, aby w pe\u0142ni zrozumie\u0107 ich potrzeby, oferuj\u0105c praktyczne spostrze\u017cenia i rekomendacje, kt\u00f3re gwarantuj\u0105 optymalne rezultaty. Niezale\u017cnie od tego, czy tworzymy innowacyjne produkty, czy realizujemy rutynowe zam\u00f3wienia, FMP dok\u0142ada wszelkich stara\u0144, aby dostarcza\u0107 wysokiej jako\u015bci, precyzyjnie zaprojektowane rozwi\u0105zania na czas i za ka\u017cdym razem. Nasz\u0105 misj\u0105 jest przekraczanie oczekiwa\u0144 klient\u00f3w, oferuj\u0105c wyj\u0105tkow\u0105 obs\u0142ug\u0119 i rezultaty w ka\u017cdym realizowanym przez nas projekcie.<\/p>\n<p>Podstaw\u0105 dzia\u0142alno\u015bci FMP jest niez\u0142omne zaanga\u017cowanie w jako\u015b\u0107. Przestrzegamy najwy\u017cszych standard\u00f3w bran\u017cowych i wdra\u017camy rygorystyczne procesy kontroli jako\u015bci, aby zapewni\u0107, \u017ce ka\u017cdy produkt spe\u0142nia, a nawet przewy\u017csza standardy bran\u017cowe. To zaanga\u017cowanie w d\u0105\u017cenie do doskona\u0142o\u015bci, w po\u0142\u0105czeniu z naszymi podstawowymi warto\u015bciami, takimi jak uczciwo\u015b\u0107, praca zespo\u0142owa i wytrwa\u0142o\u015b\u0107, pozwoli\u0142o nam zbudowa\u0107 d\u0142ugotrwa\u0142e, oparte na zaufaniu relacje z klientami w prawie 30 krajach na ca\u0142ym \u015bwiecie.<\/p>\n<p>FMP z pasj\u0105 buduje globalne partnerstwa, oferuj\u0105c fachowe doradztwo i rozwi\u0105zania dostosowane do indywidualnych potrzeb, kt\u00f3re ewoluuj\u0105 w odpowiedzi na stale zmieniaj\u0105ce si\u0119 potrzeby naszych klient\u00f3w. Zale\u017cy nam na budowaniu d\u0142ugoterminowych, korzystnych dla obu stron relacji, kt\u00f3re przyczyniaj\u0105 si\u0119 do sukcesu ka\u017cdego projektu. Niezale\u017cnie od tego, czy potrzebujesz innowacyjnych rozwi\u0105za\u0144 dla nowej inicjatywy, czy sta\u0142ego wsparcia dla istniej\u0105cego systemu, FMP pomo\u017ce Ci stawi\u0107 czo\u0142a wyzwaniom technicznym i zapewni\u0107 Ci sta\u0142y sukces.<\/p>\n<p><img loading=\"lazy\" decoding=\"async\" class=\"alignnone wp-image-2695\" src=\"https:\/\/fmp-components.com\/wp-content\/uploads\/2025\/01\/agricultural-gearbox3.webp\" alt=\"skrzynia bieg\u00f3w rolnicza\" width=\"1140\" height=\"1138\" title=\"\" srcset=\"https:\/\/fmp-components.com\/wp-content\/uploads\/2025\/01\/agricultural-gearbox3.webp 1140w, https:\/\/fmp-components.com\/wp-content\/uploads\/2025\/01\/agricultural-gearbox3-480x479.webp 480w\" sizes=\"(min-width: 0px) and (max-width: 480px) 480px, (min-width: 481px) 1140px, 100vw\" \/><\/p>\n<p>Autor: CX<\/p>","protected":false},"excerpt":{"rendered":"<p>Agriculture Gearbox For Hay Tedder FMP04 Specification Ratio 2:1 Input Speed 305 rpm Input Shaft X Features of Hay Tedder Agriculture Gearbox FMP04 The FMP04 Hay Tedder Agricultural Gearbox is specifically designed for agricultural machinery, particularly for hay tedders. This gearbox offers a combination of durability, precision, and high performance, ensuring optimal operation in demanding [&hellip;]<\/p>","protected":false},"featured_media":3320,"comment_status":"open","ping_status":"closed","template":"","meta":{"_et_pb_use_builder":"","_et_pb_old_content":"","_et_gb_content_width":""},"product_brand":[],"product_cat":[83],"product_tag":[],"class_list":{"0":"post-3319","1":"product","2":"type-product","3":"status-publish","4":"has-post-thumbnail","6":"product_cat-gearbox-for-hay-tedders","8":"first","9":"instock","10":"shipping-taxable","11":"product-type-simple"},"_links":{"self":[{"href":"https:\/\/fmp-components.com\/pl\/wp-json\/wp\/v2\/product\/3319","targetHints":{"allow":["GET"]}}],"collection":[{"href":"https:\/\/fmp-components.com\/pl\/wp-json\/wp\/v2\/product"}],"about":[{"href":"https:\/\/fmp-components.com\/pl\/wp-json\/wp\/v2\/types\/product"}],"replies":[{"embeddable":true,"href":"https:\/\/fmp-components.com\/pl\/wp-json\/wp\/v2\/comments?post=3319"}],"wp:featuredmedia":[{"embeddable":true,"href":"https:\/\/fmp-components.com\/pl\/wp-json\/wp\/v2\/media\/3320"}],"wp:attachment":[{"href":"https:\/\/fmp-components.com\/pl\/wp-json\/wp\/v2\/media?parent=3319"}],"wp:term":[{"taxonomy":"product_brand","embeddable":true,"href":"https:\/\/fmp-components.com\/pl\/wp-json\/wp\/v2\/product_brand?post=3319"},{"taxonomy":"product_cat","embeddable":true,"href":"https:\/\/fmp-components.com\/pl\/wp-json\/wp\/v2\/product_cat?post=3319"},{"taxonomy":"product_tag","embeddable":true,"href":"https:\/\/fmp-components.com\/pl\/wp-json\/wp\/v2\/product_tag?post=3319"}],"curies":[{"name":"wp","href":"https:\/\/api.w.org\/{rel}","templated":true}]}}