{"id":3312,"date":"2025-01-06T05:35:19","date_gmt":"2025-01-06T05:35:19","guid":{"rendered":"https:\/\/fmp-components.com\/?page_id=8"},"modified":"2025-01-06T05:35:20","modified_gmt":"2025-01-06T05:35:20","slug":"agitators-gearbox-for-sewage-fmp22","status":"publish","type":"product","link":"https:\/\/fmp-components.com\/pl\/product\/agitators-gearbox-for-sewage-fmp22\/","title":{"rendered":"Przek\u0142adnia mieszad\u0142a do \u015bciek\u00f3w FMP22"},"content":{"rendered":"<h2>Specyfikacja przek\u0142adni mieszalnik\u00f3w<\/h2>\n<p><img loading=\"lazy\" decoding=\"async\" class=\"alignnone wp-image-3315\" src=\"https:\/\/fmp-components.com\/wp-content\/uploads\/2025\/01\/agricutural-gearbox-FMP22.png\" alt=\"skrzynia bieg\u00f3w rolniczych FMP22\" width=\"817\" height=\"740\" title=\"\" srcset=\"https:\/\/fmp-components.com\/wp-content\/uploads\/2025\/01\/agricutural-gearbox-FMP22.png 817w, https:\/\/fmp-components.com\/wp-content\/uploads\/2025\/01\/agricutural-gearbox-FMP22-480x435.png 480w\" sizes=\"(min-width: 0px) and (max-width: 480px) 480px, (min-width: 481px) 817px, 100vw\" \/><\/p>\n<table style=\"width: 88.6601%;\" border=\"1\" width=\"100%\" cellspacing=\"0\" cellpadding=\"0\">\n<tbody>\n<tr>\n<th style=\"width: 41.843%;\">Stosunek<\/th>\n<td style=\"width: 46.6019%;\">1:1, 1:1.25<\/td>\n<\/tr>\n<tr>\n<th style=\"width: 41.843%;\">Pr\u0119dko\u015bci wej\u015bciowe (obr.\/min)<\/th>\n<td style=\"width: 46.6019%;\">3200, 3500, 1750<\/td>\n<\/tr>\n<tr>\n<th style=\"width: 41.843%;\">Wa\u0142 wej\u015bciowy<\/th>\n<td style=\"width: 46.6019%;\">Z<\/td>\n<\/tr>\n<\/tbody>\n<\/table>\n<h2 data-pm-slice=\"0 0 []\">Cechy przek\u0142adni mieszalnika \u015bciek\u00f3w<\/h2>\n<ol>\n<li><strong>Ci\u0119\u017cka konstrukcja<\/strong><br \/>\nPrzek\u0142adnia mieszalnika \u015bciek\u00f3w zosta\u0142a zaprojektowana z wytrzyma\u0142ych materia\u0142\u00f3w i skonstruowana tak, aby wytrzyma\u0107 trudne i wymagaj\u0105ce warunki, w tym dzia\u0142anie substancji chemicznych, materia\u0142\u00f3w \u015bciernych i substancji \u017cr\u0105cych powszechnie spotykanych w procesach oczyszczania \u015bciek\u00f3w.<\/li>\n<li><strong>Wysoka no\u015bno\u015b\u0107 momentu obrotowego<\/strong><br \/>\nPrzek\u0142adnia zosta\u0142a zaprojektowana tak, aby zapewnia\u0107 wysoki moment obrotowy, gwarantuj\u0105c wydajn\u0105 i niezawodn\u0105 prac\u0119 nawet przy du\u017cym obci\u0105\u017ceniu. Jest to niezb\u0119dne do nap\u0119dzania du\u017cych mieszalnik\u00f3w, kt\u00f3re przetwarzaj\u0105 g\u0119ste, lepkie materia\u0142y w oczyszczalniach \u015bciek\u00f3w.<\/li>\n<li><strong>Pow\u0142oki odporne na korozj\u0119<\/strong><br \/>\nPrzek\u0142adnia posiada pow\u0142oki odporne na korozj\u0119 lub elementy ze stali nierdzewnej, co zapobiega uszkodzeniom spowodowanym przez wod\u0119, \u015bcieki i inne materia\u0142y korozyjne, zapewniaj\u0105c d\u0142ugotrwa\u0142\u0105 wytrzyma\u0142o\u015b\u0107 i redukuj\u0105c koszty konserwacji.<\/li>\n<li><strong>Kompaktowa i zajmuj\u0105ca ma\u0142o miejsca konstrukcja<\/strong><br \/>\nMimo swojej wytrzyma\u0142o\u015bci przek\u0142adnia zosta\u0142a zaprojektowana tak, aby by\u0142a kompaktowa i zajmowa\u0142a ma\u0142o miejsca, dzi\u0119ki czemu idealnie nadaje si\u0119 do instalacji w miejscach o ograniczonej przestrzeni, np. w oczyszczalniach \u015bciek\u00f3w lub przepompowniach \u015bciek\u00f3w.<\/li>\n<li><strong>In\u017cynieria precyzyjna<\/strong><br \/>\nWykonane z wysok\u0105 precyzj\u0105, aby zapewni\u0107 p\u0142ynn\u0105 prac\u0119 przek\u0142adni i zmniejszy\u0107 zu\u017cycie w miar\u0119 up\u0142ywu czasu. Efektem jest cichsza, bardziej wydajna praca przy minimalnych wibracjach i ha\u0142asie, nawet przy intensywnym u\u017cytkowaniu.<\/li>\n<\/ol>\n<p>Dzi\u0119ki tym cechom przek\u0142adnia mieszalnika \u015bciek\u00f3w mo\u017ce niezawodnie pracowa\u0107 w trudnych warunkach panuj\u0105cych w oczyszczalniach \u015bciek\u00f3w, zachowuj\u0105c jednocze\u015bnie wysok\u0105 wydajno\u015b\u0107, trwa\u0142o\u015b\u0107 i minimalne wymagania konserwacyjne.<\/p>\n<h2>O FMP<\/h2>\n<p>Z siedzib\u0105 g\u0142\u00f3wn\u0105 we W\u0142oszech, FMP jest wiod\u0105cym producentem specjalizuj\u0105cym si\u0119 w projektowaniu, rozwoju i produkcji wysokowydajnych przek\u0142adni, ze szczeg\u00f3lnym uwzgl\u0119dnieniem sektora maszyn rolniczych. Znana z precyzji wykonania, innowacyjnych rozwi\u0105za\u0144 i wysokiej niezawodno\u015bci, firma FMP ugruntowa\u0142a swoj\u0105 pozycj\u0119 zaufanego partnera zar\u00f3wno na rynku rolniczym, jak i przemys\u0142owym. Nasze bogate portfolio obejmuje przek\u0142adnie projektowane na zam\u00f3wienie do kosiarek, wa\u0142\u00f3w odbioru mocy (WOM) oraz szerok\u0105 gam\u0119 niezb\u0119dnych komponent\u00f3w, wszystkie wykonane z dba\u0142o\u015bci\u0105 o szczeg\u00f3\u0142y, aby sprosta\u0107 unikalnym wymaganiom r\u00f3\u017cnorodnych zastosowa\u0144.<\/p>\n<p>W FMP rozumiemy, \u017ce ka\u017cdy klient stoi przed indywidualnymi wyzwaniami, dlatego dok\u0142adamy wszelkich stara\u0144, aby dostarcza\u0107 rozwi\u0105zania szyte na miar\u0119. Niezale\u017cnie od tego, czy chodzi o pojedynczy komponent, czy w pe\u0142ni zintegrowany system, \u015bci\u015ble wsp\u00f3\u0142pracujemy z naszymi klientami, aby zapewni\u0107, \u017ce ka\u017cde rozwi\u0105zanie nie tylko spe\u0142nia ich specyficzne potrzeby, ale tak\u017ce zwi\u0119ksza wydajno\u015b\u0107 i maksymalizuje og\u00f3ln\u0105 warto\u015b\u0107. Nasze zaanga\u017cowanie w udzielanie terminowych, profesjonalnych odpowiedzi i fachowego doradztwa gwarantuje, \u017ce ka\u017cde zapytanie jest obs\u0142ugiwane precyzyjnie, konsekwentnie osi\u0105gaj\u0105c optymalne rezultaty.<\/p>\n<p>K\u0142adziemy du\u017cy nacisk na transparentn\u0105 komunikacj\u0119 i wsp\u00f3\u0142prac\u0119 w ca\u0142ym procesie rozwoju produktu. Nasz do\u015bwiadczony zesp\u00f3\u0142 \u015bci\u015ble wsp\u00f3\u0142pracuje z klientami, aby w pe\u0142ni zrozumie\u0107 ich potrzeby, oferuj\u0105c cenne spostrze\u017cenia i praktyczne rekomendacje, kt\u00f3re pomog\u0105 osi\u0105gn\u0105\u0107 najlepsze mo\u017cliwe rezultaty. Niezale\u017cnie od tego, czy projektujemy nowatorskie produkty, czy realizujemy rutynowe zam\u00f3wienia, FMP dok\u0142ada wszelkich stara\u0144, aby dostarcza\u0107 wysokiej jako\u015bci, precyzyjnie zaprojektowane rozwi\u0105zania na czas i za ka\u017cdym razem. Naszym celem jest konsekwentne przekraczanie oczekiwa\u0144 klient\u00f3w, zapewniaj\u0105c wyj\u0105tkow\u0105 obs\u0142ug\u0119 i znakomite rezultaty w ka\u017cdym projekcie.<\/p>\n<p>Podstaw\u0105 dzia\u0142alno\u015bci FMP jest sta\u0142e zaanga\u017cowanie w jako\u015b\u0107. Przestrzegamy najwy\u017cszych standard\u00f3w produkcyjnych i wdra\u017camy rygorystyczne procesy kontroli jako\u015bci, aby zapewni\u0107, \u017ce ka\u017cdy produkt nie tylko spe\u0142nia, ale wr\u0119cz przewy\u017csza standardy bran\u017cowe. To skupienie na doskona\u0142o\u015bci, w po\u0142\u0105czeniu z naszymi podstawowymi warto\u015bciami, takimi jak uczciwo\u015b\u0107, praca zespo\u0142owa i wytrwa\u0142o\u015b\u0107, pozwoli\u0142o nam zbudowa\u0107 d\u0142ugotrwa\u0142e, oparte na zaufaniu relacje z klientami w prawie 30 krajach na ca\u0142ym \u015bwiecie.<\/p>\n<p>FMP anga\u017cuje si\u0119 w budowanie globalnych partnerstw, oferuj\u0105c fachowe doradztwo i rozwi\u0105zania dostosowane do zmieniaj\u0105cych si\u0119 potrzeb naszych klient\u00f3w. D\u0105\u017cymy do budowania trwa\u0142ych, korzystnych dla obu stron relacji, kt\u00f3re przyczyniaj\u0105 si\u0119 do sukcesu ka\u017cdego projektu. Niezale\u017cnie od tego, czy szukasz innowacyjnych rozwi\u0105za\u0144 dla nowej inicjatywy, czy sta\u0142ego wsparcia dla istniej\u0105cego systemu, FMP pomo\u017ce Ci stawi\u0107 czo\u0142a wyzwaniom technicznym i zapewni\u0107 Ci sta\u0142y sukces.<\/p>\n<p><img loading=\"lazy\" decoding=\"async\" class=\"alignnone wp-image-2695\" src=\"https:\/\/fmp-components.com\/wp-content\/uploads\/2025\/01\/agricultural-gearbox3.webp\" alt=\"skrzynia bieg\u00f3w rolnicza\" width=\"1140\" height=\"1138\" title=\"\" srcset=\"https:\/\/fmp-components.com\/wp-content\/uploads\/2025\/01\/agricultural-gearbox3.webp 1140w, https:\/\/fmp-components.com\/wp-content\/uploads\/2025\/01\/agricultural-gearbox3-480x479.webp 480w\" sizes=\"(min-width: 0px) and (max-width: 480px) 480px, (min-width: 481px) 1140px, 100vw\" \/><\/p>\n<p>Autor: CX<\/p>","protected":false},"excerpt":{"rendered":"<p>Specification of Agitators Gearbox Ratio 1:1, 1:1.25 Input Speeds (rpm) 3200, 3500, 1750 Input Shaft Z Features of Sewage Mixer Gearbox Heavy-Duty Construction Designed with robust materials, the sewage mixer gearbox is built to withstand harsh and demanding environments, including exposure to chemicals, abrasives, and corrosive substances commonly found in sewage and wastewater treatment processes. [&hellip;]<\/p>","protected":false},"featured_media":3314,"comment_status":"open","ping_status":"closed","template":"","meta":{"_et_pb_use_builder":"","_et_pb_old_content":"","_et_gb_content_width":""},"product_brand":[],"product_cat":[82],"product_tag":[],"class_list":{"0":"post-3312","1":"product","2":"type-product","3":"status-publish","4":"has-post-thumbnail","6":"product_cat-agitators-gearbox-for-sewage","8":"first","9":"instock","10":"shipping-taxable","11":"product-type-simple"},"_links":{"self":[{"href":"https:\/\/fmp-components.com\/pl\/wp-json\/wp\/v2\/product\/3312","targetHints":{"allow":["GET"]}}],"collection":[{"href":"https:\/\/fmp-components.com\/pl\/wp-json\/wp\/v2\/product"}],"about":[{"href":"https:\/\/fmp-components.com\/pl\/wp-json\/wp\/v2\/types\/product"}],"replies":[{"embeddable":true,"href":"https:\/\/fmp-components.com\/pl\/wp-json\/wp\/v2\/comments?post=3312"}],"wp:featuredmedia":[{"embeddable":true,"href":"https:\/\/fmp-components.com\/pl\/wp-json\/wp\/v2\/media\/3314"}],"wp:attachment":[{"href":"https:\/\/fmp-components.com\/pl\/wp-json\/wp\/v2\/media?parent=3312"}],"wp:term":[{"taxonomy":"product_brand","embeddable":true,"href":"https:\/\/fmp-components.com\/pl\/wp-json\/wp\/v2\/product_brand?post=3312"},{"taxonomy":"product_cat","embeddable":true,"href":"https:\/\/fmp-components.com\/pl\/wp-json\/wp\/v2\/product_cat?post=3312"},{"taxonomy":"product_tag","embeddable":true,"href":"https:\/\/fmp-components.com\/pl\/wp-json\/wp\/v2\/product_tag?post=3312"}],"curies":[{"name":"wp","href":"https:\/\/api.w.org\/{rel}","templated":true}]}}