{"id":3291,"date":"2025-01-06T03:05:06","date_gmt":"2025-01-06T03:05:06","guid":{"rendered":"https:\/\/fmp-components.com\/?page_id=8"},"modified":"2025-01-06T03:15:19","modified_gmt":"2025-01-06T03:15:19","slug":"fmp-01-229-snow-plow-gearbox-for-spreader","status":"publish","type":"product","link":"https:\/\/fmp-components.com\/pl\/product\/fmp-01-229-snow-plow-gearbox-for-spreader\/","title":{"rendered":"FMP-01-229 Skrzynia bieg\u00f3w p\u0142uga \u015bnie\u017cnego do rozrzutnika"},"content":{"rendered":"<h2>Dane techniczne przek\u0142adni p\u0142uga \u015bnie\u017cnego<\/h2>\n<p><img loading=\"lazy\" decoding=\"async\" class=\"alignnone  wp-image-3297\" src=\"https:\/\/fmp-components.com\/wp-content\/uploads\/2025\/01\/fmp_Snow-plow-gearbox-draw1.webp\" alt=\"fmp_Pobieranie skrzyni bieg\u00f3w p\u0142uga \u015bnie\u017cnego(1)\" width=\"877\" height=\"748\" title=\"\" srcset=\"https:\/\/fmp-components.com\/wp-content\/uploads\/2025\/01\/fmp_Snow-plow-gearbox-draw1.webp 877w, https:\/\/fmp-components.com\/wp-content\/uploads\/2025\/01\/fmp_Snow-plow-gearbox-draw1-480x410.webp 480w\" sizes=\"(min-width: 0px) and (max-width: 480px) 480px, (min-width: 481px) 877px, 100vw\" \/><\/p>\n<table style=\"width: 100.071%; height: 460px;\" border=\"1\">\n<tbody>\n<tr style=\"height: 23px;\">\n<td style=\"width: 28.7257%; text-align: center; height: 23px;\"><strong>PRZEDMIOT<\/strong><\/td>\n<td style=\"width: 70.6263%; height: 23px;\">FMP-01-229<\/td>\n<\/tr>\n<tr style=\"height: 23px;\">\n<td style=\"width: 28.7257%; text-align: center; height: 23px;\"><strong>Stosunek<\/strong><\/td>\n<td style=\"width: 70.6263%; height: 23px;\">1:1.35<\/td>\n<\/tr>\n<tr style=\"height: 23px;\">\n<td style=\"width: 28.7257%; text-align: center; height: 23px;\"><strong>Z\u0119by<\/strong><\/td>\n<td style=\"width: 70.6263%; height: 23px;\">16\/16<\/td>\n<\/tr>\n<tr style=\"height: 23px;\">\n<td style=\"width: 28.7257%; text-align: center; height: 23px;\"><strong>Modu\u0142<\/strong><\/td>\n<td style=\"width: 70.6263%; height: 23px;\">4.5<\/td>\n<\/tr>\n<tr style=\"height: 23px;\">\n<td style=\"width: 28.7257%; text-align: center; height: 23px;\"><strong>Moc (KM)<\/strong><\/td>\n<td style=\"width: 70.6263%; height: 23px;\">&#8211;<\/td>\n<\/tr>\n<tr style=\"height: 23px;\">\n<td style=\"width: 28.7257%; text-align: center; height: 23px;\"><strong>Znamionowe wej\u015bcie<\/strong><\/td>\n<td style=\"width: 70.6263%; height: 23px;\">540 obr.\/min<\/td>\n<\/tr>\n<tr style=\"height: 23px;\">\n<td style=\"width: 28.7257%; height: 23px; text-align: center;\"><strong>Opis wej\u015bcia\/wyj\u015bcia<\/strong><\/td>\n<td style=\"width: 70.6263%; height: 23px;\">1 3\/8 Z6 \u03c625 O\u015b optyczna<\/td>\n<\/tr>\n<tr style=\"height: 23px;\">\n<td style=\"width: 28.7257%; height: 23px; text-align: center;\"><strong>Waga (NW)<\/strong><\/td>\n<td style=\"width: 70.6263%; height: 23px;\">13 kg<\/td>\n<\/tr>\n<tr style=\"height: 23px;\">\n<th style=\"height: 23px;\">Wa\u0142 wej\u015bciowy<\/th>\n<td style=\"height: 23px;\">1-3\/8\u2033 (6 rowk\u00f3w)<\/td>\n<\/tr>\n<tr style=\"height: 23px;\">\n<th style=\"height: 23px;\">D\u0142ugo\u015b\u0107 wa\u0142u (wej\u015bcie)<\/th>\n<td style=\"height: 23px;\">3-1\/2&#8243;<\/td>\n<\/tr>\n<tr style=\"height: 23px;\">\n<th style=\"height: 23px;\">Wa\u0142 wyj\u015bciowy<\/th>\n<td style=\"height: 23px;\">1&#8243;<\/td>\n<\/tr>\n<tr style=\"height: 23px;\">\n<th style=\"height: 23px;\">D\u0142ugo\u015b\u0107 wa\u0142u (wyj\u015bciowa)<\/th>\n<td style=\"height: 23px;\">3&#8243;<\/td>\n<\/tr>\n<tr style=\"height: 23px;\">\n<th style=\"height: 23px;\">Otwory w wale wyj\u015bciowym<\/th>\n<td style=\"height: 23px;\">1-1\/2\u2033 od \u015brodka do \u015brodka<\/td>\n<\/tr>\n<tr style=\"height: 23px;\">\n<th style=\"height: 23px;\">Liczba otwor\u00f3w monta\u017cowych<\/th>\n<td style=\"height: 23px;\">6<\/td>\n<\/tr>\n<tr style=\"height: 23px;\">\n<th style=\"height: 23px;\">D\u0142ugo\u015b\u0107 ca\u0142kowita (OL)<\/th>\n<td style=\"height: 23px;\">11&#8243;<\/td>\n<\/tr>\n<tr style=\"height: 23px;\">\n<th style=\"height: 23px;\">Ca\u0142kowita wysoko\u015b\u0107 (OH)<\/th>\n<td style=\"height: 23px;\">9&#8243;<\/td>\n<\/tr>\n<tr style=\"height: 23px;\">\n<th style=\"height: 23px;\">Prze\u0142o\u017cenie<\/th>\n<td style=\"height: 23px;\">1:1<\/td>\n<\/tr>\n<tr style=\"height: 23px;\">\n<th style=\"height: 23px;\">Rozstaw otwor\u00f3w na \u015bruby (d\u0142ugi bok)<\/th>\n<td style=\"height: 23px;\">2-3\/8\u2033 od \u015brodka do \u015brodka<\/td>\n<\/tr>\n<tr style=\"height: 23px;\">\n<th style=\"height: 23px;\">Rozstaw otwor\u00f3w na \u015bruby (szeroko\u015b\u0107)<\/th>\n<td style=\"height: 23px;\">3-3\/4\u2033 od \u015brodka do \u015brodka<\/td>\n<\/tr>\n<tr style=\"height: 23px;\">\n<th style=\"height: 23px;\">Funkcja skrzyni bieg\u00f3w<\/th>\n<td style=\"height: 23px;\">Ma zirk<\/td>\n<\/tr>\n<\/tbody>\n<\/table>\n<h2>Cechy skrzyni bieg\u00f3w p\u0142uga \u015bnie\u017cnego<\/h2>\n<ol>\n<li><strong>Trwa\u0142e budownictwo mieszkaniowe<\/strong>\n<ul>\n<li>Wykonane s\u0105 zazwyczaj z wytrzyma\u0142ego \u017celiwa lub stop\u00f3w aluminium, co zapewnia d\u0142ugotrwa\u0142\u0105 trwa\u0142o\u015b\u0107 i odporno\u015b\u0107 na trudne warunki eksploatacji, takie jak niskie temperatury i \u015brodowiska o du\u017cym nat\u0119\u017ceniu uderze\u0144.<\/li>\n<\/ul>\n<\/li>\n<li><strong>Wysoka no\u015bno\u015b\u0107 momentu obrotowego<\/strong>\n<ul>\n<li>Przek\u0142adnia zosta\u0142a zaprojektowana do ci\u0119\u017ckich prac zwi\u0105zanych z od\u015bnie\u017caniem i zosta\u0142a zbudowana tak, aby skutecznie przenosi\u0107 wysoki moment obrotowy, umo\u017cliwiaj\u0105c p\u0142ugowi \u015bnie\u017cnemu sprawne poruszanie si\u0119 po g\u0119stym \u015bniegu i lodzie.<\/li>\n<\/ul>\n<\/li>\n<li><strong>Precyzyjnie zaprojektowane ko\u0142a z\u0119bate<\/strong>\n<ul>\n<li>Wyposa\u017cone w precyzyjnie naci\u0119te ko\u0142a z\u0119bate, kt\u00f3re zapewniaj\u0105 p\u0142ynne przenoszenie mocy, minimalizuj\u0105 tarcie i gwarantuj\u0105 sta\u0142\u0105 wydajno\u015b\u0107 nawet przy du\u017cych obci\u0105\u017ceniach.<\/li>\n<\/ul>\n<\/li>\n<li><strong>Uszczelki odporne na warunki atmosferyczne<\/strong>\n<ul>\n<li>Wyposa\u017cone w zaawansowane uszczelki, kt\u00f3re zapobiegaj\u0105 przedostawaniu si\u0119 wilgoci, \u015bniegu i lodu do skrzyni bieg\u00f3w, zapewniaj\u0105c optymaln\u0105 funkcjonalno\u015b\u0107 i chroni\u0105c przed korozj\u0105 i zu\u017cyciem.<\/li>\n<\/ul>\n<\/li>\n<li><strong>Mo\u017cliwo\u015b\u0107 dostosowania prze\u0142o\u017ce\u0144<\/strong>\n<ul>\n<li>Przek\u0142adnie s\u0105 dost\u0119pne w r\u00f3\u017cnych prze\u0142o\u017ceniach, aby zapewni\u0107 potrzebn\u0105 pr\u0119dko\u015b\u0107 i moc do r\u00f3\u017cnych zastosowa\u0144 od\u015bnie\u017cania, umo\u017cliwiaj\u0105c dostosowanie ich do r\u00f3\u017cnych modeli maszyn i teren\u00f3w.<\/li>\n<\/ul>\n<\/li>\n<\/ol>\n<p>Dzi\u0119ki tym cechom przek\u0142adnia p\u0142uga do od\u015bnie\u017cania gwarantuje maksymaln\u0105 trwa\u0142o\u015b\u0107, wydajno\u015b\u0107 i niezawodno\u015b\u0107 w trudnych warunkach zimowych, gwarantuj\u0105c p\u0142ynn\u0105 i nieprzerwan\u0105 prac\u0119 przez ca\u0142y sezon od\u015bnie\u017cania.<\/p>\n<p><img loading=\"lazy\" decoding=\"async\" class=\"alignnone  wp-image-3299\" src=\"https:\/\/fmp-components.com\/wp-content\/uploads\/2025\/01\/FMP-gearbox1.jpg\" alt=\"Skrzynia bieg\u00f3w FMP\" width=\"931\" height=\"623\" title=\"\" srcset=\"https:\/\/fmp-components.com\/wp-content\/uploads\/2025\/01\/FMP-gearbox1.jpg 931w, https:\/\/fmp-components.com\/wp-content\/uploads\/2025\/01\/FMP-gearbox1-480x321.jpg 480w\" sizes=\"(min-width: 0px) and (max-width: 480px) 480px, (min-width: 481px) 931px, 100vw\" \/><\/p>\n<h2>O FMP<\/h2>\n<p>Firma FMP, z siedzib\u0105 g\u0142\u00f3wn\u0105 we W\u0142oszech, jest wiod\u0105cym producentem, znanym ze swojego do\u015bwiadczenia w projektowaniu, rozwoju i produkcji wysokowydajnych przek\u0142adni, specjalizuj\u0105cym si\u0119 w sektorze maszyn rolniczych. Znana z precyzyjnej in\u017cynierii, innowacyjnych rozwi\u0105za\u0144 i niezmiennej niezawodno\u015bci, firma FMP zyska\u0142a ugruntowan\u0105 reputacj\u0119 jako zaufany partner zar\u00f3wno na rynku rolniczym, jak i przemys\u0142owym. Nasze bogate portfolio obejmuje przek\u0142adnie projektowane na zam\u00f3wienie do kosiarek, wa\u0142\u00f3w odbioru mocy (WOM) oraz szerok\u0105 gam\u0119 kluczowych komponent\u00f3w, wszystkie wykonane z dba\u0142o\u015bci\u0105 o szczeg\u00f3\u0142y, aby sprosta\u0107 unikalnym wymaganiom r\u00f3\u017cnorodnych zastosowa\u0144.<\/p>\n<p>W FMP rozumiemy, \u017ce ka\u017cdy klient stoi przed indywidualnymi wyzwaniami. Ta wiedza nap\u0119dza nasze zaanga\u017cowanie w dostarczanie rozwi\u0105za\u0144 szytych na miar\u0119, zar\u00f3wno dla pojedynczych komponent\u00f3w, jak i w pe\u0142ni zintegrowanych system\u00f3w. Dzi\u0119ki bliskiej wsp\u00f3\u0142pracy z naszymi klientami, gwarantujemy, \u017ce ka\u017cde rozwi\u0105zanie nie tylko spe\u0142nia ich dok\u0142adne potrzeby, ale tak\u017ce optymalizuje wydajno\u015b\u0107 i zapewnia wyj\u0105tkow\u0105 warto\u015b\u0107. Nasze zaanga\u017cowanie w zapewnianie responsywnej, profesjonalnej obs\u0142ugi i fachowego doradztwa gwarantuje, \u017ce ka\u017cde zapytanie jest obs\u0142ugiwane z precyzj\u0105, osi\u0105gaj\u0105c najlepsze mo\u017cliwe rezultaty.<\/p>\n<p>K\u0142adziemy du\u017cy nacisk na transparentn\u0105 i ci\u0105g\u0142\u0105 komunikacj\u0119 w ca\u0142ym procesie rozwoju produktu. Nasz zesp\u00f3\u0142 \u015bci\u015ble wsp\u00f3\u0142pracuje z klientami, aby w pe\u0142ni zrozumie\u0107 ich potrzeby, oferuj\u0105c cenne spostrze\u017cenia i praktyczne rekomendacje, kt\u00f3re pomog\u0105 osi\u0105gn\u0105\u0107 optymalne rezultaty. Niezale\u017cnie od tego, czy opracowujemy nowatorskie rozwi\u0105zania, czy realizujemy rutynowe zam\u00f3wienia, FMP dok\u0142ada wszelkich stara\u0144, aby dostarcza\u0107 wysokiej jako\u015bci, precyzyjnie zaprojektowane produkty na czas i za ka\u017cdym razem. Nasz\u0105 misj\u0105 jest konsekwentne przekraczanie oczekiwa\u0144 klient\u00f3w, zapewniaj\u0105c wyj\u0105tkow\u0105 obs\u0142ug\u0119 i wyj\u0105tkowe rezultaty w ka\u017cdym projekcie.<\/p>\n<p>Podstaw\u0105 dzia\u0142alno\u015bci FMP jest niezmienne zaanga\u017cowanie w jako\u015b\u0107. Przestrzegamy najwy\u017cszych standard\u00f3w produkcyjnych i wdra\u017camy rygorystyczne \u015brodki kontroli jako\u015bci, aby zapewni\u0107, \u017ce ka\u017cdy produkt nie tylko spe\u0142nia, ale wr\u0119cz przewy\u017csza standardy bran\u017cowe. To zaanga\u017cowanie w d\u0105\u017cenie do doskona\u0142o\u015bci, w po\u0142\u0105czeniu z naszymi podstawowymi warto\u015bciami, takimi jak uczciwo\u015b\u0107, praca zespo\u0142owa i wytrwa\u0142o\u015b\u0107, pozwoli\u0142o nam zbudowa\u0107 d\u0142ugotrwa\u0142e, oparte na zaufaniu relacje z klientami w prawie 30 krajach na ca\u0142ym \u015bwiecie.<\/p>\n<p>FMP anga\u017cuje si\u0119 w budowanie globalnych partnerstw, oferuj\u0105c fachowe doradztwo i rozwi\u0105zania dostosowane do zmieniaj\u0105cych si\u0119 potrzeb naszych klient\u00f3w. D\u0105\u017cymy do budowania d\u0142ugoterminowych, korzystnych dla obu stron relacji, kt\u00f3re nap\u0119dzaj\u0105 sukces ka\u017cdego projektu. Niezale\u017cnie od tego, czy szukasz innowacyjnych rozwi\u0105za\u0144 dla nowej inicjatywy, czy sta\u0142ego wsparcia dla istniej\u0105cego systemu, FMP pomo\u017ce Ci pokona\u0107 wyzwania techniczne i zapewni\u0107 Ci sta\u0142y sukces.<\/p>\n<p><img loading=\"lazy\" decoding=\"async\" class=\"alignnone wp-image-2695\" src=\"https:\/\/fmp-components.com\/wp-content\/uploads\/2025\/01\/agricultural-gearbox3.webp\" alt=\"skrzynia bieg\u00f3w rolnicza\" width=\"1140\" height=\"1138\" title=\"\" srcset=\"https:\/\/fmp-components.com\/wp-content\/uploads\/2025\/01\/agricultural-gearbox3.webp 1140w, https:\/\/fmp-components.com\/wp-content\/uploads\/2025\/01\/agricultural-gearbox3-480x479.webp 480w\" sizes=\"(min-width: 0px) and (max-width: 480px) 480px, (min-width: 481px) 1140px, 100vw\" \/><\/p>\n<p>Autor: CX<\/p>","protected":false},"excerpt":{"rendered":"<p>Specifications of snow plow gearbox ITEM FMP-01-229 Ratio 1:1.35 Teeth 16\/16 Module 4.5 Power\uff08HP\uff09 &#8211; Rated Input 540rpm Input\/Output description 1 3\/8 Z6 \u03c625 Optic axis Weight\uff08N.W\uff09 13Kg Input Shaft 1-3\/8&#8243; (6 spline) Shaft Length (Input) 3-1\/2&#8243; Output Shaft 1&#8243; Shaft Length (Output) 3&#8243; Holes in Output Shaft 1-1\/2&#8243; center to center Number of Mounting [&hellip;]<\/p>","protected":false},"featured_media":3298,"comment_status":"open","ping_status":"closed","template":"","meta":{"_et_pb_use_builder":"","_et_pb_old_content":"","_et_gb_content_width":""},"product_brand":[],"product_cat":[80],"product_tag":[],"class_list":{"0":"post-3291","1":"product","2":"type-product","3":"status-publish","4":"has-post-thumbnail","6":"product_cat-snowblower-gearbox","8":"first","9":"instock","10":"shipping-taxable","11":"product-type-simple"},"_links":{"self":[{"href":"https:\/\/fmp-components.com\/pl\/wp-json\/wp\/v2\/product\/3291","targetHints":{"allow":["GET"]}}],"collection":[{"href":"https:\/\/fmp-components.com\/pl\/wp-json\/wp\/v2\/product"}],"about":[{"href":"https:\/\/fmp-components.com\/pl\/wp-json\/wp\/v2\/types\/product"}],"replies":[{"embeddable":true,"href":"https:\/\/fmp-components.com\/pl\/wp-json\/wp\/v2\/comments?post=3291"}],"wp:featuredmedia":[{"embeddable":true,"href":"https:\/\/fmp-components.com\/pl\/wp-json\/wp\/v2\/media\/3298"}],"wp:attachment":[{"href":"https:\/\/fmp-components.com\/pl\/wp-json\/wp\/v2\/media?parent=3291"}],"wp:term":[{"taxonomy":"product_brand","embeddable":true,"href":"https:\/\/fmp-components.com\/pl\/wp-json\/wp\/v2\/product_brand?post=3291"},{"taxonomy":"product_cat","embeddable":true,"href":"https:\/\/fmp-components.com\/pl\/wp-json\/wp\/v2\/product_cat?post=3291"},{"taxonomy":"product_tag","embeddable":true,"href":"https:\/\/fmp-components.com\/pl\/wp-json\/wp\/v2\/product_tag?post=3291"}],"curies":[{"name":"wp","href":"https:\/\/api.w.org\/{rel}","templated":true}]}}