{"id":3285,"date":"2025-01-06T02:26:59","date_gmt":"2025-01-06T02:26:59","guid":{"rendered":"https:\/\/fmp-components.com\/?page_id=8"},"modified":"2025-01-06T02:26:59","modified_gmt":"2025-01-06T02:26:59","slug":"manure-spreaders-gearboxes-replacement-of-comer-code-n-2a","status":"publish","type":"product","link":"https:\/\/fmp-components.com\/pl\/product\/manure-spreaders-gearboxes-replacement-of-comer-code-n-2a\/","title":{"rendered":"Przek\u0142adnie rozrzutnik\u00f3w obornika \u2013 wymiana kodu Comer N-2A"},"content":{"rendered":"<h2>Przek\u0142adnie rozrzutnika obornika N-2A Specyfikacja<\/h2>\n<p><img loading=\"lazy\" decoding=\"async\" class=\"alignnone size-full wp-image-3286\" src=\"https:\/\/fmp-components.com\/wp-content\/uploads\/2025\/01\/manure-spreader-gearbox-N2A-specifications.webp\" alt=\"rozrzutnik-obornika-przek\u0142adnia-N2A-specyfikacje\" width=\"1012\" height=\"544\" title=\"\" srcset=\"https:\/\/fmp-components.com\/wp-content\/uploads\/2025\/01\/manure-spreader-gearbox-N2A-specifications.webp 1012w, https:\/\/fmp-components.com\/wp-content\/uploads\/2025\/01\/manure-spreader-gearbox-N2A-specifications-980x527.webp 980w, https:\/\/fmp-components.com\/wp-content\/uploads\/2025\/01\/manure-spreader-gearbox-N2A-specifications-480x258.webp 480w\" sizes=\"(min-width: 0px) and (max-width: 480px) 480px, (min-width: 481px) and (max-width: 980px) 980px, (min-width: 981px) 1012px, 100vw\" \/><\/p>\n<table style=\"width: 93.7748%; height: 397px;\" border=\"1\">\n<tbody>\n<tr>\n<td><strong>I<\/strong><\/td>\n<td>5.67<\/td>\n<\/tr>\n<tr>\n<td><strong>N<sub>1<\/sub>[obr.\/min]<\/strong><\/td>\n<td>540<\/td>\n<\/tr>\n<tr>\n<td><strong>P<sub>1<\/sub>[kW]<\/strong><\/td>\n<td>23.5<\/td>\n<\/tr>\n<tr>\n<td><strong>M<sub>2<\/sub>[Nm]<\/strong><\/td>\n<td>&#8211;<\/td>\n<\/tr>\n<tr>\n<td><strong>Wa\u0142 X<img loading=\"lazy\" decoding=\"async\" class=\"size-full wp-image-3287 aligncenter\" src=\"https:\/\/fmp-components.com\/wp-content\/uploads\/2025\/01\/shaft-x-1.webp\" alt=\"wa\u0142-x\" width=\"81\" height=\"78\" title=\"\" srcset=\"https:\/\/fmp-components.com\/wp-content\/uploads\/2025\/01\/shaft-x-1.webp 81w, https:\/\/fmp-components.com\/wp-content\/uploads\/2025\/01\/shaft-x-1-12x12.webp 12w\" sizes=\"(max-width: 81px) 100vw, 81px\" \/><\/strong><\/td>\n<td>1\u201d 3\/8 Z6<\/td>\n<\/tr>\n<tr>\n<td><strong>Wa\u0142 Y<img loading=\"lazy\" decoding=\"async\" class=\"size-full wp-image-3287 aligncenter\" src=\"https:\/\/fmp-components.com\/wp-content\/uploads\/2025\/01\/shaft-x-1.webp\" alt=\"wa\u0142-x\" width=\"81\" height=\"78\" title=\"\" srcset=\"https:\/\/fmp-components.com\/wp-content\/uploads\/2025\/01\/shaft-x-1.webp 81w, https:\/\/fmp-components.com\/wp-content\/uploads\/2025\/01\/shaft-x-1-12x12.webp 12w\" sizes=\"(max-width: 81px) 100vw, 81px\" \/><\/strong><\/td>\n<td>1\u201d 3\/8 Z6<\/td>\n<\/tr>\n<tr>\n<td><strong>Wa\u0142 Z<img loading=\"lazy\" decoding=\"async\" class=\"size-full wp-image-3287 aligncenter\" src=\"https:\/\/fmp-components.com\/wp-content\/uploads\/2025\/01\/shaft-x-1.webp\" alt=\"wa\u0142-x\" width=\"81\" height=\"78\" title=\"\" srcset=\"https:\/\/fmp-components.com\/wp-content\/uploads\/2025\/01\/shaft-x-1.webp 81w, https:\/\/fmp-components.com\/wp-content\/uploads\/2025\/01\/shaft-x-1-12x12.webp 12w\" sizes=\"(max-width: 81px) 100vw, 81px\" \/><\/strong><\/td>\n<td>1\u201d 3\/8 Z6<\/td>\n<\/tr>\n<tr>\n<td><strong>Wej\u015bcie<\/strong><\/td>\n<td>Z<\/td>\n<\/tr>\n<\/tbody>\n<\/table>\n<h3>Cechy przek\u0142adni rozrzutnika obornika<\/h3>\n<ol>\n<li><strong>Trwa\u0142e mieszkania<\/strong><br \/>\nPrzek\u0142adnia ma wytrzyma\u0142\u0105, odporn\u0105 na korozj\u0119 obudow\u0119, zazwyczaj wykonan\u0105 z materia\u0142\u00f3w o wysokiej wytrzyma\u0142o\u015bci, takich jak \u017celiwo lub stopy aluminium, co gwarantuje d\u0142ugotrwa\u0142\u0105 trwa\u0142o\u015b\u0107 nawet w trudnych warunkach rolniczych.<\/li>\n<li><strong>Wysoka no\u015bno\u015b\u0107 momentu obrotowego<\/strong><br \/>\nPrzek\u0142adnia rozrzutnika obornika zosta\u0142a zaprojektowana do ci\u0119\u017ckich zada\u0144 rolniczych i zapewnia wysoki moment obrotowy, co przek\u0142ada si\u0119 na wydajn\u0105 prac\u0119 oraz gwarantuje p\u0142ynne przenoszenie mocy z ci\u0105gnika do rozrzutnika.<\/li>\n<li><strong>Przek\u0142adnie precyzyjne<\/strong><br \/>\nKo\u0142a z\u0119bate s\u0105 precyzyjnie zaprojektowane, aby zapewni\u0107 dok\u0142adne zaz\u0119bienie i p\u0142ynn\u0105 prac\u0119, redukuj\u0105c zu\u017cycie i poprawiaj\u0105c wydajno\u015b\u0107. Ko\u0142a te s\u0105 zazwyczaj kute i poddawane obr\u00f3bce, aby wytrzyma\u0107 wysokie napr\u0119\u017cenia.<\/li>\n<li><strong>Wiele prze\u0142o\u017ce\u0144<\/strong><br \/>\nPrzek\u0142adnie rozrzutnik\u00f3w obornika s\u0105 dost\u0119pne w r\u00f3\u017cnych prze\u0142o\u017ceniach, takich jak 1:1, 1,46:1 i innych niestandardowych prze\u0142o\u017ceniach, oferuj\u0105c elastyczno\u015b\u0107 w spe\u0142nianiu konkretnych wymaga\u0144 r\u00f3\u017cnych maszyn i zastosowa\u0144.<\/li>\n<li><strong>\u0141o\u017cyska sto\u017ckowe<\/strong><br \/>\nW skrzyni bieg\u00f3w zastosowano sto\u017ckowe \u0142o\u017cyska wa\u0142eczkowe o du\u017cej obci\u0105\u017calno\u015bci, kt\u00f3re zapewniaj\u0105 doskona\u0142e podparcie wa\u0142\u00f3w, wyd\u0142u\u017caj\u0105c \u017cywotno\u015b\u0107 \u0142o\u017cysk, no\u015bno\u015b\u0107 i og\u00f3ln\u0105 wydajno\u015b\u0107 skrzyni bieg\u00f3w.<\/li>\n<\/ol>\n<p>Dzi\u0119ki tym cechom przek\u0142adnie rozrzutnik\u00f3w obornika s\u0105 niezwykle niezawodnymi i skutecznymi komponentami w nowoczesnych gospodarstwach rolnych. Rolnicy mog\u0105 dzi\u0119ki temu wykonywa\u0107 zadania, takie jak rozrzucanie obornika, wydajnie, r\u00f3wnomiernie i z minimalnymi przestojami.<\/p>\n<p><img loading=\"lazy\" decoding=\"async\" class=\"alignnone  wp-image-3289\" src=\"https:\/\/fmp-components.com\/wp-content\/uploads\/2025\/01\/manure-spreader-gearbox-supplier1.webp\" alt=\"dostawca przek\u0142adni do rozrzutnik\u00f3w obornika (1)\" width=\"941\" height=\"627\" title=\"\" srcset=\"https:\/\/fmp-components.com\/wp-content\/uploads\/2025\/01\/manure-spreader-gearbox-supplier1.webp 941w, https:\/\/fmp-components.com\/wp-content\/uploads\/2025\/01\/manure-spreader-gearbox-supplier1-480x320.webp 480w\" sizes=\"(min-width: 0px) and (max-width: 480px) 480px, (min-width: 481px) 941px, 100vw\" \/><\/p>\n<h3>Wa\u0142 odbioru mocy do skrzyni bieg\u00f3w rozrzutnika obornika<\/h3>\n<p>Wa\u0142 odbioru mocy (WOM) to niezb\u0119dny element \u0142\u0105cz\u0105cy moc wyj\u015bciow\u0105 ci\u0105gnika ze skrzyni\u0105 bieg\u00f3w rozrzutnika obornika, umo\u017cliwiaj\u0105c przeniesienie mocy mechanicznej do jego dzia\u0142ania. Wa\u0142 odbioru mocy stanowi \u0142\u0105cznik mi\u0119dzy silnikiem ci\u0105gnika a skrzyni\u0105 bieg\u00f3w rozrzutnika obornika, zapewniaj\u0105c efektywne i wydajne zasilanie rozrzutnika. Poni\u017cej przedstawiono najwa\u017cniejsze cechy i zalety wa\u0142u odbioru mocy do skrzy\u0144 bieg\u00f3w rozrzutnika obornika:<\/p>\n<ol>\n<li><strong>Ci\u0119\u017cka konstrukcja<\/strong>\n<ul>\n<li><strong>Stal o wysokiej wytrzyma\u0142o\u015bci<\/strong>Wa\u0142 odbioru mocy wykonany jest z wytrzyma\u0142ej stali o wysokiej wytrzyma\u0142o\u015bci, co zapewnia mu wytrzyma\u0142o\u015b\u0107 na du\u017cy moment obrotowy i napr\u0119\u017cenia wyst\u0119puj\u0105ce podczas prac rolniczych.<\/li>\n<li><strong>Trwa\u0142e komponenty<\/strong>:Wa\u0142y odbioru mocy posiadaj\u0105 wytrzyma\u0142e po\u0142\u0105czenia i wzmocnion\u0105 konstrukcj\u0119, dzi\u0119ki czemu s\u0105 odporne na trudne warunki panuj\u0105ce w rolnictwie, w tym na dzia\u0142anie py\u0142u, wilgoci i substancji chemicznych.<\/li>\n<\/ul>\n<\/li>\n<li><strong>Zgodno\u015b\u0107<\/strong>\n<ul>\n<li><strong>Uniwersalny projekt<\/strong>:Wa\u0142y odbioru mocy s\u0105 zaprojektowane z przegubami uniwersalnymi, aby zapewni\u0107 kompatybilno\u015b\u0107 z szerok\u0105 gam\u0105 ci\u0105gnik\u00f3w i rozrzutnik\u00f3w obornika.<\/li>\n<li><strong>Z\u0142\u0105cza standaryzowane<\/strong>:Wa\u0142y wyposa\u017cone s\u0105 w standardowe sprz\u0119g\u0142a, kt\u00f3re pasuj\u0105 do wyj\u015bcia WOM ci\u0105gnika i wej\u015bcia przek\u0142adni rozrzutnika obornika, zapewniaj\u0105c \u0142atwe mocowanie i od\u0142\u0105czanie.<\/li>\n<\/ul>\n<\/li>\n<li><strong>Wysoki moment obrotowy<\/strong>\n<ul>\n<li>Wa\u0142y odbioru mocy (WOM) zosta\u0142y zaprojektowane do przenoszenia wysokiego momentu obrotowego z ci\u0105gnika do skrzyni bieg\u00f3w rozrzutnika obornika. Zapewnia to wydajn\u0105 prac\u0119 rozrzutnika, nawet przy du\u017cym obci\u0105\u017ceniu.<\/li>\n<\/ul>\n<\/li>\n<li><strong>Funkcje bezpiecze\u0144stwa<\/strong>\n<ul>\n<li><strong>Os\u0142ony i os\u0142ony bezpiecze\u0144stwa<\/strong>:Wa\u0142y odbioru mocy wyposa\u017cone s\u0105 w os\u0142ony i zabezpieczenia zapobiegaj\u0105ce przypadkowemu kontaktowi z ruchomymi cz\u0119\u015bciami, co gwarantuje u\u017cytkownikowi bezpieczn\u0105 obs\u0142ug\u0119.<\/li>\n<li><strong>Mechanizmy sprz\u0119g\u0142a po\u015blizgowego<\/strong>:Wiele wa\u0142\u00f3w odbioru mocy jest wyposa\u017conych w sprz\u0119g\u0142a po\u015blizgowe lub mechanizmy zabezpieczaj\u0105ce przed przeci\u0105\u017ceniem, kt\u00f3re chroni\u0105 wa\u0142 i pod\u0142\u0105czone do niego urz\u0105dzenia przed uszkodzeniami spowodowanymi nag\u0142ymi szarpni\u0119ciami lub nadmiernym momentem obrotowym.<\/li>\n<\/ul>\n<\/li>\n<li><strong>Elastyczno\u015b\u0107 i zasi\u0119g<\/strong>\n<ul>\n<li>Wa\u0142y odbioru mocy s\u0105 dost\u0119pne w r\u00f3\u017cnych d\u0142ugo\u015bciach, aby dopasowa\u0107 je do odleg\u0142o\u015bci mi\u0119dzy ci\u0105gnikiem a rozrzutnikiem obornika, zapewniaj\u0105c w\u0142a\u015bciwy zasi\u0119g i elastyczno\u015b\u0107 w r\u00f3\u017cnych konfiguracjach.<\/li>\n<li><strong>Konstrukcja teleskopowa<\/strong>:Niekt\u00f3re wa\u0142y WOM maj\u0105 konstrukcj\u0119 teleskopow\u0105, umo\u017cliwiaj\u0105c\u0105 regulacj\u0119 d\u0142ugo\u015bci w celu dostosowania do r\u00f3\u017cnych odleg\u0142o\u015bci roboczych mi\u0119dzy ci\u0105gnikiem a rozsiewaczem.<\/li>\n<\/ul>\n<\/li>\n<\/ol>\n<ol>\n<li style=\"list-style-type: none;\"><\/li>\n<\/ol>\n<p>Podsumowuj\u0105c, wa\u0142ek odbioru mocy (WOM) do przek\u0142adni rozrzutnik\u00f3w obornika jest kluczowym elementem w nowoczesnych gospodarstwach rolnych. Zapewnia on efektywne przenoszenie mocy, zwi\u0119ksza bezpiecze\u0144stwo oraz oferuje trwa\u0142o\u015b\u0107 i elastyczno\u015b\u0107 w r\u00f3\u017cnorodnych zastosowaniach. Dzi\u0119ki zastosowaniu wysokiej jako\u015bci wa\u0142ka WOM rolnicy mog\u0105 zmaksymalizowa\u0107 wydajno\u015b\u0107 swoich rozrzutnik\u00f3w obornika, minimalizuj\u0105c jednocze\u015bnie potrzeby konserwacyjne i koszty eksploatacji.<\/p>\n<p><img loading=\"lazy\" decoding=\"async\" class=\"alignnone  wp-image-3288\" src=\"https:\/\/fmp-components.com\/wp-content\/uploads\/2025\/01\/pto-shaft-for-manure-spreader-gearbox1.webp\" alt=\"wa\u0142ek odbioru mocy do skrzyni bieg\u00f3w rozrzutnika obornika(1)\" width=\"852\" height=\"837\" title=\"\" srcset=\"https:\/\/fmp-components.com\/wp-content\/uploads\/2025\/01\/pto-shaft-for-manure-spreader-gearbox1.webp 852w, https:\/\/fmp-components.com\/wp-content\/uploads\/2025\/01\/pto-shaft-for-manure-spreader-gearbox1-480x471.webp 480w\" sizes=\"(min-width: 0px) and (max-width: 480px) 480px, (min-width: 481px) 852px, 100vw\" \/><\/p>\n<h2>O FMP<\/h2>\n<p>Firma FMP, z siedzib\u0105 g\u0142\u00f3wn\u0105 we W\u0142oszech, jest wiod\u0105cym producentem, znanym ze swojego do\u015bwiadczenia w projektowaniu, rozwoju i produkcji wysokowydajnych przek\u0142adni, ze szczeg\u00f3lnym uwzgl\u0119dnieniem sektora maszyn rolniczych. Znana z precyzyjnej in\u017cynierii, innowacyjnych rozwi\u0105za\u0144 i niezr\u00f3wnanej niezawodno\u015bci, firma FMP ugruntowa\u0142a swoj\u0105 pozycj\u0119 zaufanego partnera zar\u00f3wno na rynku rolniczym, jak i przemys\u0142owym. Nasze bogate portfolio obejmuje przek\u0142adnie projektowane na zam\u00f3wienie do kosiarek, wa\u0142\u00f3w odbioru mocy (WOM) i innych niezb\u0119dnych komponent\u00f3w, zaprojektowane tak, aby spe\u0142nia\u0107 precyzyjne wymagania szerokiego zakresu zastosowa\u0144.<\/p>\n<p>W FMP rozumiemy, \u017ce potrzeby ka\u017cdego klienta s\u0105 wyj\u0105tkowe. Ta wiedza nap\u0119dza nasze zaanga\u017cowanie w dostarczanie rozwi\u0105za\u0144 szytych na miar\u0119, zar\u00f3wno dla pojedynczych komponent\u00f3w, jak i w pe\u0142ni zintegrowanych system\u00f3w. Dzi\u0119ki bliskiej wsp\u00f3\u0142pracy z klientami zapewniamy, \u017ce ka\u017cde rozwi\u0105zanie jest idealnie dopasowane do ich wymaga\u0144, optymalizuj\u0105c wydajno\u015b\u0107 i zapewniaj\u0105c maksymaln\u0105 warto\u015b\u0107. Nasze zaanga\u017cowanie w udzielanie terminowych, profesjonalnych odpowiedzi i fachowe doradztwo gwarantuje, \u017ce ka\u017cde zapytanie jest rozpatrywane precyzyjnie, co prowadzi do sp\u00f3jnych i pomy\u015blnych rezultat\u00f3w.<\/p>\n<p>Priorytetem jest dla nas transparentna i ci\u0105g\u0142a komunikacja na ka\u017cdym etapie procesu rozwoju produktu. Nasz do\u015bwiadczony zesp\u00f3\u0142 \u015bci\u015ble wsp\u00f3\u0142pracuje z klientami, aby w pe\u0142ni zrozumie\u0107 ich specyficzne potrzeby, oferuj\u0105c cenne spostrze\u017cenia i rekomendacje, kt\u00f3re pomog\u0105 osi\u0105gn\u0105\u0107 najlepsze rezultaty. Niezale\u017cnie od tego, czy chodzi o opracowywanie innowacyjnych produkt\u00f3w, czy realizacj\u0119 rutynowych zam\u00f3wie\u0144, FMP dok\u0142ada wszelkich stara\u0144, aby dostarcza\u0107 wysokiej jako\u015bci, precyzyjnie zaprojektowane rozwi\u0105zania na czas i za ka\u017cdym razem. Naszym celem jest przekraczanie oczekiwa\u0144 klient\u00f3w, zapewnianie wyj\u0105tkowej obs\u0142ugi i osi\u0105ganie znakomitych rezultat\u00f3w w ka\u017cdym projekcie.<\/p>\n<p>Podstaw\u0105 dzia\u0142alno\u015bci FMP jest niezmienne zaanga\u017cowanie w jako\u015b\u0107. Przestrzegamy najwy\u017cszych standard\u00f3w produkcyjnych i wdra\u017camy rygorystyczne procedury kontroli jako\u015bci, aby zapewni\u0107, \u017ce ka\u017cdy produkt przewy\u017csza bran\u017cowe standardy. To zaanga\u017cowanie w d\u0105\u017cenie do doskona\u0142o\u015bci, w po\u0142\u0105czeniu z naszymi podstawowymi warto\u015bciami, takimi jak uczciwo\u015b\u0107, praca zespo\u0142owa i wytrwa\u0142o\u015b\u0107, pozwoli\u0142o nam zbudowa\u0107 d\u0142ugotrwa\u0142e, oparte na zaufaniu relacje z klientami w prawie 30 krajach na ca\u0142ym \u015bwiecie.<\/p>\n<p>FMP anga\u017cuje si\u0119 w budowanie globalnych partnerstw, oferuj\u0105c fachowe doradztwo i rozwi\u0105zania dostosowane do indywidualnych potrzeb, kt\u00f3re ewoluuj\u0105 wraz ze zmieniaj\u0105cymi si\u0119 potrzebami naszych klient\u00f3w. D\u0105\u017cymy do budowania d\u0142ugoterminowych, korzystnych dla obu stron relacji, kt\u00f3re nap\u0119dzaj\u0105 sukces ka\u017cdego projektu. Niezale\u017cnie od tego, czy szukasz innowacyjnych rozwi\u0105za\u0144 dla nowej inicjatywy, czy sta\u0142ego wsparcia dla istniej\u0105cego systemu, FMP pomo\u017ce Ci pokona\u0107 wyzwania techniczne i zapewni\u0107 Ci sta\u0142y sukces.<\/p>\n<p><img loading=\"lazy\" decoding=\"async\" class=\"alignnone wp-image-2695\" src=\"https:\/\/fmp-components.com\/wp-content\/uploads\/2025\/01\/agricultural-gearbox3.webp\" alt=\"skrzynia bieg\u00f3w rolnicza\" width=\"1140\" height=\"1138\" title=\"\" srcset=\"https:\/\/fmp-components.com\/wp-content\/uploads\/2025\/01\/agricultural-gearbox3.webp 1140w, https:\/\/fmp-components.com\/wp-content\/uploads\/2025\/01\/agricultural-gearbox3-480x479.webp 480w\" sizes=\"(min-width: 0px) and (max-width: 480px) 480px, (min-width: 481px) 1140px, 100vw\" \/><\/p>\n<p>Autor: CX<\/p>","protected":false},"excerpt":{"rendered":"<p>Manure Spreader Gearboxes N-2A Specification i 5.67 N1[rpm] 540 P1[kW] 23.5 M2[Nm] &#8211; Shaft X 1&#8221; 3\/8 Z6 Shaft Y 1&#8221; 3\/8 Z6 Shaft Z 1&#8221; 3\/8 Z6 Input Z Features of Manure Spreader Gearbox Durable Housing The gearbox features a robust, corrosion-resistant housing, typically made from high-strength materials such as cast iron or aluminum [&hellip;]<\/p>","protected":false},"featured_media":3290,"comment_status":"open","ping_status":"closed","template":"","meta":{"_et_pb_use_builder":"","_et_pb_old_content":"","_et_gb_content_width":""},"product_brand":[],"product_cat":[79],"product_tag":[],"class_list":{"0":"post-3285","1":"product","2":"type-product","3":"status-publish","4":"has-post-thumbnail","6":"product_cat-manure-spreader-gearbox","8":"first","9":"instock","10":"shipping-taxable","11":"product-type-simple"},"_links":{"self":[{"href":"https:\/\/fmp-components.com\/pl\/wp-json\/wp\/v2\/product\/3285","targetHints":{"allow":["GET"]}}],"collection":[{"href":"https:\/\/fmp-components.com\/pl\/wp-json\/wp\/v2\/product"}],"about":[{"href":"https:\/\/fmp-components.com\/pl\/wp-json\/wp\/v2\/types\/product"}],"replies":[{"embeddable":true,"href":"https:\/\/fmp-components.com\/pl\/wp-json\/wp\/v2\/comments?post=3285"}],"wp:featuredmedia":[{"embeddable":true,"href":"https:\/\/fmp-components.com\/pl\/wp-json\/wp\/v2\/media\/3290"}],"wp:attachment":[{"href":"https:\/\/fmp-components.com\/pl\/wp-json\/wp\/v2\/media?parent=3285"}],"wp:term":[{"taxonomy":"product_brand","embeddable":true,"href":"https:\/\/fmp-components.com\/pl\/wp-json\/wp\/v2\/product_brand?post=3285"},{"taxonomy":"product_cat","embeddable":true,"href":"https:\/\/fmp-components.com\/pl\/wp-json\/wp\/v2\/product_cat?post=3285"},{"taxonomy":"product_tag","embeddable":true,"href":"https:\/\/fmp-components.com\/pl\/wp-json\/wp\/v2\/product_tag?post=3285"}],"curies":[{"name":"wp","href":"https:\/\/api.w.org\/{rel}","templated":true}]}}