{"id":3259,"date":"2025-01-06T01:36:46","date_gmt":"2025-01-06T01:36:46","guid":{"rendered":"https:\/\/fmp-components.com\/?page_id=8"},"modified":"2025-01-06T01:36:47","modified_gmt":"2025-01-06T01:36:47","slug":"gearbox-for-agricultural-machinery-700-series","status":"publish","type":"product","link":"https:\/\/fmp-components.com\/pl\/product\/gearbox-for-agricultural-machinery-700-series\/","title":{"rendered":"Przek\u0142adnia do maszyn rolniczych serii 700"},"content":{"rendered":"<h2>Rysunek dla serii 700<\/h2>\n<p><img loading=\"lazy\" decoding=\"async\" class=\"alignnone  wp-image-3263\" src=\"https:\/\/fmp-components.com\/wp-content\/uploads\/2025\/01\/R700-Spec-1.webp\" alt=\"R700-Spec-1\" width=\"900\" height=\"1126\" title=\"\" srcset=\"https:\/\/fmp-components.com\/wp-content\/uploads\/2025\/01\/R700-Spec-1.webp 900w, https:\/\/fmp-components.com\/wp-content\/uploads\/2025\/01\/R700-Spec-1-480x601.webp 480w\" sizes=\"(min-width: 0px) and (max-width: 480px) 480px, (min-width: 481px) 900px, 100vw\" \/><\/p>\n<h3>Wyr\u00f3wnanie obrot\u00f3w wa\u0142u dla serii 700<\/h3>\n<p><img loading=\"lazy\" decoding=\"async\" class=\"alignnone size-full wp-image-3262\" src=\"https:\/\/fmp-components.com\/wp-content\/uploads\/2025\/01\/R700-Rotation.webp\" alt=\"R700-Obr\u00f3t\" width=\"1024\" height=\"345\" title=\"\" srcset=\"https:\/\/fmp-components.com\/wp-content\/uploads\/2025\/01\/R700-Rotation.webp 1024w, https:\/\/fmp-components.com\/wp-content\/uploads\/2025\/01\/R700-Rotation-980x330.webp 980w, https:\/\/fmp-components.com\/wp-content\/uploads\/2025\/01\/R700-Rotation-480x162.webp 480w\" sizes=\"(min-width: 0px) and (max-width: 480px) 480px, (min-width: 481px) and (max-width: 980px) 980px, (min-width: 981px) 1024px, 100vw\" \/><\/p>\n<h3>Tabele ocen<\/h3>\n<p><img loading=\"lazy\" decoding=\"async\" class=\"alignnone  wp-image-3264\" src=\"https:\/\/fmp-components.com\/wp-content\/uploads\/2025\/01\/R700-rating-charts.webp\" alt=\"R700-tabele-ocen\" width=\"862\" height=\"397\" title=\"\" srcset=\"https:\/\/fmp-components.com\/wp-content\/uploads\/2025\/01\/R700-rating-charts.webp 393w, https:\/\/fmp-components.com\/wp-content\/uploads\/2025\/01\/R700-rating-charts-300x138.webp 300w, https:\/\/fmp-components.com\/wp-content\/uploads\/2025\/01\/R700-rating-charts-18x8.webp 18w\" sizes=\"(max-width: 862px) 100vw, 862px\" \/><\/p>\n<h3>Przek\u0142adnia do maszyn rolniczych serii 700<\/h3>\n<p><strong>Cechy:<\/strong><\/p>\n<ul>\n<li><strong>Dwucz\u0119\u015bciowa obudowa aluminiowa<\/strong>Wykonana z wytrzyma\u0142ego aluminium obudowa zapewnia doskona\u0142\u0105 <strong>odporno\u015b\u0107 na korozj\u0119<\/strong> I <strong>pojemno\u015b\u0107 cieplna<\/strong>, co czyni go niezwykle wytrzyma\u0142ym w wymagaj\u0105cych warunkach rolniczych.<\/li>\n<li><strong>Precyzyjnie obrabiane elementy<\/strong>Ka\u017cda skrzynia bieg\u00f3w jest precyzyjnie obrabiana, aby zagwarantowa\u0107 idealne zaz\u0119bienie i <strong>napi\u0119cie wst\u0119pne \u0142o\u017cyska<\/strong>, zapewniaj\u0105c p\u0142ynn\u0105 i wydajn\u0105 prac\u0119 w warunkach du\u017cego obci\u0105\u017cenia.<\/li>\n<li><strong>Kute ko\u0142a z\u0119bate<\/strong>Seria 700 charakteryzuje si\u0119 precyzyjnie kutymi ko\u0142ami z\u0119batymi oferowanymi w <strong>Prze\u0142o\u017cenie 3:1<\/strong>, zapewniaj\u0105c doskona\u0142e przenoszenie momentu obrotowego i wydajno\u015b\u0107 operacyjn\u0105.<\/li>\n<li><strong>\u0141o\u017cyska sto\u017ckowe<\/strong>:Te \u0142o\u017cyska s\u0105 zaprojektowane w celu zwi\u0119kszenia <strong>\u0142adowno\u015b\u0107<\/strong> i rozszerzy\u0107 <strong>\u017cywotno\u015b\u0107 \u0142o\u017cyska<\/strong>, zapewniaj\u0105c d\u0142ugotrwa\u0142\u0105 wydajno\u015b\u0107 nawet w \u015brodowiskach o du\u017cym obci\u0105\u017ceniu.<\/li>\n<li><strong>Wa\u0142y ze stali o wysokiej wytrzyma\u0142o\u015bci<\/strong>:Ten <strong>Wa\u0142 wej\u015bciowy 1,75\u2033<\/strong> I <strong>Wa\u0142 wyj\u015bciowy 2,75\u2033<\/strong> wykonane s\u0105 ze stali o wysokiej wytrzyma\u0142o\u015bci, co gwarantuje solidno\u015b\u0107 i niezawodno\u015b\u0107 w zastosowaniach wymagaj\u0105cych du\u017cej wytrzyma\u0142o\u015bci.<\/li>\n<li><strong>Smar przek\u0142adniowy 80W90<\/strong>:Wype\u0142nione wysokiej jako\u015bci <strong>Smar przek\u0142adniowy 80W90<\/strong>Przed wysy\u0142k\u0105 skrzynia bieg\u00f3w jest dok\u0142adnie sprawdzana pod k\u0105tem szczelno\u015bci, co gwarantuje optymalne dzia\u0142anie od pierwszego dnia.<\/li>\n<li><strong>Przetestowano szczelno\u015b\u0107<\/strong>:Ka\u017cda jednostka przechodzi kompleksowy test szczelno\u015bci w celu zagwarantowania braku wyciek\u00f3w, co gwarantuje niezawodno\u015b\u0107 i zmniejsza potrzeby konserwacyjne w miar\u0119 up\u0142ywu czasu.<\/li>\n<li><strong>Waga<\/strong>:Przek\u0142adnia serii 700 wa\u017cy oko\u0142o <strong>120 funt\u00f3w<\/strong>, \u0142\u0105cznie ze \u015brodkiem smarnym, dzi\u0119ki czemu jest on wytrzyma\u0142y i zdolny do radzenia sobie z najtrudniejszymi zadaniami maszyn rolniczych.<\/li>\n<\/ul>\n<h3>Dodatkowe korzy\u015bci:<\/h3>\n<ul>\n<li><strong>Optymalne zarz\u0105dzanie termiczne<\/strong>:Aluminiowa obudowa nie tylko zapewnia wytrzyma\u0142o\u015b\u0107, ale tak\u017ce pomaga skutecznie rozproszy\u0107 ciep\u0142o, zapewniaj\u0105c sta\u0142\u0105 wydajno\u015b\u0107 nawet podczas d\u0142ugotrwa\u0142ego u\u017cytkowania w trudnych warunkach.<\/li>\n<li><strong>Trwa\u0142o\u015b\u0107 i d\u0142ugowieczno\u015b\u0107<\/strong>:Seria 700 zosta\u0142a zaprojektowana do ci\u0105g\u0142ych, wysokoobci\u0105\u017conych zastosowa\u0144 rolniczych i skonstruowana tak, aby wytrzyma\u0107 trudne warunki pracy, zapewniaj\u0105c d\u0142u\u017csz\u0105 \u017cywotno\u015b\u0107 i minimalne przestoje.<\/li>\n<li><strong>Wydajno\u015b\u0107 na du\u017c\u0105 skal\u0119<\/strong>:Prze\u0142o\u017cenie 3:1 jest idealne dla wi\u0119kszych maszyn rolniczych, poniewa\u017c zapewnia maksymaln\u0105 wydajno\u015b\u0107 skrzyni bieg\u00f3w i skuteczne przenoszenie mocy w celu optymalizacji prac polowych.<\/li>\n<\/ul>\n<p>Przek\u0142adnia serii 700 zosta\u0142a zaprojektowana z my\u015bl\u0105 o wyj\u0105tkowej niezawodno\u015bci, wydajno\u015bci i trwa\u0142o\u015bci w najbardziej wymagaj\u0105cych warunkach rolniczych. Niezale\u017cnie od tego, czy obs\u0142ugujesz du\u017ce ci\u0105gniki, kombajny, czy inne ci\u0119\u017ckie maszyny, seria 700 zapewnia moc i wytrzyma\u0142o\u015b\u0107 niezb\u0119dne do wydajnej pracy i d\u0142ugotrwa\u0142ej niezawodno\u015bci.<\/p>\n<h3>O FMP<\/h3>\n<p>Z siedzib\u0105 g\u0142\u00f3wn\u0105 we W\u0142oszech, FMP to renomowany producent, znany ze swojego do\u015bwiadczenia w projektowaniu, rozwoju i produkcji wysokowydajnych przek\u0142adni, ze szczeg\u00f3lnym uwzgl\u0119dnieniem sektora maszyn rolniczych. Znana z precyzyjnej in\u017cynierii, innowacyjnych rozwi\u0105za\u0144 i niezmiennej niezawodno\u015bci, FMP zyska\u0142a ugruntowan\u0105 reputacj\u0119 jako zaufany partner zar\u00f3wno na rynku rolniczym, jak i przemys\u0142owym. Nasza kompleksowa oferta obejmuje przek\u0142adnie projektowane na zam\u00f3wienie do kosiarek, wa\u0142\u00f3w odbioru mocy (WOM) oraz szerok\u0105 gam\u0119 innych kluczowych komponent\u00f3w, starannie zaprojektowanych, aby sprosta\u0107 specyficznym wymaganiom r\u00f3\u017cnorodnych zastosowa\u0144.<\/p>\n<p>W FMP rozumiemy, \u017ce ka\u017cdy klient stoi przed wyj\u0105tkowymi wyzwaniami, dlatego dok\u0142adamy wszelkich stara\u0144, aby dostarcza\u0107 rozwi\u0105zania szyte na miar\u0119. Niezale\u017cnie od tego, czy chodzi o pojedynczy komponent, czy ca\u0142y zintegrowany system, \u015bci\u015ble wsp\u00f3\u0142pracujemy z naszymi klientami, aby zapewni\u0107, \u017ce ka\u017cde rozwi\u0105zanie nie tylko spe\u0142nia ich wymagania, ale tak\u017ce zwi\u0119ksza wydajno\u015b\u0107 i maksymalizuje og\u00f3ln\u0105 warto\u015b\u0107. Nasze zaanga\u017cowanie w szybk\u0105, profesjonaln\u0105 obs\u0142ug\u0119 i fachowe doradztwo gwarantuje, \u017ce ka\u017cde zapytanie zostanie rozpatrzone precyzyjnie, konsekwentnie przynosz\u0105c optymalne rezultaty.<\/p>\n<p>K\u0142adziemy szczeg\u00f3lny nacisk na transparentn\u0105 i ci\u0105g\u0142\u0105 komunikacj\u0119 w ca\u0142ym procesie rozwoju produktu. Nasz zaanga\u017cowany zesp\u00f3\u0142 \u015bci\u015ble wsp\u00f3\u0142pracuje z klientami, aby w pe\u0142ni zrozumie\u0107 ich potrzeby, oferuj\u0105c cenne spostrze\u017cenia i praktyczne rekomendacje, kt\u00f3re gwarantuj\u0105 najlepsze mo\u017cliwe rezultaty. Niezale\u017cnie od tego, czy projektujemy innowacyjne produkty, czy realizujemy rutynowe zam\u00f3wienia, FMP dok\u0142ada wszelkich stara\u0144, aby dostarcza\u0107 wysokiej jako\u015bci, precyzyjnie zaprojektowane rozwi\u0105zania na czas i za ka\u017cdym razem. Naszym celem jest przekraczanie oczekiwa\u0144 klient\u00f3w, zapewniaj\u0105c wyj\u0105tkow\u0105 obs\u0142ug\u0119 i znakomite rezultaty w ka\u017cdym projekcie.<\/p>\n<p>Podstaw\u0105 dzia\u0142alno\u015bci FMP jest niezmienne zaanga\u017cowanie w jako\u015b\u0107. Przestrzegamy najwy\u017cszych standard\u00f3w produkcyjnych i wdra\u017camy rygorystyczne procesy kontroli jako\u015bci, aby zapewni\u0107, \u017ce ka\u017cdy produkt nie tylko spe\u0142nia, ale wr\u0119cz przewy\u017csza standardy bran\u017cowe. To zaanga\u017cowanie w d\u0105\u017cenie do doskona\u0142o\u015bci, w po\u0142\u0105czeniu z naszymi podstawowymi warto\u015bciami, takimi jak uczciwo\u015b\u0107, praca zespo\u0142owa i wytrwa\u0142o\u015b\u0107, pozwoli\u0142o nam zbudowa\u0107 d\u0142ugotrwa\u0142e, oparte na zaufaniu relacje z klientami w prawie 30 krajach na ca\u0142ym \u015bwiecie.<\/p>\n<p>FMP anga\u017cuje si\u0119 w budowanie globalnych partnerstw, oferuj\u0105c fachowe doradztwo i rozwi\u0105zania dostosowane do indywidualnych potrzeb, kt\u00f3re ewoluuj\u0105 wraz z dynamicznymi potrzebami naszych klient\u00f3w. D\u0105\u017cymy do budowania d\u0142ugoterminowych, korzystnych dla obu stron relacji, kt\u00f3re nap\u0119dzaj\u0105 sukces ka\u017cdego projektu. Niezale\u017cnie od tego, czy szukasz innowacyjnych rozwi\u0105za\u0144 dla nowej inicjatywy, czy potrzebujesz sta\u0142ego wsparcia dla istniej\u0105cego systemu, FMP jest gotowe pom\u00f3c Ci pokona\u0107 wyzwania techniczne i zapewni\u0107 Ci sta\u0142y sukces.<\/p>\n<p><img loading=\"lazy\" decoding=\"async\" class=\"alignnone wp-image-2695\" src=\"https:\/\/fmp-components.com\/wp-content\/uploads\/2025\/01\/agricultural-gearbox3.webp\" alt=\"skrzynia bieg\u00f3w rolnicza\" width=\"1140\" height=\"1138\" title=\"\" srcset=\"https:\/\/fmp-components.com\/wp-content\/uploads\/2025\/01\/agricultural-gearbox3.webp 1140w, https:\/\/fmp-components.com\/wp-content\/uploads\/2025\/01\/agricultural-gearbox3-480x479.webp 480w\" sizes=\"(min-width: 0px) and (max-width: 480px) 480px, (min-width: 481px) 1140px, 100vw\" \/><\/p>\n<p>Autor: CX<\/p>","protected":false},"excerpt":{"rendered":"<p>Drawing For 700 Series Shaft Rotation Alignment For 700 Series Rating Charts Gearbox for Agricultural Machinery 700 Series Features: Two-Piece Aluminum Housing: Constructed with high-strength aluminum, this housing ensures superior corrosion resistance and thermal capacity, making it highly durable for demanding agricultural environments. Precision Machined Components: Each gearbox is precision-machined to guarantee perfect gear meshing [&hellip;]<\/p>","protected":false},"featured_media":3260,"comment_status":"open","ping_status":"closed","template":"","meta":{"_et_pb_use_builder":"","_et_pb_old_content":"","_et_gb_content_width":""},"product_brand":[],"product_cat":[78],"product_tag":[],"class_list":{"0":"post-3259","1":"product","2":"type-product","3":"status-publish","4":"has-post-thumbnail","6":"product_cat-gearbox-for-agricultural-machinery","8":"first","9":"instock","10":"shipping-taxable","11":"product-type-simple"},"_links":{"self":[{"href":"https:\/\/fmp-components.com\/pl\/wp-json\/wp\/v2\/product\/3259","targetHints":{"allow":["GET"]}}],"collection":[{"href":"https:\/\/fmp-components.com\/pl\/wp-json\/wp\/v2\/product"}],"about":[{"href":"https:\/\/fmp-components.com\/pl\/wp-json\/wp\/v2\/types\/product"}],"replies":[{"embeddable":true,"href":"https:\/\/fmp-components.com\/pl\/wp-json\/wp\/v2\/comments?post=3259"}],"wp:featuredmedia":[{"embeddable":true,"href":"https:\/\/fmp-components.com\/pl\/wp-json\/wp\/v2\/media\/3260"}],"wp:attachment":[{"href":"https:\/\/fmp-components.com\/pl\/wp-json\/wp\/v2\/media?parent=3259"}],"wp:term":[{"taxonomy":"product_brand","embeddable":true,"href":"https:\/\/fmp-components.com\/pl\/wp-json\/wp\/v2\/product_brand?post=3259"},{"taxonomy":"product_cat","embeddable":true,"href":"https:\/\/fmp-components.com\/pl\/wp-json\/wp\/v2\/product_cat?post=3259"},{"taxonomy":"product_tag","embeddable":true,"href":"https:\/\/fmp-components.com\/pl\/wp-json\/wp\/v2\/product_tag?post=3259"}],"curies":[{"name":"wp","href":"https:\/\/api.w.org\/{rel}","templated":true}]}}