{"id":3242,"date":"2025-01-06T00:58:53","date_gmt":"2025-01-06T00:58:53","guid":{"rendered":"https:\/\/fmp-components.com\/?page_id=8"},"modified":"2025-01-06T00:58:53","modified_gmt":"2025-01-06T00:58:53","slug":"gearbox-for-agricultural-machinery-500-series","status":"publish","type":"product","link":"https:\/\/fmp-components.com\/pl\/product\/gearbox-for-agricultural-machinery-500-series\/","title":{"rendered":"Przek\u0142adnia do maszyn rolniczych serii 500"},"content":{"rendered":"<h2>Tabela ocen<\/h2>\n<p><img loading=\"lazy\" decoding=\"async\" class=\"alignnone  wp-image-3250\" src=\"https:\/\/fmp-components.com\/wp-content\/uploads\/2025\/01\/R500-rating-charts.webp\" alt=\"R500-tabele-ocen\" width=\"870\" height=\"1106\" title=\"\" srcset=\"https:\/\/fmp-components.com\/wp-content\/uploads\/2025\/01\/R500-rating-charts.webp 394w, https:\/\/fmp-components.com\/wp-content\/uploads\/2025\/01\/R500-rating-charts-236x300.webp 236w, https:\/\/fmp-components.com\/wp-content\/uploads\/2025\/01\/R500-rating-charts-9x12.webp 9w\" sizes=\"(max-width: 870px) 100vw, 870px\" \/><\/p>\n<h3>Rysunek dla serii 500<\/h3>\n<p><img loading=\"lazy\" decoding=\"async\" class=\"alignnone  wp-image-3249\" src=\"https:\/\/fmp-components.com\/wp-content\/uploads\/2025\/01\/500drawing.webp\" alt=\"500 rysunk\u00f3w\" width=\"888\" height=\"1150\" title=\"\" srcset=\"https:\/\/fmp-components.com\/wp-content\/uploads\/2025\/01\/500drawing.webp 888w, https:\/\/fmp-components.com\/wp-content\/uploads\/2025\/01\/500drawing-480x621.webp 480w\" sizes=\"(min-width: 0px) and (max-width: 480px) 480px, (min-width: 481px) 888px, 100vw\" \/><\/p>\n<h3>Wyr\u00f3wnanie obrot\u00f3w wa\u0142u dla serii 500<\/h3>\n<p><img loading=\"lazy\" decoding=\"async\" class=\"alignnone size-full wp-image-3251\" src=\"https:\/\/fmp-components.com\/wp-content\/uploads\/2025\/01\/500-rotation-option.webp\" alt=\"Opcja 500 obrot\u00f3w\" width=\"1024\" height=\"384\" title=\"\" srcset=\"https:\/\/fmp-components.com\/wp-content\/uploads\/2025\/01\/500-rotation-option.webp 1024w, https:\/\/fmp-components.com\/wp-content\/uploads\/2025\/01\/500-rotation-option-980x368.webp 980w, https:\/\/fmp-components.com\/wp-content\/uploads\/2025\/01\/500-rotation-option-480x180.webp 480w\" sizes=\"(min-width: 0px) and (max-width: 480px) 480px, (min-width: 481px) and (max-width: 980px) 980px, (min-width: 981px) 1024px, 100vw\" \/><\/p>\n<h3>Przek\u0142adnia serii 500 do maszyn rolniczych<\/h3>\n<p><strong>Cechy i korzy\u015bci:<\/strong><\/p>\n<ul>\n<li><strong>Dwucz\u0119\u015bciowa obudowa aluminiowa:<\/strong> Wykonana z wytrzyma\u0142ego aluminium obudowa oferuje wyj\u0105tkow\u0105 trwa\u0142o\u015b\u0107, odporno\u015b\u0107 na korozj\u0119 i doskona\u0142\u0105 pojemno\u015b\u0107 ciepln\u0105. Gwarantuje to optymaln\u0105 wydajno\u015b\u0107 nawet w ekstremalnych warunkach pracy, dzi\u0119ki czemu doskonale nadaje si\u0119 do zastosowa\u0144 rolniczych.<\/li>\n<li><strong>Obr\u00f3bka precyzyjna:<\/strong> Ka\u017cdy element jest precyzyjnie obrobiony, aby zapewni\u0107 idealne zaz\u0119bienie i precyzyjne napi\u0119cie wst\u0119pne \u0142o\u017cysk. Ta dba\u0142o\u015b\u0107 o szczeg\u00f3\u0142y przyczynia si\u0119 do p\u0142ynniejszej pracy, mniejszego tarcia i d\u0142u\u017cszej \u017cywotno\u015bci przek\u0142adni.<\/li>\n<li><strong>Wszechstronne prze\u0142o\u017cenia:<\/strong> Seria 500 wyposa\u017cona jest w precyzyjnie kute ko\u0142a z\u0119bate dost\u0119pne w czterech prze\u0142o\u017ceniach: 1:1, 1,35:1, 1,5:1 i 2:1, co daje szereg opcji dopasowania do r\u00f3\u017cnych potrzeb. Dodatkowo, dost\u0119pna jest przek\u0142adnia sto\u017ckowa o prze\u0142o\u017ceniu 1:1, co dodatkowo zwi\u0119ksza mo\u017cliwo\u015bci adaptacji przek\u0142adni do r\u00f3\u017cnych zada\u0144.<\/li>\n<li><strong>\u0141o\u017cyska sto\u017ckowe:<\/strong> Wysokiej jako\u015bci \u0142o\u017cyska sto\u017ckowe zapewniaj\u0105 zwi\u0119kszon\u0105 no\u015bno\u015b\u0107 i d\u0142u\u017csz\u0105 \u017cywotno\u015b\u0107, gwarantuj\u0105c sp\u00f3jn\u0105 i niezawodn\u0105 prac\u0119 nawet w wymagaj\u0105cych zastosowaniach. \u0141o\u017cyska te zosta\u0142y zaprojektowane do przenoszenia wy\u017cszych obci\u0105\u017ce\u0144 promieniowych i osiowych, dzi\u0119ki czemu idealnie nadaj\u0105 si\u0119 do ci\u0119\u017ckich maszyn rolniczych.<\/li>\n<li><strong>Wa\u0142 ze stali o wysokiej wytrzyma\u0142o\u015bci:<\/strong> Przek\u0142adnia serii 500 wyposa\u017cona jest w wa\u0142 o \u015brednicy 1,375 cala wykonany z wysokowytrzyma\u0142ej stali, co zapewnia zwi\u0119kszon\u0105 trwa\u0142o\u015b\u0107 i odporno\u015b\u0107 na zu\u017cycie. Ta solidna konstrukcja wa\u0142u gwarantuje niezawodne przenoszenie mocy przez d\u0142ugi czas, nawet w trudnych warunkach.<\/li>\n<li><strong>Smarowanie i badanie szczelno\u015bci:<\/strong> Skrzynia bieg\u00f3w jest fabrycznie wype\u0142niona smarem przek\u0142adniowym 80W90, co zapewnia p\u0142ynn\u0105 i wydajn\u0105 prac\u0119 od samego pocz\u0105tku. Ka\u017cda jednostka poddawana jest dok\u0142adnym testom szczelno\u015bci przed wysy\u0142k\u0105, aby zagwarantowa\u0107 szczelno\u015b\u0107 produktu w momencie dostawy.<\/li>\n<li><strong>Waga i \u0142atwo\u015b\u0107 u\u017cytkowania:<\/strong> Przek\u0142adnia serii 500 wa\u017cy od 25 do 30 funt\u00f3w<strong>.<\/strong>, w tym olej przek\u0142adniowy. Ten ci\u0119\u017car jest starannie wywa\u017cony, aby zapewni\u0107 wytrzyma\u0142o\u015b\u0107, a jednocze\u015bnie zachowa\u0107 \u0142atwo\u015b\u0107 monta\u017cu i obs\u0142ugi.<\/li>\n<\/ul>\n<p>Przek\u0142adnia serii 500 to idealne rozwi\u0105zanie dla maszyn rolniczych, oferuj\u0105ce zwi\u0119kszon\u0105 trwa\u0142o\u015b\u0107, wydajno\u015b\u0107 i wszechstronno\u015b\u0107 w r\u00f3\u017cnych zastosowaniach. Niezale\u017cnie od tego, czy jest stosowana w maszynach do uprawy roli, sadzenia czy zbioru, przek\u0142adnia ta gwarantuje niezawodn\u0105 prac\u0119, nawet w najbardziej wymagaj\u0105cych warunkach pracy. Solidna konstrukcja i wysokiej jako\u015bci materia\u0142y sprawiaj\u0105, \u017ce jest to zaufany wyb\u00f3r dla producent\u00f3w i operator\u00f3w z sektora rolniczego poszukuj\u0105cych trwa\u0142ych i niezawodnych rozwi\u0105za\u0144 przek\u0142adniowych.<\/p>\n<h2>O FMP<\/h2>\n<p>Firma FMP, z siedzib\u0105 g\u0142\u00f3wn\u0105 we W\u0142oszech, to renomowany producent specjalizuj\u0105cy si\u0119 w projektowaniu, rozwoju i produkcji wysokowydajnych przek\u0142adni. Koncentruj\u0105c si\u0119 na sektorze maszyn rolniczych, FMP s\u0142ynie z precyzyjnej in\u017cynierii, innowacyjnych rozwi\u0105za\u0144 i niezawodnej konstrukcji. Przez lata FMP zyska\u0142o solidn\u0105 reputacj\u0119 zaufanego partnera zar\u00f3wno na rynku rolniczym, jak i przemys\u0142owym. Nasze bogate portfolio obejmuje przek\u0142adnie, wa\u0142y odbioru mocy (WOM) i wiele innych kluczowych komponent\u00f3w, projektowanych na zam\u00f3wienie, aby sprosta\u0107 specyficznym wymaganiom r\u00f3\u017cnorodnych zastosowa\u0144.<\/p>\n<p>W FMP zdajemy sobie spraw\u0119, \u017ce ka\u017cdy klient ma unikalne wymagania. Ta wiedza motywuje nas do dostarczania rozwi\u0105za\u0144 szytych na miar\u0119, dostosowanych zar\u00f3wno do indywidualnych komponent\u00f3w, jak i w pe\u0142ni zintegrowanych system\u00f3w. Dzi\u0119ki bliskiej wsp\u00f3\u0142pracy z klientami gwarantujemy, \u017ce ka\u017cde rozwi\u0105zanie nie tylko spe\u0142nia ich specyficzne potrzeby, ale tak\u017ce zwi\u0119ksza wydajno\u015b\u0107, efektywno\u015b\u0107 i warto\u015b\u0107. Nasze zaanga\u017cowanie w szybk\u0105, profesjonaln\u0105 obs\u0142ug\u0119 i fachowe doradztwo gwarantuje, \u017ce ka\u017cde zapytanie zostanie rozpatrzone precyzyjnie, przynosz\u0105c optymalne rezultaty.<\/p>\n<p>Jasna i transparentna komunikacja jest podstaw\u0105 naszego podej\u015bcia. Od wst\u0119pnej fazy projektowania po dostaw\u0119 produktu, nasz zaanga\u017cowany zesp\u00f3\u0142 pracuje rami\u0119 w rami\u0119 z klientami, dog\u0142\u0119bnie rozumiej\u0105c ich wyzwania. To podej\u015bcie oparte na wsp\u00f3\u0142pracy pozwala nam oferowa\u0107 cenne spostrze\u017cenia, dzieli\u0107 si\u0119 innowacyjnymi rozwi\u0105zaniami i ostatecznie osi\u0105ga\u0107 najlepsze rezultaty. Niezale\u017cnie od tego, czy pracujemy nad prze\u0142omowymi projektami, czy realizujemy rutynowe zam\u00f3wienia, FMP dok\u0142ada wszelkich stara\u0144, aby dostarcza\u0107 wysokiej jako\u015bci, precyzyjnie zaprojektowane rozwi\u0105zania na czas i za ka\u017cdym razem. Naszym celem jest konsekwentne przekraczanie oczekiwa\u0144 klient\u00f3w poprzez zapewnianie wyj\u0105tkowej obs\u0142ugi i znakomitych rezultat\u00f3w w ka\u017cdym projekcie.<\/p>\n<p>Podstaw\u0105 dzia\u0142alno\u015bci FMP jest niezmienne zaanga\u017cowanie w jako\u015b\u0107. Przestrzegamy najwy\u017cszych standard\u00f3w produkcyjnych i wdra\u017camy rygorystyczne procesy kontroli jako\u015bci, aby zapewni\u0107, \u017ce ka\u017cdy produkt przekracza standardy bran\u017cowe. To zaanga\u017cowanie w d\u0105\u017cenie do doskona\u0142o\u015bci, w po\u0142\u0105czeniu z naszymi podstawowymi warto\u015bciami, takimi jak uczciwo\u015b\u0107, praca zespo\u0142owa i wytrwa\u0142o\u015b\u0107, pozwoli\u0142o nam zbudowa\u0107 trwa\u0142e, oparte na zaufaniu relacje z klientami w ponad 30 krajach na ca\u0142ym \u015bwiecie.<\/p>\n<p>FMP zawsze koncentruje si\u0119 na budowaniu globalnych partnerstw, oferowaniu fachowego doradztwa i dostarczaniu rozwi\u0105za\u0144 dostosowanych do potrzeb naszych klient\u00f3w. Naszym celem jest budowanie d\u0142ugoterminowych, korzystnych dla obu stron relacji, kt\u00f3re przyczyniaj\u0105 si\u0119 do sukcesu ka\u017cdego projektu. Niezale\u017cnie od tego, czy szukasz innowacyjnych rozwi\u0105za\u0144 dla nowego przedsi\u0119wzi\u0119cia, czy potrzebujesz sta\u0142ego wsparcia dla istniej\u0105cego systemu, FMP jest gotowe pom\u00f3c Ci w pokonywaniu wyzwa\u0144 technicznych i zapewnieniu Ci ci\u0105g\u0142ego sukcesu.<\/p>\n<p><img loading=\"lazy\" decoding=\"async\" class=\"alignnone wp-image-2695\" src=\"https:\/\/fmp-components.com\/wp-content\/uploads\/2025\/01\/agricultural-gearbox3.webp\" alt=\"skrzynia bieg\u00f3w rolnicza\" width=\"1140\" height=\"1138\" title=\"\" srcset=\"https:\/\/fmp-components.com\/wp-content\/uploads\/2025\/01\/agricultural-gearbox3.webp 1140w, https:\/\/fmp-components.com\/wp-content\/uploads\/2025\/01\/agricultural-gearbox3-480x479.webp 480w\" sizes=\"(min-width: 0px) and (max-width: 480px) 480px, (min-width: 481px) 1140px, 100vw\" \/><\/p>\n<p>Autor: CX<\/p>","protected":false},"excerpt":{"rendered":"<p>Rating Chart Drawing For 500 Series Shaft Rotation Alignment For 500 Series 500 Series Gearbox for Agricultural Machinery Features and Benefits: Two-Piece Aluminum Housing: Crafted with high-strength aluminum, the housing offers exceptional durability, corrosion resistance, and superior thermal capacity. This ensures optimal performance even under extreme operational conditions, making it highly suited for agricultural environments. [&hellip;]<\/p>","protected":false},"featured_media":3252,"comment_status":"open","ping_status":"closed","template":"","meta":{"_et_pb_use_builder":"","_et_pb_old_content":"","_et_gb_content_width":""},"product_brand":[],"product_cat":[78],"product_tag":[],"class_list":{"0":"post-3242","1":"product","2":"type-product","3":"status-publish","4":"has-post-thumbnail","6":"product_cat-gearbox-for-agricultural-machinery","8":"first","9":"instock","10":"shipping-taxable","11":"product-type-simple"},"_links":{"self":[{"href":"https:\/\/fmp-components.com\/pl\/wp-json\/wp\/v2\/product\/3242","targetHints":{"allow":["GET"]}}],"collection":[{"href":"https:\/\/fmp-components.com\/pl\/wp-json\/wp\/v2\/product"}],"about":[{"href":"https:\/\/fmp-components.com\/pl\/wp-json\/wp\/v2\/types\/product"}],"replies":[{"embeddable":true,"href":"https:\/\/fmp-components.com\/pl\/wp-json\/wp\/v2\/comments?post=3242"}],"wp:featuredmedia":[{"embeddable":true,"href":"https:\/\/fmp-components.com\/pl\/wp-json\/wp\/v2\/media\/3252"}],"wp:attachment":[{"href":"https:\/\/fmp-components.com\/pl\/wp-json\/wp\/v2\/media?parent=3242"}],"wp:term":[{"taxonomy":"product_brand","embeddable":true,"href":"https:\/\/fmp-components.com\/pl\/wp-json\/wp\/v2\/product_brand?post=3242"},{"taxonomy":"product_cat","embeddable":true,"href":"https:\/\/fmp-components.com\/pl\/wp-json\/wp\/v2\/product_cat?post=3242"},{"taxonomy":"product_tag","embeddable":true,"href":"https:\/\/fmp-components.com\/pl\/wp-json\/wp\/v2\/product_tag?post=3242"}],"curies":[{"name":"wp","href":"https:\/\/api.w.org\/{rel}","templated":true}]}}