{"id":3241,"date":"2025-01-06T00:37:34","date_gmt":"2025-01-06T00:37:34","guid":{"rendered":"https:\/\/fmp-components.com\/?page_id=8"},"modified":"2025-01-06T06:53:06","modified_gmt":"2025-01-06T06:53:06","slug":"gearbox-for-agricultural-machinery-200-series","status":"publish","type":"product","link":"https:\/\/fmp-components.com\/pl\/product\/gearbox-for-agricultural-machinery-200-series\/","title":{"rendered":"Przek\u0142adnia do maszyn rolniczych serii 200"},"content":{"rendered":"<h2>Tabela ocen<\/h2>\n<p><img loading=\"lazy\" decoding=\"async\" class=\"alignnone wp-image-3245\" src=\"https:\/\/fmp-components.com\/wp-content\/uploads\/2025\/01\/R200-rating-charts.webp\" alt=\"R200-tabele-ocen\" width=\"917\" height=\"863\" title=\"\" srcset=\"https:\/\/fmp-components.com\/wp-content\/uploads\/2025\/01\/R200-rating-charts.webp 441w, https:\/\/fmp-components.com\/wp-content\/uploads\/2025\/01\/R200-rating-charts-300x282.webp 300w, https:\/\/fmp-components.com\/wp-content\/uploads\/2025\/01\/R200-rating-charts-13x12.webp 13w\" sizes=\"(max-width: 917px) 100vw, 917px\" \/><\/p>\n<h3>Rysunek do serii 200<\/h3>\n<p><img loading=\"lazy\" decoding=\"async\" class=\"wp-image-3246 alignnone\" src=\"https:\/\/fmp-components.com\/wp-content\/uploads\/2025\/01\/200drawing.webp\" alt=\"200 rysunk\u00f3w\" width=\"876\" height=\"1134\" title=\"\" srcset=\"https:\/\/fmp-components.com\/wp-content\/uploads\/2025\/01\/200drawing.webp 876w, https:\/\/fmp-components.com\/wp-content\/uploads\/2025\/01\/200drawing-480x621.webp 480w\" sizes=\"(min-width: 0px) and (max-width: 480px) 480px, (min-width: 481px) 876px, 100vw\" \/><\/p>\n<h3>Wyr\u00f3wnanie obrot\u00f3w wa\u0142u dla serii 200<\/h3>\n<p><img loading=\"lazy\" decoding=\"async\" class=\"alignnone wp-image-3247\" src=\"https:\/\/fmp-components.com\/wp-content\/uploads\/2025\/01\/100shaft-1.webp\" alt=\"100 wa\u0142\u00f3w\" width=\"842\" height=\"255\" title=\"\" srcset=\"https:\/\/fmp-components.com\/wp-content\/uploads\/2025\/01\/100shaft-1.webp 360w, https:\/\/fmp-components.com\/wp-content\/uploads\/2025\/01\/100shaft-1-300x91.webp 300w, https:\/\/fmp-components.com\/wp-content\/uploads\/2025\/01\/100shaft-1-18x5.webp 18w\" sizes=\"(max-width: 842px) 100vw, 842px\" \/><\/p>\n<h3>Przek\u0142adnia serii 200 do maszyn rolniczych<\/h3>\n<p>Przek\u0142adnia serii 200 zosta\u0142a zaprojektowana z my\u015bl\u0105 o spe\u0142nieniu wysokich wymaga\u0144 maszyn rolniczych, oferuj\u0105c solidn\u0105 wydajno\u015b\u0107, zwi\u0119kszon\u0105 trwa\u0142o\u015b\u0107 i doskona\u0142\u0105 sprawno\u015b\u0107. Zaprojektowana do szerokiej gamy zastosowa\u0144 rolniczych, przek\u0142adnia ta \u0142\u0105czy precyzj\u0119 wykonania z wysokiej jako\u015bci materia\u0142ami, aby zapewni\u0107 najwy\u017csz\u0105 niezawodno\u015b\u0107 w trudnych warunkach.<\/p>\n<h4>Cechy:<\/h4>\n<ul>\n<li><strong>Dwucz\u0119\u015bciowa obudowa aluminiowa<\/strong>Wykonana z wytrzyma\u0142ego i lekkiego aluminium, dwucz\u0119\u015bciowa obudowa zapewnia <strong>wyj\u0105tkowa wytrzyma\u0142o\u015b\u0107<\/strong>, <strong>odporno\u015b\u0107 na korozj\u0119<\/strong>, I <strong>pojemno\u015b\u0107 cieplna<\/strong>, dzi\u0119ki czemu doskonale nadaje si\u0119 do stosowania w \u015brodowiskach rolniczych, w kt\u00f3rych powszechne jest nara\u017cenie na trudne warunki.<\/li>\n<li><strong>Obr\u00f3bka precyzyjna<\/strong>:Skrzynia bieg\u00f3w jest <strong>precyzyjnie obrobiony<\/strong> Aby zapewni\u0107 idealne zaz\u0119bienie i napi\u0119cie wst\u0119pne \u0142o\u017cysk, optymalizuj\u0105c wydajno\u015b\u0107 i zmniejszaj\u0105c zu\u017cycie. Ten skrupulatny proces gwarantuje niezawodn\u0105 i cich\u0105 prac\u0119 przez d\u0142ugi czas.<\/li>\n<li><strong>Kute ko\u0142a z\u0119bate o wielu prze\u0142o\u017ceniach<\/strong>:Skrzynia bieg\u00f3w serii 200 jest wyposa\u017cona w <strong>precyzyjnie kute ko\u0142a z\u0119bate<\/strong> dost\u0119pne w trzech proporcjach: <strong>1:1<\/strong>, <strong>1.5:1<\/strong>, I <strong>2:1<\/strong>zapewniaj\u0105c elastyczno\u015b\u0107 w r\u00f3\u017cnych zastosowaniach i gwarantuj\u0105c w\u0142a\u015bciw\u0105 r\u00f3wnowag\u0119 pr\u0119dko\u015bci i momentu obrotowego dla r\u00f3\u017cnych zada\u0144 rolniczych.<\/li>\n<li><strong>\u0141o\u017cyska sto\u017ckowe<\/strong>: <strong>\u0141o\u017cyska sto\u017ckowe<\/strong> s\u0105 zintegrowane z projektem, aby zapewni\u0107 zwi\u0119kszon\u0105 <strong>\u0142adowno\u015b\u0107<\/strong> I <strong>d\u0142u\u017csza \u017cywotno\u015b\u0107 \u0142o\u017cysk<\/strong>, zapewniaj\u0105c stabiln\u0105 prac\u0119 i trwa\u0142o\u015b\u0107 nawet przy du\u017cych obci\u0105\u017ceniach i du\u017cych napr\u0119\u017ceniach.<\/li>\n<li><strong>Wa\u0142 1\u2033 o wysokiej wytrzyma\u0142o\u015bci<\/strong>:Skrzynia bieg\u00f3w ma <strong>Wa\u0142 1-calowy<\/strong> zrobiony z <strong>stal o wysokiej wytrzyma\u0142o\u015bci<\/strong>, zaprojektowane do pracy w trudnych warunkach rolniczych, zapewniaj\u0105ce niezb\u0119dn\u0105 wytrzyma\u0142o\u015b\u0107 i niezawodno\u015b\u0107 do pracy w trudnych warunkach.<\/li>\n<li><strong>Smarowanie i testowanie szczelno\u015bci<\/strong>: Wst\u0119pnie wype\u0142nione <strong>Smar przek\u0142adniowy 80W90<\/strong>ka\u017cda skrzynia bieg\u00f3w jest dok\u0142adnie sprawdzana <strong>przetestowany pod k\u0105tem szczelno\u015bci<\/strong> przed wysy\u0142k\u0105, aby zapewni\u0107 w\u0142a\u015bciwe uszczelnienie i zagwarantowa\u0107 p\u0142ynne dzia\u0142anie bez \u017cadnych problem\u00f3w od samego pocz\u0105tku.<\/li>\n<li><strong>Waga<\/strong>Seria 200 wa\u017cy oko\u0142o <strong>od 12 do 15 funt\u00f3w.<\/strong>, w tym olej, zapewniaj\u0105c r\u00f3wnowag\u0119 mi\u0119dzy wytrzyma\u0142o\u015bci\u0105 i lekk\u0105 konstrukcj\u0105, aby zminimalizowa\u0107 obci\u0105\u017cenie sprz\u0119tu rolniczego.<\/li>\n<\/ul>\n<p>Przek\u0142adnia serii 200 to niezwykle wszechstronne rozwi\u0105zanie dla maszyn rolniczych, oferuj\u0105ce doskona\u0142e przenoszenie mocy, d\u0142ugotrwa\u0142\u0105 trwa\u0142o\u015b\u0107 i minimalne wymagania konserwacyjne. Niezale\u017cnie od tego, czy chodzi o upraw\u0119 roli, zbiory, czy inne zastosowania rolnicze, seria 200 gwarantuje p\u0142ynn\u0105 i wydajn\u0105 prac\u0119 w ka\u017cdych warunkach.<\/p>\n<p>Je\u015bli masz specyficzne wymagania lub potrzebujesz spersonalizowanego rozwi\u0105zania, FMP s\u0142u\u017cy fachow\u0105 porad\u0105 i dobiera rozwi\u0105zania na miar\u0119. Pozw\u00f3l nam zoptymalizowa\u0107 wydajno\u015b\u0107 Twoich maszyn rolniczych, dobieraj\u0105c odpowiedni\u0105 skrzyni\u0119 bieg\u00f3w do Twoich potrzeb.<\/p>\n<h2>O FMP<\/h2>\n<p>Firma FMP, z siedzib\u0105 g\u0142\u00f3wn\u0105 we W\u0142oszech, jest uznanym liderem w projektowaniu, rozwoju i produkcji wysokowydajnych przek\u0142adni, k\u0142ad\u0105c szczeg\u00f3lny nacisk na obs\u0142ug\u0119 sektora maszyn rolniczych. Uznana za zaanga\u017cowanie w precyzyjn\u0105 in\u017cynieri\u0119, innowacyjne rozwi\u0105zania i niezmienn\u0105 niezawodno\u015b\u0107, firma FMP zyska\u0142a renom\u0119 zaufanego partnera zar\u00f3wno w sektorze rolniczym, jak i przemys\u0142owym. Nasza r\u00f3\u017cnorodna oferta produkt\u00f3w obejmuje przek\u0142adnie projektowane na zam\u00f3wienie do kosiarek, wa\u0142\u00f3w odbioru mocy (WOM) i innych niezb\u0119dnych komponent\u00f3w, starannie wykonane, aby sprosta\u0107 unikalnym wymaganiom szerokiej gamy zastosowa\u0144.<\/p>\n<p>W FMP rozumiemy, \u017ce ka\u017cdy klient ma indywidualne wymagania i wyzwania. To motywuje nas do dostarczania rozwi\u0105za\u0144 szytych na miar\u0119, zar\u00f3wno dla pojedynczych komponent\u00f3w, jak i w pe\u0142ni zintegrowanych system\u00f3w. Dzi\u0119ki bliskiej wsp\u00f3\u0142pracy z naszymi klientami zapewniamy, \u017ce ka\u017cde rozwi\u0105zanie jest idealnie dopasowane do ich specyficznych potrzeb, optymalizuj\u0105c wydajno\u015b\u0107 i maksymalizuj\u0105c warto\u015b\u0107. Nasze zaanga\u017cowanie w zapewnianie terminowych odpowiedzi, profesjonalnego doradztwa i fachowej realizacji gwarantuje, \u017ce ka\u017cdy projekt jest realizowany z precyzj\u0105 i konsekwentnie osi\u0105ga najlepsze mo\u017cliwe rezultaty.<\/p>\n<p>Przywi\u0105zujemy du\u017c\u0105 wag\u0119 do jasnej i ci\u0105g\u0142ej komunikacji w ca\u0142ym procesie rozwoju produktu. Nasz zaanga\u017cowany zesp\u00f3\u0142 \u015bci\u015ble wsp\u00f3\u0142pracuje z klientami, aby dog\u0142\u0119bnie zrozumie\u0107 ich wymagania, oferuj\u0105c cenne spostrze\u017cenia i rekomendacje, kt\u00f3re pomagaj\u0105 osi\u0105gn\u0105\u0107 optymalne rezultaty. Niezale\u017cnie od tego, czy projektujemy nowatorskie produkty, czy realizujemy rutynowe zam\u00f3wienia, FMP niezmiennie dotrzymuje s\u0142owa, dostarczaj\u0105c wysokiej jako\u015bci, precyzyjnie zaprojektowane rozwi\u0105zania na czas i za ka\u017cdym razem. Naszym celem jest przekraczanie oczekiwa\u0144 klient\u00f3w, zapewniaj\u0105c wyj\u0105tkow\u0105 obs\u0142ug\u0119 i rezultaty w ka\u017cdym realizowanym przez nas projekcie.<\/p>\n<p>U podstaw FMP le\u017cy niez\u0142omne zaanga\u017cowanie w jako\u015b\u0107. Przestrzegamy najwy\u017cszych standard\u00f3w bran\u017cowych i wdra\u017camy rygorystyczne procesy kontroli jako\u015bci, aby zapewni\u0107, \u017ce ka\u017cdy produkt nie tylko spe\u0142nia, ale wr\u0119cz przewy\u017csza bran\u017cowe standardy. To zaanga\u017cowanie w d\u0105\u017cenie do doskona\u0142o\u015bci, w po\u0142\u0105czeniu z naszymi podstawowymi warto\u015bciami, takimi jak uczciwo\u015b\u0107, praca zespo\u0142owa i wytrwa\u0142o\u015b\u0107, pozwoli\u0142o nam zbudowa\u0107 d\u0142ugotrwa\u0142e, oparte na zaufaniu relacje z klientami w prawie 30 krajach na ca\u0142ym \u015bwiecie.<\/p>\n<p>FMP z pasj\u0105 buduje globalne partnerstwa, oferuj\u0105c fachowe doradztwo i dostosowane rozwi\u0105zania, kt\u00f3re ewoluuj\u0105 wraz ze zmieniaj\u0105cymi si\u0119 potrzebami naszych klient\u00f3w. Naszym celem jest budowanie d\u0142ugoterminowych, korzystnych dla obu stron relacji, kt\u00f3re nap\u0119dzaj\u0105 sukces ka\u017cdego projektu. Niezale\u017cnie od tego, czy potrzebujesz innowacyjnych rozwi\u0105za\u0144 dla nowej inicjatywy, czy sta\u0142ego wsparcia dla istniej\u0105cego systemu, FMP z zaanga\u017cowaniem pomo\u017ce Ci pokona\u0107 wyzwania techniczne i zapewni\u0107 Ci sta\u0142y sukces.<\/p>\n<p><img loading=\"lazy\" decoding=\"async\" class=\"alignnone wp-image-2695\" src=\"https:\/\/fmp-components.com\/wp-content\/uploads\/2025\/01\/agricultural-gearbox3.webp\" alt=\"skrzynia bieg\u00f3w rolnicza\" width=\"1140\" height=\"1138\" title=\"\" srcset=\"https:\/\/fmp-components.com\/wp-content\/uploads\/2025\/01\/agricultural-gearbox3.webp 1140w, https:\/\/fmp-components.com\/wp-content\/uploads\/2025\/01\/agricultural-gearbox3-480x479.webp 480w\" sizes=\"(min-width: 0px) and (max-width: 480px) 480px, (min-width: 481px) 1140px, 100vw\" \/><\/p>\n<p>Autor: CX<\/p>","protected":false},"excerpt":{"rendered":"<p>Rating Chart Drawing for 200 Series Shaft Rotation Alignment For 200 Series 200 Series Gearbox for Agricultural Machinery The 200 Series Gearbox is engineered to meet the demanding needs of agricultural machinery, offering robust performance, enhanced durability, and excellent efficiency. Built for a range of agricultural applications, this gearbox combines precision engineering with high-quality materials [&hellip;]<\/p>","protected":false},"featured_media":3244,"comment_status":"open","ping_status":"closed","template":"","meta":{"_et_pb_use_builder":"","_et_pb_old_content":"","_et_gb_content_width":""},"product_brand":[],"product_cat":[78],"product_tag":[],"class_list":{"0":"post-3241","1":"product","2":"type-product","3":"status-publish","4":"has-post-thumbnail","6":"product_cat-gearbox-for-agricultural-machinery","8":"first","9":"instock","10":"shipping-taxable","11":"product-type-simple"},"_links":{"self":[{"href":"https:\/\/fmp-components.com\/pl\/wp-json\/wp\/v2\/product\/3241","targetHints":{"allow":["GET"]}}],"collection":[{"href":"https:\/\/fmp-components.com\/pl\/wp-json\/wp\/v2\/product"}],"about":[{"href":"https:\/\/fmp-components.com\/pl\/wp-json\/wp\/v2\/types\/product"}],"replies":[{"embeddable":true,"href":"https:\/\/fmp-components.com\/pl\/wp-json\/wp\/v2\/comments?post=3241"}],"wp:featuredmedia":[{"embeddable":true,"href":"https:\/\/fmp-components.com\/pl\/wp-json\/wp\/v2\/media\/3244"}],"wp:attachment":[{"href":"https:\/\/fmp-components.com\/pl\/wp-json\/wp\/v2\/media?parent=3241"}],"wp:term":[{"taxonomy":"product_brand","embeddable":true,"href":"https:\/\/fmp-components.com\/pl\/wp-json\/wp\/v2\/product_brand?post=3241"},{"taxonomy":"product_cat","embeddable":true,"href":"https:\/\/fmp-components.com\/pl\/wp-json\/wp\/v2\/product_cat?post=3241"},{"taxonomy":"product_tag","embeddable":true,"href":"https:\/\/fmp-components.com\/pl\/wp-json\/wp\/v2\/product_tag?post=3241"}],"curies":[{"name":"wp","href":"https:\/\/api.w.org\/{rel}","templated":true}]}}