{"id":3134,"date":"2025-01-05T02:56:27","date_gmt":"2025-01-05T02:56:27","guid":{"rendered":"https:\/\/fmp-components.com\/?page_id=8"},"modified":"2025-01-05T02:56:28","modified_gmt":"2025-01-05T02:56:28","slug":"agricultural-potato-harvester-gearbox-for-harvesting-potato","status":"publish","type":"product","link":"https:\/\/fmp-components.com\/pl\/product\/agricultural-potato-harvester-gearbox-for-harvesting-potato\/","title":{"rendered":"Przek\u0142adnia kombajnu do zbioru ziemniak\u00f3w"},"content":{"rendered":"<p><img loading=\"lazy\" decoding=\"async\" class=\"alignnone size-full wp-image-3135\" src=\"https:\/\/fmp-components.com\/wp-content\/uploads\/2025\/01\/0_Potato-Harvester-Gearbox-6.webp\" alt=\"Skrzynia bieg\u00f3w do kombajnu do ziemniak\u00f3w\" width=\"1534\" height=\"1138\" title=\"\" srcset=\"https:\/\/fmp-components.com\/wp-content\/uploads\/2025\/01\/0_Potato-Harvester-Gearbox-6.webp 1534w, https:\/\/fmp-components.com\/wp-content\/uploads\/2025\/01\/0_Potato-Harvester-Gearbox-6-1280x950.webp 1280w, https:\/\/fmp-components.com\/wp-content\/uploads\/2025\/01\/0_Potato-Harvester-Gearbox-6-980x727.webp 980w, https:\/\/fmp-components.com\/wp-content\/uploads\/2025\/01\/0_Potato-Harvester-Gearbox-6-480x356.webp 480w\" sizes=\"(min-width: 0px) and (max-width: 480px) 480px, (min-width: 481px) and (max-width: 980px) 980px, (min-width: 981px) and (max-width: 1280px) 1280px, (min-width: 1281px) 1534px, 100vw\" \/><\/p>\n<h2>Specyfikacja produktu:<\/h2>\n<p>&nbsp;<\/p>\n<table border=\"1\" width=\"100%\" cellspacing=\"0\" cellpadding=\"0\">\n<tbody>\n<tr>\n<td width=\"193\">Nazwa produktu<\/td>\n<td width=\"461\">Skrzynia bieg\u00f3w kombajnu do ziemniak\u00f3w<\/td>\n<\/tr>\n<tr>\n<td>Tworzywo<\/td>\n<td>\u017belazo<\/td>\n<\/tr>\n<tr>\n<td>Typ<\/td>\n<td>FMP-LLTC-14<\/td>\n<\/tr>\n<tr>\n<td>Kolor<\/td>\n<td>Personalizacja<\/td>\n<\/tr>\n<tr>\n<td>Moc znamionowa<\/td>\n<td>15 kW<\/td>\n<\/tr>\n<tr>\n<td>Stosunek<\/td>\n<td>1:3.92<\/td>\n<\/tr>\n<tr>\n<td>Gwarancja<\/td>\n<td>P\u00f3\u0142tora roku<\/td>\n<\/tr>\n<tr>\n<td>U\u017cywany<\/td>\n<td>Kombajn do ziemniak\u00f3w<\/td>\n<\/tr>\n<\/tbody>\n<\/table>\n<h2>Zalety przek\u0142adni do kombajnu do zbioru ziemniak\u00f3w<\/h2>\n<p>Przek\u0142adnia do kombajnu do zbioru ziemniak\u00f3w jest kluczowym elementem nowoczesnych maszyn rolniczych, zapewniaj\u0105c szereg korzy\u015bci, kt\u00f3re zwi\u0119kszaj\u0105 wydajno\u015b\u0107, efektywno\u015b\u0107 i trwa\u0142o\u015b\u0107 zbior\u00f3w ziemniak\u00f3w. Poni\u017cej przedstawiono kilka kluczowych zalet stosowania przek\u0142adni do kombajnu do zbioru ziemniak\u00f3w:<\/p>\n<p><strong>1. Zoptymalizowane przenoszenie mocy<\/strong><\/p>\n<ul>\n<li>Przek\u0142adnie kombajn\u00f3w do zbioru ziemniak\u00f3w zosta\u0142y zaprojektowane tak, aby efektywnie przenosi\u0107 moc z WOM (wa\u0142u odbioru mocy) ci\u0105gnika na r\u00f3\u017cne podzespo\u0142y kombajnu. Zapewnia to p\u0142ynn\u0105 prac\u0119 i sta\u0142\u0105 wydajno\u015b\u0107, szczeg\u00f3lnie podczas pracy z du\u017cymi obci\u0105\u017ceniami w trudnych warunkach polowych.<\/li>\n<\/ul>\n<p><strong>2. Zwi\u0119kszona trwa\u0142o\u015b\u0107<\/strong><\/p>\n<ul>\n<li>Przek\u0142adnie do kombajn\u00f3w do zbioru ziemniak\u00f3w, zaprojektowane z my\u015bl\u0105 o trudnych warunkach rolniczych, charakteryzuj\u0105 si\u0119 wysok\u0105 trwa\u0142o\u015bci\u0105. Zastosowanie materia\u0142\u00f3w o wysokiej wytrzyma\u0142o\u015bci i precyzja wykonania gwarantuj\u0105, \u017ce wytrzymaj\u0105 obci\u0105\u017cenia i obci\u0105\u017cenia zwi\u0105zane z ci\u0105g\u0142\u0105 prac\u0105 w polu, zmniejszaj\u0105c ryzyko awarii i wyd\u0142u\u017caj\u0105c \u017cywotno\u015b\u0107 maszyny.<\/li>\n<\/ul>\n<p><strong>3. Precyzja i wydajno\u015b\u0107<\/strong><\/p>\n<ul>\n<li>Przek\u0142adnia w kombajnie do zbioru ziemniak\u00f3w zosta\u0142a zaprojektowana w celu zapewnienia precyzyjnej kontroli nad r\u00f3\u017cnymi mechanizmami zaanga\u017cowanymi w zbi\u00f3r, takimi jak kopanie, oddzielanie i transport ziemniak\u00f3w. Optymalizuj\u0105c pr\u0119dko\u015b\u0107 obrotow\u0105 i moment obrotowy, przek\u0142adnia pomaga utrzyma\u0107 wydajn\u0105 prac\u0119, zapobiegaj\u0105c stratom i zapewniaj\u0105c zbi\u00f3r ziemniak\u00f3w z minimalnymi uszkodzeniami.<\/li>\n<\/ul>\n<p><strong>4. Ekonomiczna konserwacja<\/strong><\/p>\n<ul>\n<li>Przek\u0142adnie kombajn\u00f3w do ziemniak\u00f3w zaprojektowano z my\u015bl\u0105 o \u0142atwej konserwacji, co pozwala obni\u017cy\u0107 og\u00f3lne koszty eksploatacji. Przy odpowiedniej piel\u0119gnacji i serwisowaniu przek\u0142adnie te mog\u0105 s\u0142u\u017cy\u0107 d\u0142u\u017cej, zmniejszaj\u0105c tym samym potrzeb\u0119 cz\u0119stych wymian. Ich modu\u0142owa konstrukcja u\u0142atwia r\u00f3wnie\u017c naprawy, minimalizuj\u0105c przestoje w sezonie zbior\u00f3w.<\/li>\n<\/ul>\n<p><strong>5. Wszechstronno\u015b\u0107 i zdolno\u015b\u0107 adaptacji<\/strong><\/p>\n<ul>\n<li>Wiele przek\u0142adni do kombajn\u00f3w do zbioru ziemniak\u00f3w jest projektowanych z my\u015bl\u0105 o wszechstronno\u015bci, umo\u017cliwiaj\u0105c dostosowanie do r\u00f3\u017cnych modeli kombajn\u00f3w i zr\u00f3\u017cnicowanych warunk\u00f3w polowych. Ta elastyczno\u015b\u0107 gwarantuje, \u017ce mo\u017cna je stosowa\u0107 w wielu rodzajach dzia\u0142alno\u015bci, zapewniaj\u0105c korzy\u015bci rolnikom o zr\u00f3\u017cnicowanych potrzebach.<\/li>\n<\/ul>\n<p>Wybieraj\u0105c wysokiej jako\u015bci przek\u0142adnie do kombajn\u00f3w do zbioru ziemniak\u00f3w, rolnicy mog\u0105 zmaksymalizowa\u0107 wydajno\u015b\u0107, obni\u017cy\u0107 koszty operacyjne i zapewni\u0107 d\u0142ugowieczno\u015b\u0107 swojego sprz\u0119tu. Przek\u0142adnia jest niezb\u0119dnym elementem zapewniaj\u0105cym p\u0142ynn\u0105 i wydajn\u0105 prac\u0119 przez ca\u0142y sezon zbior\u00f3w.<\/p>\n<table style=\"border-collapse: collapse; width: 100.404%; height: 407px;\" border=\"0\" width=\"128\" cellspacing=\"0\" cellpadding=\"0\">\n<tbody>\n<tr style=\"height: 13.8pt;\">\n<td style=\"height: 13.8pt; width: 40.9032%;\" align=\"right\" width=\"64\" height=\"18\"><img loading=\"lazy\" decoding=\"async\" class=\"alignnone size-full wp-image-3137\" src=\"https:\/\/fmp-components.com\/wp-content\/uploads\/2025\/01\/0_Potato-Harvester-Gearbox-22.webp\" alt=\"Skrzynia bieg\u00f3w do kombajnu do ziemniak\u00f3w\" width=\"800\" height=\"800\" title=\"\" srcset=\"https:\/\/fmp-components.com\/wp-content\/uploads\/2025\/01\/0_Potato-Harvester-Gearbox-22.webp 800w, https:\/\/fmp-components.com\/wp-content\/uploads\/2025\/01\/0_Potato-Harvester-Gearbox-22-480x480.webp 480w\" sizes=\"(min-width: 0px) and (max-width: 480px) 480px, (min-width: 481px) 800px, 100vw\" \/><\/td>\n<td style=\"width: 58.9782%;\" align=\"right\" width=\"64\"><img loading=\"lazy\" decoding=\"async\" class=\"alignnone  wp-image-3136\" src=\"https:\/\/fmp-components.com\/wp-content\/uploads\/2025\/01\/0_Potato-Harvester-Gearbox-7.webp\" alt=\"Skrzynia bieg\u00f3w do kombajnu do ziemniak\u00f3w\" width=\"547\" height=\"376\" title=\"\" srcset=\"https:\/\/fmp-components.com\/wp-content\/uploads\/2025\/01\/0_Potato-Harvester-Gearbox-7.webp 547w, https:\/\/fmp-components.com\/wp-content\/uploads\/2025\/01\/0_Potato-Harvester-Gearbox-7-480x330.webp 480w\" sizes=\"(min-width: 0px) and (max-width: 480px) 480px, (min-width: 481px) 547px, 100vw\" \/><\/td>\n<\/tr>\n<\/tbody>\n<\/table>\n<h2>Zasada dzia\u0142ania przek\u0142adni kombajnu do zbioru ziemniak\u00f3w nap\u0119dzanego WOM ci\u0105gnika<\/h2>\n<p>Przek\u0142adnia kombajnu do zbioru ziemniak\u00f3w nap\u0119dzana WOM odgrywa kluczow\u0105 rol\u0119 w efektywnym przenoszeniu mocy z wa\u0142u odbioru mocy (WOM) ci\u0105gnika na r\u00f3\u017cne mechanizmy bior\u0105ce udzia\u0142 w zbiorze ziemniak\u00f3w. Przek\u0142adnia zapewnia optymaln\u0105 wydajno\u015b\u0107 kombajnu poprzez regulacj\u0119 i dystrybucj\u0119 mocy do r\u00f3\u017cnych cz\u0119\u015bci maszyny, umo\u017cliwiaj\u0105c p\u0142ynn\u0105, wydajn\u0105 i niezawodn\u0105 prac\u0119. Poni\u017cej przedstawiono zasad\u0119 dzia\u0142ania przek\u0142adni kombajnu do zbioru ziemniak\u00f3w nap\u0119dzanej WOM:<\/p>\n<p><strong>1. Przeniesienie mocy z ci\u0105gnika do skrzyni bieg\u00f3w<\/strong><\/p>\n<ul>\n<li>Za\u0142\u0105czanie wa\u0142u odbioru mocy (WOM): Proces rozpoczyna si\u0119 od przekazania mocy silnika ci\u0105gnika przez wa\u0142 odbioru mocy (WOM). Uk\u0142ad WOM ci\u0105gnika generuje moc mechaniczn\u0105 (moment obrotowy) i przekazuje j\u0105 poprzez wa\u0142 odbioru mocy po\u0142\u0105czony ze skrzyni\u0105 bieg\u00f3w kombajnu.<\/li>\n<li>Moc obrotowa: Podczas pracy silnika ci\u0105gnika, wa\u0142 odbioru mocy (WOM) obraca si\u0119 z ustalon\u0105 pr\u0119dko\u015bci\u0105 (zwykle oko\u0142o 540 lub 1000 obr.\/min, w zale\u017cno\u015bci od ci\u0105gnika). Ta moc obrotowa jest nast\u0119pnie przekazywana do skrzyni bieg\u00f3w, gdzie jest przetwarzana i redystrybuowana do r\u00f3\u017cnych podzespo\u0142\u00f3w kombajnu do zbioru ziemniak\u00f3w.<\/li>\n<\/ul>\n<p><strong>2. Rozdzia\u0142 mocy w skrzyni bieg\u00f3w<\/strong><\/p>\n<ul>\n<li>Redukcja i regulacja pr\u0119dko\u015bci: Podstawow\u0105 funkcj\u0105 przek\u0142adni jest redukcja pr\u0119dko\u015bci obrotowej wa\u0142u odbioru mocy (WOM) do poziomu odpowiedniego dla mechanizm\u00f3w roboczych kombajnu. WOM ci\u0105gnika zazwyczaj pracuje z wy\u017cszymi pr\u0119dko\u015bciami (np. 540 obr.\/min), ale r\u00f3\u017cne funkcje kombajnu, takie jak kopanie, czyszczenie i systemy przeno\u015bnik\u00f3w, wymagaj\u0105 ni\u017cszych pr\u0119dko\u015bci. Przek\u0142adnia wykorzystuje kombinacj\u0119 k\u00f3\u0142 z\u0119batych (takich jak przek\u0142adnie planetarne, sto\u017ckowe lub \u015brubowe), aby zmniejszy\u0107 pr\u0119dko\u015b\u0107 wej\u015bciow\u0105 i zapewni\u0107 prawid\u0142ow\u0105 prac\u0119 ka\u017cdej cz\u0119\u015bci.<\/li>\n<li>Zwi\u0119kszenie momentu obrotowego: Opr\u00f3cz redukcji pr\u0119dko\u015bci, przek\u0142adnia cz\u0119sto zwi\u0119ksza moment obrotowy, aby zapewni\u0107 niezb\u0119dn\u0105 moc do kopania, podnoszenia i oddzielania ziemniak\u00f3w od gleby. Zwi\u0119kszony moment obrotowy jest niezb\u0119dny do zasilania uk\u0142ad\u00f3w mechanicznych kombajnu, szczeg\u00f3lnie podczas pracy w trudnych warunkach glebowych.<\/li>\n<\/ul>\n<p><strong>3. Przenoszenie mocy do r\u00f3\u017cnych komponent\u00f3w<\/strong><\/p>\n<ul>\n<li>Mechanizm kopania: Przek\u0142adnia przekazuje moc do element\u00f3w kopi\u0105cych, kt\u00f3re sk\u0142adaj\u0105 si\u0119 z zestawu obracaj\u0105cych si\u0119 ostrzy lub ko\u0144c\u00f3wek lemieszy, kt\u00f3re spulchniaj\u0105 gleb\u0119 i wykopuj\u0105 ziemniaki. Ruch obrotowy jest zazwyczaj przenoszony za pomoc\u0105 \u0142a\u0144cucha, pasa lub wa\u0142u.<\/li>\n<li>System przeno\u015bnik\u00f3w: Moc z przek\u0142adni nap\u0119dza r\u00f3wnie\u017c ta\u015bmoci\u0105g lub podno\u015bnik, kt\u00f3ry transportuje zebrane ziemniaki z gleby do system\u00f3w czyszczenia i separacji. System przeno\u015bnik\u00f3w wymaga stabilnego i wydajnego przeniesienia mocy, aby przemieszcza\u0107 ziemniaki bez ich uszkadzania.<\/li>\n<li>Mechanizm separacji i czyszczenia: Przek\u0142adnia nap\u0119dza system czyszcz\u0105cy, kt\u00f3ry cz\u0119sto zawiera wibruj\u0105ce sita lub obracaj\u0105ce si\u0119 b\u0119bny, kt\u00f3re oddzielaj\u0105 ziemi\u0119, kamienie i zanieczyszczenia od ziemniak\u00f3w. Dzi\u0119ki temu do przechowywania lub transportu zbierane s\u0105 wy\u0142\u0105cznie czyste ziemniaki.<\/li>\n<li>Dodatkowe systemy: W zale\u017cno\u015bci od modelu kombajnu, przek\u0142adnia mo\u017ce r\u00f3wnie\u017c nap\u0119dza\u0107 inne systemy, takie jak mechanizmy podnosz\u0105ce, urz\u0105dzenia do przesiewania gleby lub narz\u0119dzia pomocnicze, kt\u00f3re maj\u0105 na celu zwi\u0119kszenie og\u00f3lnej wydajno\u015bci zbior\u00f3w.<\/li>\n<\/ul>\n<p><strong>4. Regulacja pr\u0119dko\u015bci zmiennej (je\u015bli dotyczy)<\/strong><\/p>\n<ul>\n<li>Niekt\u00f3re zaawansowane przek\u0142adnie kombajn\u00f3w do zbioru ziemniak\u00f3w posiadaj\u0105 funkcj\u0119 p\u0142ynnej regulacji pr\u0119dko\u015bci, kt\u00f3ra pozwala operatorom dostosowa\u0107 pr\u0119dko\u015b\u0107 poszczeg\u00f3lnych podzespo\u0142\u00f3w (np. przeno\u015bnik\u00f3w ta\u015bmowych lub mechanizm\u00f3w kopi\u0105cych) do r\u00f3\u017cnych warunk\u00f3w polowych. Funkcja ta optymalizuje prac\u0119 kombajnu, zapewniaj\u0105c wi\u0119ksz\u0105 kontrol\u0119 nad wydajno\u015bci\u0105, gwarantuj\u0105c maksymaln\u0105 wydajno\u015b\u0107 w r\u00f3\u017cnych rodzajach gleby i warunkach polowych.<\/li>\n<\/ul>\n<p><strong>5. Wydajno\u015b\u0107 i synchronizacja<\/strong><\/p>\n<ul>\n<li>Przek\u0142adnia zapewnia idealn\u0105 synchronizacj\u0119 pracy wszystkich podzespo\u0142\u00f3w kombajnu do zbioru ziemniak\u00f3w, umo\u017cliwiaj\u0105c maszynie prac\u0119 z maksymaln\u0105 wydajno\u015bci\u0105. Reguluj\u0105c moment obrotowy i pr\u0119dko\u015b\u0107 obrotow\u0105 poszczeg\u00f3lnych podzespo\u0142\u00f3w, przek\u0142adnia zapewnia zr\u00f3wnowa\u017cony i wydajny proces kopania, transportu i czyszczenia, minimalizuj\u0105c straty energii i optymalizuj\u0105c zu\u017cycie paliwa.<\/li>\n<\/ul>\n<p>Zasada dzia\u0142ania przek\u0142adni kombajnu do zbioru ziemniak\u00f3w nap\u0119dzanej przez WOM opiera si\u0119 na efektywnym przekszta\u0142caniu wysokiej pr\u0119dko\u015bci wyj\u015bciowej WOM ci\u0105gnika w kontrolowan\u0105, niezawodn\u0105 moc wymagan\u0105 do realizacji r\u00f3\u017cnych funkcji zbioru, optymalizuj\u0105c w ten spos\u00f3b og\u00f3ln\u0105 wydajno\u015b\u0107 maszyny.<\/p>\n<p><img loading=\"lazy\" decoding=\"async\" class=\"size-full wp-image-3138 aligncenter\" src=\"https:\/\/fmp-components.com\/wp-content\/uploads\/2025\/01\/0_Potato-Harvester-Gearbox-23.webp\" alt=\"Skrzynia bieg\u00f3w do kombajnu do ziemniak\u00f3w\" width=\"800\" height=\"800\" title=\"\" srcset=\"https:\/\/fmp-components.com\/wp-content\/uploads\/2025\/01\/0_Potato-Harvester-Gearbox-23.webp 800w, https:\/\/fmp-components.com\/wp-content\/uploads\/2025\/01\/0_Potato-Harvester-Gearbox-23-480x480.webp 480w\" sizes=\"(min-width: 0px) and (max-width: 480px) 480px, (min-width: 481px) 800px, 100vw\" \/><\/p>\n<h3>O FMP<\/h3>\n<p>Firma FMP z siedzib\u0105 we W\u0142oszech jest wiod\u0105cym producentem specjalizuj\u0105cym si\u0119 w projektowaniu, rozwoju i produkcji wysokowydajnych przek\u0142adni, ze szczeg\u00f3lnym uwzgl\u0119dnieniem sektora maszyn rolniczych. Znana z precyzyjnej in\u017cynierii, innowacyjnych rozwi\u0105za\u0144 i wysokiej niezawodno\u015bci, firma FMP zbudowa\u0142a siln\u0105 reputacj\u0119 jako zaufany partner zar\u00f3wno na rynku rolniczym, jak i przemys\u0142owym. Nasze bogate portfolio produkt\u00f3w obejmuje przek\u0142adnie projektowane na zam\u00f3wienie do kosiarek, wa\u0142\u00f3w odbioru mocy (WOM) oraz szereg niezb\u0119dnych komponent\u00f3w, z kt\u00f3rych ka\u017cdy jest starannie wykonany, aby sprosta\u0107 unikalnym wymaganiom r\u00f3\u017cnych zastosowa\u0144.<\/p>\n<p>W FMP zdajemy sobie spraw\u0119, \u017ce ka\u017cdy klient stoi przed innymi wyzwaniami. Ta wiedza motywuje nas do dostarczania rozwi\u0105za\u0144 szytych na miar\u0119, zar\u00f3wno dla pojedynczych komponent\u00f3w, jak i w pe\u0142ni zintegrowanych system\u00f3w. Dzi\u0119ki bliskiej wsp\u00f3\u0142pracy z naszymi klientami dbamy o to, aby ka\u017cde rozwi\u0105zanie nie tylko spe\u0142nia\u0142o ich specyficzne potrzeby, ale tak\u017ce zwi\u0119ksza\u0142o wydajno\u015b\u0107 i maksymalizowa\u0142o warto\u015b\u0107. Nasze nastawienie na szybk\u0105, profesjonaln\u0105 odpowied\u017a i fachowe doradztwo gwarantuje, \u017ce ka\u017cde zapytanie jest rozpatrywane precyzyjnie, gwarantuj\u0105c najlepsze rezultaty za ka\u017cdym razem.<\/p>\n<p>K\u0142adziemy nacisk na ci\u0105g\u0142\u0105 i transparentn\u0105 komunikacj\u0119 w ca\u0142ym procesie rozwoju produktu. Nasz zaanga\u017cowany zesp\u00f3\u0142 \u015bci\u015ble wsp\u00f3\u0142pracuje z klientami, aby dog\u0142\u0119bnie zrozumie\u0107 ich potrzeby i dostarcza\u0107 im cennych informacji oraz rekomendacji, kt\u00f3re pomog\u0105 im osi\u0105gn\u0105\u0107 optymalne rezultaty. Niezale\u017cnie od tego, czy opracowujemy nowatorskie produkty, czy realizujemy rutynowe zam\u00f3wienia, FMP dok\u0142ada wszelkich stara\u0144, aby dostarcza\u0107 wysokiej jako\u015bci, precyzyjnie zaprojektowane rozwi\u0105zania, terminowo i bez kompromis\u00f3w. Nasz\u0105 misj\u0105 jest konsekwentne przekraczanie oczekiwa\u0144 klient\u00f3w, zapewniaj\u0105c wyj\u0105tkow\u0105 obs\u0142ug\u0119 i wyj\u0105tkowe rezultaty w ka\u017cdym projekcie.<\/p>\n<p>Jako\u015b\u0107 jest fundamentem dzia\u0142alno\u015bci FMP. Przestrzegamy najwy\u017cszych standard\u00f3w produkcyjnych i stosujemy rygorystyczne \u015brodki kontroli jako\u015bci, aby zapewni\u0107, \u017ce ka\u017cdy produkt nie tylko spe\u0142nia, ale wr\u0119cz przewy\u017csza standardy bran\u017cowe. To niezachwiane d\u0105\u017cenie do doskona\u0142o\u015bci, w po\u0142\u0105czeniu z naszymi podstawowymi warto\u015bciami, takimi jak uczciwo\u015b\u0107, praca zespo\u0142owa i wytrwa\u0142o\u015b\u0107, pozwoli\u0142o nam zbudowa\u0107 d\u0142ugotrwa\u0142e, oparte na zaufaniu relacje z klientami w prawie 30 krajach na ca\u0142ym \u015bwiecie.<\/p>\n<p>FMP zawsze ch\u0119tnie wspiera globalne partnerstwa, oferuj\u0105c fachowe doradztwo i rozwi\u0105zania dostosowane do zmieniaj\u0105cych si\u0119 potrzeb naszych klient\u00f3w. Zale\u017cy nam na budowaniu d\u0142ugoterminowych, korzystnych dla obu stron relacji, kt\u00f3re przyczyniaj\u0105 si\u0119 do sukcesu ka\u017cdego projektu. Niezale\u017cnie od tego, czy potrzebujesz innowacyjnych rozwi\u0105za\u0144 dla nowej inicjatywy, czy sta\u0142ego wsparcia dla istniej\u0105cego systemu, FMP jest gotowe pom\u00f3c Ci pokona\u0107 wyzwania techniczne i zapewni\u0107 Ci sta\u0142y sukces.<\/p>\n<p><img loading=\"lazy\" decoding=\"async\" class=\"alignnone wp-image-2695\" src=\"https:\/\/fmp-components.com\/wp-content\/uploads\/2025\/01\/agricultural-gearbox3.webp\" alt=\"skrzynia bieg\u00f3w rolnicza\" width=\"1140\" height=\"1138\" title=\"\" srcset=\"https:\/\/fmp-components.com\/wp-content\/uploads\/2025\/01\/agricultural-gearbox3.webp 1140w, https:\/\/fmp-components.com\/wp-content\/uploads\/2025\/01\/agricultural-gearbox3-480x479.webp 480w\" sizes=\"(min-width: 0px) and (max-width: 480px) 480px, (min-width: 481px) 1140px, 100vw\" \/><\/p>\n<p>Autor: CX<\/p>","protected":false},"excerpt":{"rendered":"<p>Product Specifications: &nbsp; Product Name Potato Harvester Gearbox Material Iron Type FMP-LLTC-14 Color Customization Rated Power 15KW Ratio 1:3.92 Warranty One and half year Used Potato harvester Advantages of Potato Harvester Gearbox The potato harvester gearbox is a vital component in modern agricultural machinery, providing several benefits that enhance the performance, efficiency, and durability of [&hellip;]<\/p>","protected":false},"featured_media":3139,"comment_status":"open","ping_status":"closed","template":"","meta":{"_et_pb_use_builder":"","_et_pb_old_content":"","_et_gb_content_width":""},"product_brand":[],"product_cat":[75],"product_tag":[],"class_list":{"0":"post-3134","1":"product","2":"type-product","3":"status-publish","4":"has-post-thumbnail","6":"product_cat-potato-harvester-gearbox","8":"first","9":"instock","10":"shipping-taxable","11":"product-type-simple"},"_links":{"self":[{"href":"https:\/\/fmp-components.com\/pl\/wp-json\/wp\/v2\/product\/3134","targetHints":{"allow":["GET"]}}],"collection":[{"href":"https:\/\/fmp-components.com\/pl\/wp-json\/wp\/v2\/product"}],"about":[{"href":"https:\/\/fmp-components.com\/pl\/wp-json\/wp\/v2\/types\/product"}],"replies":[{"embeddable":true,"href":"https:\/\/fmp-components.com\/pl\/wp-json\/wp\/v2\/comments?post=3134"}],"wp:featuredmedia":[{"embeddable":true,"href":"https:\/\/fmp-components.com\/pl\/wp-json\/wp\/v2\/media\/3139"}],"wp:attachment":[{"href":"https:\/\/fmp-components.com\/pl\/wp-json\/wp\/v2\/media?parent=3134"}],"wp:term":[{"taxonomy":"product_brand","embeddable":true,"href":"https:\/\/fmp-components.com\/pl\/wp-json\/wp\/v2\/product_brand?post=3134"},{"taxonomy":"product_cat","embeddable":true,"href":"https:\/\/fmp-components.com\/pl\/wp-json\/wp\/v2\/product_cat?post=3134"},{"taxonomy":"product_tag","embeddable":true,"href":"https:\/\/fmp-components.com\/pl\/wp-json\/wp\/v2\/product_tag?post=3134"}],"curies":[{"name":"wp","href":"https:\/\/api.w.org\/{rel}","templated":true}]}}