{"id":3129,"date":"2025-01-05T02:44:39","date_gmt":"2025-01-05T02:44:39","guid":{"rendered":"https:\/\/fmp-components.com\/?page_id=8"},"modified":"2025-01-05T02:44:39","modified_gmt":"2025-01-05T02:44:39","slug":"grain-auger-gearbox-fmp-2390-for-agricultural-grain-storage-and-transportation","status":"publish","type":"product","link":"https:\/\/fmp-components.com\/pl\/product\/grain-auger-gearbox-fmp-2390-for-agricultural-grain-storage-and-transportation\/","title":{"rendered":"Przek\u0142adnia \u015blimakowa do zbo\u017ca FMP-2390 do przechowywania i transportu zbo\u017ca rolniczego"},"content":{"rendered":"<h2>Specyfikacja przek\u0142adni \u015blimakowej do zbo\u017ca FMP-2390<\/h2>\n<p><img loading=\"lazy\" decoding=\"async\" class=\"alignnone size-full wp-image-3131\" src=\"https:\/\/fmp-components.com\/wp-content\/uploads\/2025\/01\/Grain-Auger-Gearbox-EP-2390-Dimension.webp\" alt=\"Przek\u0142adnia \u015blimakowa do zbo\u017ca EP-2390-wymiar\" width=\"1534\" height=\"1064\" title=\"\" srcset=\"https:\/\/fmp-components.com\/wp-content\/uploads\/2025\/01\/Grain-Auger-Gearbox-EP-2390-Dimension.webp 1534w, https:\/\/fmp-components.com\/wp-content\/uploads\/2025\/01\/Grain-Auger-Gearbox-EP-2390-Dimension-1280x888.webp 1280w, https:\/\/fmp-components.com\/wp-content\/uploads\/2025\/01\/Grain-Auger-Gearbox-EP-2390-Dimension-980x680.webp 980w, https:\/\/fmp-components.com\/wp-content\/uploads\/2025\/01\/Grain-Auger-Gearbox-EP-2390-Dimension-480x333.webp 480w\" sizes=\"(min-width: 0px) and (max-width: 480px) 480px, (min-width: 481px) and (max-width: 980px) 980px, (min-width: 981px) and (max-width: 1280px) 1280px, (min-width: 1281px) 1534px, 100vw\" \/><\/p>\n<table style=\"width: 95.8687%; height: 220px;\" border=\"1\" cellspacing=\"0\" cellpadding=\"0\">\n<tbody>\n<tr class=\"firstRow\">\n<td>Nazwa produktu<\/td>\n<td>Przek\u0142adnia \u015blimaka zbo\u017cowego FMP-2390<\/td>\n<\/tr>\n<tr>\n<td>Tworzywo<\/td>\n<td>Obudowa jak HT250, wa\u0142 jak 20CrMnTi<\/td>\n<\/tr>\n<tr>\n<td>Kolor<\/td>\n<td>Ciemny lub czerwony lub dostosowany<\/td>\n<\/tr>\n<tr>\n<td>Typ<\/td>\n<td>Przek\u0142adnia sto\u017ckowa<\/td>\n<\/tr>\n<tr>\n<td>Stosunek<\/td>\n<td>1:1<\/td>\n<\/tr>\n<tr>\n<td>\u0141o\u017cysko<\/td>\n<td>QC lub C&amp;U lub NTN<\/td>\n<\/tr>\n<tr>\n<td>Gwarancja<\/td>\n<td>p\u00f3\u0142tora roku<\/td>\n<\/tr>\n<tr>\n<td>U\u017cywany<\/td>\n<td>magazynowanie zbo\u017ca<\/td>\n<\/tr>\n<\/tbody>\n<\/table>\n<h3>Zastosowania przek\u0142adni \u015blimakowej do zbo\u017ca w magazynowaniu i transporcie zbo\u017ca<\/h3>\n<p>Przek\u0142adnie \u015blimak\u00f3w zbo\u017cowych odgrywaj\u0105 kluczow\u0105 rol\u0119 w efektywnym przemieszczaniu i obs\u0142udze ziarna podczas magazynowania i transportu. Poni\u017cej przedstawiono kluczowe zastosowania przek\u0142adni \u015blimak\u00f3w zbo\u017cowych w tych sektorach:<\/p>\n<ol>\n<li><strong>Silosy do przechowywania zbo\u017ca:<\/strong>\n<ul>\n<li><strong>Elewatory zbo\u017cowe:<\/strong> Przek\u0142adnia nap\u0119dza \u015blimaki u\u017cywane w elewatorach zbo\u017cowych, podnosz\u0105c ziarno na r\u00f3\u017cne poziomy w silosach. Sprawny transport ziarna jest niezb\u0119dny, aby zapobiec jego zlepianiu si\u0119 lub uszkodzeniom, zapewniaj\u0105c optymalne warunki przechowywania.<\/li>\n<li><strong>Systemy roz\u0142adunkowe:<\/strong> Przek\u0142adnie \u015blimakowe s\u0105 integraln\u0105 cz\u0119\u015bci\u0105 roz\u0142adunku ziarna z silos\u00f3w magazynowych do ci\u0119\u017car\u00f3wek, przeno\u015bnik\u00f3w lub innych system\u00f3w transportowych. Ich precyzja zapewnia p\u0142ynny i r\u00f3wnomierny przep\u0142yw ziarna, zapobiegaj\u0105c zatorom i op\u00f3\u017anieniom.<\/li>\n<\/ul>\n<\/li>\n<li><strong>Obiekty do obs\u0142ugi zbo\u017ca:<\/strong>\n<ul>\n<li><strong>Systemy przeno\u015bnikowe:<\/strong> W zak\u0142adach prze\u0142adunku zbo\u017ca, przek\u0142adnie \u015blimakowe s\u0142u\u017c\u0105 do nap\u0119dzania przeno\u015bnik\u00f3w \u015blimakowych, kt\u00f3re transportuj\u0105 ziarno przez r\u00f3\u017cne sekcje zak\u0142adu przetw\u00f3rczego. Zapewniaj\u0105 one szybki transport ziarna mi\u0119dzy strefami magazynowania, czyszczenia i mielenia.<\/li>\n<li><strong>Systemy suszenia:<\/strong> Przek\u0142adnie \u015blimak\u00f3w zbo\u017cowych s\u0105 stosowane w systemach suszenia, gdzie \u015blimaki przemieszczaj\u0105 ziarno przez komory suszenia, zapewniaj\u0105c sta\u0142y przep\u0142yw powietrza i redukcj\u0119 wilgotno\u015bci. Dzi\u0119ki temu ziarno pozostaje w optymalnym stanie do d\u0142ugotrwa\u0142ego przechowywania.<\/li>\n<\/ul>\n<\/li>\n<li><strong>Transport zbo\u017ca na rynek:<\/strong>\n<ul>\n<li><strong>Za\u0142adunek ci\u0119\u017car\u00f3wki:<\/strong> Przek\u0142adnie \u015blimakowe s\u0105 niezb\u0119dne w stacjach za\u0142adunku ci\u0119\u017car\u00f3wek, gdzie s\u0142u\u017c\u0105 do transportu ziarna z magazyn\u00f3w lub silos\u00f3w do ci\u0119\u017car\u00f3wek w celu dalszej dystrybucji. Przek\u0142adnia zapewnia p\u0142ynny, szybki i kontrolowany transport ziarna.<\/li>\n<li><strong>Obs\u0142uga du\u017cych ilo\u015bci zbo\u017ca:<\/strong> W zak\u0142adach zajmuj\u0105cych si\u0119 transportem zbo\u017ca na du\u017c\u0105 skal\u0119 przek\u0142adnie \u015blimakowe zapewniaj\u0105 moment obrotowy niezb\u0119dny do wydajnego transportu ziarna, minimalizuj\u0105c rozsypywanie i straty, a jednocze\u015bnie maksymalizuj\u0105c przepustowo\u015b\u0107.<\/li>\n<\/ul>\n<\/li>\n<li><strong>Przetwarzanie i mielenie zbo\u017ca:<\/strong>\n<ul>\n<li><strong>Systemy czyszcz\u0105ce:<\/strong> Przeno\u015bniki \u015blimakowe do ziarna nap\u0119dzane przek\u0142adniami s\u0105 stosowane w systemach czyszcz\u0105cych do przemieszczania ziarna przez r\u00f3\u017cnego rodzaju maszyny przesiewaj\u0105ce, sortuj\u0105ce i separuj\u0105ce. Przeno\u015bniki te pomagaj\u0105 usuwa\u0107 niepo\u017c\u0105dane zanieczyszczenia i zapewniaj\u0105, \u017ce ziarno jest gotowe do mielenia lub dalszego przetwarzania.<\/li>\n<li><strong>Jednostki frezuj\u0105ce:<\/strong> Przek\u0142adnie \u015blimakowe wspomagaj\u0105 r\u00f3wnie\u017c transport ziarna przez m\u0142yny, gdzie ziarno jest mielone na m\u0105k\u0119 lub przetwarzane do innych cel\u00f3w. Umo\u017cliwiaj\u0105 one r\u00f3wnomierne podawanie ziarna do m\u0142yn\u00f3w lub kruszarek.<\/li>\n<\/ul>\n<\/li>\n<li><strong>Zastosowanie w gospodarstwie:<\/strong>\n<ul>\n<li><strong>\u015awidry rolnicze:<\/strong> Do transportu ziarna z kombajn\u00f3w do silos\u00f3w magazynowych lub przyczep w gospodarstwach rolnych powszechnie stosuje si\u0119 przek\u0142adnie \u015blimakowe. Przek\u0142adnie zapewniaj\u0105 niezb\u0119dny moment obrotowy i kontrol\u0119 \u015blimak\u00f3w, dzi\u0119ki czemu s\u0105 one skuteczne w transporcie ziarna w sezonie \u017cniw.<\/li>\n<li><strong>Systemy zbiornik\u00f3w zbo\u017cowych:<\/strong> Przek\u0142adnie \u015blimakowe w silosach zbo\u017cowych u\u0142atwiaj\u0105 przemieszczanie ziarna do r\u00f3\u017cnych obszar\u00f3w gospodarstwa lub magazyn\u00f3w, zapewniaj\u0105c, \u017ce ziarno nie ulegnie uszkodzeniu w trakcie procesu transferu.<\/li>\n<\/ul>\n<\/li>\n<\/ol>\n<p>Dzi\u0119ki zastosowaniu przek\u0142adni \u015blimakowych do zbo\u017ca obiekty rolnicze i magazynowe mog\u0105 usprawni\u0107 swoje dzia\u0142ania, obni\u017cy\u0107 koszty operacyjne i utrzyma\u0107 wysokie standardy jako\u015bci ziarna.<\/p>\n<p><img loading=\"lazy\" decoding=\"async\" class=\"size-full wp-image-3132 aligncenter\" src=\"https:\/\/fmp-components.com\/wp-content\/uploads\/2025\/01\/Grain-Transportation-Gearbox-5.webp\" alt=\"Przek\u0142adnia transportu ziarna-5\" width=\"800\" height=\"800\" title=\"\" srcset=\"https:\/\/fmp-components.com\/wp-content\/uploads\/2025\/01\/Grain-Transportation-Gearbox-5.webp 800w, https:\/\/fmp-components.com\/wp-content\/uploads\/2025\/01\/Grain-Transportation-Gearbox-5-480x480.webp 480w\" sizes=\"(min-width: 0px) and (max-width: 480px) 480px, (min-width: 481px) 800px, 100vw\" \/><\/p>\n<h2>Kluczowe elementy przek\u0142adni \u015blimaka zbo\u017cowego<\/h2>\n<p>Przek\u0142adnia \u015blimaka zbo\u017cowego jest kluczowym elementem system\u00f3w rolniczych i magazynowych, poniewa\u017c zapewnia efektywny transport ziarna w r\u00f3\u017cnych procesach, takich jak transport, magazynowanie i mielenie. Kluczowe elementy przek\u0142adni \u015blimaka zbo\u017cowego zosta\u0142y zaprojektowane z my\u015bl\u0105 o trwa\u0142o\u015bci, wydajno\u015bci i efektywno\u015bci. Oto g\u0142\u00f3wne komponenty:<\/p>\n<ol>\n<li><strong>Obudowa (obudowa skrzyni bieg\u00f3w):<\/strong>\n<ul>\n<li>Zewn\u0119trzna obudowa chroni wewn\u0119trzne elementy przek\u0142adni. Zazwyczaj wykonana z materia\u0142\u00f3w o wysokiej wytrzyma\u0142o\u015bci, takich jak \u017celiwo lub trwa\u0142a stal, obudowa zapewnia, \u017ce \u200b\u200bprzek\u0142adnia wytrzyma trudne warunki panuj\u0105ce w rolnictwie, w tym nara\u017cenie na kurz, wilgo\u0107 i ekstremalne temperatury.<\/li>\n<\/ul>\n<\/li>\n<li><strong>Wa\u0142 wej\u015bciowy:<\/strong>\n<ul>\n<li>Wa\u0142 wej\u015bciowy to element, kt\u00f3ry odbiera moc ze \u017ar\u00f3d\u0142a nap\u0119du (np. silnika elektrycznego, WOM ci\u0105gnika lub silnika spalinowego). Przenosi on ruch obrotowy do przek\u0142adni, kt\u00f3ra nast\u0119pnie jest przekazywana do mechanizmu \u015blimakowego. Wa\u0142 wej\u015bciowy jest zaprojektowany do obs\u0142ugi du\u017cych pr\u0119dko\u015bci obrotowych i obci\u0105\u017ce\u0144 momentem obrotowym.<\/li>\n<\/ul>\n<\/li>\n<li><strong>Wa\u0142 wyj\u015bciowy:<\/strong>\n<ul>\n<li>Wa\u0142 wyj\u015bciowy jest po\u0142\u0105czony ze \u015blimakiem i przekazuje ruch obrotowy generowany przez przek\u0142adni\u0119 do samego \u015blimaka. Odgrywa on kluczow\u0105 rol\u0119 w zapewnieniu p\u0142ynnej pracy \u015blimaka i przemieszczania ziarna. Wa\u0142 wyj\u015bciowy jest zazwyczaj wyposa\u017cony w wytrzyma\u0142e \u0142o\u017cyska, kt\u00f3re przenosz\u0105 obci\u0105\u017cenie i zapobiegaj\u0105 zu\u017cyciu podczas d\u0142ugiej pracy.<\/li>\n<\/ul>\n<\/li>\n<li><strong>Ko\u0142a z\u0119bate:<\/strong>\n<ul>\n<li>Ko\u0142a z\u0119bate wewn\u0105trz przek\u0142adni to g\u0142\u00f3wne elementy odpowiedzialne za konwersj\u0119 momentu obrotowego i pr\u0119dko\u015bci wej\u015bciowej na po\u017c\u0105dan\u0105 moc wyj\u015bciow\u0105. Typowe typy k\u00f3\u0142 z\u0119batych stosowanych w przek\u0142adniach \u015blimak\u00f3w zbo\u017cowych to:\n<ul>\n<li><strong>Przek\u0142adnie \u015brubowe:<\/strong> Zapewniaj\u0105 p\u0142ynn\u0105 i cich\u0105 prac\u0119 oraz zwi\u0119kszon\u0105 wydajno\u015b\u0107.<\/li>\n<li><strong>Przek\u0142adnie walcowe:<\/strong> Prostsze i ta\u0144sze, ale zazwyczaj g\u0142o\u015bniejsze ni\u017c przek\u0142adnie \u015brubowe.<\/li>\n<li><strong>Przek\u0142adnie sto\u017ckowe:<\/strong> S\u0142u\u017cy do zmiany kierunku obrot\u00f3w, powszechnie spotykany w przek\u0142adniach k\u0105towych.<\/li>\n<\/ul>\n<\/li>\n<li>Wyb\u00f3r rodzaju przek\u0142adni zale\u017cy od wymaganego momentu obrotowego, pr\u0119dko\u015bci i trwa\u0142o\u015bci.<\/li>\n<\/ul>\n<\/li>\n<li><strong>Namiar:<\/strong>\n<ul>\n<li>\u0141o\u017cyska podtrzymuj\u0105 obracaj\u0105ce si\u0119 wa\u0142y w przek\u0142adni, minimalizuj\u0105c tarcie i zapewniaj\u0105c p\u0142ynn\u0105 prac\u0119. Maj\u0105 one kluczowe znaczenie dla zachowania stabilno\u015bci i zmniejszenia zu\u017cycia, szczeg\u00f3lnie przy du\u017cych obci\u0105\u017ceniach. Wysokiej jako\u015bci \u0142o\u017cyska s\u0105 dobierane w celu wyd\u0142u\u017cenia \u017cywotno\u015bci przek\u0142adni i ograniczenia konieczno\u015bci konserwacji.<\/li>\n<\/ul>\n<\/li>\n<\/ol>\n<p>Kluczowe elementy przek\u0142adni \u015blimaka zbo\u017cowego wsp\u00f3\u0142pracuj\u0105 ze sob\u0105, zapewniaj\u0105c wydajn\u0105 i niezawodn\u0105 prac\u0119 podczas transportu i transportu ziarna. Prawid\u0142owy dob\u00f3r, konserwacja i smarowanie tych element\u00f3w s\u0105 niezb\u0119dne dla zapewnienia optymalnej funkcjonalno\u015bci i d\u0142ugiej \u017cywotno\u015bci, co sprawia, \u017ce \u200b\u200bprzek\u0142adnia \u015blimaka zbo\u017cowego jest niezb\u0119dnym elementem nowoczesnych operacji rolniczych i magazynowych.<\/p>\n<p><img loading=\"lazy\" decoding=\"async\" class=\"alignnone size-full wp-image-3133\" src=\"https:\/\/fmp-components.com\/wp-content\/uploads\/2025\/01\/Grain-Transportation-Gearbox-6.webp\" alt=\"Przek\u0142adnia transportu ziarna 6\" width=\"1534\" height=\"1286\" title=\"\" srcset=\"https:\/\/fmp-components.com\/wp-content\/uploads\/2025\/01\/Grain-Transportation-Gearbox-6.webp 1534w, https:\/\/fmp-components.com\/wp-content\/uploads\/2025\/01\/Grain-Transportation-Gearbox-6-1280x1073.webp 1280w, https:\/\/fmp-components.com\/wp-content\/uploads\/2025\/01\/Grain-Transportation-Gearbox-6-980x822.webp 980w, https:\/\/fmp-components.com\/wp-content\/uploads\/2025\/01\/Grain-Transportation-Gearbox-6-480x402.webp 480w\" sizes=\"(min-width: 0px) and (max-width: 480px) 480px, (min-width: 481px) and (max-width: 980px) 980px, (min-width: 981px) and (max-width: 1280px) 1280px, (min-width: 1281px) 1534px, 100vw\" \/><\/p>\n<h2>O FMP<\/h2>\n<p>Firma FMP, z siedzib\u0105 g\u0142\u00f3wn\u0105 we W\u0142oszech, jest wiod\u0105cym producentem, znanym ze swojego do\u015bwiadczenia w projektowaniu, rozwoju i produkcji wysokowydajnych przek\u0142adni, koncentruj\u0105cym si\u0119 przede wszystkim na sektorze maszyn rolniczych. Znana z precyzyjnej in\u017cynierii, innowacyjnych rozwi\u0105za\u0144 i wysokiej niezawodno\u015bci, FMP zyska\u0142a reputacj\u0119 zaufanego partnera zar\u00f3wno na rynku rolniczym, jak i przemys\u0142owym. Nasza kompleksowa oferta obejmuje przek\u0142adnie projektowane na zam\u00f3wienie do kosiarek, wa\u0142\u00f3w odbioru mocy (WOM) oraz szerok\u0105 gam\u0119 niezb\u0119dnych komponent\u00f3w, starannie wykonanych, aby sprosta\u0107 specyficznym wymaganiom r\u00f3\u017cnych zastosowa\u0144.<\/p>\n<p>W FMP rozumiemy, \u017ce ka\u017cdy klient stoi przed wyj\u0105tkowymi wyzwaniami. Dlatego specjalizujemy si\u0119 w dostarczaniu rozwi\u0105za\u0144 szytych na miar\u0119, zar\u00f3wno dla pojedynczych komponent\u00f3w, jak i w pe\u0142ni zintegrowanych system\u00f3w. Dzi\u0119ki bliskiej wsp\u00f3\u0142pracy z naszymi klientami dbamy o to, aby ka\u017cde rozwi\u0105zanie nie tylko spe\u0142nia\u0142o ich potrzeby, ale tak\u017ce optymalizowa\u0142o wydajno\u015b\u0107 i maksymalizowa\u0142o warto\u015b\u0107. Nasze zaanga\u017cowanie w szybk\u0105, profesjonaln\u0105 obs\u0142ug\u0119 i fachowe doradztwo gwarantuje, \u017ce ka\u017cde zapytanie zostanie rozpatrzone precyzyjnie, zapewniaj\u0105c najlepsze rezultaty za ka\u017cdym razem.<\/p>\n<p>Priorytetem jest dla nas jasna i ci\u0105g\u0142a komunikacja w ca\u0142ym cyklu rozwoju produktu. Nasz zaanga\u017cowany zesp\u00f3\u0142 \u015bci\u015ble wsp\u00f3\u0142pracuje z klientami, aby dog\u0142\u0119bnie zrozumie\u0107 ich wymagania i dostarcza\u0107 im cennych spostrze\u017ce\u0144 oraz rekomendacji, kt\u00f3re pomog\u0105 im osi\u0105gn\u0105\u0107 optymalne rezultaty. Niezale\u017cnie od tego, czy projektujemy najnowocze\u015bniejsze produkty, czy realizujemy rutynowe zam\u00f3wienia, FMP dok\u0142ada wszelkich stara\u0144, aby dostarcza\u0107 wysokiej jako\u015bci, precyzyjnie zaprojektowane rozwi\u0105zania na czas i za ka\u017cdym razem. Nasz\u0105 misj\u0105 jest konsekwentne przekraczanie oczekiwa\u0144 klient\u00f3w, zapewniaj\u0105c wyj\u0105tkow\u0105 obs\u0142ug\u0119 i rezultaty w ka\u017cdym projekcie.<\/p>\n<p>Jako\u015b\u0107 jest sercem dzia\u0142alno\u015bci FMP. Przestrzegamy najwy\u017cszych standard\u00f3w produkcyjnych i wdra\u017camy rygorystyczne \u015brodki kontroli jako\u015bci, aby zapewni\u0107, \u017ce ka\u017cdy produkt spe\u0142nia, a cz\u0119sto przewy\u017csza standardy bran\u017cowe. To zaanga\u017cowanie w d\u0105\u017cenie do doskona\u0142o\u015bci, wraz z naszymi podstawowymi warto\u015bciami, takimi jak uczciwo\u015b\u0107, praca zespo\u0142owa i wytrwa\u0142o\u015b\u0107, pozwoli\u0142o nam zbudowa\u0107 d\u0142ugotrwa\u0142e, oparte na zaufaniu relacje z klientami w prawie 30 krajach na ca\u0142ym \u015bwiecie.<\/p>\n<p>FMP zawsze ch\u0119tnie nawi\u0105zuje globalne partnerstwa, oferuj\u0105c fachowe doradztwo i rozwi\u0105zania dostosowane do zmieniaj\u0105cych si\u0119 potrzeb naszych klient\u00f3w. D\u0105\u017cymy do budowania d\u0142ugoterminowych, korzystnych dla obu stron relacji, kt\u00f3re przyczyniaj\u0105 si\u0119 do sukcesu ka\u017cdego projektu. Niezale\u017cnie od tego, czy potrzebujesz innowacyjnych rozwi\u0105za\u0144 dla nowej inicjatywy, czy sta\u0142ego wsparcia dla istniej\u0105cego systemu, FMP jest gotowe pom\u00f3c Ci pokona\u0107 wyzwania techniczne i zapewni\u0107 Ci sta\u0142y sukces.<\/p>\n<p><img loading=\"lazy\" decoding=\"async\" class=\"alignnone wp-image-2695\" src=\"https:\/\/fmp-components.com\/wp-content\/uploads\/2025\/01\/agricultural-gearbox3.webp\" alt=\"skrzynia bieg\u00f3w rolnicza\" width=\"1140\" height=\"1138\" title=\"\" srcset=\"https:\/\/fmp-components.com\/wp-content\/uploads\/2025\/01\/agricultural-gearbox3.webp 1140w, https:\/\/fmp-components.com\/wp-content\/uploads\/2025\/01\/agricultural-gearbox3-480x479.webp 480w\" sizes=\"(min-width: 0px) and (max-width: 480px) 480px, (min-width: 481px) 1140px, 100vw\" \/><\/p>\n<p>Autor: CX<\/p>","protected":false},"excerpt":{"rendered":"<p>Grain Auger Gearbox FMP-2390 Specifications Product Name Grain auger gearbox FMP-2390 Material Housing as HT250, Shaft as 20CrMnTi Color Dark or Red or as customized Type Bevel gear Ratio 1:1 Bearing QC or C&amp;U or NTN Warranty one and half year Used grain storage Applications of Grain Auger Gearbox for Grain Storage and Transportation Grain [&hellip;]<\/p>","protected":false},"featured_media":3130,"comment_status":"open","ping_status":"closed","template":"","meta":{"_et_pb_use_builder":"","_et_pb_old_content":"","_et_gb_content_width":""},"product_brand":[],"product_cat":[74],"product_tag":[],"class_list":{"0":"post-3129","1":"product","2":"type-product","3":"status-publish","4":"has-post-thumbnail","6":"product_cat-grain-transportation-gearbox","8":"first","9":"instock","10":"shipping-taxable","11":"product-type-simple"},"_links":{"self":[{"href":"https:\/\/fmp-components.com\/pl\/wp-json\/wp\/v2\/product\/3129","targetHints":{"allow":["GET"]}}],"collection":[{"href":"https:\/\/fmp-components.com\/pl\/wp-json\/wp\/v2\/product"}],"about":[{"href":"https:\/\/fmp-components.com\/pl\/wp-json\/wp\/v2\/types\/product"}],"replies":[{"embeddable":true,"href":"https:\/\/fmp-components.com\/pl\/wp-json\/wp\/v2\/comments?post=3129"}],"wp:featuredmedia":[{"embeddable":true,"href":"https:\/\/fmp-components.com\/pl\/wp-json\/wp\/v2\/media\/3130"}],"wp:attachment":[{"href":"https:\/\/fmp-components.com\/pl\/wp-json\/wp\/v2\/media?parent=3129"}],"wp:term":[{"taxonomy":"product_brand","embeddable":true,"href":"https:\/\/fmp-components.com\/pl\/wp-json\/wp\/v2\/product_brand?post=3129"},{"taxonomy":"product_cat","embeddable":true,"href":"https:\/\/fmp-components.com\/pl\/wp-json\/wp\/v2\/product_cat?post=3129"},{"taxonomy":"product_tag","embeddable":true,"href":"https:\/\/fmp-components.com\/pl\/wp-json\/wp\/v2\/product_tag?post=3129"}],"curies":[{"name":"wp","href":"https:\/\/api.w.org\/{rel}","templated":true}]}}