{"id":3123,"date":"2025-01-05T02:34:03","date_gmt":"2025-01-05T02:34:03","guid":{"rendered":"https:\/\/fmp-components.com\/?page_id=8"},"modified":"2025-01-05T02:37:15","modified_gmt":"2025-01-05T02:37:15","slug":"grain-transportation-gearbox-fmp-1001-for-agricultural-grain-transportation","status":"publish","type":"product","link":"https:\/\/fmp-components.com\/pl\/product\/grain-transportation-gearbox-fmp-1001-for-agricultural-grain-transportation\/","title":{"rendered":"Przek\u0142adnia transportu ziarna FMP-1001 do transportu ziarna rolniczego"},"content":{"rendered":"<h2>Przek\u0142adnia transportu ziarna FMP-1001 Wymiary<\/h2>\n<p><img loading=\"lazy\" decoding=\"async\" class=\"alignnone size-full wp-image-3127\" src=\"https:\/\/fmp-components.com\/wp-content\/uploads\/2025\/01\/Grain-Transportation-Gearbox-EP-1001-Dimensions.webp\" alt=\"Przek\u0142adnia transportu ziarna EP-1001 - wymiary\" width=\"891\" height=\"593\" title=\"\" srcset=\"https:\/\/fmp-components.com\/wp-content\/uploads\/2025\/01\/Grain-Transportation-Gearbox-EP-1001-Dimensions.webp 891w, https:\/\/fmp-components.com\/wp-content\/uploads\/2025\/01\/Grain-Transportation-Gearbox-EP-1001-Dimensions-480x319.webp 480w\" sizes=\"(min-width: 0px) and (max-width: 480px) 480px, (min-width: 481px) 891px, 100vw\" \/><\/p>\n<h2>Specyfikacja przek\u0142adni do transportu ziarna FMP-1001<\/h2>\n<table border=\"1\" width=\"100%\" cellspacing=\"0\" cellpadding=\"0\">\n<tbody>\n<tr>\n<td>Nazwa produktu<\/td>\n<td>Przek\u0142adnia do transportu ziarna<\/td>\n<\/tr>\n<tr>\n<td>Model<\/td>\n<td>EP-1001<\/td>\n<\/tr>\n<tr>\n<td>Kolor<\/td>\n<td>Personalizacja<\/td>\n<\/tr>\n<tr>\n<td>Tworzywo<\/td>\n<td>HT250 na obudow\u0119, 20CrMnTi na wa\u0142ek przek\u0142adni.<\/td>\n<\/tr>\n<tr>\n<td>U\u017cywany<\/td>\n<td>Transport ziarna<\/td>\n<\/tr>\n<\/tbody>\n<\/table>\n<h3>Zalety stosowania przek\u0142adni do transportu ziarna FMP-1001<\/h3>\n<ol>\n<li><strong>Zwi\u0119kszona wydajno\u015b\u0107<\/strong>Przek\u0142adnia do transportu ziarna FMP-1001 zosta\u0142a zaprojektowana z my\u015bl\u0105 o optymalnym przenoszeniu mocy, zapewniaj\u0105c p\u0142ynny i wydajny transport ziarna. Jej wysoki moment obrotowy umo\u017cliwia efektywny transport, skracaj\u0105c przestoje i poprawiaj\u0105c og\u00f3ln\u0105 wydajno\u015b\u0107 operacyjn\u0105.<\/li>\n<li><strong>Trwa\u0142a konstrukcja<\/strong>:Zbudowany z wytrzyma\u0142ych materia\u0142\u00f3w, model FMP-1001 zosta\u0142 zaprojektowany tak, aby wytrzyma\u0107 trudne warunki pracy, powszechnie spotykane w transporcie zbo\u017ca. Jego trwa\u0142a konstrukcja gwarantuje d\u0142ugotrwa\u0142\u0105 niezawodno\u015b\u0107, nawet przy du\u017cych obci\u0105\u017ceniach, co przek\u0142ada si\u0119 na niskie koszty eksploatacji w d\u0142u\u017cszej perspektywie.<\/li>\n<li><strong>In\u017cynieria precyzyjna<\/strong>Przek\u0142adnia zosta\u0142a wykonana z dba\u0142o\u015bci\u0105 o szczeg\u00f3\u0142y i precyzj\u0119, aby zagwarantowa\u0107 bezproblemow\u0105 integracj\u0119 z urz\u0105dzeniami do transportu zbo\u017ca. Zapewnia to optymaln\u0105 wydajno\u015b\u0107 i zmniejsza ryzyko wyst\u0105pienia problem\u00f3w mechanicznych, kt\u00f3re mog\u0142yby zak\u0142\u00f3ci\u0107 prac\u0119.<\/li>\n<li><strong>Oszcz\u0119dno\u015b\u0107 energii<\/strong>:Wydajna konstrukcja FMP-1001 pomaga zmniejszy\u0107 zu\u017cycie energii, co czyni go ekologicznym wyborem dla system\u00f3w transportu zbo\u017ca. Przek\u0142ada si\u0119 to na ni\u017csze koszty operacyjne i mniejszy wp\u0142yw na \u015brodowisko.<\/li>\n<li><strong>Rozwi\u0105zania dostosowywane<\/strong>:FMP oferuje elastyczno\u015b\u0107 w dostosowywaniu przek\u0142adni FMP-1001 do konkretnych wymaga\u0144, dostarczaj\u0105c rozwi\u0105zania dostosowane do indywidualnych potrzeb, kt\u00f3re optymalizuj\u0105 wydajno\u015b\u0107 przek\u0142adni w przypadku r\u00f3\u017cnych potrzeb zwi\u0105zanych z obs\u0142ug\u0105 i transportem ziarna.<\/li>\n<\/ol>\n<p><img loading=\"lazy\" decoding=\"async\" class=\"alignnone size-full wp-image-3128\" src=\"https:\/\/fmp-components.com\/wp-content\/uploads\/2025\/01\/Grain-Transportation-Gearbox-11.webp\" alt=\"Przek\u0142adnia transportu ziarna 11\" width=\"1534\" height=\"1286\" title=\"\" srcset=\"https:\/\/fmp-components.com\/wp-content\/uploads\/2025\/01\/Grain-Transportation-Gearbox-11.webp 1534w, https:\/\/fmp-components.com\/wp-content\/uploads\/2025\/01\/Grain-Transportation-Gearbox-11-1280x1073.webp 1280w, https:\/\/fmp-components.com\/wp-content\/uploads\/2025\/01\/Grain-Transportation-Gearbox-11-980x822.webp 980w, https:\/\/fmp-components.com\/wp-content\/uploads\/2025\/01\/Grain-Transportation-Gearbox-11-480x402.webp 480w\" sizes=\"(min-width: 0px) and (max-width: 480px) 480px, (min-width: 481px) and (max-width: 980px) 980px, (min-width: 981px) and (max-width: 1280px) 1280px, (min-width: 1281px) 1534px, 100vw\" \/><\/p>\n<h3>Zastosowania przek\u0142adni do transportu ziarna FMP-1001<\/h3>\n<ol>\n<li><strong>Elewatory zbo\u017cowe<\/strong>:Przek\u0142adnia FMP-1001 idealnie nadaje si\u0119 do stosowania w elewatorach zbo\u017cowych, gdzie u\u0142atwia podnoszenie i transport ziarna z ni\u017cszych poziom\u00f3w do silos\u00f3w magazynowych lub obszar\u00f3w przetw\u00f3rczych, gwarantuj\u0105c p\u0142ynn\u0105 i wydajn\u0105 prac\u0119.<\/li>\n<li><strong>Systemy przeno\u015bnikowe<\/strong>:Przek\u0142adnia FMP-1001 stosowana w systemach przeno\u015bnik\u00f3w zbo\u017cowych pomaga w przemieszczaniu du\u017cych ilo\u015bci ziarna na du\u017ce odleg\u0142o\u015bci w obr\u0119bie obiekt\u00f3w s\u0142u\u017c\u0105cych do jego obs\u0142ugi, zapewniaj\u0105c sta\u0142y i niezawodny przep\u0142yw.<\/li>\n<li><strong>Za\u0142adunek i roz\u0142adunek silosu<\/strong>:Przek\u0142adnia FMP-1001 jest niezb\u0119dna do obs\u0142ugi system\u00f3w za\u0142adunku i roz\u0142adunku silos\u00f3w, umo\u017cliwiaj\u0105c wydajny przesy\u0142 ziarna do i z silos\u00f3w magazynowych przy minimalnym ryzyku uszkodzenia ziarna.<\/li>\n<li><strong>Suszarnie do ziarna<\/strong>:W systemach suszenia ziarna FMP-1001 s\u0142u\u017cy do nap\u0119dzania przeno\u015bnik\u00f3w transportuj\u0105cych ziarno przez jednostki susz\u0105ce, zapewniaj\u0105c w\u0142a\u015bciwe suszenie ziarna i jego przemieszczanie w trakcie procesu.<\/li>\n<li><strong>Ci\u0119\u017car\u00f3wki do transportu zbo\u017ca<\/strong>:Przek\u0142adni\u0119 mo\u017cna zintegrowa\u0107 z ci\u0119\u017car\u00f3wkami lub przyczepami do transportu zbo\u017ca, zwi\u0119kszaj\u0105c w ten spos\u00f3b wydajno\u015b\u0107 systemu roz\u0142adunkowego i czyni\u0105c proces transportu bardziej efektywnym.<\/li>\n<\/ol>\n<p><img loading=\"lazy\" decoding=\"async\" class=\"alignnone size-full wp-image-3096\" src=\"https:\/\/fmp-components.com\/wp-content\/uploads\/2025\/01\/Grain-Storage-Gearbox-28.webp\" alt=\"Przek\u0142adnia do przechowywania ziarna\" width=\"1200\" height=\"950\" title=\"\" srcset=\"https:\/\/fmp-components.com\/wp-content\/uploads\/2025\/01\/Grain-Storage-Gearbox-28.webp 1200w, https:\/\/fmp-components.com\/wp-content\/uploads\/2025\/01\/Grain-Storage-Gearbox-28-980x776.webp 980w, https:\/\/fmp-components.com\/wp-content\/uploads\/2025\/01\/Grain-Storage-Gearbox-28-480x380.webp 480w\" sizes=\"(min-width: 0px) and (max-width: 480px) 480px, (min-width: 481px) and (max-width: 980px) 980px, (min-width: 981px) 1200px, 100vw\" \/><\/p>\n<h3>O FMP<\/h3>\n<p>Firma FMP, z siedzib\u0105 g\u0142\u00f3wn\u0105 we W\u0142oszech, to uznany producent, znany ze swojego do\u015bwiadczenia w projektowaniu, rozwoju i produkcji wysokowydajnych przek\u0142adni, ze szczeg\u00f3lnym uwzgl\u0119dnieniem maszyn rolniczych. Znana z precyzyjnej in\u017cynierii, innowacyjnych rozwi\u0105za\u0144 i niezmiennej niezawodno\u015bci, firma FMP zyska\u0142a zaufanie zar\u00f3wno w sektorze rolniczym, jak i przemys\u0142owym. Nasze bogate portfolio produkt\u00f3w obejmuje przek\u0142adnie projektowane na zam\u00f3wienie do kosiarek, wa\u0142\u00f3w odbioru mocy (WOM) oraz szereg niezb\u0119dnych komponent\u00f3w, starannie zaprojektowanych, aby sprosta\u0107 specyficznym potrzebom r\u00f3\u017cnorodnych zastosowa\u0144.<\/p>\n<p>W FMP zdajemy sobie spraw\u0119, \u017ce ka\u017cdy klient stoi przed wyj\u0105tkowymi wyzwaniami. Dlatego specjalizujemy si\u0119 w dostarczaniu rozwi\u0105za\u0144 szytych na miar\u0119 \u2013 zar\u00f3wno dla pojedynczych komponent\u00f3w, jak i w pe\u0142ni zintegrowanych system\u00f3w. Dzi\u0119ki bliskiej wsp\u00f3\u0142pracy z naszymi klientami dbamy o to, aby ka\u017cde rozwi\u0105zanie nie tylko odpowiada\u0142o ich potrzebom, ale tak\u017ce zwi\u0119ksza\u0142o wydajno\u015b\u0107 i maksymalizowa\u0142o warto\u015b\u0107. Nasze zaanga\u017cowanie w udzielanie terminowych, profesjonalnych odpowiedzi i fachowego doradztwa gwarantuje, \u017ce ka\u017cde zapytanie jest obs\u0142ugiwane precyzyjnie, konsekwentnie zapewniaj\u0105c optymalne rezultaty.<\/p>\n<p>K\u0142adziemy nacisk na jasn\u0105 i ci\u0105g\u0142\u0105 komunikacj\u0119 w ca\u0142ym cyklu rozwoju produktu. Nasz zaanga\u017cowany zesp\u00f3\u0142 \u015bci\u015ble wsp\u00f3\u0142pracuje z klientami, aby w pe\u0142ni zrozumie\u0107 ich potrzeby i oferowa\u0107 cenne spostrze\u017cenia oraz rekomendacje, kt\u00f3re pomog\u0105 im osi\u0105gn\u0105\u0107 najlepsze mo\u017cliwe rezultaty. Niezale\u017cnie od tego, czy projektujemy nowatorskie produkty, czy realizujemy rutynowe zam\u00f3wienia, FMP dok\u0142ada wszelkich stara\u0144, aby dostarcza\u0107 wysokiej jako\u015bci, precyzyjnie zaprojektowane rozwi\u0105zania, terminowo i sp\u00f3jnie. Naszym celem jest konsekwentne przekraczanie oczekiwa\u0144 klient\u00f3w, zapewniaj\u0105c wyj\u0105tkow\u0105 obs\u0142ug\u0119 i rezultaty w ka\u017cdym projekcie.<\/p>\n<p>Jako\u015b\u0107 jest fundamentem wszystkiego, co robimy w FMP. Przestrzegamy najwy\u017cszych standard\u00f3w produkcyjnych i wdra\u017camy rygorystyczne procesy kontroli jako\u015bci, aby zapewni\u0107, \u017ce ka\u017cdy produkt nie tylko spe\u0142nia, ale wr\u0119cz przewy\u017csza standardy bran\u017cowe. To zaanga\u017cowanie w d\u0105\u017cenie do doskona\u0142o\u015bci, w po\u0142\u0105czeniu z naszymi podstawowymi warto\u015bciami, takimi jak uczciwo\u015b\u0107, praca zespo\u0142owa i wytrwa\u0142o\u015b\u0107, pozwoli\u0142o nam zbudowa\u0107 trwa\u0142e, oparte na zaufaniu relacje z klientami w prawie 30 krajach na ca\u0142ym \u015bwiecie.<\/p>\n<p>FMP zawsze ch\u0119tnie nawi\u0105zuje globalne partnerstwa, oferuj\u0105c fachowe doradztwo i rozwi\u0105zania dostosowane do zmieniaj\u0105cych si\u0119 potrzeb naszych klient\u00f3w. D\u0105\u017cymy do budowania d\u0142ugoterminowych, korzystnych dla obu stron relacji, kt\u00f3re przyczyniaj\u0105 si\u0119 do sukcesu ka\u017cdego projektu. Niezale\u017cnie od tego, czy szukasz innowacyjnych rozwi\u0105za\u0144 dla nowej inicjatywy, czy potrzebujesz sta\u0142ego wsparcia dla istniej\u0105cego systemu, FMP jest gotowe pom\u00f3c Ci w pokonywaniu wyzwa\u0144 technicznych i zapewni\u0107 Ci sta\u0142y sukces.<\/p>\n<p><img loading=\"lazy\" decoding=\"async\" class=\"alignnone wp-image-2695\" src=\"https:\/\/fmp-components.com\/wp-content\/uploads\/2025\/01\/agricultural-gearbox3.webp\" alt=\"skrzynia bieg\u00f3w rolnicza\" width=\"1140\" height=\"1138\" title=\"\" srcset=\"https:\/\/fmp-components.com\/wp-content\/uploads\/2025\/01\/agricultural-gearbox3.webp 1140w, https:\/\/fmp-components.com\/wp-content\/uploads\/2025\/01\/agricultural-gearbox3-480x479.webp 480w\" sizes=\"(min-width: 0px) and (max-width: 480px) 480px, (min-width: 481px) 1140px, 100vw\" \/><\/p>\n<p>Autor: CX<\/p>","protected":false},"excerpt":{"rendered":"<p>Przek\u0142adnia do transportu ziarna FMP-1001 Wymiary Przek\u0142adnia do transportu ziarna FMP-1001 Specyfikacja Nazwa produktu Przek\u0142adnia do transportu ziarna Model EP-1001 Kolor Dostosowanie Materia\u0142 HT250 na obudow\u0119, 20CrMnTi na wa\u0142ek przek\u0142adni. Zastosowana przek\u0142adnia do transportu ziarna Zalety stosowania przek\u0142adni do transportu ziarna FMP-1001 Zwi\u0119kszona wydajno\u015b\u0107: Przek\u0142adnia do transportu ziarna FMP-1001 zosta\u0142a zaprojektowana z my\u015bl\u0105 o optymalnym przenoszeniu mocy, zapewniaj\u0105c p\u0142ynn\u0105 i wydajn\u0105 [\u2026]<\/p>","protected":false},"featured_media":3126,"comment_status":"open","ping_status":"closed","template":"","meta":{"_et_pb_use_builder":"","_et_pb_old_content":"","_et_gb_content_width":""},"product_brand":[],"product_cat":[74],"product_tag":[],"class_list":{"0":"post-3123","1":"product","2":"type-product","3":"status-publish","4":"has-post-thumbnail","6":"product_cat-grain-transportation-gearbox","8":"first","9":"instock","10":"shipping-taxable","11":"product-type-simple"},"_links":{"self":[{"href":"https:\/\/fmp-components.com\/pl\/wp-json\/wp\/v2\/product\/3123","targetHints":{"allow":["GET"]}}],"collection":[{"href":"https:\/\/fmp-components.com\/pl\/wp-json\/wp\/v2\/product"}],"about":[{"href":"https:\/\/fmp-components.com\/pl\/wp-json\/wp\/v2\/types\/product"}],"replies":[{"embeddable":true,"href":"https:\/\/fmp-components.com\/pl\/wp-json\/wp\/v2\/comments?post=3123"}],"wp:featuredmedia":[{"embeddable":true,"href":"https:\/\/fmp-components.com\/pl\/wp-json\/wp\/v2\/media\/3126"}],"wp:attachment":[{"href":"https:\/\/fmp-components.com\/pl\/wp-json\/wp\/v2\/media?parent=3123"}],"wp:term":[{"taxonomy":"product_brand","embeddable":true,"href":"https:\/\/fmp-components.com\/pl\/wp-json\/wp\/v2\/product_brand?post=3123"},{"taxonomy":"product_cat","embeddable":true,"href":"https:\/\/fmp-components.com\/pl\/wp-json\/wp\/v2\/product_cat?post=3123"},{"taxonomy":"product_tag","embeddable":true,"href":"https:\/\/fmp-components.com\/pl\/wp-json\/wp\/v2\/product_tag?post=3123"}],"curies":[{"name":"wp","href":"https:\/\/api.w.org\/{rel}","templated":true}]}}