{"id":3102,"date":"2025-01-05T01:11:31","date_gmt":"2025-01-05T01:11:31","guid":{"rendered":"https:\/\/fmp-components.com\/?page_id=8"},"modified":"2025-01-05T01:11:32","modified_gmt":"2025-01-05T01:11:32","slug":"l-series-40hp-grain-storage-gearbox-fmp-5490-for-agricultural-grain-storage","status":"publish","type":"product","link":"https:\/\/fmp-components.com\/pl\/product\/l-series-40hp-grain-storage-gearbox-fmp-5490-for-agricultural-grain-storage\/","title":{"rendered":"Przek\u0142adnia magazynowa L Series 40HP FMP-5490 do magazynowania zbo\u017ca rolniczego"},"content":{"rendered":"<h2>Specyfikacja przek\u0142adni do magazynowania ziarna FMP-5490<\/h2>\n<p><img loading=\"lazy\" decoding=\"async\" class=\"alignnone size-full wp-image-3104\" src=\"https:\/\/fmp-components.com\/wp-content\/uploads\/2025\/01\/Grain-Storage-Gearbox-FMP-5490-Dimension.webp\" alt=\"Przek\u0142adnia do magazynowania ziarna FMP 5490 \u2013 wymiary\" width=\"967\" height=\"714\" title=\"\" srcset=\"https:\/\/fmp-components.com\/wp-content\/uploads\/2025\/01\/Grain-Storage-Gearbox-FMP-5490-Dimension.webp 967w, https:\/\/fmp-components.com\/wp-content\/uploads\/2025\/01\/Grain-Storage-Gearbox-FMP-5490-Dimension-480x354.webp 480w\" sizes=\"(min-width: 0px) and (max-width: 480px) 480px, (min-width: 481px) 967px, 100vw\" \/><\/p>\n<table style=\"width: 93.3388%; height: 204px;\" border=\"1\" cellspacing=\"0\" cellpadding=\"0\">\n<tbody>\n<tr class=\"firstRow\">\n<td>Nazwa produktu<\/td>\n<td>Przek\u0142adnia do przechowywania ziarna<\/td>\n<\/tr>\n<tr>\n<td>Tworzywo<\/td>\n<td>HT250 na obudow\u0119, 20CrMnTi na wa\u0142ek przek\u0142adni.<\/td>\n<\/tr>\n<tr>\n<td>Kolor<\/td>\n<td>Personalizacja<\/td>\n<\/tr>\n<tr>\n<td>Waga<\/td>\n<td>21 kg<\/td>\n<\/tr>\n<tr>\n<td>Stosunek<\/td>\n<td>1.5:1<\/td>\n<\/tr>\n<tr>\n<td>Moc<\/td>\n<td>40 KM<\/td>\n<\/tr>\n<tr>\n<td>U\u017cywany<\/td>\n<td>Przechowywanie zbo\u017ca<\/td>\n<\/tr>\n<\/tbody>\n<\/table>\n<h2>Korzy\u015bci ze stosowania przek\u0142adni do magazynowania ziarna serii L w rolnictwie<\/h2>\n<p>Przek\u0142adnia do magazynowania ziarna serii L oferuje szereg kluczowych korzy\u015bci dla zastosowa\u0144 rolniczych, szczeg\u00f3lnie w systemach magazynowania ziarna. Do korzy\u015bci tych nale\u017c\u0105:<\/p>\n<p><strong>1. Trwa\u0142o\u015b\u0107 i d\u0142ugowieczno\u015b\u0107<\/strong><\/p>\n<ul>\n<li>Przek\u0142adnie serii L zosta\u0142y zaprojektowane z my\u015bl\u0105 o trudnych warunkach panuj\u0105cych w rolnictwie. Wykonane z wysokiej jako\u015bci materia\u0142\u00f3w, s\u0105 odporne na zu\u017cycie i uszkodzenia, zapewniaj\u0105c d\u0142ugotrwa\u0142\u0105 wydajno\u015b\u0107 w systemach magazynowania ziarna pracuj\u0105cych pod du\u017cym obci\u0105\u017ceniem i w warunkach ci\u0105g\u0142ej eksploatacji.<\/li>\n<\/ul>\n<p><strong>2. Wysoka wydajno\u015b\u0107<\/strong><\/p>\n<ul>\n<li>Dzi\u0119ki precyzyjnej konstrukcji przek\u0142adnie serii L zapewniaj\u0105 wyj\u0105tkow\u0105 wydajno\u015b\u0107 przenoszenia mocy. Zapewnia to p\u0142ynn\u0105 i niezawodn\u0105 prac\u0119 urz\u0105dze\u0144, takich jak przeno\u015bniki zbo\u017cowe, \u015blimaki i elewatory, pomagaj\u0105c zoptymalizowa\u0107 wydajno\u015b\u0107 i zmniejszy\u0107 zu\u017cycie energii.<\/li>\n<\/ul>\n<p><strong>3. Kompaktowa i oszcz\u0119dzaj\u0105ca miejsce konstrukcja<\/strong><\/p>\n<ul>\n<li>Kompaktowa konstrukcja przek\u0142adni serii L umo\u017cliwia \u0142atw\u0105 integracj\u0119 w ciasnych przestrzeniach system\u00f3w magazynowania zbo\u017ca. Ich niewielkie wymiary sprawiaj\u0105, \u017ce nie zajmuj\u0105 one niepotrzebnie du\u017co miejsca, a jednocze\u015bnie zapewniaj\u0105 moc niezb\u0119dn\u0105 do efektywnego transportu ziarna.<\/li>\n<\/ul>\n<p><strong>4. Niezawodna wydajno\u015b\u0107 w trudnych warunkach<\/strong><\/p>\n<ul>\n<li>Warunki rolnicze bywaj\u0105 trudne, z nara\u017ceniem na kurz, wilgo\u0107 i zmienne temperatury. Przek\u0142adnie serii L zosta\u0142y zaprojektowane tak, aby dzia\u0142a\u0107 niezawodnie nawet w tych trudnych warunkach, zapewniaj\u0105c nieprzerwan\u0105 prac\u0119 urz\u0105dze\u0144 do przechowywania ziarna i minimalizuj\u0105c przestoje.<\/li>\n<\/ul>\n<p><strong>5. Opcje personalizacji<\/strong><\/p>\n<ul>\n<li>Przek\u0142adnie serii L mo\u017cna dostosowa\u0107 do specyficznych potrzeb r\u00f3\u017cnych system\u00f3w magazynowania zbo\u017ca. Niezale\u017cnie od tego, czy chodzi o zmienn\u0105 pojemno\u015b\u0107, unikalne wymagania operacyjne, czy r\u00f3\u017cne konfiguracje monta\u017cu, FMP oferuje elastyczne rozwi\u0105zania zapewniaj\u0105ce kompatybilno\u015b\u0107 z szerok\u0105 gam\u0105 maszyn rolniczych.<\/li>\n<\/ul>\n<p>Podsumowuj\u0105c, przek\u0142adnia do magazynowania ziarna serii L charakteryzuje si\u0119 trwa\u0142o\u015bci\u0105, wydajno\u015bci\u0105 i niezawodno\u015bci\u0105, co czyni j\u0105 idealnym wyborem do zastosowa\u0144 rolniczych, w kt\u00f3rych urz\u0105dzenia do magazynowania i obs\u0142ugi ziarna musz\u0105 pracowa\u0107 w wymagaj\u0105cych warunkach.<\/p>\n<p><img loading=\"lazy\" decoding=\"async\" class=\"alignnone size-full wp-image-3105\" src=\"https:\/\/fmp-components.com\/wp-content\/uploads\/2025\/01\/Grain-Storage-Gearbox-22.webp\" alt=\"Przek\u0142adnia do przechowywania ziarna-22\" width=\"1060\" height=\"677\" title=\"\" srcset=\"https:\/\/fmp-components.com\/wp-content\/uploads\/2025\/01\/Grain-Storage-Gearbox-22.webp 1060w, https:\/\/fmp-components.com\/wp-content\/uploads\/2025\/01\/Grain-Storage-Gearbox-22-980x626.webp 980w, https:\/\/fmp-components.com\/wp-content\/uploads\/2025\/01\/Grain-Storage-Gearbox-22-480x307.webp 480w\" sizes=\"(min-width: 0px) and (max-width: 480px) 480px, (min-width: 481px) and (max-width: 980px) 980px, (min-width: 981px) 1060px, 100vw\" \/><\/p>\n<h2>Zastosowania przek\u0142adni do magazynowania ziarna serii L w rolnictwie<\/h2>\n<p>Przek\u0142adnia do magazynowania ziarna serii L jest wszechstronna i mo\u017ce by\u0107 stosowana w r\u00f3\u017cnych zastosowaniach rolniczych, szczeg\u00f3lnie w systemach zwi\u0105zanych z obs\u0142ug\u0105 i magazynowaniem ziarna. Do g\u0142\u00f3wnych zastosowa\u0144 nale\u017c\u0105:<\/p>\n<p><strong>1. Elewatory zbo\u017cowe<\/strong><\/p>\n<ul>\n<li>Przek\u0142adnia serii L jest szeroko stosowana w elewatorach zbo\u017cowych, gdzie nap\u0119dza pionowy transport ziarna z jednego poziomu na drugi. Jej niezawodno\u015b\u0107 i trwa\u0142o\u015b\u0107 zapewniaj\u0105 p\u0142ynn\u0105 prac\u0119 nawet przy du\u017cych obci\u0105\u017ceniach, dzi\u0119ki czemu idealnie nadaje si\u0119 do podnoszenia ziarna do zasobnik\u00f3w lub silos\u00f3w.<\/li>\n<\/ul>\n<p><strong>2. Przeno\u015bniki zbo\u017cowe<\/strong><\/p>\n<ul>\n<li>W systemach przeno\u015bnik\u00f3w zbo\u017cowych przek\u0142adnia serii L odgrywa kluczow\u0105 rol\u0119 w transporcie ziarna w poziomie lub pod k\u0105tem. Zapewnia ona wydajny i ci\u0105g\u0142y transport ziarna luzem z jednego miejsca do drugiego, zar\u00f3wno w celu za\u0142adunku, roz\u0142adunku, jak i sk\u0142adowania.<\/li>\n<\/ul>\n<p><strong>3. Przeno\u015bniki \u015blimakowe do zbo\u017ca<\/strong><\/p>\n<ul>\n<li>Przek\u0142adnia serii L jest powszechnie stosowana w \u015blimakach zbo\u017cowych, kt\u00f3re s\u0105 niezb\u0119dne do przemieszczania ziarna z jednego miejsca na drugie, cz\u0119sto ze zbiornik\u00f3w do ci\u0119\u017car\u00f3wek lub magazyn\u00f3w. Przek\u0142adnia zapewnia niezb\u0119dny moment obrotowy i niezawodno\u015b\u0107 dla wydajnej pracy.<\/li>\n<\/ul>\n<p><strong>4. Sprz\u0119t do obs\u0142ugi zbo\u017ca<\/strong><\/p>\n<ul>\n<li>Przek\u0142adnia serii L jest niezb\u0119dnym elementem w wielu innych maszynach do obr\u00f3bki zbo\u017ca, w tym w tych u\u017cywanych do mieszania, sortowania i suszenia. Jej solidna konstrukcja sprawia, \u017ce \u200b\u200bidealnie nadaje si\u0119 do pracy ci\u0105g\u0142ej i intensywnej.<\/li>\n<\/ul>\n<p><strong>5. Zamiatarki do zbiornik\u00f3w zbo\u017cowych<\/strong><\/p>\n<ul>\n<li>Przek\u0142adnia serii L jest stosowana w \u015blimakach zgarniaj\u0105cych zbo\u017ce, kt\u00f3re pomagaj\u0105 usuwa\u0107 ziarno z silos\u00f3w. Nap\u0119dza ona mechanizm zgarniaj\u0105cy, kt\u00f3ry zapewnia wydajne opr\u00f3\u017cnianie silos\u00f3w, redukuj\u0105c konieczno\u015b\u0107 r\u0119cznej pracy.<\/li>\n<\/ul>\n<p>Zasadniczo, przek\u0142adnia do magazynowania ziarna serii L zosta\u0142a zaprojektowana tak, aby sprosta\u0107 zr\u00f3\u017cnicowanym wymaganiom zwi\u0105zanym z przechowywaniem, obs\u0142ug\u0105 i transportem ziarna, zapewniaj\u0105c niezawodne, wydajne i ekonomiczne rozwi\u0105zania w rolnictwie. Jej solidna wydajno\u015b\u0107 w szerokim zakresie zastosowa\u0144 pomaga zoptymalizowa\u0107 przep\u0142yw pracy i zwi\u0119kszy\u0107 wydajno\u015b\u0107 w ca\u0142ym sektorze rolniczym.<\/p>\n<p><img loading=\"lazy\" decoding=\"async\" class=\"alignnone size-full wp-image-3096\" src=\"https:\/\/fmp-components.com\/wp-content\/uploads\/2025\/01\/Grain-Storage-Gearbox-28.webp\" alt=\"Przek\u0142adnia do przechowywania ziarna\" width=\"1200\" height=\"950\" title=\"\" srcset=\"https:\/\/fmp-components.com\/wp-content\/uploads\/2025\/01\/Grain-Storage-Gearbox-28.webp 1200w, https:\/\/fmp-components.com\/wp-content\/uploads\/2025\/01\/Grain-Storage-Gearbox-28-980x776.webp 980w, https:\/\/fmp-components.com\/wp-content\/uploads\/2025\/01\/Grain-Storage-Gearbox-28-480x380.webp 480w\" sizes=\"(min-width: 0px) and (max-width: 480px) 480px, (min-width: 481px) and (max-width: 980px) 980px, (min-width: 981px) 1200px, 100vw\" \/><\/p>\n<h2>Zasada dzia\u0142ania przek\u0142adni do magazynowania ziarna serii L do maszyn rolniczych<\/h2>\n<p>Przek\u0142adnia serii L do magazynowania ziarna zosta\u0142a zaprojektowana z my\u015bl\u0105 o efektywnym przenoszeniu mocy i zapewnieniu niezb\u0119dnego momentu obrotowego w r\u00f3\u017cnych zastosowaniach rolniczych, a w szczeg\u00f3lno\u015bci w systemach magazynowania ziarna. Poni\u017cej przedstawiono zasad\u0119 dzia\u0142ania przek\u0142adni serii L:<\/p>\n<p><strong>1. Wej\u015bcie zasilania<\/strong><\/p>\n<p>Skrzynia bieg\u00f3w otrzymuje moc z g\u0142\u00f3wnego nap\u0119du, zazwyczaj silnika elektrycznego, silnika spalinowego lub uk\u0142adu odbioru mocy (WOM). Moc ta jest przekazywana za po\u015brednictwem wa\u0142u wej\u015bciowego po\u0142\u0105czonego z silnikiem nap\u0119dowym.<\/p>\n<p><strong>2. Przenoszenie ruchu<\/strong><\/p>\n<p>Przek\u0142adnia serii L zosta\u0142a zaprojektowana z wieloma ko\u0142ami z\u0119batymi, kt\u00f3re u\u0142atwiaj\u0105 przenoszenie energii obrotowej z wa\u0142u wej\u015bciowego na wa\u0142 wyj\u015bciowy. Podczas obrotu wa\u0142u wej\u015bciowego zaz\u0119bia si\u0119 on z ko\u0142ami z\u0119batymi wewn\u0105trz przek\u0142adni, kt\u00f3re przekszta\u0142caj\u0105 ruch obrotowy w wymagany moment obrotowy i pr\u0119dko\u015b\u0107 dla danego zastosowania.<\/p>\n<p><strong>3. Redukcja bieg\u00f3w<\/strong><\/p>\n<p>Przek\u0142adnia serii L wykorzystuje szereg redukcji prze\u0142o\u017ce\u0144, aby zmniejszy\u0107 pr\u0119dko\u015b\u0107 obrotow\u0105 wa\u0142u wej\u015bciowego, jednocze\u015bnie zwi\u0119kszaj\u0105c moment obrotowy wyj\u015bciowy. To zmniejszenie pr\u0119dko\u015bci pozwala na bardziej kontrolowan\u0105 i wydajn\u0105 prac\u0119 nap\u0119dzanych urz\u0105dze\u0144, takich jak przeno\u015bniki, \u015blimaki i inne maszyny do transportu zbo\u017ca.<\/p>\n<p><strong>4. Przeniesienie momentu obrotowego<\/strong><\/p>\n<p>Przek\u0142adnia przekazuje moment obrotowy na wa\u0142 wyj\u015bciowy, kt\u00f3ry jest bezpo\u015brednio po\u0142\u0105czony z maszynami rolniczymi, takimi jak elewatory zbo\u017cowe czy \u015blimaki. Przek\u0142adnia serii L zapewnia dostarczenie niezb\u0119dnego momentu obrotowego bez przeci\u0105\u017cania silnika ani innych podzespo\u0142\u00f3w uk\u0142adu.<\/p>\n<p><strong>5. Efektywna konwersja mocy<\/strong><\/p>\n<p>Przek\u0142adnia serii L zosta\u0142a zaprojektowana z wykorzystaniem wysokowydajnych przek\u0142adni, kt\u00f3re minimalizuj\u0105 straty energii podczas procesu przenoszenia nap\u0119du. Dzi\u0119ki temu znaczna cz\u0119\u015b\u0107 mocy wej\u015bciowej jest przekszta\u0142cana w u\u017cyteczn\u0105 moc wyj\u015bciow\u0105, optymalizuj\u0105c w ten spos\u00f3b zu\u017cycie paliwa lub energii elektrycznej w systemie.<\/p>\n<p>Podsumowuj\u0105c, przek\u0142adnia do magazynowania ziarna serii L efektywnie przetwarza moc z silnika lub WOM, zmniejsza pr\u0119dko\u015b\u0107 obrotow\u0105, jednocze\u015bnie zwi\u0119kszaj\u0105c moment obrotowy i zapewniaj\u0105c p\u0142ynny i niezawodny ruch pod\u0142\u0105czonych maszyn rolniczych. Zapewnia to optymaln\u0105 wydajno\u015b\u0107 w transporcie i magazynowaniu ziarna, co czyni j\u0105 niezb\u0119dnym elementem w wielu zastosowaniach rolniczych.<\/p>\n<p><img loading=\"lazy\" decoding=\"async\" class=\"alignnone size-full wp-image-3106\" src=\"https:\/\/fmp-components.com\/wp-content\/uploads\/2025\/01\/Grain-Storage-Gearbox-13.webp\" alt=\"Przek\u0142adnia do magazynowania ziarna-13\" width=\"1500\" height=\"1008\" title=\"\" srcset=\"https:\/\/fmp-components.com\/wp-content\/uploads\/2025\/01\/Grain-Storage-Gearbox-13.webp 1500w, https:\/\/fmp-components.com\/wp-content\/uploads\/2025\/01\/Grain-Storage-Gearbox-13-1280x860.webp 1280w, https:\/\/fmp-components.com\/wp-content\/uploads\/2025\/01\/Grain-Storage-Gearbox-13-980x659.webp 980w, https:\/\/fmp-components.com\/wp-content\/uploads\/2025\/01\/Grain-Storage-Gearbox-13-480x323.webp 480w\" sizes=\"(min-width: 0px) and (max-width: 480px) 480px, (min-width: 481px) and (max-width: 980px) 980px, (min-width: 981px) and (max-width: 1280px) 1280px, (min-width: 1281px) 1500px, 100vw\" \/><\/p>\n<h3>O FMP<\/h3>\n<p>Z siedzib\u0105 g\u0142\u00f3wn\u0105 we W\u0142oszech, FMP jest wiod\u0105cym producentem, znanym ze swojego do\u015bwiadczenia w projektowaniu, rozwoju i produkcji wysokowydajnych przek\u0142adni, ze szczeg\u00f3lnym naciskiem na sektor maszyn rolniczych. Znana z precyzyjnej in\u017cynierii, innowacyjnych rozwi\u0105za\u0144 i niezawodnej konstrukcji, firma FMP zbudowa\u0142a solidn\u0105 reputacj\u0119 jako zaufany partner zar\u00f3wno na rynku rolniczym, jak i przemys\u0142owym. Nasze bogate portfolio obejmuje przek\u0142adnie projektowane na zam\u00f3wienie do kosiarek, wa\u0142\u00f3w odbioru mocy (WOM) oraz szerok\u0105 gam\u0119 niezb\u0119dnych komponent\u00f3w \u2013 ka\u017cdy z nich starannie zaprojektowany, aby sprosta\u0107 specyficznym wymaganiom r\u00f3\u017cnorodnych zastosowa\u0144.<\/p>\n<p>W FMP rozumiemy, \u017ce ka\u017cdy klient stoi przed indywidualnymi wyzwaniami. To zrozumienie nap\u0119dza nasz\u0105 specjalizacj\u0119 w dostarczaniu rozwi\u0105za\u0144 szytych na miar\u0119, zar\u00f3wno dla pojedynczych komponent\u00f3w, jak i w pe\u0142ni zintegrowanych system\u00f3w. Dzi\u0119ki bliskiej wsp\u00f3\u0142pracy z naszymi klientami zapewniamy, \u017ce ka\u017cde rozwi\u0105zanie nie tylko spe\u0142nia ich unikalne potrzeby, ale tak\u017ce zwi\u0119ksza wydajno\u015b\u0107 i maksymalizuje warto\u015b\u0107. Nasze zaanga\u017cowanie w terminowe, profesjonalne odpowiedzi i fachowe doradztwo gwarantuje, \u017ce ka\u017cde zapytanie zostanie rozpatrzone precyzyjnie, konsekwentnie dostarczaj\u0105c optymalne rezultaty.<\/p>\n<p>K\u0142adziemy du\u017cy nacisk na jasn\u0105 i ci\u0105g\u0142\u0105 komunikacj\u0119 w ca\u0142ym cyklu rozwoju produktu. Nasz zaanga\u017cowany zesp\u00f3\u0142 \u015bci\u015ble wsp\u00f3\u0142pracuje z klientami, aby dog\u0142\u0119bnie zrozumie\u0107 ich potrzeby i dostarcza\u0107 cenne spostrze\u017cenia oraz rekomendacje, kt\u00f3re gwarantuj\u0105 najlepsze rezultaty. Niezale\u017cnie od tego, czy projektujemy nowatorskie produkty, czy realizujemy rutynowe zam\u00f3wienia, FMP dok\u0142ada wszelkich stara\u0144, aby dostarcza\u0107 wysokiej jako\u015bci, precyzyjnie zaprojektowane rozwi\u0105zania na czas i za ka\u017cdym razem. Nasz\u0105 misj\u0105 jest konsekwentne przekraczanie oczekiwa\u0144 klient\u00f3w, zapewniaj\u0105c wyj\u0105tkow\u0105 obs\u0142ug\u0119 i rezultaty w ka\u017cdym projekcie.<\/p>\n<p>Jako\u015b\u0107 le\u017cy u podstaw dzia\u0142alno\u015bci FMP. Przestrzegamy najwy\u017cszych standard\u00f3w produkcyjnych i wdra\u017camy rygorystyczne procesy kontroli jako\u015bci, aby zapewni\u0107, \u017ce ka\u017cdy produkt nie tylko spe\u0142nia, ale wr\u0119cz przewy\u017csza standardy bran\u017cowe. To nieustanne d\u0105\u017cenie do doskona\u0142o\u015bci, w po\u0142\u0105czeniu z naszymi podstawowymi warto\u015bciami, takimi jak uczciwo\u015b\u0107, praca zespo\u0142owa i wytrwa\u0142o\u015b\u0107, pozwoli\u0142o nam zbudowa\u0107 d\u0142ugotrwa\u0142e, oparte na zaufaniu relacje z klientami w prawie 30 krajach na ca\u0142ym \u015bwiecie.<\/p>\n<p>W FMP zawsze d\u0105\u017cymy do budowania globalnych partnerstw, oferuj\u0105c fachowe doradztwo i rozwi\u0105zania dostosowane do stale zmieniaj\u0105cych si\u0119 potrzeb naszych klient\u00f3w. D\u0105\u017cymy do budowania d\u0142ugoterminowych, korzystnych dla obu stron relacji, kt\u00f3re przyczyniaj\u0105 si\u0119 do sukcesu ka\u017cdego projektu. Niezale\u017cnie od tego, czy potrzebujesz innowacyjnych rozwi\u0105za\u0144 dla nowej inicjatywy, czy sta\u0142ego wsparcia dla istniej\u0105cego systemu, FMP jest gotowe pom\u00f3c Ci w pokonywaniu wyzwa\u0144 technicznych i zapewnieniu Ci ci\u0105g\u0142ego sukcesu.<\/p>\n<p><img loading=\"lazy\" decoding=\"async\" class=\"alignnone wp-image-2695\" src=\"https:\/\/fmp-components.com\/wp-content\/uploads\/2025\/01\/agricultural-gearbox3.webp\" alt=\"skrzynia bieg\u00f3w rolnicza\" width=\"1140\" height=\"1138\" title=\"\" srcset=\"https:\/\/fmp-components.com\/wp-content\/uploads\/2025\/01\/agricultural-gearbox3.webp 1140w, https:\/\/fmp-components.com\/wp-content\/uploads\/2025\/01\/agricultural-gearbox3-480x479.webp 480w\" sizes=\"(min-width: 0px) and (max-width: 480px) 480px, (min-width: 481px) 1140px, 100vw\" \/><\/p>\n<p>Autor: CX<\/p>","protected":false},"excerpt":{"rendered":"<p>Grain Storage Gearbox FMP-5490 Specifications Product Name Grain storage gearbox Material HT250 for housing, 20CrMnTi for gear shaft. Color Customization Weight 21KG Ratio 1.5:1 Power 40HP Used Grain storage Benefits of Using the L Series Grain Storage Gearbox for Agricultural The L Series Grain Storage Gearbox offers several key benefits for agricultural applications, particularly in [&hellip;]<\/p>","protected":false},"featured_media":3103,"comment_status":"open","ping_status":"closed","template":"","meta":{"_et_pb_use_builder":"","_et_pb_old_content":"","_et_gb_content_width":""},"product_brand":[],"product_cat":[73],"product_tag":[],"class_list":{"0":"post-3102","1":"product","2":"type-product","3":"status-publish","4":"has-post-thumbnail","6":"product_cat-grain-storage-gearbox","8":"first","9":"instock","10":"shipping-taxable","11":"product-type-simple"},"_links":{"self":[{"href":"https:\/\/fmp-components.com\/pl\/wp-json\/wp\/v2\/product\/3102","targetHints":{"allow":["GET"]}}],"collection":[{"href":"https:\/\/fmp-components.com\/pl\/wp-json\/wp\/v2\/product"}],"about":[{"href":"https:\/\/fmp-components.com\/pl\/wp-json\/wp\/v2\/types\/product"}],"replies":[{"embeddable":true,"href":"https:\/\/fmp-components.com\/pl\/wp-json\/wp\/v2\/comments?post=3102"}],"wp:featuredmedia":[{"embeddable":true,"href":"https:\/\/fmp-components.com\/pl\/wp-json\/wp\/v2\/media\/3103"}],"wp:attachment":[{"href":"https:\/\/fmp-components.com\/pl\/wp-json\/wp\/v2\/media?parent=3102"}],"wp:term":[{"taxonomy":"product_brand","embeddable":true,"href":"https:\/\/fmp-components.com\/pl\/wp-json\/wp\/v2\/product_brand?post=3102"},{"taxonomy":"product_cat","embeddable":true,"href":"https:\/\/fmp-components.com\/pl\/wp-json\/wp\/v2\/product_cat?post=3102"},{"taxonomy":"product_tag","embeddable":true,"href":"https:\/\/fmp-components.com\/pl\/wp-json\/wp\/v2\/product_tag?post=3102"}],"curies":[{"name":"wp","href":"https:\/\/api.w.org\/{rel}","templated":true}]}}