{"id":3094,"date":"2025-01-05T00:29:23","date_gmt":"2025-01-05T00:29:23","guid":{"rendered":"https:\/\/fmp-components.com\/?page_id=8"},"modified":"2025-01-05T00:53:33","modified_gmt":"2025-01-05T00:53:33","slug":"t-series-grain-storage-gearbox-fmp-4090-for-agricultural-grain-storage","status":"publish","type":"product","link":"https:\/\/fmp-components.com\/pl\/product\/t-series-grain-storage-gearbox-fmp-4090-for-agricultural-grain-storage\/","title":{"rendered":"Przek\u0142adnia do magazynowania ziarna serii T FMP-4090 do magazynowania ziarna rolniczego"},"content":{"rendered":"<h2>Specyfikacja przek\u0142adni do magazynowania ziarna serii T FMP-4090<\/h2>\n<table style=\"width: 97.8083%; height: 184px;\" border=\"1\" cellspacing=\"0\" cellpadding=\"0\">\n<tbody>\n<tr class=\"firstRow\">\n<td>Nazwa produktu<\/td>\n<td>Przek\u0142adnia do przechowywania ziarna<\/td>\n<\/tr>\n<tr>\n<td>Tworzywo<\/td>\n<td>A380 na obudow\u0119, 40CrMnTi na wa\u0142ek przek\u0142adni.<\/td>\n<\/tr>\n<tr>\n<td>Kolor<\/td>\n<td>Dostosowane<\/td>\n<\/tr>\n<tr>\n<td>Stosunek<\/td>\n<td>1:35:1<\/td>\n<\/tr>\n<tr>\n<td>Moc znamionowa<\/td>\n<td>45 KM<\/td>\n<\/tr>\n<tr>\n<td>Waga<\/td>\n<td>13,2 kg<\/td>\n<\/tr>\n<tr>\n<td>U\u017cywany<\/td>\n<td>Przechowywanie zbo\u017ca<\/td>\n<\/tr>\n<\/tbody>\n<\/table>\n<h2>Korzy\u015bci ze stosowania przek\u0142adni do magazynowania ziarna serii T w rolnictwie<\/h2>\n<p>Przek\u0142adnia do magazynowania ziarna serii T oferuje liczne korzy\u015bci w zastosowaniach rolniczych, szczeg\u00f3lnie w systemach magazynowania ziarna. Oto najwa\u017cniejsze korzy\u015bci p\u0142yn\u0105ce z zastosowania tej przek\u0142adni:<\/p>\n<p><strong>1. Zwi\u0119kszona trwa\u0142o\u015b\u0107 i niezawodno\u015b\u0107<\/strong><\/p>\n<ul>\n<li>D\u0142ugotrwa\u0142a wydajno\u015b\u0107: Przek\u0142adnie serii T s\u0105 zbudowane z wytrzyma\u0142ych materia\u0142\u00f3w i charakteryzuj\u0105 si\u0119 precyzj\u0105 wykonania, co gwarantuje ich odporno\u015b\u0107 na trudne warunki typowe dla rolnictwa. Ta trwa\u0142o\u015b\u0107 przek\u0142ada si\u0119 na mniejsz\u0105 liczb\u0119 awarii i d\u0142u\u017csz\u0105 \u017cywotno\u015b\u0107, co przek\u0142ada si\u0119 na ni\u017csze koszty konserwacji i kr\u00f3tszy czas przestoju.<\/li>\n<\/ul>\n<p><strong>2. Wysoka wydajno\u015b\u0107<\/strong><\/p>\n<ul>\n<li>Zoptymalizowane przeniesienie mocy: Przek\u0142adnie zosta\u0142y zaprojektowane tak, aby zapewni\u0107 wydajne przeniesienie mocy, gwarantuj\u0105c p\u0142ynn\u0105 prac\u0119 ca\u0142ego systemu transportu i magazynowania ziarna. Taka wydajno\u015b\u0107 pomaga zmniejszy\u0107 zu\u017cycie energii, obni\u017caj\u0105c koszty operacyjne przy jednoczesnym zachowaniu optymalnej wydajno\u015bci.<\/li>\n<\/ul>\n<p><strong>3. Opcje personalizacji<\/strong><\/p>\n<ul>\n<li>Dopasowane do specyficznych potrzeb: Seri\u0119 T mo\u017cna dostosowa\u0107 do specyficznych wymaga\u0144 r\u00f3\u017cnych zastosowa\u0144 w magazynowaniu zbo\u017ca. Zar\u00f3wno w ma\u0142ych zak\u0142adach, jak i du\u017cych magazynach, przek\u0142adni\u0119 t\u0119 mo\u017cna dostosowa\u0107 do r\u00f3\u017cnych konfiguracji i rozmiar\u00f3w system\u00f3w.<\/li>\n<\/ul>\n<p><strong>4. P\u0142ynna praca<\/strong><\/p>\n<ul>\n<li>Redukcja ha\u0142asu i wibracji: Zaawansowana konstrukcja przek\u0142adni serii T minimalizuje ha\u0142as i wibracje podczas pracy. Dzi\u0119ki temu powstaje cichsze i bardziej stabilne \u015brodowisko pracy, co przek\u0142ada si\u0119 na lepsz\u0105 og\u00f3ln\u0105 wydajno\u015b\u0107 systemu.<\/li>\n<\/ul>\n<p><strong>5. Ulepszone przetwarzanie ziarna<\/strong><\/p>\n<ul>\n<li>Sta\u0142a praca: Dzi\u0119ki niezawodnemu przenoszeniu mocy i precyzyjnej kontroli, przek\u0142adnie serii T zapewniaj\u0105 sta\u0142\u0105 i r\u00f3wnomiern\u0105 prac\u0119 urz\u0105dze\u0144 do transportu ziarna, takich jak przeno\u015bniki i \u015blimaki. Pomaga to zapobiega\u0107 uszkodzeniom ziarna i zapewnia jego wydajne przechowywanie.<\/li>\n<\/ul>\n<p>Zastosowanie przek\u0142adni do magazynowania zbo\u017ca serii T w zastosowaniach rolniczych zwi\u0119ksza wydajno\u015b\u0107, obni\u017ca koszty operacyjne i wyd\u0142u\u017ca \u017cywotno\u015b\u0107 sprz\u0119tu, jednocze\u015bnie zachowuj\u0105c wysok\u0105 niezawodno\u015b\u0107 i niskie wymagania konserwacyjne. Te zalety sprawiaj\u0105, \u017ce jest to doskona\u0142y wyb\u00f3r dla ka\u017cdego nowoczesnego magazynu zbo\u017ca, gwarantuj\u0105c p\u0142ynniejsz\u0105 prac\u0119 i wy\u017cszy zwrot z inwestycji.<\/p>\n<table style=\"border-collapse: collapse; width: 102.065%; height: 354px;\" border=\"0\" width=\"128\" cellspacing=\"0\" cellpadding=\"0\">\n<tbody>\n<tr style=\"height: 13.8pt;\">\n<td style=\"height: 13.8pt; width: 48.318%;\" align=\"right\" width=\"64\" height=\"18\"><img loading=\"lazy\" decoding=\"async\" class=\"alignnone size-full wp-image-3099\" src=\"https:\/\/fmp-components.com\/wp-content\/uploads\/2025\/01\/T-Series-Grain-Storage-Gearbox-for-Agricultural-1.webp\" alt=\"Przek\u0142adnia do przechowywania ziarna\" width=\"1000\" height=\"623\" title=\"\" srcset=\"https:\/\/fmp-components.com\/wp-content\/uploads\/2025\/01\/T-Series-Grain-Storage-Gearbox-for-Agricultural-1.webp 1000w, https:\/\/fmp-components.com\/wp-content\/uploads\/2025\/01\/T-Series-Grain-Storage-Gearbox-for-Agricultural-1-980x611.webp 980w, https:\/\/fmp-components.com\/wp-content\/uploads\/2025\/01\/T-Series-Grain-Storage-Gearbox-for-Agricultural-1-480x299.webp 480w\" sizes=\"(min-width: 0px) and (max-width: 480px) 480px, (min-width: 481px) and (max-width: 980px) 980px, (min-width: 981px) 1000px, 100vw\" \/><\/td>\n<td style=\"width: 51.58%;\" align=\"right\" width=\"64\"><img loading=\"lazy\" decoding=\"async\" class=\"alignnone size-full wp-image-3101\" src=\"https:\/\/fmp-components.com\/wp-content\/uploads\/2025\/01\/Grain-Storage-Gearbox-21.webp\" alt=\"Przek\u0142adnia do przechowywania ziarna\" width=\"946\" height=\"551\" title=\"\" srcset=\"https:\/\/fmp-components.com\/wp-content\/uploads\/2025\/01\/Grain-Storage-Gearbox-21.webp 946w, https:\/\/fmp-components.com\/wp-content\/uploads\/2025\/01\/Grain-Storage-Gearbox-21-480x280.webp 480w\" sizes=\"(min-width: 0px) and (max-width: 480px) 480px, (min-width: 481px) 946px, 100vw\" \/><\/td>\n<\/tr>\n<\/tbody>\n<\/table>\n<h2>Zastosowania przek\u0142adni do magazynowania ziarna serii T w rolnictwie<\/h2>\n<p>Przek\u0142adnia do magazynowania ziarna serii T jest szeroko stosowana w r\u00f3\u017cnych zastosowaniach rolniczych, szczeg\u00f3lnie w transporcie i magazynowaniu ziarna. Jej solidna konstrukcja i wydajno\u015b\u0107 sprawiaj\u0105, \u017ce jest ona niezb\u0119dnym elementem w wielu gospodarstwach rolnych. Oto niekt\u00f3re z kluczowych zastosowa\u0144 przek\u0142adni do magazynowania ziarna serii T:<\/p>\n<p><strong>1. Systemy transportu ziarna<\/strong><\/p>\n<ul>\n<li>Rola: Przek\u0142adnia nap\u0119dza przeno\u015bniki, kt\u00f3re transportuj\u0105 ziarno z jednego miejsca do drugiego w obr\u0119bie magazyn\u00f3w lub pomi\u0119dzy r\u00f3\u017cnymi etapami przetwarzania.<\/li>\n<li>Zastosowanie: Przek\u0142adnie serii T stosowane s\u0105 w przeno\u015bnikach kube\u0142kowych, poziomych i pochy\u0142ych, co zapewnia p\u0142ynny i wydajny ruch ziarna, redukuj\u0105c ryzyko zator\u00f3w i op\u00f3\u017anie\u0144.<\/li>\n<\/ul>\n<p><strong>2. Przeno\u015bniki \u015blimakowe do zbo\u017ca<\/strong><\/p>\n<ul>\n<li>Rola: Przeno\u015bniki \u015blimakowe s\u0105 powszechnie u\u017cywane do za\u0142adunku i roz\u0142adunku ziarna z ci\u0119\u017car\u00f3wek lub silos\u00f3w. Przek\u0142adnia serii T nap\u0119dza uk\u0142ad \u015blimakowy, zapewniaj\u0105c niezawodny i ci\u0105g\u0142y przep\u0142yw ziarna.<\/li>\n<li>Zastosowanie: Przek\u0142adnia zapewnia r\u00f3wnomierne obroty i optymaln\u0105 kontrol\u0119, zapobiegaj\u0105c zatykaniu si\u0119 i minimalizuj\u0105c zu\u017cycie uk\u0142adu \u015blimakowego, co przek\u0142ada si\u0119 na popraw\u0119 wydajno\u015bci operacyjnej.<\/li>\n<\/ul>\n<p><strong>3. Systemy suszenia ziarna<\/strong><\/p>\n<ul>\n<li>Rola: W suszarniach do ziarna przek\u0142adnia nap\u0119dza obracaj\u0105cy si\u0119 b\u0119ben lub system przeno\u015bnik\u00f3w, kt\u00f3ry zapewnia cyrkulacj\u0119 ziarna w celu r\u00f3wnomiernego suszenia.<\/li>\n<li>Zastosowanie: Zapewniaj\u0105c odpowiedni moment obrotowy, przek\u0142adnia serii T gwarantuje wydajne i efektywne suszenie, co ma kluczowe znaczenie dla zachowania jako\u015bci ziarna i obni\u017cenia zawarto\u015bci wilgoci.<\/li>\n<\/ul>\n<p><strong>4. Operacje w silosach do przechowywania zbo\u017ca<\/strong><\/p>\n<ul>\n<li>Rola: Przek\u0142adnia serii T nap\u0119dza r\u00f3\u017cne mechanizmy w silosach zbo\u017cowych, w tym systemy napowietrzania, \u015blimaki roz\u0142adowcze i przeno\u015bniki.<\/li>\n<li>Zastosowanie: Zapewnia p\u0142ynny i niezawodny transport ziarna do i z silos\u00f3w, zapewniaj\u0105c lepsze warunki przechowywania i redukuj\u0105c ryzyko psucia si\u0119 z powodu s\u0142abego napowietrzenia.<\/li>\n<\/ul>\n<p><strong>5. Sprz\u0119t do czyszczenia i sortowania ziarna<\/strong><\/p>\n<ul>\n<li>Rola: Przek\u0142adnia s\u0142u\u017cy do nap\u0119dzania silnik\u00f3w maszyn czyszcz\u0105cych i sortuj\u0105cych, takich jak sita wibracyjne, czyszczalnie i sortowniki, kt\u00f3re s\u0142u\u017c\u0105 do przygotowania ziarna do przechowywania lub sprzeda\u017cy.<\/li>\n<li>Zastosowanie: Dzi\u0119ki wydajnemu przenoszeniu mocy przek\u0142adnia serii T gwarantuje sta\u0142\u0105 wydajno\u015b\u0107 urz\u0105dze\u0144 czyszcz\u0105cych, pomagaj\u0105c w usuwaniu zanieczyszcze\u0144 i gwarantuj\u0105c, \u017ce przechowywane lub wysy\u0142ane b\u0119dzie wy\u0142\u0105cznie ziarno wysokiej jako\u015bci.<\/li>\n<\/ul>\n<p>Przek\u0142adnia do magazynowania ziarna serii T jest niezb\u0119dnym elementem w wielu procesach rolniczych, zapewniaj\u0105c niezawodne i wydajne przenoszenie mocy w r\u00f3\u017cnych systemach transportu, przetwarzania i magazynowania ziarna. Jej wszechstronno\u015b\u0107, wydajno\u015b\u0107 i trwa\u0142o\u015b\u0107 sprawiaj\u0105, \u017ce idealnie nadaje si\u0119 do transportu, suszenia, sortowania, mielenia i innych zastosowa\u0144 ziarna, gwarantuj\u0105c p\u0142ynn\u0105 prac\u0119 w szerokim zakresie zastosowa\u0144 rolniczych.<\/p>\n<p><img loading=\"lazy\" decoding=\"async\" class=\"alignnone size-full wp-image-3096\" src=\"https:\/\/fmp-components.com\/wp-content\/uploads\/2025\/01\/Grain-Storage-Gearbox-28.webp\" alt=\"Przek\u0142adnia do przechowywania ziarna\" width=\"1200\" height=\"950\" title=\"\" srcset=\"https:\/\/fmp-components.com\/wp-content\/uploads\/2025\/01\/Grain-Storage-Gearbox-28.webp 1200w, https:\/\/fmp-components.com\/wp-content\/uploads\/2025\/01\/Grain-Storage-Gearbox-28-980x776.webp 980w, https:\/\/fmp-components.com\/wp-content\/uploads\/2025\/01\/Grain-Storage-Gearbox-28-480x380.webp 480w\" sizes=\"(min-width: 0px) and (max-width: 480px) 480px, (min-width: 481px) and (max-width: 980px) 980px, (min-width: 981px) 1200px, 100vw\" \/><\/p>\n<h2>O FMP<\/h2>\n<p>Firma FMP, z siedzib\u0105 g\u0142\u00f3wn\u0105 we W\u0142oszech, to czo\u0142owy producent, znany ze swojego do\u015bwiadczenia w projektowaniu, rozwoju i produkcji wysokowydajnych przek\u0142adni, ze szczeg\u00f3lnym uwzgl\u0119dnieniem sektora maszyn rolniczych. Znana z precyzyjnej in\u017cynierii, innowacyjnych rozwi\u0105za\u0144 i niezmiennej niezawodno\u015bci, firma FMP ugruntowa\u0142a swoj\u0105 pozycj\u0119 zaufanego partnera zar\u00f3wno na rynku rolniczym, jak i przemys\u0142owym. Nasze bogate portfolio obejmuje przek\u0142adnie projektowane na zam\u00f3wienie do kosiarek, wa\u0142\u00f3w odbioru mocy (WOM) oraz szerok\u0105 gam\u0119 kluczowych komponent\u00f3w, wszystkie wykonane z dba\u0142o\u015bci\u0105 o szczeg\u00f3\u0142y, aby sprosta\u0107 zr\u00f3\u017cnicowanym potrzebom r\u00f3\u017cnych zastosowa\u0144.<\/p>\n<p>W FMP zdajemy sobie spraw\u0119, \u017ce ka\u017cdy klient stoi przed wyj\u0105tkowymi wyzwaniami. Dlatego specjalizujemy si\u0119 w dostarczaniu rozwi\u0105za\u0144 szytych na miar\u0119, zar\u00f3wno dla pojedynczych komponent\u00f3w, jak i w pe\u0142ni zintegrowanych system\u00f3w. Dzi\u0119ki bliskiej wsp\u00f3\u0142pracy z naszymi klientami gwarantujemy, \u017ce ka\u017cde rozwi\u0105zanie nie tylko spe\u0142nia ich specyficzne wymagania, ale tak\u017ce zwi\u0119ksza wydajno\u015b\u0107 i maksymalizuje warto\u015b\u0107. Nasze zaanga\u017cowanie w udzielanie szybkich, profesjonalnych odpowiedzi i fachowe doradztwo gwarantuje, \u017ce ka\u017cde zapytanie jest obs\u0142ugiwane precyzyjnie, zawsze prowadz\u0105c do optymalnych rezultat\u00f3w.<\/p>\n<p>Jasna i ci\u0105g\u0142a komunikacja stanowi podstaw\u0119 naszego podej\u015bcia w ca\u0142ym cyklu rozwoju produktu. Nasz zaanga\u017cowany zesp\u00f3\u0142 wsp\u00f3\u0142pracuje bezpo\u015brednio z klientami, aby dog\u0142\u0119bnie zrozumie\u0107 ich potrzeby, oferuj\u0105c cenne spostrze\u017cenia i rekomendacje, kt\u00f3re pomog\u0105 im osi\u0105gn\u0105\u0107 najlepsze rezultaty. Niezale\u017cnie od tego, czy projektujemy nowatorskie produkty, czy realizujemy rutynowe zam\u00f3wienia, FMP niezmiennie d\u0105\u017cy do dostarczania wysokiej jako\u015bci, precyzyjnie zaprojektowanych rozwi\u0105za\u0144 na czas i za ka\u017cdym razem. Nasz\u0105 misj\u0105 jest konsekwentne przekraczanie oczekiwa\u0144 klient\u00f3w poprzez zapewnianie wyj\u0105tkowej obs\u0142ugi i znakomitych rezultat\u00f3w w ka\u017cdym projekcie.<\/p>\n<p>Jako\u015b\u0107 jest kluczowa dla wszystkiego, co robimy w FMP. Przestrzegamy najwy\u017cszych standard\u00f3w produkcyjnych i stosujemy rygorystyczne \u015brodki kontroli jako\u015bci, aby zapewni\u0107, \u017ce ka\u017cdy produkt nie tylko spe\u0142nia, ale cz\u0119sto przewy\u017csza bran\u017cowe standardy. To zaanga\u017cowanie w d\u0105\u017cenie do doskona\u0142o\u015bci, w po\u0142\u0105czeniu z naszymi podstawowymi warto\u015bciami, takimi jak uczciwo\u015b\u0107, praca zespo\u0142owa i wytrwa\u0142o\u015b\u0107, pozwoli\u0142o nam zbudowa\u0107 d\u0142ugotrwa\u0142e, oparte na zaufaniu relacje z klientami w prawie 30 krajach na ca\u0142ym \u015bwiecie.<\/p>\n<p>FMP zawsze ch\u0119tnie nawi\u0105zuje globalne partnerstwa, oferuj\u0105c fachowe doradztwo i rozwi\u0105zania dostosowane do zmieniaj\u0105cych si\u0119 potrzeb naszych klient\u00f3w. Zale\u017cy nam na budowaniu d\u0142ugoterminowych, korzystnych dla obu stron relacji, kt\u00f3re s\u0105 motorem sukcesu ka\u017cdego projektu. Niezale\u017cnie od tego, czy szukasz innowacyjnych rozwi\u0105za\u0144 dla nowego przedsi\u0119wzi\u0119cia, czy potrzebujesz sta\u0142ego wsparcia dla istniej\u0105cego systemu, FMP s\u0142u\u017cy pomoc\u0105 w pokonywaniu wyzwa\u0144 technicznych i zapewnieniu Ci ci\u0105g\u0142ego sukcesu.<\/p>\n<p><img loading=\"lazy\" decoding=\"async\" class=\"alignnone wp-image-2695\" src=\"https:\/\/fmp-components.com\/wp-content\/uploads\/2025\/01\/agricultural-gearbox3.webp\" alt=\"skrzynia bieg\u00f3w rolnicza\" width=\"1140\" height=\"1138\" title=\"\" srcset=\"https:\/\/fmp-components.com\/wp-content\/uploads\/2025\/01\/agricultural-gearbox3.webp 1140w, https:\/\/fmp-components.com\/wp-content\/uploads\/2025\/01\/agricultural-gearbox3-480x479.webp 480w\" sizes=\"(min-width: 0px) and (max-width: 480px) 480px, (min-width: 481px) 1140px, 100vw\" \/><\/p>\n<p>Autor: CX<\/p>","protected":false},"excerpt":{"rendered":"<p>T Series Grain Storage Gearbox FMP-4090 Specifications Product Name Grain storage gearbox Material A380 for housing, 40CrMnTi for gear shaft. Color Customized Ratio 1:35:1 Rate power 45HP Weight 13.2KG Used Grain storage Benefits of Using the T Series Grain Storage Gearbox for Agricultural The T Series Grain Storage Gearbox offers numerous advantages for agricultural applications, [&hellip;]<\/p>","protected":false},"featured_media":3098,"comment_status":"open","ping_status":"closed","template":"","meta":{"_et_pb_use_builder":"","_et_pb_old_content":"","_et_gb_content_width":""},"product_brand":[],"product_cat":[73],"product_tag":[],"class_list":{"0":"post-3094","1":"product","2":"type-product","3":"status-publish","4":"has-post-thumbnail","6":"product_cat-grain-storage-gearbox","8":"first","9":"instock","10":"shipping-taxable","11":"product-type-simple"},"_links":{"self":[{"href":"https:\/\/fmp-components.com\/pl\/wp-json\/wp\/v2\/product\/3094","targetHints":{"allow":["GET"]}}],"collection":[{"href":"https:\/\/fmp-components.com\/pl\/wp-json\/wp\/v2\/product"}],"about":[{"href":"https:\/\/fmp-components.com\/pl\/wp-json\/wp\/v2\/types\/product"}],"replies":[{"embeddable":true,"href":"https:\/\/fmp-components.com\/pl\/wp-json\/wp\/v2\/comments?post=3094"}],"wp:featuredmedia":[{"embeddable":true,"href":"https:\/\/fmp-components.com\/pl\/wp-json\/wp\/v2\/media\/3098"}],"wp:attachment":[{"href":"https:\/\/fmp-components.com\/pl\/wp-json\/wp\/v2\/media?parent=3094"}],"wp:term":[{"taxonomy":"product_brand","embeddable":true,"href":"https:\/\/fmp-components.com\/pl\/wp-json\/wp\/v2\/product_brand?post=3094"},{"taxonomy":"product_cat","embeddable":true,"href":"https:\/\/fmp-components.com\/pl\/wp-json\/wp\/v2\/product_cat?post=3094"},{"taxonomy":"product_tag","embeddable":true,"href":"https:\/\/fmp-components.com\/pl\/wp-json\/wp\/v2\/product_tag?post=3094"}],"curies":[{"name":"wp","href":"https:\/\/api.w.org\/{rel}","templated":true}]}}