{"id":3088,"date":"2025-01-04T08:55:19","date_gmt":"2025-01-04T08:55:19","guid":{"rendered":"https:\/\/fmp-components.com\/?page_id=8"},"modified":"2025-01-04T09:00:03","modified_gmt":"2025-01-04T09:00:03","slug":"agricultural-combine-harvester-reversing-gearbox-for-rice-harvesting","status":"publish","type":"product","link":"https:\/\/fmp-components.com\/pl\/product\/agricultural-combine-harvester-reversing-gearbox-for-rice-harvesting\/","title":{"rendered":"Przek\u0142adnia rewersyjna kombajnu rolniczego do zbioru ry\u017cu"},"content":{"rendered":"<p><img loading=\"lazy\" decoding=\"async\" class=\"alignnone size-full wp-image-3090\" src=\"https:\/\/fmp-components.com\/wp-content\/uploads\/2025\/01\/10_Combine-Harvester-Gearbox-2.webp\" alt=\"Skrzynia bieg\u00f3w kombajnu zbo\u017cowego\" width=\"1534\" height=\"1138\" title=\"\" srcset=\"https:\/\/fmp-components.com\/wp-content\/uploads\/2025\/01\/10_Combine-Harvester-Gearbox-2.webp 1534w, https:\/\/fmp-components.com\/wp-content\/uploads\/2025\/01\/10_Combine-Harvester-Gearbox-2-1280x950.webp 1280w, https:\/\/fmp-components.com\/wp-content\/uploads\/2025\/01\/10_Combine-Harvester-Gearbox-2-980x727.webp 980w, https:\/\/fmp-components.com\/wp-content\/uploads\/2025\/01\/10_Combine-Harvester-Gearbox-2-480x356.webp 480w\" sizes=\"(min-width: 0px) and (max-width: 480px) 480px, (min-width: 481px) and (max-width: 980px) 980px, (min-width: 981px) and (max-width: 1280px) 1280px, (min-width: 1281px) 1534px, 100vw\" \/><\/p>\n<h2>Specyfikacja produktu:<\/h2>\n<table style=\"width: 86.1946%; height: 161px;\" border=\"1\" cellspacing=\"0\" cellpadding=\"0\">\n<tbody>\n<tr>\n<td>Nazwa produktu<\/td>\n<td>Kr\u00f3tki kombajn cofaj\u0105cy do kombajnu do ry\u017cu<\/td>\n<\/tr>\n<tr>\n<td>Tworzywo<\/td>\n<td>QT450 na obudow\u0119, 20CrMnTi na wa\u0142ek przek\u0142adni.<\/td>\n<\/tr>\n<tr>\n<td>Kolor<\/td>\n<td>Personalizacja<\/td>\n<\/tr>\n<tr>\n<td>Model<\/td>\n<td>\u00a0FMP-1.6Z.03-05<\/td>\n<\/tr>\n<tr>\n<td>U\u017cywany<\/td>\n<td>Kombajn do ry\u017cu<\/td>\n<\/tr>\n<\/tbody>\n<\/table>\n<h2>Zalety stosowania przek\u0142adni rewersyjnej kombajnu zbo\u017cowego<\/h2>\n<p>Przek\u0142adnia nawrotna kombajnu zbo\u017cowego oferuje szereg istotnych zalet, kt\u00f3re zwi\u0119kszaj\u0105 wydajno\u015b\u0107 i funkcjonalno\u015b\u0107 kombajnu. Oto kilka kluczowych korzy\u015bci p\u0142yn\u0105cych z zastosowania tej specjalistycznej przek\u0142adni:<\/p>\n<p><strong>1. Poprawiona zwrotno\u015b\u0107<\/strong><\/p>\n<ul>\n<li>Przek\u0142adnia nawrotna umo\u017cliwia kombajnowi \u0142atwe cofanie bez konieczno\u015bci wykonywania skomplikowanych manewr\u00f3w, zatrzymywania si\u0119 i zawracania. Jest to szczeg\u00f3lnie przydatne w ciasnych przestrzeniach lub podczas regulacji pozycji na polu, co poprawia og\u00f3ln\u0105 wydajno\u015b\u0107 operacyjn\u0105.<\/li>\n<\/ul>\n<p><strong>2. Zwi\u0119kszona wydajno\u015b\u0107 operacyjna<\/strong><\/p>\n<ul>\n<li>Dzi\u0119ki przek\u0142adni rewersyjnej kombajn mo\u017ce szybko zmienia\u0107 kierunek jazdy bez konieczno\u015bci roz\u0142\u0105czania lub prze\u0142\u0105czania bieg\u00f3w. Pozwala to na p\u0142ynniejsze i szybsze przej\u015bcia podczas wjazdu i wyjazdu z obszar\u00f3w o g\u0119stych plonach, skracaj\u0105c przestoje i poprawiaj\u0105c wydajno\u015b\u0107 zbior\u00f3w.<\/li>\n<\/ul>\n<p><strong>3. Zwi\u0119kszona produktywno\u015b\u0107<\/strong><\/p>\n<ul>\n<li>Dzi\u0119ki mo\u017cliwo\u015bci szybkiego cofania bez zatrzymywania si\u0119, operatorzy mog\u0105 unikn\u0105\u0107 op\u00f3\u017anie\u0144 i skr\u00f3ci\u0107 czas potrzebny na zmian\u0119 pozycji maszyny. Przek\u0142ada si\u0119 to na wy\u017csz\u0105 og\u00f3ln\u0105 wydajno\u015b\u0107 podczas zbior\u00f3w, szczeg\u00f3lnie na polach, kt\u00f3re wymagaj\u0105 cz\u0119stych zmian kierunku z powodu przeszk\u00f3d, zakr\u0119t\u00f3w lub nier\u00f3wnego terenu.<\/li>\n<\/ul>\n<p><strong>4. Wi\u0119ksza wszechstronno\u015b\u0107<\/strong><\/p>\n<ul>\n<li>Przek\u0142adnia rewersyjna zapewnia wi\u0119ksz\u0105 elastyczno\u015b\u0107 w warunkach pracy. Pomaga kombajnowi dostosowa\u0107 si\u0119 do r\u00f3\u017cnorodnych zada\u0144, takich jak usuwanie resztek po\u017cniwnych, cofanie w celu dostosowania pozycji zespo\u0142u \u017cniwnego lub omijanie przeszk\u00f3d \u2013 wszystko to bez konieczno\u015bci zmiany biegu lub zatrzymywania pracy.<\/li>\n<\/ul>\n<p><strong>5. Mniejsze zu\u017cycie<\/strong><\/p>\n<ul>\n<li>Skrzynia bieg\u00f3w zapewnia p\u0142ynniejsz\u0105 prac\u0119 podczas cofania, zmniejszaj\u0105c zu\u017cycie innych kluczowych podzespo\u0142\u00f3w, takich jak sprz\u0119g\u0142o i skrzynia bieg\u00f3w. Minimalizuje r\u00f3wnie\u017c potrzeb\u0119 r\u0119cznej ingerencji, wyd\u0142u\u017caj\u0105c \u017cywotno\u015b\u0107 uk\u0142adu nap\u0119dowego pojazdu i zmniejszaj\u0105c ryzyko awarii mechanicznych.<\/li>\n<\/ul>\n<p>Podsumowuj\u0105c, przek\u0142adnia nawrotna do kombajnu zbo\u017cowego oferuje korzy\u015bci takie jak zwi\u0119kszona zwrotno\u015b\u0107, wydajno\u015b\u0107 operacyjna i produktywno\u015b\u0107, a jednocze\u015bnie poprawia bezpiecze\u0144stwo, zmniejsza zu\u017cycie i poprawia efektywno\u015b\u0107 paliwow\u0105. Te zalety sprawiaj\u0105, \u017ce jest ona niezb\u0119dnym elementem nowoczesnych kombajn\u00f3w zbo\u017cowych, zapewniaj\u0105c rolnikom oszcz\u0119dno\u015b\u0107 czasu i koszt\u00f3w.<\/p>\n<p><img loading=\"lazy\" decoding=\"async\" class=\"alignnone  wp-image-3091\" src=\"https:\/\/fmp-components.com\/wp-content\/uploads\/2025\/01\/10_Combine-Harvester-Gearbox-12.webp\" alt=\"Skrzynia bieg\u00f3w kombajnu zbo\u017cowego\" width=\"1078\" height=\"609\" title=\"\" srcset=\"https:\/\/fmp-components.com\/wp-content\/uploads\/2025\/01\/10_Combine-Harvester-Gearbox-12.webp 1078w, https:\/\/fmp-components.com\/wp-content\/uploads\/2025\/01\/10_Combine-Harvester-Gearbox-12-980x554.webp 980w, https:\/\/fmp-components.com\/wp-content\/uploads\/2025\/01\/10_Combine-Harvester-Gearbox-12-480x271.webp 480w\" sizes=\"(min-width: 0px) and (max-width: 480px) 480px, (min-width: 481px) and (max-width: 980px) 980px, (min-width: 981px) 1078px, 100vw\" \/><\/p>\n<h2>Kluczowe elementy przek\u0142adni rewersyjnej kombajnu zbo\u017cowego<\/h2>\n<div class=\"flex-shrink-0 flex flex-col relative items-end\">\n<div>\n<div class=\"pt-0\">\n<div class=\"gizmo-bot-avatar flex h-8 w-8 items-center justify-center overflow-hidden rounded-full\">\n<div class=\"relative p-1 rounded-sm flex items-center justify-center bg-token-main-surface-primary text-token-text-primary h-8 w-8\">Przek\u0142adnia nawrotna kombajnu zbo\u017cowego to kluczowy element nowoczesnych kombajn\u00f3w zbo\u017cowych, umo\u017cliwiaj\u0105cy sprawne i p\u0142ynne cofanie bez konieczno\u015bci r\u0119cznej zmiany bieg\u00f3w. Integruje ona r\u00f3\u017cne komponenty mechaniczne, kt\u00f3re wsp\u00f3\u0142pracuj\u0105 ze sob\u0105, zapewniaj\u0105c niezawodne przenoszenie mocy i sterowanie. Oto kluczowe elementy przek\u0142adni nawrotnej kombajnu zbo\u017cowego:<\/div>\n<\/div>\n<\/div>\n<\/div>\n<\/div>\n<div class=\"group\/conversation-turn relative flex w-full min-w-0 flex-col agent-turn\">\n<div class=\"flex-col gap-1 md:gap-3\">\n<div class=\"flex max-w-full flex-col flex-grow\">\n<div class=\"min-h-8 text-message flex w-full flex-col items-end gap-2 whitespace-normal break-words text-start [.text-message+&amp;]:mt-5\" dir=\"auto\" data-message-author-role=\"assistant\" data-message-id=\"e6cb3039-0226-4bda-ac7c-bde40b961baf\" data-message-model-slug=\"gpt-4o-mini\">\n<div class=\"flex w-full flex-col gap-1 empty:hidden first:pt-[3px]\">\n<div class=\"markdown prose w-full break-words dark:prose-invert light\">\n<p><strong>1. Wa\u0142 wej\u015bciowy<\/strong><\/p>\n<ul>\n<li>Wa\u0142 wej\u015bciowy przekazuje moc z silnika do skrzyni bieg\u00f3w. Jest to g\u0142\u00f3wne po\u0142\u0105czenie, przez kt\u00f3re si\u0142a obrotowa silnika trafia do skrzyni bieg\u00f3w, inicjuj\u0105c proces zmiany bieg\u00f3w.<\/li>\n<\/ul>\n<p><strong>2. Zestaw biegu wstecznego<\/strong><\/p>\n<ul>\n<li>Ten zestaw k\u00f3\u0142 z\u0119batych odpowiada za zmian\u0119 kierunku obrot\u00f3w. Po aktywacji zmienia kierunek obrot\u00f3w wa\u0142u wyj\u015bciowego, umo\u017cliwiaj\u0105c kombajnowi ruch do ty\u0142u. Zestaw k\u00f3\u0142 z\u0119batych do ty\u0142u zazwyczaj sk\u0142ada si\u0119 z k\u00f3\u0142 napinaj\u0105cych, k\u00f3\u0142 z\u0119batych czo\u0142owych i k\u00f3\u0142 z\u0119batych z\u0119bnika, kt\u00f3re za\u0142\u0105czaj\u0105 si\u0119 i roz\u0142\u0105czaj\u0105, zmieniaj\u0105c kierunek obrot\u00f3w.<\/li>\n<\/ul>\n<p><strong>3. G\u0142\u00f3wna obudowa przek\u0142adni<\/strong><\/p>\n<ul>\n<li>Obudowa przek\u0142adni to zewn\u0119trzna obudowa, kt\u00f3ra zawiera i chroni wszystkie elementy wewn\u0119trzne. Zazwyczaj jest wykonana z trwa\u0142ych materia\u0142\u00f3w, takich jak \u017celiwo lub stal, aby wytrzyma\u0107 wysokie napr\u0119\u017cenia i ci\u015bnienia wyst\u0119puj\u0105ce podczas pracy. Obudowa zapewnia r\u00f3wnie\u017c prawid\u0142owe ustawienie k\u00f3\u0142 z\u0119batych i wa\u0142\u00f3w.<\/li>\n<\/ul>\n<p><strong>4. Wa\u0142 wyj\u015bciowy<\/strong><\/p>\n<ul>\n<li>Wa\u0142 wyj\u015bciowy przekazuje moc ze skrzyni bieg\u00f3w do uk\u0142adu nap\u0119dowego kombajnu. Wa\u0142 ten jest po\u0142\u0105czony z ko\u0142ami lub g\u0105sienicami kombajnu, umo\u017cliwiaj\u0105c mu poruszanie si\u0119 do przodu lub do ty\u0142u w zale\u017cno\u015bci od za\u0142\u0105czonego biegu.<\/li>\n<\/ul>\n<p><strong>5. Mechanizm sprz\u0119g\u0142a<\/strong><\/p>\n<ul>\n<li>Sprz\u0119g\u0142o s\u0142u\u017cy do za\u0142\u0105czania i wy\u0142\u0105czania skrzyni bieg\u00f3w z nap\u0119du silnika. Pozwala operatorowi kontrolowa\u0107 po\u0142\u0105czenie mi\u0119dzy silnikiem a skrzyni\u0105 bieg\u00f3w, zapewniaj\u0105c p\u0142ynn\u0105 zmian\u0119 bieg\u00f3w. W skrzyni bieg\u00f3w z nawrotem sprz\u0119g\u0142o u\u0142atwia zar\u00f3wno jazd\u0119 do przodu, jak i do ty\u0142u.<\/li>\n<\/ul>\n<p>Te kluczowe komponenty wsp\u00f3\u0142pracuj\u0105 ze sob\u0105, tworz\u0105c wysoce wydajny i niezawodny uk\u0142ad nawrotny dla kombajn\u00f3w zbo\u017cowych. Przek\u0142adnia nawrotna umo\u017cliwia operatorom \u0142atwe prze\u0142\u0105czanie mi\u0119dzy jazd\u0105 do przodu i do ty\u0142u, co poprawia zwrotno\u015b\u0107, wydajno\u015b\u0107 i efektywno\u015b\u0107 operacyjn\u0105 w polu.<\/p>\n<p><img loading=\"lazy\" decoding=\"async\" class=\"alignnone size-full wp-image-3092\" src=\"https:\/\/fmp-components.com\/wp-content\/uploads\/2025\/01\/10_Combine-Harvester-Gearbox-14.webp\" alt=\"Skrzynia bieg\u00f3w kombajnu zbo\u017cowego\" width=\"1280\" height=\"720\" title=\"\" srcset=\"https:\/\/fmp-components.com\/wp-content\/uploads\/2025\/01\/10_Combine-Harvester-Gearbox-14.webp 1280w, https:\/\/fmp-components.com\/wp-content\/uploads\/2025\/01\/10_Combine-Harvester-Gearbox-14-980x551.webp 980w, https:\/\/fmp-components.com\/wp-content\/uploads\/2025\/01\/10_Combine-Harvester-Gearbox-14-480x270.webp 480w\" sizes=\"(min-width: 0px) and (max-width: 480px) 480px, (min-width: 481px) and (max-width: 980px) 980px, (min-width: 981px) 1280px, 100vw\" \/><\/p>\n<h2>O FMP<\/h2>\n<p>Firma FMP, z siedzib\u0105 g\u0142\u00f3wn\u0105 we W\u0142oszech, jest wiod\u0105cym producentem, znanym ze swojego do\u015bwiadczenia w projektowaniu, rozwoju i produkcji wysokowydajnych przek\u0142adni, koncentruj\u0105cym si\u0119 przede wszystkim na sektorze maszyn rolniczych. Znana z precyzyjnej in\u017cynierii, innowacyjnych rozwi\u0105za\u0144 i wysokiej niezawodno\u015bci, FMP zyska\u0142a reputacj\u0119 zaufanego partnera zar\u00f3wno na rynku rolniczym, jak i przemys\u0142owym. Nasza kompleksowa oferta obejmuje przek\u0142adnie projektowane na zam\u00f3wienie do kosiarek, wa\u0142\u00f3w odbioru mocy (WOM) oraz szerok\u0105 gam\u0119 niezb\u0119dnych komponent\u00f3w, starannie wykonanych, aby sprosta\u0107 specyficznym wymaganiom r\u00f3\u017cnych zastosowa\u0144.<\/p>\n<p>W FMP rozumiemy, \u017ce ka\u017cdy klient stoi przed wyj\u0105tkowymi wyzwaniami. Dlatego specjalizujemy si\u0119 w dostarczaniu rozwi\u0105za\u0144 szytych na miar\u0119, zar\u00f3wno dla pojedynczych komponent\u00f3w, jak i w pe\u0142ni zintegrowanych system\u00f3w. Dzi\u0119ki bliskiej wsp\u00f3\u0142pracy z naszymi klientami dbamy o to, aby ka\u017cde rozwi\u0105zanie nie tylko spe\u0142nia\u0142o ich potrzeby, ale tak\u017ce optymalizowa\u0142o wydajno\u015b\u0107 i maksymalizowa\u0142o warto\u015b\u0107. Nasze zaanga\u017cowanie w szybk\u0105, profesjonaln\u0105 obs\u0142ug\u0119 i fachowe doradztwo gwarantuje, \u017ce ka\u017cde zapytanie zostanie rozpatrzone precyzyjnie, zapewniaj\u0105c najlepsze rezultaty za ka\u017cdym razem.<\/p>\n<p>Priorytetem jest dla nas jasna i ci\u0105g\u0142a komunikacja w ca\u0142ym cyklu rozwoju produktu. Nasz zaanga\u017cowany zesp\u00f3\u0142 \u015bci\u015ble wsp\u00f3\u0142pracuje z klientami, aby dog\u0142\u0119bnie zrozumie\u0107 ich wymagania i dostarcza\u0107 im cennych spostrze\u017ce\u0144 oraz rekomendacji, kt\u00f3re pomog\u0105 im osi\u0105gn\u0105\u0107 optymalne rezultaty. Niezale\u017cnie od tego, czy projektujemy najnowocze\u015bniejsze produkty, czy realizujemy rutynowe zam\u00f3wienia, FMP dok\u0142ada wszelkich stara\u0144, aby dostarcza\u0107 wysokiej jako\u015bci, precyzyjnie zaprojektowane rozwi\u0105zania na czas i za ka\u017cdym razem. Nasz\u0105 misj\u0105 jest konsekwentne przekraczanie oczekiwa\u0144 klient\u00f3w, zapewniaj\u0105c wyj\u0105tkow\u0105 obs\u0142ug\u0119 i rezultaty w ka\u017cdym projekcie.<\/p>\n<p>Jako\u015b\u0107 jest sercem dzia\u0142alno\u015bci FMP. Przestrzegamy najwy\u017cszych standard\u00f3w produkcyjnych i wdra\u017camy rygorystyczne \u015brodki kontroli jako\u015bci, aby zapewni\u0107, \u017ce ka\u017cdy produkt spe\u0142nia, a cz\u0119sto przewy\u017csza standardy bran\u017cowe. To zaanga\u017cowanie w d\u0105\u017cenie do doskona\u0142o\u015bci, wraz z naszymi podstawowymi warto\u015bciami, takimi jak uczciwo\u015b\u0107, praca zespo\u0142owa i wytrwa\u0142o\u015b\u0107, pozwoli\u0142o nam zbudowa\u0107 d\u0142ugotrwa\u0142e, oparte na zaufaniu relacje z klientami w prawie 30 krajach na ca\u0142ym \u015bwiecie.<\/p>\n<p>FMP zawsze ch\u0119tnie nawi\u0105zuje globalne partnerstwa, oferuj\u0105c fachowe doradztwo i rozwi\u0105zania dostosowane do zmieniaj\u0105cych si\u0119 potrzeb naszych klient\u00f3w. D\u0105\u017cymy do budowania d\u0142ugoterminowych, korzystnych dla obu stron relacji, kt\u00f3re przyczyniaj\u0105 si\u0119 do sukcesu ka\u017cdego projektu. Niezale\u017cnie od tego, czy potrzebujesz innowacyjnych rozwi\u0105za\u0144 dla nowej inicjatywy, czy sta\u0142ego wsparcia dla istniej\u0105cego systemu, FMP jest gotowe pom\u00f3c Ci pokona\u0107 wyzwania techniczne i zapewni\u0107 Ci sta\u0142y sukces.<\/p>\n<p><img loading=\"lazy\" decoding=\"async\" class=\"alignnone wp-image-2695\" src=\"https:\/\/fmp-components.com\/wp-content\/uploads\/2025\/01\/agricultural-gearbox3.webp\" alt=\"skrzynia bieg\u00f3w rolnicza\" width=\"1140\" height=\"1138\" title=\"\" srcset=\"https:\/\/fmp-components.com\/wp-content\/uploads\/2025\/01\/agricultural-gearbox3.webp 1140w, https:\/\/fmp-components.com\/wp-content\/uploads\/2025\/01\/agricultural-gearbox3-480x479.webp 480w\" sizes=\"(min-width: 0px) and (max-width: 480px) 480px, (min-width: 481px) 1140px, 100vw\" \/><\/p>\n<p>Autor: CX<\/p>\n<\/div>\n<\/div>\n<\/div>\n<\/div>\n<\/div>\n<\/div>","protected":false},"excerpt":{"rendered":"<p>Product Specifications: Product Name Short harvester reversing for rice harvester Material QT450 for housing, 20CrMnTi for gear shaft. Color Customization Model \u00a0FMP-1.6Z.03-05 Used Rice harvester Advantages of Using the Combine Harvester Reversing Gearbox The Combine Harvester Reversing Gearbox offers several significant advantages that enhance the efficiency and functionality of the harvester. Here are some key [&hellip;]<\/p>","protected":false},"featured_media":3093,"comment_status":"open","ping_status":"closed","template":"","meta":{"_et_pb_use_builder":"","_et_pb_old_content":"","_et_gb_content_width":""},"product_brand":[],"product_cat":[72],"product_tag":[],"class_list":{"0":"post-3088","1":"product","2":"type-product","3":"status-publish","4":"has-post-thumbnail","6":"product_cat-combine-harvester-gearbox","8":"first","9":"instock","10":"shipping-taxable","11":"product-type-simple"},"_links":{"self":[{"href":"https:\/\/fmp-components.com\/pl\/wp-json\/wp\/v2\/product\/3088","targetHints":{"allow":["GET"]}}],"collection":[{"href":"https:\/\/fmp-components.com\/pl\/wp-json\/wp\/v2\/product"}],"about":[{"href":"https:\/\/fmp-components.com\/pl\/wp-json\/wp\/v2\/types\/product"}],"replies":[{"embeddable":true,"href":"https:\/\/fmp-components.com\/pl\/wp-json\/wp\/v2\/comments?post=3088"}],"wp:featuredmedia":[{"embeddable":true,"href":"https:\/\/fmp-components.com\/pl\/wp-json\/wp\/v2\/media\/3093"}],"wp:attachment":[{"href":"https:\/\/fmp-components.com\/pl\/wp-json\/wp\/v2\/media?parent=3088"}],"wp:term":[{"taxonomy":"product_brand","embeddable":true,"href":"https:\/\/fmp-components.com\/pl\/wp-json\/wp\/v2\/product_brand?post=3088"},{"taxonomy":"product_cat","embeddable":true,"href":"https:\/\/fmp-components.com\/pl\/wp-json\/wp\/v2\/product_cat?post=3088"},{"taxonomy":"product_tag","embeddable":true,"href":"https:\/\/fmp-components.com\/pl\/wp-json\/wp\/v2\/product_tag?post=3088"}],"curies":[{"name":"wp","href":"https:\/\/api.w.org\/{rel}","templated":true}]}}