{"id":304,"date":"2024-12-09T06:10:04","date_gmt":"2024-12-09T06:10:04","guid":{"rendered":"https:\/\/fmp-components.com\/?page_id=8"},"modified":"2024-12-09T06:44:10","modified_gmt":"2024-12-09T06:44:10","slug":"forklift-lifting-hydraulic-cylinder","status":"publish","type":"product","link":"https:\/\/fmp-components.com\/pl\/product\/forklift-lifting-hydraulic-cylinder\/","title":{"rendered":"Si\u0142ownik hydrauliczny do podnoszenia w\u00f3zka wid\u0142owego"},"content":{"rendered":"<p style=\"text-align: center;\"><span style=\"font-size: 24pt;\">Si\u0142ownik hydrauliczny do podnoszenia w\u00f3zka wid\u0142owego<\/span><\/p>\n<h2><img loading=\"lazy\" decoding=\"async\" class=\"alignnone wp-image-311\" src=\"https:\/\/fmp-components.com\/wp-content\/uploads\/2024\/12\/Forklift-Lifting-Hydraulic-Cylinder-2.webp\" alt=\"W\u00f3zek wid\u0142owy-podno\u015bnik-si\u0142ownik hydrauliczny\" width=\"931\" height=\"931\" title=\"\" srcset=\"https:\/\/fmp-components.com\/wp-content\/uploads\/2024\/12\/Forklift-Lifting-Hydraulic-Cylinder-2.webp 931w, https:\/\/fmp-components.com\/wp-content\/uploads\/2024\/12\/Forklift-Lifting-Hydraulic-Cylinder-2-480x480.webp 480w\" sizes=\"(min-width: 0px) and (max-width: 480px) 480px, (min-width: 481px) 931px, 100vw\" \/><\/h2>\n<h2><strong>Wymiary cylindra hydraulicznego do podnoszenia w\u00f3zka wid\u0142owego:<\/strong><\/h2>\n<p><img loading=\"lazy\" decoding=\"async\" class=\"alignnone size-full wp-image-306\" src=\"https:\/\/fmp-components.com\/wp-content\/uploads\/2024\/12\/Forklift-Lifting-Hydraulic-Cylinder-Dimensions.webp\" alt=\"Wymiary si\u0142ownika hydraulicznego do podnoszenia w\u00f3zk\u00f3w wid\u0142owych\" width=\"1024\" height=\"403\" title=\"\" srcset=\"https:\/\/fmp-components.com\/wp-content\/uploads\/2024\/12\/Forklift-Lifting-Hydraulic-Cylinder-Dimensions.webp 1024w, https:\/\/fmp-components.com\/wp-content\/uploads\/2024\/12\/Forklift-Lifting-Hydraulic-Cylinder-Dimensions-980x386.webp 980w, https:\/\/fmp-components.com\/wp-content\/uploads\/2024\/12\/Forklift-Lifting-Hydraulic-Cylinder-Dimensions-480x189.webp 480w\" sizes=\"(min-width: 0px) and (max-width: 480px) 480px, (min-width: 481px) and (max-width: 980px) 980px, (min-width: 981px) 1024px, 100vw\" \/><\/p>\n<table border=\"1\" cellspacing=\"0\" cellpadding=\"0\">\n<tbody>\n<tr>\n<td width=\"246\">Nazwa cylindra<\/td>\n<td width=\"336\">numer rysunku<\/td>\n<td width=\"126\">\u015brednica otworu (D)<\/td>\n<td width=\"123\">\u015brednica pr\u0119ta (d)<\/td>\n<td width=\"114\">udar (S)<\/td>\n<td width=\"170\">Odleg\u0142o\u015b\u0107 instalacji (L)<\/td>\n<td width=\"172\">ci\u015bnienie robocze<\/td>\n<td width=\"366\">Wymiary interfejsu (M)<\/td>\n<td width=\"96\">waga<\/td>\n<\/tr>\n<tr>\n<td class=\"et3\" width=\"246\" height=\"153\">Cylinder podnosz\u0105cy<\/td>\n<td class=\"et4\" width=\"336\">N30M300-5\/400000-000<\/td>\n<td class=\"et4\" width=\"126\">\u03a656<\/td>\n<td class=\"et4\" width=\"123\">\u03a645<\/td>\n<td class=\"et4\" width=\"114\">1500<\/td>\n<td class=\"et4\" width=\"170\">1658<\/td>\n<td class=\"et4\" width=\"172\">18,1 MPa<\/td>\n<td class=\"et4\" width=\"366\">G1\/2<\/td>\n<td class=\"et4\" width=\"96\">32,6 kg<\/td>\n<\/tr>\n<tr>\n<td class=\"et3\" width=\"246\" height=\"153\">Cylinder podnosz\u0105cy<\/td>\n<td class=\"et4\">A2A30M300-400000-000<\/td>\n<td class=\"et4\">\u03a656<\/td>\n<td class=\"et4\">\u03a645<\/td>\n<td class=\"et4\">1500<\/td>\n<td class=\"et4\">1658<\/td>\n<td class=\"et4\">18,1 MPa<\/td>\n<td class=\"et4\">M22*1,5<\/td>\n<td class=\"et4\">36 kg<\/td>\n<\/tr>\n<tr>\n<td class=\"et3\" width=\"246\" height=\"153\">Cylinder podnosz\u0105cy<\/td>\n<td class=\"et4\">3,5N4,5H-400000-003<\/td>\n<td class=\"et4\">\u03a660<\/td>\n<td class=\"et4\">\u03a645<\/td>\n<td class=\"et4\">1505<\/td>\n<td class=\"et4\">1780<\/td>\n<td class=\"et4\">17,5 MPa<\/td>\n<td class=\"et4\">M22*1,5<\/td>\n<td class=\"et4\">41 kg<\/td>\n<\/tr>\n<tr>\n<td class=\"et3\" width=\"246\" height=\"153\">Cylinder podnosz\u0105cy<\/td>\n<td class=\"et4\">N35M300-5\/400000-001A<\/td>\n<td class=\"et4\">\u03a660<\/td>\n<td class=\"et4\">\u03a645<\/td>\n<td class=\"et4\">1500<\/td>\n<td class=\"et4\">1808<\/td>\n<td class=\"et4\">18,1 MPa<\/td>\n<td class=\"et4\">G1\/2<\/td>\n<td class=\"et4\">46 kg<\/td>\n<\/tr>\n<tr>\n<td class=\"et3\" width=\"246\" height=\"153\">Cylinder podnosz\u0105cy<\/td>\n<td class=\"et4\">A2A35M300-400000-000<\/td>\n<td class=\"et4\">\u03a660<\/td>\n<td class=\"et4\">\u03a645<\/td>\n<td class=\"et4\">1500<\/td>\n<td class=\"et4\">1808<\/td>\n<td class=\"et4\">18,1 MPa<\/td>\n<td class=\"et4\">M22*1,5<\/td>\n<td class=\"et4\">50 kg<\/td>\n<\/tr>\n<\/tbody>\n<\/table>\n<h3>Cechy cylindra hydraulicznego do podnoszenia w\u00f3zk\u00f3w wid\u0142owych<\/h3>\n<p><strong>Wysoka no\u015bno\u015b\u0107<\/strong><br \/>\nSi\u0142ownik hydrauliczny do podnoszenia w\u00f3zk\u00f3w wid\u0142owych zosta\u0142 zaprojektowany do podnoszenia du\u017cych ci\u0119\u017car\u00f3w, zapewniaj\u0105c si\u0142\u0119 niezb\u0119dn\u0105 do ich podnoszenia. Dzi\u0119ki solidnej konstrukcji i wysokoci\u015bnieniowemu uk\u0142adowi hydraulicznemu zapewnia p\u0142ynne i wydajne podnoszenie towar\u00f3w, palet i sprz\u0119tu. Wytrzyma\u0142o\u015b\u0107 si\u0142ownika jest kluczowa dla w\u00f3zk\u00f3w wid\u0142owych pracuj\u0105cych w magazynach, centrach dystrybucyjnych i zak\u0142adach produkcyjnych, gdzie ud\u017awig jest niezb\u0119dny do bezpiecznego i wydajnego transportu du\u017cych i niepor\u0119cznych przedmiot\u00f3w.<\/p>\n<p><strong>Trwa\u0142o\u015b\u0107 i niezawodno\u015b\u0107<\/strong><br \/>\nSi\u0142owniki hydrauliczne do podnoszenia w\u00f3zk\u00f3w wid\u0142owych s\u0105 zaprojektowane tak, aby wytrzyma\u0107 trudne warunki pracy, w tym cykle intensywnej pracy i ekstremalne czynniki \u015brodowiskowe. Wykonane z wysokiej jako\u015bci materia\u0142\u00f3w, s\u0105 odporne na zu\u017cycie, korozj\u0119 i uszkodzenia spowodowane cz\u0119stym u\u017cytkowaniem. Niezawodna praca si\u0142ownika zapewnia prac\u0119 w\u00f3zka wid\u0142owego z minimalnymi przestojami, co jest kluczowe dla utrzymania wydajno\u015bci w dynamicznych warunkach. Rutynowa konserwacja i przegl\u0105dy gwarantuj\u0105 optymaln\u0105 wydajno\u015b\u0107 si\u0142ownik\u00f3w, wyd\u0142u\u017caj\u0105c \u017cywotno\u015b\u0107 sprz\u0119tu.<\/p>\n<p><strong>P\u0142ynna i precyzyjna obs\u0142uga<\/strong><br \/>\nSi\u0142ownik hydrauliczny do podnoszenia w\u00f3zka wid\u0142owego zapewnia p\u0142ynne i precyzyjne podnoszenie i opuszczanie. Uk\u0142ad hydrauliczny umo\u017cliwia kontrolowany, stopniowy ruch, zmniejszaj\u0105c ryzyko szarpni\u0119\u0107 lub nag\u0142ych zmian, kt\u00f3re mog\u0142yby uszkodzi\u0107 \u0142adunek lub zagrozi\u0107 bezpiecze\u0144stwu. Ta precyzyjna kontrola zwi\u0119ksza pewno\u015b\u0107 siebie i wydajno\u015b\u0107 operatora, poniewa\u017c mo\u017ce on podnosi\u0107 i pozycjonowa\u0107 \u0142adunki z precyzj\u0105, nawet w ciasnych i niebezpiecznych miejscach. Rezultatem jest bezpieczniejsze i bardziej efektywne podnoszenie, kt\u00f3re poprawia og\u00f3ln\u0105 wydajno\u015b\u0107 w\u00f3zka wid\u0142owego.<\/p>\n<h3><img loading=\"lazy\" decoding=\"async\" class=\"alignnone size-full wp-image-310\" src=\"https:\/\/fmp-components.com\/wp-content\/uploads\/2024\/12\/Forklift-Lifting-Hydraulic-Cylinder-1.webp\" alt=\"W\u00f3zek wid\u0142owy-podno\u015bnik-si\u0142ownik hydrauliczny\" width=\"1280\" height=\"720\" title=\"\" srcset=\"https:\/\/fmp-components.com\/wp-content\/uploads\/2024\/12\/Forklift-Lifting-Hydraulic-Cylinder-1.webp 1280w, https:\/\/fmp-components.com\/wp-content\/uploads\/2024\/12\/Forklift-Lifting-Hydraulic-Cylinder-1-980x551.webp 980w, https:\/\/fmp-components.com\/wp-content\/uploads\/2024\/12\/Forklift-Lifting-Hydraulic-Cylinder-1-480x270.webp 480w\" sizes=\"(min-width: 0px) and (max-width: 480px) 480px, (min-width: 481px) and (max-width: 980px) 980px, (min-width: 981px) 1280px, 100vw\" \/><\/h3>\n<h3>O FMP<\/h3>\n<p>FMP to wyspecjalizowany producent si\u0142ownik\u00f3w hydraulicznych, k\u0142ad\u0105cy du\u017cy nacisk na badania i produkcj\u0119. Od momentu powstania firma konsekwentnie koncentruje si\u0119 na rozwoju si\u0142ownik\u00f3w hydraulicznych, rozwijaj\u0105c si\u0119 od produkcji r\u00f3\u017cnorodnych produkt\u00f3w, takich jak maszyny do zbioru plon\u00f3w i maszyny budowlane, po specjalizacj\u0119 w produkcji podzespo\u0142\u00f3w do ci\u0105gnik\u00f3w rolniczych. Dzi\u0119ki ponad dziesi\u0119cioletniemu do\u015bwiadczeniu w produkcji, do\u015bwiadczeniu w zarz\u0105dzaniu oraz zaawansowanej technologii produkcji, FMP gwarantuje najwy\u017csz\u0105 jako\u015b\u0107 swoich produkt\u00f3w.<\/p>\n<p>Wraz z rozwojem firmy, firma stworzy\u0142a kompleksow\u0105 lini\u0119 produkcyjn\u0105 do obr\u00f3bki mechanicznej, lini\u0119 monta\u017cow\u0105 oraz lini\u0119 do powlekania. FMP jest wspierana przez dedykowany zesp\u00f3\u0142 do\u015bwiadczonych kadr zarz\u0105dzaj\u0105cych, wykwalifikowanych konstruktor\u00f3w mechanik\u00f3w oraz wysoko wykwalifikowanych pracownik\u00f3w technicznych. Gwarantuje to stabiln\u0105 jako\u015b\u0107 produkt\u00f3w, a jednocze\u015bnie skutecznie kontroluje ci\u0105g\u0142o\u015b\u0107 procesu i og\u00f3ln\u0105 efektywno\u015b\u0107 produkcji.<\/p>\n<p>FMP kieruje si\u0119 podstawowymi warto\u015bciami: \u201eInnowacje technologiczne nap\u0119dzaj\u0105 post\u0119p, jako\u015b\u0107 tworzy marki, rzemios\u0142o gwarantuje jako\u015b\u0107 i buduje d\u0142ugoterminowe relacje korzystne dla obu stron\u201d. Firma niezmiennie d\u0105\u017cy do dostarczania wysokiej jako\u015bci produkt\u00f3w i zapewniania klientom doskona\u0142ej obs\u0142ugi, nieustannie d\u0105\u017c\u0105c do zaspokojenia zmieniaj\u0105cych si\u0119 potrzeb rynku.<\/p>\n<p><img loading=\"lazy\" decoding=\"async\" class=\"alignnone wp-image-303\" src=\"https:\/\/fmp-components.com\/wp-content\/uploads\/2024\/12\/hydraulic-cylinder-factory-11_1.webp\" alt=\"fabryka cylindr\u00f3w hydraulicznych\" width=\"917\" height=\"1003\" title=\"\" srcset=\"https:\/\/fmp-components.com\/wp-content\/uploads\/2024\/12\/hydraulic-cylinder-factory-11_1.webp 917w, https:\/\/fmp-components.com\/wp-content\/uploads\/2024\/12\/hydraulic-cylinder-factory-11_1-480x525.webp 480w\" sizes=\"(min-width: 0px) and (max-width: 480px) 480px, (min-width: 481px) 917px, 100vw\" \/><\/p>\n<table style=\"width: 100%;\" border=\"1\" width=\"100%\" cellspacing=\"0\" cellpadding=\"0\">\n<tbody>\n<tr>\n<td style=\"width: 41.9294%;\" width=\"226\"><img loading=\"lazy\" decoding=\"async\" class=\"alignnone size-full wp-image-309\" src=\"https:\/\/fmp-components.com\/wp-content\/uploads\/2024\/12\/Forklift-Tilt-Hydraulic-Cylinder.webp\" alt=\"Si\u0142ownik hydrauliczny przechy\u0142u w\u00f3zka wid\u0142owego\" width=\"1000\" height=\"750\" title=\"\" srcset=\"https:\/\/fmp-components.com\/wp-content\/uploads\/2024\/12\/Forklift-Tilt-Hydraulic-Cylinder.webp 1000w, https:\/\/fmp-components.com\/wp-content\/uploads\/2024\/12\/Forklift-Tilt-Hydraulic-Cylinder-980x735.webp 980w, https:\/\/fmp-components.com\/wp-content\/uploads\/2024\/12\/Forklift-Tilt-Hydraulic-Cylinder-480x360.webp 480w\" sizes=\"(min-width: 0px) and (max-width: 480px) 480px, (min-width: 481px) and (max-width: 980px) 980px, (min-width: 981px) 1000px, 100vw\" \/><\/td>\n<td style=\"width: 55.6484%;\" width=\"64\"><img loading=\"lazy\" decoding=\"async\" class=\"alignnone wp-image-283\" src=\"https:\/\/fmp-components.com\/wp-content\/uploads\/2024\/12\/hydraulic-cylinder-factory-5.webp\" alt=\"fabryka cylindr\u00f3w hydraulicznych\" width=\"542\" height=\"312\" title=\"\"><\/td>\n<\/tr>\n<\/tbody>\n<\/table>\n<p>Autor: CX<\/p>","protected":false},"excerpt":{"rendered":"<p>Si\u0142ownik hydrauliczny podno\u015bnika w\u00f3zka wid\u0142owego odpowiada za zapewnienie pionowej si\u0142y podnoszenia niezb\u0119dnej do podnoszenia i opuszczania ci\u0119\u017ckich \u0142adunk\u00f3w. Si\u0142ownik ten wykorzystuje ci\u015bnienie hydrauliczne do podnoszenia masztu i osprz\u0119tu w\u00f3zka wid\u0142owego, umo\u017cliwiaj\u0105c operatorom wydajne przenoszenie i transport palet, kontener\u00f3w i innych materia\u0142\u00f3w. Zaprojektowany z my\u015bl\u0105 o odporno\u015bci na wysokie ci\u015bnienia i intensywne prace, si\u0142ownik hydrauliczny podno\u015bnika zapewnia p\u0142ynne, kontrolowane ruchy podnoszenia, zachowuj\u0105c stabilno\u015b\u0107 i bezpiecze\u0144stwo, nawet podczas transportu du\u017cych lub niepor\u0119cznych \u0142adunk\u00f3w. Jego solidna konstrukcja sprawia, \u017ce \u200b\u200bjest on niezb\u0119dnym elementem w\u00f3zk\u00f3w wid\u0142owych pracuj\u0105cych w magazynach, centrach dystrybucyjnych i innych obiektach przemys\u0142owych, gdzie niezawodne i mocne podnoszenie ma kluczowe znaczenie dla wydajno\u015bci.<\/p>","protected":false},"featured_media":311,"comment_status":"open","ping_status":"closed","template":"","meta":{"_et_pb_use_builder":"","_et_pb_old_content":"","_et_gb_content_width":""},"product_brand":[],"product_cat":[20],"product_tag":[],"class_list":{"0":"post-304","1":"product","2":"type-product","3":"status-publish","4":"has-post-thumbnail","6":"product_cat-forklift-hydraulic-cylinders","8":"first","9":"instock","10":"shipping-taxable","11":"product-type-simple"},"_links":{"self":[{"href":"https:\/\/fmp-components.com\/pl\/wp-json\/wp\/v2\/product\/304","targetHints":{"allow":["GET"]}}],"collection":[{"href":"https:\/\/fmp-components.com\/pl\/wp-json\/wp\/v2\/product"}],"about":[{"href":"https:\/\/fmp-components.com\/pl\/wp-json\/wp\/v2\/types\/product"}],"replies":[{"embeddable":true,"href":"https:\/\/fmp-components.com\/pl\/wp-json\/wp\/v2\/comments?post=304"}],"wp:featuredmedia":[{"embeddable":true,"href":"https:\/\/fmp-components.com\/pl\/wp-json\/wp\/v2\/media\/311"}],"wp:attachment":[{"href":"https:\/\/fmp-components.com\/pl\/wp-json\/wp\/v2\/media?parent=304"}],"wp:term":[{"taxonomy":"product_brand","embeddable":true,"href":"https:\/\/fmp-components.com\/pl\/wp-json\/wp\/v2\/product_brand?post=304"},{"taxonomy":"product_cat","embeddable":true,"href":"https:\/\/fmp-components.com\/pl\/wp-json\/wp\/v2\/product_cat?post=304"},{"taxonomy":"product_tag","embeddable":true,"href":"https:\/\/fmp-components.com\/pl\/wp-json\/wp\/v2\/product_tag?post=304"}],"curies":[{"name":"wp","href":"https:\/\/api.w.org\/{rel}","templated":true}]}}