{"id":2961,"date":"2025-01-04T05:29:29","date_gmt":"2025-01-04T05:29:29","guid":{"rendered":"https:\/\/fmp-components.com\/product\/qj1254-31-021-steering-cylinder\/"},"modified":"2025-01-04T05:50:18","modified_gmt":"2025-01-04T05:50:18","slug":"qj1254-31-021-steering-cylinder","status":"publish","type":"product","link":"https:\/\/fmp-components.com\/pl\/product\/qj1254-31-021-steering-cylinder\/","title":{"rendered":"QJ1254 31 021 Si\u0142ownik uk\u0142adu kierowniczego"},"content":{"rendered":"<h2>FMP-Cylinder hydrauliczny uk\u0142adu kierowniczego<\/h2>\n<p>Si\u0142ownik hydrauliczny uk\u0142adu kierowniczego FMP to zaawansowany si\u0142ownik hydrauliczny przeznaczony do stosowania w uk\u0142adach kierowniczych. Zosta\u0142 zaprojektowany tak, aby wytrzymywa\u0107 du\u017ce obci\u0105\u017cenia i zapewnia\u0107 doskona\u0142\u0105 wydajno\u015b\u0107 w trudnych warunkach.<\/p>\n<p>Ten si\u0142ownik hydrauliczny charakteryzuje si\u0119 trwa\u0142\u0105 konstrukcj\u0105 z wysokiej jako\u015bci materia\u0142\u00f3w, kt\u00f3re zapewniaj\u0105 d\u0142ugotrwa\u0142e u\u017cytkowanie. Ma r\u00f3wnie\u017c kompaktow\u0105 konstrukcj\u0119, kt\u00f3ra u\u0142atwia monta\u017c w wi\u0119kszo\u015bci uk\u0142ad\u00f3w kierowniczych.<\/p>\n<p>Si\u0142ownik hydrauliczny uk\u0142adu kierowniczego FMP zapewnia precyzyjn\u0105 i responsywn\u0105 kontrol\u0119 uk\u0142adu kierowniczego, umo\u017cliwiaj\u0105c p\u0142ynne i precyzyjne skr\u0119canie. Jest w stanie poradzi\u0107 sobie z p\u0142ynem hydraulicznym pod wysokim ci\u015bnieniem, gwarantuj\u0105c niezawodn\u0105 prac\u0119 nawet w ekstremalnych warunkach.<\/p>\n<p>Niezale\u017cnie od tego, czy szukasz si\u0142ownika hydraulicznego do nowego uk\u0142adu kierowniczego, czy potrzebujesz zamiennika do istniej\u0105cego, si\u0142ownik hydrauliczny FMP-Steering to doskona\u0142y wyb\u00f3r. Dzi\u0119ki niezawodnej wydajno\u015bci i trwa\u0142ej konstrukcji mo\u017cesz by\u0107 pewien, \u017ce zapewni on p\u0142ynn\u0105 i precyzyjn\u0105 kontrol\u0119 uk\u0142adu kierowniczego przez wiele lat.<\/p>\n<p><img loading=\"lazy\" decoding=\"async\" class=\"wp-image-1011636 aligncenter\" src=\"https:\/\/images.hzpt.com\/2024\/11\/qj1254-31-021-steering-cylinder-1.webp\" alt=\"\" width=\"400\" height=\"400\" title=\"\"><\/p>\n<p>Si\u0142ownik kierowniczy QJ1254 31 021 to niezb\u0119dny element hydraulicznych uk\u0142ad\u00f3w kierowniczych w r\u00f3\u017cnych pojazdach i maszynach. Ten si\u0142ownik kierowniczy przekszta\u0142ca ci\u015bnienie hydrauliczne w si\u0142\u0119 mechaniczn\u0105, umo\u017cliwiaj\u0105c p\u0142ynne i precyzyjne kierowanie. Dzi\u0119ki solidnej konstrukcji i zaawansowanym funkcjom, si\u0142ownik QJ1254 31 021 poprawia zwrotno\u015b\u0107 i bezpiecze\u0144stwo, co czyni go idealnym wyborem do wymagaj\u0105cych zastosowa\u0144 w budownictwie, rolnictwie i transporcie.<\/p>\n<p>Jako kluczowy element hydraulicznych uk\u0142ad\u00f3w kierowniczych, si\u0142ownik QJ1254 31 021 oferuje unikalne po\u0142\u0105czenie trwa\u0142o\u015bci, precyzji i \u0142atwo\u015bci konserwacji. Zapoznanie si\u0119 z jego funkcjami, metodami u\u017cytkowania i wymaganiami konserwacyjnymi pozwala operatorom zwi\u0119kszy\u0107 wydajno\u015b\u0107 i wyd\u0142u\u017cy\u0107 \u017cywotno\u015b\u0107 tego kluczowego si\u0142ownika hydraulicznego.<\/p>\n<p>Inwestycja w si\u0142ownik uk\u0142adu kierowniczego QJ1254 31 021 nie tylko zwi\u0119ksza funkcjonalno\u015b\u0107 i bezpiecze\u0144stwo maszyn, ale tak\u017ce wydajno\u015b\u0107 pracy. Odkryj, jak znacz\u0105cy wp\u0142yw ten wysokiej jako\u015bci si\u0142ownik uk\u0142adu kierowniczego mo\u017ce mie\u0107 na Twoj\u0105 dzia\u0142alno\u015b\u0107, zapewniaj\u0105c niezawodne i wydajne dzia\u0142anie uk\u0142adu kierowniczego za ka\u017cdym razem!<\/p>\n<h2>QJ1254 31 021 Parametry si\u0142ownika uk\u0142adu kierowniczego:<\/h2>\n<p><strong>\u015arednica cylindra:<\/strong> 65 mm<\/p>\n<p><strong>\u015arednica pr\u0119ta:<\/strong> 36 mm<\/p>\n<p><strong>Podr\u00f3\u017c:<\/strong> 260 mm<\/p>\n<p><strong>Odleg\u0142o\u015b\u0107 instalacji:<\/strong> 650 mm<\/p>\n<h2>G\u0142\u00f3wne cechy si\u0142ownika kierowniczego QJ1254 31 021:<\/h2>\n<h4>Wysoka trwa\u0142o\u015b\u0107<\/h4>\n<ul>\n<li>Solidny dob\u00f3r materia\u0142\u00f3w: Si\u0142ownik QJ1254 31 021 zosta\u0142 wykonany z wysokiej jako\u015bci stop\u00f3w, specjalnie dobranych pod k\u0105tem wytrzyma\u0142o\u015bci i odporno\u015bci na zu\u017cycie. Dzi\u0119ki temu si\u0142ownik wytrzymuje trudy ci\u0119\u017ckich zastosowa\u0144, idealnie sprawdzaj\u0105c si\u0119 w takich miejscach jak place budowy i pola uprawne.<\/li>\n<li>Odporno\u015b\u0107 na uderzenia i wstrz\u0105sy: Wytrzyma\u0142a konstrukcja nie tylko wytrzymuje codzienne obci\u0105\u017cenia eksploatacyjne, ale tak\u017ce poch\u0142ania wstrz\u0105sy i wibracje. Ta odporno\u015b\u0107 znacznie ogranicza potrzeby konserwacyjne i wyd\u0142u\u017ca \u017cywotno\u015b\u0107 si\u0142ownika.<\/li>\n<\/ul>\n<h4>Precyzyjna kontrola<\/h4>\n<ul>\n<li style=\"list-style-type: none;\">\n<ul>\n<li>Mechanizm szybkiej reakcji: Si\u0142ownik uk\u0142adu kierowniczego wykorzystuje zaawansowan\u0105 technologi\u0119 hydrauliczn\u0105, kt\u00f3ra szybko i precyzyjnie reaguje na polecenia operatora. Ta funkcja jest kluczowa dla zachowania kontroli, szczeg\u00f3lnie w dynamicznych sytuacjach wymagaj\u0105cych szybkich korekt.<\/li>\n<li>Zwi\u0119kszone bezpiecze\u0144stwo: Dzi\u0119ki mo\u017cliwo\u015bci precyzyjnego kierowania, QJ1254 31 021 poprawia bezpiecze\u0144stwo, zmniejszaj\u0105c prawdopodobie\u0144stwo wypadk\u00f3w spowodowanych utrat\u0105 kontroli. Jest to szczeg\u00f3lnie wa\u017cne podczas poruszania si\u0119 w ciasnych przestrzeniach lub trudnym terenie.<\/li>\n<\/ul>\n<\/li>\n<\/ul>\n<h2>Zastosowanie cylindra hydraulicznego uk\u0142adu kierowniczego<\/h2>\n<p>Hydrauliczne si\u0142owniki uk\u0142adu kierowniczego s\u0105 niezb\u0119dnymi elementami uk\u0142ad\u00f3w kierowniczych w r\u00f3\u017cnych typach pojazd\u00f3w. Te si\u0142owniki, znane r\u00f3wnie\u017c jako si\u0142owniki uk\u0142adu kierowniczego, pomagaj\u0105 przekszta\u0142ca\u0107 energi\u0119 generowan\u0105 przez pomp\u0119 uk\u0142adu kierowniczego w ruch liniowy, kt\u00f3ry mo\u017ce by\u0107 u\u017cywany do manipulowania kierunkiem k\u00f3\u0142 pojazdu. Oto niekt\u00f3re zastosowania hydraulicznych si\u0142ownik\u00f3w uk\u0142adu kierowniczego:<\/p>\n<ul>\n<li style=\"list-style-type: none;\">\n<ul>\n<li style=\"list-style-type: none;\">\n<ol>\n<li>Pojazdy ci\u0119\u017carowe: Hydrauliczne si\u0142owniki uk\u0142adu kierowniczego s\u0105 powszechnie stosowane w pojazdach ci\u0119\u017carowych, takich jak ci\u0119\u017car\u00f3wki, autobusy i sprz\u0119t budowlany. Pojazdy te wymagaj\u0105 du\u017cej si\u0142y do kierowania, a si\u0142ownik hydrauliczny mo\u017ce generowa\u0107 niezb\u0119dn\u0105 moc do obracania k\u00f3\u0142, nawet gdy pojazd jest obci\u0105\u017cony ci\u0119\u017carem. Uk\u0142ad hydrauliczny umo\u017cliwia r\u00f3wnie\u017c dok\u0142adniejsz\u0105 kontrol\u0119 nad mechanizmem kierowniczym, u\u0142atwiaj\u0105c kierowcom nawigacj\u0119 du\u017cymi, niepor\u0119cznymi pojazdami.<\/li>\n<li>Pojazdy terenowe: Pojazdy terenowe, takie jak ATV, buggy i motocykle terenowe, r\u00f3wnie\u017c korzystaj\u0105 z hydraulicznych cylindr\u00f3w steruj\u0105cych. Pojazdy te cz\u0119sto poruszaj\u0105 si\u0119 w trudnym terenie, gdzie konwencjonalne mechanizmy steruj\u0105ce mog\u0105 by\u0107 nieskuteczne. Cylindry hydrauliczne mog\u0105 zapewni\u0107 niezb\u0119dn\u0105 moc i precyzj\u0119, aby pokonywa\u0107 przeszkody i utrzymywa\u0107 kontrol\u0119 nad pojazdem.<\/li>\n<li>Zastosowania morskie i lotnicze: Hydrauliczne si\u0142owniki steruj\u0105ce nie ograniczaj\u0105 si\u0119 do pojazd\u00f3w l\u0105dowych. S\u0105 one r\u00f3wnie\u017c stosowane w zastosowaniach morskich, takich jak \u0142odzie i statki, a tak\u017ce w technologii lotniczej, takiej jak statki kosmiczne i samoloty. W tych zastosowaniach si\u0142owniki hydrauliczne s\u0142u\u017c\u0105 do manipulowania kierunkiem ster\u00f3w, statecznik\u00f3w i innych powierzchni sterowych, kt\u00f3re pomagaj\u0105 sterowa\u0107 statkiem lub samolotem.<\/li>\n<li>Sprz\u0119t przemys\u0142owy: Si\u0142owniki hydrauliczne s\u0105 r\u00f3wnie\u017c u\u017cywane w r\u00f3\u017cnych zastosowaniach przemys\u0142owych do sterowania i innych zastosowa\u0144. Na przyk\u0142ad mog\u0105 by\u0107 u\u017cywane do sterowania d\u017awigami, w\u00f3zkami wid\u0142owymi lub innymi ci\u0119\u017ckimi maszynami. W tych zastosowaniach si\u0142owniki hydrauliczne mog\u0105 zapewni\u0107 niezb\u0119dn\u0105 moc i precyzj\u0119 do manipulowania du\u017cymi \u0142adunkami lub pracy w ciasnych przestrzeniach.<\/li>\n<li>Zastosowania niestandardowe: Opr\u00f3cz tych typowych zastosowa\u0144, hydrauliczne cylindry steruj\u0105ce mog\u0105 by\u0107 r\u00f3wnie\u017c u\u017cywane w r\u00f3\u017cnych niestandardowych ustawieniach. Na przyk\u0142ad mog\u0105 by\u0107 u\u017cywane w pojazdach eksperymentalnych lub prototypach, kt\u00f3re wymagaj\u0105 unikalnego mechanizmu kierowniczego. Mog\u0105 by\u0107 r\u00f3wnie\u017c u\u017cywane w instalacjach artystycznych lub rze\u017abach kinetycznych, kt\u00f3re wymagaj\u0105 precyzyjnego i kontrolowanego ruchu.<\/li>\n<\/ol>\n<\/li>\n<\/ul>\n<\/li>\n<\/ul>\n<p>Jak wida\u0107, hydrauliczne si\u0142owniki uk\u0142adu kierowniczego maj\u0105 szeroki zakres zastosowa\u0144 w r\u00f3\u017cnych bran\u017cach i \u015brodowiskach. Niezale\u017cnie od tego, czy s\u0105 u\u017cywane w pojazdach ci\u0119\u017carowych, pojazdach terenowych, zastosowaniach morskich i lotniczych, sprz\u0119cie przemys\u0142owym czy zastosowaniach niestandardowych, si\u0142owniki te zapewniaj\u0105 niezb\u0119dn\u0105 moc, precyzj\u0119 i kontrol\u0119, aby skutecznie kierowa\u0107.<\/p>\n<h2>O FMP<\/h2>\n<p>FMP jest wiod\u0105cym producentem i dystrybutorem wysokiej jako\u015bci cylindr\u00f3w hydraulicznych, zestaw\u00f3w cylindr\u00f3w i komponent\u00f3w do maszyn budowlanych. Dzi\u0119ki wieloletniemu do\u015bwiadczeniu w bran\u017cy i profesjonalnemu zespo\u0142owi jeste\u015bmy zobowi\u0105zani do dostarczania naszym klientom niezawodnych i wydajnych rozwi\u0105za\u0144 dla ich potrzeb w zakresie maszyn budowlanych.<\/p>\n<p>Oto pi\u0119\u0107 powod\u00f3w, dla kt\u00f3rych warto wybra\u0107 FMP:<\/p>\n<ul>\n<li style=\"list-style-type: none;\">\n<ul>\n<li style=\"list-style-type: none;\">\n<ol>\n<li><strong>Wysokiej jako\u015bci si\u0142owniki hydrauliczne:<\/strong> Do produkcji naszych cylindr\u00f3w hydraulicznych stosujemy precyzyjn\u0105 in\u017cynieri\u0119. Nasze mocne zaanga\u017cowanie w jako\u015b\u0107 zapewnia, \u017ce u\u017cywamy wy\u0142\u0105cznie najwy\u017cszej jako\u015bci surowc\u00f3w i przeprowadzamy surowe kontrole jako\u015bci gotowych produkt\u00f3w, aby zapewni\u0107, \u017ce spe\u0142niaj\u0105 one i przekraczaj\u0105 standardy bran\u017cowe.<\/li>\n<li><strong>Szeroka gama produkt\u00f3w:<\/strong> Nasza oferta obejmuje wszystkie rodzaje maszyn budowlanych i akcesori\u00f3w. Oferujemy r\u00f3\u017cne si\u0142owniki hydrauliczne, skrzynie bieg\u00f3w, \u0142a\u0144cuchy, ko\u0142a z\u0119bate, akcesoria do silnik\u00f3w, komponenty uk\u0142ad\u00f3w hydraulicznych, akcesoria podwozia i akcesoria do uk\u0142ad\u00f3w elektrycznych.<\/li>\n<li><strong>Nawi\u0105zane partnerstwa:<\/strong> Nawi\u0105zali\u015bmy d\u0142ugoterminowe i stabilne partnerstwa z wieloma wysokiej jako\u015bci krajowymi i zagranicznymi dostawcami. Dzi\u0119ki temu mamy pewno\u015b\u0107, \u017ce wszystkie dostarczane akcesoria spe\u0142niaj\u0105 nasze surowe standardy jako\u015bci.<\/li>\n<li><strong>Do\u015bwiadczony zesp\u00f3\u0142 sprzeda\u017cy:<\/strong> Nasz zesp\u00f3\u0142 sprzeda\u017cy ma wieloletnie do\u015bwiadczenie i wiedz\u0119 na temat bran\u017cy maszyn budowlanych. Mog\u0105 oni zapewni\u0107 profesjonaln\u0105 konsultacj\u0119 produktow\u0105 i m\u0105dre porady zakupowe, aby pom\u00f3c Ci podejmowa\u0107 \u015bwiadome decyzje.<\/li>\n<li><strong>Efektywny system dystrybucji logistycznej:<\/strong> Dysponujemy wydajnym systemem logistyki dystrybucyjnej, by mie\u0107 pewno\u015b\u0107, \u017ce nasi klienci otrzymaj\u0105 potrzebne cz\u0119\u015bci na czas i w odpowiedniej ilo\u015bci.<\/li>\n<\/ol>\n<\/li>\n<\/ul>\n<\/li>\n<\/ul>\n<p><img decoding=\"async\" src=\"https:\/\/fmp-components.com\/wp-content\/uploads\/2025\/01\/Dump-Truck-Trailer-Hydraulic-Cylinder-product-3-3.webp\" alt=\"Si\u0142ownik hydrauliczny\" width=\"800\" title=\"\"><\/p>\n<p>W FMP zobowi\u0105zujemy si\u0119 do dostarczania naszym klientom wysokiej jako\u015bci i niezawodnych akcesori\u00f3w do maszyn budowlanych oraz kompletnych rozwi\u0105za\u0144 maszynowych. Dzi\u0119ki naszym nowoczesnym zak\u0142adom fabrycznym, obrabiarkom CNC, projektowaniu wspomaganemu komputerowo, wykwalifikowanym pracownikom, ekspertom od uk\u0142ad\u00f3w hydraulicznych, monterom cylindr\u00f3w i dealerom jeste\u015bmy preferowanym partnerem, kt\u00f3ry zaspokoi Twoje potrzeby w zakresie cylindr\u00f3w hydraulicznych, zestaw\u00f3w cylindr\u00f3w i komponent\u00f3w.<\/p>\n<p>Autor: CX<\/p>","protected":false},"excerpt":{"rendered":"<p>FMP-Steering Hydraulic Cylinder The FMP-Steering Hydraulic Cylinder is an advanced hydraulic cylinder designed for use in steering systems. It is engineered to withstand high loads and provide superior performance in challenging environments. This hydraulic cylinder features a durable construction with high-quality materials that ensure long-lasting use. It also has a compact design that makes it [&hellip;]<\/p>","protected":false},"featured_media":2962,"comment_status":"closed","ping_status":"closed","template":"","meta":{"_et_pb_use_builder":"","_et_pb_old_content":"","_et_gb_content_width":""},"product_brand":[],"product_cat":[67],"product_tag":[34,70],"class_list":{"0":"post-2961","1":"product","2":"type-product","3":"status-publish","4":"has-post-thumbnail","6":"product_cat-steering-hydraulic-cylinder","7":"product_tag-hydraulic-cylinder","8":"product_tag-steering-hydraulic-cylinder","10":"first","11":"instock","12":"product-type-simple"},"_links":{"self":[{"href":"https:\/\/fmp-components.com\/pl\/wp-json\/wp\/v2\/product\/2961","targetHints":{"allow":["GET"]}}],"collection":[{"href":"https:\/\/fmp-components.com\/pl\/wp-json\/wp\/v2\/product"}],"about":[{"href":"https:\/\/fmp-components.com\/pl\/wp-json\/wp\/v2\/types\/product"}],"replies":[{"embeddable":true,"href":"https:\/\/fmp-components.com\/pl\/wp-json\/wp\/v2\/comments?post=2961"}],"wp:featuredmedia":[{"embeddable":true,"href":"https:\/\/fmp-components.com\/pl\/wp-json\/wp\/v2\/media\/2962"}],"wp:attachment":[{"href":"https:\/\/fmp-components.com\/pl\/wp-json\/wp\/v2\/media?parent=2961"}],"wp:term":[{"taxonomy":"product_brand","embeddable":true,"href":"https:\/\/fmp-components.com\/pl\/wp-json\/wp\/v2\/product_brand?post=2961"},{"taxonomy":"product_cat","embeddable":true,"href":"https:\/\/fmp-components.com\/pl\/wp-json\/wp\/v2\/product_cat?post=2961"},{"taxonomy":"product_tag","embeddable":true,"href":"https:\/\/fmp-components.com\/pl\/wp-json\/wp\/v2\/product_tag?post=2961"}],"curies":[{"name":"wp","href":"https:\/\/api.w.org\/{rel}","templated":true}]}}