{"id":2953,"date":"2025-01-04T05:28:08","date_gmt":"2025-01-04T05:28:08","guid":{"rendered":"https:\/\/fmp-components.com\/product\/25-5134221-steering-cylinder\/"},"modified":"2025-01-04T05:51:12","modified_gmt":"2025-01-04T05:51:12","slug":"25-5134221-steering-cylinder","status":"publish","type":"product","link":"https:\/\/fmp-components.com\/pl\/product\/25-5134221-steering-cylinder\/","title":{"rendered":"25\/5134221 Si\u0142ownik uk\u0142adu kierowniczego"},"content":{"rendered":"<p>Si\u0142ownik kierowniczy QJ554 31 020-1 to wysokiej jako\u015bci produkt zaprojektowany z my\u015bl\u0105 o zapewnieniu wydajnej i niezawodnej kontroli uk\u0142adu kierowniczego. Dzi\u0119ki trwa\u0142ej konstrukcji i precyzyjnemu wykonaniu, si\u0142ownik ten zapewnia p\u0142ynne i precyzyjne dzia\u0142anie uk\u0142adu kierowniczego.<\/p>\n<p>G\u0142\u00f3wne cechy:<br \/>\n\u2013 Materia\u0142y wysokiej jako\u015bci: Cylinder kierowniczy QJ554 31 020-1 wykonany jest z materia\u0142\u00f3w najwy\u017cszej jako\u015bci, co zapewnia jego trwa\u0142o\u015b\u0107 i wytrzyma\u0142o\u015b\u0107.<br \/>\n\u2013 Wydajna kontrola uk\u0142adu kierowniczego: Ten si\u0142ownik uk\u0142adu kierowniczego zosta\u0142 zaprojektowany tak, aby zapewni\u0107 precyzyjne i responsywne sterowanie, umo\u017cliwiaj\u0105c \u0142atwe manewrowanie.<br \/>\n\u2013 \u0141atwy monta\u017c: Dzi\u0119ki przyjaznej dla u\u017cytkownika konstrukcji si\u0142ownik kierowniczy QJ554 31 020-1 mo\u017cna \u0142atwo zamontowa\u0107, oszcz\u0119dzaj\u0105c czas i wysi\u0142ek.<br \/>\n\u2013 Wszechstronne zastosowanie: Ten si\u0142ownik kierowniczy nadaje si\u0119 do r\u00f3\u017cnych zastosowa\u0144, co czyni go uniwersalnym wyborem dla r\u00f3\u017cnych bran\u017c.<\/p>\n<p>Niezale\u017cnie od tego, czy dzia\u0142asz w bran\u017cy motoryzacyjnej, morskiej czy przemys\u0142owej, si\u0142ownik uk\u0142adu kierowniczego QJ554 31 020-1 to doskona\u0142y wyb\u00f3r, kt\u00f3ry spe\u0142ni wszystkie Twoje potrzeby zwi\u0105zane z uk\u0142adem kierowniczym. Jego doskona\u0142a wydajno\u015b\u0107 i niezawodno\u015b\u0107 wyr\u00f3\u017cniaj\u0105 go na rynku.<\/p>\n<p>Aby uzyska\u0107 wi\u0119cej informacji na temat si\u0142ownika uk\u0142adu kierowniczego QJ554 31 020-1, odwied\u017a nasz\u0105 stron\u0119 internetow\u0105 lub skontaktuj si\u0119 z naszym zespo\u0142em sprzeda\u017cy. Z przyjemno\u015bci\u0105 odpowiemy na wszelkie pytania i pro\u015bby.<\/p>\n<p><img loading=\"lazy\" decoding=\"async\" class=\"aligncenter wp-image-1005134\" src=\"https:\/\/images.hzpt.com\/2024\/11\/25-5134221-steering-cylinder-1.webp\" alt=\"\" width=\"400\" height=\"400\" title=\"\"><\/p>\n<p>Si\u0142ownik uk\u0142adu kierowniczego 25\/5134221 to element hydrauliczny, kt\u00f3ry przekszta\u0142ca ci\u015bnienie hydrauliczne w si\u0142\u0119 mechaniczn\u0105, umo\u017cliwiaj\u0105c p\u0142ynne i precyzyjne kierowanie. Jego solidna konstrukcja pozwala mu wytrzyma\u0107 trudne warunki, dzi\u0119ki czemu idealnie sprawdza si\u0119 w trudnym terenie. Opr\u00f3cz zwi\u0119kszenia wydajno\u015bci operacyjnej, poprawia r\u00f3wnie\u017c bezpiecze\u0144stwo u\u017cytkowania.<\/p>\n<p>Jako kluczowy element hydraulicznych uk\u0142ad\u00f3w kierowniczych, 25\/5134221 charakteryzuje si\u0119 trwa\u0142o\u015bci\u0105, precyzj\u0105 i \u0142atwo\u015bci\u0105 konserwacji. Zapoznanie si\u0119 z jego funkcjami, metodami u\u017cytkowania i potrzebami konserwacyjnymi pozwoli Ci zapewni\u0107 optymaln\u0105 wydajno\u015b\u0107 i wyd\u0142u\u017cy\u0107 jego \u017cywotno\u015b\u0107.<\/p>\n<p>Inwestycja w si\u0142ownik uk\u0142adu kierowniczego 25\/5134221 znacz\u0105co poprawia funkcjonalno\u015b\u0107 i bezpiecze\u0144stwo maszyn, co przek\u0142ada si\u0119 na wy\u017csz\u0105 wydajno\u015b\u0107 pracy. Odkryj, jaki wp\u0142yw ten wysokiej jako\u015bci si\u0142ownik uk\u0142adu kierowniczego mo\u017ce mie\u0107 na Twoje operacje!<\/p>\n<h2>25\/5134221 Parametr cylindra kierowniczego:<\/h2>\n<p><strong>\u015arednica cylindra:<\/strong> 55 mm<\/p>\n<p><strong>\u015arednica pr\u0119ta:<\/strong> 25 mm<\/p>\n<p><strong>Podr\u00f3\u017c:<\/strong> 232 mm<\/p>\n<p><strong>Odleg\u0142o\u015b\u0107 instalacji:<\/strong> 385 mm<\/p>\n<h2>G\u0142\u00f3wne cechy cylindra kierowniczego 25\/5134221:<\/h2>\n<ul>\n<li><strong>Wysoka trwa\u0142o\u015b\u0107<\/strong>Si\u0142ownik uk\u0142adu kierowniczego 25\/5134221 jest wykonany z najwy\u017cszej jako\u015bci materia\u0142\u00f3w, specjalnie dobranych pod k\u0105tem wytrzyma\u0142o\u015bci i odporno\u015bci. Ta trwa\u0142o\u015b\u0107 pozwala si\u0142ownikowi niezawodnie dzia\u0142a\u0107 w trudnych warunkach, minimalizuj\u0105c koszty konserwacji i przestoje, a tym samym czyni\u0105c go op\u0142acaln\u0105 inwestycj\u0105 dla operator\u00f3w.<\/li>\n<li><strong>Precyzyjna kontrola<\/strong>Ten si\u0142ownik uk\u0142adu kierowniczego charakteryzuje si\u0119 doskona\u0142\u0105 reakcj\u0105, co jest kluczowe dla utrzymania kontroli nad pojazdem w zmiennych warunkach obci\u0105\u017cenia. Operatorzy mog\u0105 dokonywa\u0107 szybkich i precyzyjnych regulacji, zapewniaj\u0105c precyzyjne kierowanie nawet podczas skomplikowanych manewr\u00f3w.<\/li>\n<li><strong>Kompaktowa konstrukcja<\/strong>Model 25\/5134221 charakteryzuje si\u0119 kompaktow\u0105 konstrukcj\u0105, kt\u00f3ra umo\u017cliwia \u0142atw\u0105 integracj\u0119 z szerok\u0105 gam\u0105 maszyn. Kompaktowy rozmiar nie wp\u0142ywa negatywnie na wydajno\u015b\u0107, a jednocze\u015bnie maksymalizuje dost\u0119pn\u0105 przestrze\u0144, dzi\u0119ki czemu nadaje si\u0119 zar\u00f3wno do nowych projekt\u00f3w sprz\u0119tu, jak i modernizacji istniej\u0105cych maszyn.<\/li>\n<li><strong>Odporno\u015b\u0107 na korozj\u0119<\/strong>Wyposa\u017cony w pow\u0142ok\u0119 ochronn\u0105, cylinder 25\/5134221 jest odporny na rdz\u0119 i korozj\u0119, dzi\u0119ki czemu jest szczeg\u00f3lnie skuteczny w warunkach zewn\u0119trznych i trudnych. Ta cecha zapewnia sta\u0142\u0105 wydajno\u015b\u0107 przez d\u0142ugi czas i wyd\u0142u\u017ca \u017cywotno\u015b\u0107 cylindra.<\/li>\n<li><strong>Standaryzowane wymiary<\/strong>:Model 25\/5134221 zosta\u0142 zaprojektowany tak, aby by\u0142 zgodny ze standardami maszyn, co upraszcza proces wymiany i zapewniania kompatybilno\u015bci. Ta standaryzacja zwi\u0119ksza wydajno\u015b\u0107 operacyjn\u0105, umo\u017cliwiaj\u0105c szybkie naprawy i minimalizuj\u0105c przestoje.<\/li>\n<\/ul>\n<h2>25\/5134221 Zastosowanie cylindra kierowniczego:<\/h2>\n<p><img loading=\"lazy\" decoding=\"async\" class=\"alignnone wp-image-1005135 size-full\" src=\"https:\/\/images.hzpt.com\/2024\/11\/25-5134221-steering-cylinder-application.webp\" alt=\"\" width=\"1072\" height=\"603\" title=\"\"><\/p>\n<h2>Spos\u00f3b u\u017cycia cylindra kierowniczego 25\/5134221:<\/h2>\n<p>U\u017cycie cylindra kierowniczego 25\/5134221 wi\u0105\u017ce si\u0119 z prostym procesem:<\/p>\n<h3>Instalacja<\/h3>\n<ol>\n<li><strong>Bezpieczny monta\u017c<\/strong>: Umie\u015b\u0107 si\u0142ownik uk\u0142adu kierowniczego w wyznaczonym miejscu uk\u0142adu kierowniczego. Upewnij si\u0119, \u017ce jest on solidnie zamocowany, aby zapobiec jego przemieszczaniu si\u0119 podczas pracy.<\/li>\n<li><strong>Pod\u0142\u0105cz przewody hydrauliczne<\/strong>: Nale\u017cy przestrzega\u0107 instrukcji producenta, aby prawid\u0142owo pod\u0142\u0105czy\u0107 przewody hydrauliczne. Zapewni to optymalny przep\u0142yw p\u0142ynu i wydajno\u015b\u0107 uk\u0142adu.<\/li>\n<\/ol>\n<h3>Dzia\u0142anie<\/h3>\n<ol>\n<li><strong>W\u0142\u0105cz uk\u0142ad hydrauliczny<\/strong>: Aktywuj uk\u0142ad hydrauliczny, aby dostarczy\u0107 ci\u015bnienie do cylindra. Ten krok jest niezb\u0119dny do zapewnienia efektywnej pracy cylindra.<\/li>\n<li><strong>Kontrola uk\u0142adu kierowniczego<\/strong>: U\u017cyj kierownicy lub element\u00f3w steruj\u0105cych, aby kierowa\u0107 pojazdem. Si\u0142ownik zareaguje, reguluj\u0105c k\u0105t skr\u0119tu, zapewniaj\u0105c precyzyjn\u0105 kontrol\u0119 i p\u0142ynne manewry.<\/li>\n<\/ol>\n<h3>Monitorowanie<\/h3>\n<ol>\n<li><strong>Sprawd\u017a poziom p\u0142ynu hydraulicznego<\/strong>Regularnie sprawdzaj poziom p\u0142ynu hydraulicznego, aby utrzyma\u0107 optymaln\u0105 wydajno\u015b\u0107. Odpowiedni poziom p\u0142ynu jest kluczowy dla zapobiegania potencjalnym uszkodzeniom.<\/li>\n<li><strong>Sprawd\u017a po\u0142\u0105czenia<\/strong>: Regularnie sprawdzaj szczelno\u015b\u0107 wszystkich po\u0142\u0105cze\u0144 hydraulicznych i sprawdzaj, czy nie ma \u015blad\u00f3w wyciek\u00f3w. Utrzymywanie po\u0142\u0105cze\u0144 w dobrym stanie zwi\u0119ksza bezpiecze\u0144stwo i wydajno\u015b\u0107.<\/li>\n<\/ol>\n<h2>Jaka jest podstawowa funkcja cylindra kierowniczego?<\/h2>\n<ul>\n<li><strong>Konwersja si\u0142y hydraulicznej<\/strong>Si\u0142ownik uk\u0142adu kierowniczego przekszta\u0142ca ci\u015bnienie p\u0142ynu hydraulicznego w liniow\u0105 si\u0142\u0119 mechaniczn\u0105. Gdy operator obraca kierownic\u0105, p\u0142yn hydrauliczny jest kierowany do cylindra, powoduj\u0105c ruch t\u0142oka wewn\u0105trz. Ruch ten przenosi si\u0119 bezpo\u015brednio na mechanizm kierowniczy, umo\u017cliwiaj\u0105c precyzyjn\u0105 regulacj\u0119.<\/li>\n<li><strong>Ulepszona kontrola<\/strong>Si\u0142ownik kierowniczy umo\u017cliwia operatorowi dok\u0142adn\u0105 regulacj\u0119, zapewniaj\u0105c bezpo\u015brednie sprz\u0119\u017cenie zwrotne i reakcj\u0119, co jest kluczowe dla utrzymania kontroli, zw\u0142aszcza podczas wykonywania skomplikowanych manewr\u00f3w, takich jak ostre skr\u0119canie lub omijanie przeszk\u00f3d.<\/li>\n<li><strong>Zarz\u0105dzanie obci\u0105\u017ceniem<\/strong>Si\u0142owniki uk\u0142adu kierowniczego zosta\u0142y zaprojektowane z my\u015bl\u0105 o efektywnym radzeniu sobie z du\u017cymi obci\u0105\u017ceniami. Utrzymuj\u0105 kontrol\u0119 nawet przy znacznym obci\u0105\u017ceniu, zapewniaj\u0105c precyzyjn\u0105 reakcj\u0119 pojazdu lub maszyny na polecenia operatora.<\/li>\n<li><strong>Stabilno\u015b\u0107 w dzia\u0142aniu<\/strong>: Si\u0142ownik przyczynia si\u0119 do stabilno\u015bci pojazdu lub sprz\u0119tu podczas jazdy. U\u0142atwienie p\u0142ynnych przej\u015b\u0107 uk\u0142adu kierowniczego pomaga zapobiega\u0107 nag\u0142ym szarpni\u0119ciom lub zmianom bieg\u00f3w, kt\u00f3re mog\u0142yby prowadzi\u0107 do utraty kontroli, szczeg\u00f3lnie na nier\u00f3wnym terenie.<\/li>\n<li><strong>Funkcje bezpiecze\u0144stwa<\/strong>Wiele nowoczesnych si\u0142ownik\u00f3w uk\u0142adu kierowniczego posiada zabezpieczenia, takie jak wbudowane zawory bezpiecze\u0144stwa, kt\u00f3re zapobiegaj\u0105 nadmiernemu ci\u015bnieniu. Zapewnia to prac\u0119 uk\u0142adu hydraulicznego w bezpiecznych granicach, zmniejszaj\u0105c ryzyko awarii lub wypadku.<\/li>\n<\/ul>\n<h2>Zastosowanie cylindra hydraulicznego uk\u0142adu kierowniczego<\/h2>\n<p>Hydrauliczne si\u0142owniki uk\u0142adu kierowniczego s\u0105 niezb\u0119dnymi elementami uk\u0142ad\u00f3w kierowniczych w r\u00f3\u017cnych typach pojazd\u00f3w. Te si\u0142owniki, znane r\u00f3wnie\u017c jako si\u0142owniki uk\u0142adu kierowniczego, pomagaj\u0105 przekszta\u0142ca\u0107 energi\u0119 generowan\u0105 przez pomp\u0119 uk\u0142adu kierowniczego w ruch liniowy, kt\u00f3ry mo\u017ce by\u0107 u\u017cywany do manipulowania kierunkiem k\u00f3\u0142 pojazdu. Oto niekt\u00f3re zastosowania hydraulicznych si\u0142ownik\u00f3w uk\u0142adu kierowniczego:<\/p>\n<ol>\n<li>Pojazdy ci\u0119\u017carowe:\n<p>Si\u0142owniki hydrauliczne uk\u0142adu kierowniczego s\u0105 powszechnie stosowane w pojazdach ci\u0119\u017carowych, takich jak ci\u0119\u017car\u00f3wki, autobusy i maszyny budowlane. Kierowanie tymi pojazdami wymaga du\u017cej si\u0142y, a si\u0142ownik hydrauliczny mo\u017ce wygenerowa\u0107 moc niezb\u0119dn\u0105 do obracania k\u00f3\u0142, nawet gdy pojazd jest obci\u0105\u017cony. Uk\u0142ad hydrauliczny pozwala r\u00f3wnie\u017c na precyzyjniejsz\u0105 kontrol\u0119 nad mechanizmem kierowniczym, u\u0142atwiaj\u0105c kierowcom kierowanie du\u017cymi, niepor\u0119cznymi pojazdami.<\/li>\n<li>Pojazdy terenowe:\n<p>Pojazdy terenowe, takie jak quady, buggy i motocykle crossowe, r\u00f3wnie\u017c korzystaj\u0105 z hydraulicznych si\u0142ownik\u00f3w uk\u0142adu kierowniczego. Pojazdy te cz\u0119sto poruszaj\u0105 si\u0119 w trudnym terenie, gdzie konwencjonalne mechanizmy kierownicze mog\u0105 okaza\u0107 si\u0119 nieskuteczne. Si\u0142owniki hydrauliczne zapewniaj\u0105 niezb\u0119dn\u0105 moc i precyzj\u0119, umo\u017cliwiaj\u0105c pokonywanie przeszk\u00f3d i utrzymanie kontroli nad pojazdem.<\/li>\n<li>Zastosowania morskie i lotnicze:\n<p>Hydrauliczne si\u0142owniki steruj\u0105ce nie ograniczaj\u0105 si\u0119 do pojazd\u00f3w l\u0105dowych. S\u0105 one r\u00f3wnie\u017c wykorzystywane w zastosowaniach morskich, takich jak \u0142odzie i statki, a tak\u017ce w technologii lotniczej, takiej jak statki kosmiczne i samoloty. W tych zastosowaniach si\u0142owniki hydrauliczne s\u0142u\u017c\u0105 do sterowania kierunkiem ster\u00f3w, statecznik\u00f3w i innych powierzchni sterowych, kt\u00f3re pomagaj\u0105 w sterowaniu statkiem lub samolotem.<\/li>\n<li>Sprz\u0119t przemys\u0142owy:\n<p>Si\u0142owniki hydrauliczne s\u0105 r\u00f3wnie\u017c wykorzystywane w r\u00f3\u017cnych zastosowaniach przemys\u0142owych do sterowania i innych zada\u0144. Na przyk\u0142ad, mog\u0105 by\u0107 u\u017cywane do sterowania d\u017awigami, w\u00f3zkami wid\u0142owymi i innymi ci\u0119\u017ckimi maszynami. W takich zastosowaniach si\u0142owniki hydrauliczne zapewniaj\u0105 niezb\u0119dn\u0105 moc i precyzj\u0119 do manipulowania du\u017cymi \u0142adunkami lub pracy w ciasnych przestrzeniach.<\/li>\n<li>Aplikacje niestandardowe:\n<p>Opr\u00f3cz tych typowych zastosowa\u0144, hydrauliczne si\u0142owniki uk\u0142adu kierowniczego mog\u0105 by\u0107 r\u00f3wnie\u017c wykorzystywane w r\u00f3\u017cnorodnych, niestandardowych konfiguracjach. Na przyk\u0142ad, mog\u0105 by\u0107 stosowane w pojazdach eksperymentalnych lub prototypach wymagaj\u0105cych unikalnego mechanizmu kierowniczego. Mog\u0105 by\u0107 r\u00f3wnie\u017c wykorzystywane w instalacjach artystycznych lub rze\u017abach kinetycznych, kt\u00f3re wymagaj\u0105 precyzyjnego i kontrolowanego ruchu.<\/li>\n<\/ol>\n<p>Jak wida\u0107, hydrauliczne si\u0142owniki uk\u0142adu kierowniczego maj\u0105 szeroki zakres zastosowa\u0144 w r\u00f3\u017cnych bran\u017cach i \u015brodowiskach. Niezale\u017cnie od tego, czy s\u0105 u\u017cywane w pojazdach ci\u0119\u017carowych, pojazdach terenowych, zastosowaniach morskich i lotniczych, sprz\u0119cie przemys\u0142owym czy zastosowaniach niestandardowych, si\u0142owniki te zapewniaj\u0105 niezb\u0119dn\u0105 moc, precyzj\u0119 i kontrol\u0119, aby skutecznie kierowa\u0107.<\/p>\n<h2>O FMP<\/h2>\n<p>FMP jest wiod\u0105cym producentem i dystrybutorem wysokiej jako\u015bci cylindr\u00f3w hydraulicznych, zestaw\u00f3w cylindr\u00f3w i komponent\u00f3w do maszyn budowlanych. Dzi\u0119ki wieloletniemu do\u015bwiadczeniu w bran\u017cy i profesjonalnemu zespo\u0142owi jeste\u015bmy zobowi\u0105zani do dostarczania naszym klientom niezawodnych i wydajnych rozwi\u0105za\u0144 dla ich potrzeb w zakresie maszyn budowlanych.<\/p>\n<p>Oto pi\u0119\u0107 powod\u00f3w, dla kt\u00f3rych warto wybra\u0107 FMP:<\/p>\n<ol>\n<li><strong>Wysokiej jako\u015bci si\u0142owniki hydrauliczne:<\/strong> Do produkcji naszych cylindr\u00f3w hydraulicznych stosujemy precyzyjn\u0105 in\u017cynieri\u0119. Nasze mocne zaanga\u017cowanie w jako\u015b\u0107 zapewnia, \u017ce u\u017cywamy wy\u0142\u0105cznie najwy\u017cszej jako\u015bci surowc\u00f3w i przeprowadzamy surowe kontrole jako\u015bci gotowych produkt\u00f3w, aby zapewni\u0107, \u017ce spe\u0142niaj\u0105 one i przekraczaj\u0105 standardy bran\u017cowe.<\/li>\n<li><strong>Szeroka gama produkt\u00f3w:<\/strong> Nasza oferta obejmuje wszystkie rodzaje maszyn budowlanych i akcesori\u00f3w. Oferujemy r\u00f3\u017cne si\u0142owniki hydrauliczne, skrzynie bieg\u00f3w, \u0142a\u0144cuchy, ko\u0142a z\u0119bate, akcesoria do silnik\u00f3w, komponenty uk\u0142ad\u00f3w hydraulicznych, akcesoria podwozia i akcesoria do uk\u0142ad\u00f3w elektrycznych.<\/li>\n<li><strong>Nawi\u0105zane partnerstwa:<\/strong> Nawi\u0105zali\u015bmy d\u0142ugoterminowe i stabilne partnerstwa z wieloma wysokiej jako\u015bci krajowymi i zagranicznymi dostawcami. Dzi\u0119ki temu mamy pewno\u015b\u0107, \u017ce wszystkie dostarczane akcesoria spe\u0142niaj\u0105 nasze surowe standardy jako\u015bci.<\/li>\n<li><strong>Do\u015bwiadczony zesp\u00f3\u0142 sprzeda\u017cy:<\/strong> Nasz zesp\u00f3\u0142 sprzeda\u017cy ma wieloletnie do\u015bwiadczenie i wiedz\u0119 na temat bran\u017cy maszyn budowlanych. Mog\u0105 oni zapewni\u0107 profesjonaln\u0105 konsultacj\u0119 produktow\u0105 i m\u0105dre porady zakupowe, aby pom\u00f3c Ci podejmowa\u0107 \u015bwiadome decyzje.<\/li>\n<li><strong>Efektywny system dystrybucji logistycznej:<\/strong> Dysponujemy wydajnym systemem logistyki dystrybucyjnej, by mie\u0107 pewno\u015b\u0107, \u017ce nasi klienci otrzymaj\u0105 potrzebne cz\u0119\u015bci na czas i w odpowiedniej ilo\u015bci.<\/li>\n<\/ol>\n<p><img loading=\"lazy\" decoding=\"async\" class=\"\" src=\"https:\/\/fmp-components.com\/wp-content\/uploads\/2025\/01\/Dump-Truck-Trailer-Hydraulic-Cylinder-product-3-3.webp\" alt=\"Si\u0142ownik hydrauliczny\" width=\"947\" height=\"694\" title=\"\"><\/p>\n<p>W FMP zobowi\u0105zujemy si\u0119 do dostarczania naszym klientom wysokiej jako\u015bci i niezawodnych akcesori\u00f3w do maszyn budowlanych oraz kompletnych rozwi\u0105za\u0144 maszynowych. Dzi\u0119ki naszym nowoczesnym zak\u0142adom fabrycznym, obrabiarkom CNC, projektowaniu wspomaganemu komputerowo, wykwalifikowanym pracownikom, ekspertom od uk\u0142ad\u00f3w hydraulicznych, monterom cylindr\u00f3w i dealerom jeste\u015bmy preferowanym partnerem, kt\u00f3ry zaspokoi Twoje potrzeby w zakresie cylindr\u00f3w hydraulicznych, zestaw\u00f3w cylindr\u00f3w i komponent\u00f3w.<\/p>\n<p>Autor: CX<\/p>","protected":false},"excerpt":{"rendered":"<p>The QJ554 31 020-1 Steering Cylinder is a high-quality product designed to provide efficient and reliable steering control. With its durable construction and precise engineering, this steering cylinder ensures smooth and accurate steering performance. Key Features: &#8211; High-quality materials: The QJ554 31 020-1 Steering Cylinder is made from premium materials, ensuring its longevity and durability. [&hellip;]<\/p>","protected":false},"featured_media":2954,"comment_status":"closed","ping_status":"closed","template":"","meta":{"_et_pb_use_builder":"","_et_pb_old_content":"","_et_gb_content_width":""},"product_brand":[],"product_cat":[67],"product_tag":[34,70],"class_list":{"0":"post-2953","1":"product","2":"type-product","3":"status-publish","4":"has-post-thumbnail","6":"product_cat-steering-hydraulic-cylinder","7":"product_tag-hydraulic-cylinder","8":"product_tag-steering-hydraulic-cylinder","10":"first","11":"instock","12":"product-type-simple"},"_links":{"self":[{"href":"https:\/\/fmp-components.com\/pl\/wp-json\/wp\/v2\/product\/2953","targetHints":{"allow":["GET"]}}],"collection":[{"href":"https:\/\/fmp-components.com\/pl\/wp-json\/wp\/v2\/product"}],"about":[{"href":"https:\/\/fmp-components.com\/pl\/wp-json\/wp\/v2\/types\/product"}],"replies":[{"embeddable":true,"href":"https:\/\/fmp-components.com\/pl\/wp-json\/wp\/v2\/comments?post=2953"}],"wp:featuredmedia":[{"embeddable":true,"href":"https:\/\/fmp-components.com\/pl\/wp-json\/wp\/v2\/media\/2954"}],"wp:attachment":[{"href":"https:\/\/fmp-components.com\/pl\/wp-json\/wp\/v2\/media?parent=2953"}],"wp:term":[{"taxonomy":"product_brand","embeddable":true,"href":"https:\/\/fmp-components.com\/pl\/wp-json\/wp\/v2\/product_brand?post=2953"},{"taxonomy":"product_cat","embeddable":true,"href":"https:\/\/fmp-components.com\/pl\/wp-json\/wp\/v2\/product_cat?post=2953"},{"taxonomy":"product_tag","embeddable":true,"href":"https:\/\/fmp-components.com\/pl\/wp-json\/wp\/v2\/product_tag?post=2953"}],"curies":[{"name":"wp","href":"https:\/\/api.w.org\/{rel}","templated":true}]}}