{"id":2929,"date":"2025-01-04T05:28:08","date_gmt":"2025-01-04T05:28:08","guid":{"rendered":"https:\/\/fmp-components.com\/product\/the-hot-sale-double-acting-power-steering-cylinder-tractor-hydraulic-oil-cylinder\/"},"modified":"2025-01-04T05:52:35","modified_gmt":"2025-01-04T05:52:35","slug":"the-hot-sale-double-acting-power-steering-cylinder-tractor-hydraulic-oil-cylinder","status":"publish","type":"product","link":"https:\/\/fmp-components.com\/pl\/product\/the-hot-sale-double-acting-power-steering-cylinder-tractor-hydraulic-oil-cylinder\/","title":{"rendered":"Sprzedam si\u0142ownik hydrauliczny do uk\u0142adu kierowniczego dwustronnego dzia\u0142ania, gor\u0105co sprzedawany, do ci\u0105gnika"},"content":{"rendered":"<h2>Opis produktu: W\u0142oski dostawca niestandardowego hydraulicznego si\u0142ownika uk\u0142adu kierowniczego do ci\u0105gnika<\/h2>\n<p>Nasz w\u0142oski dostawca, niestandardowy si\u0142ownik hydrauliczny do ci\u0105gnik\u00f3w, to idealne rozwi\u0105zanie dla wszystkich potrzeb zwi\u0105zanych z uk\u0142adem kierowniczym w Twoim ci\u0105gniku. Nasz wysokiej jako\u015bci si\u0142ownik zosta\u0142 zaprojektowany z my\u015bl\u0105 o precyzyjnym uk\u0142adzie kierowniczym i d\u0142ugotrwa\u0142ej wytrzyma\u0142o\u015bci.<\/p>\n<p>Wykonany z najwy\u017cszej jako\u015bci materia\u0142\u00f3w, nasz hydrauliczny si\u0142ownik uk\u0142adu kierowniczego jest odporny na ekstremalne ci\u015bnienie i intensywne u\u017cytkowanie. Jego solidna konstrukcja gwarantuje odporno\u015b\u0107 na trudne warunki pogodowe i du\u017ce obci\u0105\u017cenia, co czyni go idealnym wyborem dla w\u0142a\u015bcicieli ci\u0105gnik\u00f3w poszukuj\u0105cych niezawodno\u015bci i wydajno\u015bci.<\/p>\n<p>Nasz niestandardowy hydrauliczny si\u0142ownik uk\u0142adu kierowniczego do ci\u0105gnik\u00f3w jest kompatybilny z szerok\u0105 gam\u0105 ci\u0105gnik\u00f3w i innych ci\u0119\u017ckich maszyn, zapewniaj\u0105c wszechstronne rozwi\u0105zanie dla wszystkich Twoich potrzeb w zakresie kierowania. Niezale\u017cnie od tego, czy pracujesz w ma\u0142ym gospodarstwie, czy w du\u017cym gospodarstwie rolnym, nasz si\u0142ownik uk\u0142adu kierowniczego jest niezb\u0119dnym elementem zapewniaj\u0105cym kontrol\u0119 i precyzj\u0119 w Twoim ci\u0105gniku.<\/p>\n<p><img decoding=\"async\" class=\"aligncenter\" src=\"https:\/\/hzpt.com\/wp-content\/uploads\/2023\/11\/agricultural-machinery-hydraulic-cylinder-6.webp\" alt=\"\" title=\"\"><\/p>\n<h2>Zastosowanie cylindra hydraulicznego uk\u0142adu kierowniczego<\/h2>\n<p>Hydrauliczne si\u0142owniki uk\u0142adu kierowniczego s\u0105 niezb\u0119dnymi elementami uk\u0142ad\u00f3w kierowniczych w r\u00f3\u017cnych typach pojazd\u00f3w. Te si\u0142owniki, znane r\u00f3wnie\u017c jako si\u0142owniki uk\u0142adu kierowniczego, pomagaj\u0105 przekszta\u0142ca\u0107 energi\u0119 generowan\u0105 przez pomp\u0119 uk\u0142adu kierowniczego w ruch liniowy, kt\u00f3ry mo\u017ce by\u0107 u\u017cywany do manipulowania kierunkiem k\u00f3\u0142 pojazdu. Oto niekt\u00f3re zastosowania hydraulicznych si\u0142ownik\u00f3w uk\u0142adu kierowniczego:<\/p>\n<ol>\n<li>Pojazdy ci\u0119\u017carowe:\n<p>Si\u0142owniki hydrauliczne uk\u0142adu kierowniczego s\u0105 powszechnie stosowane w pojazdach ci\u0119\u017carowych, takich jak ci\u0119\u017car\u00f3wki, autobusy i maszyny budowlane. Kierowanie tymi pojazdami wymaga du\u017cej si\u0142y, a si\u0142ownik hydrauliczny mo\u017ce wygenerowa\u0107 moc niezb\u0119dn\u0105 do obracania k\u00f3\u0142, nawet gdy pojazd jest obci\u0105\u017cony. Uk\u0142ad hydrauliczny pozwala r\u00f3wnie\u017c na precyzyjniejsz\u0105 kontrol\u0119 nad mechanizmem kierowniczym, u\u0142atwiaj\u0105c kierowcom kierowanie du\u017cymi, niepor\u0119cznymi pojazdami.<\/li>\n<li>Pojazdy terenowe:\n<p>Pojazdy terenowe, takie jak quady, buggy i motocykle crossowe, r\u00f3wnie\u017c korzystaj\u0105 z hydraulicznych si\u0142ownik\u00f3w uk\u0142adu kierowniczego. Pojazdy te cz\u0119sto poruszaj\u0105 si\u0119 w trudnym terenie, gdzie konwencjonalne mechanizmy kierownicze mog\u0105 okaza\u0107 si\u0119 nieskuteczne. Si\u0142owniki hydrauliczne zapewniaj\u0105 niezb\u0119dn\u0105 moc i precyzj\u0119, umo\u017cliwiaj\u0105c pokonywanie przeszk\u00f3d i utrzymanie kontroli nad pojazdem.<\/li>\n<li>Zastosowania morskie i lotnicze:\n<p>Hydrauliczne si\u0142owniki steruj\u0105ce nie ograniczaj\u0105 si\u0119 do pojazd\u00f3w l\u0105dowych. S\u0105 one r\u00f3wnie\u017c wykorzystywane w zastosowaniach morskich, takich jak \u0142odzie i statki, a tak\u017ce w technologii lotniczej, takiej jak statki kosmiczne i samoloty. W tych zastosowaniach si\u0142owniki hydrauliczne s\u0142u\u017c\u0105 do sterowania kierunkiem ster\u00f3w, statecznik\u00f3w i innych powierzchni sterowych, kt\u00f3re pomagaj\u0105 w sterowaniu statkiem lub samolotem.<\/li>\n<li>Sprz\u0119t przemys\u0142owy:\n<p>Si\u0142owniki hydrauliczne s\u0105 r\u00f3wnie\u017c wykorzystywane w r\u00f3\u017cnych zastosowaniach przemys\u0142owych do sterowania i innych zada\u0144. Na przyk\u0142ad, mog\u0105 by\u0107 u\u017cywane do sterowania d\u017awigami, w\u00f3zkami wid\u0142owymi i innymi ci\u0119\u017ckimi maszynami. W takich zastosowaniach si\u0142owniki hydrauliczne zapewniaj\u0105 niezb\u0119dn\u0105 moc i precyzj\u0119 do manipulowania du\u017cymi \u0142adunkami lub pracy w ciasnych przestrzeniach.<\/li>\n<li>Aplikacje niestandardowe:\n<p>Opr\u00f3cz tych typowych zastosowa\u0144, hydrauliczne si\u0142owniki uk\u0142adu kierowniczego mog\u0105 by\u0107 r\u00f3wnie\u017c wykorzystywane w r\u00f3\u017cnorodnych, niestandardowych konfiguracjach. Na przyk\u0142ad, mog\u0105 by\u0107 stosowane w pojazdach eksperymentalnych lub prototypach wymagaj\u0105cych unikalnego mechanizmu kierowniczego. Mog\u0105 by\u0107 r\u00f3wnie\u017c wykorzystywane w instalacjach artystycznych lub rze\u017abach kinetycznych, kt\u00f3re wymagaj\u0105 precyzyjnego i kontrolowanego ruchu.<\/li>\n<\/ol>\n<p>Jak wida\u0107, hydrauliczne si\u0142owniki uk\u0142adu kierowniczego maj\u0105 szeroki zakres zastosowa\u0144 w r\u00f3\u017cnych bran\u017cach i \u015brodowiskach. Niezale\u017cnie od tego, czy s\u0105 u\u017cywane w pojazdach ci\u0119\u017carowych, pojazdach terenowych, zastosowaniach morskich i lotniczych, sprz\u0119cie przemys\u0142owym czy zastosowaniach niestandardowych, si\u0142owniki te zapewniaj\u0105 niezb\u0119dn\u0105 moc, precyzj\u0119 i kontrol\u0119, aby skutecznie kierowa\u0107.<\/p>\n<h2>O FMP<\/h2>\n<p>FMP jest wiod\u0105cym producentem i dystrybutorem wysokiej jako\u015bci cylindr\u00f3w hydraulicznych, zestaw\u00f3w cylindr\u00f3w i komponent\u00f3w do maszyn budowlanych. Dzi\u0119ki wieloletniemu do\u015bwiadczeniu w bran\u017cy i profesjonalnemu zespo\u0142owi jeste\u015bmy zobowi\u0105zani do dostarczania naszym klientom niezawodnych i wydajnych rozwi\u0105za\u0144 dla ich potrzeb w zakresie maszyn budowlanych.<\/p>\n<p>Oto pi\u0119\u0107 powod\u00f3w, dla kt\u00f3rych warto wybra\u0107 FMP:<\/p>\n<ol>\n<li><strong>Wysokiej jako\u015bci si\u0142owniki hydrauliczne:<\/strong> Do produkcji naszych cylindr\u00f3w hydraulicznych stosujemy precyzyjn\u0105 in\u017cynieri\u0119. Nasze mocne zaanga\u017cowanie w jako\u015b\u0107 zapewnia, \u017ce u\u017cywamy wy\u0142\u0105cznie najwy\u017cszej jako\u015bci surowc\u00f3w i przeprowadzamy surowe kontrole jako\u015bci gotowych produkt\u00f3w, aby zapewni\u0107, \u017ce spe\u0142niaj\u0105 one i przekraczaj\u0105 standardy bran\u017cowe.<\/li>\n<li><strong>Szeroka gama produkt\u00f3w:<\/strong> Nasza oferta obejmuje wszystkie rodzaje maszyn budowlanych i akcesori\u00f3w. Oferujemy r\u00f3\u017cne si\u0142owniki hydrauliczne, skrzynie bieg\u00f3w, \u0142a\u0144cuchy, ko\u0142a z\u0119bate, akcesoria do silnik\u00f3w, komponenty uk\u0142ad\u00f3w hydraulicznych, akcesoria podwozia i akcesoria do uk\u0142ad\u00f3w elektrycznych.<\/li>\n<li><strong>Nawi\u0105zane partnerstwa:<\/strong> Nawi\u0105zali\u015bmy d\u0142ugoterminowe i stabilne partnerstwa z wieloma wysokiej jako\u015bci krajowymi i zagranicznymi dostawcami. Dzi\u0119ki temu mamy pewno\u015b\u0107, \u017ce wszystkie dostarczane akcesoria spe\u0142niaj\u0105 nasze surowe standardy jako\u015bci.<\/li>\n<li><strong>Do\u015bwiadczony zesp\u00f3\u0142 sprzeda\u017cy:<\/strong> Nasz zesp\u00f3\u0142 sprzeda\u017cy ma wieloletnie do\u015bwiadczenie i wiedz\u0119 na temat bran\u017cy maszyn budowlanych. Mog\u0105 oni zapewni\u0107 profesjonaln\u0105 konsultacj\u0119 produktow\u0105 i m\u0105dre porady zakupowe, aby pom\u00f3c Ci podejmowa\u0107 \u015bwiadome decyzje.<\/li>\n<li><strong>Efektywny system dystrybucji logistycznej:<\/strong> Dysponujemy wydajnym systemem logistyki dystrybucyjnej, by mie\u0107 pewno\u015b\u0107, \u017ce nasi klienci otrzymaj\u0105 potrzebne cz\u0119\u015bci na czas i w odpowiedniej ilo\u015bci.<\/li>\n<\/ol>\n<p><img loading=\"lazy\" decoding=\"async\" class=\"\" src=\"https:\/\/fmp-components.com\/wp-content\/uploads\/2025\/01\/Dump-Truck-Trailer-Hydraulic-Cylinder-product-3-3.webp\" alt=\"Si\u0142ownik hydrauliczny\" width=\"968\" height=\"709\" title=\"\"><\/p>\n<p>W FMP zobowi\u0105zujemy si\u0119 do dostarczania naszym klientom wysokiej jako\u015bci i niezawodnych akcesori\u00f3w do maszyn budowlanych oraz kompletnych rozwi\u0105za\u0144 maszynowych. Dzi\u0119ki naszym nowoczesnym zak\u0142adom fabrycznym, obrabiarkom CNC, projektowaniu wspomaganemu komputerowo, wykwalifikowanym pracownikom, ekspertom od uk\u0142ad\u00f3w hydraulicznych, monterom cylindr\u00f3w i dealerom jeste\u015bmy preferowanym partnerem, kt\u00f3ry zaspokoi Twoje potrzeby w zakresie cylindr\u00f3w hydraulicznych, zestaw\u00f3w cylindr\u00f3w i komponent\u00f3w.<\/p>\n<p>Autor: CX<\/p>","protected":false},"excerpt":{"rendered":"<p>Product Description: Italy Supplier Custom Tractor Hydraulic Steering Cylinder Our Italy Supplier Custom Tractor Hydraulic Steering Cylinder is the perfect solution for all your tractor steering needs. Our high-quality cylinder is designed for precision steering and long-lasting durability. Made from top-grade materials, our hydraulic steering cylinder is built to withstand extreme pressure and heavy-duty use. [&hellip;]<\/p>","protected":false},"featured_media":2930,"comment_status":"closed","ping_status":"closed","template":"","meta":{"_et_pb_use_builder":"","_et_pb_old_content":"","_et_gb_content_width":""},"product_brand":[],"product_cat":[67],"product_tag":[34,70],"class_list":{"0":"post-2929","1":"product","2":"type-product","3":"status-publish","4":"has-post-thumbnail","6":"product_cat-steering-hydraulic-cylinder","7":"product_tag-hydraulic-cylinder","8":"product_tag-steering-hydraulic-cylinder","10":"first","11":"instock","12":"product-type-simple"},"_links":{"self":[{"href":"https:\/\/fmp-components.com\/pl\/wp-json\/wp\/v2\/product\/2929","targetHints":{"allow":["GET"]}}],"collection":[{"href":"https:\/\/fmp-components.com\/pl\/wp-json\/wp\/v2\/product"}],"about":[{"href":"https:\/\/fmp-components.com\/pl\/wp-json\/wp\/v2\/types\/product"}],"replies":[{"embeddable":true,"href":"https:\/\/fmp-components.com\/pl\/wp-json\/wp\/v2\/comments?post=2929"}],"wp:featuredmedia":[{"embeddable":true,"href":"https:\/\/fmp-components.com\/pl\/wp-json\/wp\/v2\/media\/2930"}],"wp:attachment":[{"href":"https:\/\/fmp-components.com\/pl\/wp-json\/wp\/v2\/media?parent=2929"}],"wp:term":[{"taxonomy":"product_brand","embeddable":true,"href":"https:\/\/fmp-components.com\/pl\/wp-json\/wp\/v2\/product_brand?post=2929"},{"taxonomy":"product_cat","embeddable":true,"href":"https:\/\/fmp-components.com\/pl\/wp-json\/wp\/v2\/product_cat?post=2929"},{"taxonomy":"product_tag","embeddable":true,"href":"https:\/\/fmp-components.com\/pl\/wp-json\/wp\/v2\/product_tag?post=2929"}],"curies":[{"name":"wp","href":"https:\/\/api.w.org\/{rel}","templated":true}]}}