{"id":2811,"date":"2025-01-04T05:24:01","date_gmt":"2025-01-04T05:24:01","guid":{"rendered":"https:\/\/fmp-components.com\/product\/factory-provide-mini-double-acting-hydraulic-steering-cylinder-for-tractor\/"},"modified":"2025-03-18T02:04:54","modified_gmt":"2025-03-18T02:04:54","slug":"factory-provide-mini-double-acting-hydraulic-steering-cylinder-for-tractor","status":"publish","type":"product","link":"https:\/\/fmp-components.com\/pl\/product\/factory-provide-mini-double-acting-hydraulic-steering-cylinder-for-tractor\/","title":{"rendered":"Fabrycznie dostarczany miniaturowy si\u0142ownik hydrauliczny dwustronnego dzia\u0142ania do ci\u0105gnika"},"content":{"rendered":"<p>Dostarczany fabrycznie 10-tonowy hydrauliczny si\u0142ownik steruj\u0105cy to wysokiej jako\u015bci produkt zaprojektowany z my\u015bl\u0105 o zaspokojeniu Pa\u0144stwa potrzeb w zakresie hydraulicznego sterowania. Ten si\u0142ownik hydrauliczny o ud\u017awigu 10 ton zapewnia maksymaln\u0105 moc i wydajno\u015b\u0107.<\/p>\n<p>Ten cylinder kierowniczy, wyposa\u017cony w konstrukcj\u0119 t\u0142okow\u0105, zapewnia p\u0142ynn\u0105 i precyzyjn\u0105 kontrol\u0119 uk\u0142adu kierowniczego, umo\u017cliwiaj\u0105c \u0142atwe manewrowanie. Jego solidna konstrukcja i trwa\u0142e materia\u0142y sprawiaj\u0105, \u017ce nadaje si\u0119 do ci\u0119\u017ckich zastosowa\u0144, gwarantuj\u0105c d\u0142ugotrwa\u0142\u0105 wydajno\u015b\u0107.<\/p>\n<p>Dostarczany fabrycznie 10-tonowy hydrauliczny si\u0142ownik kierowniczy z t\u0142okiem zosta\u0142 wykonany przez ekspert\u00f3w, aby zapewni\u0107 niezawodn\u0105 i stabiln\u0105 wydajno\u015b\u0107 w r\u00f3\u017cnych bran\u017cach, takich jak budownictwo, rolnictwo i produkcja. Niezale\u017cnie od tego, czy potrzebujesz sterowa\u0107 du\u017cymi pojazdami, czy kontrolowa\u0107 ci\u0119\u017cki sprz\u0119t, ten si\u0142ownik hydrauliczny to idealny wyb\u00f3r.<\/p>\n<p>Dzi\u0119ki przyjaznej dla u\u017cytkownika konstrukcji, instalacja i obs\u0142uga s\u0105 bezproblemowe. Kompaktowe rozmiary cylindra pozwalaj\u0105 na \u0142atw\u0105 integracj\u0119 z istniej\u0105cymi systemami lub urz\u0105dzeniami. Wydajny uk\u0142ad hydrauliczny zapewnia minimalne straty energii, maksymalizuj\u0105c wydajno\u015b\u0107.<\/p>\n<p>Zainwestuj w fabrycznie dostarczany 10-tonowy hydrauliczny si\u0142ownik uk\u0142adu kierowniczego, aby uzyska\u0107 doskona\u0142\u0105 wydajno\u015b\u0107, trwa\u0142o\u015b\u0107 i precyzj\u0119. Ten si\u0142ownik hydrauliczny zwi\u0119kszy wydajno\u015b\u0107 i efektywno\u015b\u0107 Twojego uk\u0142adu kierowniczego, zapewniaj\u0105c p\u0142ynne dzia\u0142anie.<\/p>\n<p>Zaufaj jako\u015bci i niezawodno\u015bci Factory Provide, wiod\u0105cego producenta w bran\u017cy. Wybierz 10-tonowy hydrauliczny si\u0142ownik kierowniczy Factory Provide, kt\u00f3ry spe\u0142ni wszystkie Twoje potrzeby w zakresie hydraulicznego uk\u0142adu kierowniczego i przekonaj si\u0119 o r\u00f3\u017cnicy w wydajno\u015bci i niezawodno\u015bci.<\/p>\n<h2>Fabryka dostarcza 10-tonowy hydrauliczny si\u0142ownik steruj\u0105cy t\u0142okowy<\/h2>\n<p>Dostarczany fabrycznie 10-tonowy hydrauliczny si\u0142ownik steruj\u0105cy to wysokiej jako\u015bci produkt zaprojektowany z my\u015bl\u0105 o zaspokojeniu Pa\u0144stwa potrzeb w zakresie hydraulicznego sterowania. Ten si\u0142ownik hydrauliczny o ud\u017awigu 10 ton zapewnia maksymaln\u0105 moc i wydajno\u015b\u0107.<\/p>\n<p>Ten cylinder kierowniczy, wyposa\u017cony w konstrukcj\u0119 t\u0142okow\u0105, zapewnia p\u0142ynn\u0105 i precyzyjn\u0105 kontrol\u0119 uk\u0142adu kierowniczego, umo\u017cliwiaj\u0105c \u0142atwe manewrowanie. Jego solidna konstrukcja i trwa\u0142e materia\u0142y sprawiaj\u0105, \u017ce nadaje si\u0119 do ci\u0119\u017ckich zastosowa\u0144, gwarantuj\u0105c d\u0142ugotrwa\u0142\u0105 wydajno\u015b\u0107.<\/p>\n<p>Dostarczany fabrycznie 10-tonowy hydrauliczny si\u0142ownik kierowniczy z t\u0142okiem zosta\u0142 wykonany przez ekspert\u00f3w, aby zapewni\u0107 niezawodn\u0105 i stabiln\u0105 wydajno\u015b\u0107 w r\u00f3\u017cnych bran\u017cach, takich jak budownictwo, rolnictwo i produkcja. Niezale\u017cnie od tego, czy potrzebujesz sterowa\u0107 du\u017cymi pojazdami, czy kontrolowa\u0107 ci\u0119\u017cki sprz\u0119t, ten si\u0142ownik hydrauliczny to idealny wyb\u00f3r.<\/p>\n<p>Dzi\u0119ki przyjaznej dla u\u017cytkownika konstrukcji, instalacja i obs\u0142uga s\u0105 bezproblemowe. Kompaktowe rozmiary cylindra pozwalaj\u0105 na \u0142atw\u0105 integracj\u0119 z istniej\u0105cymi systemami lub urz\u0105dzeniami. Wydajny uk\u0142ad hydrauliczny zapewnia minimalne straty energii, maksymalizuj\u0105c wydajno\u015b\u0107.<\/p>\n<p>Zainwestuj w fabrycznie dostarczany 10-tonowy hydrauliczny si\u0142ownik uk\u0142adu kierowniczego, aby uzyska\u0107 doskona\u0142\u0105 wydajno\u015b\u0107, trwa\u0142o\u015b\u0107 i precyzj\u0119. Ten si\u0142ownik hydrauliczny zwi\u0119kszy wydajno\u015b\u0107 i efektywno\u015b\u0107 Twojego uk\u0142adu kierowniczego, zapewniaj\u0105c p\u0142ynne dzia\u0142anie.<\/p>\n<p>Zaufaj jako\u015bci i niezawodno\u015bci Factory Provide, wiod\u0105cego producenta w bran\u017cy. Wybierz 10-tonowy hydrauliczny si\u0142ownik kierowniczy Factory Provide, kt\u00f3ry spe\u0142ni wszystkie Twoje potrzeby w zakresie hydraulicznego uk\u0142adu kierowniczego i przekonaj si\u0119 o r\u00f3\u017cnicy w wydajno\u015bci i niezawodno\u015bci.<\/p>\n<h2>Wysokiej jako\u015bci produkty w konkurencyjnych cenach<\/h2>\n<p><img decoding=\"async\" src=\"https:\/\/hzpt.com\/wp-content\/uploads\/2023\/11\/agricultural-machinery-hydraulic-cylinder-4.webp\" alt=\"\" title=\"\"><\/p>\n<p>W FMP dok\u0142adamy wszelkich stara\u0144, aby oferowa\u0107 wysokiej jako\u015bci produkty w konkurencyjnych cenach. Gwarantujemy trwa\u0142o\u015b\u0107 i wydajno\u015b\u0107 naszych si\u0142ownik\u00f3w hydraulicznych, zapewniaj\u0105c naszym klientom maksymaln\u0105 warto\u015b\u0107.<\/p>\n<p>Opr\u00f3cz naszych cylindr\u00f3w hydraulicznych oferujemy r\u00f3wnie\u017c szerok\u0105 gam\u0119 innych produkt\u00f3w, w tym cylindry hydrauliczne do podno\u015bnik\u00f3w koszowych, cylindry hydrauliczne do in\u017cynierii przemys\u0142owej, cylindry hydrauliczne do zastosowa\u0144 offshore, cylindry hydrauliczne do maszyn mobilnych, cylindry hydrauliczne do maszyn budowlanych, cylindry hydrauliczne do w\u00f3zk\u00f3w wid\u0142owych, cylindry hydrauliczne do technologii energetycznych oraz cylindry hydrauliczne do maszyn wiertniczych. Zach\u0119camy klient\u00f3w do personalizacji tych produkt\u00f3w za pomoc\u0105 rysunk\u00f3w lub pr\u00f3bek.<\/p>\n<h2>Zastosowanie cylindra hydraulicznego uk\u0142adu kierowniczego<\/h2>\n<p>Hydrauliczne si\u0142owniki uk\u0142adu kierowniczego s\u0105 niezb\u0119dnymi elementami uk\u0142ad\u00f3w kierowniczych w r\u00f3\u017cnych typach pojazd\u00f3w. Te si\u0142owniki, znane r\u00f3wnie\u017c jako si\u0142owniki uk\u0142adu kierowniczego, pomagaj\u0105 przekszta\u0142ca\u0107 energi\u0119 generowan\u0105 przez pomp\u0119 uk\u0142adu kierowniczego w ruch liniowy, kt\u00f3ry mo\u017ce by\u0107 u\u017cywany do manipulowania kierunkiem k\u00f3\u0142 pojazdu. Oto niekt\u00f3re zastosowania hydraulicznych si\u0142ownik\u00f3w uk\u0142adu kierowniczego:<\/p>\n<ol>\n<li>Pojazdy ci\u0119\u017carowe: Hydrauliczne si\u0142owniki uk\u0142adu kierowniczego s\u0105 powszechnie stosowane w pojazdach ci\u0119\u017carowych, takich jak ci\u0119\u017car\u00f3wki, autobusy i sprz\u0119t budowlany. Pojazdy te wymagaj\u0105 du\u017cej si\u0142y do kierowania, a si\u0142ownik hydrauliczny mo\u017ce generowa\u0107 niezb\u0119dn\u0105 moc do obracania k\u00f3\u0142, nawet gdy pojazd jest obci\u0105\u017cony ci\u0119\u017carem. Uk\u0142ad hydrauliczny umo\u017cliwia r\u00f3wnie\u017c dok\u0142adniejsz\u0105 kontrol\u0119 nad mechanizmem kierowniczym, u\u0142atwiaj\u0105c kierowcom nawigacj\u0119 du\u017cymi, niepor\u0119cznymi pojazdami.<\/li>\n<li>Pojazdy terenowe: Pojazdy terenowe, takie jak ATV, buggy i motocykle terenowe, r\u00f3wnie\u017c korzystaj\u0105 z hydraulicznych cylindr\u00f3w steruj\u0105cych. Pojazdy te cz\u0119sto poruszaj\u0105 si\u0119 w trudnym terenie, gdzie konwencjonalne mechanizmy steruj\u0105ce mog\u0105 by\u0107 nieskuteczne. Cylindry hydrauliczne mog\u0105 zapewni\u0107 niezb\u0119dn\u0105 moc i precyzj\u0119, aby pokonywa\u0107 przeszkody i utrzymywa\u0107 kontrol\u0119 nad pojazdem.<\/li>\n<li>Zastosowania morskie i lotnicze: Hydrauliczne si\u0142owniki steruj\u0105ce nie ograniczaj\u0105 si\u0119 do pojazd\u00f3w l\u0105dowych. S\u0105 one r\u00f3wnie\u017c stosowane w zastosowaniach morskich, takich jak \u0142odzie i statki, a tak\u017ce w technologii lotniczej, takiej jak statki kosmiczne i samoloty. W tych zastosowaniach si\u0142owniki hydrauliczne s\u0142u\u017c\u0105 do manipulowania kierunkiem ster\u00f3w, statecznik\u00f3w i innych powierzchni sterowych, kt\u00f3re pomagaj\u0105 sterowa\u0107 statkiem lub samolotem.<\/li>\n<li>Sprz\u0119t przemys\u0142owy: Si\u0142owniki hydrauliczne s\u0105 r\u00f3wnie\u017c u\u017cywane w r\u00f3\u017cnych zastosowaniach przemys\u0142owych do sterowania i innych zastosowa\u0144. Na przyk\u0142ad mog\u0105 by\u0107 u\u017cywane do sterowania d\u017awigami, w\u00f3zkami wid\u0142owymi lub innymi ci\u0119\u017ckimi maszynami. W tych zastosowaniach si\u0142owniki hydrauliczne mog\u0105 zapewni\u0107 niezb\u0119dn\u0105 moc i precyzj\u0119 do manipulowania du\u017cymi \u0142adunkami lub pracy w ciasnych przestrzeniach.<\/li>\n<li>Zastosowania niestandardowe: Opr\u00f3cz tych typowych zastosowa\u0144, hydrauliczne cylindry steruj\u0105ce mog\u0105 by\u0107 r\u00f3wnie\u017c u\u017cywane w r\u00f3\u017cnych niestandardowych ustawieniach. Na przyk\u0142ad mog\u0105 by\u0107 u\u017cywane w pojazdach eksperymentalnych lub prototypach, kt\u00f3re wymagaj\u0105 unikalnego mechanizmu kierowniczego. Mog\u0105 by\u0107 r\u00f3wnie\u017c u\u017cywane w instalacjach artystycznych lub rze\u017abach kinetycznych, kt\u00f3re wymagaj\u0105 precyzyjnego i kontrolowanego ruchu.<\/li>\n<\/ol>\n<p>Jak wida\u0107, hydrauliczne si\u0142owniki uk\u0142adu kierowniczego maj\u0105 szeroki zakres zastosowa\u0144 w r\u00f3\u017cnych bran\u017cach i \u015brodowiskach. Niezale\u017cnie od tego, czy s\u0105 u\u017cywane w pojazdach ci\u0119\u017carowych, pojazdach terenowych, zastosowaniach morskich i lotniczych, sprz\u0119cie przemys\u0142owym czy zastosowaniach niestandardowych, si\u0142owniki te zapewniaj\u0105 niezb\u0119dn\u0105 moc, precyzj\u0119 i kontrol\u0119, aby skutecznie kierowa\u0107.<\/p>\n<h2>O FMP<\/h2>\n<p>FMP jest wiod\u0105cym producentem i dystrybutorem wysokiej jako\u015bci cylindr\u00f3w hydraulicznych, zestaw\u00f3w cylindr\u00f3w i komponent\u00f3w do maszyn budowlanych. Dzi\u0119ki wieloletniemu do\u015bwiadczeniu w bran\u017cy i profesjonalnemu zespo\u0142owi jeste\u015bmy zobowi\u0105zani do dostarczania naszym klientom niezawodnych i wydajnych rozwi\u0105za\u0144 dla ich potrzeb w zakresie maszyn budowlanych.<\/p>\n<p>Oto pi\u0119\u0107 powod\u00f3w, dla kt\u00f3rych warto wybra\u0107 FMP:<\/p>\n<ol>\n<li><strong>Wysokiej jako\u015bci si\u0142owniki hydrauliczne:<\/strong> Do produkcji naszych cylindr\u00f3w hydraulicznych stosujemy precyzyjn\u0105 in\u017cynieri\u0119. Nasze mocne zaanga\u017cowanie w jako\u015b\u0107 zapewnia, \u017ce u\u017cywamy wy\u0142\u0105cznie najwy\u017cszej jako\u015bci surowc\u00f3w i przeprowadzamy surowe kontrole jako\u015bci gotowych produkt\u00f3w, aby zapewni\u0107, \u017ce spe\u0142niaj\u0105 one i przekraczaj\u0105 standardy bran\u017cowe.<\/li>\n<li><strong>Szeroka gama produkt\u00f3w:<\/strong> Nasza oferta obejmuje wszystkie rodzaje maszyn budowlanych i akcesori\u00f3w. Oferujemy r\u00f3\u017cne si\u0142owniki hydrauliczne, skrzynie bieg\u00f3w, \u0142a\u0144cuchy, ko\u0142a z\u0119bate, akcesoria do silnik\u00f3w, komponenty uk\u0142ad\u00f3w hydraulicznych, akcesoria podwozia i akcesoria do uk\u0142ad\u00f3w elektrycznych.<\/li>\n<li><strong>Nawi\u0105zane partnerstwa:<\/strong> Nawi\u0105zali\u015bmy d\u0142ugoterminowe i stabilne partnerstwa z wieloma wysokiej jako\u015bci krajowymi i zagranicznymi dostawcami. Dzi\u0119ki temu mamy pewno\u015b\u0107, \u017ce wszystkie dostarczane akcesoria spe\u0142niaj\u0105 nasze surowe standardy jako\u015bci.<\/li>\n<li><strong>Do\u015bwiadczony zesp\u00f3\u0142 sprzeda\u017cy:<\/strong> Nasz zesp\u00f3\u0142 sprzeda\u017cy ma wieloletnie do\u015bwiadczenie i wiedz\u0119 na temat bran\u017cy maszyn budowlanych. Mog\u0105 oni zapewni\u0107 profesjonaln\u0105 konsultacj\u0119 produktow\u0105 i m\u0105dre porady zakupowe, aby pom\u00f3c Ci podejmowa\u0107 \u015bwiadome decyzje.<\/li>\n<li><strong>Efektywny system dystrybucji logistycznej:<\/strong> Dysponujemy wydajnym systemem logistyki dystrybucyjnej, by mie\u0107 pewno\u015b\u0107, \u017ce nasi klienci otrzymaj\u0105 potrzebne cz\u0119\u015bci na czas i w odpowiedniej ilo\u015bci.<\/li>\n<\/ol>\n<p><img decoding=\"async\" src=\"https:\/\/fmp-components.com\/wp-content\/uploads\/2025\/01\/Dump-Truck-Trailer-Hydraulic-Cylinder-product-3-3.webp\" alt=\"Si\u0142ownik hydrauliczny\" width=\"800\" title=\"\"><\/p>\n<p>W FMP zobowi\u0105zujemy si\u0119 do dostarczania naszym klientom wysokiej jako\u015bci i niezawodnych akcesori\u00f3w do maszyn budowlanych oraz kompletnych rozwi\u0105za\u0144 maszynowych. Dzi\u0119ki naszym nowoczesnym zak\u0142adom fabrycznym, obrabiarkom CNC, projektowaniu wspomaganemu komputerowo, wykwalifikowanym pracownikom, ekspertom od uk\u0142ad\u00f3w hydraulicznych, monterom cylindr\u00f3w i dealerom jeste\u015bmy preferowanym partnerem, kt\u00f3ry zaspokoi Twoje potrzeby w zakresie cylindr\u00f3w hydraulicznych, zestaw\u00f3w cylindr\u00f3w i komponent\u00f3w.<\/p>\n<p>Autor: CX<\/p>","protected":false},"excerpt":{"rendered":"<p>Factory Provide 10 Ton Piston Hydraulic Steering Cylinder is a high-quality product designed to meet your hydraulic steering needs. With a capacity of 10 tons, this hydraulic cylinder is built to provide maximum power and efficiency. Featuring a piston design, this steering cylinder ensures smooth and precise steering control, allowing for easy maneuverability. Its robust [&hellip;]<\/p>","protected":false},"featured_media":2812,"comment_status":"closed","ping_status":"closed","template":"","meta":{"_et_pb_use_builder":"","_et_pb_old_content":"","_et_gb_content_width":""},"product_brand":[],"product_cat":[67],"product_tag":[34,70],"class_list":{"0":"post-2811","1":"product","2":"type-product","3":"status-publish","4":"has-post-thumbnail","6":"product_cat-steering-hydraulic-cylinder","7":"product_tag-hydraulic-cylinder","8":"product_tag-steering-hydraulic-cylinder","10":"first","11":"instock","12":"product-type-simple"},"_links":{"self":[{"href":"https:\/\/fmp-components.com\/pl\/wp-json\/wp\/v2\/product\/2811","targetHints":{"allow":["GET"]}}],"collection":[{"href":"https:\/\/fmp-components.com\/pl\/wp-json\/wp\/v2\/product"}],"about":[{"href":"https:\/\/fmp-components.com\/pl\/wp-json\/wp\/v2\/types\/product"}],"replies":[{"embeddable":true,"href":"https:\/\/fmp-components.com\/pl\/wp-json\/wp\/v2\/comments?post=2811"}],"wp:featuredmedia":[{"embeddable":true,"href":"https:\/\/fmp-components.com\/pl\/wp-json\/wp\/v2\/media\/2812"}],"wp:attachment":[{"href":"https:\/\/fmp-components.com\/pl\/wp-json\/wp\/v2\/media?parent=2811"}],"wp:term":[{"taxonomy":"product_brand","embeddable":true,"href":"https:\/\/fmp-components.com\/pl\/wp-json\/wp\/v2\/product_brand?post=2811"},{"taxonomy":"product_cat","embeddable":true,"href":"https:\/\/fmp-components.com\/pl\/wp-json\/wp\/v2\/product_cat?post=2811"},{"taxonomy":"product_tag","embeddable":true,"href":"https:\/\/fmp-components.com\/pl\/wp-json\/wp\/v2\/product_tag?post=2811"}],"curies":[{"name":"wp","href":"https:\/\/api.w.org\/{rel}","templated":true}]}}