{"id":2803,"date":"2025-01-04T05:24:01","date_gmt":"2025-01-04T05:24:01","guid":{"rendered":"https:\/\/fmp-components.com\/product\/professional-craftsmanship-double-acting-tractor-power-steering-hydraulic-cylinder\/"},"modified":"2025-03-18T01:22:09","modified_gmt":"2025-03-18T01:22:09","slug":"professional-craftsmanship-double-acting-tractor-power-steering-hydraulic-cylinder","status":"publish","type":"product","link":"https:\/\/fmp-components.com\/pl\/product\/professional-craftsmanship-double-acting-tractor-power-steering-hydraulic-cylinder\/","title":{"rendered":"Profesjonalne wykonanie, dwustronnego dzia\u0142ania, hydrauliczny si\u0142ownik uk\u0142adu kierowniczego ci\u0105gnika"},"content":{"rendered":"<p>Si\u0142ownik hydrauliczny uk\u0142adu kierowniczego ci\u0105gnika to wysokiej jako\u015bci, dwustronnego dzia\u0142ania si\u0142ownik hydrauliczny zaprojektowany specjalnie do ci\u0105gnik\u00f3w. Ten mocny si\u0142ownik zapewnia p\u0142ynne i wydajne kierowanie, gwarantuj\u0105c optymaln\u0105 kontrol\u0119 i zwrotno\u015b\u0107 w r\u00f3\u017cnych zastosowaniach rolniczych.<\/p>\n<p>Dzi\u0119ki trwa\u0142ej konstrukcji i niezawodnemu dzia\u0142aniu, si\u0142ownik hydrauliczny uk\u0142adu kierowniczego ci\u0105gnika jest w stanie wytrzyma\u0107 du\u017ce obci\u0105\u017cenia i trudne warunki pracy. Posiada konstrukcj\u0119 dwustronnego dzia\u0142ania, umo\u017cliwiaj\u0105c\u0105 zar\u00f3wno pchanie, jak i ci\u0105gni\u0119cie, co zwi\u0119ksza jego wszechstronno\u015b\u0107 i wydajno\u015b\u0107.<\/p>\n<p>Ten si\u0142ownik hydrauliczny jest przyjazny dla u\u017cytkownika i \u0142atwy w monta\u017cu, co czyni go wygodnym wyborem dla w\u0142a\u015bcicieli i operator\u00f3w ci\u0105gnik\u00f3w. Jego kompaktowe rozmiary i solidna konstrukcja zapewniaj\u0105 bezproblemow\u0105 integracj\u0119 z uk\u0142adem kierowniczym ci\u0105gnika.<\/p>\n<p>Si\u0142ownik hydrauliczny uk\u0142adu kierowniczego ci\u0105gnika zosta\u0142 zaprojektowany z my\u015bl\u0105 o precyzyjnym i responsywnym kierowaniu, umo\u017cliwiaj\u0105c operatorom \u0142atwe poruszanie si\u0119 po polach i nier\u00f3wnym terenie. Jego mechanizm hydrauliczny zapewnia wydajne przenoszenie mocy, zmniejszaj\u0105c wysi\u0142ek potrzebny do kierowania ci\u0105gnikiem i zwi\u0119kszaj\u0105c og\u00f3ln\u0105 wydajno\u015b\u0107.<\/p>\n<p>Inwestycja w hydrauliczny si\u0142ownik uk\u0142adu kierowniczego ci\u0105gnika nie tylko gwarantuje lepsz\u0105 wydajno\u015b\u0107 uk\u0142adu kierowniczego, ale tak\u017ce zwi\u0119ksza bezpiecze\u0144stwo i wydajno\u015b\u0107 pracy ci\u0105gnika. Dzi\u0119ki niezawodnej konstrukcji, ten si\u0142ownik hydrauliczny jest trwa\u0142y, zapewniaj\u0105c d\u0142ugotrwa\u0142\u0105 wydajno\u015b\u0107 i minimalizuj\u0105c wymagania konserwacyjne.<\/p>\n<p>Ciesz si\u0119 niezawodnym i p\u0142ynnym uk\u0142adem kierowniczym dzi\u0119ki si\u0142ownikowi hydraulicznemu do ci\u0105gnika. Zmodernizuj uk\u0142ad kierowniczy swojego ci\u0105gnika ju\u017c dzi\u015b i ciesz si\u0119 optymaln\u0105 kontrol\u0105 i zwrotno\u015bci\u0105 podczas prac rolniczych.<\/p>\n<h2>O cylindrze hydraulicznym<\/h2>\n<p>Profesjonalny, dwustronnego dzia\u0142ania si\u0142ownik hydrauliczny do wspomagania uk\u0142adu kierowniczego w ci\u0105gnikach to niezb\u0119dny element w wielu bran\u017cach, takich jak warsztaty naprawcze maszyn, gospodarstwa rolne, energetyka i g\u00f3rnictwo oraz produkcja maszyn. Wa\u017c\u0105cy zaledwie 10 kg, jest wytrzyma\u0142y, a jednocze\u015bnie por\u0119czny, co u\u0142atwia monta\u017c i konserwacj\u0119.<\/p>\n<h3>Historia i klasyfikacja<\/h3>\n<p>Si\u0142owniki hydrauliczne s\u0105 stosowane od dziesi\u0119cioleci, ewoluuj\u0105c na przestrzeni lat, aby sprosta\u0107 rosn\u0105cym potrzebom r\u00f3\u017cnych bran\u017c. Istnieje kilka rodzaj\u00f3w si\u0142ownik\u00f3w hydraulicznych, ale si\u0142ownik hydrauliczny dwustronnego dzia\u0142ania do wspomagania uk\u0142adu kierowniczego w ci\u0105gnikach wyr\u00f3\u017cnia si\u0119 trwa\u0142o\u015bci\u0105 i wydajno\u015bci\u0105.<\/p>\n<h3>Zalety<\/h3>\n<p>Jedn\u0105 z g\u0142\u00f3wnych zalet tego produktu jest jego profesjonalne wykonanie, gwarantuj\u0105ce wysok\u0105 wydajno\u015b\u0107 i trwa\u0142o\u015b\u0107. Produkt posiada r\u00f3wnie\u017c certyfikat ISO9001:2000, gwarantuj\u0105cy jako\u015b\u0107 i niezawodno\u015b\u0107.<\/p>\n<h2>Wyb\u00f3r odpowiedniego cylindra hydraulicznego<\/h2>\n<p>Wybieraj\u0105c si\u0142ownik hydrauliczny, nale\u017cy wzi\u0105\u0107 pod uwag\u0119 takie czynniki, jak \u015brednica cylindra, \u015brednica t\u0142oczyska i skok t\u0142oka. W tym produkcie \u015brednica cylindra mie\u015bci si\u0119 w zakresie od 2 do 6 cali, \u015brednica t\u0142oczyska wynosi od 1,125 do 4 cali, a skok t\u0142oczyska od 4 do 100 cali.<\/p>\n<p><img decoding=\"async\" src=\"https:\/\/hzpt.com\/wp-content\/uploads\/2023\/11\/agricultural-machinery-hydraulic-cylinder-2.webp\" alt=\"\" title=\"\"><\/p>\n<p><img decoding=\"async\" src=\"https:\/\/hzpt.com\/wp-content\/uploads\/2023\/11\/agricultural-machinery-hydraulic-cylinder-6.webp\" alt=\"\" title=\"\"><\/p>\n<h2>Zastosowanie cylindra hydraulicznego uk\u0142adu kierowniczego<\/h2>\n<p>Hydrauliczne si\u0142owniki uk\u0142adu kierowniczego s\u0105 niezb\u0119dnymi elementami uk\u0142ad\u00f3w kierowniczych w r\u00f3\u017cnych typach pojazd\u00f3w. Te si\u0142owniki, znane r\u00f3wnie\u017c jako si\u0142owniki uk\u0142adu kierowniczego, pomagaj\u0105 przekszta\u0142ca\u0107 energi\u0119 generowan\u0105 przez pomp\u0119 uk\u0142adu kierowniczego w ruch liniowy, kt\u00f3ry mo\u017ce by\u0107 u\u017cywany do manipulowania kierunkiem k\u00f3\u0142 pojazdu. Oto niekt\u00f3re zastosowania hydraulicznych si\u0142ownik\u00f3w uk\u0142adu kierowniczego:<\/p>\n<ol>\n<li>Pojazdy ci\u0119\u017carowe:\n<p>Si\u0142owniki hydrauliczne uk\u0142adu kierowniczego s\u0105 powszechnie stosowane w pojazdach ci\u0119\u017carowych, takich jak ci\u0119\u017car\u00f3wki, autobusy i maszyny budowlane. Kierowanie tymi pojazdami wymaga du\u017cej si\u0142y, a si\u0142ownik hydrauliczny mo\u017ce wygenerowa\u0107 moc niezb\u0119dn\u0105 do obracania k\u00f3\u0142, nawet gdy pojazd jest obci\u0105\u017cony. Uk\u0142ad hydrauliczny pozwala r\u00f3wnie\u017c na precyzyjniejsz\u0105 kontrol\u0119 nad mechanizmem kierowniczym, u\u0142atwiaj\u0105c kierowcom kierowanie du\u017cymi, niepor\u0119cznymi pojazdami.<\/li>\n<li>Pojazdy terenowe:\n<p>Pojazdy terenowe, takie jak quady, buggy i motocykle crossowe, r\u00f3wnie\u017c korzystaj\u0105 z hydraulicznych si\u0142ownik\u00f3w uk\u0142adu kierowniczego. Pojazdy te cz\u0119sto poruszaj\u0105 si\u0119 w trudnym terenie, gdzie konwencjonalne mechanizmy kierownicze mog\u0105 okaza\u0107 si\u0119 nieskuteczne. Si\u0142owniki hydrauliczne zapewniaj\u0105 niezb\u0119dn\u0105 moc i precyzj\u0119, umo\u017cliwiaj\u0105c pokonywanie przeszk\u00f3d i utrzymanie kontroli nad pojazdem.<\/li>\n<li>Zastosowania morskie i lotnicze:\n<p>Hydrauliczne si\u0142owniki steruj\u0105ce nie ograniczaj\u0105 si\u0119 do pojazd\u00f3w l\u0105dowych. S\u0105 one r\u00f3wnie\u017c wykorzystywane w zastosowaniach morskich, takich jak \u0142odzie i statki, a tak\u017ce w technologii lotniczej, takiej jak statki kosmiczne i samoloty. W tych zastosowaniach si\u0142owniki hydrauliczne s\u0142u\u017c\u0105 do sterowania kierunkiem ster\u00f3w, statecznik\u00f3w i innych powierzchni sterowych, kt\u00f3re pomagaj\u0105 w sterowaniu statkiem lub samolotem.<\/li>\n<li>Sprz\u0119t przemys\u0142owy:\n<p>Si\u0142owniki hydrauliczne s\u0105 r\u00f3wnie\u017c wykorzystywane w r\u00f3\u017cnych zastosowaniach przemys\u0142owych do sterowania i innych zada\u0144. Na przyk\u0142ad, mog\u0105 by\u0107 u\u017cywane do sterowania d\u017awigami, w\u00f3zkami wid\u0142owymi i innymi ci\u0119\u017ckimi maszynami. W takich zastosowaniach si\u0142owniki hydrauliczne zapewniaj\u0105 niezb\u0119dn\u0105 moc i precyzj\u0119 do manipulowania du\u017cymi \u0142adunkami lub pracy w ciasnych przestrzeniach.<\/li>\n<li>Aplikacje niestandardowe:\n<p>Opr\u00f3cz tych typowych zastosowa\u0144, hydrauliczne si\u0142owniki uk\u0142adu kierowniczego mog\u0105 by\u0107 r\u00f3wnie\u017c wykorzystywane w r\u00f3\u017cnorodnych, niestandardowych konfiguracjach. Na przyk\u0142ad, mog\u0105 by\u0107 stosowane w pojazdach eksperymentalnych lub prototypach wymagaj\u0105cych unikalnego mechanizmu kierowniczego. Mog\u0105 by\u0107 r\u00f3wnie\u017c wykorzystywane w instalacjach artystycznych lub rze\u017abach kinetycznych, kt\u00f3re wymagaj\u0105 precyzyjnego i kontrolowanego ruchu.<\/li>\n<\/ol>\n<p>Jak wida\u0107, hydrauliczne si\u0142owniki uk\u0142adu kierowniczego maj\u0105 szeroki zakres zastosowa\u0144 w r\u00f3\u017cnych bran\u017cach i \u015brodowiskach. Niezale\u017cnie od tego, czy s\u0105 u\u017cywane w pojazdach ci\u0119\u017carowych, pojazdach terenowych, zastosowaniach morskich i lotniczych, sprz\u0119cie przemys\u0142owym czy zastosowaniach niestandardowych, si\u0142owniki te zapewniaj\u0105 niezb\u0119dn\u0105 moc, precyzj\u0119 i kontrol\u0119, aby skutecznie kierowa\u0107.<\/p>\n<h2>O FMP<\/h2>\n<p>FMP jest wiod\u0105cym producentem i dystrybutorem wysokiej jako\u015bci cylindr\u00f3w hydraulicznych, zestaw\u00f3w cylindr\u00f3w i komponent\u00f3w do maszyn budowlanych. Dzi\u0119ki wieloletniemu do\u015bwiadczeniu w bran\u017cy i profesjonalnemu zespo\u0142owi jeste\u015bmy zobowi\u0105zani do dostarczania naszym klientom niezawodnych i wydajnych rozwi\u0105za\u0144 dla ich potrzeb w zakresie maszyn budowlanych.<\/p>\n<p>Oto pi\u0119\u0107 powod\u00f3w, dla kt\u00f3rych warto wybra\u0107 FMP:<\/p>\n<ol>\n<li><strong>Wysokiej jako\u015bci si\u0142owniki hydrauliczne:<\/strong> Do produkcji naszych cylindr\u00f3w hydraulicznych stosujemy precyzyjn\u0105 in\u017cynieri\u0119. Nasze mocne zaanga\u017cowanie w jako\u015b\u0107 zapewnia, \u017ce u\u017cywamy wy\u0142\u0105cznie najwy\u017cszej jako\u015bci surowc\u00f3w i przeprowadzamy surowe kontrole jako\u015bci gotowych produkt\u00f3w, aby zapewni\u0107, \u017ce spe\u0142niaj\u0105 one i przekraczaj\u0105 standardy bran\u017cowe.<\/li>\n<li><strong>Szeroka gama produkt\u00f3w:<\/strong> Nasza oferta obejmuje wszystkie rodzaje maszyn budowlanych i akcesori\u00f3w. Oferujemy r\u00f3\u017cne si\u0142owniki hydrauliczne, skrzynie bieg\u00f3w, \u0142a\u0144cuchy, ko\u0142a z\u0119bate, akcesoria do silnik\u00f3w, komponenty uk\u0142ad\u00f3w hydraulicznych, akcesoria podwozia i akcesoria do uk\u0142ad\u00f3w elektrycznych.<\/li>\n<li><strong>Nawi\u0105zane partnerstwa:<\/strong> Nawi\u0105zali\u015bmy d\u0142ugoterminowe i stabilne partnerstwa z wieloma wysokiej jako\u015bci krajowymi i zagranicznymi dostawcami. Dzi\u0119ki temu mamy pewno\u015b\u0107, \u017ce wszystkie dostarczane akcesoria spe\u0142niaj\u0105 nasze surowe standardy jako\u015bci.<\/li>\n<li><strong>Do\u015bwiadczony zesp\u00f3\u0142 sprzeda\u017cy:<\/strong> Nasz zesp\u00f3\u0142 sprzeda\u017cy ma wieloletnie do\u015bwiadczenie i wiedz\u0119 na temat bran\u017cy maszyn budowlanych. Mog\u0105 oni zapewni\u0107 profesjonaln\u0105 konsultacj\u0119 produktow\u0105 i m\u0105dre porady zakupowe, aby pom\u00f3c Ci podejmowa\u0107 \u015bwiadome decyzje.<\/li>\n<li><strong>Efektywny system dystrybucji logistycznej:<\/strong> Dysponujemy wydajnym systemem logistyki dystrybucyjnej, by mie\u0107 pewno\u015b\u0107, \u017ce nasi klienci otrzymaj\u0105 potrzebne cz\u0119\u015bci na czas i w odpowiedniej ilo\u015bci.<\/li>\n<\/ol>\n<p><img decoding=\"async\" src=\"https:\/\/fmp-components.com\/wp-content\/uploads\/2025\/01\/Dump-Truck-Trailer-Hydraulic-Cylinder-product-3-3.webp\" alt=\"Si\u0142ownik hydrauliczny\" width=\"800\" title=\"\"><\/p>\n<p>W FMP zobowi\u0105zujemy si\u0119 do dostarczania naszym klientom wysokiej jako\u015bci i niezawodnych akcesori\u00f3w do maszyn budowlanych oraz kompletnych rozwi\u0105za\u0144 maszynowych. Dzi\u0119ki naszym nowoczesnym zak\u0142adom fabrycznym, obrabiarkom CNC, projektowaniu wspomaganemu komputerowo, wykwalifikowanym pracownikom, ekspertom od uk\u0142ad\u00f3w hydraulicznych, monterom cylindr\u00f3w i dealerom jeste\u015bmy preferowanym partnerem, kt\u00f3ry zaspokoi Twoje potrzeby w zakresie cylindr\u00f3w hydraulicznych, zestaw\u00f3w cylindr\u00f3w i komponent\u00f3w.<\/p>\n<p>Autor: CX<\/p>","protected":false},"excerpt":{"rendered":"<p>The Tractor Hydraulic Steering Cylinder is a high-quality, double-acting hydraulic cylinder designed specifically for tractors. This powerful cylinder is built to provide smooth and efficient steering performance, ensuring optimal control and maneuverability in various agricultural applications. With its durable construction and reliable functionality, the Tractor Hydraulic Steering Cylinder is capable of withstanding heavy loads and [&hellip;]<\/p>","protected":false},"featured_media":2804,"comment_status":"closed","ping_status":"closed","template":"","meta":{"_et_pb_use_builder":"","_et_pb_old_content":"","_et_gb_content_width":""},"product_brand":[],"product_cat":[67],"product_tag":[34,70],"class_list":{"0":"post-2803","1":"product","2":"type-product","3":"status-publish","4":"has-post-thumbnail","6":"product_cat-steering-hydraulic-cylinder","7":"product_tag-hydraulic-cylinder","8":"product_tag-steering-hydraulic-cylinder","10":"first","11":"instock","12":"product-type-simple"},"_links":{"self":[{"href":"https:\/\/fmp-components.com\/pl\/wp-json\/wp\/v2\/product\/2803","targetHints":{"allow":["GET"]}}],"collection":[{"href":"https:\/\/fmp-components.com\/pl\/wp-json\/wp\/v2\/product"}],"about":[{"href":"https:\/\/fmp-components.com\/pl\/wp-json\/wp\/v2\/types\/product"}],"replies":[{"embeddable":true,"href":"https:\/\/fmp-components.com\/pl\/wp-json\/wp\/v2\/comments?post=2803"}],"wp:featuredmedia":[{"embeddable":true,"href":"https:\/\/fmp-components.com\/pl\/wp-json\/wp\/v2\/media\/2804"}],"wp:attachment":[{"href":"https:\/\/fmp-components.com\/pl\/wp-json\/wp\/v2\/media?parent=2803"}],"wp:term":[{"taxonomy":"product_brand","embeddable":true,"href":"https:\/\/fmp-components.com\/pl\/wp-json\/wp\/v2\/product_brand?post=2803"},{"taxonomy":"product_cat","embeddable":true,"href":"https:\/\/fmp-components.com\/pl\/wp-json\/wp\/v2\/product_cat?post=2803"},{"taxonomy":"product_tag","embeddable":true,"href":"https:\/\/fmp-components.com\/pl\/wp-json\/wp\/v2\/product_tag?post=2803"}],"curies":[{"name":"wp","href":"https:\/\/api.w.org\/{rel}","templated":true}]}}