{"id":2799,"date":"2025-01-04T05:22:33","date_gmt":"2025-01-04T05:22:33","guid":{"rendered":"https:\/\/fmp-components.com\/product\/italy-supplier-long-stroke-tractor-hydraulic-steering-cylinder-hydraulic-cylinder-double-acting\/"},"modified":"2025-03-18T02:07:21","modified_gmt":"2025-03-18T02:07:21","slug":"italy-supplier-long-stroke-tractor-hydraulic-steering-cylinder-hydraulic-cylinder-double-acting","status":"publish","type":"product","link":"https:\/\/fmp-components.com\/pl\/product\/italy-supplier-long-stroke-tractor-hydraulic-steering-cylinder-hydraulic-cylinder-double-acting\/","title":{"rendered":"Dostawca W\u0142och: Si\u0142ownik hydrauliczny do ci\u0105gnik\u00f3w o d\u0142ugim skoku, si\u0142ownik hydrauliczny dwustronnego dzia\u0142ania"},"content":{"rendered":"<h2>Profesjonalny, dwukierunkowy si\u0142ownik hydrauliczny o d\u0142ugim skoku, si\u0142ownik wspomagania uk\u0142adu kierowniczego do ci\u0105gnika<\/h2>\n<p>Profesjonalny, dwukierunkowy si\u0142ownik hydrauliczny o d\u0142ugim skoku i z si\u0142ownikiem wspomagania uk\u0142adu kierowniczego do ci\u0105gnik\u00f3w to wysokiej jako\u015bci si\u0142ownik hydrauliczny przeznaczony do stosowania w ci\u0105gnikach. Wykonany z materia\u0142\u00f3w najwy\u017cszej jako\u015bci, si\u0142ownik ten jest trwa\u0142y, wytrzyma\u0142y i zapewnia niezawodn\u0105 prac\u0119 nawet w najtrudniejszych warunkach.<\/p>\n<p>Ten hydrauliczny si\u0142ownik t\u0142okowy o d\u0142ugim skoku zapewnia wi\u0119ksz\u0105 moc i lepsz\u0105 wydajno\u015b\u0107 w ci\u0105gnikach. Jest to si\u0142ownik dwukierunkowy, co oznacza, \u017ce \u200b\u200bmo\u017ce pracowa\u0107 w obu kierunkach, co zapewnia mu wi\u0119ksz\u0105 wszechstronno\u015b\u0107 i elastyczno\u015b\u0107 w szerokim zakresie zastosowa\u0144.<\/p>\n<p>Wspomaganie uk\u0142adu kierowniczego tego si\u0142ownika zapewnia \u0142atw\u0105 i wydajn\u0105 kontrol\u0119 nad ci\u0105gnikami, nawet w trudnych warunkach. Konstrukcja hydraulicznego t\u0142oka zapewnia p\u0142ynny, precyzyjny i niezawodny ruch si\u0142ownika, dzi\u0119ki czemu idealnie nadaje si\u0119 on do stosowania w r\u00f3\u017cnorodnych zastosowaniach rolniczych i przemys\u0142owych.<\/p>\n<p>Niezale\u017cnie od tego, czy szukasz wysokiej jako\u015bci si\u0142ownika hydraulicznego do swojego ci\u0105gnika, czy niezawodnego i wytrzyma\u0142ego si\u0142ownika wspomagania uk\u0142adu kierowniczego do maszyn rolniczych lub przemys\u0142owych, profesjonalny si\u0142ownik hydrauliczny z d\u0142ugim skokiem i dwukierunkowym t\u0142okiem do ci\u0105gnika to doskona\u0142y wyb\u00f3r. Dzi\u0119ki wysokiej jako\u015bci konstrukcji, zaawansowanym funkcjom i wyj\u0105tkowej wydajno\u015bci, si\u0142ownik ten z pewno\u015bci\u0105 przekroczy Twoje oczekiwania i zapewni wyj\u0105tkowe rezultaty.<\/p>\n<h2>Wprowadzenie do w\u0142oskiego dostawcy, si\u0142ownika hydraulicznego do ci\u0105gnik\u00f3w o d\u0142ugim skoku, si\u0142ownika hydraulicznego dwustronnego dzia\u0142ania<\/h2>\n<p>Si\u0142owniki hydrauliczne od wielu lat stanowi\u0105 integraln\u0105 cz\u0119\u015b\u0107 przemys\u0142u maszynowego. Jednym z takich produkt\u00f3w, kt\u00f3ry zrewolucjonizowa\u0142 bran\u017c\u0119, jest \u201ew\u0142oski dostawca si\u0142ownik\u00f3w hydraulicznych o d\u0142ugim skoku do ci\u0105gnik\u00f3w, si\u0142ownik\u00f3w hydraulicznych dwustronnego dzia\u0142ania\u201d. Produkt ten nosi znak jako\u015bci FMP, wiod\u0105cego gracza na w\u0142oskim rynku si\u0142ownik\u00f3w hydraulicznych.<\/p>\n<h2>Klasyfikacja i zalety<\/h2>\n<p>Nasza oferta produkt\u00f3w obejmuje hydrauliczne si\u0142owniki przechy\u0142u, hydrauliczne si\u0142owniki uk\u0142adu kierowniczego oraz hydrauliczne si\u0142owniki podnoszenia. Ka\u017cda z tych kategorii ma specyficzne zastosowania i zalety. \u201eW\u0142oski dostawca si\u0142ownik\u00f3w hydraulicznych o d\u0142ugim skoku do ci\u0105gnik\u00f3w, si\u0142ownik\u00f3w hydraulicznych dwustronnego dzia\u0142ania\u201d jest szczeg\u00f3lnie znany ze swojej wyj\u0105tkowej mocy i wydajno\u015bci.<\/p>\n<h2>Instalacja, naprawa i konserwacja<\/h2>\n<p>Monta\u017c naszych si\u0142ownik\u00f3w hydraulicznych to prosty proces, a my zapewniamy jasne instrukcje. Nasze produkty s\u0105 projektowane z my\u015bl\u0105 o trwa\u0142o\u015bci, ale w razie jakichkolwiek problem\u00f3w oferujemy r\u00f3wnie\u017c us\u0142ugi napraw i konserwacji.<\/p>\n<h2>Wyb\u00f3r odpowiednich produkt\u00f3w hydraulicznych<\/h2>\n<p>Wyb\u00f3r odpowiedniego oleju hydraulicznego i uszczelnienia olejowego ma kluczowe znaczenie dla optymalnej wydajno\u015bci si\u0142ownik\u00f3w hydraulicznych. Pomo\u017cemy Ci dokona\u0107 w\u0142a\u015bciwego wyboru, bior\u0105c pod uwag\u0119 Twoje indywidualne wymagania. Doradzimy r\u00f3wnie\u017c, kiedy i jak wymieni\u0107 te elementy.<\/p>\n<p><img decoding=\"async\" src=\"https:\/\/hzpt.com\/wp-content\/uploads\/2023\/11\/Steering-Hydraulic-Cylinder-4.webp\" alt=\"\" title=\"\"><\/p>\n<h2>Zastosowanie cylindra hydraulicznego uk\u0142adu kierowniczego<\/h2>\n<p>Hydrauliczne si\u0142owniki uk\u0142adu kierowniczego s\u0105 niezb\u0119dnymi elementami uk\u0142ad\u00f3w kierowniczych w r\u00f3\u017cnych typach pojazd\u00f3w. Te si\u0142owniki, znane r\u00f3wnie\u017c jako si\u0142owniki uk\u0142adu kierowniczego, pomagaj\u0105 przekszta\u0142ca\u0107 energi\u0119 generowan\u0105 przez pomp\u0119 uk\u0142adu kierowniczego w ruch liniowy, kt\u00f3ry mo\u017ce by\u0107 u\u017cywany do manipulowania kierunkiem k\u00f3\u0142 pojazdu. Oto niekt\u00f3re zastosowania hydraulicznych si\u0142ownik\u00f3w uk\u0142adu kierowniczego:<\/p>\n<ol>\n<li>Pojazdy ci\u0119\u017carowe: Hydrauliczne si\u0142owniki uk\u0142adu kierowniczego s\u0105 powszechnie stosowane w pojazdach ci\u0119\u017carowych, takich jak ci\u0119\u017car\u00f3wki, autobusy i sprz\u0119t budowlany. Pojazdy te wymagaj\u0105 du\u017cej si\u0142y do kierowania, a si\u0142ownik hydrauliczny mo\u017ce generowa\u0107 niezb\u0119dn\u0105 moc do obracania k\u00f3\u0142, nawet gdy pojazd jest obci\u0105\u017cony ci\u0119\u017carem. Uk\u0142ad hydrauliczny umo\u017cliwia r\u00f3wnie\u017c dok\u0142adniejsz\u0105 kontrol\u0119 nad mechanizmem kierowniczym, u\u0142atwiaj\u0105c kierowcom nawigacj\u0119 du\u017cymi, niepor\u0119cznymi pojazdami.<\/li>\n<li>Pojazdy terenowe: Pojazdy terenowe, takie jak ATV, buggy i motocykle terenowe, r\u00f3wnie\u017c korzystaj\u0105 z hydraulicznych cylindr\u00f3w steruj\u0105cych. Pojazdy te cz\u0119sto poruszaj\u0105 si\u0119 w trudnym terenie, gdzie konwencjonalne mechanizmy steruj\u0105ce mog\u0105 by\u0107 nieskuteczne. Cylindry hydrauliczne mog\u0105 zapewni\u0107 niezb\u0119dn\u0105 moc i precyzj\u0119, aby pokonywa\u0107 przeszkody i utrzymywa\u0107 kontrol\u0119 nad pojazdem.<\/li>\n<li>Zastosowania morskie i lotnicze: Hydrauliczne si\u0142owniki steruj\u0105ce nie ograniczaj\u0105 si\u0119 do pojazd\u00f3w l\u0105dowych. S\u0105 one r\u00f3wnie\u017c stosowane w zastosowaniach morskich, takich jak \u0142odzie i statki, a tak\u017ce w technologii lotniczej, takiej jak statki kosmiczne i samoloty. W tych zastosowaniach si\u0142owniki hydrauliczne s\u0142u\u017c\u0105 do manipulowania kierunkiem ster\u00f3w, statecznik\u00f3w i innych powierzchni sterowych, kt\u00f3re pomagaj\u0105 sterowa\u0107 statkiem lub samolotem.<\/li>\n<li>Sprz\u0119t przemys\u0142owy: Si\u0142owniki hydrauliczne s\u0105 r\u00f3wnie\u017c u\u017cywane w r\u00f3\u017cnych zastosowaniach przemys\u0142owych do sterowania i innych zastosowa\u0144. Na przyk\u0142ad mog\u0105 by\u0107 u\u017cywane do sterowania d\u017awigami, w\u00f3zkami wid\u0142owymi lub innymi ci\u0119\u017ckimi maszynami. W tych zastosowaniach si\u0142owniki hydrauliczne mog\u0105 zapewni\u0107 niezb\u0119dn\u0105 moc i precyzj\u0119 do manipulowania du\u017cymi \u0142adunkami lub pracy w ciasnych przestrzeniach.<\/li>\n<li>Zastosowania niestandardowe: Opr\u00f3cz tych typowych zastosowa\u0144, hydrauliczne cylindry steruj\u0105ce mog\u0105 by\u0107 r\u00f3wnie\u017c u\u017cywane w r\u00f3\u017cnych niestandardowych ustawieniach. Na przyk\u0142ad mog\u0105 by\u0107 u\u017cywane w pojazdach eksperymentalnych lub prototypach, kt\u00f3re wymagaj\u0105 unikalnego mechanizmu kierowniczego. Mog\u0105 by\u0107 r\u00f3wnie\u017c u\u017cywane w instalacjach artystycznych lub rze\u017abach kinetycznych, kt\u00f3re wymagaj\u0105 precyzyjnego i kontrolowanego ruchu.<\/li>\n<\/ol>\n<p>Jak wida\u0107, hydrauliczne si\u0142owniki uk\u0142adu kierowniczego maj\u0105 szeroki zakres zastosowa\u0144 w r\u00f3\u017cnych bran\u017cach i \u015brodowiskach. Niezale\u017cnie od tego, czy s\u0105 u\u017cywane w pojazdach ci\u0119\u017carowych, pojazdach terenowych, zastosowaniach morskich i lotniczych, sprz\u0119cie przemys\u0142owym czy zastosowaniach niestandardowych, si\u0142owniki te zapewniaj\u0105 niezb\u0119dn\u0105 moc, precyzj\u0119 i kontrol\u0119, aby skutecznie kierowa\u0107.<\/p>\n<h2>O FMP<\/h2>\n<p>FMP jest wiod\u0105cym producentem i dystrybutorem wysokiej jako\u015bci cylindr\u00f3w hydraulicznych, zestaw\u00f3w cylindr\u00f3w i komponent\u00f3w do maszyn budowlanych. Dzi\u0119ki wieloletniemu do\u015bwiadczeniu w bran\u017cy i profesjonalnemu zespo\u0142owi jeste\u015bmy zobowi\u0105zani do dostarczania naszym klientom niezawodnych i wydajnych rozwi\u0105za\u0144 dla ich potrzeb w zakresie maszyn budowlanych.<\/p>\n<p>Oto pi\u0119\u0107 powod\u00f3w, dla kt\u00f3rych warto wybra\u0107 FMP:<\/p>\n<ol>\n<li><strong>Wysokiej jako\u015bci si\u0142owniki hydrauliczne:<\/strong> Do produkcji naszych cylindr\u00f3w hydraulicznych stosujemy precyzyjn\u0105 in\u017cynieri\u0119. Nasze mocne zaanga\u017cowanie w jako\u015b\u0107 zapewnia, \u017ce u\u017cywamy wy\u0142\u0105cznie najwy\u017cszej jako\u015bci surowc\u00f3w i przeprowadzamy surowe kontrole jako\u015bci gotowych produkt\u00f3w, aby zapewni\u0107, \u017ce spe\u0142niaj\u0105 one i przekraczaj\u0105 standardy bran\u017cowe.<\/li>\n<li><strong>Szeroka gama produkt\u00f3w:<\/strong> Nasza oferta obejmuje wszystkie rodzaje maszyn budowlanych i akcesori\u00f3w. Oferujemy r\u00f3\u017cne si\u0142owniki hydrauliczne, skrzynie bieg\u00f3w, \u0142a\u0144cuchy, ko\u0142a z\u0119bate, akcesoria do silnik\u00f3w, komponenty uk\u0142ad\u00f3w hydraulicznych, akcesoria podwozia i akcesoria do uk\u0142ad\u00f3w elektrycznych.<\/li>\n<li><strong>Nawi\u0105zane partnerstwa:<\/strong> Nawi\u0105zali\u015bmy d\u0142ugoterminowe i stabilne partnerstwa z wieloma wysokiej jako\u015bci krajowymi i zagranicznymi dostawcami. Dzi\u0119ki temu mamy pewno\u015b\u0107, \u017ce wszystkie dostarczane akcesoria spe\u0142niaj\u0105 nasze surowe standardy jako\u015bci.<\/li>\n<li><strong>Do\u015bwiadczony zesp\u00f3\u0142 sprzeda\u017cy:<\/strong> Nasz zesp\u00f3\u0142 sprzeda\u017cy ma wieloletnie do\u015bwiadczenie i wiedz\u0119 na temat bran\u017cy maszyn budowlanych. Mog\u0105 oni zapewni\u0107 profesjonaln\u0105 konsultacj\u0119 produktow\u0105 i m\u0105dre porady zakupowe, aby pom\u00f3c Ci podejmowa\u0107 \u015bwiadome decyzje.<\/li>\n<li><strong>Efektywny system dystrybucji logistycznej:<\/strong> Dysponujemy wydajnym systemem logistyki dystrybucyjnej, by mie\u0107 pewno\u015b\u0107, \u017ce nasi klienci otrzymaj\u0105 potrzebne cz\u0119\u015bci na czas i w odpowiedniej ilo\u015bci.<\/li>\n<\/ol>\n<p><img decoding=\"async\" src=\"https:\/\/fmp-components.com\/wp-content\/uploads\/2025\/01\/Dump-Truck-Trailer-Hydraulic-Cylinder-product-3-3.webp\" alt=\"Si\u0142ownik hydrauliczny\" width=\"800\" title=\"\"><\/p>\n<p>W FMP zobowi\u0105zujemy si\u0119 do dostarczania naszym klientom wysokiej jako\u015bci i niezawodnych akcesori\u00f3w do maszyn budowlanych oraz kompletnych rozwi\u0105za\u0144 maszynowych. Dzi\u0119ki naszym nowoczesnym zak\u0142adom fabrycznym, obrabiarkom CNC, projektowaniu wspomaganemu komputerowo, wykwalifikowanym pracownikom, ekspertom od uk\u0142ad\u00f3w hydraulicznych, monterom cylindr\u00f3w i dealerom jeste\u015bmy preferowanym partnerem, kt\u00f3ry zaspokoi Twoje potrzeby w zakresie cylindr\u00f3w hydraulicznych, zestaw\u00f3w cylindr\u00f3w i komponent\u00f3w.<\/p>\n<p>Autor: CX<\/p>","protected":false},"excerpt":{"rendered":"<p>Professional Long Stroke Two Way Hydraulic Piston Cylinder Power Steering Cylinder for Tractor The Professional Long Stroke Two Way Hydraulic Piston Cylinder Power Steering Cylinder for Tractor is a high-quality hydraulic cylinder designed for use in tractors. Made from premium quality materials, this cylinder is durable, long-lasting, and capable of delivering reliable performance in the [&hellip;]<\/p>","protected":false},"featured_media":2800,"comment_status":"closed","ping_status":"closed","template":"","meta":{"_et_pb_use_builder":"","_et_pb_old_content":"","_et_gb_content_width":""},"product_brand":[],"product_cat":[67],"product_tag":[34,70],"class_list":{"0":"post-2799","1":"product","2":"type-product","3":"status-publish","4":"has-post-thumbnail","6":"product_cat-steering-hydraulic-cylinder","7":"product_tag-hydraulic-cylinder","8":"product_tag-steering-hydraulic-cylinder","10":"first","11":"instock","12":"product-type-simple"},"_links":{"self":[{"href":"https:\/\/fmp-components.com\/pl\/wp-json\/wp\/v2\/product\/2799","targetHints":{"allow":["GET"]}}],"collection":[{"href":"https:\/\/fmp-components.com\/pl\/wp-json\/wp\/v2\/product"}],"about":[{"href":"https:\/\/fmp-components.com\/pl\/wp-json\/wp\/v2\/types\/product"}],"replies":[{"embeddable":true,"href":"https:\/\/fmp-components.com\/pl\/wp-json\/wp\/v2\/comments?post=2799"}],"wp:featuredmedia":[{"embeddable":true,"href":"https:\/\/fmp-components.com\/pl\/wp-json\/wp\/v2\/media\/2800"}],"wp:attachment":[{"href":"https:\/\/fmp-components.com\/pl\/wp-json\/wp\/v2\/media?parent=2799"}],"wp:term":[{"taxonomy":"product_brand","embeddable":true,"href":"https:\/\/fmp-components.com\/pl\/wp-json\/wp\/v2\/product_brand?post=2799"},{"taxonomy":"product_cat","embeddable":true,"href":"https:\/\/fmp-components.com\/pl\/wp-json\/wp\/v2\/product_cat?post=2799"},{"taxonomy":"product_tag","embeddable":true,"href":"https:\/\/fmp-components.com\/pl\/wp-json\/wp\/v2\/product_tag?post=2799"}],"curies":[{"name":"wp","href":"https:\/\/api.w.org\/{rel}","templated":true}]}}