{"id":2791,"date":"2025-01-04T06:36:59","date_gmt":"2025-01-04T06:36:59","guid":{"rendered":"https:\/\/fmp-components.com\/?page_id=8"},"modified":"2025-01-04T06:36:59","modified_gmt":"2025-01-04T06:36:59","slug":"silage-machine-gearbox-fmp-qz-wrxl-for-german-champion-four-disc-type-3500","status":"publish","type":"product","link":"https:\/\/fmp-components.com\/pl\/product\/silage-machine-gearbox-fmp-qz-wrxl-for-german-champion-four-disc-type-3500\/","title":{"rendered":"Skrzynia bieg\u00f3w maszyny do kiszonki FMP-QZ-WRXL do niemieckiego Championa z czterema tarczami (typ 3500)"},"content":{"rendered":"<h2>Wymiary skrzyni bieg\u00f3w maszyny do kiszonki FMP-QZ-WRXL<\/h2>\n<p><img loading=\"lazy\" decoding=\"async\" class=\"alignnone size-full wp-image-2970\" src=\"https:\/\/fmp-components.com\/wp-content\/uploads\/2025\/01\/Silage-Machine-Gearbox-EP-QZ-WRXL-Dimensions.webp\" alt=\"Przek\u0142adnia maszyny do kiszonki EP-QZ-WRXL - wymiary\" width=\"1298\" height=\"902\" title=\"\" srcset=\"https:\/\/fmp-components.com\/wp-content\/uploads\/2025\/01\/Silage-Machine-Gearbox-EP-QZ-WRXL-Dimensions.webp 1298w, https:\/\/fmp-components.com\/wp-content\/uploads\/2025\/01\/Silage-Machine-Gearbox-EP-QZ-WRXL-Dimensions-1280x889.webp 1280w, https:\/\/fmp-components.com\/wp-content\/uploads\/2025\/01\/Silage-Machine-Gearbox-EP-QZ-WRXL-Dimensions-980x681.webp 980w, https:\/\/fmp-components.com\/wp-content\/uploads\/2025\/01\/Silage-Machine-Gearbox-EP-QZ-WRXL-Dimensions-480x334.webp 480w\" sizes=\"(min-width: 0px) and (max-width: 480px) 480px, (min-width: 481px) and (max-width: 980px) 980px, (min-width: 981px) and (max-width: 1280px) 1280px, (min-width: 1281px) 1298px, 100vw\" \/><\/p>\n<h2>Dane techniczne przek\u0142adni maszyny do kiszonki FMP-QZ-WRXL<\/h2>\n<table style=\"width: 97.8953%; height: 54px;\" border=\"1\" cellspacing=\"0\" cellpadding=\"0\">\n<tbody>\n<tr>\n<td>Nazwa<\/td>\n<td>Odpowiedni<\/td>\n<td>Zakr\u0119t<\/td>\n<td>seria nag\u0142\u00f3wk\u00f3w<\/td>\n<td>Uz\u0119bienie<\/td>\n<\/tr>\n<tr>\n<td>Pude\u0142ko do karmienia<\/td>\n<td>maszyny do kiszonki<\/td>\n<td>skr\u0119t w lewo<\/td>\n<td>3 serie<\/td>\n<td>Z\u0119by \u015brubowe Gleasona<\/td>\n<\/tr>\n<tr>\n<td colspan=\"5\">Uwaga: Je\u015bli masz jakie\u015b specjalne \u017cyczenia, daj mi zna\u0107, realizujemy r\u00f3wnie\u017c zam\u00f3wienia niestandardowe.<\/td>\n<\/tr>\n<\/tbody>\n<\/table>\n<h2>Zasada dzia\u0142ania przek\u0142adni maszyny do kiszonki dla niemieckiego Championa z czterema tarczami (typ 3500)<\/h2>\n<p>Przek\u0142adnia maszyny do kiszonki w niemieckim Championie z czterema tarczami (typ 3500) przekazuje moc z wa\u0142u odbioru mocy ci\u0105gnika na r\u00f3\u017cne podzespo\u0142y maszyny, umo\u017cliwiaj\u0105c jej wydajne wykonywanie zada\u0144, takich jak ci\u0119cie, rozdrabnianie i siekanie kiszonki. Podstawow\u0105 funkcj\u0105 przek\u0142adni jest redukcja pr\u0119dko\u015bci obrotowej WOM przy jednoczesnym zwi\u0119kszeniu momentu obrotowego, co pozwala maszynie na przenoszenie du\u017cych obci\u0105\u017ce\u0144 zwi\u0105zanych z procesem kiszonki.<\/p>\n<p>Poni\u017cej przedstawiamy szczeg\u00f3\u0142owy opis zasady dzia\u0142ania skrzyni bieg\u00f3w w kontek\u015bcie niemieckiego Championa Four Disc (typ 3500):<\/p>\n<p>1. <strong>Wej\u015bcie z wa\u0142u odbioru mocy<\/strong><\/p>\n<p>Skrzynia bieg\u00f3w jest nap\u0119dzana przez wa\u0142 odbioru mocy (WOM), kt\u00f3ry jest po\u0142\u0105czony z ci\u0105gnikiem. Po uruchomieniu silnika ci\u0105gnika wa\u0142 WOM zaczyna si\u0119 obraca\u0107. Ten ruch obrotowy jest przenoszony na skrzyni\u0119 bieg\u00f3w.<\/p>\n<p>2. <strong>Redukcja momentu obrotowego i pr\u0119dko\u015bci<\/strong><\/p>\n<p>Przek\u0142adnia zosta\u0142a zaprojektowana w celu redukcji pr\u0119dko\u015bci obrotowej wa\u0142u odbioru mocy (WOM) ci\u0105gnika z wysokich obrot\u00f3w (cz\u0119sto oko\u0142o 540 lub 1000 obr.\/min, w zale\u017cno\u015bci od typu WOM) do ni\u017cszych, odpowiednich do pracy tarcz tn\u0105cych. Osi\u0105ga si\u0119 to poprzez uk\u0142ad przek\u0142adni, zazwyczaj planetarnych lub \u015brubowych, kt\u00f3re reguluj\u0105 pr\u0119dko\u015b\u0107 obrotow\u0105, jednocze\u015bnie zwi\u0119kszaj\u0105c moment obrotowy. To zmniejszenie pr\u0119dko\u015bci i zwi\u0119kszenie momentu obrotowego zapewnia wydajn\u0105 prac\u0119 maszyny pod du\u017cym obci\u0105\u017ceniem.<\/p>\n<p><strong>3. Dystrybucja mocy do tarcz tn\u0105cych<\/strong><\/p>\n<p>Skrzynia bieg\u00f3w przekazuje moc do <strong>cztery dyski<\/strong> kt\u00f3re odpowiadaj\u0105 za ci\u0119cie lub rozdrabnianie kiszonki. Ka\u017cdy dysk jest nap\u0119dzany wa\u0142kiem po\u0142\u0105czonym z wyj\u015bciem przek\u0142adni. Te dyski tn\u0105ce s\u0105 cz\u0119sto montowane w okre\u015blonej konfiguracji (np. w uk\u0142adzie gwia\u017adzistym lub ko\u0142owym) i obracaj\u0105 si\u0119 znacznie wolniej ni\u017c pr\u0119dko\u015b\u0107 wej\u015bciowa z WOM ci\u0105gnika.<\/p>\n<p><strong>4. Sprawno\u015b\u0107 mechaniczna i zarz\u0105dzanie obci\u0105\u017ceniem<\/strong><\/p>\n<p>Przek\u0142adnia pomaga utrzyma\u0107 sprawno\u015b\u0107 mechaniczn\u0105, r\u00f3wnomiernie rozk\u0142adaj\u0105c obci\u0105\u017cenie na cztery tarcze. Zapewnia to efektywne przenoszenie momentu obrotowego generowanego przez WOM ci\u0105gnika na ka\u017cd\u0105 tarcz\u0119. Dzi\u0119ki temu maszyna do kiszonki mo\u017ce szybko i r\u00f3wnomiernie przerabia\u0107 du\u017ce ilo\u015bci materia\u0142u, bez przeci\u0105\u017cania poszczeg\u00f3lnych podzespo\u0142\u00f3w.<\/p>\n<p><strong>5. Smarowanie i ch\u0142odzenie<\/strong><\/p>\n<p>Ze wzgl\u0119du na du\u017ce obci\u0105\u017cenia i ci\u0105g\u0142\u0105 prac\u0119, skrzynia bieg\u00f3w zazwyczaj wyposa\u017cona jest w uk\u0142ad smarowania, kt\u00f3ry zmniejsza tarcie i zu\u017cycie mi\u0119dzy ko\u0142ami z\u0119batymi. Uk\u0142ad ten zapewnia p\u0142ynn\u0105 prac\u0119 i wyd\u0142u\u017ca \u017cywotno\u015b\u0107 skrzyni bieg\u00f3w. Niekt\u00f3re skrzynie bieg\u00f3w mog\u0105 r\u00f3wnie\u017c posiada\u0107 uk\u0142ad ch\u0142odzenia, zapobiegaj\u0105cy przegrzaniu podczas d\u0142ugotrwa\u0142ego u\u017cytkowania.<\/p>\n<p>W istocie przek\u0142adnia maszyny do kiszonki w niemieckiej maszynie Champion Four Disc (typ 3500) efektywnie zarz\u0105dza przenoszeniem mocy i zapewnia, \u017ce \u200b\u200bproces ci\u0119cia kiszonki przebiega p\u0142ynnie i efektywnie, nawet w trudnych warunkach eksploatacyjnych.<\/p>\n<p><img loading=\"lazy\" decoding=\"async\" class=\"alignnone size-full wp-image-2972\" src=\"https:\/\/fmp-components.com\/wp-content\/uploads\/2025\/01\/Silage-Machine-Gearbox-for-German-Champion-Four-Disc-Type-3500-Working-Principle-scaled.webp\" alt=\"Przek\u0142adnia do maszyny do kiszonki dla niemieckiego mistrza, czterotarczowej, typ 3500, zasada dzia\u0142ania\" width=\"2560\" height=\"1212\" title=\"\" srcset=\"https:\/\/fmp-components.com\/wp-content\/uploads\/2025\/01\/Silage-Machine-Gearbox-for-German-Champion-Four-Disc-Type-3500-Working-Principle-scaled.webp 2560w, https:\/\/fmp-components.com\/wp-content\/uploads\/2025\/01\/Silage-Machine-Gearbox-for-German-Champion-Four-Disc-Type-3500-Working-Principle-1280x606.webp 1280w, https:\/\/fmp-components.com\/wp-content\/uploads\/2025\/01\/Silage-Machine-Gearbox-for-German-Champion-Four-Disc-Type-3500-Working-Principle-980x464.webp 980w, https:\/\/fmp-components.com\/wp-content\/uploads\/2025\/01\/Silage-Machine-Gearbox-for-German-Champion-Four-Disc-Type-3500-Working-Principle-480x227.webp 480w\" sizes=\"(min-width: 0px) and (max-width: 480px) 480px, (min-width: 481px) and (max-width: 980px) 980px, (min-width: 981px) and (max-width: 1280px) 1280px, (min-width: 1281px) 2560px, 100vw\" \/><\/p>\n<h2>Zastosowania przek\u0142adni do maszyn do kiszonki dla niemieckiego Championa z czterema tarczami (typ 3500)<\/h2>\n<p>Przek\u0142adnia do kiszonki w maszynie German Champion Four Disc (typ 3500) odgrywa kluczow\u0105 rol\u0119 w obs\u0142udze sprz\u0119tu do zbioru kiszonki. Ta przek\u0142adnia, zaprojektowana z my\u015bl\u0105 o optymalnym przenoszeniu mocy, jest wykorzystywana w wielu zastosowaniach w rolnictwie. Poni\u017cej przedstawiono kilka kluczowych zastosowa\u0144 tej przek\u0142adni:<\/p>\n<p>1. <strong>Zbi\u00f3r kiszonki<\/strong><\/p>\n<ul>\n<li><strong>G\u0142\u00f3wne zastosowanie<\/strong>Podstawow\u0105 funkcj\u0105 przek\u0142adni maszyny do kiszonki jest u\u0142atwienie ci\u0119cia, siekania i przetwarzania kiszonki. Nap\u0119dza ona cztery tarcze tn\u0105ce maszyny, umo\u017cliwiaj\u0105c im ci\u0119cie ro\u015blin pastewnych (takich jak kukurydza, trawa, lucerna czy ro\u015bliny str\u0105czkowe) i przekszta\u0142canie ich w drobno posiekany materia\u0142 na pasz\u0119 dla zwierz\u0105t.<\/li>\n<li><strong>Rodzaje upraw<\/strong>Ta przek\u0142adnia nadaje si\u0119 do zbioru szerokiej gamy upraw wykorzystywanych w produkcji kiszonki, w tym kukurydzy, trawy, sorgo i innych ro\u015blin pastewnych. Mo\u017cna j\u0105 dostosowa\u0107 zar\u00f3wno do upraw o wysokiej wilgotno\u015bci (takich jak kukurydza), jak i do upraw suchych (takich jak lucerna).<\/li>\n<\/ul>\n<p>2. <strong>Siekanie i przetwarzanie pasz<\/strong><\/p>\n<ul>\n<li>Przek\u0142adnia nap\u0119dza mechanizmy tn\u0105ce i siekaj\u0105ce, kt\u00f3re s\u0105 niezb\u0119dne do rozdrabniania du\u017cych \u0142odyg paszy na mniejsze kawa\u0142ki. Wydajne przenoszenie mocy z przek\u0142adni pozwala maszynie na precyzyjne ci\u0119cie, zapewniaj\u0105c r\u00f3wnomiern\u0105 d\u0142ugo\u015b\u0107 ci\u0119cia. Ten proces jest niezb\u0119dny dla\u2026 <strong>fermentacja<\/strong> w przechowywaniu kiszonki i jako\u015bci ko\u0144cowego produktu paszowego.<\/li>\n<\/ul>\n<p>3. <strong>Produkcja sianokiszonki<\/strong><\/p>\n<ul>\n<li>Cho\u0107 przek\u0142adnia jest wykorzystywana g\u0142\u00f3wnie do produkcji kiszonki, jest ona r\u00f3wnie\u017c niezb\u0119dna w produkcji sianokiszonki, kt\u00f3ra polega na koszeniu i przechowywaniu paszy o wy\u017cszej wilgotno\u015bci ni\u017c tradycyjne siano. Sianokiszonka jest cz\u0119sto wykorzystywana do karmienia zwierz\u0105t gospodarskich, a przek\u0142adnia zapewnia, \u017ce \u200b\u200bmaszyna sprawnie tnie i przetwarza pasz\u0119, zachowuj\u0105c poziom wilgotno\u015bci niezb\u0119dny do uzyskania wysokiej jako\u015bci sianokiszonki.<\/li>\n<\/ul>\n<p>4. <strong>Kiszonka z traw i ro\u015blin str\u0105czkowych<\/strong><\/p>\n<ul>\n<li>Przek\u0142adnia jest wykorzystywana do przygotowywania kiszonki z traw i ro\u015blin str\u0105czkowych, co jest szczeg\u00f3lnie wa\u017cne dla hodowc\u00f3w byd\u0142a mlecznego i zwierz\u0105t gospodarskich. Tego rodzaju kiszonki zapewniaj\u0105 wysokiej jako\u015bci pasz\u0119, a przek\u0142adnia zapewnia p\u0142ynne i ci\u0105g\u0142e ci\u0119cie traw, takich jak tymotka, \u017cycica czy koniczyna.<\/li>\n<\/ul>\n<p>5. <strong>Rolnictwo precyzyjne<\/strong><\/p>\n<ul>\n<li>W nowoczesnym rolnictwie precyzyjnym maszyny do zbioru kiszonki z zaawansowanymi przek\u0142adniami, takie jak niemiecki Champion Four Disc (typ 3500), s\u0105 stosowane w po\u0142\u0105czeniu z technologiami GPS i czujnikami, aby zoptymalizowa\u0107 proces zbioru. Przek\u0142adnia zapewnia, \u017ce \u200b\u200bmaszyna pracuje z odpowiedni\u0105 pr\u0119dko\u015bci\u0105 i moc\u0105, aby poradzi\u0107 sobie ze zmiennymi warunkami uprawy, zwi\u0119kszaj\u0105c wydajno\u015b\u0107 i zmniejszaj\u0105c zu\u017cycie paliwa.<\/li>\n<\/ul>\n<p>Podsumowuj\u0105c, przek\u0142adnia do kiszonki w niemieckim Champion Four Disc (typ 3500) odgrywa kluczow\u0105 rol\u0119 w produkcji kiszonki, umo\u017cliwiaj\u0105c wydajne i r\u00f3wnomierne przetwarzanie plonu. Jest wszechstronna, niezawodna i niezb\u0119dna w r\u00f3\u017cnych zastosowaniach w nowoczesnym rolnictwie, szczeg\u00f3lnie w zbiorze kiszonki na du\u017c\u0105 skal\u0119, przetw\u00f3rstwie pasz i rolnictwie precyzyjnym.<\/p>\n<p><img loading=\"lazy\" decoding=\"async\" class=\"alignnone size-full wp-image-2971\" src=\"https:\/\/fmp-components.com\/wp-content\/uploads\/2025\/01\/Silage-Machine-Gearbox-EP-QZ-WRXL-for-German-Champion-Four-Disc-Type-3500.webp\" alt=\"Skrzynia bieg\u00f3w do maszyny do kiszonki EP-QZ-WRXL dla niemieckiego mistrza, czterotarczowego, typ 3500\" width=\"1024\" height=\"607\" title=\"\" srcset=\"https:\/\/fmp-components.com\/wp-content\/uploads\/2025\/01\/Silage-Machine-Gearbox-EP-QZ-WRXL-for-German-Champion-Four-Disc-Type-3500.webp 1024w, https:\/\/fmp-components.com\/wp-content\/uploads\/2025\/01\/Silage-Machine-Gearbox-EP-QZ-WRXL-for-German-Champion-Four-Disc-Type-3500-980x581.webp 980w, https:\/\/fmp-components.com\/wp-content\/uploads\/2025\/01\/Silage-Machine-Gearbox-EP-QZ-WRXL-for-German-Champion-Four-Disc-Type-3500-480x285.webp 480w\" sizes=\"(min-width: 0px) and (max-width: 480px) 480px, (min-width: 481px) and (max-width: 980px) 980px, (min-width: 981px) 1024px, 100vw\" \/><\/p>\n<h3>O FMP<\/h3>\n<p>Firma FMP, z siedzib\u0105 g\u0142\u00f3wn\u0105 we W\u0142oszech, jest wiod\u0105cym producentem specjalizuj\u0105cym si\u0119 w projektowaniu, rozwoju i produkcji wysokowydajnych przek\u0142adni, ze szczeg\u00f3lnym uwzgl\u0119dnieniem sektora maszyn rolniczych. Znana z precyzyjnej in\u017cynierii, innowacyjnych rozwi\u0105za\u0144 i wysokiej niezawodno\u015bci, firma FMP zbudowa\u0142a siln\u0105 reputacj\u0119 jako zaufany partner zar\u00f3wno w sektorze rolniczym, jak i przemys\u0142owym. Nasza r\u00f3\u017cnorodna oferta produkt\u00f3w obejmuje przek\u0142adnie projektowane na zam\u00f3wienie do kosiarek, wa\u0142\u00f3w odbioru mocy (WOM) i wielu innych niezb\u0119dnych komponent\u00f3w, zaprojektowane tak, aby sprosta\u0107 specyficznym wymaganiom szerokiej gamy zastosowa\u0144.<\/p>\n<p>W FMP rozumiemy, \u017ce ka\u017cdy klient stoi przed wyj\u0105tkowymi wyzwaniami. Dlatego koncentrujemy si\u0119 na dostarczaniu rozwi\u0105za\u0144 szytych na miar\u0119, zar\u00f3wno dla pojedynczych komponent\u00f3w, jak i w pe\u0142ni zintegrowanych system\u00f3w. Dzi\u0119ki bliskiej wsp\u00f3\u0142pracy z naszymi klientami dbamy o to, aby ka\u017cde rozwi\u0105zanie nie tylko odpowiada\u0142o ich specyficznym potrzebom, ale tak\u017ce zwi\u0119ksza\u0142o wydajno\u015b\u0107 i zapewnia\u0142o maksymaln\u0105 warto\u015b\u0107. Nasze zaanga\u017cowanie w szybk\u0105 i profesjonaln\u0105 obs\u0142ug\u0119, w po\u0142\u0105czeniu z fachowym doradztwem, gwarantuje, \u017ce ka\u017cde zapytanie jest traktowane z precyzj\u0105 i staranno\u015bci\u0105, co przek\u0142ada si\u0119 na najlepsze mo\u017cliwe rezultaty.<\/p>\n<p>Otwarta i ci\u0105g\u0142a komunikacja jest podstaw\u0105 naszego podej\u015bcia. Nasz zaanga\u017cowany zesp\u00f3\u0142 wsp\u00f3\u0142pracuje bezpo\u015brednio z klientami w ca\u0142ym cyklu rozwoju produktu, aby w pe\u0142ni zrozumie\u0107 ich wymagania, oferuj\u0105c cenne spostrze\u017cenia i rekomendacje, kt\u00f3re gwarantuj\u0105 optymalne rezultaty. Niezale\u017cnie od tego, czy opracowujemy nowatorskie produkty, czy realizujemy cykliczne zam\u00f3wienia, FMP dok\u0142ada wszelkich stara\u0144, aby dostarcza\u0107 wysokiej jako\u015bci, precyzyjnie zaprojektowane rozwi\u0105zania na czas i za ka\u017cdym razem. Nasz\u0105 misj\u0105 jest przekraczanie oczekiwa\u0144 klient\u00f3w poprzez konsekwentne zapewnianie wyj\u0105tkowej obs\u0142ugi i doskona\u0142ych rezultat\u00f3w w ka\u017cdym projekcie.<\/p>\n<p>Jako\u015b\u0107 jest fundamentem wszystkiego, co robimy. Przestrzegamy najwy\u017cszych standard\u00f3w produkcyjnych i stosujemy rygorystyczne procedury kontroli jako\u015bci, aby zapewni\u0107, \u017ce ka\u017cdy produkt spe\u0142nia, a cz\u0119sto przewy\u017csza standardy bran\u017cowe. To nieustanne d\u0105\u017cenie do doskona\u0142o\u015bci, w po\u0142\u0105czeniu z naszymi podstawowymi warto\u015bciami, takimi jak uczciwo\u015b\u0107, praca zespo\u0142owa i wytrwa\u0142o\u015b\u0107, pozwoli\u0142o nam zbudowa\u0107 d\u0142ugotrwa\u0142e, oparte na zaufaniu relacje z klientami w prawie 30 krajach na ca\u0142ym \u015bwiecie.<\/p>\n<p>FMP zawsze ch\u0119tnie buduje i umacnia globalne partnerstwa. Zale\u017cy nam na oferowaniu eksperckiego doradztwa i dostosowanych rozwi\u0105za\u0144, kt\u00f3re ewoluuj\u0105 wraz z potrzebami naszych klient\u00f3w. Nie ograniczamy si\u0119 do dostarczania produkt\u00f3w, ale koncentrujemy si\u0119 na budowaniu trwa\u0142ych relacji, kt\u00f3re przyczyniaj\u0105 si\u0119 do sukcesu ka\u017cdego projektu. Niezale\u017cnie od tego, czy potrzebujesz innowacyjnych rozwi\u0105za\u0144 dla nowego przedsi\u0119wzi\u0119cia, czy sta\u0142ego wsparcia dla istniej\u0105cego systemu, FMP jest do Twojej dyspozycji, aby sprosta\u0107 Twoim wyzwaniom technicznym i zapewni\u0107 Ci ci\u0105g\u0142y sukces.<\/p>\n<p><img loading=\"lazy\" decoding=\"async\" class=\"alignnone wp-image-2695\" src=\"https:\/\/fmp-components.com\/wp-content\/uploads\/2025\/01\/agricultural-gearbox3.webp\" alt=\"skrzynia bieg\u00f3w rolnicza\" width=\"953\" height=\"951\" title=\"\" srcset=\"https:\/\/fmp-components.com\/wp-content\/uploads\/2025\/01\/agricultural-gearbox3.webp 953w, https:\/\/fmp-components.com\/wp-content\/uploads\/2025\/01\/agricultural-gearbox3-480x479.webp 480w\" sizes=\"(min-width: 0px) and (max-width: 480px) 480px, (min-width: 481px) 953px, 100vw\" \/><\/p>\n<p>Autor: CX<\/p>","protected":false},"excerpt":{"rendered":"<p>Silage Machine Gearbox FMP-QZ-WRXL Dimensions Silage Machine Gearbox FMP-QZ-WRXL Technical Data Name Suitable Turn header series Toothing Feeding box silage machines left turn 3 series Gleason Helical Teeth Remark: If you have any special require feel free let me know, we also accept custom. Working Principle of Silage Machine Gearbox for German Champion Four Disc [&hellip;]<\/p>","protected":false},"featured_media":2969,"comment_status":"open","ping_status":"closed","template":"","meta":{"_et_pb_use_builder":"","_et_pb_old_content":"","_et_gb_content_width":""},"product_brand":[],"product_cat":[69],"product_tag":[],"class_list":{"0":"post-2791","1":"product","2":"type-product","3":"status-publish","4":"has-post-thumbnail","6":"product_cat-silage-machine-gearbox","8":"first","9":"instock","10":"shipping-taxable","11":"product-type-simple"},"_links":{"self":[{"href":"https:\/\/fmp-components.com\/pl\/wp-json\/wp\/v2\/product\/2791","targetHints":{"allow":["GET"]}}],"collection":[{"href":"https:\/\/fmp-components.com\/pl\/wp-json\/wp\/v2\/product"}],"about":[{"href":"https:\/\/fmp-components.com\/pl\/wp-json\/wp\/v2\/types\/product"}],"replies":[{"embeddable":true,"href":"https:\/\/fmp-components.com\/pl\/wp-json\/wp\/v2\/comments?post=2791"}],"wp:featuredmedia":[{"embeddable":true,"href":"https:\/\/fmp-components.com\/pl\/wp-json\/wp\/v2\/media\/2969"}],"wp:attachment":[{"href":"https:\/\/fmp-components.com\/pl\/wp-json\/wp\/v2\/media?parent=2791"}],"wp:term":[{"taxonomy":"product_brand","embeddable":true,"href":"https:\/\/fmp-components.com\/pl\/wp-json\/wp\/v2\/product_brand?post=2791"},{"taxonomy":"product_cat","embeddable":true,"href":"https:\/\/fmp-components.com\/pl\/wp-json\/wp\/v2\/product_cat?post=2791"},{"taxonomy":"product_tag","embeddable":true,"href":"https:\/\/fmp-components.com\/pl\/wp-json\/wp\/v2\/product_tag?post=2791"}],"curies":[{"name":"wp","href":"https:\/\/api.w.org\/{rel}","templated":true}]}}