{"id":2786,"date":"2025-01-04T05:22:33","date_gmt":"2025-01-04T05:22:33","guid":{"rendered":"https:\/\/fmp-components.com\/product\/italy-supplier-long-stroke-hydraulic-cylinder-tractor-hydraulic-steering-cylinder\/"},"modified":"2025-03-18T01:33:40","modified_gmt":"2025-03-18T01:33:40","slug":"italy-supplier-long-stroke-hydraulic-cylinder-tractor-hydraulic-steering-cylinder","status":"publish","type":"product","link":"https:\/\/fmp-components.com\/pl\/product\/italy-supplier-long-stroke-hydraulic-cylinder-tractor-hydraulic-steering-cylinder\/","title":{"rendered":"Dostawca W\u0142och: Si\u0142ownik hydrauliczny o d\u0142ugim skoku, si\u0142ownik hydrauliczny do uk\u0142adu kierowniczego ci\u0105gnika"},"content":{"rendered":"<p>Odkryj niezr\u00f3wnan\u0105 jako\u015b\u0107 ma\u0142ych si\u0142ownik\u00f3w hydraulicznych do wspomagania uk\u0142adu kierowniczego firmy FMP<\/p>\n<p>W FMP jeste\u015bmy dumni, \u017ce dostarczamy naszym klientom najwy\u017cszej jako\u015bci ma\u0142e si\u0142owniki hydrauliczne do wspomagania uk\u0142adu kierowniczego. Nasze si\u0142owniki zosta\u0142y zaprojektowane tak, aby zapewnia\u0107 wyj\u0105tkow\u0105 wydajno\u015b\u0107 i trwa\u0142o\u015b\u0107, gwarantuj\u0105c p\u0142ynne i wydajne dzia\u0142anie uk\u0142adu wspomagania kierownicy.<\/p>\n<p>Zaprojektowane z precyzj\u0105 i wykonane z najlepszych materia\u0142\u00f3w, nasze ma\u0142e si\u0142owniki hydrauliczne do wspomagania uk\u0142adu kierowniczego oferuj\u0105 niezr\u00f3wnan\u0105 niezawodno\u015b\u0107 i trwa\u0142o\u015b\u0107. Niezale\u017cnie od tego, czy chodzi o samochody kompaktowe, czy lekkie pojazdy u\u017cytkowe, nasze si\u0142owniki s\u0105 starannie wykonane, aby sprosta\u0107 wysokim wymaganiom uk\u0142ad\u00f3w wspomagania uk\u0142adu kierowniczego.<\/p>\n<p>Dzi\u0119ki zaawansowanym funkcjom, takim jak precyzyjna technologia zawor\u00f3w steruj\u0105cych i doskona\u0142e w\u0142a\u015bciwo\u015bci uszczelniaj\u0105ce, nasze si\u0142owniki zapewniaj\u0105 p\u0142ynn\u0105 prac\u0119 i efektywne przenoszenie mocy. Rezultatem jest responsywny i bezwysi\u0142kowy uk\u0142ad kierowniczy, pozwalaj\u0105cy na \u0142atwe i pewne manewrowanie pojazdem.<\/p>\n<p>Nasze ma\u0142e si\u0142owniki hydrauliczne do wspomagania uk\u0142adu kierowniczego oferuj\u0105 nie tylko wyj\u0105tkow\u0105 wydajno\u015b\u0107, ale r\u00f3wnie\u017c zosta\u0142y zaprojektowane z my\u015bl\u0105 o kompaktowych wymiarach. Ich niewielkie rozmiary pozwalaj\u0105 na \u0142atw\u0105 instalacj\u0119 i integracj\u0119 z r\u00f3\u017cnymi modelami i konfiguracjami pojazd\u00f3w.<\/p>\n<p>W FMP rozumiemy, jak wa\u017cna jest jako\u015b\u0107 i niezawodno\u015b\u0107 w przypadku podzespo\u0142\u00f3w uk\u0142adu wspomagania kierownicy. Dlatego nasze ma\u0142e si\u0142owniki hydrauliczne do uk\u0142ad\u00f3w wspomagania kierownicy przechodz\u0105 rygorystyczne testy i procesy kontroli jako\u015bci, aby zagwarantowa\u0107, \u017ce spe\u0142niaj\u0105 najwy\u017csze standardy bran\u017cowe.<\/p>\n<p>Przekonaj si\u0119 o niezr\u00f3wnanej jako\u015bci ma\u0142ych si\u0142ownik\u00f3w hydraulicznych FMP do wspomagania uk\u0142adu kierowniczego i ciesz si\u0119 doskona\u0142ymi wra\u017ceniami z jazdy. Zaufaj naszemu do\u015bwiadczeniu i pozw\u00f3l, aby nasze si\u0142owniki poprawi\u0142y osi\u0105gi i wydajno\u015b\u0107 Twojego uk\u0142adu wspomagania kierownicy.<\/p>\n<p>Wybierz FMP, je\u015bli szukasz ma\u0142ych si\u0142ownik\u00f3w hydraulicznych wspomagania uk\u0142adu kierowniczego, na kt\u00f3rych mo\u017cesz polega\u0107. Skontaktuj si\u0119 z nami ju\u017c dzi\u015b, aby dowiedzie\u0107 si\u0119 wi\u0119cej o naszych produktach i o tym, jak mog\u0105 one przynie\u015b\u0107 korzy\u015bci Twojemu pojazdowi.<\/p>\n<h2>Kr\u00f3tkie wprowadzenie do cylindr\u00f3w hydraulicznych<\/h2>\n<p>Si\u0142owniki hydrauliczne s\u0105 integralnymi elementami maszyn, o d\u0142ugiej, si\u0119gaj\u0105cej wiek\u00f3w historii. Pierwotnie opracowane na pocz\u0105tku XIX wieku, si\u0142owniki hydrauliczne ewoluowa\u0142y, dziel\u0105c si\u0119 na liczne typy i klasyfikacje, z kt\u00f3rych ka\u017cda by\u0142a odpowiednia do r\u00f3\u017cnych zastosowa\u0144 i bran\u017c.<\/p>\n<p><img decoding=\"async\" src=\"https:\/\/hzpt.com\/wp-content\/uploads\/2023\/11\/Steering-Hydraulic-Cylinder-5.webp\" alt=\"\" title=\"\"><\/p>\n<h3>Zalety cylindr\u00f3w hydraulicznych<\/h3>\n<p>Znane ze swojej ogromnej mocy, si\u0142owniki hydrauliczne zapewniaj\u0105 wysoki poziom si\u0142y w kompaktowej konstrukcji, co czyni je idealnymi do ci\u0119\u017ckich maszyn. S\u0105 r\u00f3wnie\u017c niezwykle wydajne, generuj\u0105c minimalne straty energii podczas pracy. Co wi\u0119cej, si\u0142owniki hydrauliczne s\u0105 trwa\u0142e i wymagaj\u0105 minimalnej konserwacji, stanowi\u0105c ekonomiczne rozwi\u0105zanie w wielu zastosowaniach przemys\u0142owych.<\/p>\n<h3>Instalacja, naprawa i konserwacja<\/h3>\n<p>Monta\u017c si\u0142ownik\u00f3w hydraulicznych wymaga precyzji i fachowej wiedzy, poniewa\u017c nieprawid\u0142owa instalacja mo\u017ce prowadzi\u0107 do usterek i zagro\u017ce\u0144 dla bezpiecze\u0144stwa. Regularna konserwacja i terminowe naprawy s\u0105 r\u00f3wnie\u017c kluczowe dla zapewnienia trwa\u0142o\u015bci i optymalnej wydajno\u015bci si\u0142ownik\u00f3w.<\/p>\n<h2>Wyb\u00f3r odpowiedniego cylindra hydraulicznego<\/h2>\n<p>Wyb\u00f3r odpowiedniego si\u0142ownika hydraulicznego wymaga uwzgl\u0119dnienia kilku czynnik\u00f3w, takich jak wymagana si\u0142a, d\u0142ugo\u015b\u0107 skoku i \u015brodowisko pracy. Na przyk\u0142ad si\u0142ownik hydrauliczny o d\u0142ugim skoku jest idealny do zastosowa\u0144 wymagaj\u0105cych wi\u0119kszego zakresu ruchu, natomiast si\u0142ownik hydrauliczny uk\u0142adu kierowniczego jest przeznaczony do mechanizm\u00f3w steruj\u0105cych.<\/p>\n<h3>Kiedy i jak wymieni\u0107 cylindry hydrauliczne<\/h3>\n<p>Si\u0142owniki hydrauliczne nale\u017cy wymieni\u0107, gdy wykazuj\u0105 oznaki zu\u017cycia lub uszkodzenia, albo gdy nie zapewniaj\u0105 ju\u017c wymaganej si\u0142y. Wymiana polega na demonta\u017cu starego si\u0142ownika i zamontowaniu nowego, co powinno zosta\u0107 wykonane przez fachowca, aby zapewni\u0107 bezpiecze\u0144stwo i wydajno\u015b\u0107.<\/p>\n<p><img decoding=\"async\" src=\"https:\/\/hzpt.com\/wp-content\/uploads\/2023\/11\/Steering-Hydraulic-Cylinder-4.webp\" alt=\"\" title=\"\"><\/p>\n<h2>Zastosowanie cylindra hydraulicznego uk\u0142adu kierowniczego<\/h2>\n<p>Hydrauliczne si\u0142owniki uk\u0142adu kierowniczego s\u0105 niezb\u0119dnymi elementami uk\u0142ad\u00f3w kierowniczych w r\u00f3\u017cnych typach pojazd\u00f3w. Te si\u0142owniki, znane r\u00f3wnie\u017c jako si\u0142owniki uk\u0142adu kierowniczego, pomagaj\u0105 przekszta\u0142ca\u0107 energi\u0119 generowan\u0105 przez pomp\u0119 uk\u0142adu kierowniczego w ruch liniowy, kt\u00f3ry mo\u017ce by\u0107 u\u017cywany do manipulowania kierunkiem k\u00f3\u0142 pojazdu. Oto niekt\u00f3re zastosowania hydraulicznych si\u0142ownik\u00f3w uk\u0142adu kierowniczego:<\/p>\n<ol>\n<li>Pojazdy ci\u0119\u017carowe:\n<p>Si\u0142owniki hydrauliczne uk\u0142adu kierowniczego s\u0105 powszechnie stosowane w pojazdach ci\u0119\u017carowych, takich jak ci\u0119\u017car\u00f3wki, autobusy i maszyny budowlane. Kierowanie tymi pojazdami wymaga du\u017cej si\u0142y, a si\u0142ownik hydrauliczny mo\u017ce wygenerowa\u0107 moc niezb\u0119dn\u0105 do obracania k\u00f3\u0142, nawet gdy pojazd jest obci\u0105\u017cony. Uk\u0142ad hydrauliczny pozwala r\u00f3wnie\u017c na precyzyjniejsz\u0105 kontrol\u0119 nad mechanizmem kierowniczym, u\u0142atwiaj\u0105c kierowcom kierowanie du\u017cymi, niepor\u0119cznymi pojazdami.<\/li>\n<li>Pojazdy terenowe:\n<p>Pojazdy terenowe, takie jak quady, buggy i motocykle crossowe, r\u00f3wnie\u017c korzystaj\u0105 z hydraulicznych si\u0142ownik\u00f3w uk\u0142adu kierowniczego. Pojazdy te cz\u0119sto poruszaj\u0105 si\u0119 w trudnym terenie, gdzie konwencjonalne mechanizmy kierownicze mog\u0105 okaza\u0107 si\u0119 nieskuteczne. Si\u0142owniki hydrauliczne zapewniaj\u0105 niezb\u0119dn\u0105 moc i precyzj\u0119, umo\u017cliwiaj\u0105c pokonywanie przeszk\u00f3d i utrzymanie kontroli nad pojazdem.<\/li>\n<li>Zastosowania morskie i lotnicze:\n<p>Hydrauliczne si\u0142owniki steruj\u0105ce nie ograniczaj\u0105 si\u0119 do pojazd\u00f3w l\u0105dowych. S\u0105 one r\u00f3wnie\u017c wykorzystywane w zastosowaniach morskich, takich jak \u0142odzie i statki, a tak\u017ce w technologii lotniczej, takiej jak statki kosmiczne i samoloty. W tych zastosowaniach si\u0142owniki hydrauliczne s\u0142u\u017c\u0105 do sterowania kierunkiem ster\u00f3w, statecznik\u00f3w i innych powierzchni sterowych, kt\u00f3re pomagaj\u0105 w sterowaniu statkiem lub samolotem.<\/li>\n<li>Sprz\u0119t przemys\u0142owy:\n<p>Si\u0142owniki hydrauliczne s\u0105 r\u00f3wnie\u017c wykorzystywane w r\u00f3\u017cnych zastosowaniach przemys\u0142owych do sterowania i innych zada\u0144. Na przyk\u0142ad, mog\u0105 by\u0107 u\u017cywane do sterowania d\u017awigami, w\u00f3zkami wid\u0142owymi i innymi ci\u0119\u017ckimi maszynami. W takich zastosowaniach si\u0142owniki hydrauliczne zapewniaj\u0105 niezb\u0119dn\u0105 moc i precyzj\u0119 do manipulowania du\u017cymi \u0142adunkami lub pracy w ciasnych przestrzeniach.<\/li>\n<li>Aplikacje niestandardowe:\n<p>Opr\u00f3cz tych typowych zastosowa\u0144, hydrauliczne si\u0142owniki uk\u0142adu kierowniczego mog\u0105 by\u0107 r\u00f3wnie\u017c wykorzystywane w r\u00f3\u017cnorodnych, niestandardowych konfiguracjach. Na przyk\u0142ad, mog\u0105 by\u0107 stosowane w pojazdach eksperymentalnych lub prototypach wymagaj\u0105cych unikalnego mechanizmu kierowniczego. Mog\u0105 by\u0107 r\u00f3wnie\u017c wykorzystywane w instalacjach artystycznych lub rze\u017abach kinetycznych, kt\u00f3re wymagaj\u0105 precyzyjnego i kontrolowanego ruchu.<\/li>\n<\/ol>\n<p>Jak wida\u0107, hydrauliczne si\u0142owniki uk\u0142adu kierowniczego maj\u0105 szeroki zakres zastosowa\u0144 w r\u00f3\u017cnych bran\u017cach i \u015brodowiskach. Niezale\u017cnie od tego, czy s\u0105 u\u017cywane w pojazdach ci\u0119\u017carowych, pojazdach terenowych, zastosowaniach morskich i lotniczych, sprz\u0119cie przemys\u0142owym czy zastosowaniach niestandardowych, si\u0142owniki te zapewniaj\u0105 niezb\u0119dn\u0105 moc, precyzj\u0119 i kontrol\u0119, aby skutecznie kierowa\u0107.<\/p>\n<h2>O FMP<\/h2>\n<p>FMP jest wiod\u0105cym producentem i dystrybutorem wysokiej jako\u015bci cylindr\u00f3w hydraulicznych, zestaw\u00f3w cylindr\u00f3w i komponent\u00f3w do maszyn budowlanych. Dzi\u0119ki wieloletniemu do\u015bwiadczeniu w bran\u017cy i profesjonalnemu zespo\u0142owi jeste\u015bmy zobowi\u0105zani do dostarczania naszym klientom niezawodnych i wydajnych rozwi\u0105za\u0144 dla ich potrzeb w zakresie maszyn budowlanych.<\/p>\n<p>Oto pi\u0119\u0107 powod\u00f3w, dla kt\u00f3rych warto wybra\u0107 FMP:<\/p>\n<ol>\n<li><strong>Wysokiej jako\u015bci si\u0142owniki hydrauliczne:<\/strong> Do produkcji naszych cylindr\u00f3w hydraulicznych stosujemy precyzyjn\u0105 in\u017cynieri\u0119. Nasze mocne zaanga\u017cowanie w jako\u015b\u0107 zapewnia, \u017ce u\u017cywamy wy\u0142\u0105cznie najwy\u017cszej jako\u015bci surowc\u00f3w i przeprowadzamy surowe kontrole jako\u015bci gotowych produkt\u00f3w, aby zapewni\u0107, \u017ce spe\u0142niaj\u0105 one i przekraczaj\u0105 standardy bran\u017cowe.<\/li>\n<li><strong>Szeroka gama produkt\u00f3w:<\/strong> Nasza oferta obejmuje wszystkie rodzaje maszyn budowlanych i akcesori\u00f3w. Oferujemy r\u00f3\u017cne si\u0142owniki hydrauliczne, skrzynie bieg\u00f3w, \u0142a\u0144cuchy, ko\u0142a z\u0119bate, akcesoria do silnik\u00f3w, komponenty uk\u0142ad\u00f3w hydraulicznych, akcesoria podwozia i akcesoria do uk\u0142ad\u00f3w elektrycznych.<\/li>\n<li><strong>Nawi\u0105zane partnerstwa:<\/strong> Nawi\u0105zali\u015bmy d\u0142ugoterminowe i stabilne partnerstwa z wieloma wysokiej jako\u015bci krajowymi i zagranicznymi dostawcami. Dzi\u0119ki temu mamy pewno\u015b\u0107, \u017ce wszystkie dostarczane akcesoria spe\u0142niaj\u0105 nasze surowe standardy jako\u015bci.<\/li>\n<li><strong>Do\u015bwiadczony zesp\u00f3\u0142 sprzeda\u017cy:<\/strong> Nasz zesp\u00f3\u0142 sprzeda\u017cy ma wieloletnie do\u015bwiadczenie i wiedz\u0119 na temat bran\u017cy maszyn budowlanych. Mog\u0105 oni zapewni\u0107 profesjonaln\u0105 konsultacj\u0119 produktow\u0105 i m\u0105dre porady zakupowe, aby pom\u00f3c Ci podejmowa\u0107 \u015bwiadome decyzje.<\/li>\n<li><strong>Efektywny system dystrybucji logistycznej:<\/strong> Dysponujemy wydajnym systemem logistyki dystrybucyjnej, by mie\u0107 pewno\u015b\u0107, \u017ce nasi klienci otrzymaj\u0105 potrzebne cz\u0119\u015bci na czas i w odpowiedniej ilo\u015bci.<\/li>\n<\/ol>\n<p><img decoding=\"async\" src=\"https:\/\/fmp-components.com\/wp-content\/uploads\/2025\/01\/Dump-Truck-Trailer-Hydraulic-Cylinder-product-3-3.webp\" alt=\"Si\u0142ownik hydrauliczny\" width=\"800\" title=\"\"><\/p>\n<p>W FMP zobowi\u0105zujemy si\u0119 do dostarczania naszym klientom wysokiej jako\u015bci i niezawodnych akcesori\u00f3w do maszyn budowlanych oraz kompletnych rozwi\u0105za\u0144 maszynowych. Dzi\u0119ki naszym nowoczesnym zak\u0142adom fabrycznym, obrabiarkom CNC, projektowaniu wspomaganemu komputerowo, wykwalifikowanym pracownikom, ekspertom od uk\u0142ad\u00f3w hydraulicznych, monterom cylindr\u00f3w i dealerom jeste\u015bmy preferowanym partnerem, kt\u00f3ry zaspokoi Twoje potrzeby w zakresie cylindr\u00f3w hydraulicznych, zestaw\u00f3w cylindr\u00f3w i komponent\u00f3w.<\/p>\n<p>Autor: CX<\/p>","protected":false},"excerpt":{"rendered":"<p>Experience the Unmatched Quality of FMP&#8217;s Small Power Steering Hydraulic Cylinders At FMP, we take pride in providing our customers with the highest quality small power steering hydraulic cylinders. Our cylinders are designed to deliver exceptional performance and durability, ensuring a smooth and efficient power steering experience. Engineered with precision and built with the finest [&hellip;]<\/p>","protected":false},"featured_media":2787,"comment_status":"closed","ping_status":"closed","template":"","meta":{"_et_pb_use_builder":"","_et_pb_old_content":"","_et_gb_content_width":""},"product_brand":[],"product_cat":[67],"product_tag":[34,70],"class_list":{"0":"post-2786","1":"product","2":"type-product","3":"status-publish","4":"has-post-thumbnail","6":"product_cat-steering-hydraulic-cylinder","7":"product_tag-hydraulic-cylinder","8":"product_tag-steering-hydraulic-cylinder","10":"first","11":"instock","12":"product-type-simple"},"_links":{"self":[{"href":"https:\/\/fmp-components.com\/pl\/wp-json\/wp\/v2\/product\/2786","targetHints":{"allow":["GET"]}}],"collection":[{"href":"https:\/\/fmp-components.com\/pl\/wp-json\/wp\/v2\/product"}],"about":[{"href":"https:\/\/fmp-components.com\/pl\/wp-json\/wp\/v2\/types\/product"}],"replies":[{"embeddable":true,"href":"https:\/\/fmp-components.com\/pl\/wp-json\/wp\/v2\/comments?post=2786"}],"wp:featuredmedia":[{"embeddable":true,"href":"https:\/\/fmp-components.com\/pl\/wp-json\/wp\/v2\/media\/2787"}],"wp:attachment":[{"href":"https:\/\/fmp-components.com\/pl\/wp-json\/wp\/v2\/media?parent=2786"}],"wp:term":[{"taxonomy":"product_brand","embeddable":true,"href":"https:\/\/fmp-components.com\/pl\/wp-json\/wp\/v2\/product_brand?post=2786"},{"taxonomy":"product_cat","embeddable":true,"href":"https:\/\/fmp-components.com\/pl\/wp-json\/wp\/v2\/product_cat?post=2786"},{"taxonomy":"product_tag","embeddable":true,"href":"https:\/\/fmp-components.com\/pl\/wp-json\/wp\/v2\/product_tag?post=2786"}],"curies":[{"name":"wp","href":"https:\/\/api.w.org\/{rel}","templated":true}]}}