{"id":2777,"date":"2025-01-04T05:22:33","date_gmt":"2025-01-04T05:22:33","guid":{"rendered":"https:\/\/fmp-components.com\/product\/customized-10-ton-hydraulic-piston-cylinder-an-essential-tool-for-industrial-applications\/"},"modified":"2025-03-18T01:31:38","modified_gmt":"2025-03-18T01:31:38","slug":"customized-10-ton-hydraulic-piston-cylinder-an-essential-tool-for-industrial-applications","status":"publish","type":"product","link":"https:\/\/fmp-components.com\/pl\/product\/customized-10-ton-hydraulic-piston-cylinder-an-essential-tool-for-industrial-applications\/","title":{"rendered":"Dostosowany do indywidualnych potrzeb 10-tonowy si\u0142ownik hydrauliczny: niezb\u0119dne narz\u0119dzie do zastosowa\u0144 przemys\u0142owych"},"content":{"rendered":"<h2>Sprzeda\u017c bezpo\u015brednia z fabryki, si\u0142ownik hydrauliczny o d\u0142ugim skoku, si\u0142ownik hydrauliczny dwustronnego dzia\u0142ania<\/h2>\n<p>Przedstawiamy si\u0142ownik hydrauliczny dwustronnego dzia\u0142ania o d\u0142ugim skoku, dost\u0119pny w sprzeda\u017cy fabrycznej, idealne rozwi\u0105zanie do wszystkich zastosowa\u0144 hydraulicznych. Ten si\u0142ownik hydrauliczny zosta\u0142 zaprojektowany z my\u015bl\u0105 o zapewnieniu niezawodnej i trwa\u0142ej pracy nawet w najbardziej wymagaj\u0105cych warunkach.<\/p>\n<ul>\n<li>Konstrukcja dwustronnego dzia\u0142ania do zastosowa\u0144 pchaj\u0105cych i ci\u0105gn\u0105cych<\/li>\n<li>Wysokiej jako\u015bci materia\u0142y zapewniaj\u0105ce d\u0142ugotrwa\u0142\u0105 trwa\u0142o\u015b\u0107<\/li>\n<li>Konstrukcja o d\u0142ugim skoku zapewniaj\u0105ca wi\u0119ksz\u0105 elastyczno\u015b\u0107 i precyzj\u0119<\/li>\n<\/ul>\n<p>Niezale\u017cnie od tego, czy chcesz zmodernizowa\u0107 sw\u00f3j obecny uk\u0142ad hydrauliczny, czy potrzebujesz zupe\u0142nie nowego, si\u0142ownik hydrauliczny o d\u0142ugim skoku i podw\u00f3jnym dzia\u0142aniu, oferowany w sprzeda\u017cy bezpo\u015bredniej w fabryce, to idealny wyb\u00f3r. Nie czekaj d\u0142u\u017cej, zam\u00f3w sw\u00f3j ju\u017c dzi\u015b i przekonaj si\u0119 o mocy i niezawodno\u015bci tego najwy\u017cszej klasy si\u0142ownika hydraulicznego!<\/p>\n<h2>Wprowadzenie do cylindr\u00f3w hydraulicznych t\u0142okowych<\/h2>\n<p>Si\u0142ownik hydrauliczny t\u0142okowy ma bogat\u0105 histori\u0119, si\u0119gaj\u0105c\u0105 pocz\u0105tk\u00f3w zastosowania hydrauliki w przemy\u015ble. Klasyfikowane w szerszej kategorii si\u0142ownik\u00f3w hydraulicznych, si\u0142owniki hydrauliczne t\u0142okowe ciesz\u0105 si\u0119 uznaniem ze swojej trwa\u0142o\u015bci, wydajno\u015bci i wszechstronno\u015bci.<\/p>\n<h3>Zalety cylindr\u00f3w hydraulicznych t\u0142okowych<\/h3>\n<p>Hydrauliczne cylindry t\u0142okowe oferuj\u0105 szereg zalet, w tym mo\u017cliwo\u015b\u0107 generowania du\u017cych si\u0142 i wysok\u0105 precyzj\u0119. S\u0105 r\u00f3wnie\u017c znane ze swojej wytrzyma\u0142o\u015bci, dzi\u0119ki czemu s\u0105 trwa\u0142e i wymagaj\u0105 minimalnej konserwacji.<\/p>\n<h3>Instalacja, naprawa i konserwacja<\/h3>\n<p>Monta\u017c si\u0142ownika hydraulicznego z t\u0142okiem powinien by\u0107 przeprowadzony przez przeszkolonego specjalist\u0119, aby zapewni\u0107 optymaln\u0105 wydajno\u015b\u0107. Regularna konserwacja jest niezb\u0119dna dla wyd\u0142u\u017cenia \u017cywotno\u015bci si\u0142ownika, a naprawa lub wymiana powinny by\u0107 wykonane natychmiast po zidentyfikowaniu jakichkolwiek problem\u00f3w.<\/p>\n<h2>Jak wybra\u0107 odpowiedni cylinder hydrauliczny?<\/h2>\n<p>Wybieraj\u0105c si\u0142ownik hydrauliczny, nale\u017cy wzi\u0105\u0107 pod uwag\u0119 obci\u0105\u017cenie, jakie b\u0119dzie on przenosi\u0142, pr\u0119dko\u015b\u0107, z jak\u0105 b\u0119dzie pracowa\u0142, oraz warunki \u015brodowiskowe, w kt\u00f3rych b\u0119dzie pracowa\u0142. Ponadto, aby zagwarantowa\u0107 wysok\u0105 jako\u015b\u0107 produkt\u00f3w i serwisu posprzeda\u017cowego, kluczowe jest wybranie renomowanego producenta.<\/p>\n<h2>Zastosowanie cylindra hydraulicznego uk\u0142adu kierowniczego<\/h2>\n<p>Hydrauliczne si\u0142owniki uk\u0142adu kierowniczego s\u0105 niezb\u0119dnymi elementami uk\u0142ad\u00f3w kierowniczych w r\u00f3\u017cnych typach pojazd\u00f3w. Te si\u0142owniki, znane r\u00f3wnie\u017c jako si\u0142owniki uk\u0142adu kierowniczego, pomagaj\u0105 przekszta\u0142ca\u0107 energi\u0119 generowan\u0105 przez pomp\u0119 uk\u0142adu kierowniczego w ruch liniowy, kt\u00f3ry mo\u017ce by\u0107 u\u017cywany do manipulowania kierunkiem k\u00f3\u0142 pojazdu. Oto niekt\u00f3re zastosowania hydraulicznych si\u0142ownik\u00f3w uk\u0142adu kierowniczego:<\/p>\n<ol>\n<li>Pojazdy ci\u0119\u017carowe:\n<p>Si\u0142owniki hydrauliczne uk\u0142adu kierowniczego s\u0105 powszechnie stosowane w pojazdach ci\u0119\u017carowych, takich jak ci\u0119\u017car\u00f3wki, autobusy i maszyny budowlane. Kierowanie tymi pojazdami wymaga du\u017cej si\u0142y, a si\u0142ownik hydrauliczny mo\u017ce wygenerowa\u0107 moc niezb\u0119dn\u0105 do obracania k\u00f3\u0142, nawet gdy pojazd jest obci\u0105\u017cony. Uk\u0142ad hydrauliczny pozwala r\u00f3wnie\u017c na precyzyjniejsz\u0105 kontrol\u0119 nad mechanizmem kierowniczym, u\u0142atwiaj\u0105c kierowcom kierowanie du\u017cymi, niepor\u0119cznymi pojazdami.<\/li>\n<li>Pojazdy terenowe:\n<p>Pojazdy terenowe, takie jak quady, buggy i motocykle crossowe, r\u00f3wnie\u017c korzystaj\u0105 z hydraulicznych si\u0142ownik\u00f3w uk\u0142adu kierowniczego. Pojazdy te cz\u0119sto poruszaj\u0105 si\u0119 w trudnym terenie, gdzie konwencjonalne mechanizmy kierownicze mog\u0105 okaza\u0107 si\u0119 nieskuteczne. Si\u0142owniki hydrauliczne zapewniaj\u0105 niezb\u0119dn\u0105 moc i precyzj\u0119, umo\u017cliwiaj\u0105c pokonywanie przeszk\u00f3d i utrzymanie kontroli nad pojazdem.<\/li>\n<li>Zastosowania morskie i lotnicze:\n<p>Hydrauliczne si\u0142owniki steruj\u0105ce nie ograniczaj\u0105 si\u0119 do pojazd\u00f3w l\u0105dowych. S\u0105 one r\u00f3wnie\u017c wykorzystywane w zastosowaniach morskich, takich jak \u0142odzie i statki, a tak\u017ce w technologii lotniczej, takiej jak statki kosmiczne i samoloty. W tych zastosowaniach si\u0142owniki hydrauliczne s\u0142u\u017c\u0105 do sterowania kierunkiem ster\u00f3w, statecznik\u00f3w i innych powierzchni sterowych, kt\u00f3re pomagaj\u0105 w sterowaniu statkiem lub samolotem.<\/li>\n<li>Sprz\u0119t przemys\u0142owy:\n<p>Si\u0142owniki hydrauliczne s\u0105 r\u00f3wnie\u017c wykorzystywane w r\u00f3\u017cnych zastosowaniach przemys\u0142owych do sterowania i innych zada\u0144. Na przyk\u0142ad, mog\u0105 by\u0107 u\u017cywane do sterowania d\u017awigami, w\u00f3zkami wid\u0142owymi i innymi ci\u0119\u017ckimi maszynami. W takich zastosowaniach si\u0142owniki hydrauliczne zapewniaj\u0105 niezb\u0119dn\u0105 moc i precyzj\u0119 do manipulowania du\u017cymi \u0142adunkami lub pracy w ciasnych przestrzeniach.<\/li>\n<li>Aplikacje niestandardowe:\n<p>Opr\u00f3cz tych typowych zastosowa\u0144, hydrauliczne si\u0142owniki uk\u0142adu kierowniczego mog\u0105 by\u0107 r\u00f3wnie\u017c wykorzystywane w r\u00f3\u017cnorodnych, niestandardowych konfiguracjach. Na przyk\u0142ad, mog\u0105 by\u0107 stosowane w pojazdach eksperymentalnych lub prototypach wymagaj\u0105cych unikalnego mechanizmu kierowniczego. Mog\u0105 by\u0107 r\u00f3wnie\u017c wykorzystywane w instalacjach artystycznych lub rze\u017abach kinetycznych, kt\u00f3re wymagaj\u0105 precyzyjnego i kontrolowanego ruchu.<\/li>\n<\/ol>\n<p>Jak wida\u0107, hydrauliczne si\u0142owniki uk\u0142adu kierowniczego maj\u0105 szeroki zakres zastosowa\u0144 w r\u00f3\u017cnych bran\u017cach i \u015brodowiskach. Niezale\u017cnie od tego, czy s\u0105 u\u017cywane w pojazdach ci\u0119\u017carowych, pojazdach terenowych, zastosowaniach morskich i lotniczych, sprz\u0119cie przemys\u0142owym czy zastosowaniach niestandardowych, si\u0142owniki te zapewniaj\u0105 niezb\u0119dn\u0105 moc, precyzj\u0119 i kontrol\u0119, aby skutecznie kierowa\u0107.<\/p>\n<h2>O FMP<\/h2>\n<p>FMP jest wiod\u0105cym producentem i dystrybutorem wysokiej jako\u015bci cylindr\u00f3w hydraulicznych, zestaw\u00f3w cylindr\u00f3w i komponent\u00f3w do maszyn budowlanych. Dzi\u0119ki wieloletniemu do\u015bwiadczeniu w bran\u017cy i profesjonalnemu zespo\u0142owi jeste\u015bmy zobowi\u0105zani do dostarczania naszym klientom niezawodnych i wydajnych rozwi\u0105za\u0144 dla ich potrzeb w zakresie maszyn budowlanych.<\/p>\n<p>Oto pi\u0119\u0107 powod\u00f3w, dla kt\u00f3rych warto wybra\u0107 FMP:<\/p>\n<ol>\n<li><strong>Wysokiej jako\u015bci si\u0142owniki hydrauliczne:<\/strong> Do produkcji naszych cylindr\u00f3w hydraulicznych stosujemy precyzyjn\u0105 in\u017cynieri\u0119. Nasze mocne zaanga\u017cowanie w jako\u015b\u0107 zapewnia, \u017ce u\u017cywamy wy\u0142\u0105cznie najwy\u017cszej jako\u015bci surowc\u00f3w i przeprowadzamy surowe kontrole jako\u015bci gotowych produkt\u00f3w, aby zapewni\u0107, \u017ce spe\u0142niaj\u0105 one i przekraczaj\u0105 standardy bran\u017cowe.<\/li>\n<li><strong>Szeroka gama produkt\u00f3w:<\/strong> Nasza oferta obejmuje wszystkie rodzaje maszyn budowlanych i akcesori\u00f3w. Oferujemy r\u00f3\u017cne si\u0142owniki hydrauliczne, skrzynie bieg\u00f3w, \u0142a\u0144cuchy, ko\u0142a z\u0119bate, akcesoria do silnik\u00f3w, komponenty uk\u0142ad\u00f3w hydraulicznych, akcesoria podwozia i akcesoria do uk\u0142ad\u00f3w elektrycznych.<\/li>\n<li><strong>Nawi\u0105zane partnerstwa:<\/strong> Nawi\u0105zali\u015bmy d\u0142ugoterminowe i stabilne partnerstwa z wieloma wysokiej jako\u015bci krajowymi i zagranicznymi dostawcami. Dzi\u0119ki temu mamy pewno\u015b\u0107, \u017ce wszystkie dostarczane akcesoria spe\u0142niaj\u0105 nasze surowe standardy jako\u015bci.<\/li>\n<li><strong>Do\u015bwiadczony zesp\u00f3\u0142 sprzeda\u017cy:<\/strong> Nasz zesp\u00f3\u0142 sprzeda\u017cy ma wieloletnie do\u015bwiadczenie i wiedz\u0119 na temat bran\u017cy maszyn budowlanych. Mog\u0105 oni zapewni\u0107 profesjonaln\u0105 konsultacj\u0119 produktow\u0105 i m\u0105dre porady zakupowe, aby pom\u00f3c Ci podejmowa\u0107 \u015bwiadome decyzje.<\/li>\n<li><strong>Efektywny system dystrybucji logistycznej:<\/strong> Dysponujemy wydajnym systemem logistyki dystrybucyjnej, by mie\u0107 pewno\u015b\u0107, \u017ce nasi klienci otrzymaj\u0105 potrzebne cz\u0119\u015bci na czas i w odpowiedniej ilo\u015bci.<\/li>\n<\/ol>\n<p><img decoding=\"async\" src=\"https:\/\/fmp-components.com\/wp-content\/uploads\/2025\/01\/Dump-Truck-Trailer-Hydraulic-Cylinder-product-3-3.webp\" alt=\"Si\u0142ownik hydrauliczny\" width=\"800\" title=\"\"><\/p>\n<p>W FMP zobowi\u0105zujemy si\u0119 do dostarczania naszym klientom wysokiej jako\u015bci i niezawodnych akcesori\u00f3w do maszyn budowlanych oraz kompletnych rozwi\u0105za\u0144 maszynowych. Dzi\u0119ki naszym nowoczesnym zak\u0142adom fabrycznym, obrabiarkom CNC, projektowaniu wspomaganemu komputerowo, wykwalifikowanym pracownikom, ekspertom od uk\u0142ad\u00f3w hydraulicznych, monterom cylindr\u00f3w i dealerom jeste\u015bmy preferowanym partnerem, kt\u00f3ry zaspokoi Twoje potrzeby w zakresie cylindr\u00f3w hydraulicznych, zestaw\u00f3w cylindr\u00f3w i komponent\u00f3w.<\/p>\n<p>Autor: CX<\/p>","protected":false},"excerpt":{"rendered":"<p>Factory Direct Sale Long Stroke Hydraulic Cylinder Double Acting Hydraulic Cylinder Introducing the Factory Direct Sale Long Stroke Hydraulic Cylinder Double Acting Hydraulic Cylinder, the perfect solution for all your heavy-duty hydraulic needs. This hydraulic cylinder is designed to provide a reliable and durable performance even in the most demanding environments. Double-acting design for push [&hellip;]<\/p>","protected":false},"featured_media":2778,"comment_status":"closed","ping_status":"closed","template":"","meta":{"_et_pb_use_builder":"","_et_pb_old_content":"","_et_gb_content_width":""},"product_brand":[],"product_cat":[67],"product_tag":[34,70],"class_list":{"0":"post-2777","1":"product","2":"type-product","3":"status-publish","4":"has-post-thumbnail","6":"product_cat-steering-hydraulic-cylinder","7":"product_tag-hydraulic-cylinder","8":"product_tag-steering-hydraulic-cylinder","10":"first","11":"instock","12":"product-type-simple"},"_links":{"self":[{"href":"https:\/\/fmp-components.com\/pl\/wp-json\/wp\/v2\/product\/2777","targetHints":{"allow":["GET"]}}],"collection":[{"href":"https:\/\/fmp-components.com\/pl\/wp-json\/wp\/v2\/product"}],"about":[{"href":"https:\/\/fmp-components.com\/pl\/wp-json\/wp\/v2\/types\/product"}],"replies":[{"embeddable":true,"href":"https:\/\/fmp-components.com\/pl\/wp-json\/wp\/v2\/comments?post=2777"}],"wp:featuredmedia":[{"embeddable":true,"href":"https:\/\/fmp-components.com\/pl\/wp-json\/wp\/v2\/media\/2778"}],"wp:attachment":[{"href":"https:\/\/fmp-components.com\/pl\/wp-json\/wp\/v2\/media?parent=2777"}],"wp:term":[{"taxonomy":"product_brand","embeddable":true,"href":"https:\/\/fmp-components.com\/pl\/wp-json\/wp\/v2\/product_brand?post=2777"},{"taxonomy":"product_cat","embeddable":true,"href":"https:\/\/fmp-components.com\/pl\/wp-json\/wp\/v2\/product_cat?post=2777"},{"taxonomy":"product_tag","embeddable":true,"href":"https:\/\/fmp-components.com\/pl\/wp-json\/wp\/v2\/product_tag?post=2777"}],"curies":[{"name":"wp","href":"https:\/\/api.w.org\/{rel}","templated":true}]}}