{"id":2773,"date":"2025-01-04T05:22:33","date_gmt":"2025-01-04T05:22:33","guid":{"rendered":"https:\/\/fmp-components.com\/product\/premium-quality-hydraulic-steering-cylinder-hydraulic-cylinder-for-agriculture-trailer\/"},"modified":"2025-03-18T01:41:03","modified_gmt":"2025-03-18T01:41:03","slug":"premium-quality-hydraulic-steering-cylinder-hydraulic-cylinder-for-agriculture-trailer","status":"publish","type":"product","link":"https:\/\/fmp-components.com\/pl\/product\/premium-quality-hydraulic-steering-cylinder-hydraulic-cylinder-for-agriculture-trailer\/","title":{"rendered":"Najwy\u017cszej jako\u015bci hydrauliczny si\u0142ownik kierowniczy Si\u0142ownik hydrauliczny do przyczep rolniczych"},"content":{"rendered":"<h2>Profesjonalny ma\u0142y cylinder hydrauliczny do ci\u0105gnika z przyczep\u0105, si\u0142ownik wspomagania uk\u0142adu kierowniczego<\/h2>\n<p>Ma\u0142y si\u0142ownik hydrauliczny do wspomagania uk\u0142adu kierowniczego w przyczepach i ci\u0105gnikach marki Professional Craftsmanship to wysokiej jako\u015bci komponent przeznaczony do stosowania w przyczepach i ci\u0105gnikach. Dzi\u0119ki niewielkim rozmiarom i mocnym w\u0142a\u015bciwo\u015bciom hydraulicznym, si\u0142ownik ten idealnie nadaje si\u0119 do uk\u0142ad\u00f3w kierowniczych w r\u00f3\u017cnorodnych zastosowaniach rolniczych i przemys\u0142owych.<\/p>\n<p>Ten si\u0142ownik, charakteryzuj\u0105cy si\u0119 profesjonalnym wykonaniem, zosta\u0142 wykonany z precyzj\u0105 i dba\u0142o\u015bci\u0105 o szczeg\u00f3\u0142y. Zosta\u0142 zaprojektowany tak, aby wytrzyma\u0107 du\u017ce obci\u0105\u017cenia i trudne warunki, gwarantuj\u0105c niezawodn\u0105 wydajno\u015b\u0107 i trwa\u0142o\u015b\u0107. Niezale\u017cnie od tego, czy przewozisz ci\u0119\u017ckie \u0142adunki, czy manewrujesz w ciasnych przestrzeniach, ten si\u0142ownik wspomagania kierownicy zapewni p\u0142ynn\u0105 i wydajn\u0105 kontrol\u0119 nad uk\u0142adem kierowniczym.<\/p>\n<p>Uk\u0142ad hydrauliczny tego si\u0142ownika umo\u017cliwia \u0142atw\u0105 i precyzyjn\u0105 regulacj\u0119 uk\u0142adu kierowniczego. Zapewnia sta\u0142\u0105 moc i responsywno\u015b\u0107, gwarantuj\u0105c p\u0142ynn\u0105 prac\u0119 nawet pod wysokim ci\u015bnieniem. Kompaktowa konstrukcja u\u0142atwia monta\u017c i konserwacj\u0119, oszcz\u0119dzaj\u0105c czas i wysi\u0142ek.<\/p>\n<p>Dzi\u0119ki wyj\u0105tkowej jako\u015bci i doskona\u0142ej wydajno\u015bci, ma\u0142y si\u0142ownik hydrauliczny do ci\u0105gnik\u00f3w z przyczep\u0105 marki Professional Craftsmanship to niezawodny wyb\u00f3r do zastosowa\u0144 rolniczych i przemys\u0142owych. Zainwestuj w ten najwy\u017cszej klasy si\u0142ownik i ciesz si\u0119 lepsz\u0105 kontrol\u0105 uk\u0142adu kierowniczego i wydajno\u015bci\u0105 ni\u017c kiedykolwiek wcze\u015bniej.<\/p>\n<h2>Si\u0142owniki hydrauliczne uk\u0142adu kierowniczego<\/h2>\n<p>Hydrauliczne si\u0142owniki uk\u0142adu kierowniczego odgrywaj\u0105 kluczow\u0105 rol\u0119 w maszynach mobilnych, w tym przyczepach rolniczych. Si\u0142owniki te przekszta\u0142caj\u0105 energi\u0119 hydrauliczn\u0105 w energi\u0119 mechaniczn\u0105, zapewniaj\u0105c si\u0142\u0119 niezb\u0119dn\u0105 do kierowania ci\u0119\u017ckim sprz\u0119tem.<\/p>\n<h3>Historia hydraulicznych cylindr\u00f3w kierowniczych<\/h3>\n<p>Hydrauliczne si\u0142owniki kierownicze maj\u0105 bogat\u0105 histori\u0119 si\u0119gaj\u0105c\u0105 ko\u0144ca XVIII wieku. Od tego czasu ich konstrukcja, funkcjonalno\u015b\u0107 i zastosowania ewoluowa\u0142y, czyni\u0105c je integralnym elementem nowoczesnych maszyn mobilnych.<\/p>\n<p><img decoding=\"async\" src=\"https:\/\/hzpt.com\/wp-content\/uploads\/2023\/11\/Steering-Hydraulic-Cylinder-2.webp\" alt=\"Obraz cylindra hydraulicznego uk\u0142adu kierowniczego\" title=\"\"><\/p>\n<h3>Rodzaje hydraulicznych cylindr\u00f3w steruj\u0105cych<\/h3>\n<p>Si\u0142owniki hydraulicznego uk\u0142adu kierowniczego klasyfikuje si\u0119 na r\u00f3\u017cne typy w zale\u017cno\u015bci od takich czynnik\u00f3w, jak konstrukcja, moc, materia\u0142 obudowy i inne. Dwa g\u0142\u00f3wne typy to cylindry t\u0142okowe oraz cylindry standardowe i niestandardowe.<\/p>\n<h3>Zalety hydraulicznych cylindr\u00f3w steruj\u0105cych<\/h3>\n<p>Hydrauliczne si\u0142owniki uk\u0142adu kierowniczego oferuj\u0105 du\u017c\u0105 moc wyj\u015bciow\u0105, precyzyjn\u0105 kontrol\u0119 i s\u0105 niezwykle trwa\u0142e. S\u0105 r\u00f3wnie\u017c \u0142atwe w monta\u017cu i wymagaj\u0105 minimalnej konserwacji.<\/p>\n<h2>Wyb\u00f3r odpowiedniego cylindra hydraulicznego uk\u0142adu kierowniczego<\/h2>\n<p>Wybieraj\u0105c odpowiedni si\u0142ownik hydrauliczny do maszyn, nale\u017cy wzi\u0105\u0107 pod uwag\u0119 takie czynniki, jak moc, materia\u0142 korpusu, \u015brednica cylindra, rozmiar t\u0142oczyska, skok t\u0142oczyska i inne. Nale\u017cy r\u00f3wnie\u017c upewni\u0107 si\u0119, \u017ce si\u0142ownik jest odpowiedni do zamierzonego zastosowania maszyny.<\/p>\n<h3>Kiedy wymieni\u0107 hydrauliczny si\u0142ownik uk\u0142adu kierowniczego<\/h3>\n<p>Regularna konserwacja i kontrola hydraulicznych si\u0142ownik\u00f3w uk\u0142adu kierowniczego s\u0105 niezb\u0119dne dla zapewnienia ich optymalnej wydajno\u015bci. Oznakami wskazuj\u0105cymi na konieczno\u015b\u0107 wymiany si\u0142ownika s\u0105 wycieki p\u0142ynu, trudno\u015bci z kierowaniem i obni\u017cona wydajno\u015b\u0107 maszyny.<\/p>\n<h2>Zastosowanie cylindra hydraulicznego uk\u0142adu kierowniczego<\/h2>\n<p>Hydrauliczne si\u0142owniki uk\u0142adu kierowniczego s\u0105 niezb\u0119dnymi elementami uk\u0142ad\u00f3w kierowniczych w r\u00f3\u017cnych typach pojazd\u00f3w. Te si\u0142owniki, znane r\u00f3wnie\u017c jako si\u0142owniki uk\u0142adu kierowniczego, pomagaj\u0105 przekszta\u0142ca\u0107 energi\u0119 generowan\u0105 przez pomp\u0119 uk\u0142adu kierowniczego w ruch liniowy, kt\u00f3ry mo\u017ce by\u0107 u\u017cywany do manipulowania kierunkiem k\u00f3\u0142 pojazdu. Oto niekt\u00f3re zastosowania hydraulicznych si\u0142ownik\u00f3w uk\u0142adu kierowniczego:<\/p>\n<ol>\n<li>Pojazdy ci\u0119\u017carowe:\n<p>Si\u0142owniki hydrauliczne uk\u0142adu kierowniczego s\u0105 powszechnie stosowane w pojazdach ci\u0119\u017carowych, takich jak ci\u0119\u017car\u00f3wki, autobusy i maszyny budowlane. Kierowanie tymi pojazdami wymaga du\u017cej si\u0142y, a si\u0142ownik hydrauliczny mo\u017ce wygenerowa\u0107 moc niezb\u0119dn\u0105 do obracania k\u00f3\u0142, nawet gdy pojazd jest obci\u0105\u017cony. Uk\u0142ad hydrauliczny pozwala r\u00f3wnie\u017c na precyzyjniejsz\u0105 kontrol\u0119 nad mechanizmem kierowniczym, u\u0142atwiaj\u0105c kierowcom kierowanie du\u017cymi, niepor\u0119cznymi pojazdami.<\/li>\n<li>Pojazdy terenowe:\n<p>Pojazdy terenowe, takie jak quady, buggy i motocykle crossowe, r\u00f3wnie\u017c korzystaj\u0105 z hydraulicznych si\u0142ownik\u00f3w uk\u0142adu kierowniczego. Pojazdy te cz\u0119sto poruszaj\u0105 si\u0119 w trudnym terenie, gdzie konwencjonalne mechanizmy kierownicze mog\u0105 okaza\u0107 si\u0119 nieskuteczne. Si\u0142owniki hydrauliczne zapewniaj\u0105 niezb\u0119dn\u0105 moc i precyzj\u0119, umo\u017cliwiaj\u0105c pokonywanie przeszk\u00f3d i utrzymanie kontroli nad pojazdem.<\/li>\n<li>Zastosowania morskie i lotnicze:\n<p>Hydrauliczne si\u0142owniki steruj\u0105ce nie ograniczaj\u0105 si\u0119 do pojazd\u00f3w l\u0105dowych. S\u0105 one r\u00f3wnie\u017c wykorzystywane w zastosowaniach morskich, takich jak \u0142odzie i statki, a tak\u017ce w technologii lotniczej, takiej jak statki kosmiczne i samoloty. W tych zastosowaniach si\u0142owniki hydrauliczne s\u0142u\u017c\u0105 do sterowania kierunkiem ster\u00f3w, statecznik\u00f3w i innych powierzchni sterowych, kt\u00f3re pomagaj\u0105 w sterowaniu statkiem lub samolotem.<\/li>\n<li>Sprz\u0119t przemys\u0142owy:\n<p>Si\u0142owniki hydrauliczne s\u0105 r\u00f3wnie\u017c wykorzystywane w r\u00f3\u017cnych zastosowaniach przemys\u0142owych do sterowania i innych zada\u0144. Na przyk\u0142ad, mog\u0105 by\u0107 u\u017cywane do sterowania d\u017awigami, w\u00f3zkami wid\u0142owymi i innymi ci\u0119\u017ckimi maszynami. W takich zastosowaniach si\u0142owniki hydrauliczne zapewniaj\u0105 niezb\u0119dn\u0105 moc i precyzj\u0119 do manipulowania du\u017cymi \u0142adunkami lub pracy w ciasnych przestrzeniach.<\/li>\n<li>Aplikacje niestandardowe:\n<p>Opr\u00f3cz tych typowych zastosowa\u0144, hydrauliczne si\u0142owniki uk\u0142adu kierowniczego mog\u0105 by\u0107 r\u00f3wnie\u017c wykorzystywane w r\u00f3\u017cnorodnych, niestandardowych konfiguracjach. Na przyk\u0142ad, mog\u0105 by\u0107 stosowane w pojazdach eksperymentalnych lub prototypach wymagaj\u0105cych unikalnego mechanizmu kierowniczego. Mog\u0105 by\u0107 r\u00f3wnie\u017c wykorzystywane w instalacjach artystycznych lub rze\u017abach kinetycznych, kt\u00f3re wymagaj\u0105 precyzyjnego i kontrolowanego ruchu.<\/li>\n<\/ol>\n<p>Jak wida\u0107, hydrauliczne si\u0142owniki uk\u0142adu kierowniczego maj\u0105 szeroki zakres zastosowa\u0144 w r\u00f3\u017cnych bran\u017cach i \u015brodowiskach. Niezale\u017cnie od tego, czy s\u0105 u\u017cywane w pojazdach ci\u0119\u017carowych, pojazdach terenowych, zastosowaniach morskich i lotniczych, sprz\u0119cie przemys\u0142owym czy zastosowaniach niestandardowych, si\u0142owniki te zapewniaj\u0105 niezb\u0119dn\u0105 moc, precyzj\u0119 i kontrol\u0119, aby skutecznie kierowa\u0107.<\/p>\n<h2>O FMP<\/h2>\n<p>FMP jest wiod\u0105cym producentem i dystrybutorem wysokiej jako\u015bci cylindr\u00f3w hydraulicznych, zestaw\u00f3w cylindr\u00f3w i komponent\u00f3w do maszyn budowlanych. Dzi\u0119ki wieloletniemu do\u015bwiadczeniu w bran\u017cy i profesjonalnemu zespo\u0142owi jeste\u015bmy zobowi\u0105zani do dostarczania naszym klientom niezawodnych i wydajnych rozwi\u0105za\u0144 dla ich potrzeb w zakresie maszyn budowlanych.<\/p>\n<p>Oto pi\u0119\u0107 powod\u00f3w, dla kt\u00f3rych warto wybra\u0107 FMP:<\/p>\n<ol>\n<li><strong>Wysokiej jako\u015bci si\u0142owniki hydrauliczne:<\/strong> Do produkcji naszych cylindr\u00f3w hydraulicznych stosujemy precyzyjn\u0105 in\u017cynieri\u0119. Nasze mocne zaanga\u017cowanie w jako\u015b\u0107 zapewnia, \u017ce u\u017cywamy wy\u0142\u0105cznie najwy\u017cszej jako\u015bci surowc\u00f3w i przeprowadzamy surowe kontrole jako\u015bci gotowych produkt\u00f3w, aby zapewni\u0107, \u017ce spe\u0142niaj\u0105 one i przekraczaj\u0105 standardy bran\u017cowe.<\/li>\n<li><strong>Szeroka gama produkt\u00f3w:<\/strong> Nasza oferta obejmuje wszystkie rodzaje maszyn budowlanych i akcesori\u00f3w. Oferujemy r\u00f3\u017cne si\u0142owniki hydrauliczne, skrzynie bieg\u00f3w, \u0142a\u0144cuchy, ko\u0142a z\u0119bate, akcesoria do silnik\u00f3w, komponenty uk\u0142ad\u00f3w hydraulicznych, akcesoria podwozia i akcesoria do uk\u0142ad\u00f3w elektrycznych.<\/li>\n<li><strong>Nawi\u0105zane partnerstwa:<\/strong> Nawi\u0105zali\u015bmy d\u0142ugoterminowe i stabilne partnerstwa z wieloma wysokiej jako\u015bci krajowymi i zagranicznymi dostawcami. Dzi\u0119ki temu mamy pewno\u015b\u0107, \u017ce wszystkie dostarczane akcesoria spe\u0142niaj\u0105 nasze surowe standardy jako\u015bci.<\/li>\n<li><strong>Do\u015bwiadczony zesp\u00f3\u0142 sprzeda\u017cy:<\/strong> Nasz zesp\u00f3\u0142 sprzeda\u017cy ma wieloletnie do\u015bwiadczenie i wiedz\u0119 na temat bran\u017cy maszyn budowlanych. Mog\u0105 oni zapewni\u0107 profesjonaln\u0105 konsultacj\u0119 produktow\u0105 i m\u0105dre porady zakupowe, aby pom\u00f3c Ci podejmowa\u0107 \u015bwiadome decyzje.<\/li>\n<li><strong>Efektywny system dystrybucji logistycznej:<\/strong> Dysponujemy wydajnym systemem logistyki dystrybucyjnej, by mie\u0107 pewno\u015b\u0107, \u017ce nasi klienci otrzymaj\u0105 potrzebne cz\u0119\u015bci na czas i w odpowiedniej ilo\u015bci.<\/li>\n<\/ol>\n<p><img decoding=\"async\" src=\"https:\/\/fmp-components.com\/wp-content\/uploads\/2025\/01\/Dump-Truck-Trailer-Hydraulic-Cylinder-product-3-3.webp\" alt=\"Si\u0142ownik hydrauliczny\" width=\"800\" title=\"\"><\/p>\n<p>W FMP zobowi\u0105zujemy si\u0119 do dostarczania naszym klientom wysokiej jako\u015bci i niezawodnych akcesori\u00f3w do maszyn budowlanych oraz kompletnych rozwi\u0105za\u0144 maszynowych. Dzi\u0119ki naszym nowoczesnym zak\u0142adom fabrycznym, obrabiarkom CNC, projektowaniu wspomaganemu komputerowo, wykwalifikowanym pracownikom, ekspertom od uk\u0142ad\u00f3w hydraulicznych, monterom cylindr\u00f3w i dealerom jeste\u015bmy preferowanym partnerem, kt\u00f3ry zaspokoi Twoje potrzeby w zakresie cylindr\u00f3w hydraulicznych, zestaw\u00f3w cylindr\u00f3w i komponent\u00f3w.<\/p>\n<p>Autor: CX<\/p>","protected":false},"excerpt":{"rendered":"<p>Professional Craftsmanship Small Hydraulic Cylinder Trailer Tractor Power Steering Cylinder The Professional Craftsmanship Small Hydraulic Cylinder Trailer Tractor Power Steering Cylinder is a high-quality component designed for use in trailers and tractors. With its small size and powerful hydraulic capabilities, this cylinder is perfect for steering systems in a variety of agricultural and industrial applications. [&hellip;]<\/p>","protected":false},"featured_media":2774,"comment_status":"closed","ping_status":"closed","template":"","meta":{"_et_pb_use_builder":"","_et_pb_old_content":"","_et_gb_content_width":""},"product_brand":[],"product_cat":[67],"product_tag":[34,70],"class_list":{"0":"post-2773","1":"product","2":"type-product","3":"status-publish","4":"has-post-thumbnail","6":"product_cat-steering-hydraulic-cylinder","7":"product_tag-hydraulic-cylinder","8":"product_tag-steering-hydraulic-cylinder","10":"first","11":"instock","12":"product-type-simple"},"_links":{"self":[{"href":"https:\/\/fmp-components.com\/pl\/wp-json\/wp\/v2\/product\/2773","targetHints":{"allow":["GET"]}}],"collection":[{"href":"https:\/\/fmp-components.com\/pl\/wp-json\/wp\/v2\/product"}],"about":[{"href":"https:\/\/fmp-components.com\/pl\/wp-json\/wp\/v2\/types\/product"}],"replies":[{"embeddable":true,"href":"https:\/\/fmp-components.com\/pl\/wp-json\/wp\/v2\/comments?post=2773"}],"wp:featuredmedia":[{"embeddable":true,"href":"https:\/\/fmp-components.com\/pl\/wp-json\/wp\/v2\/media\/2774"}],"wp:attachment":[{"href":"https:\/\/fmp-components.com\/pl\/wp-json\/wp\/v2\/media?parent=2773"}],"wp:term":[{"taxonomy":"product_brand","embeddable":true,"href":"https:\/\/fmp-components.com\/pl\/wp-json\/wp\/v2\/product_brand?post=2773"},{"taxonomy":"product_cat","embeddable":true,"href":"https:\/\/fmp-components.com\/pl\/wp-json\/wp\/v2\/product_cat?post=2773"},{"taxonomy":"product_tag","embeddable":true,"href":"https:\/\/fmp-components.com\/pl\/wp-json\/wp\/v2\/product_tag?post=2773"}],"curies":[{"name":"wp","href":"https:\/\/api.w.org\/{rel}","templated":true}]}}