{"id":2751,"date":"2025-01-04T05:11:17","date_gmt":"2025-01-04T05:11:17","guid":{"rendered":"https:\/\/fmp-components.com\/?page_id=8"},"modified":"2025-01-04T05:11:18","modified_gmt":"2025-01-04T05:11:18","slug":"grader-driven-rake-gearbox-ep-dx300-2-for-powered-harrow","status":"publish","type":"product","link":"https:\/\/fmp-components.com\/pl\/product\/grader-driven-rake-gearbox-ep-dx300-2-for-powered-harrow\/","title":{"rendered":"Przek\u0142adnia zgrabiarki nap\u0119dzanej r\u00f3wniark\u0105 EP-DX300-2 do brony mechanicznej"},"content":{"rendered":"<h2><img loading=\"lazy\" decoding=\"async\" class=\"size-full wp-image-2756 aligncenter\" src=\"https:\/\/fmp-components.com\/wp-content\/uploads\/2025\/01\/Grader-Driven-Rake-Gearbox-EP-DX300-2-Features1.webp\" alt=\"R\u00f3wniarka z nap\u0119dem skrzyni bieg\u00f3w EP-DX300-2-Funkcje(1)\" width=\"1024\" height=\"828\" title=\"\" srcset=\"https:\/\/fmp-components.com\/wp-content\/uploads\/2025\/01\/Grader-Driven-Rake-Gearbox-EP-DX300-2-Features1.webp 1024w, https:\/\/fmp-components.com\/wp-content\/uploads\/2025\/01\/Grader-Driven-Rake-Gearbox-EP-DX300-2-Features1-980x792.webp 980w, https:\/\/fmp-components.com\/wp-content\/uploads\/2025\/01\/Grader-Driven-Rake-Gearbox-EP-DX300-2-Features1-480x388.webp 480w\" sizes=\"(min-width: 0px) and (max-width: 480px) 480px, (min-width: 481px) and (max-width: 980px) 980px, (min-width: 981px) 1024px, 100vw\" \/><\/h2>\n<h2>Wymiary przek\u0142adni zgarniaj\u0105cej nap\u0119dzanej r\u00f3wniarki FMP-DX300-2\u00a0<img loading=\"lazy\" decoding=\"async\" class=\"alignnone size-full wp-image-2752\" src=\"https:\/\/fmp-components.com\/wp-content\/uploads\/2025\/01\/Grader-Driven-Rake-Gearbox-EP-DX300-2-Dimensions.webp\" alt=\"Przek\u0142adnia zgarniaj\u0105ca nap\u0119dzana r\u00f3wniark\u0105 EP-DX300-2 wymiary\" width=\"1137\" height=\"785\" title=\"\" srcset=\"https:\/\/fmp-components.com\/wp-content\/uploads\/2025\/01\/Grader-Driven-Rake-Gearbox-EP-DX300-2-Dimensions.webp 1137w, https:\/\/fmp-components.com\/wp-content\/uploads\/2025\/01\/Grader-Driven-Rake-Gearbox-EP-DX300-2-Dimensions-980x677.webp 980w, https:\/\/fmp-components.com\/wp-content\/uploads\/2025\/01\/Grader-Driven-Rake-Gearbox-EP-DX300-2-Dimensions-480x331.webp 480w\" sizes=\"(min-width: 0px) and (max-width: 480px) 480px, (min-width: 481px) and (max-width: 980px) 980px, (min-width: 981px) 1137px, 100vw\" \/> Przek\u0142adnia zgarniaj\u0105ca nap\u0119dzana r\u00f3wniark\u0105 FMP-DX300-2 Turn<\/h2>\n<h2><img loading=\"lazy\" decoding=\"async\" class=\"alignnone size-full wp-image-2753\" src=\"https:\/\/fmp-components.com\/wp-content\/uploads\/2025\/01\/32LBLUCr-Grader-Driven-Rake-Gearbox-EP-DX300-2-Turn.webp\" alt=\"32LBLUCr-R\u00f3wniarka-Nap\u0119dzana-Przek\u0142adnia-EP-DX300-2-Turn\" width=\"1303\" height=\"347\" title=\"\" srcset=\"https:\/\/fmp-components.com\/wp-content\/uploads\/2025\/01\/32LBLUCr-Grader-Driven-Rake-Gearbox-EP-DX300-2-Turn.webp 1303w, https:\/\/fmp-components.com\/wp-content\/uploads\/2025\/01\/32LBLUCr-Grader-Driven-Rake-Gearbox-EP-DX300-2-Turn-1280x341.webp 1280w, https:\/\/fmp-components.com\/wp-content\/uploads\/2025\/01\/32LBLUCr-Grader-Driven-Rake-Gearbox-EP-DX300-2-Turn-980x261.webp 980w, https:\/\/fmp-components.com\/wp-content\/uploads\/2025\/01\/32LBLUCr-Grader-Driven-Rake-Gearbox-EP-DX300-2-Turn-480x128.webp 480w\" sizes=\"(min-width: 0px) and (max-width: 480px) 480px, (min-width: 481px) and (max-width: 980px) 980px, (min-width: 981px) and (max-width: 1280px) 1280px, (min-width: 1281px) 1303px, 100vw\" \/><\/h2>\n<h2>Dane techniczne przek\u0142adni zgarniaj\u0105cej nap\u0119dzanej r\u00f3wniarki FMP-DX300-2<\/h2>\n<table style=\"width: 101.518%; height: 166px;\" border=\"1\" cellspacing=\"0\" cellpadding=\"0\">\n<tbody>\n<tr>\n<td colspan=\"2\" rowspan=\"2\">I<\/td>\n<td rowspan=\"2\">Odpowiedni<\/td>\n<td>Wej\u015bcie obr.\/min<\/td>\n<td>Wyj\u015bcie obr.\/min<\/td>\n<td>KW(Nom)<\/td>\n<td>kW (maks.)<\/td>\n<td rowspan=\"2\">Uz\u0119bienie<\/td>\n<\/tr>\n<tr>\n<td>obr.\/min<\/td>\n<td>obr.\/min<\/td>\n<td>KM<\/td>\n<td>KM<\/td>\n<\/tr>\n<tr>\n<td>Zmniejsza\u0107 pr\u0119dko\u015b\u0107<\/td>\n<td>2.47:1<\/td>\n<td rowspan=\"3\">Brona nap\u0119dzana<\/td>\n<td>1000<\/td>\n<td>404<\/td>\n<td rowspan=\"3\">200<\/td>\n<td>3500<\/td>\n<td rowspan=\"3\">Helikalny Gleasona<br \/>\nZ\u0119by<\/td>\n<\/tr>\n<tr>\n<td>Zmniejsza\u0107 pr\u0119dko\u015b\u0107<\/td>\n<td>2.63:1<\/td>\n<td>1000<\/td>\n<td>380<\/td>\n<td>3700<\/td>\n<\/tr>\n<tr>\n<td>Zmniejsza\u0107 pr\u0119dko\u015b\u0107<\/td>\n<td>2.04:1<\/td>\n<td>850<\/td>\n<td>416<\/td>\n<td>3400<\/td>\n<\/tr>\n<tr>\n<td colspan=\"8\">Uwaga: Je\u015bli masz jakie\u015b specjalne \u017cyczenia, daj mi zna\u0107, realizujemy r\u00f3wnie\u017c zam\u00f3wienia niestandardowe.<\/td>\n<\/tr>\n<\/tbody>\n<\/table>\n<h2>Cechy i komponenty przek\u0142adni zgarniaj\u0105cej nap\u0119dzanej r\u00f3wniarki FMP-DX300-2<\/h2>\n<p>Przek\u0142adnia zgrabiarki nap\u0119dzanej r\u00f3wniark\u0105 FMP-DX300-2 to wysokowydajna przek\u0142adnia przeznaczona do maszyn rolniczych, w szczeg\u00f3lno\u015bci r\u00f3wniarek i zgrabiarek. Przek\u0142adnia ta zosta\u0142a zaprojektowana tak, aby efektywnie przenosi\u0107 moc z ci\u0105gnika na zgrabiark\u0119, zapewniaj\u0105c optymaln\u0105 wydajno\u015b\u0107 w ci\u0119\u017ckich zastosowaniach, takich jak zgrabianie siana, wyr\u00f3wnywanie terenu i inne prace rolnicze.<\/p>\n<h3>G\u0142\u00f3wne cechy FMP-DX300-2:<\/h3>\n<ol>\n<li><strong>Obs\u0142uga wysokiego momentu obrotowego<\/strong>:FMP-DX300-2 zosta\u0142 skonstruowany tak, aby wytrzymywa\u0107 obci\u0105\u017cenia o wysokim momencie obrotowym, zapewniaj\u0105c niezawodn\u0105 prac\u0119 nawet w ci\u0119\u017ckich warunkach typowych dla zastosowa\u0144 rolniczych.<\/li>\n<li><strong>Trwa\u0142o\u015b\u0107 i niezawodno\u015b\u0107<\/strong>Wykonana z materia\u0142\u00f3w o wysokiej wytrzyma\u0142o\u015bci, przek\u0142adnia zosta\u0142a zaprojektowana z my\u015bl\u0105 o d\u0142ugotrwa\u0142ej wydajno\u015bci. Jest odporna na zu\u017cycie, dzi\u0119ki czemu idealnie nadaje si\u0119 do ci\u0105g\u0142ej pracy w trudnych warunkach rolniczych.<\/li>\n<li><strong>Zoptymalizowane przenoszenie mocy<\/strong>:Przek\u0142adnia zapewnia sprawne przenoszenie mocy z WOM ci\u0105gnika do uk\u0142adu grabi\u0105cego, co zwi\u0119ksza og\u00f3ln\u0105 wydajno\u015b\u0107 maszyny i zmniejsza straty energii podczas pracy.<\/li>\n<li><strong>Mo\u017cliwo\u015b\u0107 dostosowania prze\u0142o\u017ce\u0144<\/strong>:Dost\u0119pny w wielu prze\u0142o\u017ceniach, FMP-DX300-2 mo\u017ce by\u0107 dostosowany do r\u00f3\u017cnych zastosowa\u0144 rolniczych, zapewniaj\u0105c optymaln\u0105 wydajno\u015b\u0107 dla r\u00f3\u017cnych typ\u00f3w maszyn i potrzeb operacyjnych.<\/li>\n<li><strong>Kompaktowa i lekka konstrukcja<\/strong>:Mimo solidnej konstrukcji, FMP-DX300-2 zosta\u0142 zaprojektowany tak, aby by\u0142 kompaktowy i lekki, co pozwala na \u0142atw\u0105 instalacj\u0119 i integracj\u0119 z r\u00f3\u017cnymi urz\u0105dzeniami rolniczymi bez uszczerbku dla wytrzyma\u0142o\u015bci.<\/li>\n<\/ol>\n<h3>G\u0142\u00f3wne komponenty FMP-DX300-2:<\/h3>\n<ol>\n<li><strong>Wa\u0142 wej\u015bciowy<\/strong>Wa\u0142 wej\u015bciowy odpowiada za przeniesienie mocy obrotowej z WOM ci\u0105gnika do skrzyni bieg\u00f3w. Zosta\u0142 zaprojektowany tak, aby przenosi\u0107 wysoki moment obrotowy i zapewnia\u0107 p\u0142ynne przenoszenie mocy.<\/li>\n<li><strong>Zestaw k\u00f3\u0142 z\u0119batych<\/strong>:Sercem przek\u0142adni jest zestaw k\u00f3\u0142 z\u0119batych, kt\u00f3ry odpowiada za zmian\u0119 pr\u0119dko\u015bci obrotowej i momentu obrotowego. Precyzyjnie zaprojektowane ko\u0142a z\u0119bate zapewniaj\u0105 p\u0142ynne zaz\u0119bienie i wysok\u0105 wydajno\u015b\u0107 przenoszenia mocy.<\/li>\n<li><strong>Wa\u0142 wyj\u015bciowy<\/strong>:Wa\u0142 wyj\u015bciowy \u0142\u0105czy skrzyni\u0119 bieg\u00f3w z uk\u0142adem grabi\u0105cym, przekazuj\u0105c energi\u0119 mechaniczn\u0105 potrzebn\u0105 do nap\u0119dzania urz\u0105dzenia.<\/li>\n<li><strong>Namiar<\/strong>:Wysokiej jako\u015bci \u0142o\u017cyska podtrzymuj\u0105 elementy obrotowe, redukuj\u0105c tarcie i zapewniaj\u0105c p\u0142ynn\u0105 prac\u0119. \u0141o\u017cyska zosta\u0142y zaprojektowane do pracy przy du\u017cych obci\u0105\u017ceniach i wysokich pr\u0119dko\u015bciach, co zapewnia trwa\u0142o\u015b\u0107 i niezawodno\u015b\u0107.<\/li>\n<li><strong>Mieszkania<\/strong>Obudowa przek\u0142adni wykonana jest z trwa\u0142ych, odpornych na korozj\u0119 materia\u0142\u00f3w, kt\u00f3re chroni\u0105 elementy wewn\u0119trzne. Zapewnia integralno\u015b\u0107 strukturaln\u0105 i chroni przek\u0142adni\u0119 przed zewn\u0119trznymi czynnikami \u015brodowiskowymi, takimi jak kurz, wilgo\u0107 i zanieczyszczenia.<\/li>\n<\/ol>\n<p>Ten <strong>FMP-DX300-2 Przek\u0142adnia zgarniaj\u0105ca nap\u0119dzana r\u00f3wniark\u0105<\/strong> to niezwykle trwa\u0142a, wydajna i niezawodna przek\u0142adnia zaprojektowana do wymagaj\u0105cych zastosowa\u0144 rolniczych. Dzi\u0119ki wysokiemu momentowi obrotowemu, regulowanym prze\u0142o\u017ceniom i niskim wymaganiom konserwacyjnym, zapewnia optymalne przeniesienie mocy, gwarantuj\u0105c jednocze\u015bnie d\u0142ugotrwa\u0142\u0105 wydajno\u015b\u0107. Precyzyjna konstrukcja przek\u0142adni oraz solidne komponenty sprawiaj\u0105, \u017ce jest to idealny wyb\u00f3r do ci\u0119\u017ckich maszyn rolniczych, zwi\u0119kszaj\u0105c wydajno\u015b\u0107 i minimalizuj\u0105c przestoje.<\/p>\n<h2><img loading=\"lazy\" decoding=\"async\" class=\"alignnone size-full wp-image-2754\" src=\"https:\/\/fmp-components.com\/wp-content\/uploads\/2025\/01\/ZIe4i3OO-Power-Driven-Harrow-Gearbox-EP-DX300-2-Lubrication-and-Maintenance-11.webp\" alt=\"ZIe4i3OO-Mechaniczna-przek\u0142adnia-broni-EP-DX300-2-Smarowanie-i-konserwacja-1(1)\" width=\"950\" height=\"715\" title=\"\" srcset=\"https:\/\/fmp-components.com\/wp-content\/uploads\/2025\/01\/ZIe4i3OO-Power-Driven-Harrow-Gearbox-EP-DX300-2-Lubrication-and-Maintenance-11.webp 950w, https:\/\/fmp-components.com\/wp-content\/uploads\/2025\/01\/ZIe4i3OO-Power-Driven-Harrow-Gearbox-EP-DX300-2-Lubrication-and-Maintenance-11-480x361.webp 480w\" sizes=\"(min-width: 0px) and (max-width: 480px) 480px, (min-width: 481px) 950px, 100vw\" \/><\/h2>\n<div class=\"flex-shrink-0 flex flex-col relative items-end\">\n<div>\n<div class=\"pt-0\">\n<div class=\"gizmo-bot-avatar flex h-8 w-8 items-center justify-center overflow-hidden rounded-full\">\n<div class=\"relative p-1 rounded-sm flex items-center justify-center bg-token-main-surface-primary text-token-text-primary h-8 w-8\">\n<h3>Zastosowania przek\u0142adni brony nap\u0119dzanej mechanicznie FMP-DX300-2:<\/h3>\n<\/div>\n<\/div>\n<\/div>\n<\/div>\n<\/div>\n<div class=\"group\/conversation-turn relative flex w-full min-w-0 flex-col agent-turn\">\n<div class=\"flex-col gap-1 md:gap-3\">\n<div class=\"flex max-w-full flex-col flex-grow\">\n<div class=\"min-h-8 text-message flex w-full flex-col items-end gap-2 whitespace-normal break-words text-start [.text-message+&amp;]:mt-5\" dir=\"auto\" data-message-author-role=\"assistant\" data-message-id=\"99c21c94-b9e3-4719-b75e-da3f57305c74\" data-message-model-slug=\"gpt-4o\">\n<div class=\"flex w-full flex-col gap-1 empty:hidden first:pt-[3px]\">\n<div class=\"markdown prose w-full break-words dark:prose-invert light\">\n<p>Przek\u0142adnia bron z nap\u0119dem mechanicznym FMP-DX300-2 zosta\u0142a zaprojektowana do maszyn rolniczych, w szczeg\u00f3lno\u015bci do bronowania i przygotowania gleby. Zapewnia niezawodn\u0105 transmisj\u0119 mocy z WOM ci\u0105gnika na bron\u0119, gwarantuj\u0105c optymaln\u0105 wydajno\u015b\u0107 podczas intensywnych prac rolniczych. Poni\u017cej przedstawiono kluczowe zastosowania przek\u0142adni FMP-DX300-2:<\/p>\n<ol>\n<li><strong>Przygotowanie i uprawa gleby<\/strong>:\n<ul>\n<li><strong>Uprawa pierwotna i wt\u00f3rna<\/strong>:Agregat FMP-DX300-2 jest u\u017cywany zar\u00f3wno do wst\u0119pnej, jak i wt\u00f3rnej uprawy gleby, pomagaj\u0105c w jej rozdrobnieniu i napowietrzeniu, zapewniaj\u0105c optymalne warunki siewu. Jego zdolno\u015b\u0107 do przenoszenia wysokiego momentu obrotowego sprawia, \u017ce \u200b\u200bjest skuteczny zar\u00f3wno w uprawie p\u0142ytkiej, jak i g\u0142\u0119bokiej.<\/li>\n<li><strong>Przygotowanie \u0142o\u017ca siewnego<\/strong>Przek\u0142adnia nap\u0119dza brony, kt\u00f3re s\u0105 niezb\u0119dne do stworzenia drobnego, jednolitego \u0142o\u017ca siewnego. Jest to kluczowe w przypadku upraw takich jak zbo\u017ca, warzywa i inne ro\u015bliny uprawne, kt\u00f3re wymagaj\u0105 sta\u0142ych warunk\u00f3w glebowych do kie\u0142kowania.<\/li>\n<\/ul>\n<\/li>\n<li><strong>Bronowanie w celu zwalczania chwast\u00f3w<\/strong>:\n<ul>\n<li><strong>Zwalczanie chwast\u00f3w<\/strong>Przek\u0142adnia nap\u0119dza bron\u0119, umo\u017cliwiaj\u0105c jej upraw\u0119 gleby na niewielkich g\u0142\u0119boko\u015bciach, wyrywaj\u0105c chwasty i przygotowuj\u0105c gleb\u0119 do lepszego wzrostu upraw. Pomaga hamowa\u0107 wzrost chwast\u00f3w, minimalizuj\u0105c jednocze\u015bnie szkody w po\u017c\u0105danych uprawach.<\/li>\n<li><strong>Odchwaszczanie powierzchniowe<\/strong>:Nap\u0119dzaj\u0105c bron\u0119 z odpowiedni\u0105 pr\u0119dko\u015bci\u0105 i na odpowiedni\u0105 g\u0142\u0119boko\u015b\u0107, przek\u0142adnia zapewnia rozbijanie chwast\u00f3w na powierzchni, co zmniejsza konkurencj\u0119 o sk\u0142adniki od\u017cywcze i wilgo\u0107.<\/li>\n<\/ul>\n<\/li>\n<li><strong>Konserwacja p\u00f3l po zbiorach<\/strong>:\n<ul>\n<li><strong>Zarz\u0105dzanie resztkami polowymi<\/strong>Po zbiorach, brona nap\u0119dzana przek\u0142adni\u0105 pomaga rozdrobni\u0107 resztki po\u017cniwne i r\u00f3wnomiernie rozprowadzi\u0107 je po polu. Proces ten jest wa\u017cny dla \u017cyzno\u015bci gleby i minimalizuje potrzeb\u0119 stosowania dodatkowych \u015brodk\u00f3w chemicznych.<\/li>\n<li><strong>W\u0142\u0105czanie \u015bcierniska<\/strong>:Brona mo\u017ce by\u0107 r\u00f3wnie\u017c u\u017cywana do mieszania \u015bcierniska, poprawiaj\u0105c struktur\u0119 gleby i redukuj\u0105c ryzyko erozji poprzez przykrycie resztek ro\u015blinnych gleb\u0105.<\/li>\n<\/ul>\n<\/li>\n<li><strong>Wyr\u00f3wnywanie i wyg\u0142adzanie<\/strong>:\n<ul>\n<li><strong>Wyr\u00f3wnywanie gleby<\/strong>Przek\u0142adnia FMP-DX300-2 jest cz\u0119sto stosowana w po\u0142\u0105czeniu z bronami wyr\u00f3wnuj\u0105cymi teren. Steruj\u0105c z\u0119bami lub talerzami brony, przek\u0142adnia zapewnia r\u00f3wnomierne rozprowadzenie gleby, co jest wa\u017cne dla retencji wody i efektywnego nawadniania.<\/li>\n<li><strong>Wyg\u0142adzanie powierzchni<\/strong>:Przek\u0142adnia umo\u017cliwia r\u00f3wnomiern\u0105 prac\u0119 brony, co pomaga wyr\u00f3wna\u0107 powierzchni\u0119 gleby i uzyska\u0107 jednolite warunki pod siew, redukuj\u0105c ryzyko nier\u00f3wnomiernego wzrostu upraw.<\/li>\n<\/ul>\n<\/li>\n<li><strong>Rekultywacja grunt\u00f3w<\/strong>:\n<ul>\n<li><strong>Przywracanie zdegradowanej gleby<\/strong>Przek\u0142adnia wspomaga dzia\u0142anie bron mechanicznych u\u017cywanych w rekultywacji grunt\u00f3w, gdzie gleba, kt\u00f3ra uleg\u0142a zag\u0119szczeniu, degradacji lub stwardnieniu, jest spulchniana i napowietrzana w celu przygotowania do ponownego zasadzenia lub rekultywacji. Jest to powszechne na obszarach nadmiernie u\u017cytkowanych rolniczo lub nara\u017conych na erozj\u0119.<\/li>\n<li><strong>Poprawa napowietrzenia gleby<\/strong>:Zapewniaj\u0105c niezb\u0119dn\u0105 moc sprz\u0119towi bronuj\u0105cemu, przek\u0142adnia pomaga w napowietrzaniu gleby, co ma kluczowe znaczenie dla poprawy wch\u0142aniania wody, wzrostu korzeni i zdrowia gleby.<\/li>\n<\/ul>\n<\/li>\n<\/ol>\n<p>Przek\u0142adnia bron FMP-DX300-2 z nap\u0119dem mechanicznym idealnie nadaje si\u0119 do szerokiego zakresu zada\u0144 rolniczych. Jej wysoki moment obrotowy i niezawodno\u015b\u0107 sprawiaj\u0105, \u017ce nadaje si\u0119 do przygotowania gleby, zwalczania chwast\u00f3w, piel\u0119gnacji p\u00f3l po\u017cniwnych, niwelacji, a nawet rekultywacji grunt\u00f3w. Niezale\u017cnie od tego, czy jest u\u017cywana do uprawy roli, zagospodarowania resztek po\u017cniwnych, czy renowacji pastwisk, przek\u0142adnia ta odgrywa kluczow\u0105 rol\u0119 w poprawie kondycji gleby, zapewnieniu wy\u017cszych plon\u00f3w i zwi\u0119kszeniu og\u00f3lnej produktywno\u015bci gospodarstwa. Jej wszechstronno\u015b\u0107 sprawia, \u017ce \u200b\u200bjest cennym elementem nowoczesnego sprz\u0119tu rolniczego, zar\u00f3wno w du\u017cych gospodarstwach komercyjnych, jak i mniejszych gospodarstwach.<\/p>\n<\/div>\n<\/div>\n<\/div>\n<\/div>\n<\/div>\n<\/div>\n<h2><img loading=\"lazy\" decoding=\"async\" class=\"alignnone size-full wp-image-2755\" src=\"https:\/\/fmp-components.com\/wp-content\/uploads\/2025\/01\/Power-Driven-Harrow-Gearbox-EP-DX300-2-Lubrication-and-Maintenance-21.webp\" alt=\"Przek\u0142adnia Harrow z nap\u0119dem mechanicznym EP-DX300-2-Smarowanie i konserwacja-2(1)\" width=\"950\" height=\"715\" title=\"\" srcset=\"https:\/\/fmp-components.com\/wp-content\/uploads\/2025\/01\/Power-Driven-Harrow-Gearbox-EP-DX300-2-Lubrication-and-Maintenance-21.webp 950w, https:\/\/fmp-components.com\/wp-content\/uploads\/2025\/01\/Power-Driven-Harrow-Gearbox-EP-DX300-2-Lubrication-and-Maintenance-21-480x361.webp 480w\" sizes=\"(min-width: 0px) and (max-width: 480px) 480px, (min-width: 481px) 950px, 100vw\" \/><\/h2>\n<h2>O FMP<\/h2>\n<p>Firma FMP z siedzib\u0105 we W\u0142oszech to wiod\u0105cy producent, znany ze swojego do\u015bwiadczenia w projektowaniu, rozwoju i produkcji wysokowydajnych przek\u0142adni, ze szczeg\u00f3lnym uwzgl\u0119dnieniem sektora maszyn rolniczych. Ceniony za precyzj\u0119 wykonania, innowacyjne rozwi\u0105zania i wyj\u0105tkow\u0105 niezawodno\u015b\u0107, FMP zyska\u0142 reputacj\u0119 zaufanego partnera zar\u00f3wno w rolnictwie, jak i przemy\u015ble. Nasze bogate portfolio produkt\u00f3w obejmuje przek\u0142adnie projektowane na zam\u00f3wienie do kosiarek, wa\u0142\u00f3w odbioru mocy (WOM) oraz szereg niezb\u0119dnych komponent\u00f3w, wszystkie wykonane z my\u015bl\u0105 o zr\u00f3\u017cnicowanych wymaganiach szerokiego zakresu zastosowa\u0144.<\/p>\n<p>W FMP zdajemy sobie spraw\u0119, \u017ce ka\u017cdy klient ma unikalne wyzwania i wymagania. Dlatego specjalizujemy si\u0119 w dostarczaniu rozwi\u0105za\u0144 dostosowanych do indywidualnych potrzeb, zar\u00f3wno dla pojedynczych komponent\u00f3w, jak i w pe\u0142ni zintegrowanych system\u00f3w. Dzi\u0119ki \u015bcis\u0142ej wsp\u00f3\u0142pracy z naszymi klientami, gwarantujemy, \u017ce ka\u017cde rozwi\u0105zanie nie tylko odpowiada ich specyficznym potrzebom, ale tak\u017ce maksymalizuje wydajno\u015b\u0107 i warto\u015b\u0107. Nasze zaanga\u017cowanie w udzielanie szybkich i profesjonalnych odpowiedzi, w po\u0142\u0105czeniu z fachowym doradztwem, gwarantuje, \u017ce ka\u017cde zapytanie jest traktowane z dba\u0142o\u015bci\u0105 i precyzj\u0105, prowadz\u0105c do najlepszych mo\u017cliwych rezultat\u00f3w.<\/p>\n<p>Przejrzysta i ci\u0105g\u0142a komunikacja stanowi podstaw\u0119 naszego podej\u015bcia. Nasz zaanga\u017cowany zesp\u00f3\u0142 wsp\u00f3\u0142pracuje bezpo\u015brednio z klientami w ca\u0142ym procesie rozwoju produktu, aby dog\u0142\u0119bnie zrozumie\u0107 ich potrzeby. Oferujemy cenne spostrze\u017cenia i rekomendacje, aby zapewni\u0107 optymalne rezultaty. Niezale\u017cnie od tego, czy projektujemy nowatorskie produkty, czy realizujemy bie\u017c\u0105ce zam\u00f3wienia, FMP dok\u0142ada wszelkich stara\u0144, aby dostarcza\u0107 wysokiej jako\u015bci, precyzyjnie zaprojektowane rozwi\u0105zania na czas i za ka\u017cdym razem. Nasz\u0105 misj\u0105 jest przekraczanie oczekiwa\u0144 klient\u00f3w poprzez zapewnienie wyj\u0105tkowej obs\u0142ugi i rezultat\u00f3w w ka\u017cdym projekcie.<\/p>\n<p>Jako\u015b\u0107 jest fundamentem wszystkiego, co robimy. Przestrzegamy najwy\u017cszych standard\u00f3w produkcyjnych i wdra\u017camy rygorystyczne \u015brodki kontroli jako\u015bci, aby zapewni\u0107, \u017ce ka\u017cdy produkt nie tylko spe\u0142nia, ale wr\u0119cz przewy\u017csza standardy bran\u017cowe. To zaanga\u017cowanie w d\u0105\u017cenie do doskona\u0142o\u015bci, w po\u0142\u0105czeniu z naszymi podstawowymi warto\u015bciami, takimi jak uczciwo\u015b\u0107, praca zespo\u0142owa i wytrwa\u0142o\u015b\u0107, pozwoli\u0142o nam zbudowa\u0107 d\u0142ugotrwa\u0142e, oparte na zaufaniu relacje z klientami w prawie 30 krajach na ca\u0142ym \u015bwiecie.<\/p>\n<p>FMP zawsze ch\u0119tnie nawi\u0105zuje globalne partnerstwa i z zaanga\u017cowaniem zapewnia fachowe doradztwo oraz rozwi\u0105zania dostosowane do zmieniaj\u0105cych si\u0119 potrzeb naszych klient\u00f3w. Nie ograniczamy si\u0119 do dostarczania produkt\u00f3w; d\u0105\u017cymy do budowania trwa\u0142ych relacji, kt\u00f3re przyczyniaj\u0105 si\u0119 do sukcesu ka\u017cdego projektu. Niezale\u017cnie od tego, czy potrzebujesz innowacyjnych rozwi\u0105za\u0144 dla nowej inicjatywy, czy sta\u0142ego wsparcia dla istniej\u0105cego systemu, FMP jest gotowe sprosta\u0107 Twoim wyzwaniom technicznym i zapewni\u0107 Ci ci\u0105g\u0142y sukces.<\/p>\n<p><img loading=\"lazy\" decoding=\"async\" class=\"alignnone wp-image-2695\" src=\"https:\/\/fmp-components.com\/wp-content\/uploads\/2025\/01\/agricultural-gearbox3.webp\" alt=\"skrzynia bieg\u00f3w rolnicza\" width=\"953\" height=\"951\" title=\"\" srcset=\"https:\/\/fmp-components.com\/wp-content\/uploads\/2025\/01\/agricultural-gearbox3.webp 953w, https:\/\/fmp-components.com\/wp-content\/uploads\/2025\/01\/agricultural-gearbox3-480x479.webp 480w\" sizes=\"(min-width: 0px) and (max-width: 480px) 480px, (min-width: 481px) 953px, 100vw\" \/><\/p>\n<p>Autor: CX<\/p>","protected":false},"excerpt":{"rendered":"<p>Grader Driven Rake Gearbox FMP-DX300-2 Dimensions\u00a0 Grader Driven Rake Gearbox FMP-DX300-2 Turn Grader Driven Rake Gearbox FMP-DX300-2 Technical Data i Suitable Rpm input Rpm output KW(Nom) KW(Max) Toothing r\/min r\/min hp hp Decelerate 2.47:1 Powered Harrow 1000 404 200 3500 Gleason Helical Teeth Decelerate 2.63:1 1000 380 3700 Decelerate 2.04:1 850 416 3400 Remark: If [&hellip;]<\/p>","protected":false},"featured_media":2757,"comment_status":"open","ping_status":"closed","template":"","meta":{"_et_pb_use_builder":"","_et_pb_old_content":"","_et_gb_content_width":""},"product_brand":[],"product_cat":[66],"product_tag":[],"class_list":{"0":"post-2751","1":"product","2":"type-product","3":"status-publish","4":"has-post-thumbnail","6":"product_cat-grader-driven-rake-gearbox","8":"first","9":"instock","10":"shipping-taxable","11":"product-type-simple"},"_links":{"self":[{"href":"https:\/\/fmp-components.com\/pl\/wp-json\/wp\/v2\/product\/2751","targetHints":{"allow":["GET"]}}],"collection":[{"href":"https:\/\/fmp-components.com\/pl\/wp-json\/wp\/v2\/product"}],"about":[{"href":"https:\/\/fmp-components.com\/pl\/wp-json\/wp\/v2\/types\/product"}],"replies":[{"embeddable":true,"href":"https:\/\/fmp-components.com\/pl\/wp-json\/wp\/v2\/comments?post=2751"}],"wp:featuredmedia":[{"embeddable":true,"href":"https:\/\/fmp-components.com\/pl\/wp-json\/wp\/v2\/media\/2757"}],"wp:attachment":[{"href":"https:\/\/fmp-components.com\/pl\/wp-json\/wp\/v2\/media?parent=2751"}],"wp:term":[{"taxonomy":"product_brand","embeddable":true,"href":"https:\/\/fmp-components.com\/pl\/wp-json\/wp\/v2\/product_brand?post=2751"},{"taxonomy":"product_cat","embeddable":true,"href":"https:\/\/fmp-components.com\/pl\/wp-json\/wp\/v2\/product_cat?post=2751"},{"taxonomy":"product_tag","embeddable":true,"href":"https:\/\/fmp-components.com\/pl\/wp-json\/wp\/v2\/product_tag?post=2751"}],"curies":[{"name":"wp","href":"https:\/\/api.w.org\/{rel}","templated":true}]}}