{"id":2696,"date":"2025-01-03T08:43:50","date_gmt":"2025-01-03T08:43:50","guid":{"rendered":"https:\/\/fmp-components.com\/?page_id=8"},"modified":"2025-01-03T08:44:42","modified_gmt":"2025-01-03T08:44:42","slug":"grader-driven-rake-gearbox-fmp-tbs128-for-crawler-rotary-cultivator","status":"publish","type":"product","link":"https:\/\/fmp-components.com\/pl\/product\/grader-driven-rake-gearbox-fmp-tbs128-for-crawler-rotary-cultivator\/","title":{"rendered":"Przek\u0142adnia zgrabiarki nap\u0119dzanej r\u00f3wniark\u0105 FMP-TBS128 do glebogryzarki g\u0105sienicowej"},"content":{"rendered":"<h2>Wymiary przek\u0142adni zgarniaj\u0105cej nap\u0119dzanej r\u00f3wniarki FMP-TBS128<\/h2>\n<p><img loading=\"lazy\" decoding=\"async\" class=\"alignnone size-full wp-image-2697\" src=\"https:\/\/fmp-components.com\/wp-content\/uploads\/2025\/01\/Grader-Driven-Rake-Gearbox-FMP-TBS128-Dimensions-1.webp\" alt=\"Przek\u0142adnia zgrabiarki nap\u0119dzanej r\u00f3wniark\u0105 FMP-TBS128-Wymiary-1\" width=\"1431\" height=\"910\" title=\"\" srcset=\"https:\/\/fmp-components.com\/wp-content\/uploads\/2025\/01\/Grader-Driven-Rake-Gearbox-FMP-TBS128-Dimensions-1.webp 1431w, https:\/\/fmp-components.com\/wp-content\/uploads\/2025\/01\/Grader-Driven-Rake-Gearbox-FMP-TBS128-Dimensions-1-1280x814.webp 1280w, https:\/\/fmp-components.com\/wp-content\/uploads\/2025\/01\/Grader-Driven-Rake-Gearbox-FMP-TBS128-Dimensions-1-980x623.webp 980w, https:\/\/fmp-components.com\/wp-content\/uploads\/2025\/01\/Grader-Driven-Rake-Gearbox-FMP-TBS128-Dimensions-1-480x305.webp 480w\" sizes=\"(min-width: 0px) and (max-width: 480px) 480px, (min-width: 481px) and (max-width: 980px) 980px, (min-width: 981px) and (max-width: 1280px) 1280px, (min-width: 1281px) 1431px, 100vw\" \/><\/p>\n<h2>Dane techniczne przek\u0142adni zgarniaj\u0105cej nap\u0119dzanej r\u00f3wniark\u0105 FMP-TBS128<\/h2>\n<table style=\"width: 99.6141%; height: 188px;\" border=\"1\" cellspacing=\"0\" cellpadding=\"0\">\n<tbody>\n<tr style=\"height: 47px;\">\n<td style=\"height: 70px; width: 12.8399%;\" colspan=\"2\" rowspan=\"2\">I<\/td>\n<td style=\"height: 70px; width: 27.1903%;\" rowspan=\"2\">Odpowiedni<\/td>\n<td style=\"height: 47px; width: 9.66767%;\">Wej\u015bcie obr.\/min<\/td>\n<td style=\"height: 47px; width: 11.0272%;\">Wyj\u015bcie obr.\/min<\/td>\n<td style=\"height: 47px; width: 9.51662%;\">KW(Nom)<\/td>\n<td style=\"height: 47px; width: 9.06344%;\">kW (maks.)<\/td>\n<td style=\"height: 70px; width: 54.0785%;\" rowspan=\"2\">Uz\u0119bienie<\/td>\n<\/tr>\n<tr style=\"height: 23px;\">\n<td style=\"height: 23px; width: 9.66767%;\">obr.\/min<\/td>\n<td style=\"height: 23px; width: 11.0272%;\">obr.\/min<\/td>\n<td style=\"height: 23px; width: 9.51662%;\">KM<\/td>\n<td style=\"height: 23px; width: 9.06344%;\">KM<\/td>\n<\/tr>\n<tr style=\"height: 47px;\">\n<td style=\"height: 47px; width: 6.19335%;\">bieg 1<\/td>\n<td style=\"height: 47px; width: 6.64653%;\">3.69:1<\/td>\n<td style=\"height: 94px; width: 27.1903%;\" rowspan=\"2\">Glebogryzarka obrotowa g\u0105sienicowa itp.<\/td>\n<td style=\"height: 47px; width: 9.66767%;\">2400<\/td>\n<td style=\"height: 47px; width: 11.0272%;\">650<\/td>\n<td style=\"height: 94px; width: 9.51662%;\" rowspan=\"2\">80<\/td>\n<td style=\"height: 94px; width: 9.06344%;\" rowspan=\"2\">100<\/td>\n<td style=\"height: 94px; width: 54.0785%;\" rowspan=\"2\">Z\u0119by \u015brubowe Gleasona<\/td>\n<\/tr>\n<tr style=\"height: 47px;\">\n<td style=\"height: 47px; width: 6.19335%;\">bieg 2<\/td>\n<td style=\"height: 47px; width: 6.64653%;\">2.81: 1<\/td>\n<td style=\"height: 47px; width: 9.66767%;\">2400<\/td>\n<td style=\"height: 47px; width: 11.0272%;\">850<\/td>\n<\/tr>\n<tr style=\"height: 23px;\">\n<td style=\"height: 23px; width: 133.384%;\" colspan=\"8\">Uwaga: Je\u015bli masz jakie\u015b specjalne \u017cyczenia, daj mi zna\u0107, realizujemy r\u00f3wnie\u017c zam\u00f3wienia niestandardowe.<\/td>\n<\/tr>\n<\/tbody>\n<\/table>\n<h2>G\u0142\u00f3wne cechy przek\u0142adni zgarniaj\u0105cej nap\u0119dzanej r\u00f3wniark\u0105 FMP-TBS128<\/h2>\n<p>Przek\u0142adnia zgrabiarki nap\u0119dzanej r\u00f3wniark\u0105 FMP-TBS128 zosta\u0142a zaprojektowana z my\u015bl\u0105 o zapewnieniu solidnego przeniesienia mocy w uk\u0142adach zgrabiarki stosowanych w maszynach rolniczych, gwarantuj\u0105c wydajn\u0105 i niezawodn\u0105 prac\u0119. Poni\u017cej przedstawiono kluczowe cechy tej przek\u0142adni:<\/p>\n<p><strong>Przek\u0142adnia o wysokim momencie obrotowym<\/strong><\/p>\n<ul>\n<li>Przek\u0142adnia FMP-TBS128 zosta\u0142a zaprojektowana z my\u015bl\u0105 o przenoszeniu wysokiego momentu obrotowego, co umo\u017cliwia jej efektywne nap\u0119dzanie uk\u0142ad\u00f3w zgrabiaj\u0105cych nawet przy du\u017cym obci\u0105\u017ceniu. Wysoki moment obrotowy zapewnia p\u0142ynn\u0105 prac\u0119 zgrabiarek, nawet w przypadku g\u0119stych lub twardych materia\u0142\u00f3w uprawnych.<\/li>\n<\/ul>\n<p><strong>Trwa\u0142a konstrukcja<\/strong><\/p>\n<ul>\n<li>Wykonana z materia\u0142\u00f3w o wysokiej wytrzyma\u0142o\u015bci, przek\u0142adnia FMP-TBS128 jest wysoce odporna na zu\u017cycie. Ta trwa\u0142o\u015b\u0107 jest kluczowa dla zapewnienia d\u0142ugotrwa\u0142ej pracy w trudnych warunkach rolniczych, w tym w warunkach wysokiej wilgotno\u015bci i zapylenia typowych dla rolnictwa.<\/li>\n<\/ul>\n<p><strong>Kompaktowa konstrukcja<\/strong><\/p>\n<ul>\n<li>Przek\u0142adnia charakteryzuje si\u0119 kompaktow\u0105 i kompaktow\u0105 konstrukcj\u0105, dzi\u0119ki czemu nadaje si\u0119 do stosowania w ciasnych przestrzeniach maszyn rolniczych. Taka konstrukcja zapewnia \u0142atwo\u015b\u0107 monta\u017cu i minimaln\u0105 ingerencj\u0119 w inne podzespo\u0142y zgrabiarki lub ci\u0105gnika.<\/li>\n<\/ul>\n<p><strong>Niezawodne przenoszenie mocy<\/strong><\/p>\n<ul>\n<li>Dzi\u0119ki precyzyjnie zaprojektowanym komponentom wewn\u0119trznym, przek\u0142adnia FMP-TBS128 zapewnia niezawodne przenoszenie mocy z WOM ci\u0105gnika do mechanizmu zgrabiarki. Zmniejsza to ryzyko strat mocy i zwi\u0119ksza wydajno\u015b\u0107 operacyjn\u0105, czyni\u0105c j\u0105 niezwykle niezawodn\u0105 i zapewniaj\u0105c\u0105 powtarzalne rezultaty.<\/li>\n<\/ul>\n<p><strong>Solidny system uszczelniaj\u0105cy<\/strong><\/p>\n<ul>\n<li>Skrzynia bieg\u00f3w FMP-TBS128 jest wyposa\u017cona w solidny system uszczelnie\u0144, kt\u00f3ry zapobiega przedostawaniu si\u0119 kurzu, brudu i wilgoci do wn\u0119trza przek\u0142adni. Ta funkcja pomaga zachowa\u0107 integralno\u015b\u0107 element\u00f3w wewn\u0119trznych, zmniejszaj\u0105c ryzyko uszkodze\u0144 i konieczno\u015b\u0107 cz\u0119stej konserwacji.<\/li>\n<\/ul>\n<p>Te kluczowe cechy sprawiaj\u0105, \u017ce przek\u0142adnia zgrabiarki nap\u0119dzanej r\u00f3wniark\u0105 FMP-TBS128 jest idealnym wyborem do zastosowa\u0144 rolniczych, oferuj\u0105c wysok\u0105 wydajno\u015b\u0107, trwa\u0142o\u015b\u0107 i mo\u017cliwo\u015b\u0107 adaptacji do r\u00f3\u017cnych zastosowa\u0144.<\/p>\n<p><img loading=\"lazy\" decoding=\"async\" class=\"alignnone size-full wp-image-2698\" src=\"https:\/\/fmp-components.com\/wp-content\/uploads\/2025\/01\/uubxblFV-Grader-Driven-Rake-Gearbox-FMP-TBS128-Features1.webp\" alt=\"Przek\u0142adnia zgarniaj\u0105ca nap\u0119dzana r\u00f3wniark\u0105 FMP-TBS128-Cechy(1)\" width=\"952\" height=\"453\" title=\"\" srcset=\"https:\/\/fmp-components.com\/wp-content\/uploads\/2025\/01\/uubxblFV-Grader-Driven-Rake-Gearbox-FMP-TBS128-Features1.webp 952w, https:\/\/fmp-components.com\/wp-content\/uploads\/2025\/01\/uubxblFV-Grader-Driven-Rake-Gearbox-FMP-TBS128-Features1-480x228.webp 480w\" sizes=\"(min-width: 0px) and (max-width: 480px) 480px, (min-width: 481px) 952px, 100vw\" \/><\/p>\n<h2>Zastosowania przek\u0142adni zgarniaj\u0105cej nap\u0119dzanej r\u00f3wniark\u0105 FMP-TBS128<\/h2>\n<p>Przek\u0142adnia zgrabiarki nap\u0119dzanej r\u00f3wniark\u0105 FMP-TBS128 zosta\u0142a zaprojektowana do stosowania w r\u00f3\u017cnych maszynach rolniczych, gdzie niezawodne przenoszenie mocy i wydajna praca s\u0105 kluczowe. Poni\u017cej przedstawiono typowe zastosowania tej przek\u0142adni:<\/p>\n<p><strong>Zgrabiarki do siana i s\u0142omy<\/strong><\/p>\n<ul>\n<li>Zastosowanie: Przek\u0142adnia FMP-TBS128 jest powszechnie stosowana w zgrabiarkach do siana i s\u0142omy w celu wydajnego zbierania i uk\u0142adania siana, s\u0142omy lub trawy w pokosy w celu suszenia lub dalszego przetwarzania.<\/li>\n<li>Zaleta: Zapewnia prac\u0119 zgrabiarki z optymaln\u0105 pr\u0119dko\u015bci\u0105 i momentem obrotowym, skutecznie radz\u0105c sobie z du\u017cymi \u0142adunkami siana i s\u0142omy, przy jednoczesnym zachowaniu sta\u0142ej wydajno\u015bci.<\/li>\n<\/ul>\n<p><strong>Zgrabiarki<\/strong><\/p>\n<ul>\n<li>Zastosowanie: Zgrabiarki s\u0142u\u017c\u0105 do formowania pokos\u00f3w z zebranych plon\u00f3w (takich jak siano lub s\u0142oma). Przek\u0142adnia FMP-TBS128 pomaga przenie\u015b\u0107 moc z WOM ci\u0105gnika na mechanizm zgrabiaj\u0105cy, zapewniaj\u0105c wydajn\u0105 prac\u0119 zgrabiarki.<\/li>\n<li>Zaleta: Przek\u0142adnia zapewnia p\u0142ynne przenoszenie mocy i wysoki moment obrotowy, dzi\u0119ki czemu urz\u0105dzenie idealnie nadaje si\u0119 do formowania r\u00f3wnych pokos\u00f3w, co pozwala na wydajne suszenie.<\/li>\n<\/ul>\n<p><strong>Zgrabiarki obrotowe<\/strong><\/p>\n<ul>\n<li>Zastosowanie: Zgrabiarki obrotowe s\u0105 powszechnie stosowane w produkcji siana do obracania i spulchniania siana, co sprzyja r\u00f3wnomiernemu suszeniu. Przek\u0142adnia FMP-TBS128 nap\u0119dza mechanizm zgrabiania obrotowego, zapewniaj\u0105c optymaln\u0105 pr\u0119dko\u015b\u0107 i moment obrotowy.<\/li>\n<li>Zaleta: Umo\u017cliwia skuteczne i r\u00f3wnomierne rozprowadzanie lub spulchnianie siana, gwarantuj\u0105c jego odpowiednie napowietrzenie i przygotowanie do belowania lub dalszego przetwarzania.<\/li>\n<\/ul>\n<p><strong>Maszyny do przetrz\u0105sania<\/strong><\/p>\n<ul>\n<li>Zastosowanie: Przetrz\u0105sarki s\u0142u\u017c\u0105 do rozrzucania i spulchniania siana i trawy, poprawiaj\u0105c cyrkulacj\u0119 powietrza i przyspieszaj\u0105c suszenie. Przek\u0142adnia nap\u0119dza mechanizm przetrz\u0105sania, zapewniaj\u0105c p\u0142ynn\u0105 prac\u0119 i przenoszenie mocy.<\/li>\n<li>Zaleta: Przek\u0142adnia zapewnia p\u0142ynn\u0105 prac\u0119 przetrz\u0105sacza, zmniejszaj\u0105c ryzyko spl\u0105tania si\u0119 siana i zwi\u0119kszaj\u0105c wydajno\u015b\u0107 suszenia.<\/li>\n<\/ul>\n<p><strong>R\u00f3wniarki rolnicze<\/strong><\/p>\n<ul>\n<li>Zastosowanie: W urz\u0105dzeniach do przygotowywania i wyr\u00f3wnywania gleby przek\u0142adnia FMP-TBS128 jest u\u017cywana do nap\u0119dzania r\u00f3wniarek, kt\u00f3re wyr\u00f3wnuj\u0105 lub wyg\u0142adzaj\u0105 powierzchnie gleby pod sadzenie lub upraw\u0119.<\/li>\n<li>Zaleta: Przek\u0142adnia zapewnia wymagany moment obrotowy i stabilno\u015b\u0107 do precyzyjnego wyr\u00f3wnywania gleby, gwarantuj\u0105c r\u00f3wnomierne przygotowanie pola.<\/li>\n<\/ul>\n<p>Te zastosowania pokazuj\u0105 wszechstronno\u015b\u0107 przek\u0142adni zgrabiarki nap\u0119dzanej FMP-TBS128, dzi\u0119ki czemu nadaje si\u0119 ona do r\u00f3\u017cnych zada\u0144 rolniczych wymagaj\u0105cych niezawodnego przenoszenia mocy, trwa\u0142o\u015bci i wydajno\u015bci prac polowych.<\/p>\n<p><img loading=\"lazy\" decoding=\"async\" class=\"alignnone size-full wp-image-2700\" src=\"https:\/\/fmp-components.com\/wp-content\/uploads\/2025\/01\/Grader-Driven-Rake-Gearbox-EP-TBS128-Applications1.webp\" alt=\"Przek\u0142adnia zgarniaj\u0105ca nap\u0119dzana r\u00f3wniark\u0105 FMP-TBS128-Zastosowania(1)\" width=\"1000\" height=\"700\" title=\"\" srcset=\"https:\/\/fmp-components.com\/wp-content\/uploads\/2025\/01\/Grader-Driven-Rake-Gearbox-EP-TBS128-Applications1.webp 1000w, https:\/\/fmp-components.com\/wp-content\/uploads\/2025\/01\/Grader-Driven-Rake-Gearbox-EP-TBS128-Applications1-980x686.webp 980w, https:\/\/fmp-components.com\/wp-content\/uploads\/2025\/01\/Grader-Driven-Rake-Gearbox-EP-TBS128-Applications1-480x336.webp 480w\" sizes=\"(min-width: 0px) and (max-width: 480px) 480px, (min-width: 481px) and (max-width: 980px) 980px, (min-width: 981px) 1000px, 100vw\" \/><\/p>\n<h2>O FMP<\/h2>\n<p>Firma FMP z siedzib\u0105 we W\u0142oszech jest wiod\u0105cym producentem specjalizuj\u0105cym si\u0119 w projektowaniu, rozwoju i produkcji wysokowydajnych przek\u0142adni, ze szczeg\u00f3lnym uwzgl\u0119dnieniem sektora maszyn rolniczych. Znana z precyzyjnej in\u017cynierii, innowacyjnych rozwi\u0105za\u0144 i wysokiej niezawodno\u015bci, FMP sta\u0142a si\u0119 zaufanym partnerem zar\u00f3wno w sektorze rolniczym, jak i przemys\u0142owym. Nasza kompleksowa oferta produkt\u00f3w obejmuje specjalistyczne przek\u0142adnie do kosiarek, wa\u0142y odbioru mocy (WOM) i inne kluczowe komponenty, starannie wykonane, aby zapewni\u0107 rozwi\u0105zania dostosowane do szerokiego zakresu zastosowa\u0144.<\/p>\n<p>W FMP zdajemy sobie spraw\u0119, \u017ce ka\u017cdy klient stoi przed unikalnymi wyzwaniami i wymaganiami. Dlatego koncentrujemy si\u0119 na dostarczaniu rozwi\u0105za\u0144 szytych na miar\u0119, zar\u00f3wno dla pojedynczych komponent\u00f3w, jak i w pe\u0142ni zintegrowanych system\u00f3w. \u015aci\u015ble wsp\u00f3\u0142pracujemy z naszymi klientami, aby zapewni\u0107, \u017ce ka\u017cde rozwi\u0105zanie jest nie tylko skuteczne, ale i wydajne, optymalizuj\u0105c zar\u00f3wno wydajno\u015b\u0107, jak i warto\u015b\u0107. Nasze zaanga\u017cowanie w udzielanie szybkich i profesjonalnych odpowiedzi, w po\u0142\u0105czeniu z fachowym doradztwem, gwarantuje, \u017ce ka\u017cde zapytanie jest traktowane z najwy\u017csz\u0105 staranno\u015bci\u0105, co przek\u0142ada si\u0119 na najlepsze mo\u017cliwe rezultaty.<\/p>\n<p>Otwarta i ci\u0105g\u0142a komunikacja jest podstaw\u0105 naszego podej\u015bcia. Nasz zaanga\u017cowany zesp\u00f3\u0142 \u015bci\u015ble wsp\u00f3\u0142pracuje z klientami w ca\u0142ym procesie rozwoju produktu, aby dog\u0142\u0119bnie zrozumie\u0107 ich specyficzne potrzeby. Oferujemy cenne spostrze\u017cenia i rekomendacje, aby zapewni\u0107 optymalne rozwi\u0105zania. Niezale\u017cnie od tego, czy projektujemy nowe produkty, czy realizujemy bie\u017c\u0105ce zam\u00f3wienia, FMP dok\u0142ada wszelkich stara\u0144, aby dostarcza\u0107 wysokiej jako\u015bci, precyzyjnie zaprojektowane rozwi\u0105zania na czas i za ka\u017cdym razem. Nasz\u0105 misj\u0105 jest przekraczanie oczekiwa\u0144 klient\u00f3w, zapewniaj\u0105c doskona\u0142\u0105 obs\u0142ug\u0119 i rezultaty w ka\u017cdym projekcie.<\/p>\n<p>Jako\u015b\u0107 jest sercem wszystkiego, co robimy. Przestrzegamy najwy\u017cszych standard\u00f3w produkcyjnych, wdra\u017caj\u0105c rygorystyczne procedury kontroli jako\u015bci, aby zapewni\u0107, \u017ce ka\u017cdy produkt spe\u0142nia, a nawet przewy\u017csza standardy bran\u017cowe. To zaanga\u017cowanie w d\u0105\u017cenie do doskona\u0142o\u015bci, w po\u0142\u0105czeniu z naszymi podstawowymi warto\u015bciami, takimi jak uczciwo\u015b\u0107, praca zespo\u0142owa i wytrwa\u0142o\u015b\u0107, pomog\u0142o FMP zbudowa\u0107 d\u0142ugotrwa\u0142e, oparte na zaufaniu relacje z klientami w prawie 30 krajach na ca\u0142ym \u015bwiecie.<\/p>\n<p>FMP zawsze ch\u0119tnie nawi\u0105zuje globalne partnerstwa i niezmiennie oferuje fachowe doradztwo oraz rozwi\u0105zania dostosowane do indywidualnych potrzeb naszych klient\u00f3w. Nie ograniczamy si\u0119 do dostarczania produkt\u00f3w \u2013 d\u0105\u017cymy do budowania trwa\u0142ych relacji, kt\u00f3re przyczyniaj\u0105 si\u0119 do d\u0142ugoterminowego sukcesu ka\u017cdego projektu. Niezale\u017cnie od tego, czy potrzebujesz innowacyjnych rozwi\u0105za\u0144 dla nowej inicjatywy, czy sta\u0142ego wsparcia dla istniej\u0105cego systemu, FMP jest gotowe sprosta\u0107 Twoim wyzwaniom technicznym i zapewni\u0107 Ci ci\u0105g\u0142y sukces.<\/p>\n<p><img loading=\"lazy\" decoding=\"async\" class=\"alignnone wp-image-2695\" src=\"https:\/\/fmp-components.com\/wp-content\/uploads\/2025\/01\/agricultural-gearbox3.webp\" alt=\"skrzynia bieg\u00f3w rolnicza\" width=\"953\" height=\"951\" title=\"\" srcset=\"https:\/\/fmp-components.com\/wp-content\/uploads\/2025\/01\/agricultural-gearbox3.webp 953w, https:\/\/fmp-components.com\/wp-content\/uploads\/2025\/01\/agricultural-gearbox3-480x479.webp 480w\" sizes=\"(min-width: 0px) and (max-width: 480px) 480px, (min-width: 481px) 953px, 100vw\" \/><\/p>\n<p>Autor: CX<\/p>","protected":false},"excerpt":{"rendered":"<p>Grader Driven Rake Gearbox FMP-TBS128 Dimensions Grader Driven Rake Gearbox FMP-TBS128 Technical Data i Suitable Rpm input Rpm output KW(Nom) KW(Max) Toothing r\/min r\/min hp hp gear 1 3.69:1 Crawler Rotary Cultivator, etc 2400 650 80 100 Gleason Helical Teeth gear 2 2.81: 1 2400 850 Remark: If you have any special require feel free [&hellip;]<\/p>","protected":false},"featured_media":2699,"comment_status":"open","ping_status":"closed","template":"","meta":{"_et_pb_use_builder":"","_et_pb_old_content":"","_et_gb_content_width":""},"product_brand":[],"product_cat":[66],"product_tag":[],"class_list":{"0":"post-2696","1":"product","2":"type-product","3":"status-publish","4":"has-post-thumbnail","6":"product_cat-grader-driven-rake-gearbox","8":"first","9":"instock","10":"shipping-taxable","11":"product-type-simple"},"_links":{"self":[{"href":"https:\/\/fmp-components.com\/pl\/wp-json\/wp\/v2\/product\/2696","targetHints":{"allow":["GET"]}}],"collection":[{"href":"https:\/\/fmp-components.com\/pl\/wp-json\/wp\/v2\/product"}],"about":[{"href":"https:\/\/fmp-components.com\/pl\/wp-json\/wp\/v2\/types\/product"}],"replies":[{"embeddable":true,"href":"https:\/\/fmp-components.com\/pl\/wp-json\/wp\/v2\/comments?post=2696"}],"wp:featuredmedia":[{"embeddable":true,"href":"https:\/\/fmp-components.com\/pl\/wp-json\/wp\/v2\/media\/2699"}],"wp:attachment":[{"href":"https:\/\/fmp-components.com\/pl\/wp-json\/wp\/v2\/media?parent=2696"}],"wp:term":[{"taxonomy":"product_brand","embeddable":true,"href":"https:\/\/fmp-components.com\/pl\/wp-json\/wp\/v2\/product_brand?post=2696"},{"taxonomy":"product_cat","embeddable":true,"href":"https:\/\/fmp-components.com\/pl\/wp-json\/wp\/v2\/product_cat?post=2696"},{"taxonomy":"product_tag","embeddable":true,"href":"https:\/\/fmp-components.com\/pl\/wp-json\/wp\/v2\/product_tag?post=2696"}],"curies":[{"name":"wp","href":"https:\/\/api.w.org\/{rel}","templated":true}]}}