{"id":2667,"date":"2025-01-03T05:45:44","date_gmt":"2025-01-03T05:45:44","guid":{"rendered":"https:\/\/fmp-components.com\/product\/professional-telescopic-hydraulic-cylinder-for-dump-truck\/"},"modified":"2025-01-04T00:42:55","modified_gmt":"2025-01-04T00:42:55","slug":"professional-telescopic-hydraulic-cylinder-for-dump-truck","status":"publish","type":"product","link":"https:\/\/fmp-components.com\/pl\/product\/professional-telescopic-hydraulic-cylinder-for-dump-truck\/","title":{"rendered":"Profesjonalny teleskopowy si\u0142ownik hydrauliczny do wywrotki"},"content":{"rendered":"<h2>Profesjonalny teleskopowy si\u0142ownik hydrauliczny do wywrotki<\/h2>\n<p>Profesjonalny teleskopowy si\u0142ownik hydrauliczny do wywrotek to wysokiej jako\u015bci i wydajny uk\u0142ad hydrauliczny zaprojektowany specjalnie do wywrotek. Si\u0142ownik ten odgrywa kluczow\u0105 rol\u0119 w p\u0142ynnym i precyzyjnym podnoszeniu i opuszczaniu skrzyni \u0142adunkowej, umo\u017cliwiaj\u0105c \u0142atwy za\u0142adunek i roz\u0142adunek materia\u0142\u00f3w.<\/p>\n<p>G\u0142\u00f3wne cechy:<br \/>\n1. Wyj\u0105tkowa trwa\u0142o\u015b\u0107: Wykonany z wytrzyma\u0142ych materia\u0142\u00f3w i wyposa\u017cony w zaawansowan\u0105 technologi\u0119, ten si\u0142ownik hydrauliczny zosta\u0142 zaprojektowany tak, aby wytrzymywa\u0107 du\u017ce obci\u0105\u017cenia i trudne warunki pracy. Jest wysoce odporny na zu\u017cycie, co zapewnia d\u0142ugotrwa\u0142\u0105 wydajno\u015b\u0107.<\/p>\n<p>2. Konstrukcja teleskopowa: Cylinder ma konstrukcj\u0119 teleskopow\u0105 z wieloma stopniami, kt\u00f3re mo\u017cna wysuwa\u0107 i chowa\u0107 w razie potrzeby. Pozwala to na elastyczne i regulowane ustawienie wysoko\u015bci, dostosowuj\u0105c si\u0119 do r\u00f3\u017cnych wymaga\u0144 dotycz\u0105cych opr\u00f3\u017cniania.<\/p>\n<p>3. Precyzyjna kontrola: Wyposa\u017cony w niezawodny uk\u0142ad hydrauliczny, si\u0142ownik ten zapewnia precyzyjn\u0105 kontrol\u0119 nad podnoszeniem i opuszczaniem. Operatorzy mog\u0105 \u0142atwo regulowa\u0107 pr\u0119dko\u015b\u0107 i si\u0142\u0119, zapewniaj\u0105c bezpieczne i wydajne zrzucanie materia\u0142\u00f3w.<\/p>\n<p>4. \u0141atwa konserwacja: Profesjonalny teleskopowy si\u0142ownik hydrauliczny zosta\u0142 zaprojektowany z my\u015bl\u0105 o \u0142atwej konserwacji. Jest wyposa\u017cony w \u0142atwo dost\u0119pne podzespo\u0142y, co umo\u017cliwia wygodn\u0105 kontrol\u0119, smarowanie i naprawy, minimalizuj\u0105c przestoje i maksymalizuj\u0105c wydajno\u015b\u0107.<\/p>\n<p>5. Szeroki zakres zastosowa\u0144: Ten si\u0142ownik hydrauliczny nadaje si\u0119 do szerokiej gamy wywrotek wykorzystywanych w takich bran\u017cach jak budownictwo, g\u00f3rnictwo i rolnictwo. Zosta\u0142 zaprojektowany do obs\u0142ugi du\u017cych obci\u0105\u017ce\u0144 i zapewnia niezawodn\u0105 prac\u0119 w wymagaj\u0105cych warunkach.<\/p>\n<h2>G\u0142\u00f3wne cechy i specyfikacje<\/h2>\n<p>Si\u0142ownik hydrauliczny to standardowy produkt o konstrukcji cyfrowej. Jego g\u0142\u00f3wnymi elementami s\u0105 \u0142o\u017cyska, obj\u0119te roczn\u0105 gwarancj\u0105. Korpus wykonany jest ze stali, co zapewnia trwa\u0142o\u015b\u0107 i d\u0142ugowieczno\u015b\u0107. Maksymalna si\u0142a ci\u0105gu wynosi 3000 mm, a maksymalna si\u0142a uci\u0105gu 200 mm. Czarny kolor si\u0142ownika hydraulicznego podkre\u015bla jego profesjonalny i elegancki wygl\u0105d.<\/p>\n<p><img loading=\"lazy\" decoding=\"async\" class=\"size-full wp-image-2679 aligncenter\" src=\"https:\/\/fmp-components.com\/wp-content\/uploads\/2025\/01\/dump-truck-trailer-hydraulic-cylinder-2-2.webp\" alt=\"wywrotka-przyczepa-si\u0142ownik-hydrauliczny-2\" width=\"600\" height=\"600\" title=\"\" srcset=\"https:\/\/fmp-components.com\/wp-content\/uploads\/2025\/01\/dump-truck-trailer-hydraulic-cylinder-2-2.webp 600w, https:\/\/fmp-components.com\/wp-content\/uploads\/2025\/01\/dump-truck-trailer-hydraulic-cylinder-2-2-480x480.webp 480w\" sizes=\"(min-width: 0px) and (max-width: 480px) 480px, (min-width: 481px) 600px, 100vw\" \/><\/p>\n<table style=\"width: 93.9385%; height: 229px;\" border=\"1\">\n<tbody>\n<tr>\n<td colspan=\"1\" rowspan=\"1\"><b>Rozmiar otworu<\/b><\/td>\n<td colspan=\"1\" rowspan=\"1\">2-6 cali<\/td>\n<\/tr>\n<tr>\n<td colspan=\"1\" rowspan=\"1\"><b>Rozmiar pr\u0119ta<\/b><\/td>\n<td colspan=\"1\" rowspan=\"1\">1,125-4 cale<\/td>\n<\/tr>\n<tr>\n<td colspan=\"1\" rowspan=\"1\"><b>Rozmiar poci\u0105gni\u0119cia<\/b><\/td>\n<td colspan=\"1\" rowspan=\"1\">6-48 cali<\/td>\n<\/tr>\n<tr>\n<td colspan=\"1\" rowspan=\"1\"><b>Rozmiar szpilki<\/b><\/td>\n<td colspan=\"1\" rowspan=\"1\">0,5-2 cale<\/td>\n<\/tr>\n<tr>\n<td colspan=\"1\" rowspan=\"1\"><b>Porty<\/b><\/td>\n<td colspan=\"1\" rowspan=\"1\">G\/SAE\/NPT\/M<\/td>\n<\/tr>\n<\/tbody>\n<\/table>\n<h2>Zalety si\u0142ownik\u00f3w hydraulicznych do wywrotek i przyczep<\/h2>\n<ul>\n<li><strong>Zwi\u0119kszona wydajno\u015b\u0107:<\/strong> Wywrotki i przyczepy wyposa\u017cone w si\u0142owniki hydrauliczne mog\u0105 pracowa\u0107 wydajniej ni\u017c te bez nich. Uk\u0142ad hydrauliczny zapewnia p\u0142ynny i niezawodny transfer mocy, co pozwala na szybszy i bardziej precyzyjny roz\u0142adunek materia\u0142\u00f3w. Oszcz\u0119dza to czas i koszty pracy, jednocze\u015bnie zwi\u0119kszaj\u0105c og\u00f3ln\u0105 wydajno\u015b\u0107. Co wi\u0119cej, uk\u0142ady hydrauliczne charakteryzuj\u0105 si\u0119 wysok\u0105 wydajno\u015bci\u0105 energetyczn\u0105. Wymagaj\u0105 mniej energii do dzia\u0142ania w por\u00f3wnaniu z uk\u0142adami mechanicznymi, co oznacza ni\u017csze koszty paliwa i mniejszy wp\u0142yw na \u015brodowisko. Co wi\u0119cej, si\u0142owniki hydrauliczne zosta\u0142y zaprojektowane z my\u015bl\u0105 o d\u0142ugotrwa\u0142ej pracy, co ogranicza konieczno\u015b\u0107 cz\u0119stej konserwacji i napraw.<\/li>\n<li><strong>Poprawa bezpiecze\u0144stwa:<\/strong> Wywrotki i przyczepy mog\u0105 by\u0107 niebezpieczne, je\u015bli nie s\u0105 prawid\u0142owo obs\u0142ugiwane. Jednak si\u0142owniki hydrauliczne mog\u0105 poprawi\u0107 bezpiecze\u0144stwo, zmniejszaj\u0105c ryzyko przewr\u00f3cenia si\u0119 lub rozlania podczas wy\u0142adunku. Uk\u0142ad hydrauliczny zapewnia stabilne i p\u0142ynne przenoszenie mocy, zapobiegaj\u0105c nag\u0142ym ruchom lub szarpni\u0119ciom, kt\u00f3re mog\u0142yby zdestabilizowa\u0107 pojazd. Ponadto uk\u0142ady hydrauliczne mog\u0105 by\u0107 wyposa\u017cone w funkcje bezpiecze\u0144stwa, takie jak zawory bezpiecze\u0144stwa i zabezpieczenia przed przeci\u0105\u017ceniem, kt\u00f3re zapobiegaj\u0105 przekroczeniu maksymalnej wydajno\u015bci uk\u0142adu. Zwi\u0119kszaj\u0105c bezpiecze\u0144stwo, si\u0142owniki hydrauliczne mog\u0105 pom\u00f3c zmniejszy\u0107 ryzyko wypadk\u00f3w i obra\u017ce\u0144, chroni\u0105c zar\u00f3wno pracownik\u00f3w, jak i sprz\u0119t.<\/li>\n<li><strong>Wi\u0119ksza wszechstronno\u015b\u0107:<\/strong> Wywrotki i przyczepy wyposa\u017cone w si\u0142owniki hydrauliczne mog\u0105 by\u0107 wykorzystywane w wielu zastosowaniach. Uk\u0142ady hydrauliczne s\u0105 niezwykle elastyczne i mo\u017cna je dostosowa\u0107 do specyficznych potrzeb r\u00f3\u017cnych bran\u017c i zastosowa\u0144. Na przyk\u0142ad si\u0142owniki hydrauliczne mog\u0105 by\u0107 zaprojektowane do pracy przy r\u00f3\u017cnych ci\u015bnieniach i pr\u0119dko\u015bciach, co pozwala na precyzyjn\u0105 kontrol\u0119 procesu wysypywania. Mog\u0105 by\u0107 r\u00f3wnie\u017c wykorzystywane do podnoszenia ci\u0119\u017ckich \u0142adunk\u00f3w lub odsuwania materia\u0142\u00f3w, co czyni je przydatnymi w budownictwie, g\u00f3rnictwie i rolnictwie.<\/li>\n<li><strong>Wi\u0119kszy komfort:<\/strong> Operatorzy wywrotek i przyczep mog\u0105 skorzysta\u0107 z wi\u0119kszego komfortu zapewnianego przez uk\u0142ady hydrauliczne. P\u0142ynna praca si\u0142ownik\u00f3w hydraulicznych redukuje wibracje i wstrz\u0105sy, zmniejszaj\u0105c zm\u0119czenie operatora i poprawiaj\u0105c og\u00f3lny komfort. Ponadto uk\u0142ady hydrauliczne mog\u0105 by\u0107 zaprojektowane tak, aby pracowa\u0142y cicho, redukuj\u0105c ha\u0142as i tworz\u0105c bardziej komfortowe \u015brodowisko pracy. Mo\u017ce to by\u0107 szczeg\u00f3lnie istotne w przypadku zastosowa\u0144, w kt\u00f3rych pracownicy przebywaj\u0105 w bliskim s\u0105siedztwie sprz\u0119tu przez d\u0142u\u017cszy czas.<\/li>\n<li><strong>Wi\u0119ksza kontrola:<\/strong> Si\u0142owniki hydrauliczne zapewniaj\u0105 precyzyjn\u0105 kontrol\u0119 nad procesem wysypywania, umo\u017cliwiaj\u0105c operatorom regulacj\u0119 pr\u0119dko\u015bci i k\u0105ta wysypu. Ten poziom kontroli mo\u017ce by\u0107 szczeg\u00f3lnie przydatny w zastosowaniach, w kt\u00f3rych zrzucane materia\u0142y s\u0105 delikatne lub wymagaj\u0105 precyzyjnego pozycjonowania. Ponadto si\u0142owniki hydrauliczne mo\u017cna obs\u0142ugiwa\u0107 zdalnie, co zapewnia jeszcze wi\u0119ksz\u0105 kontrol\u0119 i elastyczno\u015b\u0107. Mo\u017ce to by\u0107 przydatne w zastosowaniach, w kt\u00f3rych operator musi znajdowa\u0107 si\u0119 w innym miejscu ni\u017c sprz\u0119t lub w kt\u00f3rych widoczno\u015b\u0107 jest ograniczona.<\/li>\n<\/ul>\n<p><img loading=\"lazy\" decoding=\"async\" class=\"alignnone size-full wp-image-2676\" src=\"https:\/\/fmp-components.com\/wp-content\/uploads\/2025\/01\/hydraulic-cylinder-workshop.webp\" alt=\"warsztat cylindr\u00f3w hydraulicznych\" width=\"914\" height=\"733\" title=\"\" srcset=\"https:\/\/fmp-components.com\/wp-content\/uploads\/2025\/01\/hydraulic-cylinder-workshop.webp 914w, https:\/\/fmp-components.com\/wp-content\/uploads\/2025\/01\/hydraulic-cylinder-workshop-480x385.webp 480w\" sizes=\"(min-width: 0px) and (max-width: 480px) 480px, (min-width: 481px) 914px, 100vw\" \/><\/p>\n<h2>O FMP<\/h2>\n<p>FMP to wiod\u0105ca firma z siedzib\u0105 we W\u0142oszech, specjalizuj\u0105ca si\u0119 w sprzeda\u017cy i serwisie akcesori\u00f3w oraz kompletnych maszyn budowlanych. Nasza firma posiada bogate do\u015bwiadczenie w bran\u017cy i profesjonalny zesp\u00f3\u0142, kt\u00f3ry dok\u0142ada wszelkich stara\u0144, aby dostarcza\u0107 klientom wysokiej jako\u015bci i niezawodne rozwi\u0105zania w zakresie maszyn budowlanych.<\/p>\n<p>Oto pi\u0119\u0107 powod\u00f3w, dla kt\u00f3rych warto wybra\u0107 FMP:<\/p>\n<p>1. Wysokiej jako\u015bci precyzyjne cylindry hydrauliczne<br \/>\nW FMP dbamy o jako\u015b\u0107 na ka\u017cdym etapie dzia\u0142alno\u015bci. Nasze cylindry hydrauliczne s\u0105 precyzyjnie zaprojektowane, aby spe\u0142nia\u0107 najwy\u017csze standardy bran\u017cowe. U\u017cywamy wy\u0142\u0105cznie wysokiej jako\u015bci surowc\u00f3w i przeprowadzamy rygorystyczne kontrole jako\u015bci gotowych produkt\u00f3w, aby zapewni\u0107 naszym klientom najwy\u017csz\u0105 jako\u015b\u0107.<\/p>\n<p>2. Szeroka gama produkt\u00f3w<br \/>\nOferujemy szerok\u0105 gam\u0119 akcesori\u00f3w i kompletnych maszyn budowlanych, w tym si\u0142owniki hydrauliczne, przek\u0142adnie, \u0142a\u0144cuchy i ko\u0142a z\u0119bate. Nasza oferta obejmuje wszystkie rodzaje maszyn budowlanych i akcesori\u00f3w, w tym akcesoria do silnik\u00f3w, elementy uk\u0142adu hydraulicznego, akcesoria do podwozia oraz akcesoria do uk\u0142adu elektrycznego.<\/p>\n<p>3. D\u0142ugoterminowe i stabilne relacje kooperacyjne z dostawcami<br \/>\nFMP nawi\u0105za\u0142o d\u0142ugotrwa\u0142\u0105 i stabiln\u0105 wsp\u00f3\u0142prac\u0119 z wieloma wysokiej jako\u015bci krajowymi i zagranicznymi dostawcami. Dzi\u0119ki temu wszystkie dostarczane akcesoria spe\u0142niaj\u0105 surowe standardy jako\u015bci, a nasi klienci otrzymuj\u0105 produkty najwy\u017cszej jako\u015bci.<\/p>\n<p>4. Do\u015bwiadczony i wykwalifikowany zesp\u00f3\u0142 sprzeda\u017cy<br \/>\nNasz zesp\u00f3\u0142 sprzeda\u017cy to do\u015bwiadczeni i wykwalifikowani specjali\u015bci w bran\u017cy maszyn budowlanych. Znaj\u0105 najnowsze trendy rozwojowe i potrzeby klient\u00f3w, oferuj\u0105c profesjonalne doradztwo produktowe i przemy\u015blane porady zakupowe, aby zapewni\u0107 naszym klientom produkty idealnie dopasowane do ich potrzeb.<\/p>\n<p>5. Wydajny system dystrybucji logistycznej<br \/>\nDysponujemy wydajnym systemem dystrybucji logistycznej, kt\u00f3ry gwarantuje naszym klientom terminowe i dok\u0142adne dostarczenie potrzebnych cz\u0119\u015bci. Nasz zesp\u00f3\u0142 logistyczny dok\u0142ada wszelkich stara\u0144, aby zapewni\u0107 jak najlepsz\u0105 obs\u0142ug\u0119 i satysfakcj\u0119 naszych klient\u00f3w.<\/p>\n<p>Je\u015bli szukasz wysokiej jako\u015bci akcesori\u00f3w i kompletnych maszyn budowlanych, FMP to najlepszy wyb\u00f3r. Skontaktuj si\u0119 z nami ju\u017c dzi\u015b, aby dowiedzie\u0107 si\u0119 wi\u0119cej o naszych produktach i o tym, jak mo\u017cemy pom\u00f3c Ci zaspokoi\u0107 Twoje potrzeby w zakresie maszyn budowlanych.<\/p>\n<p><img loading=\"lazy\" decoding=\"async\" class=\"alignnone wp-image-2672\" src=\"https:\/\/fmp-components.com\/wp-content\/uploads\/2025\/01\/Dump-Truck-Trailer-Hydraulic-Cylinder-product-3-2.webp\" alt=\"Si\u0142ownik hydrauliczny do wywrotek i przyczep - produkt-3\" width=\"921\" height=\"675\" title=\"\" srcset=\"https:\/\/fmp-components.com\/wp-content\/uploads\/2025\/01\/Dump-Truck-Trailer-Hydraulic-Cylinder-product-3-2.webp 921w, https:\/\/fmp-components.com\/wp-content\/uploads\/2025\/01\/Dump-Truck-Trailer-Hydraulic-Cylinder-product-3-2-480x352.webp 480w\" sizes=\"(min-width: 0px) and (max-width: 480px) 480px, (min-width: 481px) 921px, 100vw\" \/><br \/>\nAutor: CX<\/p>","protected":false},"excerpt":{"rendered":"<p>Professional Telescopic Hydraulic Cylinder for Dump Truck The Professional Telescopic Hydraulic Cylinder for Dump Truck is a high-quality and efficient hydraulic system designed specifically for dump trucks. This cylinder plays a crucial role in enabling the smooth and precise lifting and lowering of the truck&#8217;s bed, allowing for easy loading and unloading of materials. Key [&hellip;]<\/p>","protected":false},"featured_media":2668,"comment_status":"closed","ping_status":"closed","template":"","meta":{"_et_pb_use_builder":"","_et_pb_old_content":"","_et_gb_content_width":""},"product_brand":[],"product_cat":[63],"product_tag":[65,34],"class_list":{"0":"post-2667","1":"product","2":"type-product","3":"status-publish","4":"has-post-thumbnail","6":"product_cat-dump-truck-trailer-hydraulic-cylinder","7":"product_tag-dump-truck-trailer-hydraulic-cylinder","8":"product_tag-hydraulic-cylinder","10":"first","11":"instock","12":"product-type-simple"},"_links":{"self":[{"href":"https:\/\/fmp-components.com\/pl\/wp-json\/wp\/v2\/product\/2667","targetHints":{"allow":["GET"]}}],"collection":[{"href":"https:\/\/fmp-components.com\/pl\/wp-json\/wp\/v2\/product"}],"about":[{"href":"https:\/\/fmp-components.com\/pl\/wp-json\/wp\/v2\/types\/product"}],"replies":[{"embeddable":true,"href":"https:\/\/fmp-components.com\/pl\/wp-json\/wp\/v2\/comments?post=2667"}],"wp:featuredmedia":[{"embeddable":true,"href":"https:\/\/fmp-components.com\/pl\/wp-json\/wp\/v2\/media\/2668"}],"wp:attachment":[{"href":"https:\/\/fmp-components.com\/pl\/wp-json\/wp\/v2\/media?parent=2667"}],"wp:term":[{"taxonomy":"product_brand","embeddable":true,"href":"https:\/\/fmp-components.com\/pl\/wp-json\/wp\/v2\/product_brand?post=2667"},{"taxonomy":"product_cat","embeddable":true,"href":"https:\/\/fmp-components.com\/pl\/wp-json\/wp\/v2\/product_cat?post=2667"},{"taxonomy":"product_tag","embeddable":true,"href":"https:\/\/fmp-components.com\/pl\/wp-json\/wp\/v2\/product_tag?post=2667"}],"curies":[{"name":"wp","href":"https:\/\/api.w.org\/{rel}","templated":true}]}}