{"id":2657,"date":"2025-01-03T05:45:44","date_gmt":"2025-01-03T05:45:44","guid":{"rendered":"https:\/\/fmp-components.com\/product\/high-quality-china-manufacture-trailer-hydraulic-cylinder\/"},"modified":"2025-03-18T01:46:50","modified_gmt":"2025-03-18T01:46:50","slug":"high-quality-italy-manufacture-trailer-hydraulic-cylinder","status":"publish","type":"product","link":"https:\/\/fmp-components.com\/pl\/product\/high-quality-italy-manufacture-trailer-hydraulic-cylinder\/","title":{"rendered":"Wysokiej jako\u015bci w\u0142oski cylinder hydrauliczny do przyczep"},"content":{"rendered":"<h2>Wprowadzenie do produktu: Wysokiej jako\u015bci w\u0142oski cylinder hydrauliczny do przyczep<\/h2>\n<p>Je\u015bli szukasz niezawodnego si\u0142ownika hydraulicznego do swojej przyczepy, warto rozwa\u017cy\u0107 wysokiej jako\u015bci si\u0142ownik hydrauliczny do przyczep produkcji w\u0142oskiej. Ten si\u0142ownik hydrauliczny zosta\u0142 zaprojektowany i wyprodukowany we W\u0142oszech, kraju znanym z produkcji wysokiej jako\u015bci si\u0142ownik\u00f3w hydraulicznych.<\/p>\n<h2>Cechy<\/h2>\n<ul>\n<li>Materia\u0142y wysokiej jako\u015bci: Cylinder wykonany jest z trwa\u0142ych i odpornych na korozj\u0119 materia\u0142\u00f3w, co zapewnia d\u0142ugowieczno\u015b\u0107 i niezawodno\u015b\u0107.<\/li>\n<li>Mo\u017cliwo\u015b\u0107 dostosowania: Cylinder mo\u017cna dostosowa\u0107 do konkretnych potrzeb, w tym rozmiaru, skoku i opcji monta\u017cu.<\/li>\n<li>P\u0142ynna praca: Si\u0142ownik zapewnia p\u0142ynn\u0105 i precyzyjn\u0105 prac\u0119, dzi\u0119ki czemu idealnie nadaje si\u0119 do przyczep wymagaj\u0105cych precyzyjnego ruchu.<\/li>\n<li>\u0141atwy monta\u017c: Cylinder jest \u0142atwy w monta\u017cu i dostarczany jest ze wszystkimi niezb\u0119dnymi elementami.<\/li>\n<\/ul>\n<h2>Zalety<\/h2>\n<p>Wybieraj\u0105c wysokiej jako\u015bci w\u0142oski cylinder hydrauliczny do przyczepy, zyskujesz szereg korzy\u015bci:<\/p>\n<ul>\n<li>Niezawodno\u015b\u0107: Cylinder zosta\u0142 zaprojektowany i wyprodukowany tak, aby zapewni\u0107 niezawodn\u0105 prac\u0119 przez wiele lat.<\/li>\n<li>Ekonomiczny: Pomimo wysokiej jako\u015bci wykonania, ten cylinder ma konkurencyjn\u0105 cen\u0119, co czyni go przyst\u0119pn\u0105 cenowo opcj\u0105 dla wielu w\u0142a\u015bcicieli przyczep.<\/li>\n<li>Mo\u017cliwo\u015b\u0107 dostosowania: Mo\u017cesz dostosowa\u0107 cylinder do swoich konkretnych potrzeb, co oznacza, \u017ce \u200b\u200botrzymasz dok\u0142adnie to, czego potrzebujesz do swojej przyczepy.<\/li>\n<li>\u0141atwa konserwacja: Cylinder jest \u0142atwy w konserwacji i naprawie, co oznacza, \u017ce \u200b\u200bmo\u017cna utrzyma\u0107 go w dobrym stanie technicznym przy minimalnym wysi\u0142ku.<\/li>\n<\/ul>\n<p>Og\u00f3lnie rzecz bior\u0105c, wysokiej jako\u015bci si\u0142ownik hydrauliczny do przyczep produkowany we W\u0142oszech jest doskona\u0142ym wyborem dla ka\u017cdego, kto potrzebuje niezawodnego, ekonomicznego i konfigurowalnego si\u0142ownika hydraulicznego do swojej przyczepy.<\/p>\n<h2>G\u0142\u00f3wne cechy i funkcje<\/h2>\n<p>Nasze cylindry hydrauliczne zosta\u0142y zaprojektowane z my\u015bl\u0105 o wydajno\u015bci, zapewniaj\u0105c wysok\u0105 moc w kompaktowej obudowie. Zaprojektowano je tak, aby wytrzymywa\u0142y trudne warunki i zapewnia\u0142y niezawodn\u0105 prac\u0119.<\/p>\n<h3>Specyfikacje<\/h3>\n<p>Te si\u0142owniki hydrauliczne obj\u0119te s\u0105 roczn\u0105 gwarancj\u0105 i posiadaj\u0105 certyfikat ISO9001:2000. Posiadaj\u0105 one konstrukcj\u0119 t\u0142okowo-cylindrow\u0105, nap\u0119dzan\u0105 hydraulicznie, z korpusem wykonanym ze stali. Maksymalna si\u0142a ci\u0105gu wynosi 3000 i s\u0105 klasyfikowane jako ma\u0142e si\u0142owniki hydrauliczne. \u015arednica cylindra jest dostosowywana do indywidualnych potrzeb, a maksymalna si\u0142a ci\u0105gu wynosi 600. Si\u0142owniki te wykorzystuj\u0105 olej jako ciecz i maj\u0105 \u015brednic\u0119 od 20 do 250 mm.<\/p>\n<table style=\"width: 99.5913%; height: 134px;\" border=\"1\">\n<tbody>\n<tr>\n<td style=\"width: 43.1694%;\">\u015arednica otworu<\/td>\n<td style=\"width: 69.7632%;\">1,5-4 cale<\/td>\n<\/tr>\n<tr>\n<td style=\"width: 43.1694%;\">Rozmiar pr\u0119ta<\/td>\n<td style=\"width: 69.7632%;\">1-2 cale<\/td>\n<\/tr>\n<tr>\n<td style=\"width: 43.1694%;\">Rozmiar poci\u0105gni\u0119cia<\/td>\n<td style=\"width: 69.7632%;\">4-36 cali<\/td>\n<\/tr>\n<tr>\n<td style=\"width: 43.1694%;\">Rozmiar szpilki<\/td>\n<td style=\"width: 69.7632%;\">0,75-1 cala<\/td>\n<\/tr>\n<tr>\n<td style=\"width: 43.1694%;\">Porty<\/td>\n<td style=\"width: 69.7632%;\">G\/SAE\/NPT\/M<\/td>\n<\/tr>\n<\/tbody>\n<\/table>\n<h2>Zalety si\u0142ownik\u00f3w hydraulicznych do wywrotek i przyczep<\/h2>\n<ul>\n<li><strong>Zwi\u0119kszona wydajno\u015b\u0107:<\/strong> Wywrotki i przyczepy wyposa\u017cone w si\u0142owniki hydrauliczne mog\u0105 pracowa\u0107 wydajniej ni\u017c te bez nich. Uk\u0142ad hydrauliczny zapewnia p\u0142ynny i niezawodny transfer mocy, co pozwala na szybszy i bardziej precyzyjny roz\u0142adunek materia\u0142\u00f3w. Oszcz\u0119dza to czas i koszty pracy, jednocze\u015bnie zwi\u0119kszaj\u0105c og\u00f3ln\u0105 wydajno\u015b\u0107. Co wi\u0119cej, uk\u0142ady hydrauliczne charakteryzuj\u0105 si\u0119 wysok\u0105 wydajno\u015bci\u0105 energetyczn\u0105. Wymagaj\u0105 mniej energii do dzia\u0142ania w por\u00f3wnaniu z uk\u0142adami mechanicznymi, co oznacza ni\u017csze koszty paliwa i mniejszy wp\u0142yw na \u015brodowisko. Co wi\u0119cej, si\u0142owniki hydrauliczne zosta\u0142y zaprojektowane z my\u015bl\u0105 o d\u0142ugotrwa\u0142ej pracy, co ogranicza konieczno\u015b\u0107 cz\u0119stej konserwacji i napraw.<\/li>\n<li><strong>Poprawa bezpiecze\u0144stwa:<\/strong> Wywrotki i przyczepy mog\u0105 by\u0107 niebezpieczne, je\u015bli nie s\u0105 prawid\u0142owo obs\u0142ugiwane. Jednak si\u0142owniki hydrauliczne mog\u0105 poprawi\u0107 bezpiecze\u0144stwo, zmniejszaj\u0105c ryzyko przewr\u00f3cenia si\u0119 lub rozlania podczas wy\u0142adunku. Uk\u0142ad hydrauliczny zapewnia stabilne i p\u0142ynne przenoszenie mocy, zapobiegaj\u0105c nag\u0142ym ruchom lub szarpni\u0119ciom, kt\u00f3re mog\u0142yby zdestabilizowa\u0107 pojazd. Ponadto uk\u0142ady hydrauliczne mog\u0105 by\u0107 wyposa\u017cone w funkcje bezpiecze\u0144stwa, takie jak zawory bezpiecze\u0144stwa i zabezpieczenia przed przeci\u0105\u017ceniem, kt\u00f3re zapobiegaj\u0105 przekroczeniu maksymalnej wydajno\u015bci uk\u0142adu. Zwi\u0119kszaj\u0105c bezpiecze\u0144stwo, si\u0142owniki hydrauliczne mog\u0105 pom\u00f3c zmniejszy\u0107 ryzyko wypadk\u00f3w i obra\u017ce\u0144, chroni\u0105c zar\u00f3wno pracownik\u00f3w, jak i sprz\u0119t.<\/li>\n<li><strong>Wi\u0119ksza wszechstronno\u015b\u0107:<\/strong> Wywrotki i przyczepy wyposa\u017cone w si\u0142owniki hydrauliczne mog\u0105 by\u0107 wykorzystywane w wielu zastosowaniach. Uk\u0142ady hydrauliczne s\u0105 niezwykle elastyczne i mo\u017cna je dostosowa\u0107 do specyficznych potrzeb r\u00f3\u017cnych bran\u017c i zastosowa\u0144. Na przyk\u0142ad si\u0142owniki hydrauliczne mog\u0105 by\u0107 zaprojektowane do pracy przy r\u00f3\u017cnych ci\u015bnieniach i pr\u0119dko\u015bciach, co pozwala na precyzyjn\u0105 kontrol\u0119 procesu wysypywania. Mog\u0105 by\u0107 r\u00f3wnie\u017c wykorzystywane do podnoszenia ci\u0119\u017ckich \u0142adunk\u00f3w lub odsuwania materia\u0142\u00f3w, co czyni je przydatnymi w budownictwie, g\u00f3rnictwie i rolnictwie.<\/li>\n<li><strong>Wi\u0119kszy komfort:<\/strong> Operatorzy wywrotek i przyczep mog\u0105 skorzysta\u0107 z wi\u0119kszego komfortu zapewnianego przez uk\u0142ady hydrauliczne. P\u0142ynna praca si\u0142ownik\u00f3w hydraulicznych redukuje wibracje i wstrz\u0105sy, zmniejszaj\u0105c zm\u0119czenie operatora i poprawiaj\u0105c og\u00f3lny komfort. Ponadto uk\u0142ady hydrauliczne mog\u0105 by\u0107 zaprojektowane tak, aby pracowa\u0142y cicho, redukuj\u0105c ha\u0142as i tworz\u0105c bardziej komfortowe \u015brodowisko pracy. Mo\u017ce to by\u0107 szczeg\u00f3lnie istotne w przypadku zastosowa\u0144, w kt\u00f3rych pracownicy przebywaj\u0105 w bliskim s\u0105siedztwie sprz\u0119tu przez d\u0142u\u017cszy czas.<\/li>\n<li><strong>Wi\u0119ksza kontrola:<\/strong> Si\u0142owniki hydrauliczne zapewniaj\u0105 precyzyjn\u0105 kontrol\u0119 nad procesem wysypywania, umo\u017cliwiaj\u0105c operatorom regulacj\u0119 pr\u0119dko\u015bci i k\u0105ta wysypu. Ten poziom kontroli mo\u017ce by\u0107 szczeg\u00f3lnie przydatny w zastosowaniach, w kt\u00f3rych zrzucane materia\u0142y s\u0105 delikatne lub wymagaj\u0105 precyzyjnego pozycjonowania. Ponadto si\u0142owniki hydrauliczne mo\u017cna obs\u0142ugiwa\u0107 zdalnie, co zapewnia jeszcze wi\u0119ksz\u0105 kontrol\u0119 i elastyczno\u015b\u0107. Mo\u017ce to by\u0107 przydatne w zastosowaniach, w kt\u00f3rych operator musi znajdowa\u0107 si\u0119 w innym miejscu ni\u017c sprz\u0119t lub w kt\u00f3rych widoczno\u015b\u0107 jest ograniczona.<\/li>\n<\/ul>\n<p><img loading=\"lazy\" decoding=\"async\" class=\"alignnone size-full wp-image-2676\" src=\"https:\/\/fmp-components.com\/wp-content\/uploads\/2025\/01\/hydraulic-cylinder-workshop.webp\" alt=\"warsztat cylindr\u00f3w hydraulicznych\" width=\"914\" height=\"733\" title=\"\" srcset=\"https:\/\/fmp-components.com\/wp-content\/uploads\/2025\/01\/hydraulic-cylinder-workshop.webp 914w, https:\/\/fmp-components.com\/wp-content\/uploads\/2025\/01\/hydraulic-cylinder-workshop-480x385.webp 480w\" sizes=\"(min-width: 0px) and (max-width: 480px) 480px, (min-width: 481px) 914px, 100vw\" \/><\/p>\n<h2>O FMP<\/h2>\n<p>FMP to wiod\u0105ca firma z siedzib\u0105 we W\u0142oszech, specjalizuj\u0105ca si\u0119 w sprzeda\u017cy i serwisie akcesori\u00f3w oraz kompletnych maszyn budowlanych. Nasza firma posiada bogate do\u015bwiadczenie w bran\u017cy i profesjonalny zesp\u00f3\u0142, kt\u00f3ry dok\u0142ada wszelkich stara\u0144, aby dostarcza\u0107 klientom wysokiej jako\u015bci i niezawodne rozwi\u0105zania w zakresie maszyn budowlanych.<\/p>\n<p>Oto pi\u0119\u0107 powod\u00f3w, dla kt\u00f3rych warto wybra\u0107 FMP:<\/p>\n<p>1. Wysokiej jako\u015bci precyzyjne cylindry hydrauliczne<br \/>\nW FMP dbamy o jako\u015b\u0107 na ka\u017cdym etapie dzia\u0142alno\u015bci. Nasze cylindry hydrauliczne s\u0105 precyzyjnie zaprojektowane, aby spe\u0142nia\u0107 najwy\u017csze standardy bran\u017cowe. U\u017cywamy wy\u0142\u0105cznie wysokiej jako\u015bci surowc\u00f3w i przeprowadzamy rygorystyczne kontrole jako\u015bci gotowych produkt\u00f3w, aby zapewni\u0107 naszym klientom najwy\u017csz\u0105 jako\u015b\u0107.<\/p>\n<p>2. Szeroka gama produkt\u00f3w<br \/>\nOferujemy szerok\u0105 gam\u0119 akcesori\u00f3w i kompletnych maszyn budowlanych, w tym si\u0142owniki hydrauliczne, przek\u0142adnie, \u0142a\u0144cuchy i ko\u0142a z\u0119bate. Nasza oferta obejmuje wszystkie rodzaje maszyn budowlanych i akcesori\u00f3w, w tym akcesoria do silnik\u00f3w, elementy uk\u0142adu hydraulicznego, akcesoria do podwozia oraz akcesoria do uk\u0142adu elektrycznego.<\/p>\n<p>3. D\u0142ugoterminowe i stabilne relacje kooperacyjne z dostawcami<br \/>\nFMP nawi\u0105za\u0142o d\u0142ugotrwa\u0142\u0105 i stabiln\u0105 wsp\u00f3\u0142prac\u0119 z wieloma wysokiej jako\u015bci krajowymi i zagranicznymi dostawcami. Dzi\u0119ki temu wszystkie dostarczane akcesoria spe\u0142niaj\u0105 surowe standardy jako\u015bci, a nasi klienci otrzymuj\u0105 produkty najwy\u017cszej jako\u015bci.<\/p>\n<p>4. Do\u015bwiadczony i wykwalifikowany zesp\u00f3\u0142 sprzeda\u017cy<br \/>\nNasz zesp\u00f3\u0142 sprzeda\u017cy to do\u015bwiadczeni i wykwalifikowani specjali\u015bci w bran\u017cy maszyn budowlanych. Znaj\u0105 najnowsze trendy rozwojowe i potrzeby klient\u00f3w, oferuj\u0105c profesjonalne doradztwo produktowe i przemy\u015blane porady zakupowe, aby zapewni\u0107 naszym klientom produkty idealnie dopasowane do ich potrzeb.<\/p>\n<p>5. Wydajny system dystrybucji logistycznej<br \/>\nDysponujemy wydajnym systemem dystrybucji logistycznej, kt\u00f3ry gwarantuje naszym klientom terminowe i dok\u0142adne dostarczenie potrzebnych cz\u0119\u015bci. Nasz zesp\u00f3\u0142 logistyczny dok\u0142ada wszelkich stara\u0144, aby zapewni\u0107 jak najlepsz\u0105 obs\u0142ug\u0119 i satysfakcj\u0119 naszych klient\u00f3w.<\/p>\n<p>Je\u015bli szukasz wysokiej jako\u015bci akcesori\u00f3w i kompletnych maszyn budowlanych, FMP to najlepszy wyb\u00f3r. Skontaktuj si\u0119 z nami ju\u017c dzi\u015b, aby dowiedzie\u0107 si\u0119 wi\u0119cej o naszych produktach i o tym, jak mo\u017cemy pom\u00f3c Ci zaspokoi\u0107 Twoje potrzeby w zakresie maszyn budowlanych.<\/p>\n<p><img loading=\"lazy\" decoding=\"async\" class=\"alignnone wp-image-2672\" src=\"https:\/\/fmp-components.com\/wp-content\/uploads\/2025\/01\/Dump-Truck-Trailer-Hydraulic-Cylinder-product-3-2.webp\" alt=\"Si\u0142ownik hydrauliczny do wywrotek i przyczep - produkt-3\" width=\"921\" height=\"675\" title=\"\" srcset=\"https:\/\/fmp-components.com\/wp-content\/uploads\/2025\/01\/Dump-Truck-Trailer-Hydraulic-Cylinder-product-3-2.webp 921w, https:\/\/fmp-components.com\/wp-content\/uploads\/2025\/01\/Dump-Truck-Trailer-Hydraulic-Cylinder-product-3-2-480x352.webp 480w\" sizes=\"(min-width: 0px) and (max-width: 480px) 480px, (min-width: 481px) 921px, 100vw\" \/><br \/>\nAutor: CX<\/p>","protected":false},"excerpt":{"rendered":"<p>Product Introduction: High Quality Italy Manufacture Trailer Hydraulic Cylinder If you&#8217;re searching for a reliable hydraulic cylinder for your trailer, the High Quality Italy Manufacture Trailer Hydraulic Cylinder is worth considering. This hydraulic cylinder is designed and manufactured in Italy, a country known for producing high-quality hydraulic cylinders. Features High-quality materials: The cylinder is made [&hellip;]<\/p>","protected":false},"featured_media":2658,"comment_status":"closed","ping_status":"closed","template":"","meta":{"_et_pb_use_builder":"","_et_pb_old_content":"","_et_gb_content_width":""},"product_brand":[],"product_cat":[63],"product_tag":[65,34],"class_list":{"0":"post-2657","1":"product","2":"type-product","3":"status-publish","4":"has-post-thumbnail","6":"product_cat-dump-truck-trailer-hydraulic-cylinder","7":"product_tag-dump-truck-trailer-hydraulic-cylinder","8":"product_tag-hydraulic-cylinder","10":"first","11":"instock","12":"product-type-simple"},"_links":{"self":[{"href":"https:\/\/fmp-components.com\/pl\/wp-json\/wp\/v2\/product\/2657","targetHints":{"allow":["GET"]}}],"collection":[{"href":"https:\/\/fmp-components.com\/pl\/wp-json\/wp\/v2\/product"}],"about":[{"href":"https:\/\/fmp-components.com\/pl\/wp-json\/wp\/v2\/types\/product"}],"replies":[{"embeddable":true,"href":"https:\/\/fmp-components.com\/pl\/wp-json\/wp\/v2\/comments?post=2657"}],"wp:featuredmedia":[{"embeddable":true,"href":"https:\/\/fmp-components.com\/pl\/wp-json\/wp\/v2\/media\/2658"}],"wp:attachment":[{"href":"https:\/\/fmp-components.com\/pl\/wp-json\/wp\/v2\/media?parent=2657"}],"wp:term":[{"taxonomy":"product_brand","embeddable":true,"href":"https:\/\/fmp-components.com\/pl\/wp-json\/wp\/v2\/product_brand?post=2657"},{"taxonomy":"product_cat","embeddable":true,"href":"https:\/\/fmp-components.com\/pl\/wp-json\/wp\/v2\/product_cat?post=2657"},{"taxonomy":"product_tag","embeddable":true,"href":"https:\/\/fmp-components.com\/pl\/wp-json\/wp\/v2\/product_tag?post=2657"}],"curies":[{"name":"wp","href":"https:\/\/api.w.org\/{rel}","templated":true}]}}